{"id":50404,"date":"2026-05-15T00:44:09","date_gmt":"2026-05-15T00:44:09","guid":{"rendered":"https:\/\/toys.lt\/?post_type=product&#038;p=50404"},"modified":"2026-05-15T00:51:03","modified_gmt":"2026-05-15T00:51:03","slug":"rotallietu-arbaletu-komplekts-ar-merki-kopija","status":"publish","type":"product","link":"https:\/\/toys.lt\/lv\/produktas\/rotallietu-arbaletu-komplekts-ar-merki-kopija\/","title":{"rendered":"B\u0113rnu \u0161au\u0161anas sp\u0113le ar m\u0113r\u0137i un m\u012bkstaj\u0101m bumbi\u0146\u0101m"},"content":{"rendered":"<p data-start=\"69\" data-end=\"328\"><strong data-start=\"69\" data-end=\"111\">B\u0113rnu \u0161au\u0161anas uz m\u0113r\u0137i sp\u0113le<\/strong> ir akt\u012bvs un jautrs sp\u0113\u013cu komplekts b\u0113rniem, kuriem pat\u012bk izaicin\u0101jumi ar m\u0113r\u0137i. Ar pneimatisko \u0161auteni un lielu stacion\u0101ru m\u0113r\u0137i ir viegli organiz\u0113t jautras sacens\u012bbas ar m\u0113r\u0137i m\u0101j\u0101s vai \u0101r\u0101. <\/p>\n<p data-start=\"330\" data-end=\"556\">M\u012bkst\u0101s bumbi\u0146as nodro\u0161ina dro\u0161\u0101ku sp\u0113li, un <strong data-start=\"388\" data-end=\"421\">\u0161au\u0161anas diapazons<\/strong> l\u012bdz pat <strong data-start=\"388\" data-end=\"421\">9 metriem<\/strong> sniedz v\u0113l liel\u0101ku azartu. Ide\u0101la izv\u0113le akt\u012bvai atp\u016btai, roku un acu koordin\u0101cijas treni\u0146iem un draudz\u012bgai sacens\u012bbai. <\/p>\n<h3 data-section-id=\"1yoo11j\" data-start=\"558\" data-end=\"570\">Funkcijas:<\/h3>\n<ul data-start=\"571\" data-end=\"861\">\n<li data-section-id=\"p8dsyv\" data-start=\"571\" data-end=\"613\">Gaisa \u0161au\u0161anas sp\u0113le<\/li>\n<li data-section-id=\"ua423k\" data-start=\"614\" data-end=\"641\">Liels stacion\u0101rs m\u0113r\u0137is<\/li>\n<li data-section-id=\"p4zoab\" data-start=\"642\" data-end=\"675\">Komplekt\u0101 ietilpst 12 m\u012bkstas bumbi\u0146as<\/li>\n<li data-section-id=\"1qm6wxc\" data-start=\"676\" data-end=\"714\">\u0160au\u0161anas diapazons l\u012bdz aptuveni 9 metriem<\/li>\n<li data-section-id=\"hzlfeh\" data-start=\"715\" data-end=\"753\">Piem\u0113rots sp\u0113l\u0113\u0161anai vienatn\u0113 vai kop\u0101 ar draugiem<\/li>\n<li data-section-id=\"1saysek\" data-start=\"754\" data-end=\"800\">Veicina akt\u012bvu kust\u012bbu un m\u0113r\u0137\u0113\u0161anas praksi<\/li>\n<li data-section-id=\"23fh09\" data-start=\"801\" data-end=\"861\">Uzlabo roku un acu koordin\u0101ciju, koncentr\u0113\u0161an\u0101s sp\u0113jas un reakciju.<\/li>\n<\/ul>\n<h3 data-section-id=\"1doj3pl\" data-start=\"863\" data-end=\"888\">Tehnisk\u0101 inform\u0101cija:<\/h3>\n<ul data-start=\"889\" data-end=\"1157\">\n<li data-section-id=\"1jlajlx\" data-start=\"889\" data-end=\"915\">Veids: m\u0113r\u0137\u0113\u0161anas sp\u0113le<\/li>\n<li data-section-id=\"1s4qy9i\" data-start=\"916\" data-end=\"960\">Baro\u0161anas veids: meh\u0101nisk\u0101\/gaisa<\/li>\n<li data-section-id=\"1p8lats\" data-start=\"961\" data-end=\"989\">Bumbi\u0146u skaits: 12 gab.<\/li>\n<li data-section-id=\"1t35wta\" data-start=\"990\" data-end=\"1038\">M\u0113r\u0137a stat\u012bva izm\u0113ri: 45,5 x 40 x 130 cm<\/li>\n<li data-section-id=\"lxvd0e\" data-start=\"1039\" data-end=\"1081\">Iepakojuma izm\u0113ri: 41 x 29,5 x 7,5 cm<\/li>\n<li data-section-id=\"yfgnh0\" data-start=\"1082\" data-end=\"1098\">Svars: 1,5 kg<\/li>\n<li data-section-id=\"f1h1ir\" data-start=\"1099\" data-end=\"1135\">Ieteicamais vecums: no 8 gadiem<\/li>\n<li data-section-id=\"g2rw2s\" data-start=\"1136\" data-end=\"1157\">Materi\u0101ls: plastmasa<\/li>\n<\/ul>\n<p data-start=\"1159\" data-end=\"1259\"><strong data-start=\"1159\" data-end=\"1181\">Dro\u0161\u012bbas br\u012bdin\u0101jums:<\/strong> nav piem\u0113rots b\u0113rniem l\u012bdz 3 gadu vecumam. B\u0113rniem l\u012bdz 3 gadu vecumam. Nelieciet uz seju vai ac\u012bm.  <\/p>\n","protected":false},"excerpt":{"rendered":"<ul data-start=\"889\" data-end=\"1157\">\n<li data-section-id=\"1jlajlx\" data-start=\"889\" data-end=\"915\">Tips: m\u0113r\u0137\u0113\u0161anas sp\u0113le<\/li>\n<li data-section-id=\"1p8lats\" data-start=\"961\" data-end=\"989\">Bumbi\u0146u skaits: 12 gab.<\/li>\n<li data-section-id=\"1t35wta\" data-start=\"990\" data-end=\"1038\">M\u0113r\u0137a stat\u012bva izm\u0113ri: 45,5 x 40 x 130 cm<\/li>\n<li data-section-id=\"lxvd0e\" data-start=\"1039\" data-end=\"1081\">Iepakojuma izm\u0113ri: 41 x 29,5 x 7,5 cm<\/li>\n<li data-section-id=\"yfgnh0\" data-start=\"1082\" data-end=\"1098\">Svars: 1,5 kg<\/li>\n<li data-section-id=\"f1h1ir\" data-start=\"1099\" data-end=\"1135\">Ieteicamais vecums: no 8 gadiem<\/li>\n<li data-section-id=\"g2rw2s\" data-start=\"1136\" data-end=\"1157\">Materi\u0101ls: plastmasa<\/li>\n<\/ul>\n","protected":false},"featured_media":50412,"comment_status":"open","ping_status":"closed","template":"","meta":[],"product_brand":[],"product_cat":[1155,1176,1173,1277],"product_tag":[],"class_list":{"0":"post-50404","1":"product","2":"type-product","3":"status-publish","4":"has-post-thumbnail","6":"product_cat-leti","7":"product_cat-rotallietas-zeniem","8":"product_cat-rotalu-pistoles-un-piederumi","9":"product_cat-sporta-un-izklaides-rotallietas","10":"pa_amziaus-grupe-8-lv","11":"pa_prek-s-tipas-ieroci","13":"first","14":"instock","15":"sale","16":"taxable","17":"shipping-taxable","18":"purchasable","19":"product-type-simple"},"yoast_head":"<!-- This site is optimized with the Yoast SEO plugin v27.6 - https:\/\/yoast.com\/product\/yoast-seo-wordpress\/ -->\n<title>B\u0113rnu \u0161au\u0161anas sp\u0113le ar m\u0113r\u0137i un m\u012bkstaj\u0101m bumbi\u0146\u0101m - Toys.lt<\/title>\n<meta name=\"description\" content=\"B\u0113rnu \u0161au\u0161anas sp\u0113le ar st\u0101vo\u0161u m\u0113r\u0137i un 12 m\u012bkst\u0101m bumbi\u0146\u0101m. Gaisa m\u0113r\u0137a sp\u0113le b\u0113rniem no 8 gadu vecuma.\" \/>\n<meta name=\"robots\" content=\"index, follow, max-snippet:-1, max-image-preview:large, max-video-preview:-1\" \/>\n<link rel=\"canonical\" href=\"https:\/\/toys.lt\/lv\/produktas\/rotallietu-arbaletu-komplekts-ar-merki-kopija\/\" \/>\n<meta property=\"og:locale\" content=\"lv_LV\" \/>\n<meta property=\"og:type\" content=\"article\" \/>\n<meta property=\"og:title\" content=\"B\u0113rnu \u0161au\u0161anas sp\u0113le ar m\u0113r\u0137i un m\u012bkstaj\u0101m bumbi\u0146\u0101m - Toys.lt\" \/>\n<meta property=\"og:description\" content=\"B\u0113rnu \u0161au\u0161anas sp\u0113le ar st\u0101vo\u0161u m\u0113r\u0137i un 12 m\u012bkst\u0101m bumbi\u0146\u0101m. Gaisa m\u0113r\u0137a sp\u0113le b\u0113rniem no 8 gadu vecuma.\" \/>\n<meta property=\"og:url\" content=\"https:\/\/toys.lt\/lv\/produktas\/rotallietu-arbaletu-komplekts-ar-merki-kopija\/\" \/>\n<meta property=\"og:site_name\" content=\"Toys.lt\" \/>\n<meta property=\"article:modified_time\" content=\"2026-05-15T00:51:03+00:00\" \/>\n<meta property=\"og:image\" content=\"https:\/\/toys.lt\/wp-content\/uploads\/2026\/05\/A224-saudymo-zaidimas-1.jpg\" \/>\n\t<meta property=\"og:image:width\" content=\"1345\" \/>\n\t<meta property=\"og:image:height\" content=\"925\" \/>\n\t<meta property=\"og:image:type\" content=\"image\/jpeg\" \/>\n<meta name=\"twitter:card\" content=\"summary_large_image\" \/>\n<meta name=\"twitter:label1\" content=\"Est. reading time\" \/>\n\t<meta name=\"twitter:data1\" content=\"1 minute\" \/>\n<script type=\"application\/ld+json\" class=\"yoast-schema-graph\">{\"@context\":\"https:\\\/\\\/schema.org\",\"@graph\":[{\"@type\":\"WebPage\",\"@id\":\"https:\\\/\\\/toys.lt\\\/lv\\\/produktas\\\/rotallietu-arbaletu-komplekts-ar-merki-kopija\\\/\",\"url\":\"https:\\\/\\\/toys.lt\\\/lv\\\/produktas\\\/rotallietu-arbaletu-komplekts-ar-merki-kopija\\\/\",\"name\":\"B\u0113rnu \u0161au\u0161anas sp\u0113le ar m\u0113r\u0137i un m\u012bkstaj\u0101m bumbi\u0146\u0101m - Toys.lt\",\"isPartOf\":{\"@id\":\"https:\\\/\\\/toys.lt\\\/lv\\\/#website\"},\"primaryImageOfPage\":{\"@id\":\"https:\\\/\\\/toys.lt\\\/lv\\\/produktas\\\/rotallietu-arbaletu-komplekts-ar-merki-kopija\\\/#primaryimage\"},\"image\":{\"@id\":\"https:\\\/\\\/toys.lt\\\/lv\\\/produktas\\\/rotallietu-arbaletu-komplekts-ar-merki-kopija\\\/#primaryimage\"},\"thumbnailUrl\":\"https:\\\/\\\/toys.lt\\\/wp-content\\\/uploads\\\/2026\\\/05\\\/A224-saudymo-zaidimas-1.jpg\",\"datePublished\":\"2026-05-15T00:44:09+00:00\",\"dateModified\":\"2026-05-15T00:51:03+00:00\",\"description\":\"B\u0113rnu \u0161au\u0161anas sp\u0113le ar st\u0101vo\u0161u m\u0113r\u0137i un 12 m\u012bkst\u0101m bumbi\u0146\u0101m. Gaisa m\u0113r\u0137a sp\u0113le b\u0113rniem no 8 gadu vecuma.\",\"breadcrumb\":{\"@id\":\"https:\\\/\\\/toys.lt\\\/lv\\\/produktas\\\/rotallietu-arbaletu-komplekts-ar-merki-kopija\\\/#breadcrumb\"},\"inLanguage\":\"lv-LV\",\"potentialAction\":[{\"@type\":\"ReadAction\",\"target\":[\"https:\\\/\\\/toys.lt\\\/lv\\\/produktas\\\/rotallietu-arbaletu-komplekts-ar-merki-kopija\\\/\"]}]},{\"@type\":\"ImageObject\",\"inLanguage\":\"lv-LV\",\"@id\":\"https:\\\/\\\/toys.lt\\\/lv\\\/produktas\\\/rotallietu-arbaletu-komplekts-ar-merki-kopija\\\/#primaryimage\",\"url\":\"https:\\\/\\\/toys.lt\\\/wp-content\\\/uploads\\\/2026\\\/05\\\/A224-saudymo-zaidimas-1.jpg\",\"contentUrl\":\"https:\\\/\\\/toys.lt\\\/wp-content\\\/uploads\\\/2026\\\/05\\\/A224-saudymo-zaidimas-1.jpg\",\"width\":1345,\"height\":925,\"caption\":\"A224 krau\u0161anas sp\u0113le 1\"},{\"@type\":\"BreadcrumbList\",\"@id\":\"https:\\\/\\\/toys.lt\\\/lv\\\/produktas\\\/rotallietu-arbaletu-komplekts-ar-merki-kopija\\\/#breadcrumb\",\"itemListElement\":[{\"@type\":\"ListItem\",\"position\":1,\"name\":\"Home\",\"item\":\"https:\\\/\\\/toys.lt\\\/lv\\\/\"},{\"@type\":\"ListItem\",\"position\":2,\"name\":\"Veikals\",\"item\":\"https:\\\/\\\/toys.lt\\\/lv\\\/shop\\\/\"},{\"@type\":\"ListItem\",\"position\":3,\"name\":\"B\u0113rnu \u0161au\u0161anas sp\u0113le ar m\u0113r\u0137i un m\u012bkstaj\u0101m bumbi\u0146\u0101m\"}]},{\"@type\":\"WebSite\",\"@id\":\"https:\\\/\\\/toys.lt\\\/lv\\\/#website\",\"url\":\"https:\\\/\\\/toys.lt\\\/lv\\\/\",\"name\":\"Toys.lt\",\"description\":\"\",\"potentialAction\":[{\"@type\":\"SearchAction\",\"target\":{\"@type\":\"EntryPoint\",\"urlTemplate\":\"https:\\\/\\\/toys.lt\\\/lv\\\/?s={search_term_string}\"},\"query-input\":{\"@type\":\"PropertyValueSpecification\",\"valueRequired\":true,\"valueName\":\"search_term_string\"}}],\"inLanguage\":\"lv-LV\"}]}<\/script>\n<!-- \/ Yoast SEO plugin. -->","yoast_head_json":{"title":"B\u0113rnu \u0161au\u0161anas sp\u0113le ar m\u0113r\u0137i un m\u012bkstaj\u0101m bumbi\u0146\u0101m - Toys.lt","description":"B\u0113rnu \u0161au\u0161anas sp\u0113le ar st\u0101vo\u0161u m\u0113r\u0137i un 12 m\u012bkst\u0101m bumbi\u0146\u0101m. Gaisa m\u0113r\u0137a sp\u0113le b\u0113rniem no 8 gadu vecuma.","robots":{"index":"index","follow":"follow","max-snippet":"max-snippet:-1","max-image-preview":"max-image-preview:large","max-video-preview":"max-video-preview:-1"},"canonical":"https:\/\/toys.lt\/lv\/produktas\/rotallietu-arbaletu-komplekts-ar-merki-kopija\/","og_locale":"lv_LV","og_type":"article","og_title":"B\u0113rnu \u0161au\u0161anas sp\u0113le ar m\u0113r\u0137i un m\u012bkstaj\u0101m bumbi\u0146\u0101m - Toys.lt","og_description":"B\u0113rnu \u0161au\u0161anas sp\u0113le ar st\u0101vo\u0161u m\u0113r\u0137i un 12 m\u012bkst\u0101m bumbi\u0146\u0101m. Gaisa m\u0113r\u0137a sp\u0113le b\u0113rniem no 8 gadu vecuma.","og_url":"https:\/\/toys.lt\/lv\/produktas\/rotallietu-arbaletu-komplekts-ar-merki-kopija\/","og_site_name":"Toys.lt","article_modified_time":"2026-05-15T00:51:03+00:00","og_image":[{"width":1345,"height":925,"url":"https:\/\/toys.lt\/wp-content\/uploads\/2026\/05\/A224-saudymo-zaidimas-1.jpg","type":"image\/jpeg"}],"twitter_card":"summary_large_image","twitter_misc":{"Est. reading time":"1 minute"},"schema":{"@context":"https:\/\/schema.org","@graph":[{"@type":"WebPage","@id":"https:\/\/toys.lt\/lv\/produktas\/rotallietu-arbaletu-komplekts-ar-merki-kopija\/","url":"https:\/\/toys.lt\/lv\/produktas\/rotallietu-arbaletu-komplekts-ar-merki-kopija\/","name":"B\u0113rnu \u0161au\u0161anas sp\u0113le ar m\u0113r\u0137i un m\u012bkstaj\u0101m bumbi\u0146\u0101m - Toys.lt","isPartOf":{"@id":"https:\/\/toys.lt\/lv\/#website"},"primaryImageOfPage":{"@id":"https:\/\/toys.lt\/lv\/produktas\/rotallietu-arbaletu-komplekts-ar-merki-kopija\/#primaryimage"},"image":{"@id":"https:\/\/toys.lt\/lv\/produktas\/rotallietu-arbaletu-komplekts-ar-merki-kopija\/#primaryimage"},"thumbnailUrl":"https:\/\/toys.lt\/wp-content\/uploads\/2026\/05\/A224-saudymo-zaidimas-1.jpg","datePublished":"2026-05-15T00:44:09+00:00","dateModified":"2026-05-15T00:51:03+00:00","description":"B\u0113rnu \u0161au\u0161anas sp\u0113le ar st\u0101vo\u0161u m\u0113r\u0137i un 12 m\u012bkst\u0101m bumbi\u0146\u0101m. Gaisa m\u0113r\u0137a sp\u0113le b\u0113rniem no 8 gadu vecuma.","breadcrumb":{"@id":"https:\/\/toys.lt\/lv\/produktas\/rotallietu-arbaletu-komplekts-ar-merki-kopija\/#breadcrumb"},"inLanguage":"lv-LV","potentialAction":[{"@type":"ReadAction","target":["https:\/\/toys.lt\/lv\/produktas\/rotallietu-arbaletu-komplekts-ar-merki-kopija\/"]}]},{"@type":"ImageObject","inLanguage":"lv-LV","@id":"https:\/\/toys.lt\/lv\/produktas\/rotallietu-arbaletu-komplekts-ar-merki-kopija\/#primaryimage","url":"https:\/\/toys.lt\/wp-content\/uploads\/2026\/05\/A224-saudymo-zaidimas-1.jpg","contentUrl":"https:\/\/toys.lt\/wp-content\/uploads\/2026\/05\/A224-saudymo-zaidimas-1.jpg","width":1345,"height":925,"caption":"A224 krau\u0161anas sp\u0113le 1"},{"@type":"BreadcrumbList","@id":"https:\/\/toys.lt\/lv\/produktas\/rotallietu-arbaletu-komplekts-ar-merki-kopija\/#breadcrumb","itemListElement":[{"@type":"ListItem","position":1,"name":"Home","item":"https:\/\/toys.lt\/lv\/"},{"@type":"ListItem","position":2,"name":"Veikals","item":"https:\/\/toys.lt\/lv\/shop\/"},{"@type":"ListItem","position":3,"name":"B\u0113rnu \u0161au\u0161anas sp\u0113le ar m\u0113r\u0137i un m\u012bkstaj\u0101m bumbi\u0146\u0101m"}]},{"@type":"WebSite","@id":"https:\/\/toys.lt\/lv\/#website","url":"https:\/\/toys.lt\/lv\/","name":"Toys.lt","description":"","potentialAction":[{"@type":"SearchAction","target":{"@type":"EntryPoint","urlTemplate":"https:\/\/toys.lt\/lv\/?s={search_term_string}"},"query-input":{"@type":"PropertyValueSpecification","valueRequired":true,"valueName":"search_term_string"}}],"inLanguage":"lv-LV"}]}},"_links":{"self":[{"href":"https:\/\/toys.lt\/lv\/wp-json\/wp\/v2\/product\/50404","targetHints":{"allow":["GET"]}}],"collection":[{"href":"https:\/\/toys.lt\/lv\/wp-json\/wp\/v2\/product"}],"about":[{"href":"https:\/\/toys.lt\/lv\/wp-json\/wp\/v2\/types\/product"}],"replies":[{"embeddable":true,"href":"https:\/\/toys.lt\/lv\/wp-json\/wp\/v2\/comments?post=50404"}],"version-history":[{"count":2,"href":"https:\/\/toys.lt\/lv\/wp-json\/wp\/v2\/product\/50404\/revisions"}],"predecessor-version":[{"id":50443,"href":"https:\/\/toys.lt\/lv\/wp-json\/wp\/v2\/product\/50404\/revisions\/50443"}],"wp:featuredmedia":[{"embeddable":true,"href":"https:\/\/toys.lt\/lv\/wp-json\/wp\/v2\/media\/50412"}],"wp:attachment":[{"href":"https:\/\/toys.lt\/lv\/wp-json\/wp\/v2\/media?parent=50404"}],"wp:term":[{"taxonomy":"product_brand","embeddable":true,"href":"https:\/\/toys.lt\/lv\/wp-json\/wp\/v2\/product_brand?post=50404"},{"taxonomy":"product_cat","embeddable":true,"href":"https:\/\/toys.lt\/lv\/wp-json\/wp\/v2\/product_cat?post=50404"},{"taxonomy":"product_tag","embeddable":true,"href":"https:\/\/toys.lt\/lv\/wp-json\/wp\/v2\/product_tag?post=50404"}],"curies":[{"name":"wp","href":"https:\/\/api.w.org\/{rel}","templated":true}]}}