{"id":50387,"date":"2026-05-14T23:47:50","date_gmt":"2026-05-14T23:47:50","guid":{"rendered":"https:\/\/toys.lt\/?post_type=product&#038;p=50387"},"modified":"2026-05-15T00:51:01","modified_gmt":"2026-05-15T00:51:01","slug":"city-tower-rotallietu-garaza-ar-automasinam-un-piederumiem-kopija","status":"publish","type":"product","link":"https:\/\/toys.lt\/lv\/produktas\/city-tower-rotallietu-garaza-ar-automasinam-un-piederumiem-kopija\/","title":{"rendered":"B\u0113rnu ugunsdz\u0113s\u0113ju stacijas autost\u0101vvieta ar automa\u0161\u012bn\u0101m"},"content":{"rendered":"<p data-start=\"159\" data-end=\"442\"><strong data-start=\"159\" data-end=\"200\">B\u0113rnu ugunsdz\u0113s\u0113ju stacijas gar\u0101\u017ea<\/strong> ir jautrs rota\u013cu komplekts mazajiem transporta un \u012bpa\u0161o dienestu faniem. Daudzst\u0101vu gar\u0101\u017ea ar slidkalni\u0146u, ce\u013ca z\u012bm\u0113m un automa\u0161\u012bn\u0101m ar ugunsdz\u0113s\u0113ju mot\u012bviem aicina veidot da\u017e\u0101dus gl\u0101b\u0161anas scen\u0101rijus un att\u012bst\u012bt izt\u0113li. <\/p>\n<p data-start=\"444\" data-end=\"570\">Komplekts ir viegli saliekams, t\u0101p\u0113c b\u0113rni var \u0101tri s\u0101kt darbu. Ide\u0101li piem\u0113rots ikdienas rado\u0161ai izklaidei m\u0101j\u0101s. <\/p>\n<h3 data-section-id=\"1yoo11j\" data-start=\"572\" data-end=\"584\">Funkcijas:<\/h3>\n<ul data-start=\"585\" data-end=\"897\">\n<li data-section-id=\"4zcnz\" data-start=\"585\" data-end=\"624\">Ugunsdz\u0113s\u012bbas tematikas autost\u0101vvieta<\/li>\n<li data-section-id=\"17rc22c\" data-start=\"625\" data-end=\"673\">Daudzst\u0101vu strukt\u016bra ar nos\u0113\u0161an\u0101s joslu<\/li>\n<li data-section-id=\"pviyoq\" data-start=\"674\" data-end=\"705\">Ietver ugunsdz\u0113s\u0113ju automobi\u013cus<\/li>\n<li data-section-id=\"1la71ax\" data-start=\"706\" data-end=\"754\">Ietver ce\u013ca z\u012bmes un papildu sp\u0113les elementus<\/li>\n<li data-section-id=\"z74fwq\" data-start=\"755\" data-end=\"792\">Viegli saliekams rota\u013cu komplekts<\/li>\n<li data-section-id=\"1nu8emq\" data-start=\"793\" data-end=\"841\">Stimul\u0113 izt\u0113li un rado\u0161as lomu sp\u0113les<\/li>\n<li data-section-id=\"1mehtce\" data-start=\"842\" data-end=\"897\">Att\u012bsta s\u012bko motoriku un roku-acu koordin\u0101ciju.<\/li>\n<\/ul>\n<h3 data-section-id=\"1doj3pl\" data-start=\"899\" data-end=\"924\">Tehnisk\u0101 inform\u0101cija:<\/h3>\n<ul data-start=\"925\" data-end=\"1091\">\n<li data-section-id=\"1o8m68a\" data-start=\"925\" data-end=\"959\">Tips: b\u0113rnu autost\u0101vvieta<\/li>\n<li data-section-id=\"zwoas1\" data-start=\"960\" data-end=\"976\">Temats: Ugunsdz\u0113s\u0113ju stacija<\/li>\n<li data-section-id=\"d2f7x4\" data-start=\"977\" data-end=\"1013\">Ieteicamais vecums: no 3 gadiem<\/li>\n<li data-section-id=\"g2rw2s\" data-start=\"1014\" data-end=\"1035\">Materi\u0101ls: plastmasa<\/li>\n<li data-section-id=\"d1mg5u\" data-start=\"1036\" data-end=\"1074\">Iepakojuma izm\u0113ri: 32 x 7 x 21 cm<\/li>\n<li data-section-id=\"z1co39\" data-start=\"1075\" data-end=\"1091\">Svars: 0,5 kg<\/li>\n<\/ul>\n<p><strong data-start=\"1353\" data-end=\"1375\">Dro\u0161\u012bbas br\u012bdin\u0101jums:<\/strong> nav piem\u0113rots b\u0113rniem l\u012bdz 3 gadu vecumam. B\u0113rniem l\u012bdz 3 gadu vecumam. <\/p>\n","protected":false},"excerpt":{"rendered":"<ul data-start=\"925\" data-end=\"1091\">\n<li data-section-id=\"1o8m68a\" data-start=\"925\" data-end=\"959\">Tips: b\u0113rnu autost\u0101vvieta<\/li>\n<li data-section-id=\"zwoas1\" data-start=\"960\" data-end=\"976\">Temats: Ugunsdz\u0113s\u0113ju stacija<\/li>\n<li data-section-id=\"d2f7x4\" data-start=\"977\" data-end=\"1013\">Ieteicamais vecums: no 3 gadiem<\/li>\n<li data-section-id=\"g2rw2s\" data-start=\"1014\" data-end=\"1035\">Materi\u0101ls: plastmasa<\/li>\n<li data-section-id=\"d1mg5u\" data-start=\"1036\" data-end=\"1074\">Iepakojuma izm\u0113ri: 32 x 7 x 21 cm<\/li>\n<li data-section-id=\"z1co39\" data-start=\"1075\" data-end=\"1091\">Svars: 0,5 kg<\/li>\n<\/ul>\n<p>&nbsp;<\/p>\n","protected":false},"featured_media":50389,"comment_status":"open","ping_status":"closed","template":"","meta":[],"product_brand":[],"product_cat":[1406,1176,1177],"product_tag":[],"class_list":{"0":"post-50387","1":"product","2":"type-product","3":"status-publish","4":"has-post-thumbnail","6":"product_cat-letakais","7":"product_cat-rotallietas-zeniem","8":"product_cat-rotalu-automasinas-traktori-un-kapurkedes","9":"pa_amziaus-grupe-3-lv","10":"pa_spalva-dazadi","12":"first","13":"instock","14":"sale","15":"taxable","16":"shipping-taxable","17":"purchasable","18":"product-type-simple"},"yoast_head":"<!-- This site is optimized with the Yoast SEO plugin v27.6 - https:\/\/yoast.com\/product\/yoast-seo-wordpress\/ -->\n<title>B\u0113rnu ugunsdz\u0113s\u0113ju stacijas autost\u0101vvieta ar automa\u0161\u012bn\u0101m - Toys.lt<\/title>\n<meta name=\"description\" content=\"B\u0113rnu ugunsdz\u0113s\u0113ju stacijas autost\u0101vvieta ar automa\u0161\u012bn\u0101m un trasi. Jautrs sp\u0113\u013cu komplekts b\u0113rniem no 3 gadu vecuma, kas att\u012bsta izt\u0113li un rado\u0161umu.\" \/>\n<meta name=\"robots\" content=\"index, follow, max-snippet:-1, max-image-preview:large, max-video-preview:-1\" \/>\n<link rel=\"canonical\" href=\"https:\/\/toys.lt\/lv\/produktas\/city-tower-rotallietu-garaza-ar-automasinam-un-piederumiem-kopija\/\" \/>\n<meta property=\"og:locale\" content=\"lv_LV\" \/>\n<meta property=\"og:type\" content=\"article\" \/>\n<meta property=\"og:title\" content=\"B\u0113rnu ugunsdz\u0113s\u0113ju stacijas autost\u0101vvieta ar automa\u0161\u012bn\u0101m - Toys.lt\" \/>\n<meta property=\"og:description\" content=\"B\u0113rnu ugunsdz\u0113s\u0113ju stacijas autost\u0101vvieta ar automa\u0161\u012bn\u0101m un trasi. Jautrs sp\u0113\u013cu komplekts b\u0113rniem no 3 gadu vecuma, kas att\u012bsta izt\u0113li un rado\u0161umu.\" \/>\n<meta property=\"og:url\" content=\"https:\/\/toys.lt\/lv\/produktas\/city-tower-rotallietu-garaza-ar-automasinam-un-piederumiem-kopija\/\" \/>\n<meta property=\"og:site_name\" content=\"Toys.lt\" \/>\n<meta property=\"article:modified_time\" content=\"2026-05-15T00:51:01+00:00\" \/>\n<meta property=\"og:image\" content=\"https:\/\/toys.lt\/wp-content\/uploads\/2026\/05\/3337-scaled.jpg\" \/>\n\t<meta property=\"og:image:width\" content=\"2346\" \/>\n\t<meta property=\"og:image:height\" content=\"2560\" \/>\n\t<meta property=\"og:image:type\" content=\"image\/jpeg\" \/>\n<meta name=\"twitter:card\" content=\"summary_large_image\" \/>\n<meta name=\"twitter:label1\" content=\"Est. reading time\" \/>\n\t<meta name=\"twitter:data1\" content=\"1 minute\" \/>\n<script type=\"application\/ld+json\" class=\"yoast-schema-graph\">{\"@context\":\"https:\\\/\\\/schema.org\",\"@graph\":[{\"@type\":\"WebPage\",\"@id\":\"https:\\\/\\\/toys.lt\\\/lv\\\/produktas\\\/city-tower-rotallietu-garaza-ar-automasinam-un-piederumiem-kopija\\\/\",\"url\":\"https:\\\/\\\/toys.lt\\\/lv\\\/produktas\\\/city-tower-rotallietu-garaza-ar-automasinam-un-piederumiem-kopija\\\/\",\"name\":\"B\u0113rnu ugunsdz\u0113s\u0113ju stacijas autost\u0101vvieta ar automa\u0161\u012bn\u0101m - Toys.lt\",\"isPartOf\":{\"@id\":\"https:\\\/\\\/toys.lt\\\/lv\\\/#website\"},\"primaryImageOfPage\":{\"@id\":\"https:\\\/\\\/toys.lt\\\/lv\\\/produktas\\\/city-tower-rotallietu-garaza-ar-automasinam-un-piederumiem-kopija\\\/#primaryimage\"},\"image\":{\"@id\":\"https:\\\/\\\/toys.lt\\\/lv\\\/produktas\\\/city-tower-rotallietu-garaza-ar-automasinam-un-piederumiem-kopija\\\/#primaryimage\"},\"thumbnailUrl\":\"https:\\\/\\\/toys.lt\\\/wp-content\\\/uploads\\\/2026\\\/05\\\/3337-scaled.jpg\",\"datePublished\":\"2026-05-14T23:47:50+00:00\",\"dateModified\":\"2026-05-15T00:51:01+00:00\",\"description\":\"B\u0113rnu ugunsdz\u0113s\u0113ju stacijas autost\u0101vvieta ar automa\u0161\u012bn\u0101m un trasi. Jautrs sp\u0113\u013cu komplekts b\u0113rniem no 3 gadu vecuma, kas att\u012bsta izt\u0113li un rado\u0161umu.\",\"breadcrumb\":{\"@id\":\"https:\\\/\\\/toys.lt\\\/lv\\\/produktas\\\/city-tower-rotallietu-garaza-ar-automasinam-un-piederumiem-kopija\\\/#breadcrumb\"},\"inLanguage\":\"lv-LV\",\"potentialAction\":[{\"@type\":\"ReadAction\",\"target\":[\"https:\\\/\\\/toys.lt\\\/lv\\\/produktas\\\/city-tower-rotallietu-garaza-ar-automasinam-un-piederumiem-kopija\\\/\"]}]},{\"@type\":\"ImageObject\",\"inLanguage\":\"lv-LV\",\"@id\":\"https:\\\/\\\/toys.lt\\\/lv\\\/produktas\\\/city-tower-rotallietu-garaza-ar-automasinam-un-piederumiem-kopija\\\/#primaryimage\",\"url\":\"https:\\\/\\\/toys.lt\\\/wp-content\\\/uploads\\\/2026\\\/05\\\/3337-scaled.jpg\",\"contentUrl\":\"https:\\\/\\\/toys.lt\\\/wp-content\\\/uploads\\\/2026\\\/05\\\/3337-scaled.jpg\",\"width\":2346,\"height\":2560,\"caption\":\"3337\"},{\"@type\":\"BreadcrumbList\",\"@id\":\"https:\\\/\\\/toys.lt\\\/lv\\\/produktas\\\/city-tower-rotallietu-garaza-ar-automasinam-un-piederumiem-kopija\\\/#breadcrumb\",\"itemListElement\":[{\"@type\":\"ListItem\",\"position\":1,\"name\":\"Home\",\"item\":\"https:\\\/\\\/toys.lt\\\/lv\\\/\"},{\"@type\":\"ListItem\",\"position\":2,\"name\":\"Veikals\",\"item\":\"https:\\\/\\\/toys.lt\\\/lv\\\/shop\\\/\"},{\"@type\":\"ListItem\",\"position\":3,\"name\":\"B\u0113rnu ugunsdz\u0113s\u0113ju stacijas autost\u0101vvieta ar automa\u0161\u012bn\u0101m\"}]},{\"@type\":\"WebSite\",\"@id\":\"https:\\\/\\\/toys.lt\\\/lv\\\/#website\",\"url\":\"https:\\\/\\\/toys.lt\\\/lv\\\/\",\"name\":\"Toys.lt\",\"description\":\"\",\"potentialAction\":[{\"@type\":\"SearchAction\",\"target\":{\"@type\":\"EntryPoint\",\"urlTemplate\":\"https:\\\/\\\/toys.lt\\\/lv\\\/?s={search_term_string}\"},\"query-input\":{\"@type\":\"PropertyValueSpecification\",\"valueRequired\":true,\"valueName\":\"search_term_string\"}}],\"inLanguage\":\"lv-LV\"}]}<\/script>\n<!-- \/ Yoast SEO plugin. -->","yoast_head_json":{"title":"B\u0113rnu ugunsdz\u0113s\u0113ju stacijas autost\u0101vvieta ar automa\u0161\u012bn\u0101m - Toys.lt","description":"B\u0113rnu ugunsdz\u0113s\u0113ju stacijas autost\u0101vvieta ar automa\u0161\u012bn\u0101m un trasi. Jautrs sp\u0113\u013cu komplekts b\u0113rniem no 3 gadu vecuma, kas att\u012bsta izt\u0113li un rado\u0161umu.","robots":{"index":"index","follow":"follow","max-snippet":"max-snippet:-1","max-image-preview":"max-image-preview:large","max-video-preview":"max-video-preview:-1"},"canonical":"https:\/\/toys.lt\/lv\/produktas\/city-tower-rotallietu-garaza-ar-automasinam-un-piederumiem-kopija\/","og_locale":"lv_LV","og_type":"article","og_title":"B\u0113rnu ugunsdz\u0113s\u0113ju stacijas autost\u0101vvieta ar automa\u0161\u012bn\u0101m - Toys.lt","og_description":"B\u0113rnu ugunsdz\u0113s\u0113ju stacijas autost\u0101vvieta ar automa\u0161\u012bn\u0101m un trasi. Jautrs sp\u0113\u013cu komplekts b\u0113rniem no 3 gadu vecuma, kas att\u012bsta izt\u0113li un rado\u0161umu.","og_url":"https:\/\/toys.lt\/lv\/produktas\/city-tower-rotallietu-garaza-ar-automasinam-un-piederumiem-kopija\/","og_site_name":"Toys.lt","article_modified_time":"2026-05-15T00:51:01+00:00","og_image":[{"width":2346,"height":2560,"url":"https:\/\/toys.lt\/wp-content\/uploads\/2026\/05\/3337-scaled.jpg","type":"image\/jpeg"}],"twitter_card":"summary_large_image","twitter_misc":{"Est. reading time":"1 minute"},"schema":{"@context":"https:\/\/schema.org","@graph":[{"@type":"WebPage","@id":"https:\/\/toys.lt\/lv\/produktas\/city-tower-rotallietu-garaza-ar-automasinam-un-piederumiem-kopija\/","url":"https:\/\/toys.lt\/lv\/produktas\/city-tower-rotallietu-garaza-ar-automasinam-un-piederumiem-kopija\/","name":"B\u0113rnu ugunsdz\u0113s\u0113ju stacijas autost\u0101vvieta ar automa\u0161\u012bn\u0101m - Toys.lt","isPartOf":{"@id":"https:\/\/toys.lt\/lv\/#website"},"primaryImageOfPage":{"@id":"https:\/\/toys.lt\/lv\/produktas\/city-tower-rotallietu-garaza-ar-automasinam-un-piederumiem-kopija\/#primaryimage"},"image":{"@id":"https:\/\/toys.lt\/lv\/produktas\/city-tower-rotallietu-garaza-ar-automasinam-un-piederumiem-kopija\/#primaryimage"},"thumbnailUrl":"https:\/\/toys.lt\/wp-content\/uploads\/2026\/05\/3337-scaled.jpg","datePublished":"2026-05-14T23:47:50+00:00","dateModified":"2026-05-15T00:51:01+00:00","description":"B\u0113rnu ugunsdz\u0113s\u0113ju stacijas autost\u0101vvieta ar automa\u0161\u012bn\u0101m un trasi. Jautrs sp\u0113\u013cu komplekts b\u0113rniem no 3 gadu vecuma, kas att\u012bsta izt\u0113li un rado\u0161umu.","breadcrumb":{"@id":"https:\/\/toys.lt\/lv\/produktas\/city-tower-rotallietu-garaza-ar-automasinam-un-piederumiem-kopija\/#breadcrumb"},"inLanguage":"lv-LV","potentialAction":[{"@type":"ReadAction","target":["https:\/\/toys.lt\/lv\/produktas\/city-tower-rotallietu-garaza-ar-automasinam-un-piederumiem-kopija\/"]}]},{"@type":"ImageObject","inLanguage":"lv-LV","@id":"https:\/\/toys.lt\/lv\/produktas\/city-tower-rotallietu-garaza-ar-automasinam-un-piederumiem-kopija\/#primaryimage","url":"https:\/\/toys.lt\/wp-content\/uploads\/2026\/05\/3337-scaled.jpg","contentUrl":"https:\/\/toys.lt\/wp-content\/uploads\/2026\/05\/3337-scaled.jpg","width":2346,"height":2560,"caption":"3337"},{"@type":"BreadcrumbList","@id":"https:\/\/toys.lt\/lv\/produktas\/city-tower-rotallietu-garaza-ar-automasinam-un-piederumiem-kopija\/#breadcrumb","itemListElement":[{"@type":"ListItem","position":1,"name":"Home","item":"https:\/\/toys.lt\/lv\/"},{"@type":"ListItem","position":2,"name":"Veikals","item":"https:\/\/toys.lt\/lv\/shop\/"},{"@type":"ListItem","position":3,"name":"B\u0113rnu ugunsdz\u0113s\u0113ju stacijas autost\u0101vvieta ar automa\u0161\u012bn\u0101m"}]},{"@type":"WebSite","@id":"https:\/\/toys.lt\/lv\/#website","url":"https:\/\/toys.lt\/lv\/","name":"Toys.lt","description":"","potentialAction":[{"@type":"SearchAction","target":{"@type":"EntryPoint","urlTemplate":"https:\/\/toys.lt\/lv\/?s={search_term_string}"},"query-input":{"@type":"PropertyValueSpecification","valueRequired":true,"valueName":"search_term_string"}}],"inLanguage":"lv-LV"}]}},"_links":{"self":[{"href":"https:\/\/toys.lt\/lv\/wp-json\/wp\/v2\/product\/50387","targetHints":{"allow":["GET"]}}],"collection":[{"href":"https:\/\/toys.lt\/lv\/wp-json\/wp\/v2\/product"}],"about":[{"href":"https:\/\/toys.lt\/lv\/wp-json\/wp\/v2\/types\/product"}],"replies":[{"embeddable":true,"href":"https:\/\/toys.lt\/lv\/wp-json\/wp\/v2\/comments?post=50387"}],"version-history":[{"count":2,"href":"https:\/\/toys.lt\/lv\/wp-json\/wp\/v2\/product\/50387\/revisions"}],"predecessor-version":[{"id":50441,"href":"https:\/\/toys.lt\/lv\/wp-json\/wp\/v2\/product\/50387\/revisions\/50441"}],"wp:featuredmedia":[{"embeddable":true,"href":"https:\/\/toys.lt\/lv\/wp-json\/wp\/v2\/media\/50389"}],"wp:attachment":[{"href":"https:\/\/toys.lt\/lv\/wp-json\/wp\/v2\/media?parent=50387"}],"wp:term":[{"taxonomy":"product_brand","embeddable":true,"href":"https:\/\/toys.lt\/lv\/wp-json\/wp\/v2\/product_brand?post=50387"},{"taxonomy":"product_cat","embeddable":true,"href":"https:\/\/toys.lt\/lv\/wp-json\/wp\/v2\/product_cat?post=50387"},{"taxonomy":"product_tag","embeddable":true,"href":"https:\/\/toys.lt\/lv\/wp-json\/wp\/v2\/product_tag?post=50387"}],"curies":[{"name":"wp","href":"https:\/\/api.w.org\/{rel}","templated":true}]}}