{"id":50374,"date":"2026-05-14T22:14:16","date_gmt":"2026-05-14T22:14:16","guid":{"rendered":"https:\/\/toys.lt\/?post_type=product&#038;p=50374"},"modified":"2026-05-15T00:51:00","modified_gmt":"2026-05-15T00:51:00","slug":"rokas-suknis-intex-double-quick-iii-48-cm-kopija","status":"publish","type":"product","link":"https:\/\/toys.lt\/lv\/produktas\/rokas-suknis-intex-double-quick-iii-48-cm-kopija\/","title":{"rendered":"Intex Quick-Fill elektriskais s\u016bknis 12V automa\u0161\u012bnai"},"content":{"rendered":"<p data-start=\"140\" data-end=\"438\"><strong data-start=\"140\" data-end=\"180\">Intex Quick-Fill elektriskais s\u016bknis 12 V<\/strong> ir kompakts un \u0113rts risin\u0101jums \u0101trai piep\u016b\u0161amo izstr\u0101d\u0101jumu piep\u016b\u0161anai un iztuk\u0161o\u0161anai, ce\u013cojot, kempingojot vai atp\u016b\u0161oties dab\u0101. S\u016bknis tiek piesl\u0113gts automa\u0161\u012bnas 12 V kontaktligzdai, t\u0101p\u0113c tas ir ide\u0101li piem\u0113rots lieto\u0161anai viet\u0101s, kur nav pieejams standarta elektrot\u012bkls. <\/p>\n<p data-start=\"440\" data-end=\"689\">\u0160is elektriskais s\u016bknis ar <strong data-start=\"444\" data-end=\"468\">650 l\/min gaisa pl\u016bsmu<\/strong> \u013cauj \u0101tri piep\u016bst gaisa matra\u010dus, piep\u016b\u0161am\u0101s laivas, baseinu piederumus un citus piep\u016b\u0161amos produktus. Komplekt\u0101 iek\u013cautie <strong data-start=\"616\" data-end=\"641\">3 da\u017e\u0101di uzga\u013ci<\/strong> nodro\u0161ina savietojam\u012bbu ar liel\u0101ko da\u013cu v\u0101rstu tipu. <\/p>\n<h3 data-section-id=\"1yoo11j\" data-start=\"691\" data-end=\"703\">Funkcijas:<\/h3>\n<ul data-start=\"704\" data-end=\"1091\">\n<li data-section-id=\"1dauyak\" data-start=\"704\" data-end=\"750\">\u0100tra gaisa piepump\u0113\u0161anas un atbr\u012bvo\u0161anas funkcija<\/li>\n<li data-section-id=\"1uelg8p\" data-start=\"751\" data-end=\"788\">Savienojams ar automa\u0161\u012bnas 12V kontaktligzdu.<\/li>\n<li data-section-id=\"x40d76\" data-start=\"789\" data-end=\"838\">Piem\u0113rots izmanto\u0161anai br\u012bv\u0101 dab\u0101, ce\u013cojumos un kempingos<\/li>\n<li data-section-id=\"grhuv\" data-start=\"839\" data-end=\"884\">3 main\u0101mas sprauslas da\u017e\u0101diem v\u0101rstiem<\/li>\n<li data-section-id=\"14avved\" data-start=\"885\" data-end=\"936\">Kompakts un viegli transport\u0113jams dizains<\/li>\n<li data-section-id=\"1bgh2so\" data-start=\"937\" data-end=\"1037\">Piem\u0113rots piep\u016b\u0161amajiem matra\u010diem, piep\u016b\u0161amaj\u0101m laiv\u0101m, baseinu piederumiem un citiem piep\u016b\u0161amiem izstr\u0101d\u0101jumiem.<\/li>\n<li data-section-id=\"1p5g7hu\" data-start=\"1038\" data-end=\"1073\">Maksim\u0101l\u0101 gaisa pl\u016bsma: 650 l\/min<\/li>\n<li data-section-id=\"1eeb5qs\" data-start=\"1074\" data-end=\"1091\">CE sertifik\u0101ts<\/li>\n<\/ul>\n<h3 data-section-id=\"1doj3pl\" data-start=\"1093\" data-end=\"1118\">Tehnisk\u0101 inform\u0101cija:<\/h3>\n<ul data-start=\"1119\" data-end=\"1383\">\n<li data-section-id=\"1crmpg3\" data-start=\"1119\" data-end=\"1138\">Ra\u017eot\u0101js.<\/li>\n<li data-section-id=\"hh62w6\" data-start=\"1139\" data-end=\"1181\">Modelis: Quick-Fill DC elektriskais gaisa s\u016bknis<\/li>\n<li data-section-id=\"1kiuin4\" data-start=\"1182\" data-end=\"1202\">Baro\u0161anas avots: 12V l\u012bdzstr\u0101vas<\/li>\n<li data-section-id=\"v0cxk7\" data-start=\"1203\" data-end=\"1271\">Savienot\u0101js: automa\u0161\u012bnas cigare\u0161u aizdedzin\u0101t\u0101ja ligzda \/ 12V piederumu ligzda<\/li>\n<li data-section-id=\"1fb3gd4\" data-start=\"1272\" data-end=\"1294\">Sprauslu skaits: 3<\/li>\n<li data-section-id=\"y00ei5\" data-start=\"1295\" data-end=\"1335\">Funkcijas: infl\u0101cija\/defl\u0101cija<\/li>\n<li data-section-id=\"1vn9fud\" data-start=\"1336\" data-end=\"1366\">Izm\u0113ri: 14 x 14 x 13 cm<\/li>\n<li data-section-id=\"z1exee\" data-start=\"1367\" data-end=\"1383\">Svars: 0,6 kg<\/li>\n<\/ul>\n<p><strong data-start=\"1649\" data-end=\"1673\">Dro\u0161\u012bbas inform\u0101cija:<\/strong> Lietojiet saska\u0146\u0101 ar ra\u017eot\u0101ja nor\u0101d\u012bjumiem. Paredz\u0113ts tikai piesl\u0113g\u0161anai 12V l\u012bdzstr\u0101vas auto kontaktligzdai. <\/p>\n","protected":false},"excerpt":{"rendered":"<ul data-start=\"1119\" data-end=\"1383\">\n<li data-section-id=\"1crmpg3\" data-start=\"1119\" data-end=\"1138\">Ra\u017eot\u0101js.<\/li>\n<li data-section-id=\"hh62w6\" data-start=\"1139\" data-end=\"1181\">Modelis: Quick-Fill DC elektriskais gaisa s\u016bknis<\/li>\n<li data-section-id=\"1kiuin4\" data-start=\"1182\" data-end=\"1202\">Baro\u0161anas avots: 12V l\u012bdzstr\u0101vas<\/li>\n<li data-section-id=\"v0cxk7\" data-start=\"1203\" data-end=\"1271\">Savienot\u0101js: automa\u0161\u012bnas cigare\u0161u aizdedzin\u0101t\u0101ja ligzda \/ 12V piederumu ligzda<\/li>\n<li data-section-id=\"1fb3gd4\" data-start=\"1272\" data-end=\"1294\">Sprauslu skaits: 3<\/li>\n<li data-section-id=\"y00ei5\" data-start=\"1295\" data-end=\"1335\">Funkcijas: infl\u0101cija\/defl\u0101cija<\/li>\n<li data-section-id=\"1vn9fud\" data-start=\"1336\" data-end=\"1366\">Izm\u0113ri: 14 x 14 x 13 cm<\/li>\n<li data-section-id=\"z1exee\" data-start=\"1367\" data-end=\"1383\">Svars: 0,6 kg<\/li>\n<\/ul>\n","protected":false},"featured_media":50379,"comment_status":"open","ping_status":"closed","template":"","meta":[],"product_brand":[],"product_cat":[1155,1368,1215],"product_tag":[],"class_list":{"0":"post-50374","1":"product","2":"type-product","3":"status-publish","4":"has-post-thumbnail","6":"product_cat-leti","7":"product_cat-pompos","8":"product_cat-sports-atputa-turisms","9":"pa_prek-s-tipas-pompos","10":"pa_prekes-zenklas-intex-lv","12":"first","13":"instock","14":"sale","15":"taxable","16":"shipping-taxable","17":"purchasable","18":"product-type-simple"},"yoast_head":"<!-- This site is optimized with the Yoast SEO plugin v27.6 - https:\/\/yoast.com\/product\/yoast-seo-wordpress\/ -->\n<title>Intex Quick-Fill elektriskais s\u016bknis 12V automa\u0161\u012bnai - Toys.lt<\/title>\n<meta name=\"description\" content=\"Intex Quick-Fill 12V elektriskais auto s\u016bknis ar 3 sprausl\u0101m, piepump\u0113\u0161anas un iztuk\u0161o\u0161anas funkciju. Piem\u0113rots matra\u010diem, laiv\u0101m un citiem izstr\u0101d\u0101jumiem.\" \/>\n<meta name=\"robots\" content=\"index, follow, max-snippet:-1, max-image-preview:large, max-video-preview:-1\" \/>\n<link rel=\"canonical\" href=\"https:\/\/toys.lt\/lv\/produktas\/rokas-suknis-intex-double-quick-iii-48-cm-kopija\/\" \/>\n<meta property=\"og:locale\" content=\"lv_LV\" \/>\n<meta property=\"og:type\" content=\"article\" \/>\n<meta property=\"og:title\" content=\"Intex Quick-Fill elektriskais s\u016bknis 12V automa\u0161\u012bnai - Toys.lt\" \/>\n<meta property=\"og:description\" content=\"Intex Quick-Fill 12V elektriskais auto s\u016bknis ar 3 sprausl\u0101m, piepump\u0113\u0161anas un iztuk\u0161o\u0161anas funkciju. Piem\u0113rots matra\u010diem, laiv\u0101m un citiem izstr\u0101d\u0101jumiem.\" \/>\n<meta property=\"og:url\" content=\"https:\/\/toys.lt\/lv\/produktas\/rokas-suknis-intex-double-quick-iii-48-cm-kopija\/\" \/>\n<meta property=\"og:site_name\" content=\"Toys.lt\" \/>\n<meta property=\"article:modified_time\" content=\"2026-05-15T00:51:00+00:00\" \/>\n<meta property=\"og:image\" content=\"https:\/\/toys.lt\/wp-content\/uploads\/2026\/05\/66636_prd_2020_300-scaled.jpg\" \/>\n\t<meta property=\"og:image:width\" content=\"2560\" \/>\n\t<meta property=\"og:image:height\" content=\"1778\" \/>\n\t<meta property=\"og:image:type\" content=\"image\/jpeg\" \/>\n<meta name=\"twitter:card\" content=\"summary_large_image\" \/>\n<meta name=\"twitter:label1\" content=\"Est. reading time\" \/>\n\t<meta name=\"twitter:data1\" content=\"1 minute\" \/>\n<script type=\"application\/ld+json\" class=\"yoast-schema-graph\">{\"@context\":\"https:\\\/\\\/schema.org\",\"@graph\":[{\"@type\":\"WebPage\",\"@id\":\"https:\\\/\\\/toys.lt\\\/lv\\\/produktas\\\/rokas-suknis-intex-double-quick-iii-48-cm-kopija\\\/\",\"url\":\"https:\\\/\\\/toys.lt\\\/lv\\\/produktas\\\/rokas-suknis-intex-double-quick-iii-48-cm-kopija\\\/\",\"name\":\"Intex Quick-Fill elektriskais s\u016bknis 12V automa\u0161\u012bnai - Toys.lt\",\"isPartOf\":{\"@id\":\"https:\\\/\\\/toys.lt\\\/lv\\\/#website\"},\"primaryImageOfPage\":{\"@id\":\"https:\\\/\\\/toys.lt\\\/lv\\\/produktas\\\/rokas-suknis-intex-double-quick-iii-48-cm-kopija\\\/#primaryimage\"},\"image\":{\"@id\":\"https:\\\/\\\/toys.lt\\\/lv\\\/produktas\\\/rokas-suknis-intex-double-quick-iii-48-cm-kopija\\\/#primaryimage\"},\"thumbnailUrl\":\"https:\\\/\\\/toys.lt\\\/wp-content\\\/uploads\\\/2026\\\/05\\\/66636_prd_2020_300-scaled.jpg\",\"datePublished\":\"2026-05-14T22:14:16+00:00\",\"dateModified\":\"2026-05-15T00:51:00+00:00\",\"description\":\"Intex Quick-Fill 12V elektriskais auto s\u016bknis ar 3 sprausl\u0101m, piepump\u0113\u0161anas un iztuk\u0161o\u0161anas funkciju. Piem\u0113rots matra\u010diem, laiv\u0101m un citiem izstr\u0101d\u0101jumiem.\",\"breadcrumb\":{\"@id\":\"https:\\\/\\\/toys.lt\\\/lv\\\/produktas\\\/rokas-suknis-intex-double-quick-iii-48-cm-kopija\\\/#breadcrumb\"},\"inLanguage\":\"lv-LV\",\"potentialAction\":[{\"@type\":\"ReadAction\",\"target\":[\"https:\\\/\\\/toys.lt\\\/lv\\\/produktas\\\/rokas-suknis-intex-double-quick-iii-48-cm-kopija\\\/\"]}]},{\"@type\":\"ImageObject\",\"inLanguage\":\"lv-LV\",\"@id\":\"https:\\\/\\\/toys.lt\\\/lv\\\/produktas\\\/rokas-suknis-intex-double-quick-iii-48-cm-kopija\\\/#primaryimage\",\"url\":\"https:\\\/\\\/toys.lt\\\/wp-content\\\/uploads\\\/2026\\\/05\\\/66636_prd_2020_300-scaled.jpg\",\"contentUrl\":\"https:\\\/\\\/toys.lt\\\/wp-content\\\/uploads\\\/2026\\\/05\\\/66636_prd_2020_300-scaled.jpg\",\"width\":2560,\"height\":1778,\"caption\":\"66636 fart 2020 300\"},{\"@type\":\"BreadcrumbList\",\"@id\":\"https:\\\/\\\/toys.lt\\\/lv\\\/produktas\\\/rokas-suknis-intex-double-quick-iii-48-cm-kopija\\\/#breadcrumb\",\"itemListElement\":[{\"@type\":\"ListItem\",\"position\":1,\"name\":\"Home\",\"item\":\"https:\\\/\\\/toys.lt\\\/lv\\\/\"},{\"@type\":\"ListItem\",\"position\":2,\"name\":\"Veikals\",\"item\":\"https:\\\/\\\/toys.lt\\\/lv\\\/shop\\\/\"},{\"@type\":\"ListItem\",\"position\":3,\"name\":\"Intex Quick-Fill elektriskais s\u016bknis 12V automa\u0161\u012bnai\"}]},{\"@type\":\"WebSite\",\"@id\":\"https:\\\/\\\/toys.lt\\\/lv\\\/#website\",\"url\":\"https:\\\/\\\/toys.lt\\\/lv\\\/\",\"name\":\"Toys.lt\",\"description\":\"\",\"potentialAction\":[{\"@type\":\"SearchAction\",\"target\":{\"@type\":\"EntryPoint\",\"urlTemplate\":\"https:\\\/\\\/toys.lt\\\/lv\\\/?s={search_term_string}\"},\"query-input\":{\"@type\":\"PropertyValueSpecification\",\"valueRequired\":true,\"valueName\":\"search_term_string\"}}],\"inLanguage\":\"lv-LV\"}]}<\/script>\n<!-- \/ Yoast SEO plugin. -->","yoast_head_json":{"title":"Intex Quick-Fill elektriskais s\u016bknis 12V automa\u0161\u012bnai - Toys.lt","description":"Intex Quick-Fill 12V elektriskais auto s\u016bknis ar 3 sprausl\u0101m, piepump\u0113\u0161anas un iztuk\u0161o\u0161anas funkciju. Piem\u0113rots matra\u010diem, laiv\u0101m un citiem izstr\u0101d\u0101jumiem.","robots":{"index":"index","follow":"follow","max-snippet":"max-snippet:-1","max-image-preview":"max-image-preview:large","max-video-preview":"max-video-preview:-1"},"canonical":"https:\/\/toys.lt\/lv\/produktas\/rokas-suknis-intex-double-quick-iii-48-cm-kopija\/","og_locale":"lv_LV","og_type":"article","og_title":"Intex Quick-Fill elektriskais s\u016bknis 12V automa\u0161\u012bnai - Toys.lt","og_description":"Intex Quick-Fill 12V elektriskais auto s\u016bknis ar 3 sprausl\u0101m, piepump\u0113\u0161anas un iztuk\u0161o\u0161anas funkciju. Piem\u0113rots matra\u010diem, laiv\u0101m un citiem izstr\u0101d\u0101jumiem.","og_url":"https:\/\/toys.lt\/lv\/produktas\/rokas-suknis-intex-double-quick-iii-48-cm-kopija\/","og_site_name":"Toys.lt","article_modified_time":"2026-05-15T00:51:00+00:00","og_image":[{"width":2560,"height":1778,"url":"https:\/\/toys.lt\/wp-content\/uploads\/2026\/05\/66636_prd_2020_300-scaled.jpg","type":"image\/jpeg"}],"twitter_card":"summary_large_image","twitter_misc":{"Est. reading time":"1 minute"},"schema":{"@context":"https:\/\/schema.org","@graph":[{"@type":"WebPage","@id":"https:\/\/toys.lt\/lv\/produktas\/rokas-suknis-intex-double-quick-iii-48-cm-kopija\/","url":"https:\/\/toys.lt\/lv\/produktas\/rokas-suknis-intex-double-quick-iii-48-cm-kopija\/","name":"Intex Quick-Fill elektriskais s\u016bknis 12V automa\u0161\u012bnai - Toys.lt","isPartOf":{"@id":"https:\/\/toys.lt\/lv\/#website"},"primaryImageOfPage":{"@id":"https:\/\/toys.lt\/lv\/produktas\/rokas-suknis-intex-double-quick-iii-48-cm-kopija\/#primaryimage"},"image":{"@id":"https:\/\/toys.lt\/lv\/produktas\/rokas-suknis-intex-double-quick-iii-48-cm-kopija\/#primaryimage"},"thumbnailUrl":"https:\/\/toys.lt\/wp-content\/uploads\/2026\/05\/66636_prd_2020_300-scaled.jpg","datePublished":"2026-05-14T22:14:16+00:00","dateModified":"2026-05-15T00:51:00+00:00","description":"Intex Quick-Fill 12V elektriskais auto s\u016bknis ar 3 sprausl\u0101m, piepump\u0113\u0161anas un iztuk\u0161o\u0161anas funkciju. Piem\u0113rots matra\u010diem, laiv\u0101m un citiem izstr\u0101d\u0101jumiem.","breadcrumb":{"@id":"https:\/\/toys.lt\/lv\/produktas\/rokas-suknis-intex-double-quick-iii-48-cm-kopija\/#breadcrumb"},"inLanguage":"lv-LV","potentialAction":[{"@type":"ReadAction","target":["https:\/\/toys.lt\/lv\/produktas\/rokas-suknis-intex-double-quick-iii-48-cm-kopija\/"]}]},{"@type":"ImageObject","inLanguage":"lv-LV","@id":"https:\/\/toys.lt\/lv\/produktas\/rokas-suknis-intex-double-quick-iii-48-cm-kopija\/#primaryimage","url":"https:\/\/toys.lt\/wp-content\/uploads\/2026\/05\/66636_prd_2020_300-scaled.jpg","contentUrl":"https:\/\/toys.lt\/wp-content\/uploads\/2026\/05\/66636_prd_2020_300-scaled.jpg","width":2560,"height":1778,"caption":"66636 fart 2020 300"},{"@type":"BreadcrumbList","@id":"https:\/\/toys.lt\/lv\/produktas\/rokas-suknis-intex-double-quick-iii-48-cm-kopija\/#breadcrumb","itemListElement":[{"@type":"ListItem","position":1,"name":"Home","item":"https:\/\/toys.lt\/lv\/"},{"@type":"ListItem","position":2,"name":"Veikals","item":"https:\/\/toys.lt\/lv\/shop\/"},{"@type":"ListItem","position":3,"name":"Intex Quick-Fill elektriskais s\u016bknis 12V automa\u0161\u012bnai"}]},{"@type":"WebSite","@id":"https:\/\/toys.lt\/lv\/#website","url":"https:\/\/toys.lt\/lv\/","name":"Toys.lt","description":"","potentialAction":[{"@type":"SearchAction","target":{"@type":"EntryPoint","urlTemplate":"https:\/\/toys.lt\/lv\/?s={search_term_string}"},"query-input":{"@type":"PropertyValueSpecification","valueRequired":true,"valueName":"search_term_string"}}],"inLanguage":"lv-LV"}]}},"_links":{"self":[{"href":"https:\/\/toys.lt\/lv\/wp-json\/wp\/v2\/product\/50374","targetHints":{"allow":["GET"]}}],"collection":[{"href":"https:\/\/toys.lt\/lv\/wp-json\/wp\/v2\/product"}],"about":[{"href":"https:\/\/toys.lt\/lv\/wp-json\/wp\/v2\/types\/product"}],"replies":[{"embeddable":true,"href":"https:\/\/toys.lt\/lv\/wp-json\/wp\/v2\/comments?post=50374"}],"version-history":[{"count":2,"href":"https:\/\/toys.lt\/lv\/wp-json\/wp\/v2\/product\/50374\/revisions"}],"predecessor-version":[{"id":50440,"href":"https:\/\/toys.lt\/lv\/wp-json\/wp\/v2\/product\/50374\/revisions\/50440"}],"wp:featuredmedia":[{"embeddable":true,"href":"https:\/\/toys.lt\/lv\/wp-json\/wp\/v2\/media\/50379"}],"wp:attachment":[{"href":"https:\/\/toys.lt\/lv\/wp-json\/wp\/v2\/media?parent=50374"}],"wp:term":[{"taxonomy":"product_brand","embeddable":true,"href":"https:\/\/toys.lt\/lv\/wp-json\/wp\/v2\/product_brand?post=50374"},{"taxonomy":"product_cat","embeddable":true,"href":"https:\/\/toys.lt\/lv\/wp-json\/wp\/v2\/product_cat?post=50374"},{"taxonomy":"product_tag","embeddable":true,"href":"https:\/\/toys.lt\/lv\/wp-json\/wp\/v2\/product_tag?post=50374"}],"curies":[{"name":"wp","href":"https:\/\/api.w.org\/{rel}","templated":true}]}}