{"id":50366,"date":"2026-05-14T21:37:52","date_gmt":"2026-05-14T21:37:52","guid":{"rendered":"https:\/\/toys.lt\/?post_type=product&#038;p=50366"},"modified":"2026-05-15T00:50:58","modified_gmt":"2026-05-15T00:50:58","slug":"bernu-nakts-divans-puppy-kopija","status":"publish","type":"product","link":"https:\/\/toys.lt\/lv\/produktas\/bernu-nakts-divans-puppy-kopija\/","title":{"rendered":"B\u0113rnu nakts d\u012bv\u0101ns &#8220;Vistas&#8221;"},"content":{"rendered":"<p><strong>Funkcijas:<\/strong><\/p>\n<ul style=\"list-style-type: square;\">\n<li>Robusta konstrukcija uz stabiliem balstiem<\/li>\n<li>Maksim\u0101lais svars 25 kg<\/li>\n<li>Nav asu st\u016bru<\/li>\n<li>Anatomisks s\u0113deklis<\/li>\n<li>Augsta atzveltne \u0113rtai s\u0113d\u0113\u0161anai<\/li>\n<li>Viegli mazg\u0101jams iek\u0161pus\u0113<\/li>\n<li style=\"margin: 0px; padding: 0px; font: inherit; border: 0px;\">\u0112rti un dro\u0161i<\/li>\n<li style=\"margin: 0px; padding: 0px; font: inherit; border: 0px;\">Ietver tur\u0113t\u0101ju tualetes pap\u012bram<\/li>\n<li style=\"margin: 0px; padding: 0px; font: inherit; border: 0px;\">Gaismas un m\u016bzika<\/li>\n<\/ul>\n","protected":false},"excerpt":{"rendered":"<p>Produkta veids: b\u0113rnu podi\u0146\u0161<\/p>\n<p>Izcelsmes valsts: Turcija<\/p>\n<p>Produkta materi\u0101ls: plastmasa<\/p>\n<p>Produkta izm\u0113ri: 27 x 41 x 45 cm<\/p>\n<p>Ieteicamais vecums: no 1,5 gadiem.<\/p>\n","protected":false},"featured_media":50371,"comment_status":"open","ping_status":"closed","template":"","meta":[],"product_brand":[],"product_cat":[1155,1183],"product_tag":[],"class_list":{"0":"post-50366","1":"product","2":"type-product","3":"status-publish","4":"has-post-thumbnail","6":"product_cat-leti","7":"product_cat-rotallietas-maziem-berniem","8":"pa_amziaus-grupe-1-lv","10":"first","11":"instock","12":"sale","13":"taxable","14":"shipping-taxable","15":"purchasable","16":"product-type-simple"},"yoast_head":"<!-- This site is optimized with the Yoast SEO plugin v27.6 - https:\/\/yoast.com\/product\/yoast-seo-wordpress\/ -->\n<title>B\u0113rnu nakts d\u012bv\u0101ns &quot;Vistas&quot; - Toys.lt<\/title>\n<meta name=\"robots\" content=\"index, follow, max-snippet:-1, max-image-preview:large, max-video-preview:-1\" \/>\n<link rel=\"canonical\" href=\"https:\/\/toys.lt\/lv\/produktas\/bernu-nakts-divans-puppy-kopija\/\" \/>\n<meta property=\"og:locale\" content=\"lv_LV\" \/>\n<meta property=\"og:type\" content=\"article\" \/>\n<meta property=\"og:title\" content=\"B\u0113rnu nakts d\u012bv\u0101ns &quot;Vistas&quot; - Toys.lt\" \/>\n<meta property=\"og:description\" content=\"Produkta veids: b\u0113rnu podi\u0146\u0161 Izcelsmes valsts: Turcija Produkta materi\u0101ls: plastmasa Produkta izm\u0113ri: 27 x 41 x 45 cm Ieteicamais vecums: no 1,5 gadiem.\" \/>\n<meta property=\"og:url\" content=\"https:\/\/toys.lt\/lv\/produktas\/bernu-nakts-divans-puppy-kopija\/\" \/>\n<meta property=\"og:site_name\" content=\"Toys.lt\" \/>\n<meta property=\"article:modified_time\" content=\"2026-05-15T00:50:58+00:00\" \/>\n<meta property=\"og:image\" content=\"https:\/\/toys.lt\/wp-content\/uploads\/2026\/05\/07564-naktipuodis-1.jpg\" \/>\n\t<meta property=\"og:image:width\" content=\"620\" \/>\n\t<meta property=\"og:image:height\" content=\"748\" \/>\n\t<meta property=\"og:image:type\" content=\"image\/jpeg\" \/>\n<meta name=\"twitter:card\" content=\"summary_large_image\" \/>\n<script type=\"application\/ld+json\" class=\"yoast-schema-graph\">{\"@context\":\"https:\\\/\\\/schema.org\",\"@graph\":[{\"@type\":\"WebPage\",\"@id\":\"https:\\\/\\\/toys.lt\\\/lv\\\/produktas\\\/bernu-nakts-divans-puppy-kopija\\\/\",\"url\":\"https:\\\/\\\/toys.lt\\\/lv\\\/produktas\\\/bernu-nakts-divans-puppy-kopija\\\/\",\"name\":\"B\u0113rnu nakts d\u012bv\u0101ns \\\"Vistas\\\" - Toys.lt\",\"isPartOf\":{\"@id\":\"https:\\\/\\\/toys.lt\\\/lv\\\/#website\"},\"primaryImageOfPage\":{\"@id\":\"https:\\\/\\\/toys.lt\\\/lv\\\/produktas\\\/bernu-nakts-divans-puppy-kopija\\\/#primaryimage\"},\"image\":{\"@id\":\"https:\\\/\\\/toys.lt\\\/lv\\\/produktas\\\/bernu-nakts-divans-puppy-kopija\\\/#primaryimage\"},\"thumbnailUrl\":\"https:\\\/\\\/toys.lt\\\/wp-content\\\/uploads\\\/2026\\\/05\\\/07564-naktipuodis-1.jpg\",\"datePublished\":\"2026-05-14T21:37:52+00:00\",\"dateModified\":\"2026-05-15T00:50:58+00:00\",\"breadcrumb\":{\"@id\":\"https:\\\/\\\/toys.lt\\\/lv\\\/produktas\\\/bernu-nakts-divans-puppy-kopija\\\/#breadcrumb\"},\"inLanguage\":\"lv-LV\",\"potentialAction\":[{\"@type\":\"ReadAction\",\"target\":[\"https:\\\/\\\/toys.lt\\\/lv\\\/produktas\\\/bernu-nakts-divans-puppy-kopija\\\/\"]}]},{\"@type\":\"ImageObject\",\"inLanguage\":\"lv-LV\",\"@id\":\"https:\\\/\\\/toys.lt\\\/lv\\\/produktas\\\/bernu-nakts-divans-puppy-kopija\\\/#primaryimage\",\"url\":\"https:\\\/\\\/toys.lt\\\/wp-content\\\/uploads\\\/2026\\\/05\\\/07564-naktipuodis-1.jpg\",\"contentUrl\":\"https:\\\/\\\/toys.lt\\\/wp-content\\\/uploads\\\/2026\\\/05\\\/07564-naktipuodis-1.jpg\",\"width\":620,\"height\":748,\"caption\":\"07564 nakts kr\u0113sls 1\"},{\"@type\":\"BreadcrumbList\",\"@id\":\"https:\\\/\\\/toys.lt\\\/lv\\\/produktas\\\/bernu-nakts-divans-puppy-kopija\\\/#breadcrumb\",\"itemListElement\":[{\"@type\":\"ListItem\",\"position\":1,\"name\":\"Home\",\"item\":\"https:\\\/\\\/toys.lt\\\/lv\\\/\"},{\"@type\":\"ListItem\",\"position\":2,\"name\":\"Veikals\",\"item\":\"https:\\\/\\\/toys.lt\\\/lv\\\/shop\\\/\"},{\"@type\":\"ListItem\",\"position\":3,\"name\":\"B\u0113rnu nakts d\u012bv\u0101ns &#8220;Vistas&#8221;\"}]},{\"@type\":\"WebSite\",\"@id\":\"https:\\\/\\\/toys.lt\\\/lv\\\/#website\",\"url\":\"https:\\\/\\\/toys.lt\\\/lv\\\/\",\"name\":\"Toys.lt\",\"description\":\"\",\"potentialAction\":[{\"@type\":\"SearchAction\",\"target\":{\"@type\":\"EntryPoint\",\"urlTemplate\":\"https:\\\/\\\/toys.lt\\\/lv\\\/?s={search_term_string}\"},\"query-input\":{\"@type\":\"PropertyValueSpecification\",\"valueRequired\":true,\"valueName\":\"search_term_string\"}}],\"inLanguage\":\"lv-LV\"}]}<\/script>\n<!-- \/ Yoast SEO plugin. -->","yoast_head_json":{"title":"B\u0113rnu nakts d\u012bv\u0101ns \"Vistas\" - Toys.lt","robots":{"index":"index","follow":"follow","max-snippet":"max-snippet:-1","max-image-preview":"max-image-preview:large","max-video-preview":"max-video-preview:-1"},"canonical":"https:\/\/toys.lt\/lv\/produktas\/bernu-nakts-divans-puppy-kopija\/","og_locale":"lv_LV","og_type":"article","og_title":"B\u0113rnu nakts d\u012bv\u0101ns \"Vistas\" - Toys.lt","og_description":"Produkta veids: b\u0113rnu podi\u0146\u0161 Izcelsmes valsts: Turcija Produkta materi\u0101ls: plastmasa Produkta izm\u0113ri: 27 x 41 x 45 cm Ieteicamais vecums: no 1,5 gadiem.","og_url":"https:\/\/toys.lt\/lv\/produktas\/bernu-nakts-divans-puppy-kopija\/","og_site_name":"Toys.lt","article_modified_time":"2026-05-15T00:50:58+00:00","og_image":[{"width":620,"height":748,"url":"https:\/\/toys.lt\/wp-content\/uploads\/2026\/05\/07564-naktipuodis-1.jpg","type":"image\/jpeg"}],"twitter_card":"summary_large_image","schema":{"@context":"https:\/\/schema.org","@graph":[{"@type":"WebPage","@id":"https:\/\/toys.lt\/lv\/produktas\/bernu-nakts-divans-puppy-kopija\/","url":"https:\/\/toys.lt\/lv\/produktas\/bernu-nakts-divans-puppy-kopija\/","name":"B\u0113rnu nakts d\u012bv\u0101ns \"Vistas\" - Toys.lt","isPartOf":{"@id":"https:\/\/toys.lt\/lv\/#website"},"primaryImageOfPage":{"@id":"https:\/\/toys.lt\/lv\/produktas\/bernu-nakts-divans-puppy-kopija\/#primaryimage"},"image":{"@id":"https:\/\/toys.lt\/lv\/produktas\/bernu-nakts-divans-puppy-kopija\/#primaryimage"},"thumbnailUrl":"https:\/\/toys.lt\/wp-content\/uploads\/2026\/05\/07564-naktipuodis-1.jpg","datePublished":"2026-05-14T21:37:52+00:00","dateModified":"2026-05-15T00:50:58+00:00","breadcrumb":{"@id":"https:\/\/toys.lt\/lv\/produktas\/bernu-nakts-divans-puppy-kopija\/#breadcrumb"},"inLanguage":"lv-LV","potentialAction":[{"@type":"ReadAction","target":["https:\/\/toys.lt\/lv\/produktas\/bernu-nakts-divans-puppy-kopija\/"]}]},{"@type":"ImageObject","inLanguage":"lv-LV","@id":"https:\/\/toys.lt\/lv\/produktas\/bernu-nakts-divans-puppy-kopija\/#primaryimage","url":"https:\/\/toys.lt\/wp-content\/uploads\/2026\/05\/07564-naktipuodis-1.jpg","contentUrl":"https:\/\/toys.lt\/wp-content\/uploads\/2026\/05\/07564-naktipuodis-1.jpg","width":620,"height":748,"caption":"07564 nakts kr\u0113sls 1"},{"@type":"BreadcrumbList","@id":"https:\/\/toys.lt\/lv\/produktas\/bernu-nakts-divans-puppy-kopija\/#breadcrumb","itemListElement":[{"@type":"ListItem","position":1,"name":"Home","item":"https:\/\/toys.lt\/lv\/"},{"@type":"ListItem","position":2,"name":"Veikals","item":"https:\/\/toys.lt\/lv\/shop\/"},{"@type":"ListItem","position":3,"name":"B\u0113rnu nakts d\u012bv\u0101ns &#8220;Vistas&#8221;"}]},{"@type":"WebSite","@id":"https:\/\/toys.lt\/lv\/#website","url":"https:\/\/toys.lt\/lv\/","name":"Toys.lt","description":"","potentialAction":[{"@type":"SearchAction","target":{"@type":"EntryPoint","urlTemplate":"https:\/\/toys.lt\/lv\/?s={search_term_string}"},"query-input":{"@type":"PropertyValueSpecification","valueRequired":true,"valueName":"search_term_string"}}],"inLanguage":"lv-LV"}]}},"_links":{"self":[{"href":"https:\/\/toys.lt\/lv\/wp-json\/wp\/v2\/product\/50366","targetHints":{"allow":["GET"]}}],"collection":[{"href":"https:\/\/toys.lt\/lv\/wp-json\/wp\/v2\/product"}],"about":[{"href":"https:\/\/toys.lt\/lv\/wp-json\/wp\/v2\/types\/product"}],"replies":[{"embeddable":true,"href":"https:\/\/toys.lt\/lv\/wp-json\/wp\/v2\/comments?post=50366"}],"version-history":[{"count":2,"href":"https:\/\/toys.lt\/lv\/wp-json\/wp\/v2\/product\/50366\/revisions"}],"predecessor-version":[{"id":50438,"href":"https:\/\/toys.lt\/lv\/wp-json\/wp\/v2\/product\/50366\/revisions\/50438"}],"wp:featuredmedia":[{"embeddable":true,"href":"https:\/\/toys.lt\/lv\/wp-json\/wp\/v2\/media\/50371"}],"wp:attachment":[{"href":"https:\/\/toys.lt\/lv\/wp-json\/wp\/v2\/media?parent=50366"}],"wp:term":[{"taxonomy":"product_brand","embeddable":true,"href":"https:\/\/toys.lt\/lv\/wp-json\/wp\/v2\/product_brand?post=50366"},{"taxonomy":"product_cat","embeddable":true,"href":"https:\/\/toys.lt\/lv\/wp-json\/wp\/v2\/product_cat?post=50366"},{"taxonomy":"product_tag","embeddable":true,"href":"https:\/\/toys.lt\/lv\/wp-json\/wp\/v2\/product_tag?post=50366"}],"curies":[{"name":"wp","href":"https:\/\/api.w.org\/{rel}","templated":true}]}}