{"id":50350,"date":"2026-05-14T21:15:33","date_gmt":"2026-05-14T21:15:33","guid":{"rendered":"https:\/\/toys.lt\/?post_type=product&#038;p=50350"},"modified":"2026-05-15T00:50:57","modified_gmt":"2026-05-15T00:50:57","slug":"clementoni-mechanics-cementa-kravas-automasinas-stem-konstruktoru-komplekts-kopija","status":"publish","type":"product","link":"https:\/\/toys.lt\/lv\/produktas\/clementoni-mechanics-cementa-kravas-automasinas-stem-konstruktoru-komplekts-kopija\/","title":{"rendered":"Clementoni STEM Constructor Xtreme Motocross, 180+ gab."},"content":{"rendered":"<p class=\"MsoNormal\" style=\"margin: 0px; font-size: medium; color: #7a7a7a; padding: 0px; line-height: inherit; border: 0px; font-family: Roboto, sans-serif; background-color: #fefefe; text-align: center;\" align=\"center\"><i style=\"line-height: inherit; margin: 0px; padding: 0px; border: 0px; font-variant: inherit; font-weight: inherit; font-size: inherit; font-family: inherit;\"><span style=\"margin: 0px; padding: 0px; border: 0px; font-style: inherit; font-variant: inherit; font-weight: inherit; font-size: 8.5pt; line-height: inherit; font-family: Verdana, sans-serif; color: #000000;\">Clementoni &#8211; dibin\u0101ts It\u0101lij\u0101 un veiksm\u012bgi darbojas jau vair\u0101k nek\u0101 50 gadus! Uz\u0146\u0113muma misija ir rad\u012bt sp\u0113les, kas pal\u012bdz b\u0113rniem augt.   <\/span><\/i><\/p>\n<p class=\"MsoNormal\" style=\"margin: 0px; font-size: medium; color: #7a7a7a; padding: 0px; line-height: inherit; border: 0px; font-family: Roboto, sans-serif; background-color: #fefefe; text-align: center;\" align=\"center\"><i style=\"line-height: inherit; margin: 0px; padding: 0px; border: 0px; font-variant: inherit; font-weight: inherit; font-size: inherit; font-family: inherit;\"><span style=\"margin: 0px; padding: 0px; border: 0px; font-style: inherit; font-variant: inherit; font-weight: inherit; font-size: 8.5pt; line-height: inherit; font-family: Verdana, sans-serif; color: #000000;\">Tas viss ir izstr\u0101d\u0101ts, lai apmierin\u0101tu jaunie\u0161u vajadz\u012bbas, \u0146emot v\u0113r\u0101 m\u016bsdienu tehnolo\u0123ijas un glob\u0101l\u0101s izgl\u012bt\u012bbas tendences.<\/span><\/i><\/p>\n<p data-start=\"138\" data-end=\"446\"><strong data-start=\"138\" data-end=\"184\">Clementoni Science &#038; Play Xtreme Motocross<\/strong> ir STEM konstruktors b\u0113rniem, kas \u013cauj uzb\u016bv\u0113t motokrosa motocikla modeli ar darbojo\u0161iem meh\u0101niskiem elementiem. Konstru\u0113\u0161anas proces\u0101 b\u0113rni apg\u016bst meh\u0101nikas pamatprincipus, att\u012bsta lo\u0123isko dom\u0101\u0161anu, cent\u012bbu un probl\u0113mu risin\u0101\u0161anas prasmes. <\/p>\n<p data-start=\"448\" data-end=\"668\">Komplekt\u0101 ir vair\u0101k nek\u0101 180 deta\u013cu, no kur\u0101m salikt motociklu ar st\u016bres meh\u0101nismu, kust\u012bgu virzuli, p\u0101rnesumu sist\u0113mu un piedzi\u0146as siksnu. Komplekt\u0101 ietilpst ar\u012b interakt\u012bvas 3D konstru\u0113\u0161anas instrukcijas. <\/p>\n<h3 data-section-id=\"1yoo11j\" data-start=\"670\" data-end=\"682\">Funkcijas:<\/h3>\n<ul data-start=\"683\" data-end=\"1006\">\n<li data-section-id=\"1rk74yo\" data-start=\"683\" data-end=\"715\">STEM izgl\u012bt\u012bbas konstruktors<\/li>\n<li data-section-id=\"l06qcf\" data-start=\"716\" data-end=\"756\">Motokrosa motocikla mode\u013cu komplekts<\/li>\n<li data-section-id=\"8stdqz\" data-start=\"757\" data-end=\"782\">Vair\u0101k nek\u0101 180 da\u013cas<\/li>\n<li data-section-id=\"1eoki01\" data-start=\"783\" data-end=\"817\">Darba st\u016bres meh\u0101nisms<\/li>\n<li data-section-id=\"1f4sta9\" data-start=\"818\" data-end=\"838\">Virzu\u013ca kust\u012bba<\/li>\n<li data-section-id=\"448tsp\" data-start=\"839\" data-end=\"866\">Zobratu meh\u0101nisms<\/li>\n<li data-section-id=\"1acenui\" data-start=\"867\" data-end=\"890\">Dzeno\u0161\u0101s jostas sist\u0113ma<\/li>\n<li data-section-id=\"1rrbzpr\" data-start=\"891\" data-end=\"922\">Interakt\u012bvas 3D instrukcijas<\/li>\n<li data-section-id=\"bfst8a\" data-start=\"923\" data-end=\"984\">Att\u012bsta lo\u0123isko dom\u0101\u0161anu, koncentr\u0113\u0161an\u0101s sp\u0113jas un tehnisk\u0101s prasmes.<\/li>\n<li data-section-id=\"blhgxf\" data-start=\"985\" data-end=\"1006\">Ra\u017eots It\u0101lij\u0101<\/li>\n<\/ul>\n<h3 data-section-id=\"1doj3pl\" data-start=\"1008\" data-end=\"1033\">Tehnisk\u0101 inform\u0101cija:<\/h3>\n<ul data-start=\"1034\" data-end=\"1279\">\n<li data-section-id=\"6h1825\" data-start=\"1034\" data-end=\"1058\">Z\u012bmols: Clementoni<\/li>\n<li data-section-id=\"1cktttg\" data-start=\"1059\" data-end=\"1104\">S\u0113rija:Zin\u0101tnes un sp\u0113\u013cu meh\u0101nikas laboratorija<\/li>\n<li data-section-id=\"v056s3\" data-start=\"1105\" data-end=\"1132\">Modelis: Xtreme Motocross<\/li>\n<li data-section-id=\"144m3q9\" data-start=\"1133\" data-end=\"1155\">Da\u013cu skaits: vair\u0101k nek\u0101 180<\/li>\n<li data-section-id=\"orun1i\" data-start=\"1156\" data-end=\"1200\">Iepakojuma izm\u0113ri: 27 x 19 x 5 cm<\/li>\n<li data-section-id=\"juk0p0\" data-start=\"1201\" data-end=\"1218\">Svars: 0,37 kg<\/li>\n<li data-section-id=\"f1h1ir\" data-start=\"1219\" data-end=\"1255\">Ieteicamais vecums: no 8 gadiem<\/li>\n<li data-section-id=\"1nyhx3l\" data-start=\"1256\" data-end=\"1279\">Izcelsmes valsts: It\u0101lija<\/li>\n<\/ul>\n<p><strong data-start=\"1552\" data-end=\"1574\">Dro\u0161\u012bbas br\u012bdin\u0101jums:<\/strong> nav piem\u0113rots b\u0113rniem, kas jaun\u0101ki par 3 gadiem, &#8211; ir mazas deta\u013cas, kas var rad\u012bt aizr\u012b\u0161an\u0101s risku.<\/p>\n","protected":false},"excerpt":{"rendered":"<ul data-start=\"1034\" data-end=\"1279\">\n<li data-section-id=\"6h1825\" data-start=\"1034\" data-end=\"1058\">Z\u012bmols: Clementoni<\/li>\n<li data-section-id=\"1cktttg\" data-start=\"1059\" data-end=\"1104\">S\u0113rija:Zin\u0101tnes un sp\u0113\u013cu meh\u0101nikas laboratorija<\/li>\n<li data-section-id=\"v056s3\" data-start=\"1105\" data-end=\"1132\">Modelis: Xtreme Motocross<\/li>\n<li data-section-id=\"144m3q9\" data-start=\"1133\" data-end=\"1155\">Da\u013cu skaits: vair\u0101k nek\u0101 180<\/li>\n<li data-section-id=\"orun1i\" data-start=\"1156\" data-end=\"1200\">Iepakojuma izm\u0113ri: 26,9 x 18,8 x 4,5 cm<\/li>\n<li data-section-id=\"juk0p0\" data-start=\"1201\" data-end=\"1218\">Svars: 0,37 kg<\/li>\n<li data-section-id=\"f1h1ir\" data-start=\"1219\" data-end=\"1255\">Ieteicamais vecums: no 8 gadiem<\/li>\n<li data-section-id=\"1nyhx3l\" data-start=\"1256\" data-end=\"1279\">Izcelsmes valsts: It\u0101lija<\/li>\n<\/ul>\n","protected":false},"featured_media":50353,"comment_status":"open","ping_status":"closed","template":"","meta":[],"product_brand":[],"product_cat":[1157,1158,1155,1176,1380],"product_tag":[],"class_list":{"0":"post-50350","1":"product","2":"type-product","3":"status-publish","4":"has-post-thumbnail","6":"product_cat-izglitojosas-un-interaktivas-rotallietas","7":"product_cat-konstruktori","8":"product_cat-leti","9":"product_cat-rotallietas-zeniem","10":"product_cat-zinas","11":"pa_amziaus-grupe-8-lv","12":"pa_prek-s-tipas-konstruktori-un-modulu-bloki","13":"pa_prekes-zenklas-clementoni-lv","15":"first","16":"instock","17":"sale","18":"taxable","19":"shipping-taxable","20":"purchasable","21":"product-type-simple"},"yoast_head":"<!-- This site is optimized with the Yoast SEO plugin v27.6 - https:\/\/yoast.com\/product\/yoast-seo-wordpress\/ -->\n<title>Clementoni STEM Constructor Xtreme Motocross, 180+ gab. - Toys.lt<\/title>\n<meta name=\"description\" content=\"Clementoni STEM Builder Xtreme Motocross ar vair\u0101k nek\u0101 180 deta\u013c\u0101m un darbojo\u0161iem meh\u0101niskiem elementiem. Izgl\u012btojo\u0161s komplekts b\u0113rniem no 8 gadu vecuma.\" \/>\n<meta name=\"robots\" content=\"index, follow, max-snippet:-1, max-image-preview:large, max-video-preview:-1\" \/>\n<link rel=\"canonical\" href=\"https:\/\/toys.lt\/lv\/produktas\/clementoni-mechanics-cementa-kravas-automasinas-stem-konstruktoru-komplekts-kopija\/\" \/>\n<meta property=\"og:locale\" content=\"lv_LV\" \/>\n<meta property=\"og:type\" content=\"article\" \/>\n<meta property=\"og:title\" content=\"Clementoni STEM Constructor Xtreme Motocross, 180+ gab. - Toys.lt\" \/>\n<meta property=\"og:description\" content=\"Clementoni STEM Builder Xtreme Motocross ar vair\u0101k nek\u0101 180 deta\u013c\u0101m un darbojo\u0161iem meh\u0101niskiem elementiem. Izgl\u012btojo\u0161s komplekts b\u0113rniem no 8 gadu vecuma.\" \/>\n<meta property=\"og:url\" content=\"https:\/\/toys.lt\/lv\/produktas\/clementoni-mechanics-cementa-kravas-automasinas-stem-konstruktoru-komplekts-kopija\/\" \/>\n<meta property=\"og:site_name\" content=\"Toys.lt\" \/>\n<meta property=\"article:modified_time\" content=\"2026-05-15T00:50:57+00:00\" \/>\n<meta property=\"og:image\" content=\"https:\/\/toys.lt\/wp-content\/uploads\/2026\/05\/75156-1.jpg\" \/>\n\t<meta property=\"og:image:width\" content=\"1082\" \/>\n\t<meta property=\"og:image:height\" content=\"890\" \/>\n\t<meta property=\"og:image:type\" content=\"image\/jpeg\" \/>\n<meta name=\"twitter:card\" content=\"summary_large_image\" \/>\n<meta name=\"twitter:label1\" content=\"Est. reading time\" \/>\n\t<meta name=\"twitter:data1\" content=\"1 minute\" \/>\n<script type=\"application\/ld+json\" class=\"yoast-schema-graph\">{\"@context\":\"https:\\\/\\\/schema.org\",\"@graph\":[{\"@type\":\"WebPage\",\"@id\":\"https:\\\/\\\/toys.lt\\\/lv\\\/produktas\\\/clementoni-mechanics-cementa-kravas-automasinas-stem-konstruktoru-komplekts-kopija\\\/\",\"url\":\"https:\\\/\\\/toys.lt\\\/lv\\\/produktas\\\/clementoni-mechanics-cementa-kravas-automasinas-stem-konstruktoru-komplekts-kopija\\\/\",\"name\":\"Clementoni STEM Constructor Xtreme Motocross, 180+ gab. - Toys.lt\",\"isPartOf\":{\"@id\":\"https:\\\/\\\/toys.lt\\\/lv\\\/#website\"},\"primaryImageOfPage\":{\"@id\":\"https:\\\/\\\/toys.lt\\\/lv\\\/produktas\\\/clementoni-mechanics-cementa-kravas-automasinas-stem-konstruktoru-komplekts-kopija\\\/#primaryimage\"},\"image\":{\"@id\":\"https:\\\/\\\/toys.lt\\\/lv\\\/produktas\\\/clementoni-mechanics-cementa-kravas-automasinas-stem-konstruktoru-komplekts-kopija\\\/#primaryimage\"},\"thumbnailUrl\":\"https:\\\/\\\/toys.lt\\\/wp-content\\\/uploads\\\/2026\\\/05\\\/75156-1.jpg\",\"datePublished\":\"2026-05-14T21:15:33+00:00\",\"dateModified\":\"2026-05-15T00:50:57+00:00\",\"description\":\"Clementoni STEM Builder Xtreme Motocross ar vair\u0101k nek\u0101 180 deta\u013c\u0101m un darbojo\u0161iem meh\u0101niskiem elementiem. Izgl\u012btojo\u0161s komplekts b\u0113rniem no 8 gadu vecuma.\",\"breadcrumb\":{\"@id\":\"https:\\\/\\\/toys.lt\\\/lv\\\/produktas\\\/clementoni-mechanics-cementa-kravas-automasinas-stem-konstruktoru-komplekts-kopija\\\/#breadcrumb\"},\"inLanguage\":\"lv-LV\",\"potentialAction\":[{\"@type\":\"ReadAction\",\"target\":[\"https:\\\/\\\/toys.lt\\\/lv\\\/produktas\\\/clementoni-mechanics-cementa-kravas-automasinas-stem-konstruktoru-komplekts-kopija\\\/\"]}]},{\"@type\":\"ImageObject\",\"inLanguage\":\"lv-LV\",\"@id\":\"https:\\\/\\\/toys.lt\\\/lv\\\/produktas\\\/clementoni-mechanics-cementa-kravas-automasinas-stem-konstruktoru-komplekts-kopija\\\/#primaryimage\",\"url\":\"https:\\\/\\\/toys.lt\\\/wp-content\\\/uploads\\\/2026\\\/05\\\/75156-1.jpg\",\"contentUrl\":\"https:\\\/\\\/toys.lt\\\/wp-content\\\/uploads\\\/2026\\\/05\\\/75156-1.jpg\",\"width\":1082,\"height\":890,\"caption\":\"75156 1\"},{\"@type\":\"BreadcrumbList\",\"@id\":\"https:\\\/\\\/toys.lt\\\/lv\\\/produktas\\\/clementoni-mechanics-cementa-kravas-automasinas-stem-konstruktoru-komplekts-kopija\\\/#breadcrumb\",\"itemListElement\":[{\"@type\":\"ListItem\",\"position\":1,\"name\":\"Home\",\"item\":\"https:\\\/\\\/toys.lt\\\/lv\\\/\"},{\"@type\":\"ListItem\",\"position\":2,\"name\":\"Veikals\",\"item\":\"https:\\\/\\\/toys.lt\\\/lv\\\/shop\\\/\"},{\"@type\":\"ListItem\",\"position\":3,\"name\":\"Clementoni STEM Constructor Xtreme Motocross, 180+ gab.\"}]},{\"@type\":\"WebSite\",\"@id\":\"https:\\\/\\\/toys.lt\\\/lv\\\/#website\",\"url\":\"https:\\\/\\\/toys.lt\\\/lv\\\/\",\"name\":\"Toys.lt\",\"description\":\"\",\"potentialAction\":[{\"@type\":\"SearchAction\",\"target\":{\"@type\":\"EntryPoint\",\"urlTemplate\":\"https:\\\/\\\/toys.lt\\\/lv\\\/?s={search_term_string}\"},\"query-input\":{\"@type\":\"PropertyValueSpecification\",\"valueRequired\":true,\"valueName\":\"search_term_string\"}}],\"inLanguage\":\"lv-LV\"}]}<\/script>\n<!-- \/ Yoast SEO plugin. -->","yoast_head_json":{"title":"Clementoni STEM Constructor Xtreme Motocross, 180+ gab. - Toys.lt","description":"Clementoni STEM Builder Xtreme Motocross ar vair\u0101k nek\u0101 180 deta\u013c\u0101m un darbojo\u0161iem meh\u0101niskiem elementiem. Izgl\u012btojo\u0161s komplekts b\u0113rniem no 8 gadu vecuma.","robots":{"index":"index","follow":"follow","max-snippet":"max-snippet:-1","max-image-preview":"max-image-preview:large","max-video-preview":"max-video-preview:-1"},"canonical":"https:\/\/toys.lt\/lv\/produktas\/clementoni-mechanics-cementa-kravas-automasinas-stem-konstruktoru-komplekts-kopija\/","og_locale":"lv_LV","og_type":"article","og_title":"Clementoni STEM Constructor Xtreme Motocross, 180+ gab. - Toys.lt","og_description":"Clementoni STEM Builder Xtreme Motocross ar vair\u0101k nek\u0101 180 deta\u013c\u0101m un darbojo\u0161iem meh\u0101niskiem elementiem. Izgl\u012btojo\u0161s komplekts b\u0113rniem no 8 gadu vecuma.","og_url":"https:\/\/toys.lt\/lv\/produktas\/clementoni-mechanics-cementa-kravas-automasinas-stem-konstruktoru-komplekts-kopija\/","og_site_name":"Toys.lt","article_modified_time":"2026-05-15T00:50:57+00:00","og_image":[{"width":1082,"height":890,"url":"https:\/\/toys.lt\/wp-content\/uploads\/2026\/05\/75156-1.jpg","type":"image\/jpeg"}],"twitter_card":"summary_large_image","twitter_misc":{"Est. reading time":"1 minute"},"schema":{"@context":"https:\/\/schema.org","@graph":[{"@type":"WebPage","@id":"https:\/\/toys.lt\/lv\/produktas\/clementoni-mechanics-cementa-kravas-automasinas-stem-konstruktoru-komplekts-kopija\/","url":"https:\/\/toys.lt\/lv\/produktas\/clementoni-mechanics-cementa-kravas-automasinas-stem-konstruktoru-komplekts-kopija\/","name":"Clementoni STEM Constructor Xtreme Motocross, 180+ gab. - Toys.lt","isPartOf":{"@id":"https:\/\/toys.lt\/lv\/#website"},"primaryImageOfPage":{"@id":"https:\/\/toys.lt\/lv\/produktas\/clementoni-mechanics-cementa-kravas-automasinas-stem-konstruktoru-komplekts-kopija\/#primaryimage"},"image":{"@id":"https:\/\/toys.lt\/lv\/produktas\/clementoni-mechanics-cementa-kravas-automasinas-stem-konstruktoru-komplekts-kopija\/#primaryimage"},"thumbnailUrl":"https:\/\/toys.lt\/wp-content\/uploads\/2026\/05\/75156-1.jpg","datePublished":"2026-05-14T21:15:33+00:00","dateModified":"2026-05-15T00:50:57+00:00","description":"Clementoni STEM Builder Xtreme Motocross ar vair\u0101k nek\u0101 180 deta\u013c\u0101m un darbojo\u0161iem meh\u0101niskiem elementiem. Izgl\u012btojo\u0161s komplekts b\u0113rniem no 8 gadu vecuma.","breadcrumb":{"@id":"https:\/\/toys.lt\/lv\/produktas\/clementoni-mechanics-cementa-kravas-automasinas-stem-konstruktoru-komplekts-kopija\/#breadcrumb"},"inLanguage":"lv-LV","potentialAction":[{"@type":"ReadAction","target":["https:\/\/toys.lt\/lv\/produktas\/clementoni-mechanics-cementa-kravas-automasinas-stem-konstruktoru-komplekts-kopija\/"]}]},{"@type":"ImageObject","inLanguage":"lv-LV","@id":"https:\/\/toys.lt\/lv\/produktas\/clementoni-mechanics-cementa-kravas-automasinas-stem-konstruktoru-komplekts-kopija\/#primaryimage","url":"https:\/\/toys.lt\/wp-content\/uploads\/2026\/05\/75156-1.jpg","contentUrl":"https:\/\/toys.lt\/wp-content\/uploads\/2026\/05\/75156-1.jpg","width":1082,"height":890,"caption":"75156 1"},{"@type":"BreadcrumbList","@id":"https:\/\/toys.lt\/lv\/produktas\/clementoni-mechanics-cementa-kravas-automasinas-stem-konstruktoru-komplekts-kopija\/#breadcrumb","itemListElement":[{"@type":"ListItem","position":1,"name":"Home","item":"https:\/\/toys.lt\/lv\/"},{"@type":"ListItem","position":2,"name":"Veikals","item":"https:\/\/toys.lt\/lv\/shop\/"},{"@type":"ListItem","position":3,"name":"Clementoni STEM Constructor Xtreme Motocross, 180+ gab."}]},{"@type":"WebSite","@id":"https:\/\/toys.lt\/lv\/#website","url":"https:\/\/toys.lt\/lv\/","name":"Toys.lt","description":"","potentialAction":[{"@type":"SearchAction","target":{"@type":"EntryPoint","urlTemplate":"https:\/\/toys.lt\/lv\/?s={search_term_string}"},"query-input":{"@type":"PropertyValueSpecification","valueRequired":true,"valueName":"search_term_string"}}],"inLanguage":"lv-LV"}]}},"_links":{"self":[{"href":"https:\/\/toys.lt\/lv\/wp-json\/wp\/v2\/product\/50350","targetHints":{"allow":["GET"]}}],"collection":[{"href":"https:\/\/toys.lt\/lv\/wp-json\/wp\/v2\/product"}],"about":[{"href":"https:\/\/toys.lt\/lv\/wp-json\/wp\/v2\/types\/product"}],"replies":[{"embeddable":true,"href":"https:\/\/toys.lt\/lv\/wp-json\/wp\/v2\/comments?post=50350"}],"version-history":[{"count":2,"href":"https:\/\/toys.lt\/lv\/wp-json\/wp\/v2\/product\/50350\/revisions"}],"predecessor-version":[{"id":50436,"href":"https:\/\/toys.lt\/lv\/wp-json\/wp\/v2\/product\/50350\/revisions\/50436"}],"wp:featuredmedia":[{"embeddable":true,"href":"https:\/\/toys.lt\/lv\/wp-json\/wp\/v2\/media\/50353"}],"wp:attachment":[{"href":"https:\/\/toys.lt\/lv\/wp-json\/wp\/v2\/media?parent=50350"}],"wp:term":[{"taxonomy":"product_brand","embeddable":true,"href":"https:\/\/toys.lt\/lv\/wp-json\/wp\/v2\/product_brand?post=50350"},{"taxonomy":"product_cat","embeddable":true,"href":"https:\/\/toys.lt\/lv\/wp-json\/wp\/v2\/product_cat?post=50350"},{"taxonomy":"product_tag","embeddable":true,"href":"https:\/\/toys.lt\/lv\/wp-json\/wp\/v2\/product_tag?post=50350"}],"curies":[{"name":"wp","href":"https:\/\/api.w.org\/{rel}","templated":true}]}}