{"id":50203,"date":"2026-05-12T01:22:37","date_gmt":"2026-05-12T01:22:37","guid":{"rendered":"https:\/\/toys.lt\/?post_type=product&#038;p=50203"},"modified":"2026-05-12T01:25:09","modified_gmt":"2026-05-12T01:25:09","slug":"liels-metala-traktora-piekabes-dzivnieku-komplekts-ferma-kopija","status":"publish","type":"product","link":"https:\/\/toys.lt\/lv\/produktas\/liels-metala-traktora-piekabes-dzivnieku-komplekts-ferma-kopija\/","title":{"rendered":"Liels met\u0101la traktora piekabes dz\u012bvnieku komplekts &#8211; ferma (Kopija)"},"content":{"rendered":"<p data-start=\"129\" data-end=\"220\"><strong data-start=\"129\" data-end=\"220\">Saimniec\u012bbas transportl\u012bdzek\u013cu mode\u013cu komplekts &#8211; jautr\u012bba mazajiem tehnolo\u0123iju faniem!<\/strong><\/p>\n<p data-start=\"222\" data-end=\"522\">\u013baujiet saviem b\u0113rniem iejusties lauku dz\u012bves piedz\u012bvojumos ar \u0161o <strong data-start=\"284\" data-end=\"330\">fermas transportl\u012bdzek\u013cu mode\u013cu komplektu<\/strong>! Komplekt\u0101 ir pla\u0161s detaliz\u0113tu lauksaimniec\u012bbas transportl\u012bdzek\u013cu &#8211; traktoru, piekabju, kombainu un citu &#8211; atveidojumu kl\u0101sts, kas ne tikai rosina izt\u0113li, bet ar\u012b rosina rado\u0161i sp\u0113l\u0113ties.<\/p>\n<p data-start=\"524\" data-end=\"536\"><strong data-start=\"524\" data-end=\"536\">Funkcijas:<\/strong><\/p>\n<ul data-start=\"537\" data-end=\"784\">\n<li data-start=\"537\" data-end=\"598\">\n<p data-start=\"539\" data-end=\"598\">Komplekt\u0101 ir vair\u0101ki da\u017e\u0101di transportl\u012bdzek\u013cu mode\u013ci<\/p>\n<\/li>\n<li data-start=\"599\" data-end=\"640\">\n<p data-start=\"601\" data-end=\"640\">Spilgtas kr\u0101sas un re\u0101listisks dizains<\/p>\n<\/li>\n<li data-start=\"641\" data-end=\"689\">\n<p data-start=\"643\" data-end=\"689\">Izgatavots no iztur\u012bgiem, b\u0113rniem dro\u0161iem materi\u0101liem<\/p>\n<\/li>\n<li data-start=\"690\" data-end=\"732\">\n<p data-start=\"692\" data-end=\"732\">Ide\u0101li piem\u0113rots rota\u013c\u0101m m\u0101j\u0101s vai \u0101r\u0101<\/p>\n<\/li>\n<li data-start=\"733\" data-end=\"784\">\n<p data-start=\"735\" data-end=\"784\">Veicina smalk\u0101s motorikas prasmes un interesi par tehnolo\u0123ij\u0101m.<\/p>\n<\/li>\n<\/ul>\n<p data-start=\"786\" data-end=\"897\">\u0160is komplekts ir lieliska d\u0101vana b\u0113rniem, kuri interes\u0113jas par tehnolo\u0123ij\u0101m, kuriem pat\u012bk rad\u012bt st\u0101stus vai kuri sap\u0146o k\u013c\u016bt par lauksaimniekiem!<\/p>\n<p data-start=\"920\" data-end=\"940\"><strong data-start=\"920\" data-end=\"940\">Ietver:<\/strong><\/p>\n<ul data-start=\"941\" data-end=\"1227\">\n<li data-start=\"941\" data-end=\"982\">\n<p data-start=\"943\" data-end=\"982\">3 da\u017e\u0101da dizaina traktori<\/p>\n<\/li>\n<li data-start=\"983\" data-end=\"998\">\n<p data-start=\"985\" data-end=\"998\">2 kombaini<\/p>\n<\/li>\n<li data-start=\"999\" data-end=\"1018\">\n<p data-start=\"1001\" data-end=\"1018\">3 piekabes<\/p>\n<\/li>\n<li data-start=\"1019\" data-end=\"1049\">1 kravas automa\u0161\u012bna ar garu piekabi<\/li>\n<li data-start=\"1121\" data-end=\"1149\">\n<p data-start=\"1123\" data-end=\"1149\">2 smidzin\u0101t\u0101ji\/m\u0113slo\u0161anas l\u012bdzek\u013ci<\/p>\n<\/li>\n<li data-start=\"1150\" data-end=\"1227\">\n<p data-start=\"1152\" data-end=\"1227\">6 dz\u012bvnieki<\/p>\n<\/li>\n<\/ul>\n","protected":false},"excerpt":{"rendered":"<p>Produkta veids: lauksaimniec\u012bbas tehnika<\/p>\n<p>Izcelsmes valsts: \u0136\u012bna<\/p>\n<p>Produkta materi\u0101ls: plastmasa, met\u0101ls<\/p>\n<p>Iepakojuma izm\u0113ri: 50 x 30 x 10 cm<\/p>\n<p>Ieteicamais vecums: no 3 gadiem.<\/p>\n","protected":false},"featured_media":50205,"comment_status":"open","ping_status":"closed","template":"","meta":[],"product_brand":[],"product_cat":[1406,1176,1177],"product_tag":[],"class_list":{"0":"post-50203","1":"product","2":"type-product","3":"status-publish","4":"has-post-thumbnail","6":"product_cat-letakais","7":"product_cat-rotallietas-zeniem","8":"product_cat-rotalu-automasinas-traktori-un-kapurkedes","9":"pa_amziaus-grupe-3-lv","11":"first","12":"instock","13":"sale","14":"taxable","15":"shipping-taxable","16":"purchasable","17":"product-type-simple"},"yoast_head":"<!-- This site is optimized with the Yoast SEO plugin v26.3 - https:\/\/yoast.com\/wordpress\/plugins\/seo\/ -->\n<title>Liels met\u0101la traktora piekabes dz\u012bvnieku komplekts - ferma (Kopija) - Toys.lt<\/title>\n<meta name=\"robots\" content=\"index, follow, max-snippet:-1, max-image-preview:large, max-video-preview:-1\" \/>\n<link rel=\"canonical\" href=\"https:\/\/toys.lt\/lv\/produktas\/liels-metala-traktora-piekabes-dzivnieku-komplekts-ferma-kopija\/\" \/>\n<meta property=\"og:locale\" content=\"lv_LV\" \/>\n<meta property=\"og:type\" content=\"article\" \/>\n<meta property=\"og:title\" content=\"Liels met\u0101la traktora piekabes dz\u012bvnieku komplekts - ferma (Kopija) - Toys.lt\" \/>\n<meta property=\"og:description\" content=\"Produkta veids: lauksaimniec\u012bbas tehnika Izcelsmes valsts: \u0136\u012bna Produkta materi\u0101ls: plastmasa, met\u0101ls Iepakojuma izm\u0113ri: 50 x 30 x 10 cm Ieteicamais vecums: no 3 gadiem.\" \/>\n<meta property=\"og:url\" content=\"https:\/\/toys.lt\/lv\/produktas\/liels-metala-traktora-piekabes-dzivnieku-komplekts-ferma-kopija\/\" \/>\n<meta property=\"og:site_name\" content=\"Toys.lt\" \/>\n<meta property=\"article:modified_time\" content=\"2026-05-12T01:25:09+00:00\" \/>\n<meta property=\"og:image\" content=\"https:\/\/toys.lt\/wp-content\/uploads\/2026\/05\/DS078.jpg\" \/>\n\t<meta property=\"og:image:width\" content=\"800\" \/>\n\t<meta property=\"og:image:height\" content=\"800\" \/>\n\t<meta property=\"og:image:type\" content=\"image\/jpeg\" \/>\n<meta name=\"twitter:card\" content=\"summary_large_image\" \/>\n<meta name=\"twitter:label1\" content=\"Est. reading time\" \/>\n\t<meta name=\"twitter:data1\" content=\"1 minute\" \/>\n<script type=\"application\/ld+json\" class=\"yoast-schema-graph\">{\"@context\":\"https:\/\/schema.org\",\"@graph\":[{\"@type\":\"WebPage\",\"@id\":\"https:\/\/toys.lt\/lv\/produktas\/liels-metala-traktora-piekabes-dzivnieku-komplekts-ferma-kopija\/\",\"url\":\"https:\/\/toys.lt\/lv\/produktas\/liels-metala-traktora-piekabes-dzivnieku-komplekts-ferma-kopija\/\",\"name\":\"Liels met\u0101la traktora piekabes dz\u012bvnieku komplekts - ferma (Kopija) - Toys.lt\",\"isPartOf\":{\"@id\":\"https:\/\/toys.lt\/lv\/#website\"},\"primaryImageOfPage\":{\"@id\":\"https:\/\/toys.lt\/lv\/produktas\/liels-metala-traktora-piekabes-dzivnieku-komplekts-ferma-kopija\/#primaryimage\"},\"image\":{\"@id\":\"https:\/\/toys.lt\/lv\/produktas\/liels-metala-traktora-piekabes-dzivnieku-komplekts-ferma-kopija\/#primaryimage\"},\"thumbnailUrl\":\"https:\/\/toys.lt\/wp-content\/uploads\/2026\/05\/DS078.jpg\",\"datePublished\":\"2026-05-12T01:22:37+00:00\",\"dateModified\":\"2026-05-12T01:25:09+00:00\",\"breadcrumb\":{\"@id\":\"https:\/\/toys.lt\/lv\/produktas\/liels-metala-traktora-piekabes-dzivnieku-komplekts-ferma-kopija\/#breadcrumb\"},\"inLanguage\":\"lv-LV\",\"potentialAction\":[{\"@type\":\"ReadAction\",\"target\":[\"https:\/\/toys.lt\/lv\/produktas\/liels-metala-traktora-piekabes-dzivnieku-komplekts-ferma-kopija\/\"]}]},{\"@type\":\"ImageObject\",\"inLanguage\":\"lv-LV\",\"@id\":\"https:\/\/toys.lt\/lv\/produktas\/liels-metala-traktora-piekabes-dzivnieku-komplekts-ferma-kopija\/#primaryimage\",\"url\":\"https:\/\/toys.lt\/wp-content\/uploads\/2026\/05\/DS078.jpg\",\"contentUrl\":\"https:\/\/toys.lt\/wp-content\/uploads\/2026\/05\/DS078.jpg\",\"width\":800,\"height\":800,\"caption\":\"Kosmoso tyrin\u0117jimo \u017eaisl\u0173 rinkinys vaikams Space Star\"},{\"@type\":\"BreadcrumbList\",\"@id\":\"https:\/\/toys.lt\/lv\/produktas\/liels-metala-traktora-piekabes-dzivnieku-komplekts-ferma-kopija\/#breadcrumb\",\"itemListElement\":[{\"@type\":\"ListItem\",\"position\":1,\"name\":\"Home\",\"item\":\"https:\/\/toys.lt\/lv\/\"},{\"@type\":\"ListItem\",\"position\":2,\"name\":\"Veikals\",\"item\":\"https:\/\/toys.lt\/lv\/shop\/\"},{\"@type\":\"ListItem\",\"position\":3,\"name\":\"Liels met\u0101la traktora piekabes dz\u012bvnieku komplekts &#8211; ferma (Kopija)\"}]},{\"@type\":\"WebSite\",\"@id\":\"https:\/\/toys.lt\/lv\/#website\",\"url\":\"https:\/\/toys.lt\/lv\/\",\"name\":\"Toys.lt\",\"description\":\"\",\"potentialAction\":[{\"@type\":\"SearchAction\",\"target\":{\"@type\":\"EntryPoint\",\"urlTemplate\":\"https:\/\/toys.lt\/lv\/?s={search_term_string}\"},\"query-input\":{\"@type\":\"PropertyValueSpecification\",\"valueRequired\":true,\"valueName\":\"search_term_string\"}}],\"inLanguage\":\"lv-LV\"}]}<\/script>\n<!-- \/ Yoast SEO plugin. -->","yoast_head_json":{"title":"Liels met\u0101la traktora piekabes dz\u012bvnieku komplekts - ferma (Kopija) - Toys.lt","robots":{"index":"index","follow":"follow","max-snippet":"max-snippet:-1","max-image-preview":"max-image-preview:large","max-video-preview":"max-video-preview:-1"},"canonical":"https:\/\/toys.lt\/lv\/produktas\/liels-metala-traktora-piekabes-dzivnieku-komplekts-ferma-kopija\/","og_locale":"lv_LV","og_type":"article","og_title":"Liels met\u0101la traktora piekabes dz\u012bvnieku komplekts - ferma (Kopija) - Toys.lt","og_description":"Produkta veids: lauksaimniec\u012bbas tehnika Izcelsmes valsts: \u0136\u012bna Produkta materi\u0101ls: plastmasa, met\u0101ls Iepakojuma izm\u0113ri: 50 x 30 x 10 cm Ieteicamais vecums: no 3 gadiem.","og_url":"https:\/\/toys.lt\/lv\/produktas\/liels-metala-traktora-piekabes-dzivnieku-komplekts-ferma-kopija\/","og_site_name":"Toys.lt","article_modified_time":"2026-05-12T01:25:09+00:00","og_image":[{"width":800,"height":800,"url":"https:\/\/toys.lt\/wp-content\/uploads\/2026\/05\/DS078.jpg","type":"image\/jpeg"}],"twitter_card":"summary_large_image","twitter_misc":{"Est. reading time":"1 minute"},"schema":{"@context":"https:\/\/schema.org","@graph":[{"@type":"WebPage","@id":"https:\/\/toys.lt\/lv\/produktas\/liels-metala-traktora-piekabes-dzivnieku-komplekts-ferma-kopija\/","url":"https:\/\/toys.lt\/lv\/produktas\/liels-metala-traktora-piekabes-dzivnieku-komplekts-ferma-kopija\/","name":"Liels met\u0101la traktora piekabes dz\u012bvnieku komplekts - ferma (Kopija) - Toys.lt","isPartOf":{"@id":"https:\/\/toys.lt\/lv\/#website"},"primaryImageOfPage":{"@id":"https:\/\/toys.lt\/lv\/produktas\/liels-metala-traktora-piekabes-dzivnieku-komplekts-ferma-kopija\/#primaryimage"},"image":{"@id":"https:\/\/toys.lt\/lv\/produktas\/liels-metala-traktora-piekabes-dzivnieku-komplekts-ferma-kopija\/#primaryimage"},"thumbnailUrl":"https:\/\/toys.lt\/wp-content\/uploads\/2026\/05\/DS078.jpg","datePublished":"2026-05-12T01:22:37+00:00","dateModified":"2026-05-12T01:25:09+00:00","breadcrumb":{"@id":"https:\/\/toys.lt\/lv\/produktas\/liels-metala-traktora-piekabes-dzivnieku-komplekts-ferma-kopija\/#breadcrumb"},"inLanguage":"lv-LV","potentialAction":[{"@type":"ReadAction","target":["https:\/\/toys.lt\/lv\/produktas\/liels-metala-traktora-piekabes-dzivnieku-komplekts-ferma-kopija\/"]}]},{"@type":"ImageObject","inLanguage":"lv-LV","@id":"https:\/\/toys.lt\/lv\/produktas\/liels-metala-traktora-piekabes-dzivnieku-komplekts-ferma-kopija\/#primaryimage","url":"https:\/\/toys.lt\/wp-content\/uploads\/2026\/05\/DS078.jpg","contentUrl":"https:\/\/toys.lt\/wp-content\/uploads\/2026\/05\/DS078.jpg","width":800,"height":800,"caption":"Kosmoso tyrin\u0117jimo \u017eaisl\u0173 rinkinys vaikams Space Star"},{"@type":"BreadcrumbList","@id":"https:\/\/toys.lt\/lv\/produktas\/liels-metala-traktora-piekabes-dzivnieku-komplekts-ferma-kopija\/#breadcrumb","itemListElement":[{"@type":"ListItem","position":1,"name":"Home","item":"https:\/\/toys.lt\/lv\/"},{"@type":"ListItem","position":2,"name":"Veikals","item":"https:\/\/toys.lt\/lv\/shop\/"},{"@type":"ListItem","position":3,"name":"Liels met\u0101la traktora piekabes dz\u012bvnieku komplekts &#8211; ferma (Kopija)"}]},{"@type":"WebSite","@id":"https:\/\/toys.lt\/lv\/#website","url":"https:\/\/toys.lt\/lv\/","name":"Toys.lt","description":"","potentialAction":[{"@type":"SearchAction","target":{"@type":"EntryPoint","urlTemplate":"https:\/\/toys.lt\/lv\/?s={search_term_string}"},"query-input":{"@type":"PropertyValueSpecification","valueRequired":true,"valueName":"search_term_string"}}],"inLanguage":"lv-LV"}]}},"_links":{"self":[{"href":"https:\/\/toys.lt\/lv\/wp-json\/wp\/v2\/product\/50203","targetHints":{"allow":["GET"]}}],"collection":[{"href":"https:\/\/toys.lt\/lv\/wp-json\/wp\/v2\/product"}],"about":[{"href":"https:\/\/toys.lt\/lv\/wp-json\/wp\/v2\/types\/product"}],"replies":[{"embeddable":true,"href":"https:\/\/toys.lt\/lv\/wp-json\/wp\/v2\/comments?post=50203"}],"version-history":[{"count":1,"href":"https:\/\/toys.lt\/lv\/wp-json\/wp\/v2\/product\/50203\/revisions"}],"predecessor-version":[{"id":50206,"href":"https:\/\/toys.lt\/lv\/wp-json\/wp\/v2\/product\/50203\/revisions\/50206"}],"wp:featuredmedia":[{"embeddable":true,"href":"https:\/\/toys.lt\/lv\/wp-json\/wp\/v2\/media\/50205"}],"wp:attachment":[{"href":"https:\/\/toys.lt\/lv\/wp-json\/wp\/v2\/media?parent=50203"}],"wp:term":[{"taxonomy":"product_brand","embeddable":true,"href":"https:\/\/toys.lt\/lv\/wp-json\/wp\/v2\/product_brand?post=50203"},{"taxonomy":"product_cat","embeddable":true,"href":"https:\/\/toys.lt\/lv\/wp-json\/wp\/v2\/product_cat?post=50203"},{"taxonomy":"product_tag","embeddable":true,"href":"https:\/\/toys.lt\/lv\/wp-json\/wp\/v2\/product_tag?post=50203"}],"curies":[{"name":"wp","href":"https:\/\/api.w.org\/{rel}","templated":true}]}}