{"id":50185,"date":"2026-05-12T00:27:52","date_gmt":"2026-05-12T00:27:52","guid":{"rendered":"https:\/\/toys.lt\/?post_type=product&#038;p=50185"},"modified":"2026-05-12T00:39:09","modified_gmt":"2026-05-12T00:39:09","slug":"lellu-ratini-kopija","status":"publish","type":"product","link":"https:\/\/toys.lt\/lv\/produktas\/lellu-ratini-kopija\/","title":{"rendered":"Le\u013c\u013cu rati\u0146i (Kopija)"},"content":{"rendered":"<p><strong>Funkcijas:<\/strong><\/p>\n<ul style=\"list-style-type: square;\">\n<li style=\"margin: 0px; padding: 0px; font: inherit; border: 0px;\">Kapuce saliecas un noliecas<\/li>\n<li style=\"margin: 0px; padding: 0px; font: inherit; border: 0px;\">Visi rati\u0146i salok\u0101mi l\u012bdzeni<\/li>\n<li style=\"margin: 0px; padding: 0px; font: inherit; border: 0px;\">Manevr\u0113\u0161ana<\/li>\n<li style=\"margin: 0px; padding: 0px; font: inherit; border: 0px;\">Polster\u0113ts rokturis<\/li>\n<li style=\"margin: 0px; padding: 0px; font: inherit; border: 0px;\">Kompakts un viegls<\/li>\n<li style=\"margin: 0px; padding: 0px; font: inherit; border: 0px;\">Ietilp\u012bgs maiss, ko var no\u0146emt<\/li>\n<li style=\"margin: 0px; padding: 0px; font: inherit; border: 0px;\">Iztur\u012bgs r\u0101mis<\/li>\n<li style=\"margin: 0px; padding: 0px; font: inherit; border: 0px;\">Iztur\u012bgs, mazg\u0101jams materi\u0101ls<\/li>\n<li style=\"margin: 0px; padding: 0px; font: inherit; border: 0px;\">Var izmantot gan \u0101r\u0101, gan m\u0101j\u0101s<\/li>\n<\/ul>\n<p>&nbsp;<\/p>\n","protected":false},"excerpt":{"rendered":"<p>Produkta veids: rati\u0146i lellei<\/p>\n<p>Izcelsmes valsts: \u0136\u012bna<\/p>\n<p>Produkta izm\u0113ri: 55 x 49 x 26 cm<\/p>\n<p>Produkta materi\u0101ls: met\u0101ls, tekstils<\/p>\n<p>Ieteicamais vecums: no 3 gadiem.<\/p>\n","protected":false},"featured_media":50187,"comment_status":"open","ping_status":"closed","template":"","meta":[],"product_brand":[],"product_cat":[1180,1221],"product_tag":[],"class_list":{"0":"post-50185","1":"product","2":"type-product","3":"status-publish","4":"has-post-thumbnail","6":"product_cat-rotallietas-meitenem","7":"product_cat-rotalu-lelles-un-aksesuari","8":"pa_amziaus-grupe-3-lv","10":"first","11":"instock","12":"sale","13":"taxable","14":"shipping-taxable","15":"purchasable","16":"product-type-simple"},"yoast_head":"<!-- This site is optimized with the Yoast SEO plugin v26.3 - https:\/\/yoast.com\/wordpress\/plugins\/seo\/ -->\n<title>Le\u013c\u013cu rati\u0146i (Kopija) - Toys.lt<\/title>\n<meta name=\"robots\" content=\"index, follow, max-snippet:-1, max-image-preview:large, max-video-preview:-1\" \/>\n<link rel=\"canonical\" href=\"https:\/\/toys.lt\/lv\/produktas\/lellu-ratini-kopija\/\" \/>\n<meta property=\"og:locale\" content=\"lv_LV\" \/>\n<meta property=\"og:type\" content=\"article\" \/>\n<meta property=\"og:title\" content=\"Le\u013c\u013cu rati\u0146i (Kopija) - Toys.lt\" \/>\n<meta property=\"og:description\" content=\"Produkta veids: rati\u0146i lellei Izcelsmes valsts: \u0136\u012bna Produkta izm\u0113ri: 55 x 49 x 26 cm Produkta materi\u0101ls: met\u0101ls, tekstils Ieteicamais vecums: no 3 gadiem.\" \/>\n<meta property=\"og:url\" content=\"https:\/\/toys.lt\/lv\/produktas\/lellu-ratini-kopija\/\" \/>\n<meta property=\"og:site_name\" content=\"Toys.lt\" \/>\n<meta property=\"article:modified_time\" content=\"2026-05-12T00:39:09+00:00\" \/>\n<meta property=\"og:image\" content=\"https:\/\/toys.lt\/wp-content\/uploads\/2026\/05\/YL3026A.jpg\" \/>\n\t<meta property=\"og:image:width\" content=\"1992\" \/>\n\t<meta property=\"og:image:height\" content=\"1751\" \/>\n\t<meta property=\"og:image:type\" content=\"image\/jpeg\" \/>\n<meta name=\"twitter:card\" content=\"summary_large_image\" \/>\n<script type=\"application\/ld+json\" class=\"yoast-schema-graph\">{\"@context\":\"https:\/\/schema.org\",\"@graph\":[{\"@type\":\"WebPage\",\"@id\":\"https:\/\/toys.lt\/lv\/produktas\/lellu-ratini-kopija\/\",\"url\":\"https:\/\/toys.lt\/lv\/produktas\/lellu-ratini-kopija\/\",\"name\":\"Le\u013c\u013cu rati\u0146i (Kopija) - Toys.lt\",\"isPartOf\":{\"@id\":\"https:\/\/toys.lt\/lv\/#website\"},\"primaryImageOfPage\":{\"@id\":\"https:\/\/toys.lt\/lv\/produktas\/lellu-ratini-kopija\/#primaryimage\"},\"image\":{\"@id\":\"https:\/\/toys.lt\/lv\/produktas\/lellu-ratini-kopija\/#primaryimage\"},\"thumbnailUrl\":\"https:\/\/toys.lt\/wp-content\/uploads\/2026\/05\/YL3026A.jpg\",\"datePublished\":\"2026-05-12T00:27:52+00:00\",\"dateModified\":\"2026-05-12T00:39:09+00:00\",\"breadcrumb\":{\"@id\":\"https:\/\/toys.lt\/lv\/produktas\/lellu-ratini-kopija\/#breadcrumb\"},\"inLanguage\":\"lv-LV\",\"potentialAction\":[{\"@type\":\"ReadAction\",\"target\":[\"https:\/\/toys.lt\/lv\/produktas\/lellu-ratini-kopija\/\"]}]},{\"@type\":\"ImageObject\",\"inLanguage\":\"lv-LV\",\"@id\":\"https:\/\/toys.lt\/lv\/produktas\/lellu-ratini-kopija\/#primaryimage\",\"url\":\"https:\/\/toys.lt\/wp-content\/uploads\/2026\/05\/YL3026A.jpg\",\"contentUrl\":\"https:\/\/toys.lt\/wp-content\/uploads\/2026\/05\/YL3026A.jpg\",\"width\":1992,\"height\":1751,\"caption\":\"L\u0117li\u0173 ve\u017eim\u0117lis su lop\u0161iu\"},{\"@type\":\"BreadcrumbList\",\"@id\":\"https:\/\/toys.lt\/lv\/produktas\/lellu-ratini-kopija\/#breadcrumb\",\"itemListElement\":[{\"@type\":\"ListItem\",\"position\":1,\"name\":\"Home\",\"item\":\"https:\/\/toys.lt\/lv\/\"},{\"@type\":\"ListItem\",\"position\":2,\"name\":\"Veikals\",\"item\":\"https:\/\/toys.lt\/lv\/shop\/\"},{\"@type\":\"ListItem\",\"position\":3,\"name\":\"Le\u013c\u013cu rati\u0146i (Kopija)\"}]},{\"@type\":\"WebSite\",\"@id\":\"https:\/\/toys.lt\/lv\/#website\",\"url\":\"https:\/\/toys.lt\/lv\/\",\"name\":\"Toys.lt\",\"description\":\"\",\"potentialAction\":[{\"@type\":\"SearchAction\",\"target\":{\"@type\":\"EntryPoint\",\"urlTemplate\":\"https:\/\/toys.lt\/lv\/?s={search_term_string}\"},\"query-input\":{\"@type\":\"PropertyValueSpecification\",\"valueRequired\":true,\"valueName\":\"search_term_string\"}}],\"inLanguage\":\"lv-LV\"}]}<\/script>\n<!-- \/ Yoast SEO plugin. -->","yoast_head_json":{"title":"Le\u013c\u013cu rati\u0146i (Kopija) - Toys.lt","robots":{"index":"index","follow":"follow","max-snippet":"max-snippet:-1","max-image-preview":"max-image-preview:large","max-video-preview":"max-video-preview:-1"},"canonical":"https:\/\/toys.lt\/lv\/produktas\/lellu-ratini-kopija\/","og_locale":"lv_LV","og_type":"article","og_title":"Le\u013c\u013cu rati\u0146i (Kopija) - Toys.lt","og_description":"Produkta veids: rati\u0146i lellei Izcelsmes valsts: \u0136\u012bna Produkta izm\u0113ri: 55 x 49 x 26 cm Produkta materi\u0101ls: met\u0101ls, tekstils Ieteicamais vecums: no 3 gadiem.","og_url":"https:\/\/toys.lt\/lv\/produktas\/lellu-ratini-kopija\/","og_site_name":"Toys.lt","article_modified_time":"2026-05-12T00:39:09+00:00","og_image":[{"width":1992,"height":1751,"url":"https:\/\/toys.lt\/wp-content\/uploads\/2026\/05\/YL3026A.jpg","type":"image\/jpeg"}],"twitter_card":"summary_large_image","schema":{"@context":"https:\/\/schema.org","@graph":[{"@type":"WebPage","@id":"https:\/\/toys.lt\/lv\/produktas\/lellu-ratini-kopija\/","url":"https:\/\/toys.lt\/lv\/produktas\/lellu-ratini-kopija\/","name":"Le\u013c\u013cu rati\u0146i (Kopija) - Toys.lt","isPartOf":{"@id":"https:\/\/toys.lt\/lv\/#website"},"primaryImageOfPage":{"@id":"https:\/\/toys.lt\/lv\/produktas\/lellu-ratini-kopija\/#primaryimage"},"image":{"@id":"https:\/\/toys.lt\/lv\/produktas\/lellu-ratini-kopija\/#primaryimage"},"thumbnailUrl":"https:\/\/toys.lt\/wp-content\/uploads\/2026\/05\/YL3026A.jpg","datePublished":"2026-05-12T00:27:52+00:00","dateModified":"2026-05-12T00:39:09+00:00","breadcrumb":{"@id":"https:\/\/toys.lt\/lv\/produktas\/lellu-ratini-kopija\/#breadcrumb"},"inLanguage":"lv-LV","potentialAction":[{"@type":"ReadAction","target":["https:\/\/toys.lt\/lv\/produktas\/lellu-ratini-kopija\/"]}]},{"@type":"ImageObject","inLanguage":"lv-LV","@id":"https:\/\/toys.lt\/lv\/produktas\/lellu-ratini-kopija\/#primaryimage","url":"https:\/\/toys.lt\/wp-content\/uploads\/2026\/05\/YL3026A.jpg","contentUrl":"https:\/\/toys.lt\/wp-content\/uploads\/2026\/05\/YL3026A.jpg","width":1992,"height":1751,"caption":"L\u0117li\u0173 ve\u017eim\u0117lis su lop\u0161iu"},{"@type":"BreadcrumbList","@id":"https:\/\/toys.lt\/lv\/produktas\/lellu-ratini-kopija\/#breadcrumb","itemListElement":[{"@type":"ListItem","position":1,"name":"Home","item":"https:\/\/toys.lt\/lv\/"},{"@type":"ListItem","position":2,"name":"Veikals","item":"https:\/\/toys.lt\/lv\/shop\/"},{"@type":"ListItem","position":3,"name":"Le\u013c\u013cu rati\u0146i (Kopija)"}]},{"@type":"WebSite","@id":"https:\/\/toys.lt\/lv\/#website","url":"https:\/\/toys.lt\/lv\/","name":"Toys.lt","description":"","potentialAction":[{"@type":"SearchAction","target":{"@type":"EntryPoint","urlTemplate":"https:\/\/toys.lt\/lv\/?s={search_term_string}"},"query-input":{"@type":"PropertyValueSpecification","valueRequired":true,"valueName":"search_term_string"}}],"inLanguage":"lv-LV"}]}},"_links":{"self":[{"href":"https:\/\/toys.lt\/lv\/wp-json\/wp\/v2\/product\/50185","targetHints":{"allow":["GET"]}}],"collection":[{"href":"https:\/\/toys.lt\/lv\/wp-json\/wp\/v2\/product"}],"about":[{"href":"https:\/\/toys.lt\/lv\/wp-json\/wp\/v2\/types\/product"}],"replies":[{"embeddable":true,"href":"https:\/\/toys.lt\/lv\/wp-json\/wp\/v2\/comments?post=50185"}],"version-history":[{"count":1,"href":"https:\/\/toys.lt\/lv\/wp-json\/wp\/v2\/product\/50185\/revisions"}],"predecessor-version":[{"id":50188,"href":"https:\/\/toys.lt\/lv\/wp-json\/wp\/v2\/product\/50185\/revisions\/50188"}],"wp:featuredmedia":[{"embeddable":true,"href":"https:\/\/toys.lt\/lv\/wp-json\/wp\/v2\/media\/50187"}],"wp:attachment":[{"href":"https:\/\/toys.lt\/lv\/wp-json\/wp\/v2\/media?parent=50185"}],"wp:term":[{"taxonomy":"product_brand","embeddable":true,"href":"https:\/\/toys.lt\/lv\/wp-json\/wp\/v2\/product_brand?post=50185"},{"taxonomy":"product_cat","embeddable":true,"href":"https:\/\/toys.lt\/lv\/wp-json\/wp\/v2\/product_cat?post=50185"},{"taxonomy":"product_tag","embeddable":true,"href":"https:\/\/toys.lt\/lv\/wp-json\/wp\/v2\/product_tag?post=50185"}],"curies":[{"name":"wp","href":"https:\/\/api.w.org\/{rel}","templated":true}]}}