{"id":49856,"date":"2026-04-29T01:53:40","date_gmt":"2026-04-29T01:53:40","guid":{"rendered":"https:\/\/toys.lt\/?post_type=product&#038;p=49856"},"modified":"2026-04-29T02:02:00","modified_gmt":"2026-04-29T02:02:00","slug":"clementoni-torna-tilta-puzle-1000-gabalini-kopija-kopija-kopija","status":"publish","type":"product","link":"https:\/\/toys.lt\/lv\/produktas\/clementoni-torna-tilta-puzle-1000-gabalini-kopija-kopija-kopija\/","title":{"rendered":"Clementoni Tor\u0146a tilta puzle 1000 gabali\u0146i (Kopija) (Kopija) (Kopija)"},"content":{"rendered":"<p data-start=\"353\" data-end=\"630\"><strong data-start=\"353\" data-end=\"414\">Clementoni augstas kvalit\u0101tes kolekcijas puzle Tower Bridge<\/strong> aicina j\u016bs apbr\u012bnot vienu no Londonas ikonisk\u0101kajiem simboliem. \u0160aj\u0101 pils\u0113tas rietumu panor\u0101m\u0101 ir iem\u016b\u017ein\u0101ts izgaismotais Tower Bridge tilts, kas atspogu\u013cojas mier\u012bgaj\u0101 Temzas up\u0113, bet fon\u0101 redzami galvaspils\u0113tas modernie debesskr\u0101pji. <\/p>\n<p data-start=\"632\" data-end=\"913\">Puzli raksturo neparastas deta\u013cas &#8211; smalki gaismas atspulgi, arhitektonisk\u0101s fakt\u016bras un dzi\u013ci zilie to\u0146i pie\u0161\u0137ir gleznai fotogr\u0101fisku re\u0101lismu. T\u0101 ir lieliska izv\u0113le ce\u013cojumu, arhitekt\u016bras vai Londonas entuziastiem, kas mekl\u0113 kvalitat\u012bvu un vizu\u0101li p\u0101rsteidzo\u0161u uzdevumu. <\/p>\n<hr data-start=\"915\" data-end=\"918\">\n<h3 data-start=\"920\" data-end=\"937\"><strong data-start=\"926\" data-end=\"937\">\u2b50 Funkcijas<\/strong><\/h3>\n<ul data-start=\"938\" data-end=\"1211\">\n<li data-start=\"938\" data-end=\"963\">\n<p data-start=\"940\" data-end=\"963\">1000 puzles gabali\u0146u<\/p>\n<\/li>\n<li data-start=\"964\" data-end=\"1015\">\n<p data-start=\"966\" data-end=\"1015\">Ikoniskais Londonas Tower Bridge vakara skats<\/p>\n<\/li>\n<li data-start=\"1016\" data-end=\"1083\">\n<p data-start=\"1018\" data-end=\"1083\">Augstas kvalit\u0101tes druka, asi kontrasti un gaismas atsp\u012bdumi<\/p>\n<\/li>\n<li data-start=\"1084\" data-end=\"1144\">\n<p data-start=\"1086\" data-end=\"1144\">Prec\u012bzas, gludas deta\u013cas, viegla un vienm\u0113r\u012bga savieno\u0161ana<\/p>\n<\/li>\n<li data-start=\"1145\" data-end=\"1211\">\n<p data-start=\"1147\" data-end=\"1211\">Att\u012bsta uzman\u012bbu, vizu\u0101lo atmi\u0146u, koncentr\u0113\u0161an\u0101s sp\u0113jas un paciet\u012bbu.<\/p>\n<\/li>\n<\/ul>\n<hr data-start=\"1213\" data-end=\"1216\">\n<h3 data-start=\"1218\" data-end=\"1249\">\ud83d\udd27 <strong data-start=\"1225\" data-end=\"1249\">Tehnisk\u0101 inform\u0101cija<\/strong><\/h3>\n<ul data-start=\"1250\" data-end=\"1500\">\n<li data-start=\"1250\" data-end=\"1284\">\n<p data-start=\"1252\" data-end=\"1284\">Saloc\u012bta puzle: <strong data-start=\"1268\" data-end=\"1282\">70 \u00d7 50 cm<\/strong><\/p>\n<\/li>\n<li data-start=\"1285\" data-end=\"1329\">\n<p data-start=\"1287\" data-end=\"1329\">Iepakojuma izm\u0113ri: <strong data-start=\"1309\" data-end=\"1327\">37 \u00d7 28 \u00d7 5 cm<\/strong><\/p>\n<\/li>\n<li data-start=\"1330\" data-end=\"1352\">\n<p data-start=\"1332\" data-end=\"1352\">Svars: <strong data-start=\"1340\" data-end=\"1350\">0,9 kg<\/strong><\/p>\n<\/li>\n<li data-start=\"1353\" data-end=\"1396\">\n<p data-start=\"1355\" data-end=\"1396\">Ieteicamais vecums: <strong data-start=\"1379\" data-end=\"1394\">no 14 gadiem<\/strong><\/p>\n<\/li>\n<li data-start=\"1397\" data-end=\"1420\">\n<p data-start=\"1399\" data-end=\"1420\">Ra\u017eots It\u0101lij\u0101<\/p>\n<\/li>\n<li data-start=\"1421\" data-end=\"1500\">\n<p data-start=\"1423\" data-end=\"1500\">Dro\u0161\u012bbas br\u012bdin\u0101jums: mazo deta\u013cu d\u0113\u013c nav piem\u0113rots b\u0113rniem l\u012bdz 3 gadu (36 m\u0113ne\u0161u) vecumam.<\/p>\n<\/li>\n<\/ul>\n","protected":false},"excerpt":{"rendered":"<ul data-start=\"1051\" data-end=\"1335\">\n<li data-start=\"1051\" data-end=\"1085\">\n<p data-start=\"1053\" data-end=\"1085\">Saloc\u012bta puzle: <strong data-start=\"1069\" data-end=\"1083\">70 \u00d7 50 cm<\/strong><\/p>\n<\/li>\n<li data-start=\"1086\" data-end=\"1130\">\n<p data-start=\"1088\" data-end=\"1130\">Iepakojuma izm\u0113ri: <strong data-start=\"1110\" data-end=\"1128\">37 \u00d7 28 \u00d7 5 cm<\/strong><\/p>\n<\/li>\n<li data-start=\"1131\" data-end=\"1153\">\n<p data-start=\"1133\" data-end=\"1153\">Svars: <strong data-start=\"1141\" data-end=\"1151\">0,9 kg<\/strong><\/p>\n<\/li>\n<li data-start=\"1154\" data-end=\"1231\">\n<p data-start=\"1156\" data-end=\"1231\">Ieteicamais vecums: <strong data-start=\"1180\" data-end=\"1195\">no 14 gadiem<\/strong> (standarta 1000 gabalu s\u0113rijai)<\/p>\n<\/li>\n<li data-start=\"1232\" data-end=\"1255\">\n<p data-start=\"1234\" data-end=\"1255\">Ra\u017eots It\u0101lij\u0101<\/p>\n<\/li>\n<li data-start=\"1256\" data-end=\"1335\">\n<p data-start=\"1258\" data-end=\"1335\">Dro\u0161\u012bbas br\u012bdin\u0101jums: mazo deta\u013cu d\u0113\u013c nav piem\u0113rots b\u0113rniem l\u012bdz 3 gadu (36 m\u0113ne\u0161u) vecumam.<\/p>\n<\/li>\n<\/ul>\n","protected":false},"featured_media":49858,"comment_status":"open","ping_status":"closed","template":"","meta":[],"product_brand":[384],"product_cat":[1406,1153,1165],"product_tag":[],"class_list":{"0":"post-49856","1":"product","2":"type-product","3":"status-publish","4":"has-post-thumbnail","6":"product_brand-clementoni-2","7":"product_cat-letakais","8":"product_cat-puzles-puzle","9":"product_cat-puzles-no-500-lidz-1000-gabaliniem","10":"pa_amziaus-grupe-12-lv","11":"pa_dali-skaicius-1203","12":"pa_prekes-zenklas-clementoni-lv","13":"pa_special-s-pasi-lymai-populars-produkts","14":"pa_tema-varoni-filmas","16":"first","17":"instock","18":"sale","19":"taxable","20":"shipping-taxable","21":"purchasable","22":"product-type-simple"},"yoast_head":"<!-- This site is optimized with the Yoast SEO plugin v26.3 - https:\/\/yoast.com\/wordpress\/plugins\/seo\/ -->\n<title>Clementoni Tor\u0146a tilta puzle 1000 gabali\u0146i (Kopija) (Kopija) (Kopija) - Toys.lt<\/title>\n<meta name=\"description\" content=\"Clementoni Tor\u0146a tilta puzle ar 1000 gabali\u0146iem. Iespaid\u012bga Londonas vakara panor\u0101ma, augsta drukas kvalit\u0101te un 70\u00d750 cm izm\u0113rs.\" \/>\n<meta name=\"robots\" content=\"index, follow, max-snippet:-1, max-image-preview:large, max-video-preview:-1\" \/>\n<link rel=\"canonical\" href=\"https:\/\/toys.lt\/lv\/produktas\/clementoni-torna-tilta-puzle-1000-gabalini-kopija-kopija-kopija\/\" \/>\n<meta property=\"og:locale\" content=\"lv_LV\" \/>\n<meta property=\"og:type\" content=\"article\" \/>\n<meta property=\"og:title\" content=\"Clementoni Tor\u0146a tilta puzle 1000 gabali\u0146i (Kopija) (Kopija) (Kopija) - Toys.lt\" \/>\n<meta property=\"og:description\" content=\"Clementoni Tor\u0146a tilta puzle ar 1000 gabali\u0146iem. Iespaid\u012bga Londonas vakara panor\u0101ma, augsta drukas kvalit\u0101te un 70\u00d750 cm izm\u0113rs.\" \/>\n<meta property=\"og:url\" content=\"https:\/\/toys.lt\/lv\/produktas\/clementoni-torna-tilta-puzle-1000-gabalini-kopija-kopija-kopija\/\" \/>\n<meta property=\"og:site_name\" content=\"Toys.lt\" \/>\n<meta property=\"article:modified_time\" content=\"2026-04-29T02:02:00+00:00\" \/>\n<meta property=\"og:image\" content=\"https:\/\/toys.lt\/wp-content\/uploads\/2026\/04\/39919.MAIN_.jpeg-scaled.jpeg\" \/>\n\t<meta property=\"og:image:width\" content=\"2051\" \/>\n\t<meta property=\"og:image:height\" content=\"2560\" \/>\n\t<meta property=\"og:image:type\" content=\"image\/jpeg\" \/>\n<meta name=\"twitter:card\" content=\"summary_large_image\" \/>\n<meta name=\"twitter:label1\" content=\"Est. reading time\" \/>\n\t<meta name=\"twitter:data1\" content=\"1 minute\" \/>\n<script type=\"application\/ld+json\" class=\"yoast-schema-graph\">{\"@context\":\"https:\/\/schema.org\",\"@graph\":[{\"@type\":\"WebPage\",\"@id\":\"https:\/\/toys.lt\/lv\/produktas\/clementoni-torna-tilta-puzle-1000-gabalini-kopija-kopija-kopija\/\",\"url\":\"https:\/\/toys.lt\/lv\/produktas\/clementoni-torna-tilta-puzle-1000-gabalini-kopija-kopija-kopija\/\",\"name\":\"Clementoni Tor\u0146a tilta puzle 1000 gabali\u0146i (Kopija) (Kopija) (Kopija) - Toys.lt\",\"isPartOf\":{\"@id\":\"https:\/\/toys.lt\/lv\/#website\"},\"primaryImageOfPage\":{\"@id\":\"https:\/\/toys.lt\/lv\/produktas\/clementoni-torna-tilta-puzle-1000-gabalini-kopija-kopija-kopija\/#primaryimage\"},\"image\":{\"@id\":\"https:\/\/toys.lt\/lv\/produktas\/clementoni-torna-tilta-puzle-1000-gabalini-kopija-kopija-kopija\/#primaryimage\"},\"thumbnailUrl\":\"https:\/\/toys.lt\/wp-content\/uploads\/2026\/04\/39919.MAIN_.jpeg-scaled.jpeg\",\"datePublished\":\"2026-04-29T01:53:40+00:00\",\"dateModified\":\"2026-04-29T02:02:00+00:00\",\"description\":\"Clementoni Tor\u0146a tilta puzle ar 1000 gabali\u0146iem. Iespaid\u012bga Londonas vakara panor\u0101ma, augsta drukas kvalit\u0101te un 70\u00d750 cm izm\u0113rs.\",\"breadcrumb\":{\"@id\":\"https:\/\/toys.lt\/lv\/produktas\/clementoni-torna-tilta-puzle-1000-gabalini-kopija-kopija-kopija\/#breadcrumb\"},\"inLanguage\":\"lv-LV\",\"potentialAction\":[{\"@type\":\"ReadAction\",\"target\":[\"https:\/\/toys.lt\/lv\/produktas\/clementoni-torna-tilta-puzle-1000-gabalini-kopija-kopija-kopija\/\"]}]},{\"@type\":\"ImageObject\",\"inLanguage\":\"lv-LV\",\"@id\":\"https:\/\/toys.lt\/lv\/produktas\/clementoni-torna-tilta-puzle-1000-gabalini-kopija-kopija-kopija\/#primaryimage\",\"url\":\"https:\/\/toys.lt\/wp-content\/uploads\/2026\/04\/39919.MAIN_.jpeg-scaled.jpeg\",\"contentUrl\":\"https:\/\/toys.lt\/wp-content\/uploads\/2026\/04\/39919.MAIN_.jpeg-scaled.jpeg\",\"width\":2051,\"height\":2560,\"caption\":\"Clementoni Dragon Ball Super d\u0117lion\u0117, 1000 detali\u0173\"},{\"@type\":\"BreadcrumbList\",\"@id\":\"https:\/\/toys.lt\/lv\/produktas\/clementoni-torna-tilta-puzle-1000-gabalini-kopija-kopija-kopija\/#breadcrumb\",\"itemListElement\":[{\"@type\":\"ListItem\",\"position\":1,\"name\":\"Home\",\"item\":\"https:\/\/toys.lt\/lv\/\"},{\"@type\":\"ListItem\",\"position\":2,\"name\":\"Veikals\",\"item\":\"https:\/\/toys.lt\/lv\/shop\/\"},{\"@type\":\"ListItem\",\"position\":3,\"name\":\"Clementoni Tor\u0146a tilta puzle 1000 gabali\u0146i (Kopija) (Kopija) (Kopija)\"}]},{\"@type\":\"WebSite\",\"@id\":\"https:\/\/toys.lt\/lv\/#website\",\"url\":\"https:\/\/toys.lt\/lv\/\",\"name\":\"Toys.lt\",\"description\":\"\",\"potentialAction\":[{\"@type\":\"SearchAction\",\"target\":{\"@type\":\"EntryPoint\",\"urlTemplate\":\"https:\/\/toys.lt\/lv\/?s={search_term_string}\"},\"query-input\":{\"@type\":\"PropertyValueSpecification\",\"valueRequired\":true,\"valueName\":\"search_term_string\"}}],\"inLanguage\":\"lv-LV\"}]}<\/script>\n<!-- \/ Yoast SEO plugin. -->","yoast_head_json":{"title":"Clementoni Tor\u0146a tilta puzle 1000 gabali\u0146i (Kopija) (Kopija) (Kopija) - Toys.lt","description":"Clementoni Tor\u0146a tilta puzle ar 1000 gabali\u0146iem. Iespaid\u012bga Londonas vakara panor\u0101ma, augsta drukas kvalit\u0101te un 70\u00d750 cm izm\u0113rs.","robots":{"index":"index","follow":"follow","max-snippet":"max-snippet:-1","max-image-preview":"max-image-preview:large","max-video-preview":"max-video-preview:-1"},"canonical":"https:\/\/toys.lt\/lv\/produktas\/clementoni-torna-tilta-puzle-1000-gabalini-kopija-kopija-kopija\/","og_locale":"lv_LV","og_type":"article","og_title":"Clementoni Tor\u0146a tilta puzle 1000 gabali\u0146i (Kopija) (Kopija) (Kopija) - Toys.lt","og_description":"Clementoni Tor\u0146a tilta puzle ar 1000 gabali\u0146iem. Iespaid\u012bga Londonas vakara panor\u0101ma, augsta drukas kvalit\u0101te un 70\u00d750 cm izm\u0113rs.","og_url":"https:\/\/toys.lt\/lv\/produktas\/clementoni-torna-tilta-puzle-1000-gabalini-kopija-kopija-kopija\/","og_site_name":"Toys.lt","article_modified_time":"2026-04-29T02:02:00+00:00","og_image":[{"width":2051,"height":2560,"url":"https:\/\/toys.lt\/wp-content\/uploads\/2026\/04\/39919.MAIN_.jpeg-scaled.jpeg","type":"image\/jpeg"}],"twitter_card":"summary_large_image","twitter_misc":{"Est. reading time":"1 minute"},"schema":{"@context":"https:\/\/schema.org","@graph":[{"@type":"WebPage","@id":"https:\/\/toys.lt\/lv\/produktas\/clementoni-torna-tilta-puzle-1000-gabalini-kopija-kopija-kopija\/","url":"https:\/\/toys.lt\/lv\/produktas\/clementoni-torna-tilta-puzle-1000-gabalini-kopija-kopija-kopija\/","name":"Clementoni Tor\u0146a tilta puzle 1000 gabali\u0146i (Kopija) (Kopija) (Kopija) - Toys.lt","isPartOf":{"@id":"https:\/\/toys.lt\/lv\/#website"},"primaryImageOfPage":{"@id":"https:\/\/toys.lt\/lv\/produktas\/clementoni-torna-tilta-puzle-1000-gabalini-kopija-kopija-kopija\/#primaryimage"},"image":{"@id":"https:\/\/toys.lt\/lv\/produktas\/clementoni-torna-tilta-puzle-1000-gabalini-kopija-kopija-kopija\/#primaryimage"},"thumbnailUrl":"https:\/\/toys.lt\/wp-content\/uploads\/2026\/04\/39919.MAIN_.jpeg-scaled.jpeg","datePublished":"2026-04-29T01:53:40+00:00","dateModified":"2026-04-29T02:02:00+00:00","description":"Clementoni Tor\u0146a tilta puzle ar 1000 gabali\u0146iem. Iespaid\u012bga Londonas vakara panor\u0101ma, augsta drukas kvalit\u0101te un 70\u00d750 cm izm\u0113rs.","breadcrumb":{"@id":"https:\/\/toys.lt\/lv\/produktas\/clementoni-torna-tilta-puzle-1000-gabalini-kopija-kopija-kopija\/#breadcrumb"},"inLanguage":"lv-LV","potentialAction":[{"@type":"ReadAction","target":["https:\/\/toys.lt\/lv\/produktas\/clementoni-torna-tilta-puzle-1000-gabalini-kopija-kopija-kopija\/"]}]},{"@type":"ImageObject","inLanguage":"lv-LV","@id":"https:\/\/toys.lt\/lv\/produktas\/clementoni-torna-tilta-puzle-1000-gabalini-kopija-kopija-kopija\/#primaryimage","url":"https:\/\/toys.lt\/wp-content\/uploads\/2026\/04\/39919.MAIN_.jpeg-scaled.jpeg","contentUrl":"https:\/\/toys.lt\/wp-content\/uploads\/2026\/04\/39919.MAIN_.jpeg-scaled.jpeg","width":2051,"height":2560,"caption":"Clementoni Dragon Ball Super d\u0117lion\u0117, 1000 detali\u0173"},{"@type":"BreadcrumbList","@id":"https:\/\/toys.lt\/lv\/produktas\/clementoni-torna-tilta-puzle-1000-gabalini-kopija-kopija-kopija\/#breadcrumb","itemListElement":[{"@type":"ListItem","position":1,"name":"Home","item":"https:\/\/toys.lt\/lv\/"},{"@type":"ListItem","position":2,"name":"Veikals","item":"https:\/\/toys.lt\/lv\/shop\/"},{"@type":"ListItem","position":3,"name":"Clementoni Tor\u0146a tilta puzle 1000 gabali\u0146i (Kopija) (Kopija) (Kopija)"}]},{"@type":"WebSite","@id":"https:\/\/toys.lt\/lv\/#website","url":"https:\/\/toys.lt\/lv\/","name":"Toys.lt","description":"","potentialAction":[{"@type":"SearchAction","target":{"@type":"EntryPoint","urlTemplate":"https:\/\/toys.lt\/lv\/?s={search_term_string}"},"query-input":{"@type":"PropertyValueSpecification","valueRequired":true,"valueName":"search_term_string"}}],"inLanguage":"lv-LV"}]}},"_links":{"self":[{"href":"https:\/\/toys.lt\/lv\/wp-json\/wp\/v2\/product\/49856","targetHints":{"allow":["GET"]}}],"collection":[{"href":"https:\/\/toys.lt\/lv\/wp-json\/wp\/v2\/product"}],"about":[{"href":"https:\/\/toys.lt\/lv\/wp-json\/wp\/v2\/types\/product"}],"replies":[{"embeddable":true,"href":"https:\/\/toys.lt\/lv\/wp-json\/wp\/v2\/comments?post=49856"}],"version-history":[{"count":1,"href":"https:\/\/toys.lt\/lv\/wp-json\/wp\/v2\/product\/49856\/revisions"}],"predecessor-version":[{"id":49867,"href":"https:\/\/toys.lt\/lv\/wp-json\/wp\/v2\/product\/49856\/revisions\/49867"}],"wp:featuredmedia":[{"embeddable":true,"href":"https:\/\/toys.lt\/lv\/wp-json\/wp\/v2\/media\/49858"}],"wp:attachment":[{"href":"https:\/\/toys.lt\/lv\/wp-json\/wp\/v2\/media?parent=49856"}],"wp:term":[{"taxonomy":"product_brand","embeddable":true,"href":"https:\/\/toys.lt\/lv\/wp-json\/wp\/v2\/product_brand?post=49856"},{"taxonomy":"product_cat","embeddable":true,"href":"https:\/\/toys.lt\/lv\/wp-json\/wp\/v2\/product_cat?post=49856"},{"taxonomy":"product_tag","embeddable":true,"href":"https:\/\/toys.lt\/lv\/wp-json\/wp\/v2\/product_tag?post=49856"}],"curies":[{"name":"wp","href":"https:\/\/api.w.org\/{rel}","templated":true}]}}