{"id":49846,"date":"2026-04-29T01:26:29","date_gmt":"2026-04-29T01:26:29","guid":{"rendered":"https:\/\/toys.lt\/?post_type=product&#038;p=49846"},"modified":"2026-04-29T01:31:56","modified_gmt":"2026-04-29T01:31:56","slug":"clementoni-harija-potera-puzle-500-gabalini-kopija-kopija","status":"publish","type":"product","link":"https:\/\/toys.lt\/lv\/produktas\/clementoni-harija-potera-puzle-500-gabalini-kopija-kopija\/","title":{"rendered":"Clementoni Harija Potera puzle 500 gabali\u0146i (Kopija) (Kopija)"},"content":{"rendered":"<p data-start=\"463\" data-end=\"868\"><strong data-start=\"463\" data-end=\"524\">Clementoni High Quality Collection Harija Potera puzle<\/strong> aicina j\u016bs pievienoties ma\u0123iskajai Hogvartsas pasaulei. \u0160aj\u0101 puzl\u0113 satiksiet ikoniskos person\u0101\u017eus &#8211; Hariju Poteru, profesoru Dumbledoru, profesorus Minervu Makgonagolu un Severusu Snapu, k\u0101 ar\u012b Hagridu un uzticamo p\u016bci Hedvigu. T\u0101 ir intens\u012bva, deta\u013c\u0101m piepild\u012bta kompoz\u012bcija, kas atveido burvju pasaules burvju atmosf\u0113ru.  <\/p>\n<p data-start=\"870\" data-end=\"1091\">Augstas kvalit\u0101tes druka, ko\u0161as kr\u0101sas un prec\u012bzas deta\u013cas ne tikai nodro\u0161ina pat\u012bkamu m\u012bklu min\u0113\u0161anas procesu, bet ar\u012b galarezult\u0101tu, kas b\u016bs lieliska d\u0101vana jebkuram Harija Potera faniem vai ar\u012b satrieco\u0161s telpas dekors.<\/p>\n<hr data-start=\"1093\" data-end=\"1096\">\n<h3 data-start=\"1098\" data-end=\"1115\"><strong data-start=\"1104\" data-end=\"1115\">\u2b50 Funkcijas<\/strong><\/h3>\n<ul data-start=\"1116\" data-end=\"1452\">\n<li data-start=\"1116\" data-end=\"1140\">\n<p data-start=\"1118\" data-end=\"1140\">500 puzles gabali\u0146i<\/p>\n<\/li>\n<li data-start=\"1141\" data-end=\"1212\">\n<p data-start=\"1143\" data-end=\"1212\">Ofici\u0101li licenc\u0113ta <em data-start=\"1167\" data-end=\"1199\">Harija Potera \/ Burvju pasaules<\/em> produkcija<\/p>\n<\/li>\n<li data-start=\"1213\" data-end=\"1267\">\n<p data-start=\"1215\" data-end=\"1267\">Ar galvenajiem filmu un gr\u0101matu varo\u0146iem<\/p>\n<\/li>\n<li data-start=\"1268\" data-end=\"1330\">\n<p data-start=\"1270\" data-end=\"1330\">Spilgtas kr\u0101sas, asas deta\u013cas un augsta drukas kvalit\u0101te<\/p>\n<\/li>\n<li data-start=\"1331\" data-end=\"1389\">\n<p data-start=\"1333\" data-end=\"1389\">Gludas, prec\u012bzi izgrieztas deta\u013cas, pat\u012bkama savieno\u0161ana<\/p>\n<\/li>\n<li data-start=\"1390\" data-end=\"1452\">\n<p data-start=\"1392\" data-end=\"1452\">Uzlabo koncentr\u0113\u0161an\u0101s sp\u0113jas, atmi\u0146u, uzman\u012bbu un lo\u0123isko dom\u0101\u0161anu.<\/p>\n<\/li>\n<\/ul>\n<hr data-start=\"1454\" data-end=\"1457\">\n<h3 data-start=\"1459\" data-end=\"1490\">\ud83d\udd27 <strong data-start=\"1466\" data-end=\"1490\">Tehnisk\u0101 inform\u0101cija<\/strong><\/h3>\n<ul data-start=\"1491\" data-end=\"1741\">\n<li data-start=\"1491\" data-end=\"1525\">\n<p data-start=\"1493\" data-end=\"1525\">Saloc\u012bta puzle: <strong data-start=\"1509\" data-end=\"1523\">49 \u00d7 36 cm<\/strong><\/p>\n<\/li>\n<li data-start=\"1526\" data-end=\"1570\">\n<p data-start=\"1528\" data-end=\"1570\">Iepakojuma izm\u0113ri: <strong data-start=\"1550\" data-end=\"1568\">25 \u00d7 34 \u00d7 5 cm<\/strong><\/p>\n<\/li>\n<li data-start=\"1571\" data-end=\"1593\">\n<p data-start=\"1573\" data-end=\"1593\">Svars: <strong data-start=\"1581\" data-end=\"1591\">0,5 kg<\/strong><\/p>\n<\/li>\n<li data-start=\"1594\" data-end=\"1637\">\n<p data-start=\"1596\" data-end=\"1637\">Ieteicamais vecums: <strong data-start=\"1620\" data-end=\"1635\">no 10 gadiem<\/strong><\/p>\n<\/li>\n<li data-start=\"1638\" data-end=\"1661\">\n<p data-start=\"1640\" data-end=\"1661\">Ra\u017eots It\u0101lij\u0101<\/p>\n<\/li>\n<li data-start=\"1662\" data-end=\"1741\">\n<p data-start=\"1664\" data-end=\"1741\">Dro\u0161\u012bbas br\u012bdin\u0101jums: mazo deta\u013cu d\u0113\u013c nav piem\u0113rots b\u0113rniem l\u012bdz 3 gadu (36 m\u0113ne\u0161u) vecumam.<\/p>\n<\/li>\n<\/ul>\n","protected":false},"excerpt":{"rendered":"<ul>\n<li data-start=\"1883\" data-end=\"1917\">\n<p data-start=\"1885\" data-end=\"1917\">Saloc\u012bta puzle: <strong data-start=\"1901\" data-end=\"1915\">49 \u00d7 36 cm<\/strong><\/p>\n<\/li>\n<li data-start=\"1918\" data-end=\"1962\">\n<p data-start=\"1920\" data-end=\"1962\">Iepakojuma izm\u0113ri: <strong data-start=\"1942\" data-end=\"1960\">25 \u00d7 34 \u00d7 5 cm<\/strong><\/p>\n<\/li>\n<li data-start=\"1963\" data-end=\"1985\">\n<p data-start=\"1965\" data-end=\"1985\">Svars: <strong data-start=\"1973\" data-end=\"1983\">0,5 kg<\/strong><\/p>\n<\/li>\n<li data-start=\"1986\" data-end=\"2029\">\n<p data-start=\"1988\" data-end=\"2029\">Ieteicamais vecums: <strong data-start=\"2012\" data-end=\"2027\">no 10 gadiem<\/strong><\/p>\n<\/li>\n<li data-start=\"2030\" data-end=\"2053\">\n<p data-start=\"2032\" data-end=\"2053\">Ra\u017eots It\u0101lij\u0101<\/p>\n<\/li>\n<li data-start=\"2054\" data-end=\"2133\">\n<p data-start=\"2056\" data-end=\"2133\">Dro\u0161\u012bbas br\u012bdin\u0101jums: mazo deta\u013cu d\u0113\u013c nav piem\u0113rots b\u0113rniem l\u012bdz 3 gadu (36 m\u0113ne\u0161u) vecumam.<\/p>\n<\/li>\n<\/ul>\n","protected":false},"featured_media":49848,"comment_status":"open","ping_status":"closed","template":"","meta":[],"product_brand":[384],"product_cat":[1406,1153,1165],"product_tag":[],"class_list":{"0":"post-49846","1":"product","2":"type-product","3":"status-publish","4":"has-post-thumbnail","6":"product_brand-clementoni-2","7":"product_cat-letakais","8":"product_cat-puzles-puzle","9":"product_cat-puzles-no-500-lidz-1000-gabaliniem","10":"pa_amziaus-grupe-14-lv","11":"pa_dali-skaicius-500-lv","12":"pa_prekes-zenklas-clementoni-lv","13":"pa_special-s-pasi-lymai-populars-produkts","14":"pa_tema-varoni-filmas","16":"first","17":"instock","18":"sale","19":"taxable","20":"shipping-taxable","21":"purchasable","22":"product-type-simple"},"yoast_head":"<!-- This site is optimized with the Yoast SEO plugin v26.3 - https:\/\/yoast.com\/wordpress\/plugins\/seo\/ -->\n<title>Clementoni Harija Potera puzle 500 gabali\u0146i (Kopija) (Kopija) - Toys.lt<\/title>\n<meta name=\"description\" content=\"Clementoni Harija Potera puzle ar 500 gabali\u0146iem. Spilgtas rakstz\u012bmes, augsta kvalit\u0101te, ofici\u0101la licence. Izm\u0113rs 49\u00d736 cm, no 10 gadiem.\" \/>\n<meta name=\"robots\" content=\"index, follow, max-snippet:-1, max-image-preview:large, max-video-preview:-1\" \/>\n<link rel=\"canonical\" href=\"https:\/\/toys.lt\/lv\/produktas\/clementoni-harija-potera-puzle-500-gabalini-kopija-kopija\/\" \/>\n<meta property=\"og:locale\" content=\"lv_LV\" \/>\n<meta property=\"og:type\" content=\"article\" \/>\n<meta property=\"og:title\" content=\"Clementoni Harija Potera puzle 500 gabali\u0146i (Kopija) (Kopija) - Toys.lt\" \/>\n<meta property=\"og:description\" content=\"Clementoni Harija Potera puzle ar 500 gabali\u0146iem. Spilgtas rakstz\u012bmes, augsta kvalit\u0101te, ofici\u0101la licence. Izm\u0113rs 49\u00d736 cm, no 10 gadiem.\" \/>\n<meta property=\"og:url\" content=\"https:\/\/toys.lt\/lv\/produktas\/clementoni-harija-potera-puzle-500-gabalini-kopija-kopija\/\" \/>\n<meta property=\"og:site_name\" content=\"Toys.lt\" \/>\n<meta property=\"article:modified_time\" content=\"2026-04-29T01:31:56+00:00\" \/>\n<meta property=\"og:image\" content=\"https:\/\/toys.lt\/wp-content\/uploads\/2026\/04\/35135.MAIN_.jpeg-scaled.jpeg\" \/>\n\t<meta property=\"og:image:width\" content=\"2560\" \/>\n\t<meta property=\"og:image:height\" content=\"2291\" \/>\n\t<meta property=\"og:image:type\" content=\"image\/jpeg\" \/>\n<meta name=\"twitter:card\" content=\"summary_large_image\" \/>\n<meta name=\"twitter:label1\" content=\"Est. reading time\" \/>\n\t<meta name=\"twitter:data1\" content=\"1 minute\" \/>\n<script type=\"application\/ld+json\" class=\"yoast-schema-graph\">{\"@context\":\"https:\/\/schema.org\",\"@graph\":[{\"@type\":\"WebPage\",\"@id\":\"https:\/\/toys.lt\/lv\/produktas\/clementoni-harija-potera-puzle-500-gabalini-kopija-kopija\/\",\"url\":\"https:\/\/toys.lt\/lv\/produktas\/clementoni-harija-potera-puzle-500-gabalini-kopija-kopija\/\",\"name\":\"Clementoni Harija Potera puzle 500 gabali\u0146i (Kopija) (Kopija) - Toys.lt\",\"isPartOf\":{\"@id\":\"https:\/\/toys.lt\/lv\/#website\"},\"primaryImageOfPage\":{\"@id\":\"https:\/\/toys.lt\/lv\/produktas\/clementoni-harija-potera-puzle-500-gabalini-kopija-kopija\/#primaryimage\"},\"image\":{\"@id\":\"https:\/\/toys.lt\/lv\/produktas\/clementoni-harija-potera-puzle-500-gabalini-kopija-kopija\/#primaryimage\"},\"thumbnailUrl\":\"https:\/\/toys.lt\/wp-content\/uploads\/2026\/04\/35135.MAIN_.jpeg-scaled.jpeg\",\"datePublished\":\"2026-04-29T01:26:29+00:00\",\"dateModified\":\"2026-04-29T01:31:56+00:00\",\"description\":\"Clementoni Harija Potera puzle ar 500 gabali\u0146iem. Spilgtas rakstz\u012bmes, augsta kvalit\u0101te, ofici\u0101la licence. Izm\u0113rs 49\u00d736 cm, no 10 gadiem.\",\"breadcrumb\":{\"@id\":\"https:\/\/toys.lt\/lv\/produktas\/clementoni-harija-potera-puzle-500-gabalini-kopija-kopija\/#breadcrumb\"},\"inLanguage\":\"lv-LV\",\"potentialAction\":[{\"@type\":\"ReadAction\",\"target\":[\"https:\/\/toys.lt\/lv\/produktas\/clementoni-harija-potera-puzle-500-gabalini-kopija-kopija\/\"]}]},{\"@type\":\"ImageObject\",\"inLanguage\":\"lv-LV\",\"@id\":\"https:\/\/toys.lt\/lv\/produktas\/clementoni-harija-potera-puzle-500-gabalini-kopija-kopija\/#primaryimage\",\"url\":\"https:\/\/toys.lt\/wp-content\/uploads\/2026\/04\/35135.MAIN_.jpeg-scaled.jpeg\",\"contentUrl\":\"https:\/\/toys.lt\/wp-content\/uploads\/2026\/04\/35135.MAIN_.jpeg-scaled.jpeg\",\"width\":2560,\"height\":2291,\"caption\":\"Clementoni Dragon Ball Anime Cube d\u0117lion\u0117, 500 detali\u0173\"},{\"@type\":\"BreadcrumbList\",\"@id\":\"https:\/\/toys.lt\/lv\/produktas\/clementoni-harija-potera-puzle-500-gabalini-kopija-kopija\/#breadcrumb\",\"itemListElement\":[{\"@type\":\"ListItem\",\"position\":1,\"name\":\"Home\",\"item\":\"https:\/\/toys.lt\/lv\/\"},{\"@type\":\"ListItem\",\"position\":2,\"name\":\"Veikals\",\"item\":\"https:\/\/toys.lt\/lv\/shop\/\"},{\"@type\":\"ListItem\",\"position\":3,\"name\":\"Clementoni Harija Potera puzle 500 gabali\u0146i (Kopija) (Kopija)\"}]},{\"@type\":\"WebSite\",\"@id\":\"https:\/\/toys.lt\/lv\/#website\",\"url\":\"https:\/\/toys.lt\/lv\/\",\"name\":\"Toys.lt\",\"description\":\"\",\"potentialAction\":[{\"@type\":\"SearchAction\",\"target\":{\"@type\":\"EntryPoint\",\"urlTemplate\":\"https:\/\/toys.lt\/lv\/?s={search_term_string}\"},\"query-input\":{\"@type\":\"PropertyValueSpecification\",\"valueRequired\":true,\"valueName\":\"search_term_string\"}}],\"inLanguage\":\"lv-LV\"}]}<\/script>\n<!-- \/ Yoast SEO plugin. -->","yoast_head_json":{"title":"Clementoni Harija Potera puzle 500 gabali\u0146i (Kopija) (Kopija) - Toys.lt","description":"Clementoni Harija Potera puzle ar 500 gabali\u0146iem. Spilgtas rakstz\u012bmes, augsta kvalit\u0101te, ofici\u0101la licence. Izm\u0113rs 49\u00d736 cm, no 10 gadiem.","robots":{"index":"index","follow":"follow","max-snippet":"max-snippet:-1","max-image-preview":"max-image-preview:large","max-video-preview":"max-video-preview:-1"},"canonical":"https:\/\/toys.lt\/lv\/produktas\/clementoni-harija-potera-puzle-500-gabalini-kopija-kopija\/","og_locale":"lv_LV","og_type":"article","og_title":"Clementoni Harija Potera puzle 500 gabali\u0146i (Kopija) (Kopija) - Toys.lt","og_description":"Clementoni Harija Potera puzle ar 500 gabali\u0146iem. Spilgtas rakstz\u012bmes, augsta kvalit\u0101te, ofici\u0101la licence. Izm\u0113rs 49\u00d736 cm, no 10 gadiem.","og_url":"https:\/\/toys.lt\/lv\/produktas\/clementoni-harija-potera-puzle-500-gabalini-kopija-kopija\/","og_site_name":"Toys.lt","article_modified_time":"2026-04-29T01:31:56+00:00","og_image":[{"width":2560,"height":2291,"url":"https:\/\/toys.lt\/wp-content\/uploads\/2026\/04\/35135.MAIN_.jpeg-scaled.jpeg","type":"image\/jpeg"}],"twitter_card":"summary_large_image","twitter_misc":{"Est. reading time":"1 minute"},"schema":{"@context":"https:\/\/schema.org","@graph":[{"@type":"WebPage","@id":"https:\/\/toys.lt\/lv\/produktas\/clementoni-harija-potera-puzle-500-gabalini-kopija-kopija\/","url":"https:\/\/toys.lt\/lv\/produktas\/clementoni-harija-potera-puzle-500-gabalini-kopija-kopija\/","name":"Clementoni Harija Potera puzle 500 gabali\u0146i (Kopija) (Kopija) - Toys.lt","isPartOf":{"@id":"https:\/\/toys.lt\/lv\/#website"},"primaryImageOfPage":{"@id":"https:\/\/toys.lt\/lv\/produktas\/clementoni-harija-potera-puzle-500-gabalini-kopija-kopija\/#primaryimage"},"image":{"@id":"https:\/\/toys.lt\/lv\/produktas\/clementoni-harija-potera-puzle-500-gabalini-kopija-kopija\/#primaryimage"},"thumbnailUrl":"https:\/\/toys.lt\/wp-content\/uploads\/2026\/04\/35135.MAIN_.jpeg-scaled.jpeg","datePublished":"2026-04-29T01:26:29+00:00","dateModified":"2026-04-29T01:31:56+00:00","description":"Clementoni Harija Potera puzle ar 500 gabali\u0146iem. Spilgtas rakstz\u012bmes, augsta kvalit\u0101te, ofici\u0101la licence. Izm\u0113rs 49\u00d736 cm, no 10 gadiem.","breadcrumb":{"@id":"https:\/\/toys.lt\/lv\/produktas\/clementoni-harija-potera-puzle-500-gabalini-kopija-kopija\/#breadcrumb"},"inLanguage":"lv-LV","potentialAction":[{"@type":"ReadAction","target":["https:\/\/toys.lt\/lv\/produktas\/clementoni-harija-potera-puzle-500-gabalini-kopija-kopija\/"]}]},{"@type":"ImageObject","inLanguage":"lv-LV","@id":"https:\/\/toys.lt\/lv\/produktas\/clementoni-harija-potera-puzle-500-gabalini-kopija-kopija\/#primaryimage","url":"https:\/\/toys.lt\/wp-content\/uploads\/2026\/04\/35135.MAIN_.jpeg-scaled.jpeg","contentUrl":"https:\/\/toys.lt\/wp-content\/uploads\/2026\/04\/35135.MAIN_.jpeg-scaled.jpeg","width":2560,"height":2291,"caption":"Clementoni Dragon Ball Anime Cube d\u0117lion\u0117, 500 detali\u0173"},{"@type":"BreadcrumbList","@id":"https:\/\/toys.lt\/lv\/produktas\/clementoni-harija-potera-puzle-500-gabalini-kopija-kopija\/#breadcrumb","itemListElement":[{"@type":"ListItem","position":1,"name":"Home","item":"https:\/\/toys.lt\/lv\/"},{"@type":"ListItem","position":2,"name":"Veikals","item":"https:\/\/toys.lt\/lv\/shop\/"},{"@type":"ListItem","position":3,"name":"Clementoni Harija Potera puzle 500 gabali\u0146i (Kopija) (Kopija)"}]},{"@type":"WebSite","@id":"https:\/\/toys.lt\/lv\/#website","url":"https:\/\/toys.lt\/lv\/","name":"Toys.lt","description":"","potentialAction":[{"@type":"SearchAction","target":{"@type":"EntryPoint","urlTemplate":"https:\/\/toys.lt\/lv\/?s={search_term_string}"},"query-input":{"@type":"PropertyValueSpecification","valueRequired":true,"valueName":"search_term_string"}}],"inLanguage":"lv-LV"}]}},"_links":{"self":[{"href":"https:\/\/toys.lt\/lv\/wp-json\/wp\/v2\/product\/49846","targetHints":{"allow":["GET"]}}],"collection":[{"href":"https:\/\/toys.lt\/lv\/wp-json\/wp\/v2\/product"}],"about":[{"href":"https:\/\/toys.lt\/lv\/wp-json\/wp\/v2\/types\/product"}],"replies":[{"embeddable":true,"href":"https:\/\/toys.lt\/lv\/wp-json\/wp\/v2\/comments?post=49846"}],"version-history":[{"count":1,"href":"https:\/\/toys.lt\/lv\/wp-json\/wp\/v2\/product\/49846\/revisions"}],"predecessor-version":[{"id":49853,"href":"https:\/\/toys.lt\/lv\/wp-json\/wp\/v2\/product\/49846\/revisions\/49853"}],"wp:featuredmedia":[{"embeddable":true,"href":"https:\/\/toys.lt\/lv\/wp-json\/wp\/v2\/media\/49848"}],"wp:attachment":[{"href":"https:\/\/toys.lt\/lv\/wp-json\/wp\/v2\/media?parent=49846"}],"wp:term":[{"taxonomy":"product_brand","embeddable":true,"href":"https:\/\/toys.lt\/lv\/wp-json\/wp\/v2\/product_brand?post=49846"},{"taxonomy":"product_cat","embeddable":true,"href":"https:\/\/toys.lt\/lv\/wp-json\/wp\/v2\/product_cat?post=49846"},{"taxonomy":"product_tag","embeddable":true,"href":"https:\/\/toys.lt\/lv\/wp-json\/wp\/v2\/product_tag?post=49846"}],"curies":[{"name":"wp","href":"https:\/\/api.w.org\/{rel}","templated":true}]}}