{"id":49792,"date":"2026-04-23T02:03:23","date_gmt":"2026-04-23T02:03:23","guid":{"rendered":"https:\/\/toys.lt\/?post_type=product&#038;p=49792"},"modified":"2026-04-23T02:10:13","modified_gmt":"2026-04-23T02:10:13","slug":"bernu-basketbola-rinkis-ar-regulejamu-stativu-lidz-207-cm-kopija-2","status":"publish","type":"product","link":"https:\/\/toys.lt\/lv\/produktas\/bernu-basketbola-rinkis-ar-regulejamu-stativu-lidz-207-cm-kopija-2\/","title":{"rendered":"B\u0113rnu basketbola ri\u0146\u0137is ar regul\u0113jamu stat\u012bvu (l\u012bdz 207 cm) (Kopija)"},"content":{"rendered":"<p style=\"margin: 0px;font-size: medium;color: #7a7a7a;padding: 0px;line-height: inherit;border: 0px;font-family: Roboto, sans-serif;background-color: #fefefe\"><strong style=\"background-color: #fafbfc;color: #000000;font-family: Verdana, Arial, Helvetica, sans-serif;font-size: 11px\"><span style=\"font-weight: 400\">Ide\u0101ls <strong>basketbola ri\u0146\u0137is ar stat\u012bvu<\/strong>, lai b\u0113rni var\u0113tu sp\u0113l\u0113t ar draugiem! Kop\u0101 ar \u0161o sporta komplektu j\u016bsu b\u0113rns aktiviz\u0113s topo\u0161\u0101 sportista dz\u012bvi. Basketbola sp\u0113les att\u012bsta fizisko aktivit\u0101ti, veikl\u012bbu un precizit\u0101ti, savuk\u0101rt komandas sp\u0113les att\u012bsta atl\u0113tiskumu, ritmu un komunik\u0101cijas prasmes. Maksim\u0101lais augstums ir 207 cm. Stat\u012bvs ir regul\u0113jams p\u0113c augstuma, t\u0101p\u0113c \u0161is komplekts ir piem\u0113rots da\u017e\u0101da auguma un vecuma b\u0113rniem. Lai konstrukcija b\u016btu stabila, pamatni lab\u0101k nostiprin\u0101t ar smilt\u012bm vai \u016bdeni.     <\/span><\/strong><\/p>\n<p style=\"margin: 0px;font-size: medium;color: #7a7a7a;padding: 0px;line-height: inherit;border: 0px;font-family: Roboto, sans-serif;background-color: #fefefe\"><strong style=\"background-color: #fafbfc;color: #000000;font-family: Verdana, Arial, Helvetica, sans-serif;font-size: 11px\">Funkcijas:<\/strong><\/p>\n<ul style=\"list-style-type: square\">\n<li style=\"margin: 0px;padding: 0px;font: inherit;border: 0px\">Regul\u0113jams augstums<\/li>\n<li style=\"margin: 0px;padding: 0px;font: inherit;border: 0px\">Piem\u0113rots lieto\u0161anai \u0101rpus telp\u0101m un m\u0101j\u0101s<\/li>\n<li style=\"margin: 0px;padding: 0px;font: inherit;border: 0px\">Viegli samont\u0113t un izv\u0113l\u0113ties<\/li>\n<li style=\"margin: 0px;padding: 0px;font: inherit;border: 0px\">Mobila un kompakta<\/li>\n<li style=\"margin: 0px;padding: 0px;font: inherit;border: 0px\">Pamatnes nostiprin\u0101\u0161ana ar smilt\u012bm vai \u016bdeni<\/li>\n<li style=\"margin: 0px;padding: 0px;font: inherit;border: 0px\">Att\u012bsta veikl\u012bbu, \u0101trumu, sp\u0113ku un iztur\u012bbu.<\/li>\n<\/ul>\n","protected":false},"excerpt":{"rendered":"<p>Produkta veids: sporta<\/p>\n<p>Izcelsmes valsts: \u0136\u012bna<\/p>\n<p>Svars: 5,3 kg<\/p>\n<p>Ieteicamais vecums: no 8 gadiem.<\/p>\n","protected":false},"featured_media":49794,"comment_status":"open","ping_status":"closed","template":"","meta":[],"product_brand":[],"product_cat":[1176,1277,1155],"product_tag":[],"class_list":{"0":"post-49792","1":"product","2":"type-product","3":"status-publish","4":"has-post-thumbnail","6":"product_cat-rotallietas-zeniem","7":"product_cat-sporta-un-izklaides-rotallietas","8":"product_cat-leti","9":"pa_amziaus-grupe-3-lv","10":"pa_spalva-dazadi","12":"first","13":"instock","14":"taxable","15":"shipping-taxable","16":"purchasable","17":"product-type-simple"},"yoast_head":"<!-- This site is optimized with the Yoast SEO plugin v26.3 - https:\/\/yoast.com\/wordpress\/plugins\/seo\/ -->\n<title>B\u0113rnu basketbola ri\u0146\u0137is ar regul\u0113jamu stat\u012bvu (l\u012bdz 207 cm) (Kopija) - Toys.lt<\/title>\n<meta name=\"robots\" content=\"index, follow, max-snippet:-1, max-image-preview:large, max-video-preview:-1\" \/>\n<link rel=\"canonical\" href=\"https:\/\/toys.lt\/lv\/produktas\/bernu-basketbola-rinkis-ar-regulejamu-stativu-lidz-207-cm-kopija-2\/\" \/>\n<meta property=\"og:locale\" content=\"lv_LV\" \/>\n<meta property=\"og:type\" content=\"article\" \/>\n<meta property=\"og:title\" content=\"B\u0113rnu basketbola ri\u0146\u0137is ar regul\u0113jamu stat\u012bvu (l\u012bdz 207 cm) (Kopija) - Toys.lt\" \/>\n<meta property=\"og:description\" content=\"Produkta veids: sporta Izcelsmes valsts: \u0136\u012bna Svars: 5,3 kg Ieteicamais vecums: no 8 gadiem.\" \/>\n<meta property=\"og:url\" content=\"https:\/\/toys.lt\/lv\/produktas\/bernu-basketbola-rinkis-ar-regulejamu-stativu-lidz-207-cm-kopija-2\/\" \/>\n<meta property=\"og:site_name\" content=\"Toys.lt\" \/>\n<meta property=\"article:modified_time\" content=\"2026-04-23T02:10:13+00:00\" \/>\n<meta property=\"og:image\" content=\"https:\/\/toys.lt\/wp-content\/uploads\/2026\/04\/ChatGPT-Image-Apr-23-2026-05_09_14-AM.png\" \/>\n\t<meta property=\"og:image:width\" content=\"1537\" \/>\n\t<meta property=\"og:image:height\" content=\"1023\" \/>\n\t<meta property=\"og:image:type\" content=\"image\/png\" \/>\n<meta name=\"twitter:card\" content=\"summary_large_image\" \/>\n<meta name=\"twitter:label1\" content=\"Est. reading time\" \/>\n\t<meta name=\"twitter:data1\" content=\"1 minute\" \/>\n<script type=\"application\/ld+json\" class=\"yoast-schema-graph\">{\"@context\":\"https:\/\/schema.org\",\"@graph\":[{\"@type\":\"WebPage\",\"@id\":\"https:\/\/toys.lt\/lv\/produktas\/bernu-basketbola-rinkis-ar-regulejamu-stativu-lidz-207-cm-kopija-2\/\",\"url\":\"https:\/\/toys.lt\/lv\/produktas\/bernu-basketbola-rinkis-ar-regulejamu-stativu-lidz-207-cm-kopija-2\/\",\"name\":\"B\u0113rnu basketbola ri\u0146\u0137is ar regul\u0113jamu stat\u012bvu (l\u012bdz 207 cm) (Kopija) - Toys.lt\",\"isPartOf\":{\"@id\":\"https:\/\/toys.lt\/lv\/#website\"},\"primaryImageOfPage\":{\"@id\":\"https:\/\/toys.lt\/lv\/produktas\/bernu-basketbola-rinkis-ar-regulejamu-stativu-lidz-207-cm-kopija-2\/#primaryimage\"},\"image\":{\"@id\":\"https:\/\/toys.lt\/lv\/produktas\/bernu-basketbola-rinkis-ar-regulejamu-stativu-lidz-207-cm-kopija-2\/#primaryimage\"},\"thumbnailUrl\":\"https:\/\/toys.lt\/wp-content\/uploads\/2026\/04\/ChatGPT-Image-Apr-23-2026-05_09_14-AM.png\",\"datePublished\":\"2026-04-23T02:03:23+00:00\",\"dateModified\":\"2026-04-23T02:10:13+00:00\",\"breadcrumb\":{\"@id\":\"https:\/\/toys.lt\/lv\/produktas\/bernu-basketbola-rinkis-ar-regulejamu-stativu-lidz-207-cm-kopija-2\/#breadcrumb\"},\"inLanguage\":\"lv-LV\",\"potentialAction\":[{\"@type\":\"ReadAction\",\"target\":[\"https:\/\/toys.lt\/lv\/produktas\/bernu-basketbola-rinkis-ar-regulejamu-stativu-lidz-207-cm-kopija-2\/\"]}]},{\"@type\":\"ImageObject\",\"inLanguage\":\"lv-LV\",\"@id\":\"https:\/\/toys.lt\/lv\/produktas\/bernu-basketbola-rinkis-ar-regulejamu-stativu-lidz-207-cm-kopija-2\/#primaryimage\",\"url\":\"https:\/\/toys.lt\/wp-content\/uploads\/2026\/04\/ChatGPT-Image-Apr-23-2026-05_09_14-AM.png\",\"contentUrl\":\"https:\/\/toys.lt\/wp-content\/uploads\/2026\/04\/ChatGPT-Image-Apr-23-2026-05_09_14-AM.png\",\"width\":1537,\"height\":1023,\"caption\":\"Vaiki\u0161kas krep\u0161inio stovas 156 cm\"},{\"@type\":\"BreadcrumbList\",\"@id\":\"https:\/\/toys.lt\/lv\/produktas\/bernu-basketbola-rinkis-ar-regulejamu-stativu-lidz-207-cm-kopija-2\/#breadcrumb\",\"itemListElement\":[{\"@type\":\"ListItem\",\"position\":1,\"name\":\"Home\",\"item\":\"https:\/\/toys.lt\/lv\/\"},{\"@type\":\"ListItem\",\"position\":2,\"name\":\"Veikals\",\"item\":\"https:\/\/toys.lt\/lv\/shop\/\"},{\"@type\":\"ListItem\",\"position\":3,\"name\":\"B\u0113rnu basketbola ri\u0146\u0137is ar regul\u0113jamu stat\u012bvu (l\u012bdz 207 cm) (Kopija)\"}]},{\"@type\":\"WebSite\",\"@id\":\"https:\/\/toys.lt\/lv\/#website\",\"url\":\"https:\/\/toys.lt\/lv\/\",\"name\":\"Toys.lt\",\"description\":\"\",\"potentialAction\":[{\"@type\":\"SearchAction\",\"target\":{\"@type\":\"EntryPoint\",\"urlTemplate\":\"https:\/\/toys.lt\/lv\/?s={search_term_string}\"},\"query-input\":{\"@type\":\"PropertyValueSpecification\",\"valueRequired\":true,\"valueName\":\"search_term_string\"}}],\"inLanguage\":\"lv-LV\"}]}<\/script>\n<!-- \/ Yoast SEO plugin. -->","yoast_head_json":{"title":"B\u0113rnu basketbola ri\u0146\u0137is ar regul\u0113jamu stat\u012bvu (l\u012bdz 207 cm) (Kopija) - Toys.lt","robots":{"index":"index","follow":"follow","max-snippet":"max-snippet:-1","max-image-preview":"max-image-preview:large","max-video-preview":"max-video-preview:-1"},"canonical":"https:\/\/toys.lt\/lv\/produktas\/bernu-basketbola-rinkis-ar-regulejamu-stativu-lidz-207-cm-kopija-2\/","og_locale":"lv_LV","og_type":"article","og_title":"B\u0113rnu basketbola ri\u0146\u0137is ar regul\u0113jamu stat\u012bvu (l\u012bdz 207 cm) (Kopija) - Toys.lt","og_description":"Produkta veids: sporta Izcelsmes valsts: \u0136\u012bna Svars: 5,3 kg Ieteicamais vecums: no 8 gadiem.","og_url":"https:\/\/toys.lt\/lv\/produktas\/bernu-basketbola-rinkis-ar-regulejamu-stativu-lidz-207-cm-kopija-2\/","og_site_name":"Toys.lt","article_modified_time":"2026-04-23T02:10:13+00:00","og_image":[{"width":1537,"height":1023,"url":"https:\/\/toys.lt\/wp-content\/uploads\/2026\/04\/ChatGPT-Image-Apr-23-2026-05_09_14-AM.png","type":"image\/png"}],"twitter_card":"summary_large_image","twitter_misc":{"Est. reading time":"1 minute"},"schema":{"@context":"https:\/\/schema.org","@graph":[{"@type":"WebPage","@id":"https:\/\/toys.lt\/lv\/produktas\/bernu-basketbola-rinkis-ar-regulejamu-stativu-lidz-207-cm-kopija-2\/","url":"https:\/\/toys.lt\/lv\/produktas\/bernu-basketbola-rinkis-ar-regulejamu-stativu-lidz-207-cm-kopija-2\/","name":"B\u0113rnu basketbola ri\u0146\u0137is ar regul\u0113jamu stat\u012bvu (l\u012bdz 207 cm) (Kopija) - Toys.lt","isPartOf":{"@id":"https:\/\/toys.lt\/lv\/#website"},"primaryImageOfPage":{"@id":"https:\/\/toys.lt\/lv\/produktas\/bernu-basketbola-rinkis-ar-regulejamu-stativu-lidz-207-cm-kopija-2\/#primaryimage"},"image":{"@id":"https:\/\/toys.lt\/lv\/produktas\/bernu-basketbola-rinkis-ar-regulejamu-stativu-lidz-207-cm-kopija-2\/#primaryimage"},"thumbnailUrl":"https:\/\/toys.lt\/wp-content\/uploads\/2026\/04\/ChatGPT-Image-Apr-23-2026-05_09_14-AM.png","datePublished":"2026-04-23T02:03:23+00:00","dateModified":"2026-04-23T02:10:13+00:00","breadcrumb":{"@id":"https:\/\/toys.lt\/lv\/produktas\/bernu-basketbola-rinkis-ar-regulejamu-stativu-lidz-207-cm-kopija-2\/#breadcrumb"},"inLanguage":"lv-LV","potentialAction":[{"@type":"ReadAction","target":["https:\/\/toys.lt\/lv\/produktas\/bernu-basketbola-rinkis-ar-regulejamu-stativu-lidz-207-cm-kopija-2\/"]}]},{"@type":"ImageObject","inLanguage":"lv-LV","@id":"https:\/\/toys.lt\/lv\/produktas\/bernu-basketbola-rinkis-ar-regulejamu-stativu-lidz-207-cm-kopija-2\/#primaryimage","url":"https:\/\/toys.lt\/wp-content\/uploads\/2026\/04\/ChatGPT-Image-Apr-23-2026-05_09_14-AM.png","contentUrl":"https:\/\/toys.lt\/wp-content\/uploads\/2026\/04\/ChatGPT-Image-Apr-23-2026-05_09_14-AM.png","width":1537,"height":1023,"caption":"Vaiki\u0161kas krep\u0161inio stovas 156 cm"},{"@type":"BreadcrumbList","@id":"https:\/\/toys.lt\/lv\/produktas\/bernu-basketbola-rinkis-ar-regulejamu-stativu-lidz-207-cm-kopija-2\/#breadcrumb","itemListElement":[{"@type":"ListItem","position":1,"name":"Home","item":"https:\/\/toys.lt\/lv\/"},{"@type":"ListItem","position":2,"name":"Veikals","item":"https:\/\/toys.lt\/lv\/shop\/"},{"@type":"ListItem","position":3,"name":"B\u0113rnu basketbola ri\u0146\u0137is ar regul\u0113jamu stat\u012bvu (l\u012bdz 207 cm) (Kopija)"}]},{"@type":"WebSite","@id":"https:\/\/toys.lt\/lv\/#website","url":"https:\/\/toys.lt\/lv\/","name":"Toys.lt","description":"","potentialAction":[{"@type":"SearchAction","target":{"@type":"EntryPoint","urlTemplate":"https:\/\/toys.lt\/lv\/?s={search_term_string}"},"query-input":{"@type":"PropertyValueSpecification","valueRequired":true,"valueName":"search_term_string"}}],"inLanguage":"lv-LV"}]}},"_links":{"self":[{"href":"https:\/\/toys.lt\/lv\/wp-json\/wp\/v2\/product\/49792","targetHints":{"allow":["GET"]}}],"collection":[{"href":"https:\/\/toys.lt\/lv\/wp-json\/wp\/v2\/product"}],"about":[{"href":"https:\/\/toys.lt\/lv\/wp-json\/wp\/v2\/types\/product"}],"replies":[{"embeddable":true,"href":"https:\/\/toys.lt\/lv\/wp-json\/wp\/v2\/comments?post=49792"}],"version-history":[{"count":1,"href":"https:\/\/toys.lt\/lv\/wp-json\/wp\/v2\/product\/49792\/revisions"}],"predecessor-version":[{"id":49795,"href":"https:\/\/toys.lt\/lv\/wp-json\/wp\/v2\/product\/49792\/revisions\/49795"}],"wp:featuredmedia":[{"embeddable":true,"href":"https:\/\/toys.lt\/lv\/wp-json\/wp\/v2\/media\/49794"}],"wp:attachment":[{"href":"https:\/\/toys.lt\/lv\/wp-json\/wp\/v2\/media?parent=49792"}],"wp:term":[{"taxonomy":"product_brand","embeddable":true,"href":"https:\/\/toys.lt\/lv\/wp-json\/wp\/v2\/product_brand?post=49792"},{"taxonomy":"product_cat","embeddable":true,"href":"https:\/\/toys.lt\/lv\/wp-json\/wp\/v2\/product_cat?post=49792"},{"taxonomy":"product_tag","embeddable":true,"href":"https:\/\/toys.lt\/lv\/wp-json\/wp\/v2\/product_tag?post=49792"}],"curies":[{"name":"wp","href":"https:\/\/api.w.org\/{rel}","templated":true}]}}