{"id":49747,"date":"2026-04-23T01:15:58","date_gmt":"2026-04-23T01:15:58","guid":{"rendered":"https:\/\/toys.lt\/?post_type=product&#038;p=49747"},"modified":"2026-04-23T01:31:04","modified_gmt":"2026-04-23T01:31:04","slug":"rotallietu-traktors-ar-piekabi-un-gaismam-skanas-kopija","status":"publish","type":"product","link":"https:\/\/toys.lt\/lv\/produktas\/rotallietu-traktors-ar-piekabi-un-gaismam-skanas-kopija\/","title":{"rendered":"Rota\u013clietu traktors ar piekabi un gaism\u0101m, ska\u0146as (Kopija)"},"content":{"rendered":"<p data-start=\"249\" data-end=\"464\">Interakt\u012bv\u0101 traktora piekabe ir lieliska izv\u0113le b\u0113rniem, kuriem pat\u012bk sp\u0113l\u0113t lauku sp\u0113les. Ar gaismas un ska\u0146as efektiem, inerces meh\u0101nismu un no\u0146emamu piekabi rota\u013clieta pied\u0101v\u0101 v\u0113l liel\u0101ku da\u017e\u0101d\u012bbu. <\/p>\n<hr data-start=\"466\" data-end=\"469\">\n<h2 data-start=\"471\" data-end=\"487\"><strong data-start=\"476\" data-end=\"487\">\u2b50 Funkcijas<\/strong><\/h2>\n<ul data-start=\"488\" data-end=\"687\">\n<li data-start=\"488\" data-end=\"522\">\n<p data-start=\"490\" data-end=\"522\">Traktors ar no\u0146emamu piekabi<\/p>\n<\/li>\n<li data-start=\"523\" data-end=\"572\">\n<p data-start=\"525\" data-end=\"572\">Gaismas un ska\u0146as efekti (3 da\u017e\u0101das ska\u0146as)<\/p>\n<\/li>\n<li data-start=\"573\" data-end=\"612\">\n<p data-start=\"575\" data-end=\"612\">Inerces p\u0101rnesums (p\u0113c atbr\u012bvo\u0161anas)<\/p>\n<\/li>\n<li data-start=\"613\" data-end=\"634\">\n<p data-start=\"615\" data-end=\"634\">Iztur\u012bga plastmasa<\/p>\n<\/li>\n<li data-start=\"635\" data-end=\"687\">\n<p data-start=\"637\" data-end=\"687\">Vienk\u0101r\u0161i un jautri sp\u0113l\u0113t gan iek\u0161telp\u0101s, gan \u0101r\u0101<\/p>\n<\/li>\n<li data-start=\"635\" data-end=\"687\">Pieejama 3 kr\u0101su izv\u0113le<\/li>\n<\/ul>\n<hr data-start=\"747\" data-end=\"750\">\n<h2 data-start=\"752\" data-end=\"782\">\ud83d\udd27 <strong data-start=\"758\" data-end=\"782\">Tehnisk\u0101 inform\u0101cija<\/strong><\/h2>\n<ul data-start=\"783\" data-end=\"1042\">\n<li data-start=\"783\" data-end=\"818\">\n<p data-start=\"785\" data-end=\"818\">Izstr\u0101d\u0101juma izm\u0113rs: <strong data-start=\"799\" data-end=\"816\">45 \u00d7 9 \u00d7 9 cm<\/strong><\/p>\n<\/li>\n<li data-start=\"819\" data-end=\"860\">\n<p data-start=\"821\" data-end=\"860\">Iepakojuma izm\u0113rs: <strong data-start=\"837\" data-end=\"858\">47 \u00d7 11 \u00d7 15,5 cm<\/strong><\/p>\n<\/li>\n<li data-start=\"861\" data-end=\"883\">\n<p data-start=\"863\" data-end=\"883\">Svars: <strong data-start=\"871\" data-end=\"881\">0,7 kg<\/strong><\/p>\n<\/li>\n<li data-start=\"884\" data-end=\"944\">\n<p data-start=\"886\" data-end=\"944\">Baro\u0161anas avots: <strong data-start=\"898\" data-end=\"920\">3 \u00d7 AG13 elementi<\/strong><\/p>\n<\/li>\n<li data-start=\"945\" data-end=\"987\">\n<p data-start=\"947\" data-end=\"987\">Ieteicamais vecums: <strong data-start=\"971\" data-end=\"985\">no 3 gadiem<\/strong><\/p>\n<\/li>\n<li data-start=\"988\" data-end=\"1015\">\n<p data-start=\"990\" data-end=\"1015\">Materi\u0101ls: <strong data-start=\"1000\" data-end=\"1013\">plastmasa<\/strong><\/p>\n<\/li>\n<\/ul>\n<hr data-start=\"1044\" data-end=\"1047\">\n<h2 data-start=\"1049\" data-end=\"1076\">\u26a0\ufe0f <strong data-start=\"1055\" data-end=\"1076\">Dro\u0161\u012bbas br\u012bdin\u0101jums<\/strong><\/h2>\n<p data-start=\"1077\" data-end=\"1184\">Nav piem\u0113rots b\u0113rniem l\u012bdz 3 gadu vecumam &#8211; mazas deta\u013cas un aizr\u012b\u0161an\u0101s risks. Ieteicama pieaugu\u0161o uzraudz\u012bba.<\/p>\n","protected":false},"excerpt":{"rendered":"<ul data-start=\"783\" data-end=\"1042\">\n<li data-start=\"783\" data-end=\"818\">\n<p data-start=\"785\" data-end=\"818\">Izstr\u0101d\u0101juma izm\u0113rs: <strong data-start=\"799\" data-end=\"816\">45 \u00d7 9 \u00d7 9 cm<\/strong><\/p>\n<\/li>\n<li data-start=\"819\" data-end=\"860\">\n<p data-start=\"821\" data-end=\"860\">Iepakojuma izm\u0113rs: <strong data-start=\"837\" data-end=\"858\">47 \u00d7 11 \u00d7 15,5 cm<\/strong><\/p>\n<\/li>\n<li data-start=\"861\" data-end=\"883\">\n<p data-start=\"863\" data-end=\"883\">Svars: <strong data-start=\"871\" data-end=\"881\">0,7 kg<\/strong><\/p>\n<\/li>\n<li data-start=\"884\" data-end=\"944\">\n<p data-start=\"886\" data-end=\"944\">Baro\u0161anas avots: <strong data-start=\"898\" data-end=\"920\">3 \u00d7 AG13 elementi<\/strong><\/p>\n<\/li>\n<li data-start=\"945\" data-end=\"987\">\n<p data-start=\"947\" data-end=\"987\">Ieteicamais vecums: <strong data-start=\"971\" data-end=\"985\">no 3 gadiem<\/strong><\/p>\n<\/li>\n<li data-start=\"988\" data-end=\"1015\">\n<p data-start=\"990\" data-end=\"1015\">Materi\u0101ls: <strong data-start=\"1000\" data-end=\"1013\">plastmasa<\/strong><\/p>\n<\/li>\n<li data-start=\"1016\" data-end=\"1042\">\n<p data-start=\"1018\" data-end=\"1042\">Izcelsmes valsts: <strong data-start=\"1032\" data-end=\"1042\">\u0136\u012bna<\/strong><\/p>\n<\/li>\n<\/ul>\n","protected":false},"featured_media":49758,"comment_status":"open","ping_status":"closed","template":"","meta":[],"product_brand":[],"product_cat":[1176,1177,1406],"product_tag":[],"class_list":{"0":"post-49747","1":"product","2":"type-product","3":"status-publish","4":"has-post-thumbnail","6":"product_cat-rotallietas-zeniem","7":"product_cat-rotalu-automasinas-traktori-un-kapurkedes","8":"product_cat-letakais","9":"pa_amziaus-grupe-3-lv","10":"pa_prek-s-spalva-sarkanais","11":"pa_prek-s-spalva-zala","12":"pa_prek-s-spalva-zilais","14":"first","15":"instock","16":"taxable","17":"shipping-taxable","18":"purchasable","19":"product-type-simple"},"yoast_head":"<!-- This site is optimized with the Yoast SEO plugin v26.3 - https:\/\/yoast.com\/wordpress\/plugins\/seo\/ -->\n<title>Rota\u013clietu traktors ar piekabi un gaism\u0101m, ska\u0146as (Kopija) - Toys.lt<\/title>\n<meta name=\"description\" content=\"Rota\u013clietu traktors ar piekabi, gaism\u0101m un ska\u0146\u0101m. Inerces piedzi\u0146a, iztur\u012bga plastmasa un jautra rota\u013ca b\u0113rniem no 3 gadu vecuma.\" \/>\n<meta name=\"robots\" content=\"index, follow, max-snippet:-1, max-image-preview:large, max-video-preview:-1\" \/>\n<link rel=\"canonical\" href=\"https:\/\/toys.lt\/lv\/produktas\/rotallietu-traktors-ar-piekabi-un-gaismam-skanas-kopija\/\" \/>\n<meta property=\"og:locale\" content=\"lv_LV\" \/>\n<meta property=\"og:type\" content=\"article\" \/>\n<meta property=\"og:title\" content=\"Rota\u013clietu traktors ar piekabi un gaism\u0101m, ska\u0146as (Kopija) - Toys.lt\" \/>\n<meta property=\"og:description\" content=\"Rota\u013clietu traktors ar piekabi, gaism\u0101m un ska\u0146\u0101m. Inerces piedzi\u0146a, iztur\u012bga plastmasa un jautra rota\u013ca b\u0113rniem no 3 gadu vecuma.\" \/>\n<meta property=\"og:url\" content=\"https:\/\/toys.lt\/lv\/produktas\/rotallietu-traktors-ar-piekabi-un-gaismam-skanas-kopija\/\" \/>\n<meta property=\"og:site_name\" content=\"Toys.lt\" \/>\n<meta property=\"article:modified_time\" content=\"2026-04-23T01:31:04+00:00\" \/>\n<meta property=\"og:image\" content=\"https:\/\/toys.lt\/wp-content\/uploads\/2026\/04\/JS120-4.jpg\" \/>\n\t<meta property=\"og:image:width\" content=\"779\" \/>\n\t<meta property=\"og:image:height\" content=\"741\" \/>\n\t<meta property=\"og:image:type\" content=\"image\/jpeg\" \/>\n<meta name=\"twitter:card\" content=\"summary_large_image\" \/>\n<meta name=\"twitter:label1\" content=\"Est. reading time\" \/>\n\t<meta name=\"twitter:data1\" content=\"1 minute\" \/>\n<script type=\"application\/ld+json\" class=\"yoast-schema-graph\">{\"@context\":\"https:\/\/schema.org\",\"@graph\":[{\"@type\":\"WebPage\",\"@id\":\"https:\/\/toys.lt\/lv\/produktas\/rotallietu-traktors-ar-piekabi-un-gaismam-skanas-kopija\/\",\"url\":\"https:\/\/toys.lt\/lv\/produktas\/rotallietu-traktors-ar-piekabi-un-gaismam-skanas-kopija\/\",\"name\":\"Rota\u013clietu traktors ar piekabi un gaism\u0101m, ska\u0146as (Kopija) - Toys.lt\",\"isPartOf\":{\"@id\":\"https:\/\/toys.lt\/lv\/#website\"},\"primaryImageOfPage\":{\"@id\":\"https:\/\/toys.lt\/lv\/produktas\/rotallietu-traktors-ar-piekabi-un-gaismam-skanas-kopija\/#primaryimage\"},\"image\":{\"@id\":\"https:\/\/toys.lt\/lv\/produktas\/rotallietu-traktors-ar-piekabi-un-gaismam-skanas-kopija\/#primaryimage\"},\"thumbnailUrl\":\"https:\/\/toys.lt\/wp-content\/uploads\/2026\/04\/JS120-4.jpg\",\"datePublished\":\"2026-04-23T01:15:58+00:00\",\"dateModified\":\"2026-04-23T01:31:04+00:00\",\"description\":\"Rota\u013clietu traktors ar piekabi, gaism\u0101m un ska\u0146\u0101m. Inerces piedzi\u0146a, iztur\u012bga plastmasa un jautra rota\u013ca b\u0113rniem no 3 gadu vecuma.\",\"breadcrumb\":{\"@id\":\"https:\/\/toys.lt\/lv\/produktas\/rotallietu-traktors-ar-piekabi-un-gaismam-skanas-kopija\/#breadcrumb\"},\"inLanguage\":\"lv-LV\",\"potentialAction\":[{\"@type\":\"ReadAction\",\"target\":[\"https:\/\/toys.lt\/lv\/produktas\/rotallietu-traktors-ar-piekabi-un-gaismam-skanas-kopija\/\"]}]},{\"@type\":\"ImageObject\",\"inLanguage\":\"lv-LV\",\"@id\":\"https:\/\/toys.lt\/lv\/produktas\/rotallietu-traktors-ar-piekabi-un-gaismam-skanas-kopija\/#primaryimage\",\"url\":\"https:\/\/toys.lt\/wp-content\/uploads\/2026\/04\/JS120-4.jpg\",\"contentUrl\":\"https:\/\/toys.lt\/wp-content\/uploads\/2026\/04\/JS120-4.jpg\",\"width\":779,\"height\":741},{\"@type\":\"BreadcrumbList\",\"@id\":\"https:\/\/toys.lt\/lv\/produktas\/rotallietu-traktors-ar-piekabi-un-gaismam-skanas-kopija\/#breadcrumb\",\"itemListElement\":[{\"@type\":\"ListItem\",\"position\":1,\"name\":\"Home\",\"item\":\"https:\/\/toys.lt\/lv\/\"},{\"@type\":\"ListItem\",\"position\":2,\"name\":\"Veikals\",\"item\":\"https:\/\/toys.lt\/lv\/shop\/\"},{\"@type\":\"ListItem\",\"position\":3,\"name\":\"Rota\u013clietu traktors ar piekabi un gaism\u0101m, ska\u0146as (Kopija)\"}]},{\"@type\":\"WebSite\",\"@id\":\"https:\/\/toys.lt\/lv\/#website\",\"url\":\"https:\/\/toys.lt\/lv\/\",\"name\":\"Toys.lt\",\"description\":\"\",\"potentialAction\":[{\"@type\":\"SearchAction\",\"target\":{\"@type\":\"EntryPoint\",\"urlTemplate\":\"https:\/\/toys.lt\/lv\/?s={search_term_string}\"},\"query-input\":{\"@type\":\"PropertyValueSpecification\",\"valueRequired\":true,\"valueName\":\"search_term_string\"}}],\"inLanguage\":\"lv-LV\"}]}<\/script>\n<!-- \/ Yoast SEO plugin. -->","yoast_head_json":{"title":"Rota\u013clietu traktors ar piekabi un gaism\u0101m, ska\u0146as (Kopija) - Toys.lt","description":"Rota\u013clietu traktors ar piekabi, gaism\u0101m un ska\u0146\u0101m. Inerces piedzi\u0146a, iztur\u012bga plastmasa un jautra rota\u013ca b\u0113rniem no 3 gadu vecuma.","robots":{"index":"index","follow":"follow","max-snippet":"max-snippet:-1","max-image-preview":"max-image-preview:large","max-video-preview":"max-video-preview:-1"},"canonical":"https:\/\/toys.lt\/lv\/produktas\/rotallietu-traktors-ar-piekabi-un-gaismam-skanas-kopija\/","og_locale":"lv_LV","og_type":"article","og_title":"Rota\u013clietu traktors ar piekabi un gaism\u0101m, ska\u0146as (Kopija) - Toys.lt","og_description":"Rota\u013clietu traktors ar piekabi, gaism\u0101m un ska\u0146\u0101m. Inerces piedzi\u0146a, iztur\u012bga plastmasa un jautra rota\u013ca b\u0113rniem no 3 gadu vecuma.","og_url":"https:\/\/toys.lt\/lv\/produktas\/rotallietu-traktors-ar-piekabi-un-gaismam-skanas-kopija\/","og_site_name":"Toys.lt","article_modified_time":"2026-04-23T01:31:04+00:00","og_image":[{"width":779,"height":741,"url":"https:\/\/toys.lt\/wp-content\/uploads\/2026\/04\/JS120-4.jpg","type":"image\/jpeg"}],"twitter_card":"summary_large_image","twitter_misc":{"Est. reading time":"1 minute"},"schema":{"@context":"https:\/\/schema.org","@graph":[{"@type":"WebPage","@id":"https:\/\/toys.lt\/lv\/produktas\/rotallietu-traktors-ar-piekabi-un-gaismam-skanas-kopija\/","url":"https:\/\/toys.lt\/lv\/produktas\/rotallietu-traktors-ar-piekabi-un-gaismam-skanas-kopija\/","name":"Rota\u013clietu traktors ar piekabi un gaism\u0101m, ska\u0146as (Kopija) - Toys.lt","isPartOf":{"@id":"https:\/\/toys.lt\/lv\/#website"},"primaryImageOfPage":{"@id":"https:\/\/toys.lt\/lv\/produktas\/rotallietu-traktors-ar-piekabi-un-gaismam-skanas-kopija\/#primaryimage"},"image":{"@id":"https:\/\/toys.lt\/lv\/produktas\/rotallietu-traktors-ar-piekabi-un-gaismam-skanas-kopija\/#primaryimage"},"thumbnailUrl":"https:\/\/toys.lt\/wp-content\/uploads\/2026\/04\/JS120-4.jpg","datePublished":"2026-04-23T01:15:58+00:00","dateModified":"2026-04-23T01:31:04+00:00","description":"Rota\u013clietu traktors ar piekabi, gaism\u0101m un ska\u0146\u0101m. Inerces piedzi\u0146a, iztur\u012bga plastmasa un jautra rota\u013ca b\u0113rniem no 3 gadu vecuma.","breadcrumb":{"@id":"https:\/\/toys.lt\/lv\/produktas\/rotallietu-traktors-ar-piekabi-un-gaismam-skanas-kopija\/#breadcrumb"},"inLanguage":"lv-LV","potentialAction":[{"@type":"ReadAction","target":["https:\/\/toys.lt\/lv\/produktas\/rotallietu-traktors-ar-piekabi-un-gaismam-skanas-kopija\/"]}]},{"@type":"ImageObject","inLanguage":"lv-LV","@id":"https:\/\/toys.lt\/lv\/produktas\/rotallietu-traktors-ar-piekabi-un-gaismam-skanas-kopija\/#primaryimage","url":"https:\/\/toys.lt\/wp-content\/uploads\/2026\/04\/JS120-4.jpg","contentUrl":"https:\/\/toys.lt\/wp-content\/uploads\/2026\/04\/JS120-4.jpg","width":779,"height":741},{"@type":"BreadcrumbList","@id":"https:\/\/toys.lt\/lv\/produktas\/rotallietu-traktors-ar-piekabi-un-gaismam-skanas-kopija\/#breadcrumb","itemListElement":[{"@type":"ListItem","position":1,"name":"Home","item":"https:\/\/toys.lt\/lv\/"},{"@type":"ListItem","position":2,"name":"Veikals","item":"https:\/\/toys.lt\/lv\/shop\/"},{"@type":"ListItem","position":3,"name":"Rota\u013clietu traktors ar piekabi un gaism\u0101m, ska\u0146as (Kopija)"}]},{"@type":"WebSite","@id":"https:\/\/toys.lt\/lv\/#website","url":"https:\/\/toys.lt\/lv\/","name":"Toys.lt","description":"","potentialAction":[{"@type":"SearchAction","target":{"@type":"EntryPoint","urlTemplate":"https:\/\/toys.lt\/lv\/?s={search_term_string}"},"query-input":{"@type":"PropertyValueSpecification","valueRequired":true,"valueName":"search_term_string"}}],"inLanguage":"lv-LV"}]}},"_links":{"self":[{"href":"https:\/\/toys.lt\/lv\/wp-json\/wp\/v2\/product\/49747","targetHints":{"allow":["GET"]}}],"collection":[{"href":"https:\/\/toys.lt\/lv\/wp-json\/wp\/v2\/product"}],"about":[{"href":"https:\/\/toys.lt\/lv\/wp-json\/wp\/v2\/types\/product"}],"replies":[{"embeddable":true,"href":"https:\/\/toys.lt\/lv\/wp-json\/wp\/v2\/comments?post=49747"}],"version-history":[{"count":1,"href":"https:\/\/toys.lt\/lv\/wp-json\/wp\/v2\/product\/49747\/revisions"}],"predecessor-version":[{"id":49763,"href":"https:\/\/toys.lt\/lv\/wp-json\/wp\/v2\/product\/49747\/revisions\/49763"}],"wp:featuredmedia":[{"embeddable":true,"href":"https:\/\/toys.lt\/lv\/wp-json\/wp\/v2\/media\/49758"}],"wp:attachment":[{"href":"https:\/\/toys.lt\/lv\/wp-json\/wp\/v2\/media?parent=49747"}],"wp:term":[{"taxonomy":"product_brand","embeddable":true,"href":"https:\/\/toys.lt\/lv\/wp-json\/wp\/v2\/product_brand?post=49747"},{"taxonomy":"product_cat","embeddable":true,"href":"https:\/\/toys.lt\/lv\/wp-json\/wp\/v2\/product_cat?post=49747"},{"taxonomy":"product_tag","embeddable":true,"href":"https:\/\/toys.lt\/lv\/wp-json\/wp\/v2\/product_tag?post=49747"}],"curies":[{"name":"wp","href":"https:\/\/api.w.org\/{rel}","templated":true}]}}