{"id":49679,"date":"2026-04-21T23:02:47","date_gmt":"2026-04-21T23:02:47","guid":{"rendered":"https:\/\/toys.lt\/?post_type=product&#038;p=49679"},"modified":"2026-04-21T23:10:57","modified_gmt":"2026-04-21T23:10:57","slug":"daudzfunkcionals-bernu-paklajins-ar-klavierem-kopija","status":"publish","type":"product","link":"https:\/\/toys.lt\/lv\/produktas\/daudzfunkcionals-bernu-paklajins-ar-klavierem-kopija\/","title":{"rendered":"Daudzfunkcion\u0101ls b\u0113rnu pakl\u0101ji\u0146\u0161 ar klavier\u0113m (Kopija)"},"content":{"rendered":"<p><strong>Funkcijas:<\/strong><\/p>\n<ul style=\"list-style-type:square\">\n<li style=\"margin:0px;padding:0px;font:inherit;border:0px\">Komplekt\u0101 ietilpst klavieres un 4 grabul\u012b\u0161i  <\/li>\n<li style=\"margin:0px;padding:0px;font:inherit;border:0px\">Maigas un l\u0113nas melodijas rad\u012bs m\u0101j\u012bgu atmosf\u0113ru j\u016bsu mazulim.<\/li>\n<li style=\"margin:0px;padding:0px;font:inherit;border:0px\">Gul\u0113dams uz muguras, b\u0113rns var sp\u0113l\u0113ties ar grabul\u012b\u0161iem vai skat\u012bties spogul\u012b.<\/li>\n<li style=\"margin:0px;padding:0px;font:inherit;border:0px\">Klavieru muzik\u0101lo grupu veido 4 tausti\u0146i, kas atska\u0146o notis un melodijas.<\/li>\n<li style=\"margin:0px;padding:0px;font:inherit;border:0px\">Klavieres ir uzst\u0101d\u012btas uz speci\u0101la stat\u012bva uz pakl\u0101ja.<\/li>\n<li style=\"margin:0px;padding:0px;font:inherit;border:0px\">T\u0101 kompaktais izm\u0113rs \u013cauj to \u0113rti pa\u0146emt l\u012bdzi.<\/li>\n<li style=\"margin:0px;padding:0px;font:inherit;border:0px\">Pakl\u0101ji\u0146\u0161 sast\u0101v no m\u012bkstas virsmas, uz kuras b\u0113rns var gul\u0113t uz muguras vai v\u0113dera, un arkas ar piek\u0101rt\u0101m rota\u013cliet\u0101m.<\/li>\n<li style=\"margin:0px;padding:0px;font:inherit;border:0px\">Pal\u012bdz att\u012bst\u012bt motoriku, kust\u012bbu koordin\u0101ciju un vizu\u0101lo uztveri, redzi, dzirdi, sejas izteiksmi un runu.<\/li>\n<li style=\"margin:0px;padding:0px;font:inherit;border:0px\">M\u0113\u0123inot sasniegt interes\u0113jo\u0161o objektu, att\u012bst\u0101s kakla, roku un k\u0101ju musku\u013ci.<\/li>\n<\/ul>\n","protected":false},"excerpt":{"rendered":"<p>Produkta veids: pakl\u0101ji\u0146\u0161 z\u012bdai\u0146iem<\/p>\n<p>Izcelsmes valsts: \u0136\u012bna<\/p>\n<p>Izstr\u0101d\u0101juma materi\u0101ls: plastmasa, materi\u0101ls<\/p>\n<p>Iepakojuma izm\u0113ri: 8 x 45 x 32 cm<\/p>\n<p>Pakl\u0101ji\u0146a izm\u0113ri: 56 x 71 x 38 cm<\/p>\n<p>Ieteicamais vecums: no 0 m\u0113ne\u0161iem<\/p>\n<p>Baterijas: 3 x AA (nav iek\u013cautas komplekt\u0101)<\/p>\n","protected":false},"featured_media":49681,"comment_status":"open","ping_status":"closed","template":"","meta":[],"product_brand":[],"product_cat":[1182,1183,1157,1155],"product_tag":[],"class_list":{"0":"post-49679","1":"product","2":"type-product","3":"status-publish","4":"has-post-thumbnail","6":"product_cat-muzikalas-rotallietas","7":"product_cat-rotallietas-maziem-berniem","8":"product_cat-izglitojosas-un-interaktivas-rotallietas","9":"product_cat-leti","10":"pa_amziaus-grupe-0-lv","11":"pa_prek-s-tipas-spelu-rotallietas","13":"first","14":"instock","15":"taxable","16":"shipping-taxable","17":"purchasable","18":"product-type-simple"},"yoast_head":"<!-- This site is optimized with the Yoast SEO plugin v26.3 - https:\/\/yoast.com\/wordpress\/plugins\/seo\/ -->\n<title>Daudzfunkcion\u0101ls b\u0113rnu pakl\u0101ji\u0146\u0161 ar klavier\u0113m (Kopija) - Toys.lt<\/title>\n<meta name=\"robots\" content=\"index, follow, max-snippet:-1, max-image-preview:large, max-video-preview:-1\" \/>\n<link rel=\"canonical\" href=\"https:\/\/toys.lt\/lv\/produktas\/daudzfunkcionals-bernu-paklajins-ar-klavierem-kopija\/\" \/>\n<meta property=\"og:locale\" content=\"lv_LV\" \/>\n<meta property=\"og:type\" content=\"article\" \/>\n<meta property=\"og:title\" content=\"Daudzfunkcion\u0101ls b\u0113rnu pakl\u0101ji\u0146\u0161 ar klavier\u0113m (Kopija) - Toys.lt\" \/>\n<meta property=\"og:description\" content=\"Produkta veids: pakl\u0101ji\u0146\u0161 z\u012bdai\u0146iem Izcelsmes valsts: \u0136\u012bna Izstr\u0101d\u0101juma materi\u0101ls: plastmasa, materi\u0101ls Iepakojuma izm\u0113ri: 8 x 45 x 32 cm Pakl\u0101ji\u0146a izm\u0113ri: 56 x 71 x 38 cm Ieteicamais vecums: no 0 m\u0113ne\u0161iem Baterijas: 3 x AA (nav iek\u013cautas komplekt\u0101)\" \/>\n<meta property=\"og:url\" content=\"https:\/\/toys.lt\/lv\/produktas\/daudzfunkcionals-bernu-paklajins-ar-klavierem-kopija\/\" \/>\n<meta property=\"og:site_name\" content=\"Toys.lt\" \/>\n<meta property=\"article:modified_time\" content=\"2026-04-21T23:10:57+00:00\" \/>\n<meta property=\"og:image\" content=\"https:\/\/toys.lt\/wp-content\/uploads\/2026\/04\/HE0650-1.jpg\" \/>\n\t<meta property=\"og:image:width\" content=\"663\" \/>\n\t<meta property=\"og:image:height\" content=\"531\" \/>\n\t<meta property=\"og:image:type\" content=\"image\/jpeg\" \/>\n<meta name=\"twitter:card\" content=\"summary_large_image\" \/>\n<meta name=\"twitter:label1\" content=\"Est. reading time\" \/>\n\t<meta name=\"twitter:data1\" content=\"1 minute\" \/>\n<script type=\"application\/ld+json\" class=\"yoast-schema-graph\">{\"@context\":\"https:\/\/schema.org\",\"@graph\":[{\"@type\":\"WebPage\",\"@id\":\"https:\/\/toys.lt\/lv\/produktas\/daudzfunkcionals-bernu-paklajins-ar-klavierem-kopija\/\",\"url\":\"https:\/\/toys.lt\/lv\/produktas\/daudzfunkcionals-bernu-paklajins-ar-klavierem-kopija\/\",\"name\":\"Daudzfunkcion\u0101ls b\u0113rnu pakl\u0101ji\u0146\u0161 ar klavier\u0113m (Kopija) - Toys.lt\",\"isPartOf\":{\"@id\":\"https:\/\/toys.lt\/lv\/#website\"},\"primaryImageOfPage\":{\"@id\":\"https:\/\/toys.lt\/lv\/produktas\/daudzfunkcionals-bernu-paklajins-ar-klavierem-kopija\/#primaryimage\"},\"image\":{\"@id\":\"https:\/\/toys.lt\/lv\/produktas\/daudzfunkcionals-bernu-paklajins-ar-klavierem-kopija\/#primaryimage\"},\"thumbnailUrl\":\"https:\/\/toys.lt\/wp-content\/uploads\/2026\/04\/HE0650-1.jpg\",\"datePublished\":\"2026-04-21T23:02:47+00:00\",\"dateModified\":\"2026-04-21T23:10:57+00:00\",\"breadcrumb\":{\"@id\":\"https:\/\/toys.lt\/lv\/produktas\/daudzfunkcionals-bernu-paklajins-ar-klavierem-kopija\/#breadcrumb\"},\"inLanguage\":\"lv-LV\",\"potentialAction\":[{\"@type\":\"ReadAction\",\"target\":[\"https:\/\/toys.lt\/lv\/produktas\/daudzfunkcionals-bernu-paklajins-ar-klavierem-kopija\/\"]}]},{\"@type\":\"ImageObject\",\"inLanguage\":\"lv-LV\",\"@id\":\"https:\/\/toys.lt\/lv\/produktas\/daudzfunkcionals-bernu-paklajins-ar-klavierem-kopija\/#primaryimage\",\"url\":\"https:\/\/toys.lt\/wp-content\/uploads\/2026\/04\/HE0650-1.jpg\",\"contentUrl\":\"https:\/\/toys.lt\/wp-content\/uploads\/2026\/04\/HE0650-1.jpg\",\"width\":663,\"height\":531,\"caption\":\"K\u016bdiki\u0173 \u017eaidim\u0173 kilim\u0117lis su pianinu ir \u017eaislais\"},{\"@type\":\"BreadcrumbList\",\"@id\":\"https:\/\/toys.lt\/lv\/produktas\/daudzfunkcionals-bernu-paklajins-ar-klavierem-kopija\/#breadcrumb\",\"itemListElement\":[{\"@type\":\"ListItem\",\"position\":1,\"name\":\"Home\",\"item\":\"https:\/\/toys.lt\/lv\/\"},{\"@type\":\"ListItem\",\"position\":2,\"name\":\"Veikals\",\"item\":\"https:\/\/toys.lt\/lv\/shop\/\"},{\"@type\":\"ListItem\",\"position\":3,\"name\":\"Daudzfunkcion\u0101ls b\u0113rnu pakl\u0101ji\u0146\u0161 ar klavier\u0113m (Kopija)\"}]},{\"@type\":\"WebSite\",\"@id\":\"https:\/\/toys.lt\/lv\/#website\",\"url\":\"https:\/\/toys.lt\/lv\/\",\"name\":\"Toys.lt\",\"description\":\"\",\"potentialAction\":[{\"@type\":\"SearchAction\",\"target\":{\"@type\":\"EntryPoint\",\"urlTemplate\":\"https:\/\/toys.lt\/lv\/?s={search_term_string}\"},\"query-input\":{\"@type\":\"PropertyValueSpecification\",\"valueRequired\":true,\"valueName\":\"search_term_string\"}}],\"inLanguage\":\"lv-LV\"}]}<\/script>\n<!-- \/ Yoast SEO plugin. -->","yoast_head_json":{"title":"Daudzfunkcion\u0101ls b\u0113rnu pakl\u0101ji\u0146\u0161 ar klavier\u0113m (Kopija) - Toys.lt","robots":{"index":"index","follow":"follow","max-snippet":"max-snippet:-1","max-image-preview":"max-image-preview:large","max-video-preview":"max-video-preview:-1"},"canonical":"https:\/\/toys.lt\/lv\/produktas\/daudzfunkcionals-bernu-paklajins-ar-klavierem-kopija\/","og_locale":"lv_LV","og_type":"article","og_title":"Daudzfunkcion\u0101ls b\u0113rnu pakl\u0101ji\u0146\u0161 ar klavier\u0113m (Kopija) - Toys.lt","og_description":"Produkta veids: pakl\u0101ji\u0146\u0161 z\u012bdai\u0146iem Izcelsmes valsts: \u0136\u012bna Izstr\u0101d\u0101juma materi\u0101ls: plastmasa, materi\u0101ls Iepakojuma izm\u0113ri: 8 x 45 x 32 cm Pakl\u0101ji\u0146a izm\u0113ri: 56 x 71 x 38 cm Ieteicamais vecums: no 0 m\u0113ne\u0161iem Baterijas: 3 x AA (nav iek\u013cautas komplekt\u0101)","og_url":"https:\/\/toys.lt\/lv\/produktas\/daudzfunkcionals-bernu-paklajins-ar-klavierem-kopija\/","og_site_name":"Toys.lt","article_modified_time":"2026-04-21T23:10:57+00:00","og_image":[{"width":663,"height":531,"url":"https:\/\/toys.lt\/wp-content\/uploads\/2026\/04\/HE0650-1.jpg","type":"image\/jpeg"}],"twitter_card":"summary_large_image","twitter_misc":{"Est. reading time":"1 minute"},"schema":{"@context":"https:\/\/schema.org","@graph":[{"@type":"WebPage","@id":"https:\/\/toys.lt\/lv\/produktas\/daudzfunkcionals-bernu-paklajins-ar-klavierem-kopija\/","url":"https:\/\/toys.lt\/lv\/produktas\/daudzfunkcionals-bernu-paklajins-ar-klavierem-kopija\/","name":"Daudzfunkcion\u0101ls b\u0113rnu pakl\u0101ji\u0146\u0161 ar klavier\u0113m (Kopija) - Toys.lt","isPartOf":{"@id":"https:\/\/toys.lt\/lv\/#website"},"primaryImageOfPage":{"@id":"https:\/\/toys.lt\/lv\/produktas\/daudzfunkcionals-bernu-paklajins-ar-klavierem-kopija\/#primaryimage"},"image":{"@id":"https:\/\/toys.lt\/lv\/produktas\/daudzfunkcionals-bernu-paklajins-ar-klavierem-kopija\/#primaryimage"},"thumbnailUrl":"https:\/\/toys.lt\/wp-content\/uploads\/2026\/04\/HE0650-1.jpg","datePublished":"2026-04-21T23:02:47+00:00","dateModified":"2026-04-21T23:10:57+00:00","breadcrumb":{"@id":"https:\/\/toys.lt\/lv\/produktas\/daudzfunkcionals-bernu-paklajins-ar-klavierem-kopija\/#breadcrumb"},"inLanguage":"lv-LV","potentialAction":[{"@type":"ReadAction","target":["https:\/\/toys.lt\/lv\/produktas\/daudzfunkcionals-bernu-paklajins-ar-klavierem-kopija\/"]}]},{"@type":"ImageObject","inLanguage":"lv-LV","@id":"https:\/\/toys.lt\/lv\/produktas\/daudzfunkcionals-bernu-paklajins-ar-klavierem-kopija\/#primaryimage","url":"https:\/\/toys.lt\/wp-content\/uploads\/2026\/04\/HE0650-1.jpg","contentUrl":"https:\/\/toys.lt\/wp-content\/uploads\/2026\/04\/HE0650-1.jpg","width":663,"height":531,"caption":"K\u016bdiki\u0173 \u017eaidim\u0173 kilim\u0117lis su pianinu ir \u017eaislais"},{"@type":"BreadcrumbList","@id":"https:\/\/toys.lt\/lv\/produktas\/daudzfunkcionals-bernu-paklajins-ar-klavierem-kopija\/#breadcrumb","itemListElement":[{"@type":"ListItem","position":1,"name":"Home","item":"https:\/\/toys.lt\/lv\/"},{"@type":"ListItem","position":2,"name":"Veikals","item":"https:\/\/toys.lt\/lv\/shop\/"},{"@type":"ListItem","position":3,"name":"Daudzfunkcion\u0101ls b\u0113rnu pakl\u0101ji\u0146\u0161 ar klavier\u0113m (Kopija)"}]},{"@type":"WebSite","@id":"https:\/\/toys.lt\/lv\/#website","url":"https:\/\/toys.lt\/lv\/","name":"Toys.lt","description":"","potentialAction":[{"@type":"SearchAction","target":{"@type":"EntryPoint","urlTemplate":"https:\/\/toys.lt\/lv\/?s={search_term_string}"},"query-input":{"@type":"PropertyValueSpecification","valueRequired":true,"valueName":"search_term_string"}}],"inLanguage":"lv-LV"}]}},"_links":{"self":[{"href":"https:\/\/toys.lt\/lv\/wp-json\/wp\/v2\/product\/49679","targetHints":{"allow":["GET"]}}],"collection":[{"href":"https:\/\/toys.lt\/lv\/wp-json\/wp\/v2\/product"}],"about":[{"href":"https:\/\/toys.lt\/lv\/wp-json\/wp\/v2\/types\/product"}],"replies":[{"embeddable":true,"href":"https:\/\/toys.lt\/lv\/wp-json\/wp\/v2\/comments?post=49679"}],"version-history":[{"count":1,"href":"https:\/\/toys.lt\/lv\/wp-json\/wp\/v2\/product\/49679\/revisions"}],"predecessor-version":[{"id":49686,"href":"https:\/\/toys.lt\/lv\/wp-json\/wp\/v2\/product\/49679\/revisions\/49686"}],"wp:featuredmedia":[{"embeddable":true,"href":"https:\/\/toys.lt\/lv\/wp-json\/wp\/v2\/media\/49681"}],"wp:attachment":[{"href":"https:\/\/toys.lt\/lv\/wp-json\/wp\/v2\/media?parent=49679"}],"wp:term":[{"taxonomy":"product_brand","embeddable":true,"href":"https:\/\/toys.lt\/lv\/wp-json\/wp\/v2\/product_brand?post=49679"},{"taxonomy":"product_cat","embeddable":true,"href":"https:\/\/toys.lt\/lv\/wp-json\/wp\/v2\/product_cat?post=49679"},{"taxonomy":"product_tag","embeddable":true,"href":"https:\/\/toys.lt\/lv\/wp-json\/wp\/v2\/product_tag?post=49679"}],"curies":[{"name":"wp","href":"https:\/\/api.w.org\/{rel}","templated":true}]}}