{"id":49664,"date":"2026-04-21T22:02:27","date_gmt":"2026-04-21T22:02:27","guid":{"rendered":"https:\/\/toys.lt\/?post_type=product&#038;p=49664"},"modified":"2026-04-21T22:07:11","modified_gmt":"2026-04-21T22:07:11","slug":"lellu-maja-ar-piederumiem-kopija-2","status":"publish","type":"product","link":"https:\/\/toys.lt\/lv\/produktas\/lellu-maja-ar-piederumiem-kopija-2\/","title":{"rendered":"Le\u013c\u013cu m\u0101ja ar piederumiem (Kopija)"},"content":{"rendered":"<p><strong>Funkcijas:<\/strong><\/p>\n<ul style=\"list-style-type: square;\">\n<li style=\"margin: 0px; padding: 0px; font: inherit; border: 0px;\">Kr\u0101sains m\u0101jas dekors<\/li>\n<li style=\"margin: 0px; padding: 0px; font: inherit; border: 0px;\">2 st\u0101vi ar gu\u013camistab\u0101m un viesistab\u0101m<\/li>\n<li style=\"margin: 0px; padding: 0px; font: inherit; border: 0px;\">Pieb\u016bves m\u0113beles<\/li>\n<li>Pielikum\u0101 ir att\u0113li (7cm)<\/li>\n<li>Logu un durvju apstr\u0101de<\/li>\n<li style=\"margin: 0px; padding: 0px; font: inherit; border: 0px;\">Ir pieejams m\u0101jas mont\u0101\u017eas ce\u013cvedis.<\/li>\n<li style=\"margin: 0px; padding: 0px; font: inherit; border: 0px;\">Videi draudz\u012bgs, netoksisks produkts<\/li>\n<li style=\"margin: 0px; padding: 0px; font: inherit; border: 0px;\">M\u016bzikas atska\u0146o\u0161ana<\/li>\n<li>Gaisma<\/li>\n<li>M\u0101ja sast\u0101v no div\u0101m da\u013c\u0101m un to var saloc\u012bt.<\/li>\n<li>M\u0101ji\u0146as izm\u0113ri 70 x 33 x 10 cm<\/li>\n<\/ul>\n","protected":false},"excerpt":{"rendered":"<p>Produkta veids: le\u013c\u013cu m\u0101ja<\/p>\n<p>Izcelsmes valsts: \u0136\u012bna<\/p>\n<p>Iepakojuma izm\u0113ri: 70 x 33 x 10 cm<\/p>\n<p>Svars: 3 kg<\/p>\n<p>Nepiecie\u0161amie elementi: 2x AA (nav iek\u013cauti komplekt\u0101)<\/p>\n<p>Ieteicamais vecums: no 3 gadiem.<\/p>\n","protected":false},"featured_media":49666,"comment_status":"open","ping_status":"closed","template":"","meta":[],"product_brand":[],"product_cat":[1276,1155],"product_tag":[],"class_list":{"0":"post-49664","1":"product","2":"type-product","3":"status-publish","4":"has-post-thumbnail","6":"product_cat-lellu-maja","7":"product_cat-leti","8":"pa_amziaus-grupe-3-lv","9":"pa_prek-s-tipas-lellu-maja","10":"pa_spalva-dazadi","12":"first","13":"instock","14":"taxable","15":"shipping-taxable","16":"purchasable","17":"product-type-simple"},"yoast_head":"<!-- This site is optimized with the Yoast SEO plugin v26.3 - https:\/\/yoast.com\/wordpress\/plugins\/seo\/ -->\n<title>Le\u013c\u013cu m\u0101ja ar piederumiem (Kopija) - Toys.lt<\/title>\n<meta name=\"robots\" content=\"index, follow, max-snippet:-1, max-image-preview:large, max-video-preview:-1\" \/>\n<link rel=\"canonical\" href=\"https:\/\/toys.lt\/lv\/produktas\/lellu-maja-ar-piederumiem-kopija-2\/\" \/>\n<meta property=\"og:locale\" content=\"lv_LV\" \/>\n<meta property=\"og:type\" content=\"article\" \/>\n<meta property=\"og:title\" content=\"Le\u013c\u013cu m\u0101ja ar piederumiem (Kopija) - Toys.lt\" \/>\n<meta property=\"og:description\" content=\"Produkta veids: le\u013c\u013cu m\u0101ja Izcelsmes valsts: \u0136\u012bna Iepakojuma izm\u0113ri: 70 x 33 x 10 cm Svars: 3 kg Nepiecie\u0161amie elementi: 2x AA (nav iek\u013cauti komplekt\u0101) Ieteicamais vecums: no 3 gadiem.\" \/>\n<meta property=\"og:url\" content=\"https:\/\/toys.lt\/lv\/produktas\/lellu-maja-ar-piederumiem-kopija-2\/\" \/>\n<meta property=\"og:site_name\" content=\"Toys.lt\" \/>\n<meta property=\"article:modified_time\" content=\"2026-04-21T22:07:11+00:00\" \/>\n<meta property=\"og:image\" content=\"https:\/\/toys.lt\/wp-content\/uploads\/2026\/04\/943.jpg\" \/>\n\t<meta property=\"og:image:width\" content=\"1872\" \/>\n\t<meta property=\"og:image:height\" content=\"1280\" \/>\n\t<meta property=\"og:image:type\" content=\"image\/jpeg\" \/>\n<meta name=\"twitter:card\" content=\"summary_large_image\" \/>\n<script type=\"application\/ld+json\" class=\"yoast-schema-graph\">{\"@context\":\"https:\/\/schema.org\",\"@graph\":[{\"@type\":\"WebPage\",\"@id\":\"https:\/\/toys.lt\/lv\/produktas\/lellu-maja-ar-piederumiem-kopija-2\/\",\"url\":\"https:\/\/toys.lt\/lv\/produktas\/lellu-maja-ar-piederumiem-kopija-2\/\",\"name\":\"Le\u013c\u013cu m\u0101ja ar piederumiem (Kopija) - Toys.lt\",\"isPartOf\":{\"@id\":\"https:\/\/toys.lt\/lv\/#website\"},\"primaryImageOfPage\":{\"@id\":\"https:\/\/toys.lt\/lv\/produktas\/lellu-maja-ar-piederumiem-kopija-2\/#primaryimage\"},\"image\":{\"@id\":\"https:\/\/toys.lt\/lv\/produktas\/lellu-maja-ar-piederumiem-kopija-2\/#primaryimage\"},\"thumbnailUrl\":\"https:\/\/toys.lt\/wp-content\/uploads\/2026\/04\/943.jpg\",\"datePublished\":\"2026-04-21T22:02:27+00:00\",\"dateModified\":\"2026-04-21T22:07:11+00:00\",\"breadcrumb\":{\"@id\":\"https:\/\/toys.lt\/lv\/produktas\/lellu-maja-ar-piederumiem-kopija-2\/#breadcrumb\"},\"inLanguage\":\"lv-LV\",\"potentialAction\":[{\"@type\":\"ReadAction\",\"target\":[\"https:\/\/toys.lt\/lv\/produktas\/lellu-maja-ar-piederumiem-kopija-2\/\"]}]},{\"@type\":\"ImageObject\",\"inLanguage\":\"lv-LV\",\"@id\":\"https:\/\/toys.lt\/lv\/produktas\/lellu-maja-ar-piederumiem-kopija-2\/#primaryimage\",\"url\":\"https:\/\/toys.lt\/wp-content\/uploads\/2026\/04\/943.jpg\",\"contentUrl\":\"https:\/\/toys.lt\/wp-content\/uploads\/2026\/04\/943.jpg\",\"width\":1872,\"height\":1280,\"caption\":\"Didel\u0117 l\u0117li\u0173 pilis su baldais 178 det. Dream Castle\"},{\"@type\":\"BreadcrumbList\",\"@id\":\"https:\/\/toys.lt\/lv\/produktas\/lellu-maja-ar-piederumiem-kopija-2\/#breadcrumb\",\"itemListElement\":[{\"@type\":\"ListItem\",\"position\":1,\"name\":\"Home\",\"item\":\"https:\/\/toys.lt\/lv\/\"},{\"@type\":\"ListItem\",\"position\":2,\"name\":\"Veikals\",\"item\":\"https:\/\/toys.lt\/lv\/shop\/\"},{\"@type\":\"ListItem\",\"position\":3,\"name\":\"Le\u013c\u013cu m\u0101ja ar piederumiem (Kopija)\"}]},{\"@type\":\"WebSite\",\"@id\":\"https:\/\/toys.lt\/lv\/#website\",\"url\":\"https:\/\/toys.lt\/lv\/\",\"name\":\"Toys.lt\",\"description\":\"\",\"potentialAction\":[{\"@type\":\"SearchAction\",\"target\":{\"@type\":\"EntryPoint\",\"urlTemplate\":\"https:\/\/toys.lt\/lv\/?s={search_term_string}\"},\"query-input\":{\"@type\":\"PropertyValueSpecification\",\"valueRequired\":true,\"valueName\":\"search_term_string\"}}],\"inLanguage\":\"lv-LV\"}]}<\/script>\n<!-- \/ Yoast SEO plugin. -->","yoast_head_json":{"title":"Le\u013c\u013cu m\u0101ja ar piederumiem (Kopija) - Toys.lt","robots":{"index":"index","follow":"follow","max-snippet":"max-snippet:-1","max-image-preview":"max-image-preview:large","max-video-preview":"max-video-preview:-1"},"canonical":"https:\/\/toys.lt\/lv\/produktas\/lellu-maja-ar-piederumiem-kopija-2\/","og_locale":"lv_LV","og_type":"article","og_title":"Le\u013c\u013cu m\u0101ja ar piederumiem (Kopija) - Toys.lt","og_description":"Produkta veids: le\u013c\u013cu m\u0101ja Izcelsmes valsts: \u0136\u012bna Iepakojuma izm\u0113ri: 70 x 33 x 10 cm Svars: 3 kg Nepiecie\u0161amie elementi: 2x AA (nav iek\u013cauti komplekt\u0101) Ieteicamais vecums: no 3 gadiem.","og_url":"https:\/\/toys.lt\/lv\/produktas\/lellu-maja-ar-piederumiem-kopija-2\/","og_site_name":"Toys.lt","article_modified_time":"2026-04-21T22:07:11+00:00","og_image":[{"width":1872,"height":1280,"url":"https:\/\/toys.lt\/wp-content\/uploads\/2026\/04\/943.jpg","type":"image\/jpeg"}],"twitter_card":"summary_large_image","schema":{"@context":"https:\/\/schema.org","@graph":[{"@type":"WebPage","@id":"https:\/\/toys.lt\/lv\/produktas\/lellu-maja-ar-piederumiem-kopija-2\/","url":"https:\/\/toys.lt\/lv\/produktas\/lellu-maja-ar-piederumiem-kopija-2\/","name":"Le\u013c\u013cu m\u0101ja ar piederumiem (Kopija) - Toys.lt","isPartOf":{"@id":"https:\/\/toys.lt\/lv\/#website"},"primaryImageOfPage":{"@id":"https:\/\/toys.lt\/lv\/produktas\/lellu-maja-ar-piederumiem-kopija-2\/#primaryimage"},"image":{"@id":"https:\/\/toys.lt\/lv\/produktas\/lellu-maja-ar-piederumiem-kopija-2\/#primaryimage"},"thumbnailUrl":"https:\/\/toys.lt\/wp-content\/uploads\/2026\/04\/943.jpg","datePublished":"2026-04-21T22:02:27+00:00","dateModified":"2026-04-21T22:07:11+00:00","breadcrumb":{"@id":"https:\/\/toys.lt\/lv\/produktas\/lellu-maja-ar-piederumiem-kopija-2\/#breadcrumb"},"inLanguage":"lv-LV","potentialAction":[{"@type":"ReadAction","target":["https:\/\/toys.lt\/lv\/produktas\/lellu-maja-ar-piederumiem-kopija-2\/"]}]},{"@type":"ImageObject","inLanguage":"lv-LV","@id":"https:\/\/toys.lt\/lv\/produktas\/lellu-maja-ar-piederumiem-kopija-2\/#primaryimage","url":"https:\/\/toys.lt\/wp-content\/uploads\/2026\/04\/943.jpg","contentUrl":"https:\/\/toys.lt\/wp-content\/uploads\/2026\/04\/943.jpg","width":1872,"height":1280,"caption":"Didel\u0117 l\u0117li\u0173 pilis su baldais 178 det. Dream Castle"},{"@type":"BreadcrumbList","@id":"https:\/\/toys.lt\/lv\/produktas\/lellu-maja-ar-piederumiem-kopija-2\/#breadcrumb","itemListElement":[{"@type":"ListItem","position":1,"name":"Home","item":"https:\/\/toys.lt\/lv\/"},{"@type":"ListItem","position":2,"name":"Veikals","item":"https:\/\/toys.lt\/lv\/shop\/"},{"@type":"ListItem","position":3,"name":"Le\u013c\u013cu m\u0101ja ar piederumiem (Kopija)"}]},{"@type":"WebSite","@id":"https:\/\/toys.lt\/lv\/#website","url":"https:\/\/toys.lt\/lv\/","name":"Toys.lt","description":"","potentialAction":[{"@type":"SearchAction","target":{"@type":"EntryPoint","urlTemplate":"https:\/\/toys.lt\/lv\/?s={search_term_string}"},"query-input":{"@type":"PropertyValueSpecification","valueRequired":true,"valueName":"search_term_string"}}],"inLanguage":"lv-LV"}]}},"_links":{"self":[{"href":"https:\/\/toys.lt\/lv\/wp-json\/wp\/v2\/product\/49664","targetHints":{"allow":["GET"]}}],"collection":[{"href":"https:\/\/toys.lt\/lv\/wp-json\/wp\/v2\/product"}],"about":[{"href":"https:\/\/toys.lt\/lv\/wp-json\/wp\/v2\/types\/product"}],"replies":[{"embeddable":true,"href":"https:\/\/toys.lt\/lv\/wp-json\/wp\/v2\/comments?post=49664"}],"version-history":[{"count":1,"href":"https:\/\/toys.lt\/lv\/wp-json\/wp\/v2\/product\/49664\/revisions"}],"predecessor-version":[{"id":49667,"href":"https:\/\/toys.lt\/lv\/wp-json\/wp\/v2\/product\/49664\/revisions\/49667"}],"wp:featuredmedia":[{"embeddable":true,"href":"https:\/\/toys.lt\/lv\/wp-json\/wp\/v2\/media\/49666"}],"wp:attachment":[{"href":"https:\/\/toys.lt\/lv\/wp-json\/wp\/v2\/media?parent=49664"}],"wp:term":[{"taxonomy":"product_brand","embeddable":true,"href":"https:\/\/toys.lt\/lv\/wp-json\/wp\/v2\/product_brand?post=49664"},{"taxonomy":"product_cat","embeddable":true,"href":"https:\/\/toys.lt\/lv\/wp-json\/wp\/v2\/product_cat?post=49664"},{"taxonomy":"product_tag","embeddable":true,"href":"https:\/\/toys.lt\/lv\/wp-json\/wp\/v2\/product_tag?post=49664"}],"curies":[{"name":"wp","href":"https:\/\/api.w.org\/{rel}","templated":true}]}}