{"id":49501,"date":"2026-03-13T03:09:56","date_gmt":"2026-03-13T03:09:56","guid":{"rendered":"https:\/\/toys.lt\/?post_type=product&#038;p=49501"},"modified":"2026-04-09T00:03:29","modified_gmt":"2026-04-09T00:03:29","slug":"konstruktors-sporta-automasina-429-dalas-kopija-kopija-kopija","status":"publish","type":"product","link":"https:\/\/toys.lt\/lv\/produktas\/konstruktors-sporta-automasina-429-dalas-kopija-kopija-kopija\/","title":{"rendered":"Konstruktors &#8211; sporta automa\u0161\u012bna (429 da\u013cas) (Kopija) (Kopija) (Kopija)"},"content":{"rendered":"<p data-start=\"145\" data-end=\"394\">429 deta\u013cu sporta automobi\u013cu konstruktors, kas \u013cauj salikt re\u0101listisku automobi\u013ca modeli.<br data-start=\"280\" data-end=\"283\">Ietver skaidras <strong data-start=\"299\" data-end=\"324\">mont\u0101\u017eas instrukcijas,<\/strong> kas \u013cauj viegli un \u0101tri salikt kop\u0101 visu modeli. Lieliska izv\u0113le b\u0113rniem un pieaugu\u0161ajiem, kuriem pat\u012bk b\u016bv\u0113t. <\/p>\n<hr data-start=\"721\" data-end=\"724\">\n<h1 data-start=\"726\" data-end=\"742\"><strong data-start=\"730\" data-end=\"742\">\u2b50 Funkcijas:<\/strong><\/h1>\n<ul data-start=\"743\" data-end=\"932\">\n<li data-start=\"743\" data-end=\"771\">\n<p data-start=\"745\" data-end=\"771\">429 deta\u013cu dizainers<\/p>\n<\/li>\n<li data-start=\"772\" data-end=\"786\">\n<p data-start=\"774\" data-end=\"786\">Rite\u0146i grie\u017eas<\/p>\n<\/li>\n<li data-start=\"804\" data-end=\"837\">\n<p data-start=\"806\" data-end=\"837\">Kvalitat\u012bvas mont\u0101\u017eas instrukcijas<\/p>\n<\/li>\n<li data-start=\"838\" data-end=\"882\">\n<p data-start=\"840\" data-end=\"882\">Re\u0101listisks sporta automa\u0161\u012bnas modelis<\/p>\n<\/li>\n<li data-start=\"883\" data-end=\"932\">\n<p data-start=\"885\" data-end=\"932\">Veicina rado\u0161umu, lo\u0123isko dom\u0101\u0161anu un paciet\u012bbu.<\/p>\n<\/li>\n<\/ul>\n<hr data-start=\"934\" data-end=\"937\">\n<h1 data-start=\"939\" data-end=\"969\">\ud83d\udce6 <strong data-start=\"944\" data-end=\"969\">Tehnisk\u0101 inform\u0101cija:<\/strong><\/h1>\n<ul data-start=\"970\" data-end=\"1103\">\n<li data-start=\"970\" data-end=\"1014\">\n<p data-start=\"972\" data-end=\"1014\"><strong data-start=\"972\" data-end=\"997\">Iepakojuma izm\u0113ri:<\/strong> 48 \u00d7 7 \u00d7 30 cm<\/p>\n<\/li>\n<li data-start=\"1015\" data-end=\"1037\">\n<p data-start=\"1017\" data-end=\"1037\"><strong data-start=\"1017\" data-end=\"1028\">Svars:<\/strong> 1,1 kg<\/p>\n<\/li>\n<li data-start=\"1038\" data-end=\"1063\">\n<p data-start=\"1040\" data-end=\"1063\"><strong data-start=\"1040\" data-end=\"1052\">Deta\u013cas:<\/strong> 429 gab.<\/p>\n<\/li>\n<li data-start=\"1064\" data-end=\"1103\">\n<p data-start=\"1066\" data-end=\"1103\"><strong data-start=\"1066\" data-end=\"1079\">Komplekt\u0101 ietilpst:<\/strong> mont\u0101\u017eas instrukcija<\/p>\n<\/li>\n<li data-start=\"1064\" data-end=\"1103\">Ieteicamais vecums: no 6 gadiem<\/li>\n<\/ul>\n<p><strong>Br\u012bdin\u0101jums: nav piem\u0113rots b\u0113rniem l\u012bdz 6 gadu vecumam. Satur s\u012bkas deta\u013cas un rada aizr\u012b\u0161an\u0101s risku. Ieteicama pieaugu\u0161o uzraudz\u012bba.  <\/strong><\/p>\n","protected":false},"excerpt":{"rendered":"<ul data-start=\"970\" data-end=\"1103\">\n<li data-start=\"970\" data-end=\"1014\">\n<p data-start=\"972\" data-end=\"1014\"><strong data-start=\"972\" data-end=\"997\">Iepakojuma izm\u0113ri:<\/strong> 48 \u00d7 7 \u00d7 30 cm<\/p>\n<\/li>\n<li data-start=\"1015\" data-end=\"1037\">\n<p data-start=\"1017\" data-end=\"1037\"><strong data-start=\"1017\" data-end=\"1028\">Svars:<\/strong> 1,1 kg<\/p>\n<\/li>\n<li data-start=\"1038\" data-end=\"1063\">\n<p data-start=\"1040\" data-end=\"1063\"><strong data-start=\"1040\" data-end=\"1052\">Deta\u013cas:<\/strong> 429 gab.<\/p>\n<\/li>\n<li data-start=\"1064\" data-end=\"1103\">\n<p data-start=\"1066\" data-end=\"1103\"><strong data-start=\"1066\" data-end=\"1079\">Komplekt\u0101 ietilpst:<\/strong> mont\u0101\u017eas instrukcija<\/p>\n<\/li>\n<li>Ieteicamais vecums: no 6 gadiem<\/li>\n<li data-start=\"1064\" data-end=\"1103\">Izcelsmes valsts: \u0136\u012bna<\/li>\n<\/ul>\n","protected":false},"featured_media":49503,"comment_status":"open","ping_status":"closed","template":"","meta":[],"product_brand":[],"product_cat":[1176,1158,1155],"product_tag":[],"class_list":{"0":"post-49501","1":"product","2":"type-product","3":"status-publish","4":"has-post-thumbnail","6":"product_cat-rotallietas-zeniem","7":"product_cat-konstruktori","8":"product_cat-leti","9":"pa_amziaus-grupe-6-lv","10":"pa_prek-s-tipas-konstruktori-un-modulu-bloki","12":"first","13":"instock","14":"sale","15":"taxable","16":"shipping-taxable","17":"purchasable","18":"product-type-simple"},"yoast_head":"<!-- This site is optimized with the Yoast SEO plugin v26.3 - https:\/\/yoast.com\/wordpress\/plugins\/seo\/ -->\n<title>Konstruktors - sporta automa\u0161\u012bna (429 da\u013cas) (Kopija) (Kopija) (Kopija) - Toys.lt<\/title>\n<meta name=\"description\" content=\"429 deta\u013cu sporta auto konstruktors ar skaidru mont\u0101\u017eas instrukciju. Att\u012bsta rado\u0161umu, tehnisk\u0101s prasmes un lo\u0123isko dom\u0101\u0161anu b\u0113rniem no 6 gadu vecuma.\" \/>\n<meta name=\"robots\" content=\"index, follow, max-snippet:-1, max-image-preview:large, max-video-preview:-1\" \/>\n<link rel=\"canonical\" href=\"https:\/\/toys.lt\/lv\/produktas\/konstruktors-sporta-automasina-429-dalas-kopija-kopija-kopija\/\" \/>\n<meta property=\"og:locale\" content=\"lv_LV\" \/>\n<meta property=\"og:type\" content=\"article\" \/>\n<meta property=\"og:title\" content=\"Konstruktors - sporta automa\u0161\u012bna (429 da\u013cas) (Kopija) (Kopija) (Kopija) - Toys.lt\" \/>\n<meta property=\"og:description\" content=\"429 deta\u013cu sporta auto konstruktors ar skaidru mont\u0101\u017eas instrukciju. Att\u012bsta rado\u0161umu, tehnisk\u0101s prasmes un lo\u0123isko dom\u0101\u0161anu b\u0113rniem no 6 gadu vecuma.\" \/>\n<meta property=\"og:url\" content=\"https:\/\/toys.lt\/lv\/produktas\/konstruktors-sporta-automasina-429-dalas-kopija-kopija-kopija\/\" \/>\n<meta property=\"og:site_name\" content=\"Toys.lt\" \/>\n<meta property=\"article:modified_time\" content=\"2026-04-09T00:03:29+00:00\" \/>\n<meta property=\"og:image\" content=\"https:\/\/toys.lt\/wp-content\/uploads\/2026\/03\/92333.jpg\" \/>\n\t<meta property=\"og:image:width\" content=\"1024\" \/>\n\t<meta property=\"og:image:height\" content=\"696\" \/>\n\t<meta property=\"og:image:type\" content=\"image\/jpeg\" \/>\n<meta name=\"twitter:card\" content=\"summary_large_image\" \/>\n<meta name=\"twitter:label1\" content=\"Est. reading time\" \/>\n\t<meta name=\"twitter:data1\" content=\"1 minute\" \/>\n<script type=\"application\/ld+json\" class=\"yoast-schema-graph\">{\"@context\":\"https:\/\/schema.org\",\"@graph\":[{\"@type\":\"WebPage\",\"@id\":\"https:\/\/toys.lt\/lv\/produktas\/konstruktors-sporta-automasina-429-dalas-kopija-kopija-kopija\/\",\"url\":\"https:\/\/toys.lt\/lv\/produktas\/konstruktors-sporta-automasina-429-dalas-kopija-kopija-kopija\/\",\"name\":\"Konstruktors - sporta automa\u0161\u012bna (429 da\u013cas) (Kopija) (Kopija) (Kopija) - Toys.lt\",\"isPartOf\":{\"@id\":\"https:\/\/toys.lt\/lv\/#website\"},\"primaryImageOfPage\":{\"@id\":\"https:\/\/toys.lt\/lv\/produktas\/konstruktors-sporta-automasina-429-dalas-kopija-kopija-kopija\/#primaryimage\"},\"image\":{\"@id\":\"https:\/\/toys.lt\/lv\/produktas\/konstruktors-sporta-automasina-429-dalas-kopija-kopija-kopija\/#primaryimage\"},\"thumbnailUrl\":\"https:\/\/toys.lt\/wp-content\/uploads\/2026\/03\/58020-scaled.jpg\",\"datePublished\":\"2026-03-13T03:09:56+00:00\",\"dateModified\":\"2026-04-09T00:03:29+00:00\",\"description\":\"429 deta\u013cu sporta auto konstruktors ar skaidru mont\u0101\u017eas instrukciju. Att\u012bsta rado\u0161umu, tehnisk\u0101s prasmes un lo\u0123isko dom\u0101\u0161anu b\u0113rniem no 6 gadu vecuma.\",\"breadcrumb\":{\"@id\":\"https:\/\/toys.lt\/lv\/produktas\/konstruktors-sporta-automasina-429-dalas-kopija-kopija-kopija\/#breadcrumb\"},\"inLanguage\":\"lv-LV\",\"potentialAction\":[{\"@type\":\"ReadAction\",\"target\":[\"https:\/\/toys.lt\/lv\/produktas\/konstruktors-sporta-automasina-429-dalas-kopija-kopija-kopija\/\"]}]},{\"@type\":\"ImageObject\",\"inLanguage\":\"lv-LV\",\"@id\":\"https:\/\/toys.lt\/lv\/produktas\/konstruktors-sporta-automasina-429-dalas-kopija-kopija-kopija\/#primaryimage\",\"url\":\"https:\/\/toys.lt\/wp-content\/uploads\/2026\/03\/58020-scaled.jpg\",\"contentUrl\":\"https:\/\/toys.lt\/wp-content\/uploads\/2026\/03\/58020-scaled.jpg\",\"width\":2560,\"height\":1600},{\"@type\":\"BreadcrumbList\",\"@id\":\"https:\/\/toys.lt\/lv\/produktas\/konstruktors-sporta-automasina-429-dalas-kopija-kopija-kopija\/#breadcrumb\",\"itemListElement\":[{\"@type\":\"ListItem\",\"position\":1,\"name\":\"Home\",\"item\":\"https:\/\/toys.lt\/lv\/\"},{\"@type\":\"ListItem\",\"position\":2,\"name\":\"Veikals\",\"item\":\"https:\/\/toys.lt\/lv\/shop\/\"},{\"@type\":\"ListItem\",\"position\":3,\"name\":\"Konstruktors &#8211; sporta automa\u0161\u012bna (429 da\u013cas) (Kopija) (Kopija) (Kopija)\"}]},{\"@type\":\"WebSite\",\"@id\":\"https:\/\/toys.lt\/lv\/#website\",\"url\":\"https:\/\/toys.lt\/lv\/\",\"name\":\"Toys.lt\",\"description\":\"\",\"potentialAction\":[{\"@type\":\"SearchAction\",\"target\":{\"@type\":\"EntryPoint\",\"urlTemplate\":\"https:\/\/toys.lt\/lv\/?s={search_term_string}\"},\"query-input\":{\"@type\":\"PropertyValueSpecification\",\"valueRequired\":true,\"valueName\":\"search_term_string\"}}],\"inLanguage\":\"lv-LV\"}]}<\/script>\n<!-- \/ Yoast SEO plugin. -->","yoast_head_json":{"title":"Konstruktors - sporta automa\u0161\u012bna (429 da\u013cas) (Kopija) (Kopija) (Kopija) - Toys.lt","description":"429 deta\u013cu sporta auto konstruktors ar skaidru mont\u0101\u017eas instrukciju. Att\u012bsta rado\u0161umu, tehnisk\u0101s prasmes un lo\u0123isko dom\u0101\u0161anu b\u0113rniem no 6 gadu vecuma.","robots":{"index":"index","follow":"follow","max-snippet":"max-snippet:-1","max-image-preview":"max-image-preview:large","max-video-preview":"max-video-preview:-1"},"canonical":"https:\/\/toys.lt\/lv\/produktas\/konstruktors-sporta-automasina-429-dalas-kopija-kopija-kopija\/","og_locale":"lv_LV","og_type":"article","og_title":"Konstruktors - sporta automa\u0161\u012bna (429 da\u013cas) (Kopija) (Kopija) (Kopija) - Toys.lt","og_description":"429 deta\u013cu sporta auto konstruktors ar skaidru mont\u0101\u017eas instrukciju. Att\u012bsta rado\u0161umu, tehnisk\u0101s prasmes un lo\u0123isko dom\u0101\u0161anu b\u0113rniem no 6 gadu vecuma.","og_url":"https:\/\/toys.lt\/lv\/produktas\/konstruktors-sporta-automasina-429-dalas-kopija-kopija-kopija\/","og_site_name":"Toys.lt","article_modified_time":"2026-04-09T00:03:29+00:00","og_image":[{"width":1024,"height":696,"url":"https:\/\/toys.lt\/wp-content\/uploads\/2026\/03\/92333.jpg","type":"image\/jpeg"}],"twitter_card":"summary_large_image","twitter_misc":{"Est. reading time":"1 minute"},"schema":{"@context":"https:\/\/schema.org","@graph":[{"@type":"WebPage","@id":"https:\/\/toys.lt\/lv\/produktas\/konstruktors-sporta-automasina-429-dalas-kopija-kopija-kopija\/","url":"https:\/\/toys.lt\/lv\/produktas\/konstruktors-sporta-automasina-429-dalas-kopija-kopija-kopija\/","name":"Konstruktors - sporta automa\u0161\u012bna (429 da\u013cas) (Kopija) (Kopija) (Kopija) - Toys.lt","isPartOf":{"@id":"https:\/\/toys.lt\/lv\/#website"},"primaryImageOfPage":{"@id":"https:\/\/toys.lt\/lv\/produktas\/konstruktors-sporta-automasina-429-dalas-kopija-kopija-kopija\/#primaryimage"},"image":{"@id":"https:\/\/toys.lt\/lv\/produktas\/konstruktors-sporta-automasina-429-dalas-kopija-kopija-kopija\/#primaryimage"},"thumbnailUrl":"https:\/\/toys.lt\/wp-content\/uploads\/2026\/03\/58020-scaled.jpg","datePublished":"2026-03-13T03:09:56+00:00","dateModified":"2026-04-09T00:03:29+00:00","description":"429 deta\u013cu sporta auto konstruktors ar skaidru mont\u0101\u017eas instrukciju. Att\u012bsta rado\u0161umu, tehnisk\u0101s prasmes un lo\u0123isko dom\u0101\u0161anu b\u0113rniem no 6 gadu vecuma.","breadcrumb":{"@id":"https:\/\/toys.lt\/lv\/produktas\/konstruktors-sporta-automasina-429-dalas-kopija-kopija-kopija\/#breadcrumb"},"inLanguage":"lv-LV","potentialAction":[{"@type":"ReadAction","target":["https:\/\/toys.lt\/lv\/produktas\/konstruktors-sporta-automasina-429-dalas-kopija-kopija-kopija\/"]}]},{"@type":"ImageObject","inLanguage":"lv-LV","@id":"https:\/\/toys.lt\/lv\/produktas\/konstruktors-sporta-automasina-429-dalas-kopija-kopija-kopija\/#primaryimage","url":"https:\/\/toys.lt\/wp-content\/uploads\/2026\/03\/58020-scaled.jpg","contentUrl":"https:\/\/toys.lt\/wp-content\/uploads\/2026\/03\/58020-scaled.jpg","width":2560,"height":1600},{"@type":"BreadcrumbList","@id":"https:\/\/toys.lt\/lv\/produktas\/konstruktors-sporta-automasina-429-dalas-kopija-kopija-kopija\/#breadcrumb","itemListElement":[{"@type":"ListItem","position":1,"name":"Home","item":"https:\/\/toys.lt\/lv\/"},{"@type":"ListItem","position":2,"name":"Veikals","item":"https:\/\/toys.lt\/lv\/shop\/"},{"@type":"ListItem","position":3,"name":"Konstruktors &#8211; sporta automa\u0161\u012bna (429 da\u013cas) (Kopija) (Kopija) (Kopija)"}]},{"@type":"WebSite","@id":"https:\/\/toys.lt\/lv\/#website","url":"https:\/\/toys.lt\/lv\/","name":"Toys.lt","description":"","potentialAction":[{"@type":"SearchAction","target":{"@type":"EntryPoint","urlTemplate":"https:\/\/toys.lt\/lv\/?s={search_term_string}"},"query-input":{"@type":"PropertyValueSpecification","valueRequired":true,"valueName":"search_term_string"}}],"inLanguage":"lv-LV"}]}},"_links":{"self":[{"href":"https:\/\/toys.lt\/lv\/wp-json\/wp\/v2\/product\/49501","targetHints":{"allow":["GET"]}}],"collection":[{"href":"https:\/\/toys.lt\/lv\/wp-json\/wp\/v2\/product"}],"about":[{"href":"https:\/\/toys.lt\/lv\/wp-json\/wp\/v2\/types\/product"}],"replies":[{"embeddable":true,"href":"https:\/\/toys.lt\/lv\/wp-json\/wp\/v2\/comments?post=49501"}],"version-history":[{"count":0,"href":"https:\/\/toys.lt\/lv\/wp-json\/wp\/v2\/product\/49501\/revisions"}],"wp:featuredmedia":[{"embeddable":true,"href":"https:\/\/toys.lt\/lv\/wp-json\/wp\/v2\/media\/49503"}],"wp:attachment":[{"href":"https:\/\/toys.lt\/lv\/wp-json\/wp\/v2\/media?parent=49501"}],"wp:term":[{"taxonomy":"product_brand","embeddable":true,"href":"https:\/\/toys.lt\/lv\/wp-json\/wp\/v2\/product_brand?post=49501"},{"taxonomy":"product_cat","embeddable":true,"href":"https:\/\/toys.lt\/lv\/wp-json\/wp\/v2\/product_cat?post=49501"},{"taxonomy":"product_tag","embeddable":true,"href":"https:\/\/toys.lt\/lv\/wp-json\/wp\/v2\/product_tag?post=49501"}],"curies":[{"name":"wp","href":"https:\/\/api.w.org\/{rel}","templated":true}]}}