{"id":49199,"date":"2026-01-15T01:14:03","date_gmt":"2026-01-15T01:14:03","guid":{"rendered":"https:\/\/toys.lt\/?post_type=product&#038;p=49199"},"modified":"2026-04-07T00:03:00","modified_gmt":"2026-04-07T00:03:00","slug":"muzikala-rotallieta-dejojosais-pingvins-kopija-kopija-kopija-kopija-kopija","status":"publish","type":"product","link":"https:\/\/toys.lt\/lv\/produktas\/muzikala-rotallieta-dejojosais-pingvins-kopija-kopija-kopija-kopija-kopija\/","title":{"rendered":"Muzik\u0101l\u0101 rota\u013clieta &#8211; dejojo\u0161ais pingv\u012bns (Kopija) (Kopija) (Kopija) (Kopija) (Kopija)"},"content":{"rendered":"<p><strong>Funkcijas:<\/strong><\/p>\n<ul style=\"list-style-type: square\">\n<li>Gaismas un ska\u0146as, nospie\u017eot pogu<\/li>\n<li>Rota\u013clietai ir ar\u012b kust\u012bbu re\u017e\u012bms<\/li>\n<li>Att\u012bsta klaus\u012b\u0161an\u0101s un ska\u0146u iz\u0161\u0137ir\u0161anas prasmes<\/li>\n<li>Uzlabo kognit\u012bv\u0101s sp\u0113jas<\/li>\n<li>Dro\u0161s b\u0113rnu vesel\u012bbai<\/li>\n<\/ul>\n","protected":false},"excerpt":{"rendered":"<p>Produkta veids: muzik\u0101la rota\u013clieta<\/p>\n<p>Iepakojuma izm\u0113ri: 25 x 19 x 30 cm<\/p>\n<p>Ieteicamais vecums: no 18 m\u0113ne\u0161iem<\/p>\n<p>Nepiecie\u0161amie elementi: 3xAA (nav iek\u013cauti komplekt\u0101).<\/p>\n","protected":false},"featured_media":49202,"comment_status":"open","ping_status":"closed","template":"","meta":[],"product_brand":[384],"product_cat":[1182,1180,1176,1157,1406,1155],"product_tag":[],"class_list":{"0":"post-49199","1":"product","2":"type-product","3":"status-publish","4":"has-post-thumbnail","6":"product_brand-clementoni-2","7":"product_cat-muzikalas-rotallietas","8":"product_cat-rotallietas-meitenem","9":"product_cat-rotallietas-zeniem","10":"product_cat-izglitojosas-un-interaktivas-rotallietas","11":"product_cat-letakais","12":"product_cat-leti","13":"pa_amziaus-grupe-3-lv","14":"pa_prek-s-tipas-spelu-rotallietas","16":"first","17":"instock","18":"taxable","19":"shipping-taxable","20":"purchasable","21":"product-type-simple"},"yoast_head":"<!-- This site is optimized with the Yoast SEO plugin v26.3 - https:\/\/yoast.com\/wordpress\/plugins\/seo\/ -->\n<title>Muzik\u0101l\u0101 rota\u013clieta - dejojo\u0161ais pingv\u012bns (Kopija) (Kopija) (Kopija) (Kopija) (Kopija) - Toys.lt<\/title>\n<meta name=\"robots\" content=\"index, follow, max-snippet:-1, max-image-preview:large, max-video-preview:-1\" \/>\n<link rel=\"canonical\" href=\"https:\/\/toys.lt\/lv\/produktas\/muzikala-rotallieta-dejojosais-pingvins-kopija-kopija-kopija-kopija-kopija\/\" \/>\n<meta property=\"og:locale\" content=\"lv_LV\" \/>\n<meta property=\"og:type\" content=\"article\" \/>\n<meta property=\"og:title\" content=\"Muzik\u0101l\u0101 rota\u013clieta - dejojo\u0161ais pingv\u012bns (Kopija) (Kopija) (Kopija) (Kopija) (Kopija) - Toys.lt\" \/>\n<meta property=\"og:description\" content=\"Produkta veids: muzik\u0101la rota\u013clieta Iepakojuma izm\u0113ri: 25 x 19 x 30 cm Ieteicamais vecums: no 18 m\u0113ne\u0161iem Nepiecie\u0161amie elementi: 3xAA (nav iek\u013cauti komplekt\u0101).\" \/>\n<meta property=\"og:url\" content=\"https:\/\/toys.lt\/lv\/produktas\/muzikala-rotallieta-dejojosais-pingvins-kopija-kopija-kopija-kopija-kopija\/\" \/>\n<meta property=\"og:site_name\" content=\"Toys.lt\" \/>\n<meta property=\"article:modified_time\" content=\"2026-04-07T00:03:00+00:00\" \/>\n<meta property=\"og:image\" content=\"https:\/\/toys.lt\/wp-content\/uploads\/2026\/01\/RS-9024C-muzikinis-zaislas-1.jpg\" \/>\n\t<meta property=\"og:image:width\" content=\"1500\" \/>\n\t<meta property=\"og:image:height\" content=\"1500\" \/>\n\t<meta property=\"og:image:type\" content=\"image\/jpeg\" \/>\n<meta name=\"twitter:card\" content=\"summary_large_image\" \/>\n<script type=\"application\/ld+json\" class=\"yoast-schema-graph\">{\"@context\":\"https:\/\/schema.org\",\"@graph\":[{\"@type\":\"WebPage\",\"@id\":\"https:\/\/toys.lt\/lv\/produktas\/muzikala-rotallieta-dejojosais-pingvins-kopija-kopija-kopija-kopija-kopija\/\",\"url\":\"https:\/\/toys.lt\/lv\/produktas\/muzikala-rotallieta-dejojosais-pingvins-kopija-kopija-kopija-kopija-kopija\/\",\"name\":\"Muzik\u0101l\u0101 rota\u013clieta - dejojo\u0161ais pingv\u012bns (Kopija) (Kopija) (Kopija) (Kopija) (Kopija) - Toys.lt\",\"isPartOf\":{\"@id\":\"https:\/\/toys.lt\/lv\/#website\"},\"primaryImageOfPage\":{\"@id\":\"https:\/\/toys.lt\/lv\/produktas\/muzikala-rotallieta-dejojosais-pingvins-kopija-kopija-kopija-kopija-kopija\/#primaryimage\"},\"image\":{\"@id\":\"https:\/\/toys.lt\/lv\/produktas\/muzikala-rotallieta-dejojosais-pingvins-kopija-kopija-kopija-kopija-kopija\/#primaryimage\"},\"thumbnailUrl\":\"https:\/\/toys.lt\/wp-content\/uploads\/2026\/01\/RS-9024C-muzikinis-zaislas-1.jpg\",\"datePublished\":\"2026-01-15T01:14:03+00:00\",\"dateModified\":\"2026-04-07T00:03:00+00:00\",\"breadcrumb\":{\"@id\":\"https:\/\/toys.lt\/lv\/produktas\/muzikala-rotallieta-dejojosais-pingvins-kopija-kopija-kopija-kopija-kopija\/#breadcrumb\"},\"inLanguage\":\"lv-LV\",\"potentialAction\":[{\"@type\":\"ReadAction\",\"target\":[\"https:\/\/toys.lt\/lv\/produktas\/muzikala-rotallieta-dejojosais-pingvins-kopija-kopija-kopija-kopija-kopija\/\"]}]},{\"@type\":\"ImageObject\",\"inLanguage\":\"lv-LV\",\"@id\":\"https:\/\/toys.lt\/lv\/produktas\/muzikala-rotallieta-dejojosais-pingvins-kopija-kopija-kopija-kopija-kopija\/#primaryimage\",\"url\":\"https:\/\/toys.lt\/wp-content\/uploads\/2026\/01\/RS-9024C-muzikinis-zaislas-1.jpg\",\"contentUrl\":\"https:\/\/toys.lt\/wp-content\/uploads\/2026\/01\/RS-9024C-muzikinis-zaislas-1.jpg\",\"width\":1500,\"height\":1500},{\"@type\":\"BreadcrumbList\",\"@id\":\"https:\/\/toys.lt\/lv\/produktas\/muzikala-rotallieta-dejojosais-pingvins-kopija-kopija-kopija-kopija-kopija\/#breadcrumb\",\"itemListElement\":[{\"@type\":\"ListItem\",\"position\":1,\"name\":\"Home\",\"item\":\"https:\/\/toys.lt\/lv\/\"},{\"@type\":\"ListItem\",\"position\":2,\"name\":\"Veikals\",\"item\":\"https:\/\/toys.lt\/lv\/shop\/\"},{\"@type\":\"ListItem\",\"position\":3,\"name\":\"Muzik\u0101l\u0101 rota\u013clieta &#8211; dejojo\u0161ais pingv\u012bns (Kopija) (Kopija) (Kopija) (Kopija) (Kopija)\"}]},{\"@type\":\"WebSite\",\"@id\":\"https:\/\/toys.lt\/lv\/#website\",\"url\":\"https:\/\/toys.lt\/lv\/\",\"name\":\"Toys.lt\",\"description\":\"\",\"potentialAction\":[{\"@type\":\"SearchAction\",\"target\":{\"@type\":\"EntryPoint\",\"urlTemplate\":\"https:\/\/toys.lt\/lv\/?s={search_term_string}\"},\"query-input\":{\"@type\":\"PropertyValueSpecification\",\"valueRequired\":true,\"valueName\":\"search_term_string\"}}],\"inLanguage\":\"lv-LV\"}]}<\/script>\n<!-- \/ Yoast SEO plugin. -->","yoast_head_json":{"title":"Muzik\u0101l\u0101 rota\u013clieta - dejojo\u0161ais pingv\u012bns (Kopija) (Kopija) (Kopija) (Kopija) (Kopija) - Toys.lt","robots":{"index":"index","follow":"follow","max-snippet":"max-snippet:-1","max-image-preview":"max-image-preview:large","max-video-preview":"max-video-preview:-1"},"canonical":"https:\/\/toys.lt\/lv\/produktas\/muzikala-rotallieta-dejojosais-pingvins-kopija-kopija-kopija-kopija-kopija\/","og_locale":"lv_LV","og_type":"article","og_title":"Muzik\u0101l\u0101 rota\u013clieta - dejojo\u0161ais pingv\u012bns (Kopija) (Kopija) (Kopija) (Kopija) (Kopija) - Toys.lt","og_description":"Produkta veids: muzik\u0101la rota\u013clieta Iepakojuma izm\u0113ri: 25 x 19 x 30 cm Ieteicamais vecums: no 18 m\u0113ne\u0161iem Nepiecie\u0161amie elementi: 3xAA (nav iek\u013cauti komplekt\u0101).","og_url":"https:\/\/toys.lt\/lv\/produktas\/muzikala-rotallieta-dejojosais-pingvins-kopija-kopija-kopija-kopija-kopija\/","og_site_name":"Toys.lt","article_modified_time":"2026-04-07T00:03:00+00:00","og_image":[{"width":1500,"height":1500,"url":"https:\/\/toys.lt\/wp-content\/uploads\/2026\/01\/RS-9024C-muzikinis-zaislas-1.jpg","type":"image\/jpeg"}],"twitter_card":"summary_large_image","schema":{"@context":"https:\/\/schema.org","@graph":[{"@type":"WebPage","@id":"https:\/\/toys.lt\/lv\/produktas\/muzikala-rotallieta-dejojosais-pingvins-kopija-kopija-kopija-kopija-kopija\/","url":"https:\/\/toys.lt\/lv\/produktas\/muzikala-rotallieta-dejojosais-pingvins-kopija-kopija-kopija-kopija-kopija\/","name":"Muzik\u0101l\u0101 rota\u013clieta - dejojo\u0161ais pingv\u012bns (Kopija) (Kopija) (Kopija) (Kopija) (Kopija) - Toys.lt","isPartOf":{"@id":"https:\/\/toys.lt\/lv\/#website"},"primaryImageOfPage":{"@id":"https:\/\/toys.lt\/lv\/produktas\/muzikala-rotallieta-dejojosais-pingvins-kopija-kopija-kopija-kopija-kopija\/#primaryimage"},"image":{"@id":"https:\/\/toys.lt\/lv\/produktas\/muzikala-rotallieta-dejojosais-pingvins-kopija-kopija-kopija-kopija-kopija\/#primaryimage"},"thumbnailUrl":"https:\/\/toys.lt\/wp-content\/uploads\/2026\/01\/RS-9024C-muzikinis-zaislas-1.jpg","datePublished":"2026-01-15T01:14:03+00:00","dateModified":"2026-04-07T00:03:00+00:00","breadcrumb":{"@id":"https:\/\/toys.lt\/lv\/produktas\/muzikala-rotallieta-dejojosais-pingvins-kopija-kopija-kopija-kopija-kopija\/#breadcrumb"},"inLanguage":"lv-LV","potentialAction":[{"@type":"ReadAction","target":["https:\/\/toys.lt\/lv\/produktas\/muzikala-rotallieta-dejojosais-pingvins-kopija-kopija-kopija-kopija-kopija\/"]}]},{"@type":"ImageObject","inLanguage":"lv-LV","@id":"https:\/\/toys.lt\/lv\/produktas\/muzikala-rotallieta-dejojosais-pingvins-kopija-kopija-kopija-kopija-kopija\/#primaryimage","url":"https:\/\/toys.lt\/wp-content\/uploads\/2026\/01\/RS-9024C-muzikinis-zaislas-1.jpg","contentUrl":"https:\/\/toys.lt\/wp-content\/uploads\/2026\/01\/RS-9024C-muzikinis-zaislas-1.jpg","width":1500,"height":1500},{"@type":"BreadcrumbList","@id":"https:\/\/toys.lt\/lv\/produktas\/muzikala-rotallieta-dejojosais-pingvins-kopija-kopija-kopija-kopija-kopija\/#breadcrumb","itemListElement":[{"@type":"ListItem","position":1,"name":"Home","item":"https:\/\/toys.lt\/lv\/"},{"@type":"ListItem","position":2,"name":"Veikals","item":"https:\/\/toys.lt\/lv\/shop\/"},{"@type":"ListItem","position":3,"name":"Muzik\u0101l\u0101 rota\u013clieta &#8211; dejojo\u0161ais pingv\u012bns (Kopija) (Kopija) (Kopija) (Kopija) (Kopija)"}]},{"@type":"WebSite","@id":"https:\/\/toys.lt\/lv\/#website","url":"https:\/\/toys.lt\/lv\/","name":"Toys.lt","description":"","potentialAction":[{"@type":"SearchAction","target":{"@type":"EntryPoint","urlTemplate":"https:\/\/toys.lt\/lv\/?s={search_term_string}"},"query-input":{"@type":"PropertyValueSpecification","valueRequired":true,"valueName":"search_term_string"}}],"inLanguage":"lv-LV"}]}},"_links":{"self":[{"href":"https:\/\/toys.lt\/lv\/wp-json\/wp\/v2\/product\/49199","targetHints":{"allow":["GET"]}}],"collection":[{"href":"https:\/\/toys.lt\/lv\/wp-json\/wp\/v2\/product"}],"about":[{"href":"https:\/\/toys.lt\/lv\/wp-json\/wp\/v2\/types\/product"}],"replies":[{"embeddable":true,"href":"https:\/\/toys.lt\/lv\/wp-json\/wp\/v2\/comments?post=49199"}],"version-history":[{"count":1,"href":"https:\/\/toys.lt\/lv\/wp-json\/wp\/v2\/product\/49199\/revisions"}],"predecessor-version":[{"id":49205,"href":"https:\/\/toys.lt\/lv\/wp-json\/wp\/v2\/product\/49199\/revisions\/49205"}],"wp:featuredmedia":[{"embeddable":true,"href":"https:\/\/toys.lt\/lv\/wp-json\/wp\/v2\/media\/49202"}],"wp:attachment":[{"href":"https:\/\/toys.lt\/lv\/wp-json\/wp\/v2\/media?parent=49199"}],"wp:term":[{"taxonomy":"product_brand","embeddable":true,"href":"https:\/\/toys.lt\/lv\/wp-json\/wp\/v2\/product_brand?post=49199"},{"taxonomy":"product_cat","embeddable":true,"href":"https:\/\/toys.lt\/lv\/wp-json\/wp\/v2\/product_cat?post=49199"},{"taxonomy":"product_tag","embeddable":true,"href":"https:\/\/toys.lt\/lv\/wp-json\/wp\/v2\/product_tag?post=49199"}],"curies":[{"name":"wp","href":"https:\/\/api.w.org\/{rel}","templated":true}]}}