{"id":48924,"date":"2025-12-17T15:44:41","date_gmt":"2025-12-17T15:44:41","guid":{"rendered":"https:\/\/toys.lt\/?post_type=product&#038;p=48924"},"modified":"2026-04-23T17:55:11","modified_gmt":"2026-04-23T17:55:11","slug":"clementoni-jurassic-world-t-rex-pteranodonas-archeologinis-rinkinys","status":"publish","type":"product","link":"https:\/\/toys.lt\/lv\/produktas\/clementoni-jurassic-world-t-rex-pteranodonas-archeologinis-rinkinys\/","title":{"rendered":"Clementoni Jurassic World T. Rex ir Pteranodonas"},"content":{"rendered":"<p data-start=\"544\" data-end=\"836\"><strong data-start=\"544\" data-end=\"632\">Clementoni \u201eJurassic World Dominion\u201c archeologinis rinkinys \u201eT. Rex ir Pteranodonas\u201c<\/strong> kvie\u010dia vaikus leistis \u012f \u012fsp\u016bding\u0105 kelion\u0119 \u012f prie\u0161istorinius laikus. \u012ekv\u0117ptas filmo \u201eJurassic World 3\u201c, \u0161is edukacinis rinkinys leid\u017eia pasijusti tikru archeologu ir atrasti dinozaur\u0173 pasaulio paslaptis.<\/p>\n<p data-start=\"838\" data-end=\"1094\">Komplekte esantys du gipso blokai turi b\u016bti atsargiai kalami plaktuku ir kaltu, kad b\u016bt\u0173 atidengti <strong data-start=\"937\" data-end=\"947\">T. Rex<\/strong> ir <strong data-start=\"951\" data-end=\"966\">Pteranodono<\/strong> skeletai. I\u0161kasti kaulai v\u0117liau surenkami \u012f \u012fsp\u016bdingus modelius, kurie \u0161vyti tamsoje ir suteikia dar daugiau \u017eaidimo d\u017eiaugsmo.<\/p>\n<p data-start=\"1096\" data-end=\"1221\">\u017daidimas ne tik linksmina, bet ir supa\u017eindina vaikus su paleontologijos pagrindais, lavina kantryb\u0119, kruop\u0161tum\u0105 bei smalsum\u0105.<\/p>\n<hr data-start=\"1223\" data-end=\"1226\" \/>\n<p data-start=\"1228\" data-end=\"1241\">\u2b50 <strong data-start=\"1230\" data-end=\"1241\">Savyb\u0117s<\/strong><\/p>\n<ul data-start=\"1242\" data-end=\"1595\">\n<li data-start=\"1242\" data-end=\"1276\">\n<p data-start=\"1244\" data-end=\"1276\">Archeologinis rinkinys vaikams<\/p>\n<\/li>\n<li data-start=\"1277\" data-end=\"1325\">\n<p data-start=\"1279\" data-end=\"1325\">2 dinozaur\u0173 skeletai: T. Rex ir Pteranodonas<\/p>\n<\/li>\n<li data-start=\"1326\" data-end=\"1379\">\n<p data-start=\"1328\" data-end=\"1379\">Reikia kasti tikrais \u012frankiais \u2013 kaip archeologui<\/p>\n<\/li>\n<li data-start=\"1380\" data-end=\"1408\">\n<p data-start=\"1382\" data-end=\"1408\">Skeletai \u0161vie\u010dia tamsoje<\/p>\n<\/li>\n<li data-start=\"1409\" data-end=\"1467\">\n<p data-start=\"1411\" data-end=\"1467\">Edukacinis \u017eaidimas, supa\u017eindinantis su paleontologija<\/p>\n<\/li>\n<li data-start=\"1468\" data-end=\"1532\">\n<p data-start=\"1470\" data-end=\"1532\">Oficialiai licencijuota \u201eJurassic World Dominion\u201c produkcija<\/p>\n<\/li>\n<li data-start=\"1533\" data-end=\"1567\">\n<p data-start=\"1535\" data-end=\"1567\">Sukurta ir pagaminta Italijoje<\/p>\n<\/li>\n<li data-start=\"1568\" data-end=\"1595\">\n<p data-start=\"1570\" data-end=\"1595\">Baterijos nereikalingos<\/p>\n<\/li>\n<\/ul>\n<hr data-start=\"1597\" data-end=\"1600\" \/>\n<p data-start=\"1602\" data-end=\"1629\">\ud83d\udee0 <strong data-start=\"1605\" data-end=\"1629\">Technin\u0117 informacija<\/strong><\/p>\n<ul data-start=\"1630\" data-end=\"1942\">\n<li data-start=\"1630\" data-end=\"1672\">\n<p data-start=\"1632\" data-end=\"1672\">Rekomenduojamas am\u017eius: <strong data-start=\"1656\" data-end=\"1670\">nuo 7 met\u0173<\/strong><\/p>\n<\/li>\n<li data-start=\"1673\" data-end=\"1746\">\n<p data-start=\"1675\" data-end=\"1746\">Komplekte: 2 gipso blokai, plaktukas, kaltas, dinozaur\u0173 skelet\u0173 dalys<\/p>\n<\/li>\n<li data-start=\"1747\" data-end=\"1785\">\n<p data-start=\"1749\" data-end=\"1785\">Dinozaurai: T. Rex ir Pteranodonas<\/p>\n<\/li>\n<li data-start=\"1786\" data-end=\"1820\">\n<p data-start=\"1788\" data-end=\"1820\">Pakuot\u0117s dydis: 35 x 26 x 7 cm<\/p>\n<\/li>\n<li data-start=\"1821\" data-end=\"1840\">\n<p data-start=\"1823\" data-end=\"1840\">Svoris: 1,76 kg<\/p>\n<\/li>\n<\/ul>\n<hr data-start=\"1944\" data-end=\"1947\" \/>\n<p data-start=\"1949\" data-end=\"2071\">\u26a0 <strong data-start=\"1951\" data-end=\"1972\">Saugumo \u012fsp\u0117jimas<\/strong><br data-start=\"1972\" data-end=\"1975\" \/>Netinka vaikams iki 3 met\u0173. Yra smulki\u0173 detali\u0173. Rekomenduojama naudoti pri\u017ei\u016brint suaugusiajam.<\/p>\n","protected":false},"excerpt":{"rendered":"<ul data-start=\"1630\" data-end=\"1942\">\n<li data-start=\"1630\" data-end=\"1672\">\n<p data-start=\"1632\" data-end=\"1672\">Rekomenduojamas am\u017eius: <strong data-start=\"1656\" data-end=\"1670\">nuo 7 met\u0173<\/strong><\/p>\n<\/li>\n<li data-start=\"1673\" data-end=\"1746\">\n<p data-start=\"1675\" data-end=\"1746\">Komplekte: 2 gipso blokai, plaktukas, kaltas, dinozaur\u0173 skelet\u0173 dalys<\/p>\n<\/li>\n<li data-start=\"1747\" data-end=\"1785\">\n<p data-start=\"1749\" data-end=\"1785\">Dinozaurai: T. Rex ir Pteranodonas<\/p>\n<\/li>\n<li data-start=\"1786\" data-end=\"1820\">\n<p data-start=\"1788\" data-end=\"1820\">Pakuot\u0117s dydis: 35 x 26 x 7 cm<\/p>\n<\/li>\n<li data-start=\"1821\" data-end=\"1840\">\n<p data-start=\"1823\" data-end=\"1840\">Svoris: 1,76 kg<\/p>\n<\/li>\n<li data-start=\"1841\" data-end=\"1866\">\n<p data-start=\"1843\" data-end=\"1866\">Kilm\u0117s \u0161alis: Italija<\/p>\n<\/li>\n<\/ul>\n","protected":false},"featured_media":48928,"comment_status":"open","ping_status":"closed","template":"","meta":[],"product_brand":[384],"product_cat":[389,410,411],"product_tag":[],"class_list":{"0":"post-48924","1":"product","2":"type-product","3":"status-publish","4":"has-post-thumbnail","6":"product_brand-clementoni-2","7":"product_cat-lavinamieji-ir-interaktyvus-zaislai","8":"product_cat-zaislai-berniukams","9":"product_cat-zaislai-mergaitems","10":"pa_amziaus-grupe-80","11":"pa_prek-s-tipas-vairius-geb-jimus-lavinantys-zaislai","12":"pa_prekes-zenklas-clementoni","14":"first","15":"instock","16":"sale","17":"taxable","18":"shipping-taxable","19":"purchasable","20":"product-type-simple"},"yoast_head":"<!-- This site is optimized with the Yoast SEO plugin v27.6 - https:\/\/yoast.com\/product\/yoast-seo-wordpress\/ -->\n<title>Clementoni Jurassic World T. Rex ir Pteranodonas - Toys.lt<\/title>\n<meta name=\"description\" content=\"Clementoni \u201eJurassic World\u201c archeologinis rinkinys \u2013 i\u0161kask T. Rex ir Pteranodono skeletus, \u0161vie\u010dian\u010dius tamsoje. Edukacinis \u017eaidimas vaikams nuo 7 met\u0173.\" \/>\n<meta name=\"robots\" content=\"index, follow, max-snippet:-1, max-image-preview:large, max-video-preview:-1\" \/>\n<link rel=\"canonical\" href=\"https:\/\/toys.lt\/lv\/produktas\/clementoni-jurassic-world-t-rex-pteranodonas-archeologinis-rinkinys\/\" \/>\n<meta property=\"og:locale\" content=\"lv_LV\" \/>\n<meta property=\"og:type\" content=\"article\" \/>\n<meta property=\"og:title\" content=\"Clementoni Jurassic World T. Rex ir Pteranodonas - Toys.lt\" \/>\n<meta property=\"og:description\" content=\"Clementoni \u201eJurassic World\u201c archeologinis rinkinys \u2013 i\u0161kask T. Rex ir Pteranodono skeletus, \u0161vie\u010dian\u010dius tamsoje. Edukacinis \u017eaidimas vaikams nuo 7 met\u0173.\" \/>\n<meta property=\"og:url\" content=\"https:\/\/toys.lt\/lv\/produktas\/clementoni-jurassic-world-t-rex-pteranodonas-archeologinis-rinkinys\/\" \/>\n<meta property=\"og:site_name\" content=\"Toys.lt\" \/>\n<meta property=\"article:modified_time\" content=\"2026-04-23T17:55:11+00:00\" \/>\n<meta property=\"og:image\" content=\"https:\/\/toys.lt\/wp-content\/uploads\/2025\/12\/19205-jurrasic-1.jpg\" \/>\n\t<meta property=\"og:image:width\" content=\"671\" \/>\n\t<meta property=\"og:image:height\" content=\"525\" \/>\n\t<meta property=\"og:image:type\" content=\"image\/jpeg\" \/>\n<meta name=\"twitter:card\" content=\"summary_large_image\" \/>\n<meta name=\"twitter:label1\" content=\"Est. reading time\" \/>\n\t<meta name=\"twitter:data1\" content=\"1 minute\" \/>\n<script type=\"application\/ld+json\" class=\"yoast-schema-graph\">{\"@context\":\"https:\\\/\\\/schema.org\",\"@graph\":[{\"@type\":\"WebPage\",\"@id\":\"https:\\\/\\\/toys.lt\\\/lv\\\/produktas\\\/clementoni-jurassic-world-t-rex-pteranodonas-archeologinis-rinkinys\\\/\",\"url\":\"https:\\\/\\\/toys.lt\\\/lv\\\/produktas\\\/clementoni-jurassic-world-t-rex-pteranodonas-archeologinis-rinkinys\\\/\",\"name\":\"Clementoni Jurassic World T. Rex ir Pteranodonas - Toys.lt\",\"isPartOf\":{\"@id\":\"https:\\\/\\\/toys.lt\\\/lv\\\/#website\"},\"primaryImageOfPage\":{\"@id\":\"https:\\\/\\\/toys.lt\\\/lv\\\/produktas\\\/clementoni-jurassic-world-t-rex-pteranodonas-archeologinis-rinkinys\\\/#primaryimage\"},\"image\":{\"@id\":\"https:\\\/\\\/toys.lt\\\/lv\\\/produktas\\\/clementoni-jurassic-world-t-rex-pteranodonas-archeologinis-rinkinys\\\/#primaryimage\"},\"thumbnailUrl\":\"https:\\\/\\\/toys.lt\\\/wp-content\\\/uploads\\\/2025\\\/12\\\/19205-jurrasic-1.jpg\",\"datePublished\":\"2025-12-17T15:44:41+00:00\",\"dateModified\":\"2026-04-23T17:55:11+00:00\",\"description\":\"Clementoni \u201eJurassic World\u201c archeologinis rinkinys \u2013 i\u0161kask T. Rex ir Pteranodono skeletus, \u0161vie\u010dian\u010dius tamsoje. Edukacinis \u017eaidimas vaikams nuo 7 met\u0173.\",\"breadcrumb\":{\"@id\":\"https:\\\/\\\/toys.lt\\\/lv\\\/produktas\\\/clementoni-jurassic-world-t-rex-pteranodonas-archeologinis-rinkinys\\\/#breadcrumb\"},\"inLanguage\":\"lv-LV\",\"potentialAction\":[{\"@type\":\"ReadAction\",\"target\":[\"https:\\\/\\\/toys.lt\\\/lv\\\/produktas\\\/clementoni-jurassic-world-t-rex-pteranodonas-archeologinis-rinkinys\\\/\"]}]},{\"@type\":\"ImageObject\",\"inLanguage\":\"lv-LV\",\"@id\":\"https:\\\/\\\/toys.lt\\\/lv\\\/produktas\\\/clementoni-jurassic-world-t-rex-pteranodonas-archeologinis-rinkinys\\\/#primaryimage\",\"url\":\"https:\\\/\\\/toys.lt\\\/wp-content\\\/uploads\\\/2025\\\/12\\\/19205-jurrasic-1.jpg\",\"contentUrl\":\"https:\\\/\\\/toys.lt\\\/wp-content\\\/uploads\\\/2025\\\/12\\\/19205-jurrasic-1.jpg\",\"width\":671,\"height\":525,\"caption\":\"19205 jurrasic 1\"},{\"@type\":\"BreadcrumbList\",\"@id\":\"https:\\\/\\\/toys.lt\\\/lv\\\/produktas\\\/clementoni-jurassic-world-t-rex-pteranodonas-archeologinis-rinkinys\\\/#breadcrumb\",\"itemListElement\":[{\"@type\":\"ListItem\",\"position\":1,\"name\":\"Home\",\"item\":\"https:\\\/\\\/toys.lt\\\/lv\\\/\"},{\"@type\":\"ListItem\",\"position\":2,\"name\":\"Veikals\",\"item\":\"https:\\\/\\\/toys.lt\\\/lv\\\/shop\\\/\"},{\"@type\":\"ListItem\",\"position\":3,\"name\":\"Clementoni Jurassic World T. Rex ir Pteranodonas\"}]},{\"@type\":\"WebSite\",\"@id\":\"https:\\\/\\\/toys.lt\\\/lv\\\/#website\",\"url\":\"https:\\\/\\\/toys.lt\\\/lv\\\/\",\"name\":\"Toys.lt\",\"description\":\"\",\"potentialAction\":[{\"@type\":\"SearchAction\",\"target\":{\"@type\":\"EntryPoint\",\"urlTemplate\":\"https:\\\/\\\/toys.lt\\\/lv\\\/?s={search_term_string}\"},\"query-input\":{\"@type\":\"PropertyValueSpecification\",\"valueRequired\":true,\"valueName\":\"search_term_string\"}}],\"inLanguage\":\"lv-LV\"}]}<\/script>\n<!-- \/ Yoast SEO plugin. -->","yoast_head_json":{"title":"Clementoni Jurassic World T. Rex ir Pteranodonas - Toys.lt","description":"Clementoni \u201eJurassic World\u201c archeologinis rinkinys \u2013 i\u0161kask T. Rex ir Pteranodono skeletus, \u0161vie\u010dian\u010dius tamsoje. Edukacinis \u017eaidimas vaikams nuo 7 met\u0173.","robots":{"index":"index","follow":"follow","max-snippet":"max-snippet:-1","max-image-preview":"max-image-preview:large","max-video-preview":"max-video-preview:-1"},"canonical":"https:\/\/toys.lt\/lv\/produktas\/clementoni-jurassic-world-t-rex-pteranodonas-archeologinis-rinkinys\/","og_locale":"lv_LV","og_type":"article","og_title":"Clementoni Jurassic World T. Rex ir Pteranodonas - Toys.lt","og_description":"Clementoni \u201eJurassic World\u201c archeologinis rinkinys \u2013 i\u0161kask T. Rex ir Pteranodono skeletus, \u0161vie\u010dian\u010dius tamsoje. Edukacinis \u017eaidimas vaikams nuo 7 met\u0173.","og_url":"https:\/\/toys.lt\/lv\/produktas\/clementoni-jurassic-world-t-rex-pteranodonas-archeologinis-rinkinys\/","og_site_name":"Toys.lt","article_modified_time":"2026-04-23T17:55:11+00:00","og_image":[{"width":671,"height":525,"url":"https:\/\/toys.lt\/wp-content\/uploads\/2025\/12\/19205-jurrasic-1.jpg","type":"image\/jpeg"}],"twitter_card":"summary_large_image","twitter_misc":{"Est. reading time":"1 minute"},"schema":{"@context":"https:\/\/schema.org","@graph":[{"@type":"WebPage","@id":"https:\/\/toys.lt\/lv\/produktas\/clementoni-jurassic-world-t-rex-pteranodonas-archeologinis-rinkinys\/","url":"https:\/\/toys.lt\/lv\/produktas\/clementoni-jurassic-world-t-rex-pteranodonas-archeologinis-rinkinys\/","name":"Clementoni Jurassic World T. Rex ir Pteranodonas - Toys.lt","isPartOf":{"@id":"https:\/\/toys.lt\/lv\/#website"},"primaryImageOfPage":{"@id":"https:\/\/toys.lt\/lv\/produktas\/clementoni-jurassic-world-t-rex-pteranodonas-archeologinis-rinkinys\/#primaryimage"},"image":{"@id":"https:\/\/toys.lt\/lv\/produktas\/clementoni-jurassic-world-t-rex-pteranodonas-archeologinis-rinkinys\/#primaryimage"},"thumbnailUrl":"https:\/\/toys.lt\/wp-content\/uploads\/2025\/12\/19205-jurrasic-1.jpg","datePublished":"2025-12-17T15:44:41+00:00","dateModified":"2026-04-23T17:55:11+00:00","description":"Clementoni \u201eJurassic World\u201c archeologinis rinkinys \u2013 i\u0161kask T. Rex ir Pteranodono skeletus, \u0161vie\u010dian\u010dius tamsoje. Edukacinis \u017eaidimas vaikams nuo 7 met\u0173.","breadcrumb":{"@id":"https:\/\/toys.lt\/lv\/produktas\/clementoni-jurassic-world-t-rex-pteranodonas-archeologinis-rinkinys\/#breadcrumb"},"inLanguage":"lv-LV","potentialAction":[{"@type":"ReadAction","target":["https:\/\/toys.lt\/lv\/produktas\/clementoni-jurassic-world-t-rex-pteranodonas-archeologinis-rinkinys\/"]}]},{"@type":"ImageObject","inLanguage":"lv-LV","@id":"https:\/\/toys.lt\/lv\/produktas\/clementoni-jurassic-world-t-rex-pteranodonas-archeologinis-rinkinys\/#primaryimage","url":"https:\/\/toys.lt\/wp-content\/uploads\/2025\/12\/19205-jurrasic-1.jpg","contentUrl":"https:\/\/toys.lt\/wp-content\/uploads\/2025\/12\/19205-jurrasic-1.jpg","width":671,"height":525,"caption":"19205 jurrasic 1"},{"@type":"BreadcrumbList","@id":"https:\/\/toys.lt\/lv\/produktas\/clementoni-jurassic-world-t-rex-pteranodonas-archeologinis-rinkinys\/#breadcrumb","itemListElement":[{"@type":"ListItem","position":1,"name":"Home","item":"https:\/\/toys.lt\/lv\/"},{"@type":"ListItem","position":2,"name":"Veikals","item":"https:\/\/toys.lt\/lv\/shop\/"},{"@type":"ListItem","position":3,"name":"Clementoni Jurassic World T. Rex ir Pteranodonas"}]},{"@type":"WebSite","@id":"https:\/\/toys.lt\/lv\/#website","url":"https:\/\/toys.lt\/lv\/","name":"Toys.lt","description":"","potentialAction":[{"@type":"SearchAction","target":{"@type":"EntryPoint","urlTemplate":"https:\/\/toys.lt\/lv\/?s={search_term_string}"},"query-input":{"@type":"PropertyValueSpecification","valueRequired":true,"valueName":"search_term_string"}}],"inLanguage":"lv-LV"}]}},"_links":{"self":[{"href":"https:\/\/toys.lt\/lv\/wp-json\/wp\/v2\/product\/48924","targetHints":{"allow":["GET"]}}],"collection":[{"href":"https:\/\/toys.lt\/lv\/wp-json\/wp\/v2\/product"}],"about":[{"href":"https:\/\/toys.lt\/lv\/wp-json\/wp\/v2\/types\/product"}],"replies":[{"embeddable":true,"href":"https:\/\/toys.lt\/lv\/wp-json\/wp\/v2\/comments?post=48924"}],"version-history":[{"count":1,"href":"https:\/\/toys.lt\/lv\/wp-json\/wp\/v2\/product\/48924\/revisions"}],"predecessor-version":[{"id":48925,"href":"https:\/\/toys.lt\/lv\/wp-json\/wp\/v2\/product\/48924\/revisions\/48925"}],"wp:featuredmedia":[{"embeddable":true,"href":"https:\/\/toys.lt\/lv\/wp-json\/wp\/v2\/media\/48928"}],"wp:attachment":[{"href":"https:\/\/toys.lt\/lv\/wp-json\/wp\/v2\/media?parent=48924"}],"wp:term":[{"taxonomy":"product_brand","embeddable":true,"href":"https:\/\/toys.lt\/lv\/wp-json\/wp\/v2\/product_brand?post=48924"},{"taxonomy":"product_cat","embeddable":true,"href":"https:\/\/toys.lt\/lv\/wp-json\/wp\/v2\/product_cat?post=48924"},{"taxonomy":"product_tag","embeddable":true,"href":"https:\/\/toys.lt\/lv\/wp-json\/wp\/v2\/product_tag?post=48924"}],"curies":[{"name":"wp","href":"https:\/\/api.w.org\/{rel}","templated":true}]}}