{"id":48485,"date":"2025-12-08T23:09:50","date_gmt":"2025-12-08T23:09:50","guid":{"rendered":"https:\/\/toys.lt\/?post_type=product&#038;p=48485"},"modified":"2026-04-07T00:03:02","modified_gmt":"2026-04-07T00:03:02","slug":"magnetiska-zimesanas-tafele-magpad-kopija","status":"publish","type":"product","link":"https:\/\/toys.lt\/lv\/produktas\/magnetiska-zimesanas-tafele-magpad-kopija\/","title":{"rendered":"Magn\u0113tisk\u0101 z\u012bm\u0113\u0161anas t\u0101fele MagPad (Kopija)"},"content":{"rendered":"<p data-start=\"227\" data-end=\"468\"><strong data-start=\"251\" data-end=\"261\">MagPad magn\u0113tisk\u0101<\/strong> z\u012bm\u0113\u0161anas t\u0101fele ir jautra un izgl\u012btojo\u0161a rota\u013clieta b\u0113rniem. Z\u012bm\u0113jiet ar magn\u0113tisko pildspalvu, kas pace\u013c met\u0101la lod\u012btes un rada skaidru punktu z\u012bm\u0113jumu. Lod\u012btes ir viegli nolaist atpaka\u013c un s\u0101kt no jauna.  <\/p>\n<p data-start=\"470\" data-end=\"728\">Komplekt\u0101 ir ar\u012b trafareti ar piem\u0113riem, kas pal\u012bdz b\u0113rniem apg\u016bt formas, att\u012bst\u012bt motoriku un rado\u0161umu. T\u0101 k\u0101 t\u0101fele ir izgatavota no iztur\u012bgas ABS plastmasas un bumbi\u0146as ir dro\u0161i iestr\u0101d\u0101tas, rota\u013clieta ir piem\u0113rota ikdienas lieto\u0161anai m\u0101j\u0101s vai ce\u013c\u0101. <\/p>\n<h1 data-start=\"2244\" data-end=\"2259\"><strong data-start=\"2248\" data-end=\"2259\">\u2b50 Funkcijas<\/strong><\/h1>\n<ul data-start=\"2260\" data-end=\"2650\">\n<li data-start=\"2260\" data-end=\"2307\">\n<p data-start=\"2262\" data-end=\"2307\">Magn\u0113tisk\u0101 z\u012bm\u0113\u0161anas t\u0101fele ar ~748 bumbi\u0146\u0101m<\/p>\n<\/li>\n<li data-start=\"2308\" data-end=\"2340\">\n<p data-start=\"2310\" data-end=\"2340\">Z\u012bm\u0113ts ar magn\u0113tisko pildspalvu<\/p>\n<\/li>\n<li data-start=\"2341\" data-end=\"2404\">\n<p data-start=\"2343\" data-end=\"2404\">Bumbas nenokr\u012bt no t\u0101feles &#8211; piln\u012bgi dro\u0161a konstrukcija.<\/p>\n<\/li>\n<li data-start=\"2405\" data-end=\"2436\">\n<p data-start=\"2407\" data-end=\"2436\">Viegli dz\u0113\u0161ami z\u012bm\u0113jumi<\/p>\n<\/li>\n<li data-start=\"2437\" data-end=\"2490\">\n<p data-start=\"2439\" data-end=\"2490\">Komplekt\u0101 ietilpst <strong data-start=\"2449\" data-end=\"2465\">10 trafareti<\/strong> ar z\u012bm\u0113\u0161anas paraugiem<\/p>\n<\/li>\n<li data-start=\"2491\" data-end=\"2544\">\n<p data-start=\"2493\" data-end=\"2544\">Veicina rado\u0161umu un motorisk\u0101s prasmes<\/p>\n<\/li>\n<li data-start=\"2545\" data-end=\"2581\">\n<p data-start=\"2547\" data-end=\"2581\">Iztur\u012bga, iztur\u012bga ABS plastmasa<\/p>\n<\/li>\n<li data-start=\"2582\" data-end=\"2618\">\n<p data-start=\"2584\" data-end=\"2618\">Piem\u0113rots lieto\u0161anai m\u0101j\u0101s un ce\u013cojumos<\/p>\n<\/li>\n<li data-start=\"2619\" data-end=\"2650\">\n<p data-start=\"2621\" data-end=\"2650\">Ieteicams no <strong data-start=\"2640\" data-end=\"2650\">3 gadu vecuma<\/strong><\/p>\n<\/li>\n<\/ul>\n<hr data-start=\"2652\" data-end=\"2655\">\n<h1 data-start=\"2657\" data-end=\"2686\">\ud83d\udd27 <strong data-start=\"2662\" data-end=\"2686\">Tehnisk\u0101 inform\u0101cija<\/strong><\/h1>\n<ul data-start=\"2687\" data-end=\"2998\">\n<li data-start=\"2687\" data-end=\"2729\">\n<p data-start=\"2689\" data-end=\"2729\">D\u0113l\u012b\u0161a izm\u0113ri: <strong data-start=\"2709\" data-end=\"2727\">31 \u00d7 1 \u00d7 25 cm.<\/strong><\/p>\n<\/li>\n<li data-start=\"2730\" data-end=\"2778\">\n<p data-start=\"2732\" data-end=\"2778\">Iepakojuma izm\u0113ri: <strong data-start=\"2754\" data-end=\"2776\">31,5 \u00d7 1,5 \u00d7 26 cm<\/strong><\/p>\n<\/li>\n<li data-start=\"2779\" data-end=\"2801\">\n<p data-start=\"2781\" data-end=\"2801\">Svars: <strong data-start=\"2789\" data-end=\"2799\">0,8 kg<\/strong><\/p>\n<\/li>\n<li data-start=\"2802\" data-end=\"2838\">\n<p data-start=\"2804\" data-end=\"2838\">Bumbi\u0146u skaits: <strong data-start=\"2824\" data-end=\"2836\">748 gab.<\/strong><\/p>\n<\/li>\n<li data-start=\"2839\" data-end=\"2889\">\n<p data-start=\"2841\" data-end=\"2889\">Materi\u0101ls: ABS plastmasa, met\u0101la lod\u012btes<\/p>\n<\/li>\n<li data-start=\"2890\" data-end=\"2924\">\n<p data-start=\"2892\" data-end=\"2924\">Ieteicamais vecums: <strong data-start=\"2916\" data-end=\"2922\">3+<\/strong><\/p>\n<\/li>\n<li data-start=\"2925\" data-end=\"2998\">\n<p data-start=\"2927\" data-end=\"2998\">Komplekts: magn\u0113tisk\u0101 t\u0101fele, magn\u0113tisk\u0101 pildspalva, trafareta kartes<\/p>\n<\/li>\n<\/ul>\n","protected":false},"excerpt":{"rendered":"<ul data-start=\"2687\" data-end=\"2998\">\n<li data-start=\"2687\" data-end=\"2729\">\n<p data-start=\"2689\" data-end=\"2729\">D\u0113l\u012b\u0161a izm\u0113ri: <strong data-start=\"2709\" data-end=\"2727\">31 \u00d7 1 \u00d7 25 cm.<\/strong><\/p>\n<\/li>\n<li data-start=\"2730\" data-end=\"2778\">\n<p data-start=\"2732\" data-end=\"2778\">Iepakojuma izm\u0113ri: <strong data-start=\"2754\" data-end=\"2776\">31,5 \u00d7 1,5 \u00d7 26 cm<\/strong><\/p>\n<\/li>\n<li data-start=\"2779\" data-end=\"2801\">\n<p data-start=\"2781\" data-end=\"2801\">Svars: <strong data-start=\"2789\" data-end=\"2799\">0,8 kg<\/strong><\/p>\n<\/li>\n<li data-start=\"2802\" data-end=\"2838\">\n<p data-start=\"2804\" data-end=\"2838\">Bumbi\u0146u skaits: <strong data-start=\"2824\" data-end=\"2836\">748 gab.<\/strong><\/p>\n<\/li>\n<li data-start=\"2839\" data-end=\"2889\">\n<p data-start=\"2841\" data-end=\"2889\">Materi\u0101ls: ABS plastmasa, met\u0101la lod\u012btes<\/p>\n<\/li>\n<li data-start=\"2890\" data-end=\"2924\">\n<p data-start=\"2892\" data-end=\"2924\">Ieteicamais vecums: <strong data-start=\"2916\" data-end=\"2922\">3+<\/strong><\/p>\n<\/li>\n<li data-start=\"2925\" data-end=\"2998\">\n<p data-start=\"2927\" data-end=\"2998\">Komplekts: magn\u0113tisk\u0101 t\u0101fele, magn\u0113tisk\u0101 pildspalva, trafareta kartes<\/p>\n<\/li>\n<\/ul>\n","protected":false},"featured_media":48487,"comment_status":"open","ping_status":"closed","template":"","meta":[],"product_brand":[384],"product_cat":[1257,1180,1157,1406,1159],"product_tag":[],"class_list":{"0":"post-48485","1":"product","2":"type-product","3":"status-publish","4":"has-post-thumbnail","6":"product_brand-clementoni-2","7":"product_cat-rokdarbi-un-radosums","8":"product_cat-rotallietas-meitenem","9":"product_cat-izglitojosas-un-interaktivas-rotallietas","10":"product_cat-letakais","11":"product_cat-magnetiskie-deli","12":"pa_amziaus-grupe-3-lv","13":"pa_prek-s-tipas-magnetiskie-deli","14":"pa_prek-s-tipas-zimesanas-deli","16":"first","17":"outofstock","18":"sale","19":"taxable","20":"shipping-taxable","21":"purchasable","22":"product-type-simple"},"yoast_head":"<!-- This site is optimized with the Yoast SEO plugin v26.3 - https:\/\/yoast.com\/wordpress\/plugins\/seo\/ -->\n<title>Magn\u0113tisk\u0101 z\u012bm\u0113\u0161anas t\u0101fele MagPad (Kopija) - Toys.lt<\/title>\n<meta name=\"description\" content=\"MagPad magn\u0113tisk\u0101 z\u012bm\u0113\u0161anas t\u0101fele ar magn\u0113tisko pildspalvu un trafaretiem. Att\u012bsta rado\u0161umu un motoriku. Piem\u0113rots b\u0113rniem no 3 gadu vecuma.\" \/>\n<meta name=\"robots\" content=\"index, follow, max-snippet:-1, max-image-preview:large, max-video-preview:-1\" \/>\n<link rel=\"canonical\" href=\"https:\/\/toys.lt\/lv\/produktas\/magnetiska-zimesanas-tafele-magpad-kopija\/\" \/>\n<meta property=\"og:locale\" content=\"lv_LV\" \/>\n<meta property=\"og:type\" content=\"article\" \/>\n<meta property=\"og:title\" content=\"Magn\u0113tisk\u0101 z\u012bm\u0113\u0161anas t\u0101fele MagPad (Kopija) - Toys.lt\" \/>\n<meta property=\"og:description\" content=\"MagPad magn\u0113tisk\u0101 z\u012bm\u0113\u0161anas t\u0101fele ar magn\u0113tisko pildspalvu un trafaretiem. Att\u012bsta rado\u0161umu un motoriku. Piem\u0113rots b\u0113rniem no 3 gadu vecuma.\" \/>\n<meta property=\"og:url\" content=\"https:\/\/toys.lt\/lv\/produktas\/magnetiska-zimesanas-tafele-magpad-kopija\/\" \/>\n<meta property=\"og:site_name\" content=\"Toys.lt\" \/>\n<meta property=\"article:modified_time\" content=\"2026-04-07T00:03:02+00:00\" \/>\n<meta property=\"og:image\" content=\"https:\/\/toys.lt\/wp-content\/uploads\/2025\/12\/YM-5-magnetine-piesimo-lenta-1.jpg\" \/>\n\t<meta property=\"og:image:width\" content=\"1201\" \/>\n\t<meta property=\"og:image:height\" content=\"640\" \/>\n\t<meta property=\"og:image:type\" content=\"image\/jpeg\" \/>\n<meta name=\"twitter:card\" content=\"summary_large_image\" \/>\n<meta name=\"twitter:label1\" content=\"Est. reading time\" \/>\n\t<meta name=\"twitter:data1\" content=\"1 minute\" \/>\n<script type=\"application\/ld+json\" class=\"yoast-schema-graph\">{\"@context\":\"https:\/\/schema.org\",\"@graph\":[{\"@type\":\"WebPage\",\"@id\":\"https:\/\/toys.lt\/lv\/produktas\/magnetiska-zimesanas-tafele-magpad-kopija\/\",\"url\":\"https:\/\/toys.lt\/lv\/produktas\/magnetiska-zimesanas-tafele-magpad-kopija\/\",\"name\":\"Magn\u0113tisk\u0101 z\u012bm\u0113\u0161anas t\u0101fele MagPad (Kopija) - Toys.lt\",\"isPartOf\":{\"@id\":\"https:\/\/toys.lt\/lv\/#website\"},\"primaryImageOfPage\":{\"@id\":\"https:\/\/toys.lt\/lv\/produktas\/magnetiska-zimesanas-tafele-magpad-kopija\/#primaryimage\"},\"image\":{\"@id\":\"https:\/\/toys.lt\/lv\/produktas\/magnetiska-zimesanas-tafele-magpad-kopija\/#primaryimage\"},\"thumbnailUrl\":\"https:\/\/toys.lt\/wp-content\/uploads\/2025\/12\/YM-5-magnetine-piesimo-lenta-1.jpg\",\"datePublished\":\"2025-12-08T23:09:50+00:00\",\"dateModified\":\"2026-04-07T00:03:02+00:00\",\"description\":\"MagPad magn\u0113tisk\u0101 z\u012bm\u0113\u0161anas t\u0101fele ar magn\u0113tisko pildspalvu un trafaretiem. Att\u012bsta rado\u0161umu un motoriku. Piem\u0113rots b\u0113rniem no 3 gadu vecuma.\",\"breadcrumb\":{\"@id\":\"https:\/\/toys.lt\/lv\/produktas\/magnetiska-zimesanas-tafele-magpad-kopija\/#breadcrumb\"},\"inLanguage\":\"lv-LV\",\"potentialAction\":[{\"@type\":\"ReadAction\",\"target\":[\"https:\/\/toys.lt\/lv\/produktas\/magnetiska-zimesanas-tafele-magpad-kopija\/\"]}]},{\"@type\":\"ImageObject\",\"inLanguage\":\"lv-LV\",\"@id\":\"https:\/\/toys.lt\/lv\/produktas\/magnetiska-zimesanas-tafele-magpad-kopija\/#primaryimage\",\"url\":\"https:\/\/toys.lt\/wp-content\/uploads\/2025\/12\/YM-5-magnetine-piesimo-lenta-1.jpg\",\"contentUrl\":\"https:\/\/toys.lt\/wp-content\/uploads\/2025\/12\/YM-5-magnetine-piesimo-lenta-1.jpg\",\"width\":1201,\"height\":640},{\"@type\":\"BreadcrumbList\",\"@id\":\"https:\/\/toys.lt\/lv\/produktas\/magnetiska-zimesanas-tafele-magpad-kopija\/#breadcrumb\",\"itemListElement\":[{\"@type\":\"ListItem\",\"position\":1,\"name\":\"Home\",\"item\":\"https:\/\/toys.lt\/lv\/\"},{\"@type\":\"ListItem\",\"position\":2,\"name\":\"Veikals\",\"item\":\"https:\/\/toys.lt\/lv\/shop\/\"},{\"@type\":\"ListItem\",\"position\":3,\"name\":\"Magn\u0113tisk\u0101 z\u012bm\u0113\u0161anas t\u0101fele MagPad (Kopija)\"}]},{\"@type\":\"WebSite\",\"@id\":\"https:\/\/toys.lt\/lv\/#website\",\"url\":\"https:\/\/toys.lt\/lv\/\",\"name\":\"Toys.lt\",\"description\":\"\",\"potentialAction\":[{\"@type\":\"SearchAction\",\"target\":{\"@type\":\"EntryPoint\",\"urlTemplate\":\"https:\/\/toys.lt\/lv\/?s={search_term_string}\"},\"query-input\":{\"@type\":\"PropertyValueSpecification\",\"valueRequired\":true,\"valueName\":\"search_term_string\"}}],\"inLanguage\":\"lv-LV\"}]}<\/script>\n<!-- \/ Yoast SEO plugin. -->","yoast_head_json":{"title":"Magn\u0113tisk\u0101 z\u012bm\u0113\u0161anas t\u0101fele MagPad (Kopija) - Toys.lt","description":"MagPad magn\u0113tisk\u0101 z\u012bm\u0113\u0161anas t\u0101fele ar magn\u0113tisko pildspalvu un trafaretiem. Att\u012bsta rado\u0161umu un motoriku. Piem\u0113rots b\u0113rniem no 3 gadu vecuma.","robots":{"index":"index","follow":"follow","max-snippet":"max-snippet:-1","max-image-preview":"max-image-preview:large","max-video-preview":"max-video-preview:-1"},"canonical":"https:\/\/toys.lt\/lv\/produktas\/magnetiska-zimesanas-tafele-magpad-kopija\/","og_locale":"lv_LV","og_type":"article","og_title":"Magn\u0113tisk\u0101 z\u012bm\u0113\u0161anas t\u0101fele MagPad (Kopija) - Toys.lt","og_description":"MagPad magn\u0113tisk\u0101 z\u012bm\u0113\u0161anas t\u0101fele ar magn\u0113tisko pildspalvu un trafaretiem. Att\u012bsta rado\u0161umu un motoriku. Piem\u0113rots b\u0113rniem no 3 gadu vecuma.","og_url":"https:\/\/toys.lt\/lv\/produktas\/magnetiska-zimesanas-tafele-magpad-kopija\/","og_site_name":"Toys.lt","article_modified_time":"2026-04-07T00:03:02+00:00","og_image":[{"width":1201,"height":640,"url":"https:\/\/toys.lt\/wp-content\/uploads\/2025\/12\/YM-5-magnetine-piesimo-lenta-1.jpg","type":"image\/jpeg"}],"twitter_card":"summary_large_image","twitter_misc":{"Est. reading time":"1 minute"},"schema":{"@context":"https:\/\/schema.org","@graph":[{"@type":"WebPage","@id":"https:\/\/toys.lt\/lv\/produktas\/magnetiska-zimesanas-tafele-magpad-kopija\/","url":"https:\/\/toys.lt\/lv\/produktas\/magnetiska-zimesanas-tafele-magpad-kopija\/","name":"Magn\u0113tisk\u0101 z\u012bm\u0113\u0161anas t\u0101fele MagPad (Kopija) - Toys.lt","isPartOf":{"@id":"https:\/\/toys.lt\/lv\/#website"},"primaryImageOfPage":{"@id":"https:\/\/toys.lt\/lv\/produktas\/magnetiska-zimesanas-tafele-magpad-kopija\/#primaryimage"},"image":{"@id":"https:\/\/toys.lt\/lv\/produktas\/magnetiska-zimesanas-tafele-magpad-kopija\/#primaryimage"},"thumbnailUrl":"https:\/\/toys.lt\/wp-content\/uploads\/2025\/12\/YM-5-magnetine-piesimo-lenta-1.jpg","datePublished":"2025-12-08T23:09:50+00:00","dateModified":"2026-04-07T00:03:02+00:00","description":"MagPad magn\u0113tisk\u0101 z\u012bm\u0113\u0161anas t\u0101fele ar magn\u0113tisko pildspalvu un trafaretiem. Att\u012bsta rado\u0161umu un motoriku. Piem\u0113rots b\u0113rniem no 3 gadu vecuma.","breadcrumb":{"@id":"https:\/\/toys.lt\/lv\/produktas\/magnetiska-zimesanas-tafele-magpad-kopija\/#breadcrumb"},"inLanguage":"lv-LV","potentialAction":[{"@type":"ReadAction","target":["https:\/\/toys.lt\/lv\/produktas\/magnetiska-zimesanas-tafele-magpad-kopija\/"]}]},{"@type":"ImageObject","inLanguage":"lv-LV","@id":"https:\/\/toys.lt\/lv\/produktas\/magnetiska-zimesanas-tafele-magpad-kopija\/#primaryimage","url":"https:\/\/toys.lt\/wp-content\/uploads\/2025\/12\/YM-5-magnetine-piesimo-lenta-1.jpg","contentUrl":"https:\/\/toys.lt\/wp-content\/uploads\/2025\/12\/YM-5-magnetine-piesimo-lenta-1.jpg","width":1201,"height":640},{"@type":"BreadcrumbList","@id":"https:\/\/toys.lt\/lv\/produktas\/magnetiska-zimesanas-tafele-magpad-kopija\/#breadcrumb","itemListElement":[{"@type":"ListItem","position":1,"name":"Home","item":"https:\/\/toys.lt\/lv\/"},{"@type":"ListItem","position":2,"name":"Veikals","item":"https:\/\/toys.lt\/lv\/shop\/"},{"@type":"ListItem","position":3,"name":"Magn\u0113tisk\u0101 z\u012bm\u0113\u0161anas t\u0101fele MagPad (Kopija)"}]},{"@type":"WebSite","@id":"https:\/\/toys.lt\/lv\/#website","url":"https:\/\/toys.lt\/lv\/","name":"Toys.lt","description":"","potentialAction":[{"@type":"SearchAction","target":{"@type":"EntryPoint","urlTemplate":"https:\/\/toys.lt\/lv\/?s={search_term_string}"},"query-input":{"@type":"PropertyValueSpecification","valueRequired":true,"valueName":"search_term_string"}}],"inLanguage":"lv-LV"}]}},"_links":{"self":[{"href":"https:\/\/toys.lt\/lv\/wp-json\/wp\/v2\/product\/48485","targetHints":{"allow":["GET"]}}],"collection":[{"href":"https:\/\/toys.lt\/lv\/wp-json\/wp\/v2\/product"}],"about":[{"href":"https:\/\/toys.lt\/lv\/wp-json\/wp\/v2\/types\/product"}],"replies":[{"embeddable":true,"href":"https:\/\/toys.lt\/lv\/wp-json\/wp\/v2\/comments?post=48485"}],"version-history":[{"count":1,"href":"https:\/\/toys.lt\/lv\/wp-json\/wp\/v2\/product\/48485\/revisions"}],"predecessor-version":[{"id":48492,"href":"https:\/\/toys.lt\/lv\/wp-json\/wp\/v2\/product\/48485\/revisions\/48492"}],"wp:featuredmedia":[{"embeddable":true,"href":"https:\/\/toys.lt\/lv\/wp-json\/wp\/v2\/media\/48487"}],"wp:attachment":[{"href":"https:\/\/toys.lt\/lv\/wp-json\/wp\/v2\/media?parent=48485"}],"wp:term":[{"taxonomy":"product_brand","embeddable":true,"href":"https:\/\/toys.lt\/lv\/wp-json\/wp\/v2\/product_brand?post=48485"},{"taxonomy":"product_cat","embeddable":true,"href":"https:\/\/toys.lt\/lv\/wp-json\/wp\/v2\/product_cat?post=48485"},{"taxonomy":"product_tag","embeddable":true,"href":"https:\/\/toys.lt\/lv\/wp-json\/wp\/v2\/product_tag?post=48485"}],"curies":[{"name":"wp","href":"https:\/\/api.w.org\/{rel}","templated":true}]}}