{"id":48443,"date":"2025-12-08T21:46:32","date_gmt":"2025-12-08T21:46:32","guid":{"rendered":"https:\/\/toys.lt\/?post_type=product&#038;p=48443"},"modified":"2026-03-30T00:25:36","modified_gmt":"2026-03-30T00:25:36","slug":"trawl-ar-masinam-kopija","status":"publish","type":"product","link":"https:\/\/toys.lt\/lv\/produktas\/trawl-ar-masinam-kopija\/","title":{"rendered":"Trawl ar ma\u0161\u012bn\u0101m (Kopija)"},"content":{"rendered":"<p><strong>Funkcijas:  <\/strong><\/p>\n<ul style=\"list-style-type: square;\">\n<li style=\"margin: 0px; padding: 0px; font: inherit; border: 0px;\">P\u0101rvieto\u0161an\u0101s uz priek\u0161u un atpaka\u013c<\/li>\n<li style=\"margin: 0px; padding: 0px; font: inherit; border: 0px;\">Regul\u0113jama tralera piekabe ar 2 ma\u0161\u012bn\u0101m<\/li>\n<li style=\"margin: 0px; padding: 0px; font: inherit; border: 0px;\">Piekabi var p\u0101rveidot par divst\u0101vu piekabi.<\/li>\n<li>Rampas automa\u0161\u012bn\u0101m<\/li>\n<\/ul>\n","protected":false},"excerpt":{"rendered":"<p>Produkta veids: transportl\u012bdzeklis<\/p>\n<p>Izcelsmes valsts: \u0136\u012bna<\/p>\n<p>Iepakojuma izm\u0113ri: 31 x 16 x 11 cm<\/p>\n<p>Rati\u0146u izm\u0113ri: 30 x 9,5 x 8,5 cm<\/p>\n<p>Produkta materi\u0101ls: plastmasa<\/p>\n<p>Ieteicamais vecums: no 3 gadiem.<\/p>\n","protected":false},"featured_media":48445,"comment_status":"open","ping_status":"closed","template":"","meta":[],"product_brand":[],"product_cat":[1176,1177,1155],"product_tag":[],"class_list":{"0":"post-48443","1":"product","2":"type-product","3":"status-publish","4":"has-post-thumbnail","6":"product_cat-rotallietas-zeniem","7":"product_cat-rotalu-automasinas-traktori-un-kapurkedes","8":"product_cat-leti","9":"pa_amziaus-grupe-3-lv","10":"pa_prek-s-spalva-sarkanais","11":"pa_prek-s-spalva-zilais","13":"first","14":"instock","15":"taxable","16":"shipping-taxable","17":"purchasable","18":"product-type-variable"},"yoast_head":"<!-- This site is optimized with the Yoast SEO plugin v26.3 - https:\/\/yoast.com\/wordpress\/plugins\/seo\/ -->\n<title>Trawl ar ma\u0161\u012bn\u0101m (Kopija) - Toys.lt<\/title>\n<meta name=\"robots\" content=\"index, follow, max-snippet:-1, max-image-preview:large, max-video-preview:-1\" \/>\n<link rel=\"canonical\" href=\"https:\/\/toys.lt\/lv\/produktas\/trawl-ar-masinam-kopija\/\" \/>\n<meta property=\"og:locale\" content=\"lv_LV\" \/>\n<meta property=\"og:type\" content=\"article\" \/>\n<meta property=\"og:title\" content=\"Trawl ar ma\u0161\u012bn\u0101m (Kopija) - Toys.lt\" \/>\n<meta property=\"og:description\" content=\"Produkta veids: transportl\u012bdzeklis Izcelsmes valsts: \u0136\u012bna Iepakojuma izm\u0113ri: 31 x 16 x 11 cm Rati\u0146u izm\u0113ri: 30 x 9,5 x 8,5 cm Produkta materi\u0101ls: plastmasa Ieteicamais vecums: no 3 gadiem.\" \/>\n<meta property=\"og:url\" content=\"https:\/\/toys.lt\/lv\/produktas\/trawl-ar-masinam-kopija\/\" \/>\n<meta property=\"og:site_name\" content=\"Toys.lt\" \/>\n<meta property=\"article:modified_time\" content=\"2026-03-30T00:25:36+00:00\" \/>\n<meta property=\"og:image\" content=\"https:\/\/toys.lt\/wp-content\/uploads\/2025\/12\/K136A-sunkvezimis-1.jpg\" \/>\n\t<meta property=\"og:image:width\" content=\"1000\" \/>\n\t<meta property=\"og:image:height\" content=\"1000\" \/>\n\t<meta property=\"og:image:type\" content=\"image\/jpeg\" \/>\n<meta name=\"twitter:card\" content=\"summary_large_image\" \/>\n<script type=\"application\/ld+json\" class=\"yoast-schema-graph\">{\"@context\":\"https:\/\/schema.org\",\"@graph\":[{\"@type\":\"WebPage\",\"@id\":\"https:\/\/toys.lt\/lv\/produktas\/trawl-ar-masinam-kopija\/\",\"url\":\"https:\/\/toys.lt\/lv\/produktas\/trawl-ar-masinam-kopija\/\",\"name\":\"Trawl ar ma\u0161\u012bn\u0101m (Kopija) - Toys.lt\",\"isPartOf\":{\"@id\":\"https:\/\/toys.lt\/lv\/#website\"},\"primaryImageOfPage\":{\"@id\":\"https:\/\/toys.lt\/lv\/produktas\/trawl-ar-masinam-kopija\/#primaryimage\"},\"image\":{\"@id\":\"https:\/\/toys.lt\/lv\/produktas\/trawl-ar-masinam-kopija\/#primaryimage\"},\"thumbnailUrl\":\"https:\/\/toys.lt\/wp-content\/uploads\/2025\/12\/K136A-sunkvezimis-1.jpg\",\"datePublished\":\"2025-12-08T21:46:32+00:00\",\"dateModified\":\"2026-03-30T00:25:36+00:00\",\"breadcrumb\":{\"@id\":\"https:\/\/toys.lt\/lv\/produktas\/trawl-ar-masinam-kopija\/#breadcrumb\"},\"inLanguage\":\"lv-LV\",\"potentialAction\":[{\"@type\":\"ReadAction\",\"target\":[\"https:\/\/toys.lt\/lv\/produktas\/trawl-ar-masinam-kopija\/\"]}]},{\"@type\":\"ImageObject\",\"inLanguage\":\"lv-LV\",\"@id\":\"https:\/\/toys.lt\/lv\/produktas\/trawl-ar-masinam-kopija\/#primaryimage\",\"url\":\"https:\/\/toys.lt\/wp-content\/uploads\/2025\/12\/K136A-sunkvezimis-1.jpg\",\"contentUrl\":\"https:\/\/toys.lt\/wp-content\/uploads\/2025\/12\/K136A-sunkvezimis-1.jpg\",\"width\":1000,\"height\":1000},{\"@type\":\"BreadcrumbList\",\"@id\":\"https:\/\/toys.lt\/lv\/produktas\/trawl-ar-masinam-kopija\/#breadcrumb\",\"itemListElement\":[{\"@type\":\"ListItem\",\"position\":1,\"name\":\"Home\",\"item\":\"https:\/\/toys.lt\/lv\/\"},{\"@type\":\"ListItem\",\"position\":2,\"name\":\"Veikals\",\"item\":\"https:\/\/toys.lt\/lv\/shop\/\"},{\"@type\":\"ListItem\",\"position\":3,\"name\":\"Trawl ar ma\u0161\u012bn\u0101m (Kopija)\"}]},{\"@type\":\"WebSite\",\"@id\":\"https:\/\/toys.lt\/lv\/#website\",\"url\":\"https:\/\/toys.lt\/lv\/\",\"name\":\"Toys.lt\",\"description\":\"\",\"potentialAction\":[{\"@type\":\"SearchAction\",\"target\":{\"@type\":\"EntryPoint\",\"urlTemplate\":\"https:\/\/toys.lt\/lv\/?s={search_term_string}\"},\"query-input\":{\"@type\":\"PropertyValueSpecification\",\"valueRequired\":true,\"valueName\":\"search_term_string\"}}],\"inLanguage\":\"lv-LV\"}]}<\/script>\n<!-- \/ Yoast SEO plugin. -->","yoast_head_json":{"title":"Trawl ar ma\u0161\u012bn\u0101m (Kopija) - Toys.lt","robots":{"index":"index","follow":"follow","max-snippet":"max-snippet:-1","max-image-preview":"max-image-preview:large","max-video-preview":"max-video-preview:-1"},"canonical":"https:\/\/toys.lt\/lv\/produktas\/trawl-ar-masinam-kopija\/","og_locale":"lv_LV","og_type":"article","og_title":"Trawl ar ma\u0161\u012bn\u0101m (Kopija) - Toys.lt","og_description":"Produkta veids: transportl\u012bdzeklis Izcelsmes valsts: \u0136\u012bna Iepakojuma izm\u0113ri: 31 x 16 x 11 cm Rati\u0146u izm\u0113ri: 30 x 9,5 x 8,5 cm Produkta materi\u0101ls: plastmasa Ieteicamais vecums: no 3 gadiem.","og_url":"https:\/\/toys.lt\/lv\/produktas\/trawl-ar-masinam-kopija\/","og_site_name":"Toys.lt","article_modified_time":"2026-03-30T00:25:36+00:00","og_image":[{"width":1000,"height":1000,"url":"https:\/\/toys.lt\/wp-content\/uploads\/2025\/12\/K136A-sunkvezimis-1.jpg","type":"image\/jpeg"}],"twitter_card":"summary_large_image","schema":{"@context":"https:\/\/schema.org","@graph":[{"@type":"WebPage","@id":"https:\/\/toys.lt\/lv\/produktas\/trawl-ar-masinam-kopija\/","url":"https:\/\/toys.lt\/lv\/produktas\/trawl-ar-masinam-kopija\/","name":"Trawl ar ma\u0161\u012bn\u0101m (Kopija) - Toys.lt","isPartOf":{"@id":"https:\/\/toys.lt\/lv\/#website"},"primaryImageOfPage":{"@id":"https:\/\/toys.lt\/lv\/produktas\/trawl-ar-masinam-kopija\/#primaryimage"},"image":{"@id":"https:\/\/toys.lt\/lv\/produktas\/trawl-ar-masinam-kopija\/#primaryimage"},"thumbnailUrl":"https:\/\/toys.lt\/wp-content\/uploads\/2025\/12\/K136A-sunkvezimis-1.jpg","datePublished":"2025-12-08T21:46:32+00:00","dateModified":"2026-03-30T00:25:36+00:00","breadcrumb":{"@id":"https:\/\/toys.lt\/lv\/produktas\/trawl-ar-masinam-kopija\/#breadcrumb"},"inLanguage":"lv-LV","potentialAction":[{"@type":"ReadAction","target":["https:\/\/toys.lt\/lv\/produktas\/trawl-ar-masinam-kopija\/"]}]},{"@type":"ImageObject","inLanguage":"lv-LV","@id":"https:\/\/toys.lt\/lv\/produktas\/trawl-ar-masinam-kopija\/#primaryimage","url":"https:\/\/toys.lt\/wp-content\/uploads\/2025\/12\/K136A-sunkvezimis-1.jpg","contentUrl":"https:\/\/toys.lt\/wp-content\/uploads\/2025\/12\/K136A-sunkvezimis-1.jpg","width":1000,"height":1000},{"@type":"BreadcrumbList","@id":"https:\/\/toys.lt\/lv\/produktas\/trawl-ar-masinam-kopija\/#breadcrumb","itemListElement":[{"@type":"ListItem","position":1,"name":"Home","item":"https:\/\/toys.lt\/lv\/"},{"@type":"ListItem","position":2,"name":"Veikals","item":"https:\/\/toys.lt\/lv\/shop\/"},{"@type":"ListItem","position":3,"name":"Trawl ar ma\u0161\u012bn\u0101m (Kopija)"}]},{"@type":"WebSite","@id":"https:\/\/toys.lt\/lv\/#website","url":"https:\/\/toys.lt\/lv\/","name":"Toys.lt","description":"","potentialAction":[{"@type":"SearchAction","target":{"@type":"EntryPoint","urlTemplate":"https:\/\/toys.lt\/lv\/?s={search_term_string}"},"query-input":{"@type":"PropertyValueSpecification","valueRequired":true,"valueName":"search_term_string"}}],"inLanguage":"lv-LV"}]}},"_links":{"self":[{"href":"https:\/\/toys.lt\/lv\/wp-json\/wp\/v2\/product\/48443","targetHints":{"allow":["GET"]}}],"collection":[{"href":"https:\/\/toys.lt\/lv\/wp-json\/wp\/v2\/product"}],"about":[{"href":"https:\/\/toys.lt\/lv\/wp-json\/wp\/v2\/types\/product"}],"replies":[{"embeddable":true,"href":"https:\/\/toys.lt\/lv\/wp-json\/wp\/v2\/comments?post=48443"}],"version-history":[{"count":1,"href":"https:\/\/toys.lt\/lv\/wp-json\/wp\/v2\/product\/48443\/revisions"}],"predecessor-version":[{"id":48448,"href":"https:\/\/toys.lt\/lv\/wp-json\/wp\/v2\/product\/48443\/revisions\/48448"}],"wp:featuredmedia":[{"embeddable":true,"href":"https:\/\/toys.lt\/lv\/wp-json\/wp\/v2\/media\/48445"}],"wp:attachment":[{"href":"https:\/\/toys.lt\/lv\/wp-json\/wp\/v2\/media?parent=48443"}],"wp:term":[{"taxonomy":"product_brand","embeddable":true,"href":"https:\/\/toys.lt\/lv\/wp-json\/wp\/v2\/product_brand?post=48443"},{"taxonomy":"product_cat","embeddable":true,"href":"https:\/\/toys.lt\/lv\/wp-json\/wp\/v2\/product_cat?post=48443"},{"taxonomy":"product_tag","embeddable":true,"href":"https:\/\/toys.lt\/lv\/wp-json\/wp\/v2\/product_tag?post=48443"}],"curies":[{"name":"wp","href":"https:\/\/api.w.org\/{rel}","templated":true}]}}