{"id":48407,"date":"2025-11-30T21:25:04","date_gmt":"2025-11-30T21:25:04","guid":{"rendered":"https:\/\/toys.lt\/produktas\/magnetiska-zimesanas-tafele-ar-trafaretiem\/"},"modified":"2026-03-30T00:25:35","modified_gmt":"2026-03-30T00:25:35","slug":"magnetiska-zimesanas-tafele-ar-trafaretiem","status":"publish","type":"product","link":"https:\/\/toys.lt\/lv\/produktas\/magnetiska-zimesanas-tafele-ar-trafaretiem\/","title":{"rendered":"Magn\u0113tisk\u0101 z\u012bm\u0113\u0161anas t\u0101fele ar trafaretiem"},"content":{"rendered":"<p data-start=\"320\" data-end=\"608\">Magn\u0113tisk\u0101 z\u012bm\u0113\u0161anas t\u0101fele b\u0113rniem &#8211; jautrs un t\u012brs veids, k\u0101 z\u012bm\u0113t bez kr\u0101sas! Komplekt\u0101 ietilpst magn\u0113tisk\u0101 pildspalva un vair\u0101ku formu trafareti. Z\u012bm\u0113jumus var izdz\u0113st ar vienu kust\u012bbu, izmantojot sl\u012bdni. T\u0101fele ir viegla, viegli p\u0101rn\u0113s\u0101jama un ide\u0101li piem\u0113rota ce\u013co\u0161anai, rota\u013c\u0101m m\u0101j\u0101s vai izgl\u012btojo\u0161\u0101m nodarb\u012bb\u0101m.   <\/p>\n<ul>\n<li><strong data-start=\"610\" data-end=\"626\">D\u0113l\u012b\u0161a izm\u0113ri:<\/strong> 42,5 \u00d7 30,5 cm<\/li>\n<li><strong data-start=\"644\" data-end=\"656\">Iepakojums:<\/strong> 43,5 \u00d7 31,5 \u00d7 4 cm<\/li>\n<li><strong data-start=\"678\" data-end=\"693\">Piederumi:<\/strong> magn\u0113tisk\u0101 pildspalva, 3 magn\u0113tiskie z\u012bmogi<\/li>\n<li data-start=\"610\" data-end=\"807\">Pieejama divu kr\u0101su izv\u0113le<\/li>\n<li data-start=\"610\" data-end=\"807\"><strong data-start=\"742\" data-end=\"769\">Ieteicamais vecums:<\/strong> no 3 gadiem<\/li>\n<\/ul>\n<p data-start=\"610\" data-end=\"807\"><br data-start=\"780\" data-end=\"783\"><strong data-start=\"765\" data-end=\"814\">S\u012bkas deta\u013cas. Nav piem\u0113rots b\u0113rniem l\u012bdz 3 gadu vecumam. <\/strong><\/p>\n<p><strong>Ieteicams izmantot tikai t\u0101feles pildspalvu, lai nesaboj\u0101tu t\u0101feli.  <\/strong><\/p>\n","protected":false},"excerpt":{"rendered":"<p><strong data-start=\"610\" data-end=\"626\">Galda izm\u0113ri:<\/strong> 42,5 \u00d7 30,5 cm<br data-start=\"641\" data-end=\"644\"><strong data-start=\"644\" data-end=\"656\">Iepakojums:<\/strong> 43,5 \u00d7 31,5 \u00d7 4 cm<br data-start=\"675\" data-end=\"678\"> Piederumi: magn\u0113tisk\u0101 pildspalva, 3 magn\u0113tiskie z\u012bmogi<br data-start=\"739\" data-end=\"742\"><strong data-start=\"742\" data-end=\"769\">Ieteicamais vecums:<\/strong> no 3 gadiem<br data-start=\"780\" data-end=\"783\"><strong data-start=\"783\" data-end=\"800\">Izcelsmes valsts:<\/strong> \u0136\u012bna.<\/p>\n","protected":false},"featured_media":47229,"comment_status":"open","ping_status":"closed","template":"","meta":[],"product_brand":[],"product_cat":[1257,1180,1157],"product_tag":[],"class_list":{"0":"post-48407","1":"product","2":"type-product","3":"status-publish","4":"has-post-thumbnail","6":"product_cat-rokdarbi-un-radosums","7":"product_cat-rotallietas-meitenem","8":"product_cat-izglitojosas-un-interaktivas-rotallietas","9":"pa_amziaus-grupe-3-lv","10":"pa_prek-s-spalva-roza","11":"pa_prek-s-spalva-zilais","12":"pa_prek-s-tipas-zimesanas-deli","14":"first","15":"instock","16":"taxable","17":"shipping-taxable","18":"purchasable","19":"product-type-variable"},"yoast_head":"<!-- This site is optimized with the Yoast SEO plugin v26.3 - https:\/\/yoast.com\/wordpress\/plugins\/seo\/ -->\n<title>Magn\u0113tisk\u0101 z\u012bm\u0113\u0161anas t\u0101fele ar trafaretiem - Toys.lt<\/title>\n<meta name=\"description\" content=\"Magn\u0113tisk\u0101 z\u012bm\u0113\u0161anas t\u0101fele b\u0113rniem ar dz\u0113\u0161gumiju un trafaretiem. \u0112rts, izgl\u012btojo\u0161s, t\u012brs un jautrs z\u012bm\u0113\u0161anas r\u012bks. Ide\u0101li piem\u0113rots b\u0113rniem vecum\u0101 no 3 gadiem!\" \/>\n<meta name=\"robots\" content=\"index, follow, max-snippet:-1, max-image-preview:large, max-video-preview:-1\" \/>\n<link rel=\"canonical\" href=\"https:\/\/toys.lt\/lv\/produktas\/magnetiska-zimesanas-tafele-ar-trafaretiem\/\" \/>\n<meta property=\"og:locale\" content=\"lv_LV\" \/>\n<meta property=\"og:type\" content=\"article\" \/>\n<meta property=\"og:title\" content=\"Magn\u0113tisk\u0101 z\u012bm\u0113\u0161anas t\u0101fele ar trafaretiem - Toys.lt\" \/>\n<meta property=\"og:description\" content=\"Magn\u0113tisk\u0101 z\u012bm\u0113\u0161anas t\u0101fele b\u0113rniem ar dz\u0113\u0161gumiju un trafaretiem. \u0112rts, izgl\u012btojo\u0161s, t\u012brs un jautrs z\u012bm\u0113\u0161anas r\u012bks. Ide\u0101li piem\u0113rots b\u0113rniem vecum\u0101 no 3 gadiem!\" \/>\n<meta property=\"og:url\" content=\"https:\/\/toys.lt\/lv\/produktas\/magnetiska-zimesanas-tafele-ar-trafaretiem\/\" \/>\n<meta property=\"og:site_name\" content=\"Toys.lt\" \/>\n<meta property=\"article:modified_time\" content=\"2026-03-30T00:25:35+00:00\" \/>\n<meta property=\"og:image\" content=\"https:\/\/toys.lt\/wp-content\/uploads\/2025\/11\/Gemini_Generated_Image_jz2onfjz2onfjz2o.png\" \/>\n\t<meta property=\"og:image:width\" content=\"1184\" \/>\n\t<meta property=\"og:image:height\" content=\"864\" \/>\n\t<meta property=\"og:image:type\" content=\"image\/png\" \/>\n<meta name=\"twitter:card\" content=\"summary_large_image\" \/>\n<meta name=\"twitter:label1\" content=\"Est. reading time\" \/>\n\t<meta name=\"twitter:data1\" content=\"1 minute\" \/>\n<script type=\"application\/ld+json\" class=\"yoast-schema-graph\">{\"@context\":\"https:\/\/schema.org\",\"@graph\":[{\"@type\":\"WebPage\",\"@id\":\"https:\/\/toys.lt\/lv\/produktas\/magnetiska-zimesanas-tafele-ar-trafaretiem\/\",\"url\":\"https:\/\/toys.lt\/lv\/produktas\/magnetiska-zimesanas-tafele-ar-trafaretiem\/\",\"name\":\"Magn\u0113tisk\u0101 z\u012bm\u0113\u0161anas t\u0101fele ar trafaretiem - Toys.lt\",\"isPartOf\":{\"@id\":\"https:\/\/toys.lt\/lv\/#website\"},\"primaryImageOfPage\":{\"@id\":\"https:\/\/toys.lt\/lv\/produktas\/magnetiska-zimesanas-tafele-ar-trafaretiem\/#primaryimage\"},\"image\":{\"@id\":\"https:\/\/toys.lt\/lv\/produktas\/magnetiska-zimesanas-tafele-ar-trafaretiem\/#primaryimage\"},\"thumbnailUrl\":\"https:\/\/toys.lt\/wp-content\/uploads\/2025\/11\/Gemini_Generated_Image_jz2onfjz2onfjz2o.png\",\"datePublished\":\"2025-11-30T21:25:04+00:00\",\"dateModified\":\"2026-03-30T00:25:35+00:00\",\"description\":\"Magn\u0113tisk\u0101 z\u012bm\u0113\u0161anas t\u0101fele b\u0113rniem ar dz\u0113\u0161gumiju un trafaretiem. \u0112rts, izgl\u012btojo\u0161s, t\u012brs un jautrs z\u012bm\u0113\u0161anas r\u012bks. Ide\u0101li piem\u0113rots b\u0113rniem vecum\u0101 no 3 gadiem!\",\"breadcrumb\":{\"@id\":\"https:\/\/toys.lt\/lv\/produktas\/magnetiska-zimesanas-tafele-ar-trafaretiem\/#breadcrumb\"},\"inLanguage\":\"lv-LV\",\"potentialAction\":[{\"@type\":\"ReadAction\",\"target\":[\"https:\/\/toys.lt\/lv\/produktas\/magnetiska-zimesanas-tafele-ar-trafaretiem\/\"]}]},{\"@type\":\"ImageObject\",\"inLanguage\":\"lv-LV\",\"@id\":\"https:\/\/toys.lt\/lv\/produktas\/magnetiska-zimesanas-tafele-ar-trafaretiem\/#primaryimage\",\"url\":\"https:\/\/toys.lt\/wp-content\/uploads\/2025\/11\/Gemini_Generated_Image_jz2onfjz2onfjz2o.png\",\"contentUrl\":\"https:\/\/toys.lt\/wp-content\/uploads\/2025\/11\/Gemini_Generated_Image_jz2onfjz2onfjz2o.png\",\"width\":1184,\"height\":864,\"caption\":\"Magnetin\u0117s pie\u0161imo lentos rinkinys su ro\u017eine ir m\u0117lyna lenta, pakuot\u0117mis ir priedais, skirtas vaikams pie\u0161ti bei lavinti k\u016brybi\u0161kum\u0105.\"},{\"@type\":\"BreadcrumbList\",\"@id\":\"https:\/\/toys.lt\/lv\/produktas\/magnetiska-zimesanas-tafele-ar-trafaretiem\/#breadcrumb\",\"itemListElement\":[{\"@type\":\"ListItem\",\"position\":1,\"name\":\"Home\",\"item\":\"https:\/\/toys.lt\/lv\/\"},{\"@type\":\"ListItem\",\"position\":2,\"name\":\"Veikals\",\"item\":\"https:\/\/toys.lt\/lv\/shop\/\"},{\"@type\":\"ListItem\",\"position\":3,\"name\":\"Magn\u0113tisk\u0101 z\u012bm\u0113\u0161anas t\u0101fele ar trafaretiem\"}]},{\"@type\":\"WebSite\",\"@id\":\"https:\/\/toys.lt\/lv\/#website\",\"url\":\"https:\/\/toys.lt\/lv\/\",\"name\":\"Toys.lt\",\"description\":\"\",\"potentialAction\":[{\"@type\":\"SearchAction\",\"target\":{\"@type\":\"EntryPoint\",\"urlTemplate\":\"https:\/\/toys.lt\/lv\/?s={search_term_string}\"},\"query-input\":{\"@type\":\"PropertyValueSpecification\",\"valueRequired\":true,\"valueName\":\"search_term_string\"}}],\"inLanguage\":\"lv-LV\"}]}<\/script>\n<!-- \/ Yoast SEO plugin. -->","yoast_head_json":{"title":"Magn\u0113tisk\u0101 z\u012bm\u0113\u0161anas t\u0101fele ar trafaretiem - Toys.lt","description":"Magn\u0113tisk\u0101 z\u012bm\u0113\u0161anas t\u0101fele b\u0113rniem ar dz\u0113\u0161gumiju un trafaretiem. \u0112rts, izgl\u012btojo\u0161s, t\u012brs un jautrs z\u012bm\u0113\u0161anas r\u012bks. Ide\u0101li piem\u0113rots b\u0113rniem vecum\u0101 no 3 gadiem!","robots":{"index":"index","follow":"follow","max-snippet":"max-snippet:-1","max-image-preview":"max-image-preview:large","max-video-preview":"max-video-preview:-1"},"canonical":"https:\/\/toys.lt\/lv\/produktas\/magnetiska-zimesanas-tafele-ar-trafaretiem\/","og_locale":"lv_LV","og_type":"article","og_title":"Magn\u0113tisk\u0101 z\u012bm\u0113\u0161anas t\u0101fele ar trafaretiem - Toys.lt","og_description":"Magn\u0113tisk\u0101 z\u012bm\u0113\u0161anas t\u0101fele b\u0113rniem ar dz\u0113\u0161gumiju un trafaretiem. \u0112rts, izgl\u012btojo\u0161s, t\u012brs un jautrs z\u012bm\u0113\u0161anas r\u012bks. Ide\u0101li piem\u0113rots b\u0113rniem vecum\u0101 no 3 gadiem!","og_url":"https:\/\/toys.lt\/lv\/produktas\/magnetiska-zimesanas-tafele-ar-trafaretiem\/","og_site_name":"Toys.lt","article_modified_time":"2026-03-30T00:25:35+00:00","og_image":[{"width":1184,"height":864,"url":"https:\/\/toys.lt\/wp-content\/uploads\/2025\/11\/Gemini_Generated_Image_jz2onfjz2onfjz2o.png","type":"image\/png"}],"twitter_card":"summary_large_image","twitter_misc":{"Est. reading time":"1 minute"},"schema":{"@context":"https:\/\/schema.org","@graph":[{"@type":"WebPage","@id":"https:\/\/toys.lt\/lv\/produktas\/magnetiska-zimesanas-tafele-ar-trafaretiem\/","url":"https:\/\/toys.lt\/lv\/produktas\/magnetiska-zimesanas-tafele-ar-trafaretiem\/","name":"Magn\u0113tisk\u0101 z\u012bm\u0113\u0161anas t\u0101fele ar trafaretiem - Toys.lt","isPartOf":{"@id":"https:\/\/toys.lt\/lv\/#website"},"primaryImageOfPage":{"@id":"https:\/\/toys.lt\/lv\/produktas\/magnetiska-zimesanas-tafele-ar-trafaretiem\/#primaryimage"},"image":{"@id":"https:\/\/toys.lt\/lv\/produktas\/magnetiska-zimesanas-tafele-ar-trafaretiem\/#primaryimage"},"thumbnailUrl":"https:\/\/toys.lt\/wp-content\/uploads\/2025\/11\/Gemini_Generated_Image_jz2onfjz2onfjz2o.png","datePublished":"2025-11-30T21:25:04+00:00","dateModified":"2026-03-30T00:25:35+00:00","description":"Magn\u0113tisk\u0101 z\u012bm\u0113\u0161anas t\u0101fele b\u0113rniem ar dz\u0113\u0161gumiju un trafaretiem. \u0112rts, izgl\u012btojo\u0161s, t\u012brs un jautrs z\u012bm\u0113\u0161anas r\u012bks. Ide\u0101li piem\u0113rots b\u0113rniem vecum\u0101 no 3 gadiem!","breadcrumb":{"@id":"https:\/\/toys.lt\/lv\/produktas\/magnetiska-zimesanas-tafele-ar-trafaretiem\/#breadcrumb"},"inLanguage":"lv-LV","potentialAction":[{"@type":"ReadAction","target":["https:\/\/toys.lt\/lv\/produktas\/magnetiska-zimesanas-tafele-ar-trafaretiem\/"]}]},{"@type":"ImageObject","inLanguage":"lv-LV","@id":"https:\/\/toys.lt\/lv\/produktas\/magnetiska-zimesanas-tafele-ar-trafaretiem\/#primaryimage","url":"https:\/\/toys.lt\/wp-content\/uploads\/2025\/11\/Gemini_Generated_Image_jz2onfjz2onfjz2o.png","contentUrl":"https:\/\/toys.lt\/wp-content\/uploads\/2025\/11\/Gemini_Generated_Image_jz2onfjz2onfjz2o.png","width":1184,"height":864,"caption":"Magnetin\u0117s pie\u0161imo lentos rinkinys su ro\u017eine ir m\u0117lyna lenta, pakuot\u0117mis ir priedais, skirtas vaikams pie\u0161ti bei lavinti k\u016brybi\u0161kum\u0105."},{"@type":"BreadcrumbList","@id":"https:\/\/toys.lt\/lv\/produktas\/magnetiska-zimesanas-tafele-ar-trafaretiem\/#breadcrumb","itemListElement":[{"@type":"ListItem","position":1,"name":"Home","item":"https:\/\/toys.lt\/lv\/"},{"@type":"ListItem","position":2,"name":"Veikals","item":"https:\/\/toys.lt\/lv\/shop\/"},{"@type":"ListItem","position":3,"name":"Magn\u0113tisk\u0101 z\u012bm\u0113\u0161anas t\u0101fele ar trafaretiem"}]},{"@type":"WebSite","@id":"https:\/\/toys.lt\/lv\/#website","url":"https:\/\/toys.lt\/lv\/","name":"Toys.lt","description":"","potentialAction":[{"@type":"SearchAction","target":{"@type":"EntryPoint","urlTemplate":"https:\/\/toys.lt\/lv\/?s={search_term_string}"},"query-input":{"@type":"PropertyValueSpecification","valueRequired":true,"valueName":"search_term_string"}}],"inLanguage":"lv-LV"}]}},"_links":{"self":[{"href":"https:\/\/toys.lt\/lv\/wp-json\/wp\/v2\/product\/48407","targetHints":{"allow":["GET"]}}],"collection":[{"href":"https:\/\/toys.lt\/lv\/wp-json\/wp\/v2\/product"}],"about":[{"href":"https:\/\/toys.lt\/lv\/wp-json\/wp\/v2\/types\/product"}],"replies":[{"embeddable":true,"href":"https:\/\/toys.lt\/lv\/wp-json\/wp\/v2\/comments?post=48407"}],"version-history":[{"count":0,"href":"https:\/\/toys.lt\/lv\/wp-json\/wp\/v2\/product\/48407\/revisions"}],"wp:featuredmedia":[{"embeddable":true,"href":"https:\/\/toys.lt\/lv\/wp-json\/wp\/v2\/media\/47229"}],"wp:attachment":[{"href":"https:\/\/toys.lt\/lv\/wp-json\/wp\/v2\/media?parent=48407"}],"wp:term":[{"taxonomy":"product_brand","embeddable":true,"href":"https:\/\/toys.lt\/lv\/wp-json\/wp\/v2\/product_brand?post=48407"},{"taxonomy":"product_cat","embeddable":true,"href":"https:\/\/toys.lt\/lv\/wp-json\/wp\/v2\/product_cat?post=48407"},{"taxonomy":"product_tag","embeddable":true,"href":"https:\/\/toys.lt\/lv\/wp-json\/wp\/v2\/product_tag?post=48407"}],"curies":[{"name":"wp","href":"https:\/\/api.w.org\/{rel}","templated":true}]}}