{"id":48404,"date":"2025-12-07T16:01:35","date_gmt":"2025-12-07T16:01:35","guid":{"rendered":"https:\/\/toys.lt\/produktas\/clementoni-arctic-bunny-projektors\/"},"modified":"2026-04-08T00:00:58","modified_gmt":"2026-04-08T00:00:58","slug":"clementoni-arctic-bunny-projektors","status":"publish","type":"product","link":"https:\/\/toys.lt\/lv\/produktas\/clementoni-arctic-bunny-projektors\/","title":{"rendered":"Clementoni Arctic Bunny projektors"},"content":{"rendered":"<p data-start=\"424\" data-end=\"640\">Izveidojiet m\u0101j\u012bgu, nomierino\u0161u miega vidi savam mazulim ar \u0161o m\u012bksto un maigo <strong data-start=\"503\" data-end=\"519\">Arctic Bunny<\/strong> projektoru. Tas ir pl\u012b\u0161a miega biedrs un gaismas projektors vien\u0101 &#8211; ide\u0101li piem\u0113rots mazu\u013ciem no dzim\u0161anas. <\/p>\n<p data-start=\"642\" data-end=\"973\">Projektors rada ma\u0123isku zieme\u013cbl\u0101zmas efektu, maigi projic\u0113jot kust\u012bgas gaismas uz sien\u0101m un griestiem. Nomierino\u0161as ska\u0146as un melodijas pal\u012bdz atsl\u0101bin\u0101ties, bet maigais siluets sniedz dro\u0161\u012bbas saj\u016btu. <br data-start=\"869\" data-end=\"872\">No\u0146emamais iek\u0161\u0113jais modulis \u013cauj pl\u012b\u0161a da\u013cu mazg\u0101t un uztur\u0113t higi\u0113nisk\u0101 k\u0101rt\u012bb\u0101 ikdienas lieto\u0161anai.<\/p>\n<hr data-start=\"975\" data-end=\"978\">\n<h2 data-start=\"980\" data-end=\"994\"><strong data-start=\"983\" data-end=\"994\">Funkcijas<\/strong><\/h2>\n<ul data-start=\"995\" data-end=\"1519\">\n<li data-start=\"995\" data-end=\"1050\">\n<p data-start=\"997\" data-end=\"1050\">Nomierino\u0161s gaismas projektors z\u012bdai\u0146iem no 0 m\u0113ne\u0161iem.<\/p>\n<\/li>\n<li data-start=\"1051\" data-end=\"1112\">\n<p data-start=\"1053\" data-end=\"1112\">Dizaini p\u0101rvietojas aurora borealis tipa LED gaismas<\/p>\n<\/li>\n<li data-start=\"1113\" data-end=\"1180\">\n<p data-start=\"1115\" data-end=\"1180\">L\u012bdz 10 kr\u0101su efektiem, lai rad\u012btu ma\u0123isku un nomierino\u0161u vidi.<\/p>\n<\/li>\n<li data-start=\"1181\" data-end=\"1250\">\n<p data-start=\"1183\" data-end=\"1250\">Atska\u0146o balto troksni un miegam piem\u0113rotas melodijas<\/p>\n<\/li>\n<li data-start=\"1251\" data-end=\"1300\">\n<p data-start=\"1253\" data-end=\"1300\">Veicina patst\u0101v\u012bgu iemig\u0161anu un miega re\u017e\u012bmu.<\/p>\n<\/li>\n<li data-start=\"1301\" data-end=\"1368\">\n<p data-start=\"1303\" data-end=\"1368\">\u013boti m\u012bksts, m\u0101j\u012bgs pl\u012b\u0161s &#8211; dro\u0161s pat jaundzimu\u0161ajiem.<\/p>\n<\/li>\n<li data-start=\"1369\" data-end=\"1428\">\n<p data-start=\"1371\" data-end=\"1428\">No\u0146emams elektroniskais modulis, mazg\u0101jams pl\u012b\u0161s<\/p>\n<\/li>\n<li data-start=\"1429\" data-end=\"1470\">\n<p data-start=\"1431\" data-end=\"1470\">Piem\u0113rots lieto\u0161anai m\u0101j\u0101s un ce\u013cojumos<\/p>\n<\/li>\n<li data-start=\"1471\" data-end=\"1519\">\n<p data-start=\"1473\" data-end=\"1519\">Izstr\u0101d\u0101ts, izstr\u0101d\u0101ts un att\u012bst\u012bts It\u0101lij\u0101<\/p>\n<\/li>\n<\/ul>\n<hr data-start=\"1521\" data-end=\"1524\">\n<h2 data-start=\"1526\" data-end=\"1553\"><strong data-start=\"1529\" data-end=\"1553\">Tehnisk\u0101 inform\u0101cija<\/strong><\/h2>\n<ul data-start=\"1554\" data-end=\"1917\">\n<li data-start=\"1554\" data-end=\"1577\">\n<p data-start=\"1556\" data-end=\"1577\"><strong data-start=\"1556\" data-end=\"1567\">Vecums:<\/strong> 0+ m\u0113ne\u0161i<\/p>\n<\/li>\n<li data-start=\"1578\" data-end=\"1619\">\n<p data-start=\"1580\" data-end=\"1619\"><strong data-start=\"1580\" data-end=\"1599\">Iepakojuma izm\u0113rs:<\/strong> 25,5 \u00d7 33 \u00d7 17 cm<\/p>\n<\/li>\n<li data-start=\"1620\" data-end=\"1648\">\n<p data-start=\"1622\" data-end=\"1648\"><strong data-start=\"1622\" data-end=\"1640\">Izstr\u0101d\u0101juma svars:<\/strong> 760 g<\/p>\n<\/li>\n<li data-start=\"1649\" data-end=\"1718\">\n<p data-start=\"1651\" data-end=\"1718\"><strong data-start=\"1651\" data-end=\"1665\">Funkcijas:<\/strong> gaismas projektors, zvana sign\u0101li, baltais troksnis<\/p>\n<\/li>\n<li data-start=\"1719\" data-end=\"1756\">\n<p data-start=\"1721\" data-end=\"1756\"><strong data-start=\"1721\" data-end=\"1735\">Materi\u0101li:<\/strong> pl\u012b\u0161s, plastmasa<\/p>\n<\/li>\n<li data-start=\"1815\" data-end=\"1874\">\n<p data-start=\"1817\" data-end=\"1874\"><strong data-start=\"1817\" data-end=\"1831\">Uztur\u0113\u0161ana:<\/strong> pl\u012b\u0161s ir mazg\u0101jams, no\u0146emot iek\u0161\u0113jo moduli.<\/p>\n<\/li>\n<li data-start=\"1875\" data-end=\"1917\">\n<p data-start=\"1877\" data-end=\"1917\"><strong data-start=\"1877\" data-end=\"1894\">Izcelsmes valsts:<\/strong> It\u0101lija \/ Clementoni<\/p>\n<\/li>\n<\/ul>\n<hr data-start=\"1919\" data-end=\"1922\">\n<h2 data-start=\"1924\" data-end=\"1948\"><strong data-start=\"1927\" data-end=\"1948\">Dro\u0161\u012bbas br\u012bdin\u0101jums<\/strong><\/h2>\n<ul data-start=\"1949\" data-end=\"2189\">\n<li data-start=\"1949\" data-end=\"1991\">\n<p data-start=\"1951\" data-end=\"1991\">Lietojiet tikai pieaugu\u0161o uzraudz\u012bb\u0101.<\/p>\n<\/li>\n<li data-start=\"1992\" data-end=\"2078\">\n<p data-start=\"1994\" data-end=\"2078\">Pirms nodo\u0161anas b\u0113rnam no\u0146emiet visus iepakojuma materi\u0101lus un stiprin\u0101jumus.<\/p>\n<\/li>\n<li data-start=\"2079\" data-end=\"2136\">\n<p data-start=\"2081\" data-end=\"2136\">Neizmantojiet, ja ir boj\u0101tas deta\u013cas vai elektronika.<\/p>\n<\/li>\n<li data-start=\"2137\" data-end=\"2189\">\n<p data-start=\"2139\" data-end=\"2189\">Uzglab\u0101t atstatu no mitruma un karstuma avotiem.<\/p>\n<\/li>\n<\/ul>\n","protected":false},"excerpt":{"rendered":"<ul data-start=\"1554\" data-end=\"1917\">\n<li data-start=\"1554\" data-end=\"1577\">\n<p data-start=\"1556\" data-end=\"1577\"><strong data-start=\"1556\" data-end=\"1567\">Vecums:<\/strong> 0+ m\u0113ne\u0161i<\/p>\n<\/li>\n<li data-start=\"1578\" data-end=\"1619\">\n<p data-start=\"1580\" data-end=\"1619\"><strong data-start=\"1580\" data-end=\"1599\">Iepakojuma izm\u0113rs:<\/strong> 25,5 \u00d7 33 \u00d7 17 cm<\/p>\n<\/li>\n<li data-start=\"1620\" data-end=\"1648\">\n<p data-start=\"1622\" data-end=\"1648\"><strong data-start=\"1622\" data-end=\"1640\">Izstr\u0101d\u0101juma svars:<\/strong> 760 g<\/p>\n<\/li>\n<li data-start=\"1649\" data-end=\"1718\">\n<p data-start=\"1651\" data-end=\"1718\"><strong data-start=\"1651\" data-end=\"1665\">Funkcijas:<\/strong> gaismas projektors, zvana sign\u0101li, baltais troksnis<\/p>\n<\/li>\n<li data-start=\"1719\" data-end=\"1756\">\n<p data-start=\"1721\" data-end=\"1756\"><strong data-start=\"1721\" data-end=\"1735\">Materi\u0101li:<\/strong> pl\u012b\u0161s, plastmasa<\/p>\n<\/li>\n<li data-start=\"1815\" data-end=\"1874\">\n<p data-start=\"1817\" data-end=\"1874\"><strong data-start=\"1817\" data-end=\"1831\">Uztur\u0113\u0161ana:<\/strong> pl\u012b\u0161s ir mazg\u0101jams, no\u0146emot iek\u0161\u0113jo moduli.<\/p>\n<\/li>\n<li data-start=\"1875\" data-end=\"1917\">\n<p data-start=\"1877\" data-end=\"1917\"><strong data-start=\"1877\" data-end=\"1894\">Izcelsmes valsts:<\/strong> It\u0101lija \/ Clementoni<\/p>\n<\/li>\n<\/ul>\n","protected":false},"featured_media":47898,"comment_status":"open","ping_status":"closed","template":"","meta":[],"product_brand":[],"product_cat":[1182,1309,1183,1155],"product_tag":[],"class_list":{"0":"post-48404","1":"product","2":"type-product","3":"status-publish","4":"has-post-thumbnail","6":"product_cat-muzikalas-rotallietas","7":"product_cat-plisa-rotallietas","8":"product_cat-rotallietas-maziem-berniem","9":"product_cat-leti","10":"pa_amziaus-grupe-0-lv","11":"pa_prek-s-tipas-mikstas-rotallietas","12":"pa_prek-s-tipas-dzivnieki","13":"pa_prek-s-tipas-spelu-rotallietas","15":"first","16":"instock","17":"sale","18":"taxable","19":"shipping-taxable","20":"purchasable","21":"product-type-simple"},"yoast_head":"<!-- This site is optimized with the Yoast SEO plugin v26.3 - https:\/\/yoast.com\/wordpress\/plugins\/seo\/ -->\n<title>Clementoni Arctic Bunny projektors - Toys.lt<\/title>\n<meta name=\"description\" content=\"Clementoni Arctic Bunny projektors ar kust\u012bgu gaismas projekciju, melodij\u0101m un balto troksni. M\u012bksts, mazg\u0101jams, dro\u0161s z\u012bdai\u0146iem no 0 m\u0113ne\u0161iem.\" \/>\n<meta name=\"robots\" content=\"index, follow, max-snippet:-1, max-image-preview:large, max-video-preview:-1\" \/>\n<link rel=\"canonical\" href=\"https:\/\/toys.lt\/lv\/produktas\/clementoni-arctic-bunny-projektors\/\" \/>\n<meta property=\"og:locale\" content=\"lv_LV\" \/>\n<meta property=\"og:type\" content=\"article\" \/>\n<meta property=\"og:title\" content=\"Clementoni Arctic Bunny projektors - Toys.lt\" \/>\n<meta property=\"og:description\" content=\"Clementoni Arctic Bunny projektors ar kust\u012bgu gaismas projekciju, melodij\u0101m un balto troksni. M\u012bksts, mazg\u0101jams, dro\u0161s z\u012bdai\u0146iem no 0 m\u0113ne\u0161iem.\" \/>\n<meta property=\"og:url\" content=\"https:\/\/toys.lt\/lv\/produktas\/clementoni-arctic-bunny-projektors\/\" \/>\n<meta property=\"og:site_name\" content=\"Toys.lt\" \/>\n<meta property=\"article:modified_time\" content=\"2026-04-08T00:00:58+00:00\" \/>\n<meta property=\"og:image\" content=\"https:\/\/toys.lt\/wp-content\/uploads\/2025\/12\/17502-clementoni-projektorius-1.jpg\" \/>\n\t<meta property=\"og:image:width\" content=\"606\" \/>\n\t<meta property=\"og:image:height\" content=\"503\" \/>\n\t<meta property=\"og:image:type\" content=\"image\/jpeg\" \/>\n<meta name=\"twitter:card\" content=\"summary_large_image\" \/>\n<meta name=\"twitter:label1\" content=\"Est. reading time\" \/>\n\t<meta name=\"twitter:data1\" content=\"1 minute\" \/>\n<script type=\"application\/ld+json\" class=\"yoast-schema-graph\">{\"@context\":\"https:\/\/schema.org\",\"@graph\":[{\"@type\":\"WebPage\",\"@id\":\"https:\/\/toys.lt\/lv\/produktas\/clementoni-arctic-bunny-projektors\/\",\"url\":\"https:\/\/toys.lt\/lv\/produktas\/clementoni-arctic-bunny-projektors\/\",\"name\":\"Clementoni Arctic Bunny projektors - Toys.lt\",\"isPartOf\":{\"@id\":\"https:\/\/toys.lt\/lv\/#website\"},\"primaryImageOfPage\":{\"@id\":\"https:\/\/toys.lt\/lv\/produktas\/clementoni-arctic-bunny-projektors\/#primaryimage\"},\"image\":{\"@id\":\"https:\/\/toys.lt\/lv\/produktas\/clementoni-arctic-bunny-projektors\/#primaryimage\"},\"thumbnailUrl\":\"https:\/\/toys.lt\/wp-content\/uploads\/2025\/12\/17502-clementoni-projektorius-1.jpg\",\"datePublished\":\"2025-12-07T16:01:35+00:00\",\"dateModified\":\"2026-04-08T00:00:58+00:00\",\"description\":\"Clementoni Arctic Bunny projektors ar kust\u012bgu gaismas projekciju, melodij\u0101m un balto troksni. M\u012bksts, mazg\u0101jams, dro\u0161s z\u012bdai\u0146iem no 0 m\u0113ne\u0161iem.\",\"breadcrumb\":{\"@id\":\"https:\/\/toys.lt\/lv\/produktas\/clementoni-arctic-bunny-projektors\/#breadcrumb\"},\"inLanguage\":\"lv-LV\",\"potentialAction\":[{\"@type\":\"ReadAction\",\"target\":[\"https:\/\/toys.lt\/lv\/produktas\/clementoni-arctic-bunny-projektors\/\"]}]},{\"@type\":\"ImageObject\",\"inLanguage\":\"lv-LV\",\"@id\":\"https:\/\/toys.lt\/lv\/produktas\/clementoni-arctic-bunny-projektors\/#primaryimage\",\"url\":\"https:\/\/toys.lt\/wp-content\/uploads\/2025\/12\/17502-clementoni-projektorius-1.jpg\",\"contentUrl\":\"https:\/\/toys.lt\/wp-content\/uploads\/2025\/12\/17502-clementoni-projektorius-1.jpg\",\"width\":606,\"height\":503},{\"@type\":\"BreadcrumbList\",\"@id\":\"https:\/\/toys.lt\/lv\/produktas\/clementoni-arctic-bunny-projektors\/#breadcrumb\",\"itemListElement\":[{\"@type\":\"ListItem\",\"position\":1,\"name\":\"Home\",\"item\":\"https:\/\/toys.lt\/lv\/\"},{\"@type\":\"ListItem\",\"position\":2,\"name\":\"Veikals\",\"item\":\"https:\/\/toys.lt\/lv\/shop\/\"},{\"@type\":\"ListItem\",\"position\":3,\"name\":\"Clementoni Arctic Bunny projektors\"}]},{\"@type\":\"WebSite\",\"@id\":\"https:\/\/toys.lt\/lv\/#website\",\"url\":\"https:\/\/toys.lt\/lv\/\",\"name\":\"Toys.lt\",\"description\":\"\",\"potentialAction\":[{\"@type\":\"SearchAction\",\"target\":{\"@type\":\"EntryPoint\",\"urlTemplate\":\"https:\/\/toys.lt\/lv\/?s={search_term_string}\"},\"query-input\":{\"@type\":\"PropertyValueSpecification\",\"valueRequired\":true,\"valueName\":\"search_term_string\"}}],\"inLanguage\":\"lv-LV\"}]}<\/script>\n<!-- \/ Yoast SEO plugin. -->","yoast_head_json":{"title":"Clementoni Arctic Bunny projektors - Toys.lt","description":"Clementoni Arctic Bunny projektors ar kust\u012bgu gaismas projekciju, melodij\u0101m un balto troksni. M\u012bksts, mazg\u0101jams, dro\u0161s z\u012bdai\u0146iem no 0 m\u0113ne\u0161iem.","robots":{"index":"index","follow":"follow","max-snippet":"max-snippet:-1","max-image-preview":"max-image-preview:large","max-video-preview":"max-video-preview:-1"},"canonical":"https:\/\/toys.lt\/lv\/produktas\/clementoni-arctic-bunny-projektors\/","og_locale":"lv_LV","og_type":"article","og_title":"Clementoni Arctic Bunny projektors - Toys.lt","og_description":"Clementoni Arctic Bunny projektors ar kust\u012bgu gaismas projekciju, melodij\u0101m un balto troksni. M\u012bksts, mazg\u0101jams, dro\u0161s z\u012bdai\u0146iem no 0 m\u0113ne\u0161iem.","og_url":"https:\/\/toys.lt\/lv\/produktas\/clementoni-arctic-bunny-projektors\/","og_site_name":"Toys.lt","article_modified_time":"2026-04-08T00:00:58+00:00","og_image":[{"width":606,"height":503,"url":"https:\/\/toys.lt\/wp-content\/uploads\/2025\/12\/17502-clementoni-projektorius-1.jpg","type":"image\/jpeg"}],"twitter_card":"summary_large_image","twitter_misc":{"Est. reading time":"1 minute"},"schema":{"@context":"https:\/\/schema.org","@graph":[{"@type":"WebPage","@id":"https:\/\/toys.lt\/lv\/produktas\/clementoni-arctic-bunny-projektors\/","url":"https:\/\/toys.lt\/lv\/produktas\/clementoni-arctic-bunny-projektors\/","name":"Clementoni Arctic Bunny projektors - Toys.lt","isPartOf":{"@id":"https:\/\/toys.lt\/lv\/#website"},"primaryImageOfPage":{"@id":"https:\/\/toys.lt\/lv\/produktas\/clementoni-arctic-bunny-projektors\/#primaryimage"},"image":{"@id":"https:\/\/toys.lt\/lv\/produktas\/clementoni-arctic-bunny-projektors\/#primaryimage"},"thumbnailUrl":"https:\/\/toys.lt\/wp-content\/uploads\/2025\/12\/17502-clementoni-projektorius-1.jpg","datePublished":"2025-12-07T16:01:35+00:00","dateModified":"2026-04-08T00:00:58+00:00","description":"Clementoni Arctic Bunny projektors ar kust\u012bgu gaismas projekciju, melodij\u0101m un balto troksni. M\u012bksts, mazg\u0101jams, dro\u0161s z\u012bdai\u0146iem no 0 m\u0113ne\u0161iem.","breadcrumb":{"@id":"https:\/\/toys.lt\/lv\/produktas\/clementoni-arctic-bunny-projektors\/#breadcrumb"},"inLanguage":"lv-LV","potentialAction":[{"@type":"ReadAction","target":["https:\/\/toys.lt\/lv\/produktas\/clementoni-arctic-bunny-projektors\/"]}]},{"@type":"ImageObject","inLanguage":"lv-LV","@id":"https:\/\/toys.lt\/lv\/produktas\/clementoni-arctic-bunny-projektors\/#primaryimage","url":"https:\/\/toys.lt\/wp-content\/uploads\/2025\/12\/17502-clementoni-projektorius-1.jpg","contentUrl":"https:\/\/toys.lt\/wp-content\/uploads\/2025\/12\/17502-clementoni-projektorius-1.jpg","width":606,"height":503},{"@type":"BreadcrumbList","@id":"https:\/\/toys.lt\/lv\/produktas\/clementoni-arctic-bunny-projektors\/#breadcrumb","itemListElement":[{"@type":"ListItem","position":1,"name":"Home","item":"https:\/\/toys.lt\/lv\/"},{"@type":"ListItem","position":2,"name":"Veikals","item":"https:\/\/toys.lt\/lv\/shop\/"},{"@type":"ListItem","position":3,"name":"Clementoni Arctic Bunny projektors"}]},{"@type":"WebSite","@id":"https:\/\/toys.lt\/lv\/#website","url":"https:\/\/toys.lt\/lv\/","name":"Toys.lt","description":"","potentialAction":[{"@type":"SearchAction","target":{"@type":"EntryPoint","urlTemplate":"https:\/\/toys.lt\/lv\/?s={search_term_string}"},"query-input":{"@type":"PropertyValueSpecification","valueRequired":true,"valueName":"search_term_string"}}],"inLanguage":"lv-LV"}]}},"_links":{"self":[{"href":"https:\/\/toys.lt\/lv\/wp-json\/wp\/v2\/product\/48404","targetHints":{"allow":["GET"]}}],"collection":[{"href":"https:\/\/toys.lt\/lv\/wp-json\/wp\/v2\/product"}],"about":[{"href":"https:\/\/toys.lt\/lv\/wp-json\/wp\/v2\/types\/product"}],"replies":[{"embeddable":true,"href":"https:\/\/toys.lt\/lv\/wp-json\/wp\/v2\/comments?post=48404"}],"version-history":[{"count":0,"href":"https:\/\/toys.lt\/lv\/wp-json\/wp\/v2\/product\/48404\/revisions"}],"wp:featuredmedia":[{"embeddable":true,"href":"https:\/\/toys.lt\/lv\/wp-json\/wp\/v2\/media\/47898"}],"wp:attachment":[{"href":"https:\/\/toys.lt\/lv\/wp-json\/wp\/v2\/media?parent=48404"}],"wp:term":[{"taxonomy":"product_brand","embeddable":true,"href":"https:\/\/toys.lt\/lv\/wp-json\/wp\/v2\/product_brand?post=48404"},{"taxonomy":"product_cat","embeddable":true,"href":"https:\/\/toys.lt\/lv\/wp-json\/wp\/v2\/product_cat?post=48404"},{"taxonomy":"product_tag","embeddable":true,"href":"https:\/\/toys.lt\/lv\/wp-json\/wp\/v2\/product_tag?post=48404"}],"curies":[{"name":"wp","href":"https:\/\/api.w.org\/{rel}","templated":true}]}}