{"id":48403,"date":"2025-12-07T15:58:44","date_gmt":"2025-12-07T15:58:44","guid":{"rendered":"https:\/\/toys.lt\/produktas\/clementoni-plisa-aita-twinkle-twinkle-sheep\/"},"modified":"2026-04-08T00:00:59","modified_gmt":"2026-04-08T00:00:59","slug":"clementoni-plisa-aita-twinkle-twinkle-sheep","status":"publish","type":"product","link":"https:\/\/toys.lt\/lv\/produktas\/clementoni-plisa-aita-twinkle-twinkle-sheep\/","title":{"rendered":"Clementoni pl\u012b\u0161a aita Twinkle Twinkle Sheep"},"content":{"rendered":"<p data-start=\"213\" data-end=\"462\">M\u012bksts, m\u0101j\u012bgs un gaismu izstarojo\u0161s mandelis, kas paredz\u0113ts, lai pal\u012bdz\u0113tu j\u016bsu mazulim atp\u016bsties un mier\u012bgi aizmigt. <strong data-start=\"341\" data-end=\"366\">Twinkle Twinkle Sheep<\/strong> ir naktslampi\u0146a un m\u012bksta pl\u012b\u0161a rota\u013clieta vien\u0101, ide\u0101li piem\u0113rota jau no dzim\u0161anas.<\/p>\n<p data-start=\"464\" data-end=\"713\">Silta gaisma, nomierino\u0161as melodijas un baltais troksnis rada m\u0101j\u012bgu miega vidi, savuk\u0101rt simp\u0101tisk\u0101 aitas forma padara to par dro\u0161u un paz\u012bstamu pavadoni ik vakaru. Mandel\u012bte ir ide\u0101li piem\u0113rota gan gul\u0113tie\u0161anas rut\u012bnai, gan patst\u0101v\u012bga miega iema\u0146u att\u012bst\u012b\u0161anai. <\/p>\n<hr data-start=\"715\" data-end=\"718\">\n<h2 data-start=\"720\" data-end=\"734\"><strong data-start=\"723\" data-end=\"734\">Funkcijas<\/strong><\/h2>\n<ul data-start=\"735\" data-end=\"1125\">\n<li data-start=\"735\" data-end=\"792\">\n<p data-start=\"737\" data-end=\"792\">2-in-1 funkcija: nakts gaisma un maiga migla<\/p>\n<\/li>\n<li data-start=\"793\" data-end=\"833\">\n<p data-start=\"795\" data-end=\"833\">Izstaro siltu, nomierino\u0161u gaismu<\/p>\n<\/li>\n<li data-start=\"834\" data-end=\"881\">\n<p data-start=\"836\" data-end=\"881\">atska\u0146o melodiskas ska\u0146as un balto troksni<\/p>\n<\/li>\n<li data-start=\"882\" data-end=\"945\">\n<p data-start=\"884\" data-end=\"945\">Izstr\u0101d\u0101ts, lai pal\u012bdz\u0113tu jums atsl\u0101bin\u0101ties, nomierin\u0101ties un viegl\u0101k aizmigt.<\/p>\n<\/li>\n<li data-start=\"946\" data-end=\"981\">\n<p data-start=\"948\" data-end=\"981\">Piem\u0113rots lieto\u0161anai no dzim\u0161anas<\/p>\n<\/li>\n<li data-start=\"982\" data-end=\"1031\">\n<p data-start=\"984\" data-end=\"1031\">M\u012bksts, maigs, dro\u0161s piesk\u0101rieniem un apsk\u0101vieniem<\/p>\n<\/li>\n<li data-start=\"1032\" data-end=\"1089\">\n<p data-start=\"1034\" data-end=\"1089\">P\u0113c elektronisk\u0101 modu\u013ca no\u0146em\u0161anas var mazg\u0101t ve\u013casma\u0161\u012bn\u0101<\/p>\n<\/li>\n<li data-start=\"1090\" data-end=\"1125\">\n<p data-start=\"1092\" data-end=\"1125\">Kompakts un ce\u013co\u0161anai draudz\u012bgs<\/p>\n<\/li>\n<\/ul>\n<hr data-start=\"1127\" data-end=\"1130\">\n<h2 data-start=\"1132\" data-end=\"1159\"><strong data-start=\"1135\" data-end=\"1159\">Tehnisk\u0101 inform\u0101cija<\/strong><\/h2>\n<ul data-start=\"1160\" data-end=\"1507\">\n<li data-start=\"1160\" data-end=\"1183\">\n<p data-start=\"1162\" data-end=\"1183\"><strong data-start=\"1162\" data-end=\"1173\">Vecums:<\/strong> 0+ m\u0113ne\u0161i<\/p>\n<\/li>\n<li data-start=\"1184\" data-end=\"1223\">\n<p data-start=\"1186\" data-end=\"1223\"><strong data-start=\"1186\" data-end=\"1205\">Iepakojuma izm\u0113rs:<\/strong> 12 \u00d7 16 \u00d7 12 cm<\/p>\n<\/li>\n<li data-start=\"1224\" data-end=\"1252\">\n<p data-start=\"1226\" data-end=\"1252\"><strong data-start=\"1226\" data-end=\"1244\">Produkta svars:<\/strong> 140 g<\/p>\n<\/li>\n<li data-start=\"1253\" data-end=\"1311\">\n<p data-start=\"1255\" data-end=\"1311\"><strong data-start=\"1255\" data-end=\"1269\">Funkcijas:<\/strong> gaisma, melodijas, baltais troksnis<\/p>\n<\/li>\n<li data-start=\"1312\" data-end=\"1374\">\n<p data-start=\"1314\" data-end=\"1374\"><strong data-start=\"1314\" data-end=\"1328\">Materi\u0101li:<\/strong> m\u012bksts pl\u012b\u0161s, b\u0113rniem dro\u0161i materi\u0101li<\/p>\n<\/li>\n<li data-start=\"1375\" data-end=\"1407\">\n<p data-start=\"1377\" data-end=\"1407\"><strong data-start=\"1377\" data-end=\"1391\">Akumulators:<\/strong> 3 \u00d7 AG13\/LR44<\/p>\n<\/li>\n<li data-start=\"1408\" data-end=\"1464\">\n<p data-start=\"1410\" data-end=\"1464\"><strong data-start=\"1410\" data-end=\"1424\">Uztur\u0113\u0161ana:<\/strong> mazg\u0101jams, no\u0146emot elektronisko moduli<\/p>\n<\/li>\n<li data-start=\"1465\" data-end=\"1507\">\n<p data-start=\"1467\" data-end=\"1507\"><strong data-start=\"1467\" data-end=\"1484\">Izcelsmes valsts:<\/strong> It\u0101lija \/ Clementoni<\/p>\n<\/li>\n<\/ul>\n<hr data-start=\"1509\" data-end=\"1512\">\n<h2 data-start=\"1514\" data-end=\"1538\"><strong data-start=\"1517\" data-end=\"1538\">Dro\u0161\u012bbas br\u012bdin\u0101jums<\/strong><\/h2>\n<ul data-start=\"1539\" data-end=\"1721\">\n<li data-start=\"1539\" data-end=\"1579\">\n<p data-start=\"1541\" data-end=\"1579\">Lietojiet tikai pieaugu\u0161o uzraudz\u012bb\u0101.<\/p>\n<\/li>\n<li data-start=\"1580\" data-end=\"1631\">\n<p data-start=\"1582\" data-end=\"1631\">Pirms mazg\u0101\u0161anas elektroniskais modulis ir j\u0101iz\u0146em.<\/p>\n<\/li>\n<li data-start=\"1632\" data-end=\"1721\">\n<p data-start=\"1634\" data-end=\"1721\">Sarg\u0101t no karstuma avotiem un mitruma, ja iek\u0161pus\u0113 ir elektronika.<\/p>\n<\/li>\n<\/ul>\n","protected":false},"excerpt":{"rendered":"<ul data-start=\"1160\" data-end=\"1507\">\n<li data-start=\"1160\" data-end=\"1183\">\n<p data-start=\"1162\" data-end=\"1183\"><strong data-start=\"1162\" data-end=\"1173\">Vecums:<\/strong> 0+ m\u0113ne\u0161i<\/p>\n<\/li>\n<li data-start=\"1184\" data-end=\"1223\">\n<p data-start=\"1186\" data-end=\"1223\"><strong data-start=\"1186\" data-end=\"1205\">Iepakojuma izm\u0113rs:<\/strong> 12 \u00d7 16 \u00d7 12 cm<\/p>\n<\/li>\n<li data-start=\"1224\" data-end=\"1252\">\n<p data-start=\"1226\" data-end=\"1252\"><strong data-start=\"1226\" data-end=\"1244\">Produkta svars:<\/strong> 140 g<\/p>\n<\/li>\n<li data-start=\"1253\" data-end=\"1311\">\n<p data-start=\"1255\" data-end=\"1311\"><strong data-start=\"1255\" data-end=\"1269\">Funkcijas:<\/strong> gaisma, melodijas, baltais troksnis<\/p>\n<\/li>\n<li data-start=\"1312\" data-end=\"1374\">\n<p data-start=\"1314\" data-end=\"1374\"><strong data-start=\"1314\" data-end=\"1328\">Materi\u0101li:<\/strong> m\u012bksts pl\u012b\u0161s, b\u0113rniem dro\u0161i materi\u0101li<\/p>\n<\/li>\n<li data-start=\"1375\" data-end=\"1407\">\n<p data-start=\"1377\" data-end=\"1407\"><strong data-start=\"1377\" data-end=\"1391\">Baterijas:<\/strong> 3 \u00d7 AG13\/LR44<\/p>\n<\/li>\n<li data-start=\"1408\" data-end=\"1464\">\n<p data-start=\"1410\" data-end=\"1464\"><strong data-start=\"1410\" data-end=\"1424\">Uztur\u0113\u0161ana:<\/strong> mazg\u0101jams, no\u0146emot elektronisko moduli<\/p>\n<\/li>\n<li data-start=\"1465\" data-end=\"1507\">\n<p data-start=\"1467\" data-end=\"1507\"><strong data-start=\"1467\" data-end=\"1484\">Izcelsmes valsts:<\/strong> It\u0101lija \/ Clementoni<\/p>\n<\/li>\n<\/ul>\n","protected":false},"featured_media":47891,"comment_status":"open","ping_status":"closed","template":"","meta":[],"product_brand":[],"product_cat":[1182,1309,1183,1155],"product_tag":[],"class_list":{"0":"post-48403","1":"product","2":"type-product","3":"status-publish","4":"has-post-thumbnail","6":"product_cat-muzikalas-rotallietas","7":"product_cat-plisa-rotallietas","8":"product_cat-rotallietas-maziem-berniem","9":"product_cat-leti","10":"pa_amziaus-grupe-0-lv","11":"pa_prek-s-tipas-mikstas-rotallietas","12":"pa_prek-s-tipas-dzivnieki","13":"pa_prek-s-tipas-spelu-rotallietas","15":"first","16":"outofstock","17":"taxable","18":"shipping-taxable","19":"purchasable","20":"product-type-simple"},"yoast_head":"<!-- This site is optimized with the Yoast SEO plugin v26.3 - https:\/\/yoast.com\/wordpress\/plugins\/seo\/ -->\n<title>Clementoni pl\u012b\u0161a aita Twinkle Twinkle Sheep - Toys.lt<\/title>\n<meta name=\"description\" content=\"Clementoni Twinkle Twinkle Aita ar gaismi\u0146\u0101m un melodij\u0101m. Nomierino\u0161a, dro\u0161a no 0+ m\u0113ne\u0161iem, m\u012bksta un mazg\u0101jama. Lieliski piem\u0113rots gul\u0113tie\u0161anas rut\u012bnai.\" \/>\n<meta name=\"robots\" content=\"index, follow, max-snippet:-1, max-image-preview:large, max-video-preview:-1\" \/>\n<link rel=\"canonical\" href=\"https:\/\/toys.lt\/lv\/produktas\/clementoni-plisa-aita-twinkle-twinkle-sheep\/\" \/>\n<meta property=\"og:locale\" content=\"lv_LV\" \/>\n<meta property=\"og:type\" content=\"article\" \/>\n<meta property=\"og:title\" content=\"Clementoni pl\u012b\u0161a aita Twinkle Twinkle Sheep - Toys.lt\" \/>\n<meta property=\"og:description\" content=\"Clementoni Twinkle Twinkle Aita ar gaismi\u0146\u0101m un melodij\u0101m. Nomierino\u0161a, dro\u0161a no 0+ m\u0113ne\u0161iem, m\u012bksta un mazg\u0101jama. Lieliski piem\u0113rots gul\u0113tie\u0161anas rut\u012bnai.\" \/>\n<meta property=\"og:url\" content=\"https:\/\/toys.lt\/lv\/produktas\/clementoni-plisa-aita-twinkle-twinkle-sheep\/\" \/>\n<meta property=\"og:site_name\" content=\"Toys.lt\" \/>\n<meta property=\"article:modified_time\" content=\"2026-04-08T00:00:59+00:00\" \/>\n<meta property=\"og:image\" content=\"https:\/\/toys.lt\/wp-content\/uploads\/2025\/12\/17499-clementoni-migdukas-1.jpg\" \/>\n\t<meta property=\"og:image:width\" content=\"530\" \/>\n\t<meta property=\"og:image:height\" content=\"597\" \/>\n\t<meta property=\"og:image:type\" content=\"image\/jpeg\" \/>\n<meta name=\"twitter:card\" content=\"summary_large_image\" \/>\n<meta name=\"twitter:label1\" content=\"Est. reading time\" \/>\n\t<meta name=\"twitter:data1\" content=\"1 minute\" \/>\n<script type=\"application\/ld+json\" class=\"yoast-schema-graph\">{\"@context\":\"https:\/\/schema.org\",\"@graph\":[{\"@type\":\"WebPage\",\"@id\":\"https:\/\/toys.lt\/lv\/produktas\/clementoni-plisa-aita-twinkle-twinkle-sheep\/\",\"url\":\"https:\/\/toys.lt\/lv\/produktas\/clementoni-plisa-aita-twinkle-twinkle-sheep\/\",\"name\":\"Clementoni pl\u012b\u0161a aita Twinkle Twinkle Sheep - Toys.lt\",\"isPartOf\":{\"@id\":\"https:\/\/toys.lt\/lv\/#website\"},\"primaryImageOfPage\":{\"@id\":\"https:\/\/toys.lt\/lv\/produktas\/clementoni-plisa-aita-twinkle-twinkle-sheep\/#primaryimage\"},\"image\":{\"@id\":\"https:\/\/toys.lt\/lv\/produktas\/clementoni-plisa-aita-twinkle-twinkle-sheep\/#primaryimage\"},\"thumbnailUrl\":\"https:\/\/toys.lt\/wp-content\/uploads\/2025\/12\/17499-clementoni-migdukas-1.jpg\",\"datePublished\":\"2025-12-07T15:58:44+00:00\",\"dateModified\":\"2026-04-08T00:00:59+00:00\",\"description\":\"Clementoni Twinkle Twinkle Aita ar gaismi\u0146\u0101m un melodij\u0101m. Nomierino\u0161a, dro\u0161a no 0+ m\u0113ne\u0161iem, m\u012bksta un mazg\u0101jama. Lieliski piem\u0113rots gul\u0113tie\u0161anas rut\u012bnai.\",\"breadcrumb\":{\"@id\":\"https:\/\/toys.lt\/lv\/produktas\/clementoni-plisa-aita-twinkle-twinkle-sheep\/#breadcrumb\"},\"inLanguage\":\"lv-LV\",\"potentialAction\":[{\"@type\":\"ReadAction\",\"target\":[\"https:\/\/toys.lt\/lv\/produktas\/clementoni-plisa-aita-twinkle-twinkle-sheep\/\"]}]},{\"@type\":\"ImageObject\",\"inLanguage\":\"lv-LV\",\"@id\":\"https:\/\/toys.lt\/lv\/produktas\/clementoni-plisa-aita-twinkle-twinkle-sheep\/#primaryimage\",\"url\":\"https:\/\/toys.lt\/wp-content\/uploads\/2025\/12\/17499-clementoni-migdukas-1.jpg\",\"contentUrl\":\"https:\/\/toys.lt\/wp-content\/uploads\/2025\/12\/17499-clementoni-migdukas-1.jpg\",\"width\":530,\"height\":597},{\"@type\":\"BreadcrumbList\",\"@id\":\"https:\/\/toys.lt\/lv\/produktas\/clementoni-plisa-aita-twinkle-twinkle-sheep\/#breadcrumb\",\"itemListElement\":[{\"@type\":\"ListItem\",\"position\":1,\"name\":\"Home\",\"item\":\"https:\/\/toys.lt\/lv\/\"},{\"@type\":\"ListItem\",\"position\":2,\"name\":\"Veikals\",\"item\":\"https:\/\/toys.lt\/lv\/shop\/\"},{\"@type\":\"ListItem\",\"position\":3,\"name\":\"Clementoni pl\u012b\u0161a aita Twinkle Twinkle Sheep\"}]},{\"@type\":\"WebSite\",\"@id\":\"https:\/\/toys.lt\/lv\/#website\",\"url\":\"https:\/\/toys.lt\/lv\/\",\"name\":\"Toys.lt\",\"description\":\"\",\"potentialAction\":[{\"@type\":\"SearchAction\",\"target\":{\"@type\":\"EntryPoint\",\"urlTemplate\":\"https:\/\/toys.lt\/lv\/?s={search_term_string}\"},\"query-input\":{\"@type\":\"PropertyValueSpecification\",\"valueRequired\":true,\"valueName\":\"search_term_string\"}}],\"inLanguage\":\"lv-LV\"}]}<\/script>\n<!-- \/ Yoast SEO plugin. -->","yoast_head_json":{"title":"Clementoni pl\u012b\u0161a aita Twinkle Twinkle Sheep - Toys.lt","description":"Clementoni Twinkle Twinkle Aita ar gaismi\u0146\u0101m un melodij\u0101m. Nomierino\u0161a, dro\u0161a no 0+ m\u0113ne\u0161iem, m\u012bksta un mazg\u0101jama. Lieliski piem\u0113rots gul\u0113tie\u0161anas rut\u012bnai.","robots":{"index":"index","follow":"follow","max-snippet":"max-snippet:-1","max-image-preview":"max-image-preview:large","max-video-preview":"max-video-preview:-1"},"canonical":"https:\/\/toys.lt\/lv\/produktas\/clementoni-plisa-aita-twinkle-twinkle-sheep\/","og_locale":"lv_LV","og_type":"article","og_title":"Clementoni pl\u012b\u0161a aita Twinkle Twinkle Sheep - Toys.lt","og_description":"Clementoni Twinkle Twinkle Aita ar gaismi\u0146\u0101m un melodij\u0101m. Nomierino\u0161a, dro\u0161a no 0+ m\u0113ne\u0161iem, m\u012bksta un mazg\u0101jama. Lieliski piem\u0113rots gul\u0113tie\u0161anas rut\u012bnai.","og_url":"https:\/\/toys.lt\/lv\/produktas\/clementoni-plisa-aita-twinkle-twinkle-sheep\/","og_site_name":"Toys.lt","article_modified_time":"2026-04-08T00:00:59+00:00","og_image":[{"width":530,"height":597,"url":"https:\/\/toys.lt\/wp-content\/uploads\/2025\/12\/17499-clementoni-migdukas-1.jpg","type":"image\/jpeg"}],"twitter_card":"summary_large_image","twitter_misc":{"Est. reading time":"1 minute"},"schema":{"@context":"https:\/\/schema.org","@graph":[{"@type":"WebPage","@id":"https:\/\/toys.lt\/lv\/produktas\/clementoni-plisa-aita-twinkle-twinkle-sheep\/","url":"https:\/\/toys.lt\/lv\/produktas\/clementoni-plisa-aita-twinkle-twinkle-sheep\/","name":"Clementoni pl\u012b\u0161a aita Twinkle Twinkle Sheep - Toys.lt","isPartOf":{"@id":"https:\/\/toys.lt\/lv\/#website"},"primaryImageOfPage":{"@id":"https:\/\/toys.lt\/lv\/produktas\/clementoni-plisa-aita-twinkle-twinkle-sheep\/#primaryimage"},"image":{"@id":"https:\/\/toys.lt\/lv\/produktas\/clementoni-plisa-aita-twinkle-twinkle-sheep\/#primaryimage"},"thumbnailUrl":"https:\/\/toys.lt\/wp-content\/uploads\/2025\/12\/17499-clementoni-migdukas-1.jpg","datePublished":"2025-12-07T15:58:44+00:00","dateModified":"2026-04-08T00:00:59+00:00","description":"Clementoni Twinkle Twinkle Aita ar gaismi\u0146\u0101m un melodij\u0101m. Nomierino\u0161a, dro\u0161a no 0+ m\u0113ne\u0161iem, m\u012bksta un mazg\u0101jama. Lieliski piem\u0113rots gul\u0113tie\u0161anas rut\u012bnai.","breadcrumb":{"@id":"https:\/\/toys.lt\/lv\/produktas\/clementoni-plisa-aita-twinkle-twinkle-sheep\/#breadcrumb"},"inLanguage":"lv-LV","potentialAction":[{"@type":"ReadAction","target":["https:\/\/toys.lt\/lv\/produktas\/clementoni-plisa-aita-twinkle-twinkle-sheep\/"]}]},{"@type":"ImageObject","inLanguage":"lv-LV","@id":"https:\/\/toys.lt\/lv\/produktas\/clementoni-plisa-aita-twinkle-twinkle-sheep\/#primaryimage","url":"https:\/\/toys.lt\/wp-content\/uploads\/2025\/12\/17499-clementoni-migdukas-1.jpg","contentUrl":"https:\/\/toys.lt\/wp-content\/uploads\/2025\/12\/17499-clementoni-migdukas-1.jpg","width":530,"height":597},{"@type":"BreadcrumbList","@id":"https:\/\/toys.lt\/lv\/produktas\/clementoni-plisa-aita-twinkle-twinkle-sheep\/#breadcrumb","itemListElement":[{"@type":"ListItem","position":1,"name":"Home","item":"https:\/\/toys.lt\/lv\/"},{"@type":"ListItem","position":2,"name":"Veikals","item":"https:\/\/toys.lt\/lv\/shop\/"},{"@type":"ListItem","position":3,"name":"Clementoni pl\u012b\u0161a aita Twinkle Twinkle Sheep"}]},{"@type":"WebSite","@id":"https:\/\/toys.lt\/lv\/#website","url":"https:\/\/toys.lt\/lv\/","name":"Toys.lt","description":"","potentialAction":[{"@type":"SearchAction","target":{"@type":"EntryPoint","urlTemplate":"https:\/\/toys.lt\/lv\/?s={search_term_string}"},"query-input":{"@type":"PropertyValueSpecification","valueRequired":true,"valueName":"search_term_string"}}],"inLanguage":"lv-LV"}]}},"_links":{"self":[{"href":"https:\/\/toys.lt\/lv\/wp-json\/wp\/v2\/product\/48403","targetHints":{"allow":["GET"]}}],"collection":[{"href":"https:\/\/toys.lt\/lv\/wp-json\/wp\/v2\/product"}],"about":[{"href":"https:\/\/toys.lt\/lv\/wp-json\/wp\/v2\/types\/product"}],"replies":[{"embeddable":true,"href":"https:\/\/toys.lt\/lv\/wp-json\/wp\/v2\/comments?post=48403"}],"version-history":[{"count":0,"href":"https:\/\/toys.lt\/lv\/wp-json\/wp\/v2\/product\/48403\/revisions"}],"wp:featuredmedia":[{"embeddable":true,"href":"https:\/\/toys.lt\/lv\/wp-json\/wp\/v2\/media\/47891"}],"wp:attachment":[{"href":"https:\/\/toys.lt\/lv\/wp-json\/wp\/v2\/media?parent=48403"}],"wp:term":[{"taxonomy":"product_brand","embeddable":true,"href":"https:\/\/toys.lt\/lv\/wp-json\/wp\/v2\/product_brand?post=48403"},{"taxonomy":"product_cat","embeddable":true,"href":"https:\/\/toys.lt\/lv\/wp-json\/wp\/v2\/product_cat?post=48403"},{"taxonomy":"product_tag","embeddable":true,"href":"https:\/\/toys.lt\/lv\/wp-json\/wp\/v2\/product_tag?post=48403"}],"curies":[{"name":"wp","href":"https:\/\/api.w.org\/{rel}","templated":true}]}}