{"id":48400,"date":"2025-12-06T12:48:07","date_gmt":"2025-12-06T12:48:07","guid":{"rendered":"https:\/\/toys.lt\/produktas\/clementoni-puzle-mordillo-dzungli-2000-gab\/"},"modified":"2026-04-08T00:01:01","modified_gmt":"2026-04-08T00:01:01","slug":"clementoni-puzle-mordillo-dzungli-2000-gab","status":"publish","type":"product","link":"https:\/\/toys.lt\/lv\/produktas\/clementoni-puzle-mordillo-dzungli-2000-gab\/","title":{"rendered":"Clementoni puzle &#8220;Mordillo &#8211; D\u017eung\u013ci&#8221; 2000 gab."},"content":{"rendered":"<p data-start=\"456\" data-end=\"830\"><strong data-start=\"456\" data-end=\"526\">Clementoni Augstas kvalit\u0101tes kolekcijas puzle &#8220;Mordillo &#8211; D\u017eung\u013ci<\/strong> &#8221; aicina j\u016bs iegremd\u0113ties Mordillo neatk\u0101rtojamaj\u0101 humora stil\u0101 &#8211; kr\u0101sain\u0101, haotisk\u0101 un jautr\u012bbas piln\u0101 anim\u0113to pils\u0113tas d\u017eung\u013cu pasaul\u0113. T\u016bksto\u0161iem mazu t\u0113lu, l\u012bkumotas \u0113kas, d\u012bvainas situ\u0101cijas un negaid\u012bti vizu\u0101li joki rada vizu\u0101lu labirintu, kur\u0101 katra deta\u013ca ir mazs st\u0101sts. <\/p>\n<p data-start=\"832\" data-end=\"1096\">Mordillo stilu raksturo sirsn\u012bgs humors, ener\u0123ija un spilgtas kr\u0101sas, kas m\u012bklu min\u0113\u0161anu padara ne tikai par izaicin\u0101jumu, bet ar\u012b par \u012bstu izklaidi. Gatav\u0101 glezna piesaist\u012bs j\u016bsu uzman\u012bbu ar savu dinamisko kompoz\u012bciju un mazajiem smiekl\u012bgajiem momentiem, kurus j\u016bs v\u0113l\u0113sieties izp\u0113t\u012bt atkal un atkal. <\/p>\n<hr data-start=\"1098\" data-end=\"1101\">\n<h3 data-start=\"1103\" data-end=\"1120\"><strong data-start=\"1109\" data-end=\"1120\">\u2b50 Funkcijas<\/strong><\/h3>\n<ul data-start=\"1121\" data-end=\"1414\">\n<li data-start=\"1121\" data-end=\"1146\">\n<p data-start=\"1123\" data-end=\"1146\">2000 puzles gabali\u0146u<\/p>\n<\/li>\n<li data-start=\"1147\" data-end=\"1214\">\n<p data-start=\"1149\" data-end=\"1214\">Ikoniskais Mordillo stils: humoristiska &#8220;pils\u0113tas d\u017eung\u013cu&#8221; aina<\/p>\n<\/li>\n<li data-start=\"1215\" data-end=\"1272\">\n<p data-start=\"1217\" data-end=\"1272\">Spilgtas kr\u0101sas un izcila, augstas kvalit\u0101tes druka<\/p>\n<\/li>\n<li data-start=\"1273\" data-end=\"1348\">\n<p data-start=\"1275\" data-end=\"1348\">Iztur\u012bgas, prec\u012bzi izgrieztas deta\u013cas, kas nodro\u0161ina pat\u012bkamu piegul\u0113\u0161anu<\/p>\n<\/li>\n<li data-start=\"1349\" data-end=\"1414\">\n<p data-start=\"1351\" data-end=\"1414\">Stimul\u0113 paciet\u012bbu, uzman\u012bbu, vizu\u0101lo dom\u0101\u0161anu un rado\u0161umu.<\/p>\n<\/li>\n<\/ul>\n<hr data-start=\"1416\" data-end=\"1419\">\n<h3 data-start=\"1421\" data-end=\"1452\">\ud83d\udd27 <strong data-start=\"1428\" data-end=\"1452\">Tehnisk\u0101 inform\u0101cija<\/strong><\/h3>\n<ul data-start=\"1453\" data-end=\"1703\">\n<li data-start=\"1453\" data-end=\"1487\">\n<p data-start=\"1455\" data-end=\"1487\">Saloc\u012bta puzle: <strong data-start=\"1471\" data-end=\"1485\">98 \u00d7 67 cm<\/strong><\/p>\n<\/li>\n<li data-start=\"1488\" data-end=\"1532\">\n<p data-start=\"1490\" data-end=\"1532\">Iepakojuma izm\u0113ri: <strong data-start=\"1512\" data-end=\"1530\">42 \u00d7 28 \u00d7 6 cm<\/strong><\/p>\n<\/li>\n<li data-start=\"1533\" data-end=\"1555\">\n<p data-start=\"1535\" data-end=\"1555\">Svars: <strong data-start=\"1543\" data-end=\"1553\">1,3 kg<\/strong><\/p>\n<\/li>\n<li data-start=\"1556\" data-end=\"1599\">\n<p data-start=\"1558\" data-end=\"1599\">Ieteicamais vecums: <strong data-start=\"1582\" data-end=\"1597\">no 14 gadiem<\/strong><\/p>\n<\/li>\n<li data-start=\"1600\" data-end=\"1623\">\n<p data-start=\"1602\" data-end=\"1623\">Ra\u017eots It\u0101lij\u0101<\/p>\n<\/li>\n<li data-start=\"1624\" data-end=\"1703\">\n<p data-start=\"1626\" data-end=\"1703\">Dro\u0161\u012bbas br\u012bdin\u0101jums: mazo deta\u013cu d\u0113\u013c nav piem\u0113rots b\u0113rniem l\u012bdz 3 gadu (36 m\u0113ne\u0161u) vecumam.<\/p>\n<\/li>\n<\/ul>\n","protected":false},"excerpt":{"rendered":"<ul data-start=\"1434\" data-end=\"1684\">\n<li data-start=\"1434\" data-end=\"1468\">\n<p data-start=\"1436\" data-end=\"1468\">Saloc\u012bta puzle: <strong data-start=\"1452\" data-end=\"1466\">98 \u00d7 67 cm<\/strong><\/p>\n<\/li>\n<li data-start=\"1469\" data-end=\"1513\">\n<p data-start=\"1471\" data-end=\"1513\">Iepakojuma izm\u0113ri: <strong data-start=\"1493\" data-end=\"1511\">42 \u00d7 28 \u00d7 6 cm<\/strong><\/p>\n<\/li>\n<li data-start=\"1514\" data-end=\"1536\">\n<p data-start=\"1516\" data-end=\"1536\">Svars: <strong data-start=\"1524\" data-end=\"1534\">1,3 kg<\/strong><\/p>\n<\/li>\n<li data-start=\"1537\" data-end=\"1580\">\n<p data-start=\"1539\" data-end=\"1580\">Ieteicamais vecums: <strong data-start=\"1563\" data-end=\"1578\">no 14 gadiem<\/strong><\/p>\n<\/li>\n<li data-start=\"1581\" data-end=\"1604\">\n<p data-start=\"1583\" data-end=\"1604\">Ra\u017eots It\u0101lij\u0101<\/p>\n<\/li>\n<li data-start=\"1605\" data-end=\"1684\">\n<p data-start=\"1607\" data-end=\"1684\">Dro\u0161\u012bbas br\u012bdin\u0101jums: mazo deta\u013cu d\u0113\u013c nav piem\u0113rots b\u0113rniem l\u012bdz 3 gadu (36 m\u0113ne\u0161u) vecumam.<\/p>\n<\/li>\n<\/ul>\n","protected":false},"featured_media":47810,"comment_status":"open","ping_status":"closed","template":"","meta":[],"product_brand":[384],"product_cat":[1154,1153],"product_tag":[],"class_list":{"0":"post-48400","1":"product","2":"type-product","3":"status-publish","4":"has-post-thumbnail","6":"product_brand-clementoni-2","7":"product_cat-lielas-puzles-no-1500-lidz-13200-gabaliniem","8":"product_cat-puzles-puzle","9":"pa_amziaus-grupe-14-lv","10":"pa_dali-skaicius-2000-lv","11":"pa_prekes-zenklas-clementoni-lv","12":"pa_special-s-pasi-lymai-populars-produkts","13":"pa_tema-pilsetas","15":"first","16":"instock","17":"sale","18":"taxable","19":"shipping-taxable","20":"purchasable","21":"product-type-simple"},"yoast_head":"<!-- This site is optimized with the Yoast SEO plugin v26.3 - https:\/\/yoast.com\/wordpress\/plugins\/seo\/ -->\n<title>Clementoni puzle &quot;Mordillo - D\u017eung\u013ci&quot; 2000 gab. - Toys.lt<\/title>\n<meta name=\"description\" content=\"Clementoni &quot;Mordillo - D\u017eung\u013ci&quot; puzle ar 2000 gabali\u0146iem. Spilgta, humoristiska Mordillo pasaule un augsta kvalit\u0101te. Izm\u0113rs p\u0113c salik\u0161anas: 98\u00d767 cm.\" \/>\n<meta name=\"robots\" content=\"index, follow, max-snippet:-1, max-image-preview:large, max-video-preview:-1\" \/>\n<link rel=\"canonical\" href=\"https:\/\/toys.lt\/lv\/produktas\/clementoni-puzle-mordillo-dzungli-2000-gab\/\" \/>\n<meta property=\"og:locale\" content=\"lv_LV\" \/>\n<meta property=\"og:type\" content=\"article\" \/>\n<meta property=\"og:title\" content=\"Clementoni puzle &quot;Mordillo - D\u017eung\u013ci&quot; 2000 gab. - Toys.lt\" \/>\n<meta property=\"og:description\" content=\"Clementoni &quot;Mordillo - D\u017eung\u013ci&quot; puzle ar 2000 gabali\u0146iem. Spilgta, humoristiska Mordillo pasaule un augsta kvalit\u0101te. Izm\u0113rs p\u0113c salik\u0161anas: 98\u00d767 cm.\" \/>\n<meta property=\"og:url\" content=\"https:\/\/toys.lt\/lv\/produktas\/clementoni-puzle-mordillo-dzungli-2000-gab\/\" \/>\n<meta property=\"og:site_name\" content=\"Toys.lt\" \/>\n<meta property=\"article:modified_time\" content=\"2026-04-08T00:01:01+00:00\" \/>\n<meta property=\"og:image\" content=\"https:\/\/toys.lt\/wp-content\/uploads\/2025\/12\/32565-delione-2000-detaliu-1.jpg\" \/>\n\t<meta property=\"og:image:width\" content=\"1500\" \/>\n\t<meta property=\"og:image:height\" content=\"1097\" \/>\n\t<meta property=\"og:image:type\" content=\"image\/jpeg\" \/>\n<meta name=\"twitter:card\" content=\"summary_large_image\" \/>\n<meta name=\"twitter:label1\" content=\"Est. reading time\" \/>\n\t<meta name=\"twitter:data1\" content=\"1 minute\" \/>\n<script type=\"application\/ld+json\" class=\"yoast-schema-graph\">{\"@context\":\"https:\/\/schema.org\",\"@graph\":[{\"@type\":\"WebPage\",\"@id\":\"https:\/\/toys.lt\/lv\/produktas\/clementoni-puzle-mordillo-dzungli-2000-gab\/\",\"url\":\"https:\/\/toys.lt\/lv\/produktas\/clementoni-puzle-mordillo-dzungli-2000-gab\/\",\"name\":\"Clementoni puzle \\\"Mordillo - D\u017eung\u013ci\\\" 2000 gab. - Toys.lt\",\"isPartOf\":{\"@id\":\"https:\/\/toys.lt\/lv\/#website\"},\"primaryImageOfPage\":{\"@id\":\"https:\/\/toys.lt\/lv\/produktas\/clementoni-puzle-mordillo-dzungli-2000-gab\/#primaryimage\"},\"image\":{\"@id\":\"https:\/\/toys.lt\/lv\/produktas\/clementoni-puzle-mordillo-dzungli-2000-gab\/#primaryimage\"},\"thumbnailUrl\":\"https:\/\/toys.lt\/wp-content\/uploads\/2025\/12\/32565-delione-2000-detaliu-1.jpg\",\"datePublished\":\"2025-12-06T12:48:07+00:00\",\"dateModified\":\"2026-04-08T00:01:01+00:00\",\"description\":\"Clementoni \\\"Mordillo - D\u017eung\u013ci\\\" puzle ar 2000 gabali\u0146iem. Spilgta, humoristiska Mordillo pasaule un augsta kvalit\u0101te. Izm\u0113rs p\u0113c salik\u0161anas: 98\u00d767 cm.\",\"breadcrumb\":{\"@id\":\"https:\/\/toys.lt\/lv\/produktas\/clementoni-puzle-mordillo-dzungli-2000-gab\/#breadcrumb\"},\"inLanguage\":\"lv-LV\",\"potentialAction\":[{\"@type\":\"ReadAction\",\"target\":[\"https:\/\/toys.lt\/lv\/produktas\/clementoni-puzle-mordillo-dzungli-2000-gab\/\"]}]},{\"@type\":\"ImageObject\",\"inLanguage\":\"lv-LV\",\"@id\":\"https:\/\/toys.lt\/lv\/produktas\/clementoni-puzle-mordillo-dzungli-2000-gab\/#primaryimage\",\"url\":\"https:\/\/toys.lt\/wp-content\/uploads\/2025\/12\/32565-delione-2000-detaliu-1.jpg\",\"contentUrl\":\"https:\/\/toys.lt\/wp-content\/uploads\/2025\/12\/32565-delione-2000-detaliu-1.jpg\",\"width\":1500,\"height\":1097},{\"@type\":\"BreadcrumbList\",\"@id\":\"https:\/\/toys.lt\/lv\/produktas\/clementoni-puzle-mordillo-dzungli-2000-gab\/#breadcrumb\",\"itemListElement\":[{\"@type\":\"ListItem\",\"position\":1,\"name\":\"Home\",\"item\":\"https:\/\/toys.lt\/lv\/\"},{\"@type\":\"ListItem\",\"position\":2,\"name\":\"Veikals\",\"item\":\"https:\/\/toys.lt\/lv\/shop\/\"},{\"@type\":\"ListItem\",\"position\":3,\"name\":\"Clementoni puzle &#8222;Mordillo &#8211; D\u017eung\u013ci&#8221; 2000 gab.\"}]},{\"@type\":\"WebSite\",\"@id\":\"https:\/\/toys.lt\/lv\/#website\",\"url\":\"https:\/\/toys.lt\/lv\/\",\"name\":\"Toys.lt\",\"description\":\"\",\"potentialAction\":[{\"@type\":\"SearchAction\",\"target\":{\"@type\":\"EntryPoint\",\"urlTemplate\":\"https:\/\/toys.lt\/lv\/?s={search_term_string}\"},\"query-input\":{\"@type\":\"PropertyValueSpecification\",\"valueRequired\":true,\"valueName\":\"search_term_string\"}}],\"inLanguage\":\"lv-LV\"}]}<\/script>\n<!-- \/ Yoast SEO plugin. -->","yoast_head_json":{"title":"Clementoni puzle \"Mordillo - D\u017eung\u013ci\" 2000 gab. - Toys.lt","description":"Clementoni \"Mordillo - D\u017eung\u013ci\" puzle ar 2000 gabali\u0146iem. Spilgta, humoristiska Mordillo pasaule un augsta kvalit\u0101te. Izm\u0113rs p\u0113c salik\u0161anas: 98\u00d767 cm.","robots":{"index":"index","follow":"follow","max-snippet":"max-snippet:-1","max-image-preview":"max-image-preview:large","max-video-preview":"max-video-preview:-1"},"canonical":"https:\/\/toys.lt\/lv\/produktas\/clementoni-puzle-mordillo-dzungli-2000-gab\/","og_locale":"lv_LV","og_type":"article","og_title":"Clementoni puzle \"Mordillo - D\u017eung\u013ci\" 2000 gab. - Toys.lt","og_description":"Clementoni \"Mordillo - D\u017eung\u013ci\" puzle ar 2000 gabali\u0146iem. Spilgta, humoristiska Mordillo pasaule un augsta kvalit\u0101te. Izm\u0113rs p\u0113c salik\u0161anas: 98\u00d767 cm.","og_url":"https:\/\/toys.lt\/lv\/produktas\/clementoni-puzle-mordillo-dzungli-2000-gab\/","og_site_name":"Toys.lt","article_modified_time":"2026-04-08T00:01:01+00:00","og_image":[{"width":1500,"height":1097,"url":"https:\/\/toys.lt\/wp-content\/uploads\/2025\/12\/32565-delione-2000-detaliu-1.jpg","type":"image\/jpeg"}],"twitter_card":"summary_large_image","twitter_misc":{"Est. reading time":"1 minute"},"schema":{"@context":"https:\/\/schema.org","@graph":[{"@type":"WebPage","@id":"https:\/\/toys.lt\/lv\/produktas\/clementoni-puzle-mordillo-dzungli-2000-gab\/","url":"https:\/\/toys.lt\/lv\/produktas\/clementoni-puzle-mordillo-dzungli-2000-gab\/","name":"Clementoni puzle \"Mordillo - D\u017eung\u013ci\" 2000 gab. - Toys.lt","isPartOf":{"@id":"https:\/\/toys.lt\/lv\/#website"},"primaryImageOfPage":{"@id":"https:\/\/toys.lt\/lv\/produktas\/clementoni-puzle-mordillo-dzungli-2000-gab\/#primaryimage"},"image":{"@id":"https:\/\/toys.lt\/lv\/produktas\/clementoni-puzle-mordillo-dzungli-2000-gab\/#primaryimage"},"thumbnailUrl":"https:\/\/toys.lt\/wp-content\/uploads\/2025\/12\/32565-delione-2000-detaliu-1.jpg","datePublished":"2025-12-06T12:48:07+00:00","dateModified":"2026-04-08T00:01:01+00:00","description":"Clementoni \"Mordillo - D\u017eung\u013ci\" puzle ar 2000 gabali\u0146iem. Spilgta, humoristiska Mordillo pasaule un augsta kvalit\u0101te. Izm\u0113rs p\u0113c salik\u0161anas: 98\u00d767 cm.","breadcrumb":{"@id":"https:\/\/toys.lt\/lv\/produktas\/clementoni-puzle-mordillo-dzungli-2000-gab\/#breadcrumb"},"inLanguage":"lv-LV","potentialAction":[{"@type":"ReadAction","target":["https:\/\/toys.lt\/lv\/produktas\/clementoni-puzle-mordillo-dzungli-2000-gab\/"]}]},{"@type":"ImageObject","inLanguage":"lv-LV","@id":"https:\/\/toys.lt\/lv\/produktas\/clementoni-puzle-mordillo-dzungli-2000-gab\/#primaryimage","url":"https:\/\/toys.lt\/wp-content\/uploads\/2025\/12\/32565-delione-2000-detaliu-1.jpg","contentUrl":"https:\/\/toys.lt\/wp-content\/uploads\/2025\/12\/32565-delione-2000-detaliu-1.jpg","width":1500,"height":1097},{"@type":"BreadcrumbList","@id":"https:\/\/toys.lt\/lv\/produktas\/clementoni-puzle-mordillo-dzungli-2000-gab\/#breadcrumb","itemListElement":[{"@type":"ListItem","position":1,"name":"Home","item":"https:\/\/toys.lt\/lv\/"},{"@type":"ListItem","position":2,"name":"Veikals","item":"https:\/\/toys.lt\/lv\/shop\/"},{"@type":"ListItem","position":3,"name":"Clementoni puzle &#8222;Mordillo &#8211; D\u017eung\u013ci&#8221; 2000 gab."}]},{"@type":"WebSite","@id":"https:\/\/toys.lt\/lv\/#website","url":"https:\/\/toys.lt\/lv\/","name":"Toys.lt","description":"","potentialAction":[{"@type":"SearchAction","target":{"@type":"EntryPoint","urlTemplate":"https:\/\/toys.lt\/lv\/?s={search_term_string}"},"query-input":{"@type":"PropertyValueSpecification","valueRequired":true,"valueName":"search_term_string"}}],"inLanguage":"lv-LV"}]}},"_links":{"self":[{"href":"https:\/\/toys.lt\/lv\/wp-json\/wp\/v2\/product\/48400","targetHints":{"allow":["GET"]}}],"collection":[{"href":"https:\/\/toys.lt\/lv\/wp-json\/wp\/v2\/product"}],"about":[{"href":"https:\/\/toys.lt\/lv\/wp-json\/wp\/v2\/types\/product"}],"replies":[{"embeddable":true,"href":"https:\/\/toys.lt\/lv\/wp-json\/wp\/v2\/comments?post=48400"}],"version-history":[{"count":0,"href":"https:\/\/toys.lt\/lv\/wp-json\/wp\/v2\/product\/48400\/revisions"}],"wp:featuredmedia":[{"embeddable":true,"href":"https:\/\/toys.lt\/lv\/wp-json\/wp\/v2\/media\/47810"}],"wp:attachment":[{"href":"https:\/\/toys.lt\/lv\/wp-json\/wp\/v2\/media?parent=48400"}],"wp:term":[{"taxonomy":"product_brand","embeddable":true,"href":"https:\/\/toys.lt\/lv\/wp-json\/wp\/v2\/product_brand?post=48400"},{"taxonomy":"product_cat","embeddable":true,"href":"https:\/\/toys.lt\/lv\/wp-json\/wp\/v2\/product_cat?post=48400"},{"taxonomy":"product_tag","embeddable":true,"href":"https:\/\/toys.lt\/lv\/wp-json\/wp\/v2\/product_tag?post=48400"}],"curies":[{"name":"wp","href":"https:\/\/api.w.org\/{rel}","templated":true}]}}