{"id":48397,"date":"2025-12-06T13:17:15","date_gmt":"2025-12-06T13:17:15","guid":{"rendered":"https:\/\/toys.lt\/produktas\/clementoni-stranger-things-puzzle-1000-gabalini\/"},"modified":"2026-04-08T00:01:00","modified_gmt":"2026-04-08T00:01:00","slug":"clementoni-stranger-things-puzzle-1000-gabalini","status":"publish","type":"product","link":"https:\/\/toys.lt\/lv\/produktas\/clementoni-stranger-things-puzzle-1000-gabalini\/","title":{"rendered":"Clementoni Stranger Things Puzzle 1000 gabali\u0146i"},"content":{"rendered":"<p data-start=\"483\" data-end=\"848\"><strong data-start=\"483\" data-end=\"547\">Clementoni Augstas kvalit\u0101tes kolekcijas puzle &#8220;Stranger Things&#8221;<\/strong> ir intens\u012bva, atmosf\u0113riska un vizu\u0101li iespaid\u012bga kol\u0101\u017eas aina, ko iedvesmojis popul\u0101rais Netflix seri\u0101ls. Centr\u0101 ir ikonisk\u0101 konfront\u0101cija starp Elev\u012bnu un tum\u0161\u0101s pasaules draudiem, bet fon\u0101 redzami galvenie varo\u0146i, p\u0101rdabiskie sp\u0113ki un d\u0113monisk\u0101s b\u016btnes, kas simboliz\u0113 4. sezonas spriedzi. <\/p>\n<p data-start=\"850\" data-end=\"1131\">Krasais kontrasts starp sarkanajiem, melnajiem un zilajiem to\u0146iem, r\u016bp\u012bgi reproduc\u0113t\u0101s deta\u013cas un licenc\u0113t\u0101 m\u0101ksla rada saj\u016btu, ka jums ir s\u0113rijas plak\u0101ta kvalit\u0101tes glezna. T\u0101 ir lieliska izv\u0113le s\u0113rijas faniem, kuriem pat\u012bk izaicin\u0101jumi, un tiem, kuri v\u0113las izteiksm\u012bgu, rakstur\u012bgu dekoru. <\/p>\n<hr data-start=\"1133\" data-end=\"1136\">\n<h3 data-start=\"1138\" data-end=\"1155\"><strong data-start=\"1144\" data-end=\"1155\">\u2b50 Funkcijas<\/strong><\/h3>\n<ul data-start=\"1156\" data-end=\"1489\">\n<li data-start=\"1156\" data-end=\"1181\">\n<p data-start=\"1158\" data-end=\"1181\">1000 puzles gabali\u0146u<\/p>\n<\/li>\n<li data-start=\"1182\" data-end=\"1230\">\n<p data-start=\"1184\" data-end=\"1230\">Ofici\u0101l\u0101 <em data-start=\"1193\" data-end=\"1218\">Netflix Stranger Things<\/em> licence<\/p>\n<\/li>\n<li data-start=\"1231\" data-end=\"1298\">\n<p data-start=\"1233\" data-end=\"1298\">Iespaid\u012bgs ceturt\u0101s sezonas mot\u012bvs ar galvenajiem varo\u0146iem<\/p>\n<\/li>\n<li data-start=\"1299\" data-end=\"1357\">\n<p data-start=\"1301\" data-end=\"1357\">Augstas kvalit\u0101tes druka, pies\u0101tin\u0101ti sarkanie un tum\u0161ie to\u0146i<\/p>\n<\/li>\n<li data-start=\"1358\" data-end=\"1421\">\n<p data-start=\"1360\" data-end=\"1421\">Iztur\u012bgas, prec\u012bzi izgrieztas deta\u013cas, gludas \u0161uves<\/p>\n<\/li>\n<li data-start=\"1422\" data-end=\"1489\">\n<p data-start=\"1424\" data-end=\"1489\">Att\u012bsta uzman\u012bbu, paciet\u012bbu, vizu\u0101lo atmi\u0146u un lo\u0123isko dom\u0101\u0161anu.<\/p>\n<\/li>\n<\/ul>\n<hr data-start=\"1491\" data-end=\"1494\">\n<h3 data-start=\"1496\" data-end=\"1527\">\ud83d\udd27 <strong data-start=\"1503\" data-end=\"1527\">Tehnisk\u0101 inform\u0101cija<\/strong><\/h3>\n<ul data-start=\"1528\" data-end=\"1778\">\n<li data-start=\"1528\" data-end=\"1562\">\n<p data-start=\"1530\" data-end=\"1562\">Salikt\u0101 puzle: <strong data-start=\"1546\" data-end=\"1560\">70 \u00d7 50 cm<\/strong><\/p>\n<\/li>\n<li data-start=\"1563\" data-end=\"1607\">\n<p data-start=\"1565\" data-end=\"1607\">Iepakojuma izm\u0113ri: <strong data-start=\"1587\" data-end=\"1605\">37 \u00d7 28 \u00d7 5 cm<\/strong><\/p>\n<\/li>\n<li data-start=\"1608\" data-end=\"1630\">\n<p data-start=\"1610\" data-end=\"1630\">Svars: <strong data-start=\"1618\" data-end=\"1628\">0,9 kg<\/strong><\/p>\n<\/li>\n<li data-start=\"1631\" data-end=\"1674\">\n<p data-start=\"1633\" data-end=\"1674\">Ieteicamais vecums: <strong data-start=\"1657\" data-end=\"1672\">no 14 gadiem<\/strong><\/p>\n<\/li>\n<li data-start=\"1675\" data-end=\"1698\">\n<p data-start=\"1677\" data-end=\"1698\">Ra\u017eots It\u0101lij\u0101<\/p>\n<\/li>\n<li data-start=\"1699\" data-end=\"1778\">\n<p data-start=\"1701\" data-end=\"1778\">Dro\u0161\u012bbas br\u012bdin\u0101jums: mazo deta\u013cu d\u0113\u013c nav piem\u0113rots b\u0113rniem l\u012bdz 3 gadu (36 m\u0113ne\u0161u) vecumam.<\/p>\n<\/li>\n<\/ul>\n","protected":false},"excerpt":{"rendered":"<ul data-start=\"1051\" data-end=\"1335\">\n<li data-start=\"1051\" data-end=\"1085\">\n<p data-start=\"1053\" data-end=\"1085\">Salikt\u0101 puzle: <strong data-start=\"1069\" data-end=\"1083\">70 \u00d7 50 cm<\/strong><\/p>\n<\/li>\n<li data-start=\"1086\" data-end=\"1130\">\n<p data-start=\"1088\" data-end=\"1130\">Iepakojuma izm\u0113ri: <strong data-start=\"1110\" data-end=\"1128\">37 \u00d7 28 \u00d7 5 cm<\/strong><\/p>\n<\/li>\n<li data-start=\"1131\" data-end=\"1153\">\n<p data-start=\"1133\" data-end=\"1153\">Svars: <strong data-start=\"1141\" data-end=\"1151\">0,9 kg<\/strong><\/p>\n<\/li>\n<li data-start=\"1154\" data-end=\"1231\">\n<p data-start=\"1156\" data-end=\"1231\">Ieteicamais vecums: <strong data-start=\"1180\" data-end=\"1195\">no 14 gadiem<\/strong> (standarta 1000 gabalu s\u0113rijai)<\/p>\n<\/li>\n<li data-start=\"1232\" data-end=\"1255\">\n<p data-start=\"1234\" data-end=\"1255\">Ra\u017eots It\u0101lij\u0101<\/p>\n<\/li>\n<li data-start=\"1256\" data-end=\"1335\">\n<p data-start=\"1258\" data-end=\"1335\">Dro\u0161\u012bbas br\u012bdin\u0101jums: mazo deta\u013cu d\u0113\u013c nav piem\u0113rots b\u0113rniem l\u012bdz 3 gadu (36 m\u0113ne\u0161u) vecumam.<\/p>\n<\/li>\n<\/ul>\n","protected":false},"featured_media":47851,"comment_status":"open","ping_status":"closed","template":"","meta":[],"product_brand":[384],"product_cat":[1153,1165],"product_tag":[],"class_list":{"0":"post-48397","1":"product","2":"type-product","3":"status-publish","4":"has-post-thumbnail","6":"product_brand-clementoni-2","7":"product_cat-puzles-puzle","8":"product_cat-puzles-no-500-lidz-1000-gabaliniem","9":"pa_amziaus-grupe-14-lv","10":"pa_dali-skaicius-1203","11":"pa_prekes-zenklas-clementoni-lv","12":"pa_special-s-pasi-lymai-populars-produkts","13":"pa_tema-varoni-filmas","15":"first","16":"instock","17":"taxable","18":"shipping-taxable","19":"purchasable","20":"product-type-simple"},"yoast_head":"<!-- This site is optimized with the Yoast SEO plugin v26.3 - https:\/\/yoast.com\/wordpress\/plugins\/seo\/ -->\n<title>Clementoni Stranger Things Puzzle 1000 gabali\u0146i - Toys.lt<\/title>\n<meta name=\"description\" content=\"Clementoni Stranger Things Puzzle ar 1000 gabali\u0146iem. Licenc\u0113ts 4. sezonas mot\u012bvs, spilgtas kr\u0101sas un izm\u0113rs 70\u00d750 cm. Lieliski piem\u0113rots seri\u0101la faniem.\" \/>\n<meta name=\"robots\" content=\"index, follow, max-snippet:-1, max-image-preview:large, max-video-preview:-1\" \/>\n<link rel=\"canonical\" href=\"https:\/\/toys.lt\/lv\/produktas\/clementoni-stranger-things-puzzle-1000-gabalini\/\" \/>\n<meta property=\"og:locale\" content=\"lv_LV\" \/>\n<meta property=\"og:type\" content=\"article\" \/>\n<meta property=\"og:title\" content=\"Clementoni Stranger Things Puzzle 1000 gabali\u0146i - Toys.lt\" \/>\n<meta property=\"og:description\" content=\"Clementoni Stranger Things Puzzle ar 1000 gabali\u0146iem. Licenc\u0113ts 4. sezonas mot\u012bvs, spilgtas kr\u0101sas un izm\u0113rs 70\u00d750 cm. Lieliski piem\u0113rots seri\u0101la faniem.\" \/>\n<meta property=\"og:url\" content=\"https:\/\/toys.lt\/lv\/produktas\/clementoni-stranger-things-puzzle-1000-gabalini\/\" \/>\n<meta property=\"og:site_name\" content=\"Toys.lt\" \/>\n<meta property=\"article:modified_time\" content=\"2026-04-08T00:01:00+00:00\" \/>\n<meta property=\"og:image\" content=\"https:\/\/toys.lt\/wp-content\/uploads\/2025\/12\/39763-clementoni-delione-starnger-things-1000-detaliu-1.jpg\" \/>\n\t<meta property=\"og:image:width\" content=\"581\" \/>\n\t<meta property=\"og:image:height\" content=\"797\" \/>\n\t<meta property=\"og:image:type\" content=\"image\/jpeg\" \/>\n<meta name=\"twitter:card\" content=\"summary_large_image\" \/>\n<meta name=\"twitter:label1\" content=\"Est. reading time\" \/>\n\t<meta name=\"twitter:data1\" content=\"1 minute\" \/>\n<script type=\"application\/ld+json\" class=\"yoast-schema-graph\">{\"@context\":\"https:\/\/schema.org\",\"@graph\":[{\"@type\":\"WebPage\",\"@id\":\"https:\/\/toys.lt\/lv\/produktas\/clementoni-stranger-things-puzzle-1000-gabalini\/\",\"url\":\"https:\/\/toys.lt\/lv\/produktas\/clementoni-stranger-things-puzzle-1000-gabalini\/\",\"name\":\"Clementoni Stranger Things Puzzle 1000 gabali\u0146i - Toys.lt\",\"isPartOf\":{\"@id\":\"https:\/\/toys.lt\/lv\/#website\"},\"primaryImageOfPage\":{\"@id\":\"https:\/\/toys.lt\/lv\/produktas\/clementoni-stranger-things-puzzle-1000-gabalini\/#primaryimage\"},\"image\":{\"@id\":\"https:\/\/toys.lt\/lv\/produktas\/clementoni-stranger-things-puzzle-1000-gabalini\/#primaryimage\"},\"thumbnailUrl\":\"https:\/\/toys.lt\/wp-content\/uploads\/2025\/12\/39763-clementoni-delione-starnger-things-1000-detaliu-1.jpg\",\"datePublished\":\"2025-12-06T13:17:15+00:00\",\"dateModified\":\"2026-04-08T00:01:00+00:00\",\"description\":\"Clementoni Stranger Things Puzzle ar 1000 gabali\u0146iem. Licenc\u0113ts 4. sezonas mot\u012bvs, spilgtas kr\u0101sas un izm\u0113rs 70\u00d750 cm. Lieliski piem\u0113rots seri\u0101la faniem.\",\"breadcrumb\":{\"@id\":\"https:\/\/toys.lt\/lv\/produktas\/clementoni-stranger-things-puzzle-1000-gabalini\/#breadcrumb\"},\"inLanguage\":\"lv-LV\",\"potentialAction\":[{\"@type\":\"ReadAction\",\"target\":[\"https:\/\/toys.lt\/lv\/produktas\/clementoni-stranger-things-puzzle-1000-gabalini\/\"]}]},{\"@type\":\"ImageObject\",\"inLanguage\":\"lv-LV\",\"@id\":\"https:\/\/toys.lt\/lv\/produktas\/clementoni-stranger-things-puzzle-1000-gabalini\/#primaryimage\",\"url\":\"https:\/\/toys.lt\/wp-content\/uploads\/2025\/12\/39763-clementoni-delione-starnger-things-1000-detaliu-1.jpg\",\"contentUrl\":\"https:\/\/toys.lt\/wp-content\/uploads\/2025\/12\/39763-clementoni-delione-starnger-things-1000-detaliu-1.jpg\",\"width\":581,\"height\":797},{\"@type\":\"BreadcrumbList\",\"@id\":\"https:\/\/toys.lt\/lv\/produktas\/clementoni-stranger-things-puzzle-1000-gabalini\/#breadcrumb\",\"itemListElement\":[{\"@type\":\"ListItem\",\"position\":1,\"name\":\"Home\",\"item\":\"https:\/\/toys.lt\/lv\/\"},{\"@type\":\"ListItem\",\"position\":2,\"name\":\"Veikals\",\"item\":\"https:\/\/toys.lt\/lv\/shop\/\"},{\"@type\":\"ListItem\",\"position\":3,\"name\":\"Clementoni Stranger Things Puzzle 1000 gabali\u0146i\"}]},{\"@type\":\"WebSite\",\"@id\":\"https:\/\/toys.lt\/lv\/#website\",\"url\":\"https:\/\/toys.lt\/lv\/\",\"name\":\"Toys.lt\",\"description\":\"\",\"potentialAction\":[{\"@type\":\"SearchAction\",\"target\":{\"@type\":\"EntryPoint\",\"urlTemplate\":\"https:\/\/toys.lt\/lv\/?s={search_term_string}\"},\"query-input\":{\"@type\":\"PropertyValueSpecification\",\"valueRequired\":true,\"valueName\":\"search_term_string\"}}],\"inLanguage\":\"lv-LV\"}]}<\/script>\n<!-- \/ Yoast SEO plugin. -->","yoast_head_json":{"title":"Clementoni Stranger Things Puzzle 1000 gabali\u0146i - Toys.lt","description":"Clementoni Stranger Things Puzzle ar 1000 gabali\u0146iem. Licenc\u0113ts 4. sezonas mot\u012bvs, spilgtas kr\u0101sas un izm\u0113rs 70\u00d750 cm. Lieliski piem\u0113rots seri\u0101la faniem.","robots":{"index":"index","follow":"follow","max-snippet":"max-snippet:-1","max-image-preview":"max-image-preview:large","max-video-preview":"max-video-preview:-1"},"canonical":"https:\/\/toys.lt\/lv\/produktas\/clementoni-stranger-things-puzzle-1000-gabalini\/","og_locale":"lv_LV","og_type":"article","og_title":"Clementoni Stranger Things Puzzle 1000 gabali\u0146i - Toys.lt","og_description":"Clementoni Stranger Things Puzzle ar 1000 gabali\u0146iem. Licenc\u0113ts 4. sezonas mot\u012bvs, spilgtas kr\u0101sas un izm\u0113rs 70\u00d750 cm. Lieliski piem\u0113rots seri\u0101la faniem.","og_url":"https:\/\/toys.lt\/lv\/produktas\/clementoni-stranger-things-puzzle-1000-gabalini\/","og_site_name":"Toys.lt","article_modified_time":"2026-04-08T00:01:00+00:00","og_image":[{"width":581,"height":797,"url":"https:\/\/toys.lt\/wp-content\/uploads\/2025\/12\/39763-clementoni-delione-starnger-things-1000-detaliu-1.jpg","type":"image\/jpeg"}],"twitter_card":"summary_large_image","twitter_misc":{"Est. reading time":"1 minute"},"schema":{"@context":"https:\/\/schema.org","@graph":[{"@type":"WebPage","@id":"https:\/\/toys.lt\/lv\/produktas\/clementoni-stranger-things-puzzle-1000-gabalini\/","url":"https:\/\/toys.lt\/lv\/produktas\/clementoni-stranger-things-puzzle-1000-gabalini\/","name":"Clementoni Stranger Things Puzzle 1000 gabali\u0146i - Toys.lt","isPartOf":{"@id":"https:\/\/toys.lt\/lv\/#website"},"primaryImageOfPage":{"@id":"https:\/\/toys.lt\/lv\/produktas\/clementoni-stranger-things-puzzle-1000-gabalini\/#primaryimage"},"image":{"@id":"https:\/\/toys.lt\/lv\/produktas\/clementoni-stranger-things-puzzle-1000-gabalini\/#primaryimage"},"thumbnailUrl":"https:\/\/toys.lt\/wp-content\/uploads\/2025\/12\/39763-clementoni-delione-starnger-things-1000-detaliu-1.jpg","datePublished":"2025-12-06T13:17:15+00:00","dateModified":"2026-04-08T00:01:00+00:00","description":"Clementoni Stranger Things Puzzle ar 1000 gabali\u0146iem. Licenc\u0113ts 4. sezonas mot\u012bvs, spilgtas kr\u0101sas un izm\u0113rs 70\u00d750 cm. Lieliski piem\u0113rots seri\u0101la faniem.","breadcrumb":{"@id":"https:\/\/toys.lt\/lv\/produktas\/clementoni-stranger-things-puzzle-1000-gabalini\/#breadcrumb"},"inLanguage":"lv-LV","potentialAction":[{"@type":"ReadAction","target":["https:\/\/toys.lt\/lv\/produktas\/clementoni-stranger-things-puzzle-1000-gabalini\/"]}]},{"@type":"ImageObject","inLanguage":"lv-LV","@id":"https:\/\/toys.lt\/lv\/produktas\/clementoni-stranger-things-puzzle-1000-gabalini\/#primaryimage","url":"https:\/\/toys.lt\/wp-content\/uploads\/2025\/12\/39763-clementoni-delione-starnger-things-1000-detaliu-1.jpg","contentUrl":"https:\/\/toys.lt\/wp-content\/uploads\/2025\/12\/39763-clementoni-delione-starnger-things-1000-detaliu-1.jpg","width":581,"height":797},{"@type":"BreadcrumbList","@id":"https:\/\/toys.lt\/lv\/produktas\/clementoni-stranger-things-puzzle-1000-gabalini\/#breadcrumb","itemListElement":[{"@type":"ListItem","position":1,"name":"Home","item":"https:\/\/toys.lt\/lv\/"},{"@type":"ListItem","position":2,"name":"Veikals","item":"https:\/\/toys.lt\/lv\/shop\/"},{"@type":"ListItem","position":3,"name":"Clementoni Stranger Things Puzzle 1000 gabali\u0146i"}]},{"@type":"WebSite","@id":"https:\/\/toys.lt\/lv\/#website","url":"https:\/\/toys.lt\/lv\/","name":"Toys.lt","description":"","potentialAction":[{"@type":"SearchAction","target":{"@type":"EntryPoint","urlTemplate":"https:\/\/toys.lt\/lv\/?s={search_term_string}"},"query-input":{"@type":"PropertyValueSpecification","valueRequired":true,"valueName":"search_term_string"}}],"inLanguage":"lv-LV"}]}},"_links":{"self":[{"href":"https:\/\/toys.lt\/lv\/wp-json\/wp\/v2\/product\/48397","targetHints":{"allow":["GET"]}}],"collection":[{"href":"https:\/\/toys.lt\/lv\/wp-json\/wp\/v2\/product"}],"about":[{"href":"https:\/\/toys.lt\/lv\/wp-json\/wp\/v2\/types\/product"}],"replies":[{"embeddable":true,"href":"https:\/\/toys.lt\/lv\/wp-json\/wp\/v2\/comments?post=48397"}],"version-history":[{"count":0,"href":"https:\/\/toys.lt\/lv\/wp-json\/wp\/v2\/product\/48397\/revisions"}],"wp:featuredmedia":[{"embeddable":true,"href":"https:\/\/toys.lt\/lv\/wp-json\/wp\/v2\/media\/47851"}],"wp:attachment":[{"href":"https:\/\/toys.lt\/lv\/wp-json\/wp\/v2\/media?parent=48397"}],"wp:term":[{"taxonomy":"product_brand","embeddable":true,"href":"https:\/\/toys.lt\/lv\/wp-json\/wp\/v2\/product_brand?post=48397"},{"taxonomy":"product_cat","embeddable":true,"href":"https:\/\/toys.lt\/lv\/wp-json\/wp\/v2\/product_cat?post=48397"},{"taxonomy":"product_tag","embeddable":true,"href":"https:\/\/toys.lt\/lv\/wp-json\/wp\/v2\/product_tag?post=48397"}],"curies":[{"name":"wp","href":"https:\/\/api.w.org\/{rel}","templated":true}]}}