{"id":48396,"date":"2025-12-06T12:38:41","date_gmt":"2025-12-06T12:38:41","guid":{"rendered":"https:\/\/toys.lt\/produktas\/clementoni-ziemas-brinumu-zeme-londona-2000-gab\/"},"modified":"2026-04-08T00:01:01","modified_gmt":"2026-04-08T00:01:01","slug":"clementoni-ziemas-brinumu-zeme-londona-2000-gab","status":"publish","type":"product","link":"https:\/\/toys.lt\/lv\/produktas\/clementoni-ziemas-brinumu-zeme-londona-2000-gab\/","title":{"rendered":"Clementoni Ziemas br\u012bnumu zeme London\u0101 2000 gab."},"content":{"rendered":"<p data-start=\"494\" data-end=\"840\"><strong data-start=\"494\" data-end=\"570\">Clementoni Augstas kvalit\u0101tes kolekcijas puzle &#8220;Ziemas br\u012bnumu zeme London\u0101&#8221;<\/strong> aizved j\u016bs uz br\u012bni\u0161\u0137\u012bgi mirdzo\u0161o Londonas Ziemas parku, kur kr\u0101saini karuse\u013ci, atrakcijas un spilgtas gaismas rada burv\u012bgu sv\u0113tku atmosf\u0113ru. Att\u0113li ir detaliz\u0113ti, dinamiski un hipnotiz\u0113jo\u0161i &#8211; k\u0101 no putna lidojuma uz mirdzo\u0161iem ziemas sv\u0113tkiem. <\/p>\n<p data-start=\"842\" data-end=\"1085\">Puzle izce\u013cas ar iespaid\u012bgu kr\u0101su pies\u0101tin\u0101jumu un r\u016bp\u012bgu drukas kvalit\u0101ti, savuk\u0101rt prec\u012bzas un sp\u0113c\u012bgas deta\u013cas nodro\u0161ina pat\u012bkamu, nevainojamu puzles procesu. Tas ir lielisks izaicin\u0101jums puzles entuziastiem un satrieco\u0161s m\u0101kslas darbs, ko v\u0113l\u0113sieties ier\u0101m\u0113t. <\/p>\n<hr data-start=\"1087\" data-end=\"1090\">\n<h3 data-start=\"1092\" data-end=\"1109\"><strong data-start=\"1098\" data-end=\"1109\">\u2b50 Funkcijas<\/strong><\/h3>\n<ul data-start=\"1110\" data-end=\"1395\">\n<li data-start=\"1110\" data-end=\"1135\">\n<p data-start=\"1112\" data-end=\"1135\">2000 puzles gabali\u0146u<\/p>\n<\/li>\n<li data-start=\"1136\" data-end=\"1211\">\n<p data-start=\"1138\" data-end=\"1211\">Iespaid\u012bgs skats uz Londonas Ziemas izklaides parku no putna lidojuma lidojuma att\u0101luma<\/p>\n<\/li>\n<li data-start=\"1212\" data-end=\"1272\">\n<p data-start=\"1214\" data-end=\"1272\">Spilgtas, kontrastainas kr\u0101sas un augstas kvalit\u0101tes druka<\/p>\n<\/li>\n<li data-start=\"1273\" data-end=\"1325\">\n<p data-start=\"1275\" data-end=\"1325\">Prec\u012bzas, gludas deta\u013cas un perfekta savieno\u0161ana<\/p>\n<\/li>\n<li data-start=\"1326\" data-end=\"1395\">\n<p data-start=\"1328\" data-end=\"1395\">Uzlabo koncentr\u0113\u0161an\u0101s sp\u0113jas, uzman\u012bbu, rado\u0161umu un vizu\u0101lo atmi\u0146u.<\/p>\n<\/li>\n<\/ul>\n<hr data-start=\"1397\" data-end=\"1400\">\n<h3 data-start=\"1402\" data-end=\"1433\">\ud83d\udd27 <strong data-start=\"1409\" data-end=\"1433\">Tehnisk\u0101 inform\u0101cija<\/strong><\/h3>\n<ul data-start=\"1434\" data-end=\"1684\">\n<li data-start=\"1434\" data-end=\"1468\">\n<p data-start=\"1436\" data-end=\"1468\">Saloc\u012bta puzle: <strong data-start=\"1452\" data-end=\"1466\">98 \u00d7 67 cm<\/strong><\/p>\n<\/li>\n<li data-start=\"1469\" data-end=\"1513\">\n<p data-start=\"1471\" data-end=\"1513\">Iepakojuma izm\u0113ri: <strong data-start=\"1493\" data-end=\"1511\">42 \u00d7 28 \u00d7 6 cm<\/strong><\/p>\n<\/li>\n<li data-start=\"1514\" data-end=\"1536\">\n<p data-start=\"1516\" data-end=\"1536\">Svars: <strong data-start=\"1524\" data-end=\"1534\">1,3 kg<\/strong><\/p>\n<\/li>\n<li data-start=\"1537\" data-end=\"1580\">\n<p data-start=\"1539\" data-end=\"1580\">Ieteicamais vecums: <strong data-start=\"1563\" data-end=\"1578\">no 14 gadiem<\/strong><\/p>\n<\/li>\n<li data-start=\"1581\" data-end=\"1604\">\n<p data-start=\"1583\" data-end=\"1604\">Ra\u017eots It\u0101lij\u0101<\/p>\n<\/li>\n<li data-start=\"1605\" data-end=\"1684\">\n<p data-start=\"1607\" data-end=\"1684\">Dro\u0161\u012bbas br\u012bdin\u0101jums: mazo deta\u013cu d\u0113\u013c nav piem\u0113rots b\u0113rniem l\u012bdz 3 gadu (36 m\u0113ne\u0161u) vecumam.<\/p>\n<\/li>\n<\/ul>\n","protected":false},"excerpt":{"rendered":"<ul data-start=\"1434\" data-end=\"1684\">\n<li data-start=\"1434\" data-end=\"1468\">\n<p data-start=\"1436\" data-end=\"1468\">Saloc\u012bta puzle: <strong data-start=\"1452\" data-end=\"1466\">98 \u00d7 67 cm<\/strong><\/p>\n<\/li>\n<li data-start=\"1469\" data-end=\"1513\">\n<p data-start=\"1471\" data-end=\"1513\">Iepakojuma izm\u0113ri: <strong data-start=\"1493\" data-end=\"1511\">42 \u00d7 28 \u00d7 6 cm<\/strong><\/p>\n<\/li>\n<li data-start=\"1514\" data-end=\"1536\">\n<p data-start=\"1516\" data-end=\"1536\">Svars: <strong data-start=\"1524\" data-end=\"1534\">1,3 kg<\/strong><\/p>\n<\/li>\n<li data-start=\"1537\" data-end=\"1580\">\n<p data-start=\"1539\" data-end=\"1580\">Ieteicamais vecums: <strong data-start=\"1563\" data-end=\"1578\">no 14 gadiem<\/strong><\/p>\n<\/li>\n<li data-start=\"1581\" data-end=\"1604\">\n<p data-start=\"1583\" data-end=\"1604\">Ra\u017eots It\u0101lij\u0101<\/p>\n<\/li>\n<li data-start=\"1605\" data-end=\"1684\">\n<p data-start=\"1607\" data-end=\"1684\">Dro\u0161\u012bbas br\u012bdin\u0101jums: mazo deta\u013cu d\u0113\u013c nav piem\u0113rots b\u0113rniem l\u012bdz 3 gadu (36 m\u0113ne\u0161u) vecumam.<\/p>\n<\/li>\n<\/ul>\n","protected":false},"featured_media":47794,"comment_status":"open","ping_status":"closed","template":"","meta":[],"product_brand":[384],"product_cat":[1154,1153],"product_tag":[],"class_list":{"0":"post-48396","1":"product","2":"type-product","3":"status-publish","4":"has-post-thumbnail","6":"product_brand-clementoni-2","7":"product_cat-lielas-puzles-no-1500-lidz-13200-gabaliniem","8":"product_cat-puzles-puzle","9":"pa_amziaus-grupe-14-lv","10":"pa_dali-skaicius-2000-lv","11":"pa_prekes-zenklas-clementoni-lv","12":"pa_special-s-pasi-lymai-populars-produkts","13":"pa_tema-pilsetas","15":"first","16":"instock","17":"sale","18":"taxable","19":"shipping-taxable","20":"purchasable","21":"product-type-simple"},"yoast_head":"<!-- This site is optimized with the Yoast SEO plugin v26.3 - https:\/\/yoast.com\/wordpress\/plugins\/seo\/ -->\n<title>Clementoni Ziemas br\u012bnumu zeme London\u0101 2000 gab. - Toys.lt<\/title>\n<meta name=\"description\" content=\"Iespaid\u012bg\u0101 Clementoni puzle &quot;Ziemas br\u012bnumu zeme London\u0101&quot; ar 2000 gabali\u0146iem. Spilgts ziemas sv\u0113tku att\u0113ls, augstas kvalit\u0101tes deta\u013cas, izm\u0113rs 98\u00d767 cm.\" \/>\n<meta name=\"robots\" content=\"index, follow, max-snippet:-1, max-image-preview:large, max-video-preview:-1\" \/>\n<link rel=\"canonical\" href=\"https:\/\/toys.lt\/lv\/produktas\/clementoni-ziemas-brinumu-zeme-londona-2000-gab\/\" \/>\n<meta property=\"og:locale\" content=\"lv_LV\" \/>\n<meta property=\"og:type\" content=\"article\" \/>\n<meta property=\"og:title\" content=\"Clementoni Ziemas br\u012bnumu zeme London\u0101 2000 gab. - Toys.lt\" \/>\n<meta property=\"og:description\" content=\"Iespaid\u012bg\u0101 Clementoni puzle &quot;Ziemas br\u012bnumu zeme London\u0101&quot; ar 2000 gabali\u0146iem. Spilgts ziemas sv\u0113tku att\u0113ls, augstas kvalit\u0101tes deta\u013cas, izm\u0113rs 98\u00d767 cm.\" \/>\n<meta property=\"og:url\" content=\"https:\/\/toys.lt\/lv\/produktas\/clementoni-ziemas-brinumu-zeme-londona-2000-gab\/\" \/>\n<meta property=\"og:site_name\" content=\"Toys.lt\" \/>\n<meta property=\"article:modified_time\" content=\"2026-04-08T00:01:01+00:00\" \/>\n<meta property=\"og:image\" content=\"https:\/\/toys.lt\/wp-content\/uploads\/2025\/12\/32084-delione-2000-detaliu-1.jpg\" \/>\n\t<meta property=\"og:image:width\" content=\"658\" \/>\n\t<meta property=\"og:image:height\" content=\"525\" \/>\n\t<meta property=\"og:image:type\" content=\"image\/jpeg\" \/>\n<meta name=\"twitter:card\" content=\"summary_large_image\" \/>\n<meta name=\"twitter:label1\" content=\"Est. reading time\" \/>\n\t<meta name=\"twitter:data1\" content=\"1 minute\" \/>\n<script type=\"application\/ld+json\" class=\"yoast-schema-graph\">{\"@context\":\"https:\/\/schema.org\",\"@graph\":[{\"@type\":\"WebPage\",\"@id\":\"https:\/\/toys.lt\/lv\/produktas\/clementoni-ziemas-brinumu-zeme-londona-2000-gab\/\",\"url\":\"https:\/\/toys.lt\/lv\/produktas\/clementoni-ziemas-brinumu-zeme-londona-2000-gab\/\",\"name\":\"Clementoni Ziemas br\u012bnumu zeme London\u0101 2000 gab. - Toys.lt\",\"isPartOf\":{\"@id\":\"https:\/\/toys.lt\/lv\/#website\"},\"primaryImageOfPage\":{\"@id\":\"https:\/\/toys.lt\/lv\/produktas\/clementoni-ziemas-brinumu-zeme-londona-2000-gab\/#primaryimage\"},\"image\":{\"@id\":\"https:\/\/toys.lt\/lv\/produktas\/clementoni-ziemas-brinumu-zeme-londona-2000-gab\/#primaryimage\"},\"thumbnailUrl\":\"https:\/\/toys.lt\/wp-content\/uploads\/2025\/12\/32084-delione-2000-detaliu-1.jpg\",\"datePublished\":\"2025-12-06T12:38:41+00:00\",\"dateModified\":\"2026-04-08T00:01:01+00:00\",\"description\":\"Iespaid\u012bg\u0101 Clementoni puzle \\\"Ziemas br\u012bnumu zeme London\u0101\\\" ar 2000 gabali\u0146iem. Spilgts ziemas sv\u0113tku att\u0113ls, augstas kvalit\u0101tes deta\u013cas, izm\u0113rs 98\u00d767 cm.\",\"breadcrumb\":{\"@id\":\"https:\/\/toys.lt\/lv\/produktas\/clementoni-ziemas-brinumu-zeme-londona-2000-gab\/#breadcrumb\"},\"inLanguage\":\"lv-LV\",\"potentialAction\":[{\"@type\":\"ReadAction\",\"target\":[\"https:\/\/toys.lt\/lv\/produktas\/clementoni-ziemas-brinumu-zeme-londona-2000-gab\/\"]}]},{\"@type\":\"ImageObject\",\"inLanguage\":\"lv-LV\",\"@id\":\"https:\/\/toys.lt\/lv\/produktas\/clementoni-ziemas-brinumu-zeme-londona-2000-gab\/#primaryimage\",\"url\":\"https:\/\/toys.lt\/wp-content\/uploads\/2025\/12\/32084-delione-2000-detaliu-1.jpg\",\"contentUrl\":\"https:\/\/toys.lt\/wp-content\/uploads\/2025\/12\/32084-delione-2000-detaliu-1.jpg\",\"width\":658,\"height\":525},{\"@type\":\"BreadcrumbList\",\"@id\":\"https:\/\/toys.lt\/lv\/produktas\/clementoni-ziemas-brinumu-zeme-londona-2000-gab\/#breadcrumb\",\"itemListElement\":[{\"@type\":\"ListItem\",\"position\":1,\"name\":\"Home\",\"item\":\"https:\/\/toys.lt\/lv\/\"},{\"@type\":\"ListItem\",\"position\":2,\"name\":\"Veikals\",\"item\":\"https:\/\/toys.lt\/lv\/shop\/\"},{\"@type\":\"ListItem\",\"position\":3,\"name\":\"Clementoni Ziemas br\u012bnumu zeme London\u0101 2000 gab.\"}]},{\"@type\":\"WebSite\",\"@id\":\"https:\/\/toys.lt\/lv\/#website\",\"url\":\"https:\/\/toys.lt\/lv\/\",\"name\":\"Toys.lt\",\"description\":\"\",\"potentialAction\":[{\"@type\":\"SearchAction\",\"target\":{\"@type\":\"EntryPoint\",\"urlTemplate\":\"https:\/\/toys.lt\/lv\/?s={search_term_string}\"},\"query-input\":{\"@type\":\"PropertyValueSpecification\",\"valueRequired\":true,\"valueName\":\"search_term_string\"}}],\"inLanguage\":\"lv-LV\"}]}<\/script>\n<!-- \/ Yoast SEO plugin. -->","yoast_head_json":{"title":"Clementoni Ziemas br\u012bnumu zeme London\u0101 2000 gab. - Toys.lt","description":"Iespaid\u012bg\u0101 Clementoni puzle \"Ziemas br\u012bnumu zeme London\u0101\" ar 2000 gabali\u0146iem. Spilgts ziemas sv\u0113tku att\u0113ls, augstas kvalit\u0101tes deta\u013cas, izm\u0113rs 98\u00d767 cm.","robots":{"index":"index","follow":"follow","max-snippet":"max-snippet:-1","max-image-preview":"max-image-preview:large","max-video-preview":"max-video-preview:-1"},"canonical":"https:\/\/toys.lt\/lv\/produktas\/clementoni-ziemas-brinumu-zeme-londona-2000-gab\/","og_locale":"lv_LV","og_type":"article","og_title":"Clementoni Ziemas br\u012bnumu zeme London\u0101 2000 gab. - Toys.lt","og_description":"Iespaid\u012bg\u0101 Clementoni puzle \"Ziemas br\u012bnumu zeme London\u0101\" ar 2000 gabali\u0146iem. Spilgts ziemas sv\u0113tku att\u0113ls, augstas kvalit\u0101tes deta\u013cas, izm\u0113rs 98\u00d767 cm.","og_url":"https:\/\/toys.lt\/lv\/produktas\/clementoni-ziemas-brinumu-zeme-londona-2000-gab\/","og_site_name":"Toys.lt","article_modified_time":"2026-04-08T00:01:01+00:00","og_image":[{"width":658,"height":525,"url":"https:\/\/toys.lt\/wp-content\/uploads\/2025\/12\/32084-delione-2000-detaliu-1.jpg","type":"image\/jpeg"}],"twitter_card":"summary_large_image","twitter_misc":{"Est. reading time":"1 minute"},"schema":{"@context":"https:\/\/schema.org","@graph":[{"@type":"WebPage","@id":"https:\/\/toys.lt\/lv\/produktas\/clementoni-ziemas-brinumu-zeme-londona-2000-gab\/","url":"https:\/\/toys.lt\/lv\/produktas\/clementoni-ziemas-brinumu-zeme-londona-2000-gab\/","name":"Clementoni Ziemas br\u012bnumu zeme London\u0101 2000 gab. - Toys.lt","isPartOf":{"@id":"https:\/\/toys.lt\/lv\/#website"},"primaryImageOfPage":{"@id":"https:\/\/toys.lt\/lv\/produktas\/clementoni-ziemas-brinumu-zeme-londona-2000-gab\/#primaryimage"},"image":{"@id":"https:\/\/toys.lt\/lv\/produktas\/clementoni-ziemas-brinumu-zeme-londona-2000-gab\/#primaryimage"},"thumbnailUrl":"https:\/\/toys.lt\/wp-content\/uploads\/2025\/12\/32084-delione-2000-detaliu-1.jpg","datePublished":"2025-12-06T12:38:41+00:00","dateModified":"2026-04-08T00:01:01+00:00","description":"Iespaid\u012bg\u0101 Clementoni puzle \"Ziemas br\u012bnumu zeme London\u0101\" ar 2000 gabali\u0146iem. Spilgts ziemas sv\u0113tku att\u0113ls, augstas kvalit\u0101tes deta\u013cas, izm\u0113rs 98\u00d767 cm.","breadcrumb":{"@id":"https:\/\/toys.lt\/lv\/produktas\/clementoni-ziemas-brinumu-zeme-londona-2000-gab\/#breadcrumb"},"inLanguage":"lv-LV","potentialAction":[{"@type":"ReadAction","target":["https:\/\/toys.lt\/lv\/produktas\/clementoni-ziemas-brinumu-zeme-londona-2000-gab\/"]}]},{"@type":"ImageObject","inLanguage":"lv-LV","@id":"https:\/\/toys.lt\/lv\/produktas\/clementoni-ziemas-brinumu-zeme-londona-2000-gab\/#primaryimage","url":"https:\/\/toys.lt\/wp-content\/uploads\/2025\/12\/32084-delione-2000-detaliu-1.jpg","contentUrl":"https:\/\/toys.lt\/wp-content\/uploads\/2025\/12\/32084-delione-2000-detaliu-1.jpg","width":658,"height":525},{"@type":"BreadcrumbList","@id":"https:\/\/toys.lt\/lv\/produktas\/clementoni-ziemas-brinumu-zeme-londona-2000-gab\/#breadcrumb","itemListElement":[{"@type":"ListItem","position":1,"name":"Home","item":"https:\/\/toys.lt\/lv\/"},{"@type":"ListItem","position":2,"name":"Veikals","item":"https:\/\/toys.lt\/lv\/shop\/"},{"@type":"ListItem","position":3,"name":"Clementoni Ziemas br\u012bnumu zeme London\u0101 2000 gab."}]},{"@type":"WebSite","@id":"https:\/\/toys.lt\/lv\/#website","url":"https:\/\/toys.lt\/lv\/","name":"Toys.lt","description":"","potentialAction":[{"@type":"SearchAction","target":{"@type":"EntryPoint","urlTemplate":"https:\/\/toys.lt\/lv\/?s={search_term_string}"},"query-input":{"@type":"PropertyValueSpecification","valueRequired":true,"valueName":"search_term_string"}}],"inLanguage":"lv-LV"}]}},"_links":{"self":[{"href":"https:\/\/toys.lt\/lv\/wp-json\/wp\/v2\/product\/48396","targetHints":{"allow":["GET"]}}],"collection":[{"href":"https:\/\/toys.lt\/lv\/wp-json\/wp\/v2\/product"}],"about":[{"href":"https:\/\/toys.lt\/lv\/wp-json\/wp\/v2\/types\/product"}],"replies":[{"embeddable":true,"href":"https:\/\/toys.lt\/lv\/wp-json\/wp\/v2\/comments?post=48396"}],"version-history":[{"count":0,"href":"https:\/\/toys.lt\/lv\/wp-json\/wp\/v2\/product\/48396\/revisions"}],"wp:featuredmedia":[{"embeddable":true,"href":"https:\/\/toys.lt\/lv\/wp-json\/wp\/v2\/media\/47794"}],"wp:attachment":[{"href":"https:\/\/toys.lt\/lv\/wp-json\/wp\/v2\/media?parent=48396"}],"wp:term":[{"taxonomy":"product_brand","embeddable":true,"href":"https:\/\/toys.lt\/lv\/wp-json\/wp\/v2\/product_brand?post=48396"},{"taxonomy":"product_cat","embeddable":true,"href":"https:\/\/toys.lt\/lv\/wp-json\/wp\/v2\/product_cat?post=48396"},{"taxonomy":"product_tag","embeddable":true,"href":"https:\/\/toys.lt\/lv\/wp-json\/wp\/v2\/product_tag?post=48396"}],"curies":[{"name":"wp","href":"https:\/\/api.w.org\/{rel}","templated":true}]}}