{"id":48395,"date":"2025-12-06T13:13:42","date_gmt":"2025-12-06T13:13:42","guid":{"rendered":"https:\/\/toys.lt\/produktas\/clementoni-tris-laboratorijas-puzzle-1000-gabalini\/"},"modified":"2026-04-08T00:01:00","modified_gmt":"2026-04-08T00:01:00","slug":"clementoni-tris-laboratorijas-puzzle-1000-gabalini","status":"publish","type":"product","link":"https:\/\/toys.lt\/lv\/produktas\/clementoni-tris-laboratorijas-puzzle-1000-gabalini\/","title":{"rendered":"Clementoni Tr\u012bs laboratorijas Puzzle 1000 gabali\u0146i"},"content":{"rendered":"<p data-start=\"220\" data-end=\"514\"><strong data-start=\"220\" data-end=\"279\">Clementoni Augstas kvalit\u0101tes kolekcijas &#8220;Tr\u012bs labradori&#8221; puzle<\/strong> ir silts, rota\u013c\u012bgs un \u013coti jauks tr\u012bs labradoru kuc\u0113nu portrets. Kuc\u0113ni da\u017e\u0101d\u0101s kr\u0101s\u0101s &#8211; meln\u0101, dzelten\u0101 un br\u016bn\u0101 &#8211; mier\u012bgi poz\u0113 \u0161aj\u0101 fotogr\u0101fij\u0101, kas izstaro m\u0101j\u012bguma, rota\u013c\u012bguma un maigas draudz\u012bbas noska\u0146u. <\/p>\n<p data-start=\"516\" data-end=\"753\">\u0160\u012b puzle patiks gan dz\u012bvnieku m\u012b\u013cot\u0101jiem, gan tiem, kas mekl\u0113 pozit\u012bvu, relaks\u0113jo\u0161u att\u0113lu. Augst\u0101 drukas kvalit\u0101te, dabisk\u0101s deta\u013cas un bag\u0101t\u012bg\u0101s kr\u0101sas \u013cauj re\u0101listiski atveidot apburo\u0161\u0101s kuc\u0113nu sejas un ka\u017eoka tekst\u016bru. <\/p>\n<hr data-start=\"755\" data-end=\"758\">\n<h3 data-start=\"760\" data-end=\"777\"><strong data-start=\"766\" data-end=\"777\">\u2b50 Funkcijas<\/strong><\/h3>\n<ul data-start=\"778\" data-end=\"1012\">\n<li data-start=\"778\" data-end=\"803\">\n<p data-start=\"780\" data-end=\"803\">1000 puzles gabali\u0146u<\/p>\n<\/li>\n<li data-start=\"804\" data-end=\"854\">\n<p data-start=\"806\" data-end=\"854\">Tr\u012bs labradoru kuc\u0113nu m\u012bl\u012bgs mot\u012bvs<\/p>\n<\/li>\n<li data-start=\"855\" data-end=\"900\">\n<p data-start=\"857\" data-end=\"900\">Spilgtas kr\u0101sas un augstas kvalit\u0101tes druka<\/p>\n<\/li>\n<li data-start=\"901\" data-end=\"953\">\n<p data-start=\"903\" data-end=\"953\">Sp\u0113c\u012bgas, gludas un prec\u012bzi sagrieztas deta\u013cas<\/p>\n<\/li>\n<li data-start=\"954\" data-end=\"1012\">\n<p data-start=\"956\" data-end=\"1012\">Att\u012bsta koncentr\u0113\u0161an\u0101s sp\u0113jas, uzman\u012bbu, paciet\u012bbu un izt\u0113li.<\/p>\n<\/li>\n<\/ul>\n<hr data-start=\"1014\" data-end=\"1017\">\n<h3 data-start=\"1019\" data-end=\"1050\">\ud83d\udd27 <strong data-start=\"1026\" data-end=\"1050\">Tehnisk\u0101 inform\u0101cija<\/strong><\/h3>\n<ul data-start=\"1051\" data-end=\"1335\">\n<li data-start=\"1051\" data-end=\"1085\">\n<p data-start=\"1053\" data-end=\"1085\">Saloc\u012bta puzle: <strong data-start=\"1069\" data-end=\"1083\">70 \u00d7 50 cm<\/strong><\/p>\n<\/li>\n<li data-start=\"1086\" data-end=\"1130\">\n<p data-start=\"1088\" data-end=\"1130\">Iepakojuma izm\u0113ri: <strong data-start=\"1110\" data-end=\"1128\">37 \u00d7 28 \u00d7 5 cm<\/strong><\/p>\n<\/li>\n<li data-start=\"1131\" data-end=\"1153\">\n<p data-start=\"1133\" data-end=\"1153\">Svars: <strong data-start=\"1141\" data-end=\"1151\">0,9 kg<\/strong><\/p>\n<\/li>\n<li data-start=\"1154\" data-end=\"1231\">\n<p data-start=\"1156\" data-end=\"1231\">Ieteicamais vecums: <strong data-start=\"1180\" data-end=\"1195\">no 14 gadiem<\/strong> (standarta 1000 gabalu s\u0113rijai)<\/p>\n<\/li>\n<li data-start=\"1232\" data-end=\"1255\">\n<p data-start=\"1234\" data-end=\"1255\">Ra\u017eots It\u0101lij\u0101<\/p>\n<\/li>\n<li data-start=\"1256\" data-end=\"1335\">\n<p data-start=\"1258\" data-end=\"1335\">Dro\u0161\u012bbas br\u012bdin\u0101jums: mazo deta\u013cu d\u0113\u013c nav piem\u0113rots b\u0113rniem l\u012bdz 3 gadu (36 m\u0113ne\u0161u) vecumam.<\/p>\n<\/li>\n<\/ul>\n","protected":false},"excerpt":{"rendered":"<ul data-start=\"1051\" data-end=\"1335\">\n<li data-start=\"1051\" data-end=\"1085\">\n<p data-start=\"1053\" data-end=\"1085\">Saloc\u012bta puzle: <strong data-start=\"1069\" data-end=\"1083\">70 \u00d7 50 cm<\/strong><\/p>\n<\/li>\n<li data-start=\"1086\" data-end=\"1130\">\n<p data-start=\"1088\" data-end=\"1130\">Iepakojuma izm\u0113ri: <strong data-start=\"1110\" data-end=\"1128\">37 \u00d7 28 \u00d7 5 cm<\/strong><\/p>\n<\/li>\n<li data-start=\"1131\" data-end=\"1153\">\n<p data-start=\"1133\" data-end=\"1153\">Svars: <strong data-start=\"1141\" data-end=\"1151\">0,9 kg<\/strong><\/p>\n<\/li>\n<li data-start=\"1154\" data-end=\"1231\">\n<p data-start=\"1156\" data-end=\"1231\">Ieteicamais vecums: <strong data-start=\"1180\" data-end=\"1195\">no 14 gadiem<\/strong> (standarta 1000 gabalu s\u0113rijai)<\/p>\n<\/li>\n<li data-start=\"1232\" data-end=\"1255\">\n<p data-start=\"1234\" data-end=\"1255\">Ra\u017eots It\u0101lij\u0101<\/p>\n<\/li>\n<li data-start=\"1256\" data-end=\"1335\">\n<p data-start=\"1258\" data-end=\"1335\">Dro\u0161\u012bbas br\u012bdin\u0101jums: mazo deta\u013cu d\u0113\u013c nav piem\u0113rots b\u0113rniem l\u012bdz 3 gadu (36 m\u0113ne\u0161u) vecumam.<\/p>\n<\/li>\n<\/ul>\n","protected":false},"featured_media":47843,"comment_status":"open","ping_status":"closed","template":"","meta":[],"product_brand":[384],"product_cat":[1153,1165],"product_tag":[],"class_list":{"0":"post-48395","1":"product","2":"type-product","3":"status-publish","4":"has-post-thumbnail","6":"product_brand-clementoni-2","7":"product_cat-puzles-puzle","8":"product_cat-puzles-no-500-lidz-1000-gabaliniem","9":"pa_amziaus-grupe-14-lv","10":"pa_dali-skaicius-1203","11":"pa_prekes-zenklas-clementoni-lv","12":"pa_special-s-pasi-lymai-populars-produkts","13":"pa_tema-dzivnieki","15":"first","16":"instock","17":"sale","18":"taxable","19":"shipping-taxable","20":"purchasable","21":"product-type-simple"},"yoast_head":"<!-- This site is optimized with the Yoast SEO plugin v27.6 - https:\/\/yoast.com\/product\/yoast-seo-wordpress\/ -->\n<title>Clementoni Tr\u012bs laboratorijas Puzzle 1000 gabali\u0146i - Toys.lt<\/title>\n<meta name=\"description\" content=\"Clementoni Three Labs puzle ar 1000 gabali\u0146iem. Tr\u012bs simp\u0101tiski labradora kuc\u0113ni, augstas kvalit\u0101tes un izm\u0113ra 70\u00d750 cm. Lieliski piem\u0113rots dz\u012bvnieku m\u012b\u013cot\u0101jiem.\" \/>\n<meta name=\"robots\" content=\"index, follow, max-snippet:-1, max-image-preview:large, max-video-preview:-1\" \/>\n<link rel=\"canonical\" href=\"https:\/\/toys.lt\/lv\/produktas\/clementoni-tris-laboratorijas-puzzle-1000-gabalini\/\" \/>\n<meta property=\"og:locale\" content=\"lv_LV\" \/>\n<meta property=\"og:type\" content=\"article\" \/>\n<meta property=\"og:title\" content=\"Clementoni Tr\u012bs laboratorijas Puzzle 1000 gabali\u0146i - Toys.lt\" \/>\n<meta property=\"og:description\" content=\"Clementoni Three Labs puzle ar 1000 gabali\u0146iem. Tr\u012bs simp\u0101tiski labradora kuc\u0113ni, augstas kvalit\u0101tes un izm\u0113ra 70\u00d750 cm. Lieliski piem\u0113rots dz\u012bvnieku m\u012b\u013cot\u0101jiem.\" \/>\n<meta property=\"og:url\" content=\"https:\/\/toys.lt\/lv\/produktas\/clementoni-tris-laboratorijas-puzzle-1000-gabalini\/\" \/>\n<meta property=\"og:site_name\" content=\"Toys.lt\" \/>\n<meta property=\"article:modified_time\" content=\"2026-04-08T00:01:00+00:00\" \/>\n<meta property=\"og:image\" content=\"https:\/\/toys.lt\/wp-content\/uploads\/2025\/12\/39279-clementoni-delione-suniukai-1000-detalius-1.jpg\" \/>\n\t<meta property=\"og:image:width\" content=\"633\" \/>\n\t<meta property=\"og:image:height\" content=\"581\" \/>\n\t<meta property=\"og:image:type\" content=\"image\/jpeg\" \/>\n<meta name=\"twitter:card\" content=\"summary_large_image\" \/>\n<meta name=\"twitter:label1\" content=\"Est. reading time\" \/>\n\t<meta name=\"twitter:data1\" content=\"1 minute\" \/>\n<script type=\"application\/ld+json\" class=\"yoast-schema-graph\">{\"@context\":\"https:\\\/\\\/schema.org\",\"@graph\":[{\"@type\":\"WebPage\",\"@id\":\"https:\\\/\\\/toys.lt\\\/lv\\\/produktas\\\/clementoni-tris-laboratorijas-puzzle-1000-gabalini\\\/\",\"url\":\"https:\\\/\\\/toys.lt\\\/lv\\\/produktas\\\/clementoni-tris-laboratorijas-puzzle-1000-gabalini\\\/\",\"name\":\"Clementoni Tr\u012bs laboratorijas Puzzle 1000 gabali\u0146i - Toys.lt\",\"isPartOf\":{\"@id\":\"https:\\\/\\\/toys.lt\\\/lv\\\/#website\"},\"primaryImageOfPage\":{\"@id\":\"https:\\\/\\\/toys.lt\\\/lv\\\/produktas\\\/clementoni-tris-laboratorijas-puzzle-1000-gabalini\\\/#primaryimage\"},\"image\":{\"@id\":\"https:\\\/\\\/toys.lt\\\/lv\\\/produktas\\\/clementoni-tris-laboratorijas-puzzle-1000-gabalini\\\/#primaryimage\"},\"thumbnailUrl\":\"https:\\\/\\\/toys.lt\\\/wp-content\\\/uploads\\\/2025\\\/12\\\/39279-clementoni-delione-suniukai-1000-detalius-1.jpg\",\"datePublished\":\"2025-12-06T13:13:42+00:00\",\"dateModified\":\"2026-04-08T00:01:00+00:00\",\"description\":\"Clementoni Three Labs puzle ar 1000 gabali\u0146iem. Tr\u012bs simp\u0101tiski labradora kuc\u0113ni, augstas kvalit\u0101tes un izm\u0113ra 70\u00d750 cm. Lieliski piem\u0113rots dz\u012bvnieku m\u012b\u013cot\u0101jiem.\",\"breadcrumb\":{\"@id\":\"https:\\\/\\\/toys.lt\\\/lv\\\/produktas\\\/clementoni-tris-laboratorijas-puzzle-1000-gabalini\\\/#breadcrumb\"},\"inLanguage\":\"lv-LV\",\"potentialAction\":[{\"@type\":\"ReadAction\",\"target\":[\"https:\\\/\\\/toys.lt\\\/lv\\\/produktas\\\/clementoni-tris-laboratorijas-puzzle-1000-gabalini\\\/\"]}]},{\"@type\":\"ImageObject\",\"inLanguage\":\"lv-LV\",\"@id\":\"https:\\\/\\\/toys.lt\\\/lv\\\/produktas\\\/clementoni-tris-laboratorijas-puzzle-1000-gabalini\\\/#primaryimage\",\"url\":\"https:\\\/\\\/toys.lt\\\/wp-content\\\/uploads\\\/2025\\\/12\\\/39279-clementoni-delione-suniukai-1000-detalius-1.jpg\",\"contentUrl\":\"https:\\\/\\\/toys.lt\\\/wp-content\\\/uploads\\\/2025\\\/12\\\/39279-clementoni-delione-suniukai-1000-detalius-1.jpg\",\"width\":633,\"height\":581},{\"@type\":\"BreadcrumbList\",\"@id\":\"https:\\\/\\\/toys.lt\\\/lv\\\/produktas\\\/clementoni-tris-laboratorijas-puzzle-1000-gabalini\\\/#breadcrumb\",\"itemListElement\":[{\"@type\":\"ListItem\",\"position\":1,\"name\":\"Home\",\"item\":\"https:\\\/\\\/toys.lt\\\/lv\\\/\"},{\"@type\":\"ListItem\",\"position\":2,\"name\":\"Veikals\",\"item\":\"https:\\\/\\\/toys.lt\\\/lv\\\/shop\\\/\"},{\"@type\":\"ListItem\",\"position\":3,\"name\":\"Clementoni Tr\u012bs laboratorijas Puzzle 1000 gabali\u0146i\"}]},{\"@type\":\"WebSite\",\"@id\":\"https:\\\/\\\/toys.lt\\\/lv\\\/#website\",\"url\":\"https:\\\/\\\/toys.lt\\\/lv\\\/\",\"name\":\"Toys.lt\",\"description\":\"\",\"potentialAction\":[{\"@type\":\"SearchAction\",\"target\":{\"@type\":\"EntryPoint\",\"urlTemplate\":\"https:\\\/\\\/toys.lt\\\/lv\\\/?s={search_term_string}\"},\"query-input\":{\"@type\":\"PropertyValueSpecification\",\"valueRequired\":true,\"valueName\":\"search_term_string\"}}],\"inLanguage\":\"lv-LV\"}]}<\/script>\n<!-- \/ Yoast SEO plugin. -->","yoast_head_json":{"title":"Clementoni Tr\u012bs laboratorijas Puzzle 1000 gabali\u0146i - Toys.lt","description":"Clementoni Three Labs puzle ar 1000 gabali\u0146iem. Tr\u012bs simp\u0101tiski labradora kuc\u0113ni, augstas kvalit\u0101tes un izm\u0113ra 70\u00d750 cm. Lieliski piem\u0113rots dz\u012bvnieku m\u012b\u013cot\u0101jiem.","robots":{"index":"index","follow":"follow","max-snippet":"max-snippet:-1","max-image-preview":"max-image-preview:large","max-video-preview":"max-video-preview:-1"},"canonical":"https:\/\/toys.lt\/lv\/produktas\/clementoni-tris-laboratorijas-puzzle-1000-gabalini\/","og_locale":"lv_LV","og_type":"article","og_title":"Clementoni Tr\u012bs laboratorijas Puzzle 1000 gabali\u0146i - Toys.lt","og_description":"Clementoni Three Labs puzle ar 1000 gabali\u0146iem. Tr\u012bs simp\u0101tiski labradora kuc\u0113ni, augstas kvalit\u0101tes un izm\u0113ra 70\u00d750 cm. Lieliski piem\u0113rots dz\u012bvnieku m\u012b\u013cot\u0101jiem.","og_url":"https:\/\/toys.lt\/lv\/produktas\/clementoni-tris-laboratorijas-puzzle-1000-gabalini\/","og_site_name":"Toys.lt","article_modified_time":"2026-04-08T00:01:00+00:00","og_image":[{"width":633,"height":581,"url":"https:\/\/toys.lt\/wp-content\/uploads\/2025\/12\/39279-clementoni-delione-suniukai-1000-detalius-1.jpg","type":"image\/jpeg"}],"twitter_card":"summary_large_image","twitter_misc":{"Est. reading time":"1 minute"},"schema":{"@context":"https:\/\/schema.org","@graph":[{"@type":"WebPage","@id":"https:\/\/toys.lt\/lv\/produktas\/clementoni-tris-laboratorijas-puzzle-1000-gabalini\/","url":"https:\/\/toys.lt\/lv\/produktas\/clementoni-tris-laboratorijas-puzzle-1000-gabalini\/","name":"Clementoni Tr\u012bs laboratorijas Puzzle 1000 gabali\u0146i - Toys.lt","isPartOf":{"@id":"https:\/\/toys.lt\/lv\/#website"},"primaryImageOfPage":{"@id":"https:\/\/toys.lt\/lv\/produktas\/clementoni-tris-laboratorijas-puzzle-1000-gabalini\/#primaryimage"},"image":{"@id":"https:\/\/toys.lt\/lv\/produktas\/clementoni-tris-laboratorijas-puzzle-1000-gabalini\/#primaryimage"},"thumbnailUrl":"https:\/\/toys.lt\/wp-content\/uploads\/2025\/12\/39279-clementoni-delione-suniukai-1000-detalius-1.jpg","datePublished":"2025-12-06T13:13:42+00:00","dateModified":"2026-04-08T00:01:00+00:00","description":"Clementoni Three Labs puzle ar 1000 gabali\u0146iem. Tr\u012bs simp\u0101tiski labradora kuc\u0113ni, augstas kvalit\u0101tes un izm\u0113ra 70\u00d750 cm. Lieliski piem\u0113rots dz\u012bvnieku m\u012b\u013cot\u0101jiem.","breadcrumb":{"@id":"https:\/\/toys.lt\/lv\/produktas\/clementoni-tris-laboratorijas-puzzle-1000-gabalini\/#breadcrumb"},"inLanguage":"lv-LV","potentialAction":[{"@type":"ReadAction","target":["https:\/\/toys.lt\/lv\/produktas\/clementoni-tris-laboratorijas-puzzle-1000-gabalini\/"]}]},{"@type":"ImageObject","inLanguage":"lv-LV","@id":"https:\/\/toys.lt\/lv\/produktas\/clementoni-tris-laboratorijas-puzzle-1000-gabalini\/#primaryimage","url":"https:\/\/toys.lt\/wp-content\/uploads\/2025\/12\/39279-clementoni-delione-suniukai-1000-detalius-1.jpg","contentUrl":"https:\/\/toys.lt\/wp-content\/uploads\/2025\/12\/39279-clementoni-delione-suniukai-1000-detalius-1.jpg","width":633,"height":581},{"@type":"BreadcrumbList","@id":"https:\/\/toys.lt\/lv\/produktas\/clementoni-tris-laboratorijas-puzzle-1000-gabalini\/#breadcrumb","itemListElement":[{"@type":"ListItem","position":1,"name":"Home","item":"https:\/\/toys.lt\/lv\/"},{"@type":"ListItem","position":2,"name":"Veikals","item":"https:\/\/toys.lt\/lv\/shop\/"},{"@type":"ListItem","position":3,"name":"Clementoni Tr\u012bs laboratorijas Puzzle 1000 gabali\u0146i"}]},{"@type":"WebSite","@id":"https:\/\/toys.lt\/lv\/#website","url":"https:\/\/toys.lt\/lv\/","name":"Toys.lt","description":"","potentialAction":[{"@type":"SearchAction","target":{"@type":"EntryPoint","urlTemplate":"https:\/\/toys.lt\/lv\/?s={search_term_string}"},"query-input":{"@type":"PropertyValueSpecification","valueRequired":true,"valueName":"search_term_string"}}],"inLanguage":"lv-LV"}]}},"_links":{"self":[{"href":"https:\/\/toys.lt\/lv\/wp-json\/wp\/v2\/product\/48395","targetHints":{"allow":["GET"]}}],"collection":[{"href":"https:\/\/toys.lt\/lv\/wp-json\/wp\/v2\/product"}],"about":[{"href":"https:\/\/toys.lt\/lv\/wp-json\/wp\/v2\/types\/product"}],"replies":[{"embeddable":true,"href":"https:\/\/toys.lt\/lv\/wp-json\/wp\/v2\/comments?post=48395"}],"version-history":[{"count":0,"href":"https:\/\/toys.lt\/lv\/wp-json\/wp\/v2\/product\/48395\/revisions"}],"wp:featuredmedia":[{"embeddable":true,"href":"https:\/\/toys.lt\/lv\/wp-json\/wp\/v2\/media\/47843"}],"wp:attachment":[{"href":"https:\/\/toys.lt\/lv\/wp-json\/wp\/v2\/media?parent=48395"}],"wp:term":[{"taxonomy":"product_brand","embeddable":true,"href":"https:\/\/toys.lt\/lv\/wp-json\/wp\/v2\/product_brand?post=48395"},{"taxonomy":"product_cat","embeddable":true,"href":"https:\/\/toys.lt\/lv\/wp-json\/wp\/v2\/product_cat?post=48395"},{"taxonomy":"product_tag","embeddable":true,"href":"https:\/\/toys.lt\/lv\/wp-json\/wp\/v2\/product_tag?post=48395"}],"curies":[{"name":"wp","href":"https:\/\/api.w.org\/{rel}","templated":true}]}}