{"id":48394,"date":"2025-12-06T12:31:14","date_gmt":"2025-12-06T12:31:14","guid":{"rendered":"https:\/\/toys.lt\/produktas\/clementoni-puzle-venecija-1500-gab\/"},"modified":"2026-04-08T00:01:01","modified_gmt":"2026-04-08T00:01:01","slug":"clementoni-puzle-venecija-1500-gab","status":"publish","type":"product","link":"https:\/\/toys.lt\/lv\/produktas\/clementoni-puzle-venecija-1500-gab\/","title":{"rendered":"Clementoni puzle &#8220;Ven\u0113cija&#8221; 1500 gab."},"content":{"rendered":"<p data-start=\"188\" data-end=\"714\"><strong data-start=\"188\" data-end=\"245\">Clementoni augstas kvalit\u0101tes kolekcijas puzle &#8220;Ven\u0113cija&#8221;<\/strong> aicina j\u016bs iegremd\u0113ties romantisk\u0101 vakara atmosf\u0113r\u0101 It\u0101lijas kan\u0101lu ielok\u0101. Silt\u0101 saulrieta gaisma, elegant\u0101s gondolas un m\u0101j\u012bg\u0101 kafejn\u012bcu ros\u012bba rada unik\u0101lu est\u0113tiskas relaks\u0101cijas saj\u016btu. <br data-start=\"440\" data-end=\"443\">Puzle izce\u013cas ar bag\u0101t\u012bg\u0101m kr\u0101s\u0101m, prec\u012bz\u0101m deta\u013c\u0101m un augstu drukas kvalit\u0101ti, padarot Ven\u0113cijas ainavu dz\u012bvu k\u0101 \u012bstu m\u0101kslas darbu. Saloc\u012bt\u0101 puzle b\u016bs lieliska izv\u0113le gan atp\u016btas ritu\u0101lam, gan dekor\u0113\u0161anai, un t\u0101 b\u016bs satrieco\u0161s sienas akcents. <\/p>\n<hr data-start=\"716\" data-end=\"719\">\n<h3 data-start=\"721\" data-end=\"738\"><strong data-start=\"727\" data-end=\"738\">\u2b50 Funkcijas<\/strong><\/h3>\n<ul data-start=\"739\" data-end=\"1020\">\n<li data-start=\"739\" data-end=\"764\">\n<p data-start=\"741\" data-end=\"764\">1500 puzles gabali\u0146u<\/p>\n<\/li>\n<li data-start=\"765\" data-end=\"805\">\n<p data-start=\"767\" data-end=\"805\">Romantisks Ven\u0113cijas vakara mot\u012bvs<\/p>\n<\/li>\n<li data-start=\"806\" data-end=\"860\">\n<p data-start=\"808\" data-end=\"860\">Augstas kvalit\u0101tes druka, spilgtas un bag\u0101t\u012bgas kr\u0101sas<\/p>\n<\/li>\n<li data-start=\"861\" data-end=\"943\">\n<p data-start=\"863\" data-end=\"943\">Sp\u0113c\u012bgas, gludas un prec\u012bzi sagrieztas deta\u013cas, viegli un prec\u012bzi savienojamas.<\/p>\n<\/li>\n<li data-start=\"944\" data-end=\"1020\">\n<p data-start=\"946\" data-end=\"1020\">Stimul\u0113 koncentr\u0113\u0161anos, rado\u0161umu, izt\u0113li un roku-acu koordin\u0101ciju.<\/p>\n<\/li>\n<\/ul>\n<hr data-start=\"1022\" data-end=\"1025\">\n<h3 data-start=\"1027\" data-end=\"1058\">\ud83d\udd27 <strong data-start=\"1034\" data-end=\"1058\">Tehnisk\u0101 inform\u0101cija<\/strong><\/h3>\n<ul data-start=\"1059\" data-end=\"1311\">\n<li data-start=\"1059\" data-end=\"1093\">\n<p data-start=\"1061\" data-end=\"1093\">Saloc\u012bta puzle: <strong data-start=\"1077\" data-end=\"1091\">60 \u00d7 84 cm<\/strong><\/p>\n<\/li>\n<li data-start=\"1094\" data-end=\"1140\">\n<p data-start=\"1096\" data-end=\"1140\">Iepakojuma izm\u0113ri: <strong data-start=\"1118\" data-end=\"1138\">37 \u00d7 28 \u00d7 5,5 cm<\/strong><\/p>\n<\/li>\n<li data-start=\"1141\" data-end=\"1163\">\n<p data-start=\"1143\" data-end=\"1163\">Svars: <strong data-start=\"1151\" data-end=\"1161\">1,1 kg<\/strong><\/p>\n<\/li>\n<li data-start=\"1164\" data-end=\"1207\">\n<p data-start=\"1166\" data-end=\"1207\">Ieteicamais vecums: <strong data-start=\"1190\" data-end=\"1205\">no 14 gadiem<\/strong><\/p>\n<\/li>\n<li data-start=\"1208\" data-end=\"1231\">\n<p data-start=\"1210\" data-end=\"1231\">Ra\u017eots It\u0101lij\u0101<\/p>\n<\/li>\n<li data-start=\"1232\" data-end=\"1311\">\n<p data-start=\"1234\" data-end=\"1311\">Dro\u0161\u012bbas br\u012bdin\u0101jums: mazo deta\u013cu d\u0113\u013c nav piem\u0113rots b\u0113rniem l\u012bdz 3 gadu (36 m\u0113ne\u0161u) vecumam.<\/p>\n<\/li>\n<\/ul>\n","protected":false},"excerpt":{"rendered":"<ul data-start=\"1059\" data-end=\"1311\">\n<li data-start=\"1059\" data-end=\"1093\">\n<p data-start=\"1061\" data-end=\"1093\">Saloc\u012bta puzle: <strong data-start=\"1077\" data-end=\"1091\">60 \u00d7 84 cm<\/strong><\/p>\n<\/li>\n<li data-start=\"1094\" data-end=\"1140\">\n<p data-start=\"1096\" data-end=\"1140\">Iepakojuma izm\u0113ri: <strong data-start=\"1118\" data-end=\"1138\">37 \u00d7 28 \u00d7 5,5 cm<\/strong><\/p>\n<\/li>\n<li data-start=\"1141\" data-end=\"1163\">\n<p data-start=\"1143\" data-end=\"1163\">Svars: <strong data-start=\"1151\" data-end=\"1161\">1,1 kg<\/strong><\/p>\n<\/li>\n<li data-start=\"1164\" data-end=\"1207\">\n<p data-start=\"1166\" data-end=\"1207\">Ieteicamais vecums: <strong data-start=\"1190\" data-end=\"1205\">no 14 gadiem<\/strong><\/p>\n<\/li>\n<li data-start=\"1208\" data-end=\"1231\">\n<p data-start=\"1210\" data-end=\"1231\">Ra\u017eots It\u0101lij\u0101<\/p>\n<\/li>\n<li data-start=\"1232\" data-end=\"1311\">\n<p data-start=\"1234\" data-end=\"1311\">Dro\u0161\u012bbas br\u012bdin\u0101jums: mazo deta\u013cu d\u0113\u013c nav piem\u0113rots b\u0113rniem l\u012bdz 3 gadu (36 m\u0113ne\u0161u) vecumam.<\/p>\n<\/li>\n<\/ul>\n","protected":false},"featured_media":47786,"comment_status":"open","ping_status":"closed","template":"","meta":[],"product_brand":[384],"product_cat":[1154,1153],"product_tag":[],"class_list":{"0":"post-48394","1":"product","2":"type-product","3":"status-publish","4":"has-post-thumbnail","6":"product_brand-clementoni-2","7":"product_cat-lielas-puzles-no-1500-lidz-13200-gabaliniem","8":"product_cat-puzles-puzle","9":"pa_amziaus-grupe-10-lv","10":"pa_dali-skaicius-1500-lv","11":"pa_prekes-zenklas-clementoni-lv","12":"pa_special-s-pasi-lymai-populars-produkts","13":"pa_tema-daba","15":"first","16":"instock","17":"sale","18":"taxable","19":"shipping-taxable","20":"purchasable","21":"product-type-simple"},"yoast_head":"<!-- This site is optimized with the Yoast SEO plugin v26.3 - https:\/\/yoast.com\/wordpress\/plugins\/seo\/ -->\n<title>Clementoni puzle &quot;Ven\u0113cija&quot; 1500 gab. - Toys.lt<\/title>\n<meta name=\"description\" content=\"Augstas kvalit\u0101tes Clementoni puzle &quot;Ven\u0113cija&quot; ar 1500 gabali\u0146iem. Spilgta saulrieta ainava, prec\u012bzas deta\u013cas, izm\u0113rs 60\u00d784 cm. Lieliska izklaide un dekor\u0101cija.\" \/>\n<meta name=\"robots\" content=\"index, follow, max-snippet:-1, max-image-preview:large, max-video-preview:-1\" \/>\n<link rel=\"canonical\" href=\"https:\/\/toys.lt\/lv\/produktas\/clementoni-puzle-venecija-1500-gab\/\" \/>\n<meta property=\"og:locale\" content=\"lv_LV\" \/>\n<meta property=\"og:type\" content=\"article\" \/>\n<meta property=\"og:title\" content=\"Clementoni puzle &quot;Ven\u0113cija&quot; 1500 gab. - Toys.lt\" \/>\n<meta property=\"og:description\" content=\"Augstas kvalit\u0101tes Clementoni puzle &quot;Ven\u0113cija&quot; ar 1500 gabali\u0146iem. Spilgta saulrieta ainava, prec\u012bzas deta\u013cas, izm\u0113rs 60\u00d784 cm. Lieliska izklaide un dekor\u0101cija.\" \/>\n<meta property=\"og:url\" content=\"https:\/\/toys.lt\/lv\/produktas\/clementoni-puzle-venecija-1500-gab\/\" \/>\n<meta property=\"og:site_name\" content=\"Toys.lt\" \/>\n<meta property=\"article:modified_time\" content=\"2026-04-08T00:01:01+00:00\" \/>\n<meta property=\"og:image\" content=\"https:\/\/toys.lt\/wp-content\/uploads\/2025\/12\/31668-delione-1500detaliu-1.jpg\" \/>\n\t<meta property=\"og:image:width\" content=\"668\" \/>\n\t<meta property=\"og:image:height\" content=\"579\" \/>\n\t<meta property=\"og:image:type\" content=\"image\/jpeg\" \/>\n<meta name=\"twitter:card\" content=\"summary_large_image\" \/>\n<meta name=\"twitter:label1\" content=\"Est. reading time\" \/>\n\t<meta name=\"twitter:data1\" content=\"1 minute\" \/>\n<script type=\"application\/ld+json\" class=\"yoast-schema-graph\">{\"@context\":\"https:\/\/schema.org\",\"@graph\":[{\"@type\":\"WebPage\",\"@id\":\"https:\/\/toys.lt\/lv\/produktas\/clementoni-puzle-venecija-1500-gab\/\",\"url\":\"https:\/\/toys.lt\/lv\/produktas\/clementoni-puzle-venecija-1500-gab\/\",\"name\":\"Clementoni puzle \\\"Ven\u0113cija\\\" 1500 gab. - Toys.lt\",\"isPartOf\":{\"@id\":\"https:\/\/toys.lt\/lv\/#website\"},\"primaryImageOfPage\":{\"@id\":\"https:\/\/toys.lt\/lv\/produktas\/clementoni-puzle-venecija-1500-gab\/#primaryimage\"},\"image\":{\"@id\":\"https:\/\/toys.lt\/lv\/produktas\/clementoni-puzle-venecija-1500-gab\/#primaryimage\"},\"thumbnailUrl\":\"https:\/\/toys.lt\/wp-content\/uploads\/2025\/12\/31668-delione-1500detaliu-1.jpg\",\"datePublished\":\"2025-12-06T12:31:14+00:00\",\"dateModified\":\"2026-04-08T00:01:01+00:00\",\"description\":\"Augstas kvalit\u0101tes Clementoni puzle \\\"Ven\u0113cija\\\" ar 1500 gabali\u0146iem. Spilgta saulrieta ainava, prec\u012bzas deta\u013cas, izm\u0113rs 60\u00d784 cm. Lieliska izklaide un dekor\u0101cija.\",\"breadcrumb\":{\"@id\":\"https:\/\/toys.lt\/lv\/produktas\/clementoni-puzle-venecija-1500-gab\/#breadcrumb\"},\"inLanguage\":\"lv-LV\",\"potentialAction\":[{\"@type\":\"ReadAction\",\"target\":[\"https:\/\/toys.lt\/lv\/produktas\/clementoni-puzle-venecija-1500-gab\/\"]}]},{\"@type\":\"ImageObject\",\"inLanguage\":\"lv-LV\",\"@id\":\"https:\/\/toys.lt\/lv\/produktas\/clementoni-puzle-venecija-1500-gab\/#primaryimage\",\"url\":\"https:\/\/toys.lt\/wp-content\/uploads\/2025\/12\/31668-delione-1500detaliu-1.jpg\",\"contentUrl\":\"https:\/\/toys.lt\/wp-content\/uploads\/2025\/12\/31668-delione-1500detaliu-1.jpg\",\"width\":668,\"height\":579},{\"@type\":\"BreadcrumbList\",\"@id\":\"https:\/\/toys.lt\/lv\/produktas\/clementoni-puzle-venecija-1500-gab\/#breadcrumb\",\"itemListElement\":[{\"@type\":\"ListItem\",\"position\":1,\"name\":\"Home\",\"item\":\"https:\/\/toys.lt\/lv\/\"},{\"@type\":\"ListItem\",\"position\":2,\"name\":\"Veikals\",\"item\":\"https:\/\/toys.lt\/lv\/shop\/\"},{\"@type\":\"ListItem\",\"position\":3,\"name\":\"Clementoni puzle &#8222;Ven\u0113cija&#8221; 1500 gab.\"}]},{\"@type\":\"WebSite\",\"@id\":\"https:\/\/toys.lt\/lv\/#website\",\"url\":\"https:\/\/toys.lt\/lv\/\",\"name\":\"Toys.lt\",\"description\":\"\",\"potentialAction\":[{\"@type\":\"SearchAction\",\"target\":{\"@type\":\"EntryPoint\",\"urlTemplate\":\"https:\/\/toys.lt\/lv\/?s={search_term_string}\"},\"query-input\":{\"@type\":\"PropertyValueSpecification\",\"valueRequired\":true,\"valueName\":\"search_term_string\"}}],\"inLanguage\":\"lv-LV\"}]}<\/script>\n<!-- \/ Yoast SEO plugin. -->","yoast_head_json":{"title":"Clementoni puzle \"Ven\u0113cija\" 1500 gab. - Toys.lt","description":"Augstas kvalit\u0101tes Clementoni puzle \"Ven\u0113cija\" ar 1500 gabali\u0146iem. Spilgta saulrieta ainava, prec\u012bzas deta\u013cas, izm\u0113rs 60\u00d784 cm. Lieliska izklaide un dekor\u0101cija.","robots":{"index":"index","follow":"follow","max-snippet":"max-snippet:-1","max-image-preview":"max-image-preview:large","max-video-preview":"max-video-preview:-1"},"canonical":"https:\/\/toys.lt\/lv\/produktas\/clementoni-puzle-venecija-1500-gab\/","og_locale":"lv_LV","og_type":"article","og_title":"Clementoni puzle \"Ven\u0113cija\" 1500 gab. - Toys.lt","og_description":"Augstas kvalit\u0101tes Clementoni puzle \"Ven\u0113cija\" ar 1500 gabali\u0146iem. Spilgta saulrieta ainava, prec\u012bzas deta\u013cas, izm\u0113rs 60\u00d784 cm. Lieliska izklaide un dekor\u0101cija.","og_url":"https:\/\/toys.lt\/lv\/produktas\/clementoni-puzle-venecija-1500-gab\/","og_site_name":"Toys.lt","article_modified_time":"2026-04-08T00:01:01+00:00","og_image":[{"width":668,"height":579,"url":"https:\/\/toys.lt\/wp-content\/uploads\/2025\/12\/31668-delione-1500detaliu-1.jpg","type":"image\/jpeg"}],"twitter_card":"summary_large_image","twitter_misc":{"Est. reading time":"1 minute"},"schema":{"@context":"https:\/\/schema.org","@graph":[{"@type":"WebPage","@id":"https:\/\/toys.lt\/lv\/produktas\/clementoni-puzle-venecija-1500-gab\/","url":"https:\/\/toys.lt\/lv\/produktas\/clementoni-puzle-venecija-1500-gab\/","name":"Clementoni puzle \"Ven\u0113cija\" 1500 gab. - Toys.lt","isPartOf":{"@id":"https:\/\/toys.lt\/lv\/#website"},"primaryImageOfPage":{"@id":"https:\/\/toys.lt\/lv\/produktas\/clementoni-puzle-venecija-1500-gab\/#primaryimage"},"image":{"@id":"https:\/\/toys.lt\/lv\/produktas\/clementoni-puzle-venecija-1500-gab\/#primaryimage"},"thumbnailUrl":"https:\/\/toys.lt\/wp-content\/uploads\/2025\/12\/31668-delione-1500detaliu-1.jpg","datePublished":"2025-12-06T12:31:14+00:00","dateModified":"2026-04-08T00:01:01+00:00","description":"Augstas kvalit\u0101tes Clementoni puzle \"Ven\u0113cija\" ar 1500 gabali\u0146iem. Spilgta saulrieta ainava, prec\u012bzas deta\u013cas, izm\u0113rs 60\u00d784 cm. Lieliska izklaide un dekor\u0101cija.","breadcrumb":{"@id":"https:\/\/toys.lt\/lv\/produktas\/clementoni-puzle-venecija-1500-gab\/#breadcrumb"},"inLanguage":"lv-LV","potentialAction":[{"@type":"ReadAction","target":["https:\/\/toys.lt\/lv\/produktas\/clementoni-puzle-venecija-1500-gab\/"]}]},{"@type":"ImageObject","inLanguage":"lv-LV","@id":"https:\/\/toys.lt\/lv\/produktas\/clementoni-puzle-venecija-1500-gab\/#primaryimage","url":"https:\/\/toys.lt\/wp-content\/uploads\/2025\/12\/31668-delione-1500detaliu-1.jpg","contentUrl":"https:\/\/toys.lt\/wp-content\/uploads\/2025\/12\/31668-delione-1500detaliu-1.jpg","width":668,"height":579},{"@type":"BreadcrumbList","@id":"https:\/\/toys.lt\/lv\/produktas\/clementoni-puzle-venecija-1500-gab\/#breadcrumb","itemListElement":[{"@type":"ListItem","position":1,"name":"Home","item":"https:\/\/toys.lt\/lv\/"},{"@type":"ListItem","position":2,"name":"Veikals","item":"https:\/\/toys.lt\/lv\/shop\/"},{"@type":"ListItem","position":3,"name":"Clementoni puzle &#8222;Ven\u0113cija&#8221; 1500 gab."}]},{"@type":"WebSite","@id":"https:\/\/toys.lt\/lv\/#website","url":"https:\/\/toys.lt\/lv\/","name":"Toys.lt","description":"","potentialAction":[{"@type":"SearchAction","target":{"@type":"EntryPoint","urlTemplate":"https:\/\/toys.lt\/lv\/?s={search_term_string}"},"query-input":{"@type":"PropertyValueSpecification","valueRequired":true,"valueName":"search_term_string"}}],"inLanguage":"lv-LV"}]}},"_links":{"self":[{"href":"https:\/\/toys.lt\/lv\/wp-json\/wp\/v2\/product\/48394","targetHints":{"allow":["GET"]}}],"collection":[{"href":"https:\/\/toys.lt\/lv\/wp-json\/wp\/v2\/product"}],"about":[{"href":"https:\/\/toys.lt\/lv\/wp-json\/wp\/v2\/types\/product"}],"replies":[{"embeddable":true,"href":"https:\/\/toys.lt\/lv\/wp-json\/wp\/v2\/comments?post=48394"}],"version-history":[{"count":0,"href":"https:\/\/toys.lt\/lv\/wp-json\/wp\/v2\/product\/48394\/revisions"}],"wp:featuredmedia":[{"embeddable":true,"href":"https:\/\/toys.lt\/lv\/wp-json\/wp\/v2\/media\/47786"}],"wp:attachment":[{"href":"https:\/\/toys.lt\/lv\/wp-json\/wp\/v2\/media?parent=48394"}],"wp:term":[{"taxonomy":"product_brand","embeddable":true,"href":"https:\/\/toys.lt\/lv\/wp-json\/wp\/v2\/product_brand?post=48394"},{"taxonomy":"product_cat","embeddable":true,"href":"https:\/\/toys.lt\/lv\/wp-json\/wp\/v2\/product_cat?post=48394"},{"taxonomy":"product_tag","embeddable":true,"href":"https:\/\/toys.lt\/lv\/wp-json\/wp\/v2\/product_tag?post=48394"}],"curies":[{"name":"wp","href":"https:\/\/api.w.org\/{rel}","templated":true}]}}