{"id":48378,"date":"2025-12-01T02:49:16","date_gmt":"2025-12-01T02:49:16","guid":{"rendered":"https:\/\/toys.lt\/produktas\/interaktivs-robots-dejo-spele-un-iedegas\/"},"modified":"2026-04-08T00:01:05","modified_gmt":"2026-04-08T00:01:05","slug":"interaktivs-robots-dejo-spele-un-iedegas","status":"publish","type":"product","link":"https:\/\/toys.lt\/lv\/produktas\/interaktivs-robots-dejo-spele-un-iedegas\/","title":{"rendered":"Interakt\u012bvs robots &#8211; dejo, sp\u0113l\u0113 un iedegas"},"content":{"rendered":"<p data-start=\"274\" data-end=\"688\">Interakt\u012bvais robots b\u016bs j\u016bsu b\u0113rna jautrs draugs un rota\u013cu biedrs. Tas kustas, dejo, atska\u0146o jautru m\u016bziku, ang\u013cu valod\u0101 pasaka skait\u013cus no 1 l\u012bdz 10 un \u0123eometrisk\u0101s fig\u016bras, un t\u0101 acis un \u0137ermenis mirgo ar gaismi\u0146\u0101m. Rota\u013c\u0101joties b\u0113rns att\u012bsta savas motorisk\u0101s prasmes, dzirdi, atpaz\u012bst formas un skait\u013cus un rota\u013c\u0101joties apg\u016bst ang\u013cu valodas v\u0101rdus. Robotu parasti darbina ar pog\u0101m uz korpusa, t\u0101p\u0113c tas ir piem\u0113rots jaun\u0101kiem b\u0113rniem no 3 gadu vecuma.   <\/p>\n<hr data-start=\"690\" data-end=\"693\">\n<h2 data-start=\"695\" data-end=\"722\">Funkcijas un specifik\u0101cija<\/h2>\n<ul data-start=\"724\" data-end=\"1174\">\n<li data-start=\"724\" data-end=\"765\">\n<p data-start=\"726\" data-end=\"765\">Tips: interakt\u012bvs rota\u013cu robots<\/p>\n<\/li>\n<li data-start=\"766\" data-end=\"880\">\n<p data-start=\"768\" data-end=\"880\">Funkcijas: staig\u0101, dejo, atska\u0146o m\u016bziku, run\u0101 angliski, m\u0101ca skait\u013cus no 1 l\u012bdz 10 un \u0123eometrisk\u0101s fig\u016bras, iedegas acis.<\/p>\n<\/li>\n<li data-start=\"881\" data-end=\"922\">\n<p data-start=\"883\" data-end=\"922\">Vad\u012bba: pogas uz robota korpusa<\/p>\n<\/li>\n<li data-start=\"923\" data-end=\"961\">\n<p data-start=\"925\" data-end=\"961\">Ieteicamais vecums: no 3 gadiem<\/p>\n<\/li>\n<li data-start=\"962\" data-end=\"1008\">\n<p data-start=\"964\" data-end=\"1008\">Baro\u0161ana: 3 \u00d7 AA baterijas (nav iek\u013cautas komplekt\u0101)<\/p>\n<\/li>\n<li data-start=\"1009\" data-end=\"1042\">\n<p data-start=\"1011\" data-end=\"1042\">Robota augstums: aptuveni 21-22 cm<\/p>\n<\/li>\n<li data-start=\"1043\" data-end=\"1085\">\n<p data-start=\"1045\" data-end=\"1085\">Iepakojuma izm\u0113ri: 21 \u00d7 9,5 \u00d7 28 cm<\/p>\n<\/li>\n<li data-start=\"1086\" data-end=\"1113\">\n<p data-start=\"1088\" data-end=\"1113\">Iepakojuma svars: 0,6 kg<\/p>\n<\/li>\n<li data-start=\"1114\" data-end=\"1137\">\n<p data-start=\"1116\" data-end=\"1137\">Materi\u0101ls: plastmasa<\/p>\n<\/li>\n<\/ul>\n<p><strong data-start=\"271\" data-end=\"296\">\u26a0\ufe0f Dro\u0161\u012bbas br\u012bdin\u0101jums:<\/strong><br data-start=\"296\" data-end=\"299\">Nav piem\u0113rots b\u0113rniem l\u012bdz 3 gadu vecumam. Satur s\u012bkas deta\u013cas &#8211; aizr\u012b\u0161an\u0101s risks. Lietot tikai pieaugu\u0161o uzraudz\u012bb\u0101. Uzglab\u0101t iepakojumu un maz\u0101s deta\u013cas b\u0113rniem nepieejam\u0101 viet\u0101.   <\/p>\n","protected":false},"excerpt":{"rendered":"<ul>\n<li data-start=\"964\" data-end=\"1008\">Baro\u0161ana: 3 \u00d7 AA baterijas (nav iek\u013cautas komplekt\u0101)<\/li>\n<li data-start=\"1011\" data-end=\"1042\">Robota augstums: aptuveni 21-22 cm<\/li>\n<li data-start=\"1045\" data-end=\"1085\">Iepakojuma izm\u0113ri: 21 \u00d7 9,5 \u00d7 28 cm<\/li>\n<li data-start=\"1088\" data-end=\"1113\">Iepakojuma svars: 0,6 kg<\/li>\n<li data-start=\"1116\" data-end=\"1137\">Materi\u0101ls: plastmasa<\/li>\n<li data-start=\"1116\" data-end=\"1137\">Ieteicamais vecums: no 3 gadiem<\/li>\n<li data-start=\"1140\" data-end=\"1174\">Izcelsmes valsts: \u0136\u012bna<\/li>\n<\/ul>\n","protected":false},"featured_media":47338,"comment_status":"open","ping_status":"closed","template":"","meta":[],"product_brand":[],"product_cat":[1176,1160,1155,1156],"product_tag":[],"class_list":{"0":"post-48378","1":"product","2":"type-product","3":"status-publish","4":"has-post-thumbnail","6":"product_cat-rotallietas-zeniem","7":"product_cat-kontroletas-rotallietas","8":"product_cat-leti","9":"product_cat-rotallietu-roboti-un-transformatori","10":"pa_amziaus-grupe-3-lv","11":"pa_prek-s-tipas-roboti","12":"pa_spalva-balta-zila","14":"first","15":"instock","16":"sale","17":"taxable","18":"shipping-taxable","19":"purchasable","20":"product-type-simple"},"yoast_head":"<!-- This site is optimized with the Yoast SEO plugin v26.3 - https:\/\/yoast.com\/wordpress\/plugins\/seo\/ -->\n<title>Interakt\u012bvs robots - dejo, sp\u0113l\u0113 un iedegas - Toys.lt<\/title>\n<meta name=\"description\" content=\"Interakt\u012bvs robots b\u0113rniem - dejo, sp\u0113l\u0113, iedegas un padara m\u0101c\u012b\u0161anos rota\u013c\u012bgu. Ide\u0101la izgl\u012btojo\u0161a d\u0101vana b\u0113rniem no 3 gadu vecuma.\" \/>\n<meta name=\"robots\" content=\"index, follow, max-snippet:-1, max-image-preview:large, max-video-preview:-1\" \/>\n<link rel=\"canonical\" href=\"https:\/\/toys.lt\/lv\/produktas\/interaktivs-robots-dejo-spele-un-iedegas\/\" \/>\n<meta property=\"og:locale\" content=\"lv_LV\" \/>\n<meta property=\"og:type\" content=\"article\" \/>\n<meta property=\"og:title\" content=\"Interakt\u012bvs robots - dejo, sp\u0113l\u0113 un iedegas - Toys.lt\" \/>\n<meta property=\"og:description\" content=\"Interakt\u012bvs robots b\u0113rniem - dejo, sp\u0113l\u0113, iedegas un padara m\u0101c\u012b\u0161anos rota\u013c\u012bgu. Ide\u0101la izgl\u012btojo\u0161a d\u0101vana b\u0113rniem no 3 gadu vecuma.\" \/>\n<meta property=\"og:url\" content=\"https:\/\/toys.lt\/lv\/produktas\/interaktivs-robots-dejo-spele-un-iedegas\/\" \/>\n<meta property=\"og:site_name\" content=\"Toys.lt\" \/>\n<meta property=\"article:modified_time\" content=\"2026-04-08T00:01:05+00:00\" \/>\n<meta property=\"og:image\" content=\"https:\/\/toys.lt\/wp-content\/uploads\/2025\/12\/610A-interaktyvus-robotas-1.jpg\" \/>\n\t<meta property=\"og:image:width\" content=\"800\" \/>\n\t<meta property=\"og:image:height\" content=\"800\" \/>\n\t<meta property=\"og:image:type\" content=\"image\/jpeg\" \/>\n<meta name=\"twitter:card\" content=\"summary_large_image\" \/>\n<meta name=\"twitter:label1\" content=\"Est. reading time\" \/>\n\t<meta name=\"twitter:data1\" content=\"1 minute\" \/>\n<script type=\"application\/ld+json\" class=\"yoast-schema-graph\">{\"@context\":\"https:\/\/schema.org\",\"@graph\":[{\"@type\":\"WebPage\",\"@id\":\"https:\/\/toys.lt\/lv\/produktas\/interaktivs-robots-dejo-spele-un-iedegas\/\",\"url\":\"https:\/\/toys.lt\/lv\/produktas\/interaktivs-robots-dejo-spele-un-iedegas\/\",\"name\":\"Interakt\u012bvs robots - dejo, sp\u0113l\u0113 un iedegas - Toys.lt\",\"isPartOf\":{\"@id\":\"https:\/\/toys.lt\/lv\/#website\"},\"primaryImageOfPage\":{\"@id\":\"https:\/\/toys.lt\/lv\/produktas\/interaktivs-robots-dejo-spele-un-iedegas\/#primaryimage\"},\"image\":{\"@id\":\"https:\/\/toys.lt\/lv\/produktas\/interaktivs-robots-dejo-spele-un-iedegas\/#primaryimage\"},\"thumbnailUrl\":\"https:\/\/toys.lt\/wp-content\/uploads\/2025\/12\/610A-interaktyvus-robotas-1.jpg\",\"datePublished\":\"2025-12-01T02:49:16+00:00\",\"dateModified\":\"2026-04-08T00:01:05+00:00\",\"description\":\"Interakt\u012bvs robots b\u0113rniem - dejo, sp\u0113l\u0113, iedegas un padara m\u0101c\u012b\u0161anos rota\u013c\u012bgu. Ide\u0101la izgl\u012btojo\u0161a d\u0101vana b\u0113rniem no 3 gadu vecuma.\",\"breadcrumb\":{\"@id\":\"https:\/\/toys.lt\/lv\/produktas\/interaktivs-robots-dejo-spele-un-iedegas\/#breadcrumb\"},\"inLanguage\":\"lv-LV\",\"potentialAction\":[{\"@type\":\"ReadAction\",\"target\":[\"https:\/\/toys.lt\/lv\/produktas\/interaktivs-robots-dejo-spele-un-iedegas\/\"]}]},{\"@type\":\"ImageObject\",\"inLanguage\":\"lv-LV\",\"@id\":\"https:\/\/toys.lt\/lv\/produktas\/interaktivs-robots-dejo-spele-un-iedegas\/#primaryimage\",\"url\":\"https:\/\/toys.lt\/wp-content\/uploads\/2025\/12\/610A-interaktyvus-robotas-1.jpg\",\"contentUrl\":\"https:\/\/toys.lt\/wp-content\/uploads\/2025\/12\/610A-interaktyvus-robotas-1.jpg\",\"width\":800,\"height\":800},{\"@type\":\"BreadcrumbList\",\"@id\":\"https:\/\/toys.lt\/lv\/produktas\/interaktivs-robots-dejo-spele-un-iedegas\/#breadcrumb\",\"itemListElement\":[{\"@type\":\"ListItem\",\"position\":1,\"name\":\"Home\",\"item\":\"https:\/\/toys.lt\/lv\/\"},{\"@type\":\"ListItem\",\"position\":2,\"name\":\"Veikals\",\"item\":\"https:\/\/toys.lt\/lv\/shop\/\"},{\"@type\":\"ListItem\",\"position\":3,\"name\":\"Interakt\u012bvs robots &#8211; dejo, sp\u0113l\u0113 un iedegas\"}]},{\"@type\":\"WebSite\",\"@id\":\"https:\/\/toys.lt\/lv\/#website\",\"url\":\"https:\/\/toys.lt\/lv\/\",\"name\":\"Toys.lt\",\"description\":\"\",\"potentialAction\":[{\"@type\":\"SearchAction\",\"target\":{\"@type\":\"EntryPoint\",\"urlTemplate\":\"https:\/\/toys.lt\/lv\/?s={search_term_string}\"},\"query-input\":{\"@type\":\"PropertyValueSpecification\",\"valueRequired\":true,\"valueName\":\"search_term_string\"}}],\"inLanguage\":\"lv-LV\"}]}<\/script>\n<!-- \/ Yoast SEO plugin. -->","yoast_head_json":{"title":"Interakt\u012bvs robots - dejo, sp\u0113l\u0113 un iedegas - Toys.lt","description":"Interakt\u012bvs robots b\u0113rniem - dejo, sp\u0113l\u0113, iedegas un padara m\u0101c\u012b\u0161anos rota\u013c\u012bgu. Ide\u0101la izgl\u012btojo\u0161a d\u0101vana b\u0113rniem no 3 gadu vecuma.","robots":{"index":"index","follow":"follow","max-snippet":"max-snippet:-1","max-image-preview":"max-image-preview:large","max-video-preview":"max-video-preview:-1"},"canonical":"https:\/\/toys.lt\/lv\/produktas\/interaktivs-robots-dejo-spele-un-iedegas\/","og_locale":"lv_LV","og_type":"article","og_title":"Interakt\u012bvs robots - dejo, sp\u0113l\u0113 un iedegas - Toys.lt","og_description":"Interakt\u012bvs robots b\u0113rniem - dejo, sp\u0113l\u0113, iedegas un padara m\u0101c\u012b\u0161anos rota\u013c\u012bgu. Ide\u0101la izgl\u012btojo\u0161a d\u0101vana b\u0113rniem no 3 gadu vecuma.","og_url":"https:\/\/toys.lt\/lv\/produktas\/interaktivs-robots-dejo-spele-un-iedegas\/","og_site_name":"Toys.lt","article_modified_time":"2026-04-08T00:01:05+00:00","og_image":[{"width":800,"height":800,"url":"https:\/\/toys.lt\/wp-content\/uploads\/2025\/12\/610A-interaktyvus-robotas-1.jpg","type":"image\/jpeg"}],"twitter_card":"summary_large_image","twitter_misc":{"Est. reading time":"1 minute"},"schema":{"@context":"https:\/\/schema.org","@graph":[{"@type":"WebPage","@id":"https:\/\/toys.lt\/lv\/produktas\/interaktivs-robots-dejo-spele-un-iedegas\/","url":"https:\/\/toys.lt\/lv\/produktas\/interaktivs-robots-dejo-spele-un-iedegas\/","name":"Interakt\u012bvs robots - dejo, sp\u0113l\u0113 un iedegas - Toys.lt","isPartOf":{"@id":"https:\/\/toys.lt\/lv\/#website"},"primaryImageOfPage":{"@id":"https:\/\/toys.lt\/lv\/produktas\/interaktivs-robots-dejo-spele-un-iedegas\/#primaryimage"},"image":{"@id":"https:\/\/toys.lt\/lv\/produktas\/interaktivs-robots-dejo-spele-un-iedegas\/#primaryimage"},"thumbnailUrl":"https:\/\/toys.lt\/wp-content\/uploads\/2025\/12\/610A-interaktyvus-robotas-1.jpg","datePublished":"2025-12-01T02:49:16+00:00","dateModified":"2026-04-08T00:01:05+00:00","description":"Interakt\u012bvs robots b\u0113rniem - dejo, sp\u0113l\u0113, iedegas un padara m\u0101c\u012b\u0161anos rota\u013c\u012bgu. Ide\u0101la izgl\u012btojo\u0161a d\u0101vana b\u0113rniem no 3 gadu vecuma.","breadcrumb":{"@id":"https:\/\/toys.lt\/lv\/produktas\/interaktivs-robots-dejo-spele-un-iedegas\/#breadcrumb"},"inLanguage":"lv-LV","potentialAction":[{"@type":"ReadAction","target":["https:\/\/toys.lt\/lv\/produktas\/interaktivs-robots-dejo-spele-un-iedegas\/"]}]},{"@type":"ImageObject","inLanguage":"lv-LV","@id":"https:\/\/toys.lt\/lv\/produktas\/interaktivs-robots-dejo-spele-un-iedegas\/#primaryimage","url":"https:\/\/toys.lt\/wp-content\/uploads\/2025\/12\/610A-interaktyvus-robotas-1.jpg","contentUrl":"https:\/\/toys.lt\/wp-content\/uploads\/2025\/12\/610A-interaktyvus-robotas-1.jpg","width":800,"height":800},{"@type":"BreadcrumbList","@id":"https:\/\/toys.lt\/lv\/produktas\/interaktivs-robots-dejo-spele-un-iedegas\/#breadcrumb","itemListElement":[{"@type":"ListItem","position":1,"name":"Home","item":"https:\/\/toys.lt\/lv\/"},{"@type":"ListItem","position":2,"name":"Veikals","item":"https:\/\/toys.lt\/lv\/shop\/"},{"@type":"ListItem","position":3,"name":"Interakt\u012bvs robots &#8211; dejo, sp\u0113l\u0113 un iedegas"}]},{"@type":"WebSite","@id":"https:\/\/toys.lt\/lv\/#website","url":"https:\/\/toys.lt\/lv\/","name":"Toys.lt","description":"","potentialAction":[{"@type":"SearchAction","target":{"@type":"EntryPoint","urlTemplate":"https:\/\/toys.lt\/lv\/?s={search_term_string}"},"query-input":{"@type":"PropertyValueSpecification","valueRequired":true,"valueName":"search_term_string"}}],"inLanguage":"lv-LV"}]}},"_links":{"self":[{"href":"https:\/\/toys.lt\/lv\/wp-json\/wp\/v2\/product\/48378","targetHints":{"allow":["GET"]}}],"collection":[{"href":"https:\/\/toys.lt\/lv\/wp-json\/wp\/v2\/product"}],"about":[{"href":"https:\/\/toys.lt\/lv\/wp-json\/wp\/v2\/types\/product"}],"replies":[{"embeddable":true,"href":"https:\/\/toys.lt\/lv\/wp-json\/wp\/v2\/comments?post=48378"}],"version-history":[{"count":0,"href":"https:\/\/toys.lt\/lv\/wp-json\/wp\/v2\/product\/48378\/revisions"}],"wp:featuredmedia":[{"embeddable":true,"href":"https:\/\/toys.lt\/lv\/wp-json\/wp\/v2\/media\/47338"}],"wp:attachment":[{"href":"https:\/\/toys.lt\/lv\/wp-json\/wp\/v2\/media?parent=48378"}],"wp:term":[{"taxonomy":"product_brand","embeddable":true,"href":"https:\/\/toys.lt\/lv\/wp-json\/wp\/v2\/product_brand?post=48378"},{"taxonomy":"product_cat","embeddable":true,"href":"https:\/\/toys.lt\/lv\/wp-json\/wp\/v2\/product_cat?post=48378"},{"taxonomy":"product_tag","embeddable":true,"href":"https:\/\/toys.lt\/lv\/wp-json\/wp\/v2\/product_tag?post=48378"}],"curies":[{"name":"wp","href":"https:\/\/api.w.org\/{rel}","templated":true}]}}