{"id":48375,"date":"2025-12-01T02:35:14","date_gmt":"2025-12-01T02:35:14","guid":{"rendered":"https:\/\/toys.lt\/produktas\/r-b-kontrolets-robots-ar-sausanas-funkciju\/"},"modified":"2026-04-08T00:01:06","modified_gmt":"2026-04-08T00:01:06","slug":"r-b-kontrolets-robots-ar-sausanas-funkciju","status":"publish","type":"product","link":"https:\/\/toys.lt\/lv\/produktas\/r-b-kontrolets-robots-ar-sausanas-funkciju\/","title":{"rendered":"R\/B kontrol\u0113ts robots ar \u0161au\u0161anas funkciju"},"content":{"rendered":"<p data-start=\"494\" data-end=\"764\">R\/B vad\u0101ms robots ar \u0161au\u0161anas funkciju ir iespaid\u012bga rota\u013clieta b\u0113rniem, kuriem pat\u012bk kaujas un interakt\u012bva darb\u012bba. Robots p\u0101rvietojas visos virzienos, var staig\u0101t, sl\u012bd\u0113t, griezties, \u0161aut l\u0101di\u0146us, run\u0101t angliski un tam ir spilgti gaismas un ska\u0146as efekti. <\/p>\n<p data-start=\"766\" data-end=\"938\">T\u0101lvad\u012bbas pults \u013cauj kontrol\u0113t kust\u012bbu, \u0161au\u0161anu, pauzi un \u012bpa\u0161as robotu darb\u012bbas. Ide\u0101la izv\u0113le rado\u0161iem rota\u013cu st\u0101stiem un motorikas treni\u0146iem. <\/p>\n<hr data-start=\"940\" data-end=\"943\">\n<h1 data-start=\"945\" data-end=\"968\">\ud83d\udccc <strong data-start=\"950\" data-end=\"968\">Specifik\u0101cijas<\/strong><\/h1>\n<p data-start=\"970\" data-end=\"984\"><strong data-start=\"970\" data-end=\"984\">Funkcijas:<\/strong><\/p>\n<ul data-start=\"985\" data-end=\"1215\">\n<li data-start=\"985\" data-end=\"1015\">\n<p data-start=\"987\" data-end=\"1015\">P\u0101rvieto\u0161an\u0101s uz priek\u0161u\/atpaka\u013c<\/p>\n<\/li>\n<li data-start=\"1016\" data-end=\"1045\">\n<p data-start=\"1018\" data-end=\"1045\">Pagriezieni pa labi\/ pa kreisi<\/p>\n<\/li>\n<li data-start=\"1046\" data-end=\"1076\">\n<p data-start=\"1048\" data-end=\"1076\">Slaida funkcija<\/p>\n<\/li>\n<li data-start=\"1077\" data-end=\"1094\">\n<p data-start=\"1079\" data-end=\"1094\">Pastaigas<\/p>\n<\/li>\n<li data-start=\"1095\" data-end=\"1137\">\n<p data-start=\"1097\" data-end=\"1137\">Iz\u0161aujamie l\u0101di\u0146i (~10 gab. komplekt\u0101)<\/p>\n<\/li>\n<li data-start=\"1138\" data-end=\"1165\">\n<p data-start=\"1140\" data-end=\"1165\">Gaismas + ska\u0146as efekti<\/p>\n<\/li>\n<li data-start=\"1166\" data-end=\"1185\">\n<p data-start=\"1168\" data-end=\"1185\">Run\u0101 angliski<\/p>\n<\/li>\n<li data-start=\"1186\" data-end=\"1215\">\n<p data-start=\"1188\" data-end=\"1215\">Piln\u012bga vad\u012bba, izmantojot R\/B konsoli<\/p>\n<\/li>\n<\/ul>\n<p data-start=\"1217\" data-end=\"1234\"><strong data-start=\"1217\" data-end=\"1232\">\u0112dieni:<\/strong><\/p>\n<ul data-start=\"1235\" data-end=\"1307\">\n<li data-start=\"1235\" data-end=\"1272\">\n<p data-start=\"1237\" data-end=\"1272\">Robots: <strong data-start=\"1246\" data-end=\"1256\">4 \u00d7 AA<\/strong> (nav iek\u013cauts)<\/p>\n<\/li>\n<li data-start=\"1273\" data-end=\"1307\">\n<p data-start=\"1275\" data-end=\"1307\">Konsole: <strong data-start=\"1283\" data-end=\"1293\">2 \u00d7 AA<\/strong> (nav iek\u013cautas komplekt\u0101)<\/p>\n<\/li>\n<\/ul>\n<p data-start=\"1309\" data-end=\"1327\"><strong data-start=\"1309\" data-end=\"1325\">Izm\u0113ri:<\/strong><\/p>\n<ul data-start=\"1328\" data-end=\"1439\">\n<li data-start=\"1328\" data-end=\"1367\">\n<p data-start=\"1330\" data-end=\"1367\">Robota izm\u0113rs: <strong data-start=\"1344\" data-end=\"1365\">22 \u00d7 11 \u00d7 33,5 cm<\/strong><\/p>\n<\/li>\n<li data-start=\"1368\" data-end=\"1409\">\n<p data-start=\"1370\" data-end=\"1409\">Iepakojuma izm\u0113rs: <strong data-start=\"1386\" data-end=\"1407\">30 \u00d7 14,5 \u00d7 39 cm<\/strong><\/p>\n<\/li>\n<li data-start=\"1410\" data-end=\"1439\">\n<p data-start=\"1412\" data-end=\"1439\">Iepakojuma svars: <strong data-start=\"1429\" data-end=\"1439\">1,5 kg<\/strong><\/p>\n<\/li>\n<\/ul>\n<p data-start=\"1441\" data-end=\"1464\"><strong data-start=\"1441\" data-end=\"1462\">Cita inform\u0101cija:<\/strong><\/p>\n<ul data-start=\"1465\" data-end=\"1606\">\n<li data-start=\"1465\" data-end=\"1488\">\n<p data-start=\"1467\" data-end=\"1488\">Materi\u0101ls: plastmasa<\/p>\n<\/li>\n<li data-start=\"1489\" data-end=\"1540\">\n<p data-start=\"1491\" data-end=\"1540\">Komplekt\u0101 ietilpst: robots, vad\u012bbas panelis, ~10 k\u0101rtrid\u017ei<\/p>\n<\/li>\n<li data-start=\"1541\" data-end=\"1583\">\n<p data-start=\"1543\" data-end=\"1583\">Ieteicamais vecums: <strong data-start=\"1567\" data-end=\"1581\">no 3 gadiem<\/strong><\/p>\n<\/li>\n<\/ul>\n<hr data-start=\"1608\" data-end=\"1611\">\n<h1 data-start=\"1613\" data-end=\"1639\">\u26a0\ufe0f <strong data-start=\"1618\" data-end=\"1639\">Dro\u0161\u012bbas br\u012bdin\u0101jums<\/strong><\/h1>\n<p data-start=\"1640\" data-end=\"1743\">Nav piem\u0113rots b\u0113rniem l\u012bdz 3 gadu vecumam. Ir s\u012bkas deta\u013cas &#8211; aizr\u012b\u0161an\u0101s risks. Baterijas j\u0101ievieto pieaugu\u0161ajiem.  <\/p>\n","protected":false},"excerpt":{"rendered":"<ul data-start=\"1328\" data-end=\"1439\">\n<li data-start=\"1328\" data-end=\"1367\">\n<p data-start=\"1330\" data-end=\"1367\">Robota izm\u0113rs: <strong data-start=\"1344\" data-end=\"1365\">22 \u00d7 11 \u00d7 33,5 cm<\/strong><\/p>\n<\/li>\n<li data-start=\"1368\" data-end=\"1409\">\n<p data-start=\"1370\" data-end=\"1409\">Iepakojuma izm\u0113rs: <strong data-start=\"1386\" data-end=\"1407\">30 \u00d7 14,5 \u00d7 39 cm<\/strong><\/p>\n<\/li>\n<li data-start=\"1410\" data-end=\"1439\">\n<p data-start=\"1412\" data-end=\"1439\">Iepakojuma svars: <strong data-start=\"1429\" data-end=\"1439\">1,5 kg<\/strong><\/p>\n<\/li>\n<li data-start=\"1465\" data-end=\"1488\">\n<p data-start=\"1467\" data-end=\"1488\">Materi\u0101ls: plastmasa<\/p>\n<\/li>\n<li data-start=\"1489\" data-end=\"1540\">\n<p data-start=\"1491\" data-end=\"1540\">Komplekt\u0101 ietilpst: robots, vad\u012bbas panelis, ~10 k\u0101rtrid\u017ei<\/p>\n<\/li>\n<li data-start=\"1541\" data-end=\"1583\">\n<p data-start=\"1543\" data-end=\"1583\">Ieteicamais vecums: <strong data-start=\"1567\" data-end=\"1581\">no 3 gadiem<\/strong><\/p>\n<\/li>\n<li data-start=\"1584\" data-end=\"1606\">\n<p data-start=\"1586\" data-end=\"1606\">Izcelsmes valsts: \u0136\u012bna<\/p>\n<\/li>\n<\/ul>\n","protected":false},"featured_media":47324,"comment_status":"open","ping_status":"closed","template":"","meta":[],"product_brand":[],"product_cat":[1176,1160,1155,1156],"product_tag":[],"class_list":{"0":"post-48375","1":"product","2":"type-product","3":"status-publish","4":"has-post-thumbnail","6":"product_cat-rotallietas-zeniem","7":"product_cat-kontroletas-rotallietas","8":"product_cat-leti","9":"product_cat-rotallietu-roboti-un-transformatori","10":"pa_amziaus-grupe-3-lv","11":"pa_prek-s-tipas-roboti","12":"pa_spalva-balta-zila","14":"first","15":"instock","16":"sale","17":"taxable","18":"shipping-taxable","19":"purchasable","20":"product-type-simple"},"yoast_head":"<!-- This site is optimized with the Yoast SEO plugin v26.3 - https:\/\/yoast.com\/wordpress\/plugins\/seo\/ -->\n<title>R\/B kontrol\u0113ts robots ar \u0161au\u0161anas funkciju - Toys.lt<\/title>\n<meta name=\"description\" content=\"R\/B vad\u0101ms robots ar \u0161au\u0161anas funkciju - p\u0101rvietojas visos virzienos, tam ir gaismas, ska\u0146as un vad\u012bbas panelis. Jautra interakt\u012bva rota\u013clieta b\u0113rniem no 3 gadu vecuma.\" \/>\n<meta name=\"robots\" content=\"index, follow, max-snippet:-1, max-image-preview:large, max-video-preview:-1\" \/>\n<link rel=\"canonical\" href=\"https:\/\/toys.lt\/lv\/produktas\/r-b-kontrolets-robots-ar-sausanas-funkciju\/\" \/>\n<meta property=\"og:locale\" content=\"lv_LV\" \/>\n<meta property=\"og:type\" content=\"article\" \/>\n<meta property=\"og:title\" content=\"R\/B kontrol\u0113ts robots ar \u0161au\u0161anas funkciju - Toys.lt\" \/>\n<meta property=\"og:description\" content=\"R\/B vad\u0101ms robots ar \u0161au\u0161anas funkciju - p\u0101rvietojas visos virzienos, tam ir gaismas, ska\u0146as un vad\u012bbas panelis. Jautra interakt\u012bva rota\u013clieta b\u0113rniem no 3 gadu vecuma.\" \/>\n<meta property=\"og:url\" content=\"https:\/\/toys.lt\/lv\/produktas\/r-b-kontrolets-robots-ar-sausanas-funkciju\/\" \/>\n<meta property=\"og:site_name\" content=\"Toys.lt\" \/>\n<meta property=\"article:modified_time\" content=\"2026-04-08T00:01:06+00:00\" \/>\n<meta property=\"og:image\" content=\"https:\/\/toys.lt\/wp-content\/uploads\/2025\/12\/601B-rb-robotas-2.jpg\" \/>\n\t<meta property=\"og:image:width\" content=\"543\" \/>\n\t<meta property=\"og:image:height\" content=\"622\" \/>\n\t<meta property=\"og:image:type\" content=\"image\/jpeg\" \/>\n<meta name=\"twitter:card\" content=\"summary_large_image\" \/>\n<meta name=\"twitter:label1\" content=\"Est. reading time\" \/>\n\t<meta name=\"twitter:data1\" content=\"1 minute\" \/>\n<script type=\"application\/ld+json\" class=\"yoast-schema-graph\">{\"@context\":\"https:\/\/schema.org\",\"@graph\":[{\"@type\":\"WebPage\",\"@id\":\"https:\/\/toys.lt\/lv\/produktas\/r-b-kontrolets-robots-ar-sausanas-funkciju\/\",\"url\":\"https:\/\/toys.lt\/lv\/produktas\/r-b-kontrolets-robots-ar-sausanas-funkciju\/\",\"name\":\"R\/B kontrol\u0113ts robots ar \u0161au\u0161anas funkciju - Toys.lt\",\"isPartOf\":{\"@id\":\"https:\/\/toys.lt\/lv\/#website\"},\"primaryImageOfPage\":{\"@id\":\"https:\/\/toys.lt\/lv\/produktas\/r-b-kontrolets-robots-ar-sausanas-funkciju\/#primaryimage\"},\"image\":{\"@id\":\"https:\/\/toys.lt\/lv\/produktas\/r-b-kontrolets-robots-ar-sausanas-funkciju\/#primaryimage\"},\"thumbnailUrl\":\"https:\/\/toys.lt\/wp-content\/uploads\/2025\/12\/601B-rb-robotas-2.jpg\",\"datePublished\":\"2025-12-01T02:35:14+00:00\",\"dateModified\":\"2026-04-08T00:01:06+00:00\",\"description\":\"R\/B vad\u0101ms robots ar \u0161au\u0161anas funkciju - p\u0101rvietojas visos virzienos, tam ir gaismas, ska\u0146as un vad\u012bbas panelis. Jautra interakt\u012bva rota\u013clieta b\u0113rniem no 3 gadu vecuma.\",\"breadcrumb\":{\"@id\":\"https:\/\/toys.lt\/lv\/produktas\/r-b-kontrolets-robots-ar-sausanas-funkciju\/#breadcrumb\"},\"inLanguage\":\"lv-LV\",\"potentialAction\":[{\"@type\":\"ReadAction\",\"target\":[\"https:\/\/toys.lt\/lv\/produktas\/r-b-kontrolets-robots-ar-sausanas-funkciju\/\"]}]},{\"@type\":\"ImageObject\",\"inLanguage\":\"lv-LV\",\"@id\":\"https:\/\/toys.lt\/lv\/produktas\/r-b-kontrolets-robots-ar-sausanas-funkciju\/#primaryimage\",\"url\":\"https:\/\/toys.lt\/wp-content\/uploads\/2025\/12\/601B-rb-robotas-2.jpg\",\"contentUrl\":\"https:\/\/toys.lt\/wp-content\/uploads\/2025\/12\/601B-rb-robotas-2.jpg\",\"width\":543,\"height\":622},{\"@type\":\"BreadcrumbList\",\"@id\":\"https:\/\/toys.lt\/lv\/produktas\/r-b-kontrolets-robots-ar-sausanas-funkciju\/#breadcrumb\",\"itemListElement\":[{\"@type\":\"ListItem\",\"position\":1,\"name\":\"Home\",\"item\":\"https:\/\/toys.lt\/lv\/\"},{\"@type\":\"ListItem\",\"position\":2,\"name\":\"Veikals\",\"item\":\"https:\/\/toys.lt\/lv\/shop\/\"},{\"@type\":\"ListItem\",\"position\":3,\"name\":\"R\/B kontrol\u0113ts robots ar \u0161au\u0161anas funkciju\"}]},{\"@type\":\"WebSite\",\"@id\":\"https:\/\/toys.lt\/lv\/#website\",\"url\":\"https:\/\/toys.lt\/lv\/\",\"name\":\"Toys.lt\",\"description\":\"\",\"potentialAction\":[{\"@type\":\"SearchAction\",\"target\":{\"@type\":\"EntryPoint\",\"urlTemplate\":\"https:\/\/toys.lt\/lv\/?s={search_term_string}\"},\"query-input\":{\"@type\":\"PropertyValueSpecification\",\"valueRequired\":true,\"valueName\":\"search_term_string\"}}],\"inLanguage\":\"lv-LV\"}]}<\/script>\n<!-- \/ Yoast SEO plugin. -->","yoast_head_json":{"title":"R\/B kontrol\u0113ts robots ar \u0161au\u0161anas funkciju - Toys.lt","description":"R\/B vad\u0101ms robots ar \u0161au\u0161anas funkciju - p\u0101rvietojas visos virzienos, tam ir gaismas, ska\u0146as un vad\u012bbas panelis. Jautra interakt\u012bva rota\u013clieta b\u0113rniem no 3 gadu vecuma.","robots":{"index":"index","follow":"follow","max-snippet":"max-snippet:-1","max-image-preview":"max-image-preview:large","max-video-preview":"max-video-preview:-1"},"canonical":"https:\/\/toys.lt\/lv\/produktas\/r-b-kontrolets-robots-ar-sausanas-funkciju\/","og_locale":"lv_LV","og_type":"article","og_title":"R\/B kontrol\u0113ts robots ar \u0161au\u0161anas funkciju - Toys.lt","og_description":"R\/B vad\u0101ms robots ar \u0161au\u0161anas funkciju - p\u0101rvietojas visos virzienos, tam ir gaismas, ska\u0146as un vad\u012bbas panelis. Jautra interakt\u012bva rota\u013clieta b\u0113rniem no 3 gadu vecuma.","og_url":"https:\/\/toys.lt\/lv\/produktas\/r-b-kontrolets-robots-ar-sausanas-funkciju\/","og_site_name":"Toys.lt","article_modified_time":"2026-04-08T00:01:06+00:00","og_image":[{"width":543,"height":622,"url":"https:\/\/toys.lt\/wp-content\/uploads\/2025\/12\/601B-rb-robotas-2.jpg","type":"image\/jpeg"}],"twitter_card":"summary_large_image","twitter_misc":{"Est. reading time":"1 minute"},"schema":{"@context":"https:\/\/schema.org","@graph":[{"@type":"WebPage","@id":"https:\/\/toys.lt\/lv\/produktas\/r-b-kontrolets-robots-ar-sausanas-funkciju\/","url":"https:\/\/toys.lt\/lv\/produktas\/r-b-kontrolets-robots-ar-sausanas-funkciju\/","name":"R\/B kontrol\u0113ts robots ar \u0161au\u0161anas funkciju - Toys.lt","isPartOf":{"@id":"https:\/\/toys.lt\/lv\/#website"},"primaryImageOfPage":{"@id":"https:\/\/toys.lt\/lv\/produktas\/r-b-kontrolets-robots-ar-sausanas-funkciju\/#primaryimage"},"image":{"@id":"https:\/\/toys.lt\/lv\/produktas\/r-b-kontrolets-robots-ar-sausanas-funkciju\/#primaryimage"},"thumbnailUrl":"https:\/\/toys.lt\/wp-content\/uploads\/2025\/12\/601B-rb-robotas-2.jpg","datePublished":"2025-12-01T02:35:14+00:00","dateModified":"2026-04-08T00:01:06+00:00","description":"R\/B vad\u0101ms robots ar \u0161au\u0161anas funkciju - p\u0101rvietojas visos virzienos, tam ir gaismas, ska\u0146as un vad\u012bbas panelis. Jautra interakt\u012bva rota\u013clieta b\u0113rniem no 3 gadu vecuma.","breadcrumb":{"@id":"https:\/\/toys.lt\/lv\/produktas\/r-b-kontrolets-robots-ar-sausanas-funkciju\/#breadcrumb"},"inLanguage":"lv-LV","potentialAction":[{"@type":"ReadAction","target":["https:\/\/toys.lt\/lv\/produktas\/r-b-kontrolets-robots-ar-sausanas-funkciju\/"]}]},{"@type":"ImageObject","inLanguage":"lv-LV","@id":"https:\/\/toys.lt\/lv\/produktas\/r-b-kontrolets-robots-ar-sausanas-funkciju\/#primaryimage","url":"https:\/\/toys.lt\/wp-content\/uploads\/2025\/12\/601B-rb-robotas-2.jpg","contentUrl":"https:\/\/toys.lt\/wp-content\/uploads\/2025\/12\/601B-rb-robotas-2.jpg","width":543,"height":622},{"@type":"BreadcrumbList","@id":"https:\/\/toys.lt\/lv\/produktas\/r-b-kontrolets-robots-ar-sausanas-funkciju\/#breadcrumb","itemListElement":[{"@type":"ListItem","position":1,"name":"Home","item":"https:\/\/toys.lt\/lv\/"},{"@type":"ListItem","position":2,"name":"Veikals","item":"https:\/\/toys.lt\/lv\/shop\/"},{"@type":"ListItem","position":3,"name":"R\/B kontrol\u0113ts robots ar \u0161au\u0161anas funkciju"}]},{"@type":"WebSite","@id":"https:\/\/toys.lt\/lv\/#website","url":"https:\/\/toys.lt\/lv\/","name":"Toys.lt","description":"","potentialAction":[{"@type":"SearchAction","target":{"@type":"EntryPoint","urlTemplate":"https:\/\/toys.lt\/lv\/?s={search_term_string}"},"query-input":{"@type":"PropertyValueSpecification","valueRequired":true,"valueName":"search_term_string"}}],"inLanguage":"lv-LV"}]}},"_links":{"self":[{"href":"https:\/\/toys.lt\/lv\/wp-json\/wp\/v2\/product\/48375","targetHints":{"allow":["GET"]}}],"collection":[{"href":"https:\/\/toys.lt\/lv\/wp-json\/wp\/v2\/product"}],"about":[{"href":"https:\/\/toys.lt\/lv\/wp-json\/wp\/v2\/types\/product"}],"replies":[{"embeddable":true,"href":"https:\/\/toys.lt\/lv\/wp-json\/wp\/v2\/comments?post=48375"}],"version-history":[{"count":0,"href":"https:\/\/toys.lt\/lv\/wp-json\/wp\/v2\/product\/48375\/revisions"}],"wp:featuredmedia":[{"embeddable":true,"href":"https:\/\/toys.lt\/lv\/wp-json\/wp\/v2\/media\/47324"}],"wp:attachment":[{"href":"https:\/\/toys.lt\/lv\/wp-json\/wp\/v2\/media?parent=48375"}],"wp:term":[{"taxonomy":"product_brand","embeddable":true,"href":"https:\/\/toys.lt\/lv\/wp-json\/wp\/v2\/product_brand?post=48375"},{"taxonomy":"product_cat","embeddable":true,"href":"https:\/\/toys.lt\/lv\/wp-json\/wp\/v2\/product_cat?post=48375"},{"taxonomy":"product_tag","embeddable":true,"href":"https:\/\/toys.lt\/lv\/wp-json\/wp\/v2\/product_tag?post=48375"}],"curies":[{"name":"wp","href":"https:\/\/api.w.org\/{rel}","templated":true}]}}