{"id":48355,"date":"2025-09-29T18:17:21","date_gmt":"2025-09-29T18:17:21","guid":{"rendered":"https:\/\/toys.lt\/produktas\/bernu-drosibas-komplekts-ar-kiveri-celgalu-un-elkonu-aizsargus\/"},"modified":"2026-03-30T00:25:35","modified_gmt":"2026-03-30T00:25:35","slug":"bernu-drosibas-komplekts-ar-kiveri-celgalu-un-elkonu-aizsargus","status":"publish","type":"product","link":"https:\/\/toys.lt\/lv\/produktas\/bernu-drosibas-komplekts-ar-kiveri-celgalu-un-elkonu-aizsargus\/","title":{"rendered":"B\u0113rnu dro\u0161\u012bbas komplekts ar \u0137iveri, ce\u013cgalu un elko\u0146u aizsargus"},"content":{"rendered":"<p data-start=\"146\" data-end=\"237\"><strong data-start=\"146\" data-end=\"235\">B\u0113rnu aizsardz\u012bbas komplekts skritu\u013cd\u0113\u013ciem, skrejrite\u0146iem un skritu\u013cslid\u0101m (\u0137ivere + aizsardz\u012bba)<\/strong><\/p>\n<p data-start=\"239\" data-end=\"484\">Dro\u0161a brauk\u0161ana s\u0101kas ar pareizu aizsardz\u012bbu! \ud83d\udc4c<br data-start=\"292\" data-end=\"295\">\u0160is kr\u0101sainais b\u0113rnu aizsargu komplekts ir paredz\u0113ts mazajiem skritu\u013cslidot\u0101jiem, skrejrite\u0146u vai skritu\u013cd\u0113\u013cu brauc\u0113jiem. Komplekt\u0101 ir viss nepiecie\u0161amais &#8211; \u0137ivere, ce\u013cgalu, elko\u0146u un roku aizsardz\u012bba. <\/p>\n<ul data-start=\"486\" data-end=\"697\">\n<li data-start=\"486\" data-end=\"521\">\n<p data-start=\"488\" data-end=\"521\">Iepakojums: <strong data-start=\"500\" data-end=\"519\">48 \u00d7 16 \u00d7 30 cm<\/strong><\/p>\n<\/li>\n<li data-start=\"522\" data-end=\"548\">\n<p data-start=\"524\" data-end=\"548\">\u0136ivere: <strong data-start=\"532\" data-end=\"546\">26 \u00d7 20 cm<\/strong><\/p>\n<\/li>\n<li data-start=\"549\" data-end=\"583\">\n<p data-start=\"551\" data-end=\"583\">Ce\u013cu aizsardz\u012bba: <strong data-start=\"567\" data-end=\"581\">14 \u00d7 11 cm<\/strong><\/p>\n<\/li>\n<li data-start=\"584\" data-end=\"620\">\n<p data-start=\"586\" data-end=\"620\">Elko\u0146u aizsardz\u012bba: <strong data-start=\"604\" data-end=\"618\">12 \u00d7 10 cm<\/strong><\/p>\n<\/li>\n<li data-start=\"621\" data-end=\"654\">\n<p data-start=\"623\" data-end=\"654\">Roku aizsardz\u012bba: <strong data-start=\"639\" data-end=\"652\">13 \u00d7 9 cm<\/strong><\/p>\n<\/li>\n<li data-start=\"655\" data-end=\"697\">\n<p data-start=\"657\" data-end=\"697\">Ieteicamais vecums: <strong data-start=\"681\" data-end=\"695\">no 3 gadiem<\/strong><\/p>\n<\/li>\n<\/ul>\n<p data-start=\"699\" data-end=\"797\">\u0160is komplekts pal\u012bdz\u0113s j\u016bsu b\u0113rnam dro\u0161i pavad\u012bt akt\u012bvu br\u012bvo laiku un samazin\u0101t traumu risku \ud83d\udeb4\ud83d\udef4\ud83d\udef4\ud83d\udef9.<\/p>\n<hr data-start=\"799\" data-end=\"802\">\n<p data-start=\"804\" data-end=\"930\">\u26a0\ufe0f <strong data-start=\"807\" data-end=\"821\">Br\u012bdin\u0101jums<\/strong>: lietot tikai pieaugu\u0161o uzraudz\u012bb\u0101. Aizsargi ir paredz\u0113ti izmanto\u0161anai izklaidei, nevis profesion\u0101lajam sportam. <\/p>\n","protected":false},"excerpt":{"rendered":"<p>Produkta veids: aizsardz\u012bba<\/p>\n<p>\u0136ivere, 2 ce\u013cgalu aizsargi, 2 elko\u0146u aizsargi, 2 roku aizsargi<\/p>\n<p>Ieteicamais vecums: no 3 gadiem<\/p>\n<p>Izcelsmes valsts: \u0136\u012bna.<\/p>\n","protected":false},"featured_media":45609,"comment_status":"open","ping_status":"closed","template":"","meta":[],"product_brand":[],"product_cat":[1277],"product_tag":[],"class_list":{"0":"post-48355","1":"product","2":"type-product","3":"status-publish","4":"has-post-thumbnail","6":"product_cat-sporta-un-izklaides-rotallietas","7":"pa_amziaus-grupe-3-lv","8":"pa_prek-s-spalva-roza","9":"pa_prek-s-spalva-sarkanais","10":"pa_prek-s-spalva-zilais","12":"first","13":"instock","14":"taxable","15":"shipping-taxable","16":"purchasable","17":"product-type-variable"},"yoast_head":"<!-- This site is optimized with the Yoast SEO plugin v26.3 - https:\/\/yoast.com\/wordpress\/plugins\/seo\/ -->\n<title>B\u0113rnu dro\u0161\u012bbas komplekts ar \u0137iveri, ce\u013cgalu un elko\u0146u aizsargus - Toys.lt<\/title>\n<meta name=\"description\" content=\"B\u0113rnu dro\u0161\u012bbas komplekts: \u0137ivere, ce\u013cgalu, elko\u0146u un roku aizsargi. Piem\u0113rots brauk\u0161anai ar skritu\u013cd\u0113li, skrejrite\u0146iem vai skritu\u013cslid\u0101m. Ieteicams no 3 gadu vecuma.\" \/>\n<meta name=\"robots\" content=\"index, follow, max-snippet:-1, max-image-preview:large, max-video-preview:-1\" \/>\n<link rel=\"canonical\" href=\"https:\/\/toys.lt\/lv\/produktas\/bernu-drosibas-komplekts-ar-kiveri-celgalu-un-elkonu-aizsargus\/\" \/>\n<meta property=\"og:locale\" content=\"lv_LV\" \/>\n<meta property=\"og:type\" content=\"article\" \/>\n<meta property=\"og:title\" content=\"B\u0113rnu dro\u0161\u012bbas komplekts ar \u0137iveri, ce\u013cgalu un elko\u0146u aizsargus - Toys.lt\" \/>\n<meta property=\"og:description\" content=\"B\u0113rnu dro\u0161\u012bbas komplekts: \u0137ivere, ce\u013cgalu, elko\u0146u un roku aizsargi. Piem\u0113rots brauk\u0161anai ar skritu\u013cd\u0113li, skrejrite\u0146iem vai skritu\u013cslid\u0101m. Ieteicams no 3 gadu vecuma.\" \/>\n<meta property=\"og:url\" content=\"https:\/\/toys.lt\/lv\/produktas\/bernu-drosibas-komplekts-ar-kiveri-celgalu-un-elkonu-aizsargus\/\" \/>\n<meta property=\"og:site_name\" content=\"Toys.lt\" \/>\n<meta property=\"article:modified_time\" content=\"2026-03-30T00:25:35+00:00\" \/>\n<meta property=\"og:image\" content=\"https:\/\/toys.lt\/wp-content\/uploads\/2025\/09\/c11a357d-466a-4a3d-b432-759e1cd6f97d.png\" \/>\n\t<meta property=\"og:image:width\" content=\"1536\" \/>\n\t<meta property=\"og:image:height\" content=\"1024\" \/>\n\t<meta property=\"og:image:type\" content=\"image\/png\" \/>\n<meta name=\"twitter:card\" content=\"summary_large_image\" \/>\n<meta name=\"twitter:label1\" content=\"Est. reading time\" \/>\n\t<meta name=\"twitter:data1\" content=\"1 minute\" \/>\n<script type=\"application\/ld+json\" class=\"yoast-schema-graph\">{\"@context\":\"https:\/\/schema.org\",\"@graph\":[{\"@type\":\"WebPage\",\"@id\":\"https:\/\/toys.lt\/lv\/produktas\/bernu-drosibas-komplekts-ar-kiveri-celgalu-un-elkonu-aizsargus\/\",\"url\":\"https:\/\/toys.lt\/lv\/produktas\/bernu-drosibas-komplekts-ar-kiveri-celgalu-un-elkonu-aizsargus\/\",\"name\":\"B\u0113rnu dro\u0161\u012bbas komplekts ar \u0137iveri, ce\u013cgalu un elko\u0146u aizsargus - Toys.lt\",\"isPartOf\":{\"@id\":\"https:\/\/toys.lt\/lv\/#website\"},\"primaryImageOfPage\":{\"@id\":\"https:\/\/toys.lt\/lv\/produktas\/bernu-drosibas-komplekts-ar-kiveri-celgalu-un-elkonu-aizsargus\/#primaryimage\"},\"image\":{\"@id\":\"https:\/\/toys.lt\/lv\/produktas\/bernu-drosibas-komplekts-ar-kiveri-celgalu-un-elkonu-aizsargus\/#primaryimage\"},\"thumbnailUrl\":\"https:\/\/toys.lt\/wp-content\/uploads\/2025\/09\/c11a357d-466a-4a3d-b432-759e1cd6f97d.png\",\"datePublished\":\"2025-09-29T18:17:21+00:00\",\"dateModified\":\"2026-03-30T00:25:35+00:00\",\"description\":\"B\u0113rnu dro\u0161\u012bbas komplekts: \u0137ivere, ce\u013cgalu, elko\u0146u un roku aizsargi. Piem\u0113rots brauk\u0161anai ar skritu\u013cd\u0113li, skrejrite\u0146iem vai skritu\u013cslid\u0101m. Ieteicams no 3 gadu vecuma.\",\"breadcrumb\":{\"@id\":\"https:\/\/toys.lt\/lv\/produktas\/bernu-drosibas-komplekts-ar-kiveri-celgalu-un-elkonu-aizsargus\/#breadcrumb\"},\"inLanguage\":\"lv-LV\",\"potentialAction\":[{\"@type\":\"ReadAction\",\"target\":[\"https:\/\/toys.lt\/lv\/produktas\/bernu-drosibas-komplekts-ar-kiveri-celgalu-un-elkonu-aizsargus\/\"]}]},{\"@type\":\"ImageObject\",\"inLanguage\":\"lv-LV\",\"@id\":\"https:\/\/toys.lt\/lv\/produktas\/bernu-drosibas-komplekts-ar-kiveri-celgalu-un-elkonu-aizsargus\/#primaryimage\",\"url\":\"https:\/\/toys.lt\/wp-content\/uploads\/2025\/09\/c11a357d-466a-4a3d-b432-759e1cd6f97d.png\",\"contentUrl\":\"https:\/\/toys.lt\/wp-content\/uploads\/2025\/09\/c11a357d-466a-4a3d-b432-759e1cd6f97d.png\",\"width\":1536,\"height\":1024},{\"@type\":\"BreadcrumbList\",\"@id\":\"https:\/\/toys.lt\/lv\/produktas\/bernu-drosibas-komplekts-ar-kiveri-celgalu-un-elkonu-aizsargus\/#breadcrumb\",\"itemListElement\":[{\"@type\":\"ListItem\",\"position\":1,\"name\":\"Home\",\"item\":\"https:\/\/toys.lt\/lv\/\"},{\"@type\":\"ListItem\",\"position\":2,\"name\":\"Veikals\",\"item\":\"https:\/\/toys.lt\/lv\/shop\/\"},{\"@type\":\"ListItem\",\"position\":3,\"name\":\"B\u0113rnu dro\u0161\u012bbas komplekts ar \u0137iveri, ce\u013cgalu un elko\u0146u aizsargus\"}]},{\"@type\":\"WebSite\",\"@id\":\"https:\/\/toys.lt\/lv\/#website\",\"url\":\"https:\/\/toys.lt\/lv\/\",\"name\":\"Toys.lt\",\"description\":\"\",\"potentialAction\":[{\"@type\":\"SearchAction\",\"target\":{\"@type\":\"EntryPoint\",\"urlTemplate\":\"https:\/\/toys.lt\/lv\/?s={search_term_string}\"},\"query-input\":{\"@type\":\"PropertyValueSpecification\",\"valueRequired\":true,\"valueName\":\"search_term_string\"}}],\"inLanguage\":\"lv-LV\"}]}<\/script>\n<!-- \/ Yoast SEO plugin. -->","yoast_head_json":{"title":"B\u0113rnu dro\u0161\u012bbas komplekts ar \u0137iveri, ce\u013cgalu un elko\u0146u aizsargus - Toys.lt","description":"B\u0113rnu dro\u0161\u012bbas komplekts: \u0137ivere, ce\u013cgalu, elko\u0146u un roku aizsargi. Piem\u0113rots brauk\u0161anai ar skritu\u013cd\u0113li, skrejrite\u0146iem vai skritu\u013cslid\u0101m. Ieteicams no 3 gadu vecuma.","robots":{"index":"index","follow":"follow","max-snippet":"max-snippet:-1","max-image-preview":"max-image-preview:large","max-video-preview":"max-video-preview:-1"},"canonical":"https:\/\/toys.lt\/lv\/produktas\/bernu-drosibas-komplekts-ar-kiveri-celgalu-un-elkonu-aizsargus\/","og_locale":"lv_LV","og_type":"article","og_title":"B\u0113rnu dro\u0161\u012bbas komplekts ar \u0137iveri, ce\u013cgalu un elko\u0146u aizsargus - Toys.lt","og_description":"B\u0113rnu dro\u0161\u012bbas komplekts: \u0137ivere, ce\u013cgalu, elko\u0146u un roku aizsargi. Piem\u0113rots brauk\u0161anai ar skritu\u013cd\u0113li, skrejrite\u0146iem vai skritu\u013cslid\u0101m. Ieteicams no 3 gadu vecuma.","og_url":"https:\/\/toys.lt\/lv\/produktas\/bernu-drosibas-komplekts-ar-kiveri-celgalu-un-elkonu-aizsargus\/","og_site_name":"Toys.lt","article_modified_time":"2026-03-30T00:25:35+00:00","og_image":[{"width":1536,"height":1024,"url":"https:\/\/toys.lt\/wp-content\/uploads\/2025\/09\/c11a357d-466a-4a3d-b432-759e1cd6f97d.png","type":"image\/png"}],"twitter_card":"summary_large_image","twitter_misc":{"Est. reading time":"1 minute"},"schema":{"@context":"https:\/\/schema.org","@graph":[{"@type":"WebPage","@id":"https:\/\/toys.lt\/lv\/produktas\/bernu-drosibas-komplekts-ar-kiveri-celgalu-un-elkonu-aizsargus\/","url":"https:\/\/toys.lt\/lv\/produktas\/bernu-drosibas-komplekts-ar-kiveri-celgalu-un-elkonu-aizsargus\/","name":"B\u0113rnu dro\u0161\u012bbas komplekts ar \u0137iveri, ce\u013cgalu un elko\u0146u aizsargus - Toys.lt","isPartOf":{"@id":"https:\/\/toys.lt\/lv\/#website"},"primaryImageOfPage":{"@id":"https:\/\/toys.lt\/lv\/produktas\/bernu-drosibas-komplekts-ar-kiveri-celgalu-un-elkonu-aizsargus\/#primaryimage"},"image":{"@id":"https:\/\/toys.lt\/lv\/produktas\/bernu-drosibas-komplekts-ar-kiveri-celgalu-un-elkonu-aizsargus\/#primaryimage"},"thumbnailUrl":"https:\/\/toys.lt\/wp-content\/uploads\/2025\/09\/c11a357d-466a-4a3d-b432-759e1cd6f97d.png","datePublished":"2025-09-29T18:17:21+00:00","dateModified":"2026-03-30T00:25:35+00:00","description":"B\u0113rnu dro\u0161\u012bbas komplekts: \u0137ivere, ce\u013cgalu, elko\u0146u un roku aizsargi. Piem\u0113rots brauk\u0161anai ar skritu\u013cd\u0113li, skrejrite\u0146iem vai skritu\u013cslid\u0101m. Ieteicams no 3 gadu vecuma.","breadcrumb":{"@id":"https:\/\/toys.lt\/lv\/produktas\/bernu-drosibas-komplekts-ar-kiveri-celgalu-un-elkonu-aizsargus\/#breadcrumb"},"inLanguage":"lv-LV","potentialAction":[{"@type":"ReadAction","target":["https:\/\/toys.lt\/lv\/produktas\/bernu-drosibas-komplekts-ar-kiveri-celgalu-un-elkonu-aizsargus\/"]}]},{"@type":"ImageObject","inLanguage":"lv-LV","@id":"https:\/\/toys.lt\/lv\/produktas\/bernu-drosibas-komplekts-ar-kiveri-celgalu-un-elkonu-aizsargus\/#primaryimage","url":"https:\/\/toys.lt\/wp-content\/uploads\/2025\/09\/c11a357d-466a-4a3d-b432-759e1cd6f97d.png","contentUrl":"https:\/\/toys.lt\/wp-content\/uploads\/2025\/09\/c11a357d-466a-4a3d-b432-759e1cd6f97d.png","width":1536,"height":1024},{"@type":"BreadcrumbList","@id":"https:\/\/toys.lt\/lv\/produktas\/bernu-drosibas-komplekts-ar-kiveri-celgalu-un-elkonu-aizsargus\/#breadcrumb","itemListElement":[{"@type":"ListItem","position":1,"name":"Home","item":"https:\/\/toys.lt\/lv\/"},{"@type":"ListItem","position":2,"name":"Veikals","item":"https:\/\/toys.lt\/lv\/shop\/"},{"@type":"ListItem","position":3,"name":"B\u0113rnu dro\u0161\u012bbas komplekts ar \u0137iveri, ce\u013cgalu un elko\u0146u aizsargus"}]},{"@type":"WebSite","@id":"https:\/\/toys.lt\/lv\/#website","url":"https:\/\/toys.lt\/lv\/","name":"Toys.lt","description":"","potentialAction":[{"@type":"SearchAction","target":{"@type":"EntryPoint","urlTemplate":"https:\/\/toys.lt\/lv\/?s={search_term_string}"},"query-input":{"@type":"PropertyValueSpecification","valueRequired":true,"valueName":"search_term_string"}}],"inLanguage":"lv-LV"}]}},"_links":{"self":[{"href":"https:\/\/toys.lt\/lv\/wp-json\/wp\/v2\/product\/48355","targetHints":{"allow":["GET"]}}],"collection":[{"href":"https:\/\/toys.lt\/lv\/wp-json\/wp\/v2\/product"}],"about":[{"href":"https:\/\/toys.lt\/lv\/wp-json\/wp\/v2\/types\/product"}],"replies":[{"embeddable":true,"href":"https:\/\/toys.lt\/lv\/wp-json\/wp\/v2\/comments?post=48355"}],"version-history":[{"count":0,"href":"https:\/\/toys.lt\/lv\/wp-json\/wp\/v2\/product\/48355\/revisions"}],"wp:featuredmedia":[{"embeddable":true,"href":"https:\/\/toys.lt\/lv\/wp-json\/wp\/v2\/media\/45609"}],"wp:attachment":[{"href":"https:\/\/toys.lt\/lv\/wp-json\/wp\/v2\/media?parent=48355"}],"wp:term":[{"taxonomy":"product_brand","embeddable":true,"href":"https:\/\/toys.lt\/lv\/wp-json\/wp\/v2\/product_brand?post=48355"},{"taxonomy":"product_cat","embeddable":true,"href":"https:\/\/toys.lt\/lv\/wp-json\/wp\/v2\/product_cat?post=48355"},{"taxonomy":"product_tag","embeddable":true,"href":"https:\/\/toys.lt\/lv\/wp-json\/wp\/v2\/product_tag?post=48355"}],"curies":[{"name":"wp","href":"https:\/\/api.w.org\/{rel}","templated":true}]}}