{"id":48351,"date":"2025-09-29T18:16:57","date_gmt":"2025-09-29T18:16:57","guid":{"rendered":"https:\/\/toys.lt\/produktas\/bernu-skrituldelis-cruiser-ar-izgaismotiem-riteniem\/"},"modified":"2026-03-30T00:25:35","modified_gmt":"2026-03-30T00:25:35","slug":"bernu-skrituldelis-cruiser-ar-izgaismotiem-riteniem","status":"publish","type":"product","link":"https:\/\/toys.lt\/lv\/produktas\/bernu-skrituldelis-cruiser-ar-izgaismotiem-riteniem\/","title":{"rendered":"B\u0113rnu skritu\u013cd\u0113lis Cruiser ar izgaismotiem rite\u0146iem"},"content":{"rendered":"<p data-start=\"122\" data-end=\"182\"><strong data-start=\"122\" data-end=\"180\">B\u0113rnu skritu\u013cd\u0113lis Cruiser ar izgaismotiem rite\u0146iem<\/strong><\/p>\n<p data-start=\"184\" data-end=\"410\">Jautrs un kr\u0101sains b\u0113rnu skrejrite\u0146a d\u0113lis &#8211; lieliska izv\u0113le mazajiem skritu\u013cslidot\u0101jiem! \ud83c\udf89<br data-start=\"285\" data-end=\"288\">Rite\u0146d\u0113lis ir kompakts, viegls un \u0113rts, t\u0101p\u0113c tas ir ide\u0101li piem\u0113rots pirmajiem izm\u0113\u0123in\u0101juma braucieniem vai jautrai brauk\u0161anai pagalm\u0101.<\/p>\n<ul data-start=\"412\" data-end=\"631\">\n<li data-start=\"412\" data-end=\"442\">\n<p data-start=\"414\" data-end=\"442\">Izm\u0113rs: <strong data-start=\"421\" data-end=\"440\">70 \u00d7 12 \u00d7 18 cm<\/strong><\/p>\n<\/li>\n<li data-start=\"443\" data-end=\"513\">\n<p data-start=\"445\" data-end=\"513\">Rite\u0146i: <strong data-start=\"454\" data-end=\"484\">gumijas, 6,5 cm diametrs<\/strong>, <strong data-start=\"497\" data-end=\"508\">iedegas<\/strong> brauk\u0161anas laik\u0101 \ud83c\udf1f<\/p>\n<\/li>\n<li data-start=\"514\" data-end=\"555\">\n<p data-start=\"516\" data-end=\"555\">Tips: <strong data-start=\"523\" data-end=\"553\">b\u0113rnu skeitbords cruiser<\/strong><\/p>\n<\/li>\n<li data-start=\"556\" data-end=\"597\">\n<p data-start=\"558\" data-end=\"597\">Maksim\u0101lais svars: <strong data-start=\"582\" data-end=\"595\">l\u012bdz 70 kg<\/strong><\/p>\n<\/li>\n<li data-start=\"598\" data-end=\"631\">\n<p data-start=\"600\" data-end=\"631\">Pieejami <strong data-start=\"607\" data-end=\"629\">2 kr\u0101su varianti<\/strong><\/p>\n<\/li>\n<li data-start=\"598\" data-end=\"631\">Ieteicamais vecums: 5-12 gadi<\/li>\n<\/ul>\n<p data-start=\"633\" data-end=\"720\">\u0160is skritu\u013cd\u0113lis sag\u0101d\u0101s jums daudz jautru br\u012b\u017eu un mudin\u0101s b\u016bt akt\u012bvam \u0101rpus telp\u0101m! \ud83d\udef9\u2728 <\/p>\n<p data-start=\"633\" data-end=\"720\"><strong>\u26a0\ufe0f Dro\u0161\u012bbas br\u012bdin\u0101jumi:<\/strong><\/p>\n<ul>\n<li data-start=\"234\" data-end=\"349\">\n<p data-start=\"236\" data-end=\"349\"><strong data-start=\"236\" data-end=\"262\">Lieto\u0161ana ar aizsargiem:<\/strong> <em data-start=\"263\" data-end=\"347\">Ieteicams lietot aizsarg\u0137iveri, elko\u0146u, ce\u013cgalu un roku aizsargus.<\/em><\/p>\n<\/li>\n<li data-start=\"350\" data-end=\"445\">\n<p data-start=\"352\" data-end=\"445\"><strong data-start=\"352\" data-end=\"386\">Izmantojiet uz gludas virsmas:<\/strong> <em data-start=\"387\" data-end=\"443\">Piem\u0113rots lieto\u0161anai tikai uz glud\u0101m, maz noslogot\u0101m virsm\u0101m.<\/em><\/p>\n<\/li>\n<li data-start=\"446\" data-end=\"538\">\n<p data-start=\"448\" data-end=\"538\"><strong data-start=\"448\" data-end=\"474\">Pieaugu\u0161o apr\u016bpe:<\/strong> <em data-start=\"475\" data-end=\"536\">B\u0113rniem l\u012bdz 8 gadu vecumam ieteicama pieaugu\u0161o uzraudz\u012bba.<\/em><\/p>\n<\/li>\n<li data-start=\"539\" data-end=\"650\">\n<p data-start=\"541\" data-end=\"650\"><strong data-start=\"541\" data-end=\"570\">Nav paredz\u0113ts izmanto\u0161anai sport\u0101:<\/strong> <em data-start=\"571\" data-end=\"648\">Tas ir b\u0113rnu skeitbords br\u012bv\u0101 laika pavad\u012b\u0161anai, nevis trikiem vai sportam.<\/em><\/p>\n<\/li>\n<\/ul>\n","protected":false},"excerpt":{"rendered":"<p>Izstr\u0101d\u0101juma veids: skeitbords<\/p>\n<p>Izstr\u0101d\u0101juma izm\u0113ri: 70 x 12 x 18 cm<\/p>\n<p>Maksim\u0101l\u0101 slodze: 70 kg<\/p>\n<p>Ieteicamais vecums: no 5 gadiem<\/p>\n<p>Izcelsmes valsts: \u0136\u012bna.<\/p>\n","protected":false},"featured_media":45574,"comment_status":"open","ping_status":"closed","template":"","meta":[],"product_brand":[],"product_cat":[1277],"product_tag":[],"class_list":{"0":"post-48351","1":"product","2":"type-product","3":"status-publish","4":"has-post-thumbnail","6":"product_cat-sporta-un-izklaides-rotallietas","7":"pa_amziaus-grupe-5-lv","8":"pa_prek-s-spalva-dazadi","9":"pa_prek-s-spalva-gaisma","11":"first","12":"instock","13":"taxable","14":"shipping-taxable","15":"purchasable","16":"product-type-variable"},"yoast_head":"<!-- This site is optimized with the Yoast SEO plugin v26.3 - https:\/\/yoast.com\/wordpress\/plugins\/seo\/ -->\n<title>B\u0113rnu skritu\u013cd\u0113lis Cruiser ar izgaismotiem rite\u0146iem - Toys.lt<\/title>\n<meta name=\"description\" content=\"B\u0113rnu Cruiser skeitbords ar apgaismotiem gumijas rite\u0146iem. Kompakts, 70 \u00d7 12 \u00d7 18 cm, l\u012bdz 70 kg. Jautra izv\u0113le b\u0113rniem vecum\u0101 no 5 l\u012bdz 12 gadiem!\" \/>\n<meta name=\"robots\" content=\"index, follow, max-snippet:-1, max-image-preview:large, max-video-preview:-1\" \/>\n<link rel=\"canonical\" href=\"https:\/\/toys.lt\/lv\/produktas\/bernu-skrituldelis-cruiser-ar-izgaismotiem-riteniem\/\" \/>\n<meta property=\"og:locale\" content=\"lv_LV\" \/>\n<meta property=\"og:type\" content=\"article\" \/>\n<meta property=\"og:title\" content=\"B\u0113rnu skritu\u013cd\u0113lis Cruiser ar izgaismotiem rite\u0146iem - Toys.lt\" \/>\n<meta property=\"og:description\" content=\"B\u0113rnu Cruiser skeitbords ar apgaismotiem gumijas rite\u0146iem. Kompakts, 70 \u00d7 12 \u00d7 18 cm, l\u012bdz 70 kg. Jautra izv\u0113le b\u0113rniem vecum\u0101 no 5 l\u012bdz 12 gadiem!\" \/>\n<meta property=\"og:url\" content=\"https:\/\/toys.lt\/lv\/produktas\/bernu-skrituldelis-cruiser-ar-izgaismotiem-riteniem\/\" \/>\n<meta property=\"og:site_name\" content=\"Toys.lt\" \/>\n<meta property=\"article:modified_time\" content=\"2026-03-30T00:25:35+00:00\" \/>\n<meta property=\"og:image\" content=\"https:\/\/toys.lt\/wp-content\/uploads\/2025\/09\/ChatGPT-Image-Sep-18-2025-01_33_28-AM-1200x800.png\" \/>\n\t<meta property=\"og:image:width\" content=\"1200\" \/>\n\t<meta property=\"og:image:height\" content=\"800\" \/>\n\t<meta property=\"og:image:type\" content=\"image\/png\" \/>\n<meta name=\"twitter:card\" content=\"summary_large_image\" \/>\n<meta name=\"twitter:label1\" content=\"Est. reading time\" \/>\n\t<meta name=\"twitter:data1\" content=\"1 minute\" \/>\n<script type=\"application\/ld+json\" class=\"yoast-schema-graph\">{\"@context\":\"https:\/\/schema.org\",\"@graph\":[{\"@type\":\"WebPage\",\"@id\":\"https:\/\/toys.lt\/lv\/produktas\/bernu-skrituldelis-cruiser-ar-izgaismotiem-riteniem\/\",\"url\":\"https:\/\/toys.lt\/lv\/produktas\/bernu-skrituldelis-cruiser-ar-izgaismotiem-riteniem\/\",\"name\":\"B\u0113rnu skritu\u013cd\u0113lis Cruiser ar izgaismotiem rite\u0146iem - Toys.lt\",\"isPartOf\":{\"@id\":\"https:\/\/toys.lt\/lv\/#website\"},\"primaryImageOfPage\":{\"@id\":\"https:\/\/toys.lt\/lv\/produktas\/bernu-skrituldelis-cruiser-ar-izgaismotiem-riteniem\/#primaryimage\"},\"image\":{\"@id\":\"https:\/\/toys.lt\/lv\/produktas\/bernu-skrituldelis-cruiser-ar-izgaismotiem-riteniem\/#primaryimage\"},\"thumbnailUrl\":\"https:\/\/toys.lt\/wp-content\/uploads\/2025\/09\/ChatGPT-Image-Sep-18-2025-01_33_28-AM.png\",\"datePublished\":\"2025-09-29T18:16:57+00:00\",\"dateModified\":\"2026-03-30T00:25:35+00:00\",\"description\":\"B\u0113rnu Cruiser skeitbords ar apgaismotiem gumijas rite\u0146iem. Kompakts, 70 \u00d7 12 \u00d7 18 cm, l\u012bdz 70 kg. Jautra izv\u0113le b\u0113rniem vecum\u0101 no 5 l\u012bdz 12 gadiem!\",\"breadcrumb\":{\"@id\":\"https:\/\/toys.lt\/lv\/produktas\/bernu-skrituldelis-cruiser-ar-izgaismotiem-riteniem\/#breadcrumb\"},\"inLanguage\":\"lv-LV\",\"potentialAction\":[{\"@type\":\"ReadAction\",\"target\":[\"https:\/\/toys.lt\/lv\/produktas\/bernu-skrituldelis-cruiser-ar-izgaismotiem-riteniem\/\"]}]},{\"@type\":\"ImageObject\",\"inLanguage\":\"lv-LV\",\"@id\":\"https:\/\/toys.lt\/lv\/produktas\/bernu-skrituldelis-cruiser-ar-izgaismotiem-riteniem\/#primaryimage\",\"url\":\"https:\/\/toys.lt\/wp-content\/uploads\/2025\/09\/ChatGPT-Image-Sep-18-2025-01_33_28-AM.png\",\"contentUrl\":\"https:\/\/toys.lt\/wp-content\/uploads\/2025\/09\/ChatGPT-Image-Sep-18-2025-01_33_28-AM.png\",\"width\":1536,\"height\":1024},{\"@type\":\"BreadcrumbList\",\"@id\":\"https:\/\/toys.lt\/lv\/produktas\/bernu-skrituldelis-cruiser-ar-izgaismotiem-riteniem\/#breadcrumb\",\"itemListElement\":[{\"@type\":\"ListItem\",\"position\":1,\"name\":\"Home\",\"item\":\"https:\/\/toys.lt\/lv\/\"},{\"@type\":\"ListItem\",\"position\":2,\"name\":\"Veikals\",\"item\":\"https:\/\/toys.lt\/lv\/shop\/\"},{\"@type\":\"ListItem\",\"position\":3,\"name\":\"B\u0113rnu skritu\u013cd\u0113lis Cruiser ar izgaismotiem rite\u0146iem\"}]},{\"@type\":\"WebSite\",\"@id\":\"https:\/\/toys.lt\/lv\/#website\",\"url\":\"https:\/\/toys.lt\/lv\/\",\"name\":\"Toys.lt\",\"description\":\"\",\"potentialAction\":[{\"@type\":\"SearchAction\",\"target\":{\"@type\":\"EntryPoint\",\"urlTemplate\":\"https:\/\/toys.lt\/lv\/?s={search_term_string}\"},\"query-input\":{\"@type\":\"PropertyValueSpecification\",\"valueRequired\":true,\"valueName\":\"search_term_string\"}}],\"inLanguage\":\"lv-LV\"}]}<\/script>\n<!-- \/ Yoast SEO plugin. -->","yoast_head_json":{"title":"B\u0113rnu skritu\u013cd\u0113lis Cruiser ar izgaismotiem rite\u0146iem - Toys.lt","description":"B\u0113rnu Cruiser skeitbords ar apgaismotiem gumijas rite\u0146iem. Kompakts, 70 \u00d7 12 \u00d7 18 cm, l\u012bdz 70 kg. Jautra izv\u0113le b\u0113rniem vecum\u0101 no 5 l\u012bdz 12 gadiem!","robots":{"index":"index","follow":"follow","max-snippet":"max-snippet:-1","max-image-preview":"max-image-preview:large","max-video-preview":"max-video-preview:-1"},"canonical":"https:\/\/toys.lt\/lv\/produktas\/bernu-skrituldelis-cruiser-ar-izgaismotiem-riteniem\/","og_locale":"lv_LV","og_type":"article","og_title":"B\u0113rnu skritu\u013cd\u0113lis Cruiser ar izgaismotiem rite\u0146iem - Toys.lt","og_description":"B\u0113rnu Cruiser skeitbords ar apgaismotiem gumijas rite\u0146iem. Kompakts, 70 \u00d7 12 \u00d7 18 cm, l\u012bdz 70 kg. Jautra izv\u0113le b\u0113rniem vecum\u0101 no 5 l\u012bdz 12 gadiem!","og_url":"https:\/\/toys.lt\/lv\/produktas\/bernu-skrituldelis-cruiser-ar-izgaismotiem-riteniem\/","og_site_name":"Toys.lt","article_modified_time":"2026-03-30T00:25:35+00:00","og_image":[{"width":1200,"height":800,"url":"https:\/\/toys.lt\/wp-content\/uploads\/2025\/09\/ChatGPT-Image-Sep-18-2025-01_33_28-AM-1200x800.png","type":"image\/png"}],"twitter_card":"summary_large_image","twitter_misc":{"Est. reading time":"1 minute"},"schema":{"@context":"https:\/\/schema.org","@graph":[{"@type":"WebPage","@id":"https:\/\/toys.lt\/lv\/produktas\/bernu-skrituldelis-cruiser-ar-izgaismotiem-riteniem\/","url":"https:\/\/toys.lt\/lv\/produktas\/bernu-skrituldelis-cruiser-ar-izgaismotiem-riteniem\/","name":"B\u0113rnu skritu\u013cd\u0113lis Cruiser ar izgaismotiem rite\u0146iem - Toys.lt","isPartOf":{"@id":"https:\/\/toys.lt\/lv\/#website"},"primaryImageOfPage":{"@id":"https:\/\/toys.lt\/lv\/produktas\/bernu-skrituldelis-cruiser-ar-izgaismotiem-riteniem\/#primaryimage"},"image":{"@id":"https:\/\/toys.lt\/lv\/produktas\/bernu-skrituldelis-cruiser-ar-izgaismotiem-riteniem\/#primaryimage"},"thumbnailUrl":"https:\/\/toys.lt\/wp-content\/uploads\/2025\/09\/ChatGPT-Image-Sep-18-2025-01_33_28-AM.png","datePublished":"2025-09-29T18:16:57+00:00","dateModified":"2026-03-30T00:25:35+00:00","description":"B\u0113rnu Cruiser skeitbords ar apgaismotiem gumijas rite\u0146iem. Kompakts, 70 \u00d7 12 \u00d7 18 cm, l\u012bdz 70 kg. Jautra izv\u0113le b\u0113rniem vecum\u0101 no 5 l\u012bdz 12 gadiem!","breadcrumb":{"@id":"https:\/\/toys.lt\/lv\/produktas\/bernu-skrituldelis-cruiser-ar-izgaismotiem-riteniem\/#breadcrumb"},"inLanguage":"lv-LV","potentialAction":[{"@type":"ReadAction","target":["https:\/\/toys.lt\/lv\/produktas\/bernu-skrituldelis-cruiser-ar-izgaismotiem-riteniem\/"]}]},{"@type":"ImageObject","inLanguage":"lv-LV","@id":"https:\/\/toys.lt\/lv\/produktas\/bernu-skrituldelis-cruiser-ar-izgaismotiem-riteniem\/#primaryimage","url":"https:\/\/toys.lt\/wp-content\/uploads\/2025\/09\/ChatGPT-Image-Sep-18-2025-01_33_28-AM.png","contentUrl":"https:\/\/toys.lt\/wp-content\/uploads\/2025\/09\/ChatGPT-Image-Sep-18-2025-01_33_28-AM.png","width":1536,"height":1024},{"@type":"BreadcrumbList","@id":"https:\/\/toys.lt\/lv\/produktas\/bernu-skrituldelis-cruiser-ar-izgaismotiem-riteniem\/#breadcrumb","itemListElement":[{"@type":"ListItem","position":1,"name":"Home","item":"https:\/\/toys.lt\/lv\/"},{"@type":"ListItem","position":2,"name":"Veikals","item":"https:\/\/toys.lt\/lv\/shop\/"},{"@type":"ListItem","position":3,"name":"B\u0113rnu skritu\u013cd\u0113lis Cruiser ar izgaismotiem rite\u0146iem"}]},{"@type":"WebSite","@id":"https:\/\/toys.lt\/lv\/#website","url":"https:\/\/toys.lt\/lv\/","name":"Toys.lt","description":"","potentialAction":[{"@type":"SearchAction","target":{"@type":"EntryPoint","urlTemplate":"https:\/\/toys.lt\/lv\/?s={search_term_string}"},"query-input":{"@type":"PropertyValueSpecification","valueRequired":true,"valueName":"search_term_string"}}],"inLanguage":"lv-LV"}]}},"_links":{"self":[{"href":"https:\/\/toys.lt\/lv\/wp-json\/wp\/v2\/product\/48351","targetHints":{"allow":["GET"]}}],"collection":[{"href":"https:\/\/toys.lt\/lv\/wp-json\/wp\/v2\/product"}],"about":[{"href":"https:\/\/toys.lt\/lv\/wp-json\/wp\/v2\/types\/product"}],"replies":[{"embeddable":true,"href":"https:\/\/toys.lt\/lv\/wp-json\/wp\/v2\/comments?post=48351"}],"version-history":[{"count":0,"href":"https:\/\/toys.lt\/lv\/wp-json\/wp\/v2\/product\/48351\/revisions"}],"wp:featuredmedia":[{"embeddable":true,"href":"https:\/\/toys.lt\/lv\/wp-json\/wp\/v2\/media\/45574"}],"wp:attachment":[{"href":"https:\/\/toys.lt\/lv\/wp-json\/wp\/v2\/media?parent=48351"}],"wp:term":[{"taxonomy":"product_brand","embeddable":true,"href":"https:\/\/toys.lt\/lv\/wp-json\/wp\/v2\/product_brand?post=48351"},{"taxonomy":"product_cat","embeddable":true,"href":"https:\/\/toys.lt\/lv\/wp-json\/wp\/v2\/product_cat?post=48351"},{"taxonomy":"product_tag","embeddable":true,"href":"https:\/\/toys.lt\/lv\/wp-json\/wp\/v2\/product_tag?post=48351"}],"curies":[{"name":"wp","href":"https:\/\/api.w.org\/{rel}","templated":true}]}}