{"id":48342,"date":"2025-12-07T21:07:15","date_gmt":"2025-12-07T21:07:15","guid":{"rendered":"https:\/\/toys.lt\/produktas\/clementoni-harijs-poters-multi-puzzle-3-x-1000-gabalinu\/"},"modified":"2026-04-08T00:00:54","modified_gmt":"2026-04-08T00:00:54","slug":"clementoni-harijs-poters-multi-puzzle-3-x-1000-gabalinu","status":"publish","type":"product","link":"https:\/\/toys.lt\/lv\/produktas\/clementoni-harijs-poters-multi-puzzle-3-x-1000-gabalinu\/","title":{"rendered":"Clementoni Harijs Poters &#8211; Multi Puzzle (3 \u00d7 1000 gabali\u0146u)"},"content":{"rendered":"<p data-start=\"550\" data-end=\"910\"><strong data-start=\"550\" data-end=\"618\">Clementoni High Quality Collection Harry Potter Multi Puzzle<\/strong> Set ir tr\u012bs atsevi\u0161\u0137u 1000 gabali\u0146u puzles komplekts \u012bstiem Harija Potera burvju pasaules faniem. Katr\u0101 puzl\u0113 ir att\u0113lots cits ikonisk\u0101s burvju pasaules person\u0101\u017es, s\u0101kot no Hogvartsas profesoriem un tum\u0161ajiem sp\u0113kiem un beidzot ar galveno trijotni &#8211; Hariju, Hermioni un Ronu. <\/p>\n<p data-start=\"912\" data-end=\"1208\">Licenc\u0113taj\u0101m izdruk\u0101m ir rakstur\u012bgas izcilas deta\u013cas, spilgtas kr\u0101sas un kinematogr\u0101fisks plak\u0101ta stils, kas pie\u0161\u0137ir saliktajiem att\u0113liem augstas kvalit\u0101tes m\u0101kslas darbu izskatu. Komplekt\u0101 var izv\u0113l\u0113ties, kuru att\u0113lu izvietot vispirms &#8211; ide\u0101li piem\u0113rots individu\u0101lam uzdevumam vai kop\u012bgam darbam ar draugiem vai \u0123imeni. <\/p>\n<hr data-start=\"1210\" data-end=\"1213\">\n<h3 data-start=\"1215\" data-end=\"1232\"><strong data-start=\"1221\" data-end=\"1232\">\u2b50 Funkcijas<\/strong><\/h3>\n<ul data-start=\"1233\" data-end=\"1623\">\n<li data-start=\"1233\" data-end=\"1276\">\n<p data-start=\"1235\" data-end=\"1276\"><strong data-start=\"1235\" data-end=\"1274\">3 atsevi\u0161\u0137as puzles ar 1000 gabali\u0146iem katr\u0101<\/strong><\/p>\n<\/li>\n<li data-start=\"1277\" data-end=\"1348\">\n<p data-start=\"1279\" data-end=\"1348\">Ofici\u0101li licenc\u0113ta <em data-start=\"1303\" data-end=\"1335\">Harija Potera \/ Burvju pasaules<\/em> produkcija<\/p>\n<\/li>\n<li data-start=\"1349\" data-end=\"1400\">\n<p data-start=\"1351\" data-end=\"1400\">Tr\u012bs da\u017e\u0101das filmu stila t\u0113lu kol\u0101\u017eas<\/p>\n<\/li>\n<li data-start=\"1401\" data-end=\"1445\">\n<p data-start=\"1403\" data-end=\"1445\">Spilgtas kr\u0101sas un augstas kvalit\u0101tes druka<\/p>\n<\/li>\n<li data-start=\"1446\" data-end=\"1488\">\n<p data-start=\"1448\" data-end=\"1488\">Robustas, prec\u012bzi izgrieztas deta\u013cas<\/p>\n<\/li>\n<li data-start=\"1489\" data-end=\"1548\">\n<p data-start=\"1491\" data-end=\"1548\">Lieliska izv\u0113le kolekcion\u0101riem un filmu faniem<\/p>\n<\/li>\n<li data-start=\"1549\" data-end=\"1623\">\n<p data-start=\"1551\" data-end=\"1623\">Uzlabo koncentr\u0113\u0161an\u0101s sp\u0113jas, koncentr\u0113\u0161an\u0101s stabilit\u0101ti, vizu\u0101lo atmi\u0146u un paciet\u012bbu.<\/p>\n<\/li>\n<\/ul>\n<hr data-start=\"1625\" data-end=\"1628\">\n<h3 data-start=\"1630\" data-end=\"1661\">\ud83d\udd27 <strong data-start=\"1637\" data-end=\"1661\">Tehnisk\u0101 inform\u0101cija<\/strong><\/h3>\n<ul data-start=\"1662\" data-end=\"1979\">\n<li data-start=\"1662\" data-end=\"1717\">\n<p data-start=\"1664\" data-end=\"1717\">Salikt\u0101 att\u0113la izm\u0113rs: <strong data-start=\"1688\" data-end=\"1702\">69 \u00d7 50 cm<\/strong> (katrs)<\/p>\n<\/li>\n<li data-start=\"1718\" data-end=\"1760\">\n<p data-start=\"1720\" data-end=\"1760\">Da\u013cu skaits: <strong data-start=\"1738\" data-end=\"1758\">3 \u00d7 1000 da\u013cu<\/strong><\/p>\n<\/li>\n<li data-start=\"1761\" data-end=\"1805\">\n<p data-start=\"1763\" data-end=\"1805\">Iepakojuma izm\u0113ri: <strong data-start=\"1785\" data-end=\"1803\">42 \u00d7 28 \u00d7 6 cm<\/strong><\/p>\n<\/li>\n<li data-start=\"1806\" data-end=\"1828\">\n<p data-start=\"1808\" data-end=\"1828\">Svars: <strong data-start=\"1816\" data-end=\"1826\">1,9 kg<\/strong><\/p>\n<\/li>\n<li data-start=\"1829\" data-end=\"1872\">\n<p data-start=\"1831\" data-end=\"1872\">Ieteicamais vecums: <strong data-start=\"1855\" data-end=\"1870\">no 10 gadiem<\/strong><\/p>\n<\/li>\n<li data-start=\"1873\" data-end=\"1896\">\n<p data-start=\"1875\" data-end=\"1896\">Ra\u017eots It\u0101lij\u0101<\/p>\n<\/li>\n<li data-start=\"1897\" data-end=\"1979\">\n<p data-start=\"1899\" data-end=\"1979\"><strong data-start=\"1899\" data-end=\"1921\">Dro\u0161\u012bbas br\u012bdin\u0101jums:<\/strong> mazo deta\u013cu d\u0113\u013c nav piem\u0113rots b\u0113rniem l\u012bdz 3 gadu (36 m\u0113ne\u0161u) vecumam.<\/p>\n<\/li>\n<\/ul>\n","protected":false},"excerpt":{"rendered":"<ul data-start=\"1662\" data-end=\"1979\">\n<li data-start=\"1662\" data-end=\"1717\">\n<p data-start=\"1664\" data-end=\"1717\">Salikt\u0101 att\u0113la izm\u0113rs: <strong data-start=\"1688\" data-end=\"1702\">69 \u00d7 50 cm<\/strong> (katrs)<\/p>\n<\/li>\n<li data-start=\"1718\" data-end=\"1760\">\n<p data-start=\"1720\" data-end=\"1760\">Da\u013cu skaits: <strong data-start=\"1738\" data-end=\"1758\">3 \u00d7 1000 da\u013cu<\/strong><\/p>\n<\/li>\n<li data-start=\"1761\" data-end=\"1805\">\n<p data-start=\"1763\" data-end=\"1805\">Iepakojuma izm\u0113ri: <strong data-start=\"1785\" data-end=\"1803\">42 \u00d7 28 \u00d7 6 cm<\/strong><\/p>\n<\/li>\n<li data-start=\"1806\" data-end=\"1828\">\n<p data-start=\"1808\" data-end=\"1828\">Svars: <strong data-start=\"1816\" data-end=\"1826\">1,9 kg<\/strong><\/p>\n<\/li>\n<li data-start=\"1829\" data-end=\"1872\">\n<p data-start=\"1831\" data-end=\"1872\">Ieteicamais vecums: <strong data-start=\"1855\" data-end=\"1870\">no 10 gadiem<\/strong><\/p>\n<\/li>\n<li data-start=\"1873\" data-end=\"1896\">\n<p data-start=\"1875\" data-end=\"1896\">Ra\u017eots It\u0101lij\u0101<\/p>\n<\/li>\n<li data-start=\"1897\" data-end=\"1979\">\n<p data-start=\"1899\" data-end=\"1979\"><strong data-start=\"1899\" data-end=\"1921\">Dro\u0161\u012bbas br\u012bdin\u0101jums:<\/strong> mazo deta\u013cu d\u0113\u013c nav piem\u0113rots b\u0113rniem l\u012bdz 3 gadu (36 m\u0113ne\u0161u) vecumam.<\/p>\n<\/li>\n<\/ul>\n","protected":false},"featured_media":48122,"comment_status":"open","ping_status":"closed","template":"","meta":[],"product_brand":[384],"product_cat":[1154,1153],"product_tag":[],"class_list":{"0":"post-48342","1":"product","2":"type-product","3":"status-publish","4":"has-post-thumbnail","6":"product_brand-clementoni-2","7":"product_cat-lielas-puzles-no-1500-lidz-13200-gabaliniem","8":"product_cat-puzles-puzle","9":"pa_amziaus-grupe-10-lv","10":"pa_amziaus-grupe-14-lv","11":"pa_dali-skaicius-1203","12":"pa_dali-skaicius-3000-lv","13":"pa_prekes-zenklas-clementoni-lv","14":"pa_special-s-pasi-lymai-populars-produkts","15":"pa_tema-varoni-filmas","17":"first","18":"instock","19":"sale","20":"taxable","21":"shipping-taxable","22":"purchasable","23":"product-type-simple"},"yoast_head":"<!-- This site is optimized with the Yoast SEO plugin v27.6 - https:\/\/yoast.com\/product\/yoast-seo-wordpress\/ -->\n<title>Clementoni Harijs Poters - Multi Puzzle (3 \u00d7 1000 gabali\u0146u) - Toys.lt<\/title>\n<meta name=\"description\" content=\"Clementoni Harija Potera komplekts: 3 puzles ar 1000 gabali\u0146iem. Licenc\u0113ti t\u0113lu att\u0113li, katrs att\u0113ls 69\u00d750 cm. Lieliska izv\u0113le faniem.\" \/>\n<meta name=\"robots\" content=\"index, follow, max-snippet:-1, max-image-preview:large, max-video-preview:-1\" \/>\n<link rel=\"canonical\" href=\"https:\/\/toys.lt\/lv\/produktas\/clementoni-harijs-poters-multi-puzzle-3-x-1000-gabalinu\/\" \/>\n<meta property=\"og:locale\" content=\"lv_LV\" \/>\n<meta property=\"og:type\" content=\"article\" \/>\n<meta property=\"og:title\" content=\"Clementoni Harijs Poters - Multi Puzzle (3 \u00d7 1000 gabali\u0146u) - Toys.lt\" \/>\n<meta property=\"og:description\" content=\"Clementoni Harija Potera komplekts: 3 puzles ar 1000 gabali\u0146iem. Licenc\u0113ti t\u0113lu att\u0113li, katrs att\u0113ls 69\u00d750 cm. Lieliska izv\u0113le faniem.\" \/>\n<meta property=\"og:url\" content=\"https:\/\/toys.lt\/lv\/produktas\/clementoni-harijs-poters-multi-puzzle-3-x-1000-gabalinu\/\" \/>\n<meta property=\"og:site_name\" content=\"Toys.lt\" \/>\n<meta property=\"article:modified_time\" content=\"2026-04-08T00:00:54+00:00\" \/>\n<meta property=\"og:image\" content=\"https:\/\/toys.lt\/wp-content\/uploads\/2025\/12\/61884-clemenotni-delione-harry-potter-3-x-1000-detaliu-1.jpg\" \/>\n\t<meta property=\"og:image:width\" content=\"648\" \/>\n\t<meta property=\"og:image:height\" content=\"516\" \/>\n\t<meta property=\"og:image:type\" content=\"image\/jpeg\" \/>\n<meta name=\"twitter:card\" content=\"summary_large_image\" \/>\n<meta name=\"twitter:label1\" content=\"Est. reading time\" \/>\n\t<meta name=\"twitter:data1\" content=\"1 minute\" \/>\n<script type=\"application\/ld+json\" class=\"yoast-schema-graph\">{\"@context\":\"https:\\\/\\\/schema.org\",\"@graph\":[{\"@type\":\"WebPage\",\"@id\":\"https:\\\/\\\/toys.lt\\\/lv\\\/produktas\\\/clementoni-harijs-poters-multi-puzzle-3-x-1000-gabalinu\\\/\",\"url\":\"https:\\\/\\\/toys.lt\\\/lv\\\/produktas\\\/clementoni-harijs-poters-multi-puzzle-3-x-1000-gabalinu\\\/\",\"name\":\"Clementoni Harijs Poters - Multi Puzzle (3 \u00d7 1000 gabali\u0146u) - Toys.lt\",\"isPartOf\":{\"@id\":\"https:\\\/\\\/toys.lt\\\/lv\\\/#website\"},\"primaryImageOfPage\":{\"@id\":\"https:\\\/\\\/toys.lt\\\/lv\\\/produktas\\\/clementoni-harijs-poters-multi-puzzle-3-x-1000-gabalinu\\\/#primaryimage\"},\"image\":{\"@id\":\"https:\\\/\\\/toys.lt\\\/lv\\\/produktas\\\/clementoni-harijs-poters-multi-puzzle-3-x-1000-gabalinu\\\/#primaryimage\"},\"thumbnailUrl\":\"https:\\\/\\\/toys.lt\\\/wp-content\\\/uploads\\\/2025\\\/12\\\/61884-clemenotni-delione-harry-potter-3-x-1000-detaliu-1.jpg\",\"datePublished\":\"2025-12-07T21:07:15+00:00\",\"dateModified\":\"2026-04-08T00:00:54+00:00\",\"description\":\"Clementoni Harija Potera komplekts: 3 puzles ar 1000 gabali\u0146iem. Licenc\u0113ti t\u0113lu att\u0113li, katrs att\u0113ls 69\u00d750 cm. Lieliska izv\u0113le faniem.\",\"breadcrumb\":{\"@id\":\"https:\\\/\\\/toys.lt\\\/lv\\\/produktas\\\/clementoni-harijs-poters-multi-puzzle-3-x-1000-gabalinu\\\/#breadcrumb\"},\"inLanguage\":\"lv-LV\",\"potentialAction\":[{\"@type\":\"ReadAction\",\"target\":[\"https:\\\/\\\/toys.lt\\\/lv\\\/produktas\\\/clementoni-harijs-poters-multi-puzzle-3-x-1000-gabalinu\\\/\"]}]},{\"@type\":\"ImageObject\",\"inLanguage\":\"lv-LV\",\"@id\":\"https:\\\/\\\/toys.lt\\\/lv\\\/produktas\\\/clementoni-harijs-poters-multi-puzzle-3-x-1000-gabalinu\\\/#primaryimage\",\"url\":\"https:\\\/\\\/toys.lt\\\/wp-content\\\/uploads\\\/2025\\\/12\\\/61884-clemenotni-delione-harry-potter-3-x-1000-detaliu-1.jpg\",\"contentUrl\":\"https:\\\/\\\/toys.lt\\\/wp-content\\\/uploads\\\/2025\\\/12\\\/61884-clemenotni-delione-harry-potter-3-x-1000-detaliu-1.jpg\",\"width\":648,\"height\":516},{\"@type\":\"BreadcrumbList\",\"@id\":\"https:\\\/\\\/toys.lt\\\/lv\\\/produktas\\\/clementoni-harijs-poters-multi-puzzle-3-x-1000-gabalinu\\\/#breadcrumb\",\"itemListElement\":[{\"@type\":\"ListItem\",\"position\":1,\"name\":\"Home\",\"item\":\"https:\\\/\\\/toys.lt\\\/lv\\\/\"},{\"@type\":\"ListItem\",\"position\":2,\"name\":\"Veikals\",\"item\":\"https:\\\/\\\/toys.lt\\\/lv\\\/shop\\\/\"},{\"@type\":\"ListItem\",\"position\":3,\"name\":\"Clementoni Harijs Poters &#8211; Multi Puzzle (3 \u00d7 1000 gabali\u0146u)\"}]},{\"@type\":\"WebSite\",\"@id\":\"https:\\\/\\\/toys.lt\\\/lv\\\/#website\",\"url\":\"https:\\\/\\\/toys.lt\\\/lv\\\/\",\"name\":\"Toys.lt\",\"description\":\"\",\"potentialAction\":[{\"@type\":\"SearchAction\",\"target\":{\"@type\":\"EntryPoint\",\"urlTemplate\":\"https:\\\/\\\/toys.lt\\\/lv\\\/?s={search_term_string}\"},\"query-input\":{\"@type\":\"PropertyValueSpecification\",\"valueRequired\":true,\"valueName\":\"search_term_string\"}}],\"inLanguage\":\"lv-LV\"}]}<\/script>\n<!-- \/ Yoast SEO plugin. -->","yoast_head_json":{"title":"Clementoni Harijs Poters - Multi Puzzle (3 \u00d7 1000 gabali\u0146u) - Toys.lt","description":"Clementoni Harija Potera komplekts: 3 puzles ar 1000 gabali\u0146iem. Licenc\u0113ti t\u0113lu att\u0113li, katrs att\u0113ls 69\u00d750 cm. Lieliska izv\u0113le faniem.","robots":{"index":"index","follow":"follow","max-snippet":"max-snippet:-1","max-image-preview":"max-image-preview:large","max-video-preview":"max-video-preview:-1"},"canonical":"https:\/\/toys.lt\/lv\/produktas\/clementoni-harijs-poters-multi-puzzle-3-x-1000-gabalinu\/","og_locale":"lv_LV","og_type":"article","og_title":"Clementoni Harijs Poters - Multi Puzzle (3 \u00d7 1000 gabali\u0146u) - Toys.lt","og_description":"Clementoni Harija Potera komplekts: 3 puzles ar 1000 gabali\u0146iem. Licenc\u0113ti t\u0113lu att\u0113li, katrs att\u0113ls 69\u00d750 cm. Lieliska izv\u0113le faniem.","og_url":"https:\/\/toys.lt\/lv\/produktas\/clementoni-harijs-poters-multi-puzzle-3-x-1000-gabalinu\/","og_site_name":"Toys.lt","article_modified_time":"2026-04-08T00:00:54+00:00","og_image":[{"width":648,"height":516,"url":"https:\/\/toys.lt\/wp-content\/uploads\/2025\/12\/61884-clemenotni-delione-harry-potter-3-x-1000-detaliu-1.jpg","type":"image\/jpeg"}],"twitter_card":"summary_large_image","twitter_misc":{"Est. reading time":"1 minute"},"schema":{"@context":"https:\/\/schema.org","@graph":[{"@type":"WebPage","@id":"https:\/\/toys.lt\/lv\/produktas\/clementoni-harijs-poters-multi-puzzle-3-x-1000-gabalinu\/","url":"https:\/\/toys.lt\/lv\/produktas\/clementoni-harijs-poters-multi-puzzle-3-x-1000-gabalinu\/","name":"Clementoni Harijs Poters - Multi Puzzle (3 \u00d7 1000 gabali\u0146u) - Toys.lt","isPartOf":{"@id":"https:\/\/toys.lt\/lv\/#website"},"primaryImageOfPage":{"@id":"https:\/\/toys.lt\/lv\/produktas\/clementoni-harijs-poters-multi-puzzle-3-x-1000-gabalinu\/#primaryimage"},"image":{"@id":"https:\/\/toys.lt\/lv\/produktas\/clementoni-harijs-poters-multi-puzzle-3-x-1000-gabalinu\/#primaryimage"},"thumbnailUrl":"https:\/\/toys.lt\/wp-content\/uploads\/2025\/12\/61884-clemenotni-delione-harry-potter-3-x-1000-detaliu-1.jpg","datePublished":"2025-12-07T21:07:15+00:00","dateModified":"2026-04-08T00:00:54+00:00","description":"Clementoni Harija Potera komplekts: 3 puzles ar 1000 gabali\u0146iem. Licenc\u0113ti t\u0113lu att\u0113li, katrs att\u0113ls 69\u00d750 cm. Lieliska izv\u0113le faniem.","breadcrumb":{"@id":"https:\/\/toys.lt\/lv\/produktas\/clementoni-harijs-poters-multi-puzzle-3-x-1000-gabalinu\/#breadcrumb"},"inLanguage":"lv-LV","potentialAction":[{"@type":"ReadAction","target":["https:\/\/toys.lt\/lv\/produktas\/clementoni-harijs-poters-multi-puzzle-3-x-1000-gabalinu\/"]}]},{"@type":"ImageObject","inLanguage":"lv-LV","@id":"https:\/\/toys.lt\/lv\/produktas\/clementoni-harijs-poters-multi-puzzle-3-x-1000-gabalinu\/#primaryimage","url":"https:\/\/toys.lt\/wp-content\/uploads\/2025\/12\/61884-clemenotni-delione-harry-potter-3-x-1000-detaliu-1.jpg","contentUrl":"https:\/\/toys.lt\/wp-content\/uploads\/2025\/12\/61884-clemenotni-delione-harry-potter-3-x-1000-detaliu-1.jpg","width":648,"height":516},{"@type":"BreadcrumbList","@id":"https:\/\/toys.lt\/lv\/produktas\/clementoni-harijs-poters-multi-puzzle-3-x-1000-gabalinu\/#breadcrumb","itemListElement":[{"@type":"ListItem","position":1,"name":"Home","item":"https:\/\/toys.lt\/lv\/"},{"@type":"ListItem","position":2,"name":"Veikals","item":"https:\/\/toys.lt\/lv\/shop\/"},{"@type":"ListItem","position":3,"name":"Clementoni Harijs Poters &#8211; Multi Puzzle (3 \u00d7 1000 gabali\u0146u)"}]},{"@type":"WebSite","@id":"https:\/\/toys.lt\/lv\/#website","url":"https:\/\/toys.lt\/lv\/","name":"Toys.lt","description":"","potentialAction":[{"@type":"SearchAction","target":{"@type":"EntryPoint","urlTemplate":"https:\/\/toys.lt\/lv\/?s={search_term_string}"},"query-input":{"@type":"PropertyValueSpecification","valueRequired":true,"valueName":"search_term_string"}}],"inLanguage":"lv-LV"}]}},"_links":{"self":[{"href":"https:\/\/toys.lt\/lv\/wp-json\/wp\/v2\/product\/48342","targetHints":{"allow":["GET"]}}],"collection":[{"href":"https:\/\/toys.lt\/lv\/wp-json\/wp\/v2\/product"}],"about":[{"href":"https:\/\/toys.lt\/lv\/wp-json\/wp\/v2\/types\/product"}],"replies":[{"embeddable":true,"href":"https:\/\/toys.lt\/lv\/wp-json\/wp\/v2\/comments?post=48342"}],"version-history":[{"count":0,"href":"https:\/\/toys.lt\/lv\/wp-json\/wp\/v2\/product\/48342\/revisions"}],"wp:featuredmedia":[{"embeddable":true,"href":"https:\/\/toys.lt\/lv\/wp-json\/wp\/v2\/media\/48122"}],"wp:attachment":[{"href":"https:\/\/toys.lt\/lv\/wp-json\/wp\/v2\/media?parent=48342"}],"wp:term":[{"taxonomy":"product_brand","embeddable":true,"href":"https:\/\/toys.lt\/lv\/wp-json\/wp\/v2\/product_brand?post=48342"},{"taxonomy":"product_cat","embeddable":true,"href":"https:\/\/toys.lt\/lv\/wp-json\/wp\/v2\/product_cat?post=48342"},{"taxonomy":"product_tag","embeddable":true,"href":"https:\/\/toys.lt\/lv\/wp-json\/wp\/v2\/product_tag?post=48342"}],"curies":[{"name":"wp","href":"https:\/\/api.w.org\/{rel}","templated":true}]}}