{"id":48338,"date":"2025-12-07T20:58:28","date_gmt":"2025-12-07T20:58:28","guid":{"rendered":"https:\/\/toys.lt\/produktas\/clementoni-steps-to-the-harbor-puzzle-1500-gabalini\/"},"modified":"2026-04-08T00:00:54","modified_gmt":"2026-04-08T00:00:54","slug":"clementoni-steps-to-the-harbor-puzzle-1500-gabalini","status":"publish","type":"product","link":"https:\/\/toys.lt\/lv\/produktas\/clementoni-steps-to-the-harbor-puzzle-1500-gabalini\/","title":{"rendered":"Clementoni Steps to the Harbor Puzzle 1500 gabali\u0146i"},"content":{"rendered":"<p data-start=\"407\" data-end=\"715\"><strong data-start=\"407\" data-end=\"475\">Clementoni augstas kvalit\u0101tes kolekcijas puzle Steps to the Harbor<\/strong> aizved j\u016bs uz burv\u012bgu piej\u016bras pils\u0113ti\u0146u, kur silts saulriets izgaismo k\u0101pnes, kas ved uz leju uz ostu. Kr\u0101saini ziedi, m\u0101j\u012bgas m\u0101jas ar teras\u0113m un mier\u012bgi peldo\u0161as laivas rada romantisku, br\u012bvdienu noska\u0146as piepild\u012btu ainu. <\/p>\n<p data-start=\"717\" data-end=\"930\">T\u0101 ir detaliz\u0113ta ainava ar maigiem to\u0146iem un dzi\u013cu perspekt\u012bvu &#8211; to ir pat\u012bkami apl\u016bkot un izvietot. Salikt\u0101 puzle k\u013c\u016bs par satrieco\u0161u dekoru, kas atg\u0101dina Vidusj\u016bras pils\u0113tu skaistumu un mieru. <\/p>\n<hr data-start=\"932\" data-end=\"935\">\n<h3 data-start=\"937\" data-end=\"954\"><strong data-start=\"943\" data-end=\"954\">\u2b50 Funkcijas<\/strong><\/h3>\n<ul data-start=\"955\" data-end=\"1226\">\n<li data-start=\"955\" data-end=\"980\">\n<p data-start=\"957\" data-end=\"980\">1500 puzles gabali\u0146u<\/p>\n<\/li>\n<li data-start=\"981\" data-end=\"1042\">\n<p data-start=\"983\" data-end=\"1042\">Romantisks skats uz piej\u016bras pils\u0113tu ar k\u0101pn\u0113m uz ostu<\/p>\n<\/li>\n<li data-start=\"1043\" data-end=\"1096\">\n<p data-start=\"1045\" data-end=\"1096\">Augstas kvalit\u0101tes druka, bag\u0101t\u012bgas un siltas kr\u0101sas<\/p>\n<\/li>\n<li data-start=\"1097\" data-end=\"1158\">\n<p data-start=\"1099\" data-end=\"1158\">Gludas, prec\u012bzi grieztas un viegli savienojamas deta\u013cas<\/p>\n<\/li>\n<li data-start=\"1159\" data-end=\"1226\">\n<p data-start=\"1161\" data-end=\"1226\">Att\u012bsta uzman\u012bbu, koncentr\u0113\u0161an\u0101s sp\u0113jas, rado\u0161umu un vizu\u0101lo atmi\u0146u.<\/p>\n<\/li>\n<\/ul>\n<hr data-start=\"1228\" data-end=\"1231\">\n<h3 data-start=\"1233\" data-end=\"1264\">\ud83d\udd27 <strong data-start=\"1240\" data-end=\"1264\">Tehnisk\u0101 inform\u0101cija<\/strong><\/h3>\n<ul data-start=\"1265\" data-end=\"1518\">\n<li data-start=\"1265\" data-end=\"1299\">\n<p data-start=\"1267\" data-end=\"1299\">Saloc\u012bta puzle: <strong data-start=\"1283\" data-end=\"1297\">84 \u00d7 60 cm<\/strong><\/p>\n<\/li>\n<li data-start=\"1300\" data-end=\"1344\">\n<p data-start=\"1302\" data-end=\"1344\">Iepakojuma izm\u0113ri: <strong data-start=\"1324\" data-end=\"1342\">37 \u00d7 28 \u00d7 5 cm<\/strong><\/p>\n<\/li>\n<li data-start=\"1345\" data-end=\"1367\">\n<p data-start=\"1347\" data-end=\"1367\">Svars: <strong data-start=\"1355\" data-end=\"1365\">1,1 kg<\/strong><\/p>\n<\/li>\n<li data-start=\"1368\" data-end=\"1411\">\n<p data-start=\"1370\" data-end=\"1411\">Ieteicamais vecums: <strong data-start=\"1394\" data-end=\"1409\">no 14 gadiem<\/strong><\/p>\n<\/li>\n<li data-start=\"1412\" data-end=\"1435\">\n<p data-start=\"1414\" data-end=\"1435\">Ra\u017eots It\u0101lij\u0101<\/p>\n<\/li>\n<li data-start=\"1436\" data-end=\"1518\">\n<p data-start=\"1438\" data-end=\"1518\"><strong data-start=\"1438\" data-end=\"1518\">Dro\u0161\u012bbas br\u012bdin\u0101jums: mazo deta\u013cu d\u0113\u013c nav piem\u0113rots b\u0113rniem l\u012bdz 3 gadu (36 m\u0113ne\u0161u) vecumam.<\/strong><\/p>\n<\/li>\n<\/ul>\n","protected":false},"excerpt":{"rendered":"<ul data-start=\"1322\" data-end=\"1572\">\n<li data-start=\"1322\" data-end=\"1356\">\n<p data-start=\"1324\" data-end=\"1356\">Saloc\u012bta puzle: <strong data-start=\"1340\" data-end=\"1354\">84 \u00d7 60 cm<\/strong><\/p>\n<\/li>\n<li data-start=\"1357\" data-end=\"1401\">\n<p data-start=\"1359\" data-end=\"1401\">Iepakojuma izm\u0113ri: <strong data-start=\"1381\" data-end=\"1399\">37 \u00d7 28 \u00d7 5 cm<\/strong><\/p>\n<\/li>\n<li data-start=\"1402\" data-end=\"1424\">\n<p data-start=\"1404\" data-end=\"1424\">Svars: <strong data-start=\"1412\" data-end=\"1422\">1,1 kg<\/strong><\/p>\n<\/li>\n<li data-start=\"1425\" data-end=\"1468\">\n<p data-start=\"1427\" data-end=\"1468\">Ieteicamais vecums: <strong data-start=\"1451\" data-end=\"1466\">no 14 gadiem<\/strong><\/p>\n<\/li>\n<li data-start=\"1469\" data-end=\"1492\">\n<p data-start=\"1471\" data-end=\"1492\">Ra\u017eots It\u0101lij\u0101<\/p>\n<\/li>\n<li data-start=\"1493\" data-end=\"1572\">\n<p data-start=\"1495\" data-end=\"1572\">Dro\u0161\u012bbas br\u012bdin\u0101jums: mazo deta\u013cu d\u0113\u013c nav piem\u0113rots b\u0113rniem l\u012bdz 3 gadu (36 m\u0113ne\u0161u) vecumam.<\/p>\n<\/li>\n<\/ul>\n","protected":false},"featured_media":48108,"comment_status":"open","ping_status":"closed","template":"","meta":[],"product_brand":[384],"product_cat":[1154,1153],"product_tag":[],"class_list":{"0":"post-48338","1":"product","2":"type-product","3":"status-publish","4":"has-post-thumbnail","6":"product_brand-clementoni-2","7":"product_cat-lielas-puzles-no-1500-lidz-13200-gabaliniem","8":"product_cat-puzles-puzle","9":"pa_amziaus-grupe-10-lv","10":"pa_amziaus-grupe-14-lv","11":"pa_dali-skaicius-1500-lv","12":"pa_prekes-zenklas-clementoni-lv","13":"pa_special-s-pasi-lymai-populars-produkts","14":"pa_tema-daba","16":"first","17":"instock","18":"sale","19":"taxable","20":"shipping-taxable","21":"purchasable","22":"product-type-simple"},"yoast_head":"<!-- This site is optimized with the Yoast SEO plugin v26.3 - https:\/\/yoast.com\/wordpress\/plugins\/seo\/ -->\n<title>Clementoni Steps to the Harbor Puzzle 1500 gabali\u0146i - Toys.lt<\/title>\n<meta name=\"description\" content=\"Clementoni Steps to the Harbor Puzzle ar 1500 gabali\u0146iem. Romantiska piej\u016bras ainava, ko\u0161as kr\u0101sas un izm\u0113rs 84\u00d760 cm.\" \/>\n<meta name=\"robots\" content=\"index, follow, max-snippet:-1, max-image-preview:large, max-video-preview:-1\" \/>\n<link rel=\"canonical\" href=\"https:\/\/toys.lt\/lv\/produktas\/clementoni-steps-to-the-harbor-puzzle-1500-gabalini\/\" \/>\n<meta property=\"og:locale\" content=\"lv_LV\" \/>\n<meta property=\"og:type\" content=\"article\" \/>\n<meta property=\"og:title\" content=\"Clementoni Steps to the Harbor Puzzle 1500 gabali\u0146i - Toys.lt\" \/>\n<meta property=\"og:description\" content=\"Clementoni Steps to the Harbor Puzzle ar 1500 gabali\u0146iem. Romantiska piej\u016bras ainava, ko\u0161as kr\u0101sas un izm\u0113rs 84\u00d760 cm.\" \/>\n<meta property=\"og:url\" content=\"https:\/\/toys.lt\/lv\/produktas\/clementoni-steps-to-the-harbor-puzzle-1500-gabalini\/\" \/>\n<meta property=\"og:site_name\" content=\"Toys.lt\" \/>\n<meta property=\"article:modified_time\" content=\"2026-04-08T00:00:54+00:00\" \/>\n<meta property=\"og:image\" content=\"https:\/\/toys.lt\/wp-content\/uploads\/2025\/12\/31726-clementoni-delione-1500-detaliu-1.jpg\" \/>\n\t<meta property=\"og:image:width\" content=\"683\" \/>\n\t<meta property=\"og:image:height\" content=\"594\" \/>\n\t<meta property=\"og:image:type\" content=\"image\/jpeg\" \/>\n<meta name=\"twitter:card\" content=\"summary_large_image\" \/>\n<meta name=\"twitter:label1\" content=\"Est. reading time\" \/>\n\t<meta name=\"twitter:data1\" content=\"1 minute\" \/>\n<script type=\"application\/ld+json\" class=\"yoast-schema-graph\">{\"@context\":\"https:\/\/schema.org\",\"@graph\":[{\"@type\":\"WebPage\",\"@id\":\"https:\/\/toys.lt\/lv\/produktas\/clementoni-steps-to-the-harbor-puzzle-1500-gabalini\/\",\"url\":\"https:\/\/toys.lt\/lv\/produktas\/clementoni-steps-to-the-harbor-puzzle-1500-gabalini\/\",\"name\":\"Clementoni Steps to the Harbor Puzzle 1500 gabali\u0146i - Toys.lt\",\"isPartOf\":{\"@id\":\"https:\/\/toys.lt\/lv\/#website\"},\"primaryImageOfPage\":{\"@id\":\"https:\/\/toys.lt\/lv\/produktas\/clementoni-steps-to-the-harbor-puzzle-1500-gabalini\/#primaryimage\"},\"image\":{\"@id\":\"https:\/\/toys.lt\/lv\/produktas\/clementoni-steps-to-the-harbor-puzzle-1500-gabalini\/#primaryimage\"},\"thumbnailUrl\":\"https:\/\/toys.lt\/wp-content\/uploads\/2025\/12\/31726-clementoni-delione-1500-detaliu-1.jpg\",\"datePublished\":\"2025-12-07T20:58:28+00:00\",\"dateModified\":\"2026-04-08T00:00:54+00:00\",\"description\":\"Clementoni Steps to the Harbor Puzzle ar 1500 gabali\u0146iem. Romantiska piej\u016bras ainava, ko\u0161as kr\u0101sas un izm\u0113rs 84\u00d760 cm.\",\"breadcrumb\":{\"@id\":\"https:\/\/toys.lt\/lv\/produktas\/clementoni-steps-to-the-harbor-puzzle-1500-gabalini\/#breadcrumb\"},\"inLanguage\":\"lv-LV\",\"potentialAction\":[{\"@type\":\"ReadAction\",\"target\":[\"https:\/\/toys.lt\/lv\/produktas\/clementoni-steps-to-the-harbor-puzzle-1500-gabalini\/\"]}]},{\"@type\":\"ImageObject\",\"inLanguage\":\"lv-LV\",\"@id\":\"https:\/\/toys.lt\/lv\/produktas\/clementoni-steps-to-the-harbor-puzzle-1500-gabalini\/#primaryimage\",\"url\":\"https:\/\/toys.lt\/wp-content\/uploads\/2025\/12\/31726-clementoni-delione-1500-detaliu-1.jpg\",\"contentUrl\":\"https:\/\/toys.lt\/wp-content\/uploads\/2025\/12\/31726-clementoni-delione-1500-detaliu-1.jpg\",\"width\":683,\"height\":594},{\"@type\":\"BreadcrumbList\",\"@id\":\"https:\/\/toys.lt\/lv\/produktas\/clementoni-steps-to-the-harbor-puzzle-1500-gabalini\/#breadcrumb\",\"itemListElement\":[{\"@type\":\"ListItem\",\"position\":1,\"name\":\"Home\",\"item\":\"https:\/\/toys.lt\/lv\/\"},{\"@type\":\"ListItem\",\"position\":2,\"name\":\"Veikals\",\"item\":\"https:\/\/toys.lt\/lv\/shop\/\"},{\"@type\":\"ListItem\",\"position\":3,\"name\":\"Clementoni Steps to the Harbor Puzzle 1500 gabali\u0146i\"}]},{\"@type\":\"WebSite\",\"@id\":\"https:\/\/toys.lt\/lv\/#website\",\"url\":\"https:\/\/toys.lt\/lv\/\",\"name\":\"Toys.lt\",\"description\":\"\",\"potentialAction\":[{\"@type\":\"SearchAction\",\"target\":{\"@type\":\"EntryPoint\",\"urlTemplate\":\"https:\/\/toys.lt\/lv\/?s={search_term_string}\"},\"query-input\":{\"@type\":\"PropertyValueSpecification\",\"valueRequired\":true,\"valueName\":\"search_term_string\"}}],\"inLanguage\":\"lv-LV\"}]}<\/script>\n<!-- \/ Yoast SEO plugin. -->","yoast_head_json":{"title":"Clementoni Steps to the Harbor Puzzle 1500 gabali\u0146i - Toys.lt","description":"Clementoni Steps to the Harbor Puzzle ar 1500 gabali\u0146iem. Romantiska piej\u016bras ainava, ko\u0161as kr\u0101sas un izm\u0113rs 84\u00d760 cm.","robots":{"index":"index","follow":"follow","max-snippet":"max-snippet:-1","max-image-preview":"max-image-preview:large","max-video-preview":"max-video-preview:-1"},"canonical":"https:\/\/toys.lt\/lv\/produktas\/clementoni-steps-to-the-harbor-puzzle-1500-gabalini\/","og_locale":"lv_LV","og_type":"article","og_title":"Clementoni Steps to the Harbor Puzzle 1500 gabali\u0146i - Toys.lt","og_description":"Clementoni Steps to the Harbor Puzzle ar 1500 gabali\u0146iem. Romantiska piej\u016bras ainava, ko\u0161as kr\u0101sas un izm\u0113rs 84\u00d760 cm.","og_url":"https:\/\/toys.lt\/lv\/produktas\/clementoni-steps-to-the-harbor-puzzle-1500-gabalini\/","og_site_name":"Toys.lt","article_modified_time":"2026-04-08T00:00:54+00:00","og_image":[{"width":683,"height":594,"url":"https:\/\/toys.lt\/wp-content\/uploads\/2025\/12\/31726-clementoni-delione-1500-detaliu-1.jpg","type":"image\/jpeg"}],"twitter_card":"summary_large_image","twitter_misc":{"Est. reading time":"1 minute"},"schema":{"@context":"https:\/\/schema.org","@graph":[{"@type":"WebPage","@id":"https:\/\/toys.lt\/lv\/produktas\/clementoni-steps-to-the-harbor-puzzle-1500-gabalini\/","url":"https:\/\/toys.lt\/lv\/produktas\/clementoni-steps-to-the-harbor-puzzle-1500-gabalini\/","name":"Clementoni Steps to the Harbor Puzzle 1500 gabali\u0146i - Toys.lt","isPartOf":{"@id":"https:\/\/toys.lt\/lv\/#website"},"primaryImageOfPage":{"@id":"https:\/\/toys.lt\/lv\/produktas\/clementoni-steps-to-the-harbor-puzzle-1500-gabalini\/#primaryimage"},"image":{"@id":"https:\/\/toys.lt\/lv\/produktas\/clementoni-steps-to-the-harbor-puzzle-1500-gabalini\/#primaryimage"},"thumbnailUrl":"https:\/\/toys.lt\/wp-content\/uploads\/2025\/12\/31726-clementoni-delione-1500-detaliu-1.jpg","datePublished":"2025-12-07T20:58:28+00:00","dateModified":"2026-04-08T00:00:54+00:00","description":"Clementoni Steps to the Harbor Puzzle ar 1500 gabali\u0146iem. Romantiska piej\u016bras ainava, ko\u0161as kr\u0101sas un izm\u0113rs 84\u00d760 cm.","breadcrumb":{"@id":"https:\/\/toys.lt\/lv\/produktas\/clementoni-steps-to-the-harbor-puzzle-1500-gabalini\/#breadcrumb"},"inLanguage":"lv-LV","potentialAction":[{"@type":"ReadAction","target":["https:\/\/toys.lt\/lv\/produktas\/clementoni-steps-to-the-harbor-puzzle-1500-gabalini\/"]}]},{"@type":"ImageObject","inLanguage":"lv-LV","@id":"https:\/\/toys.lt\/lv\/produktas\/clementoni-steps-to-the-harbor-puzzle-1500-gabalini\/#primaryimage","url":"https:\/\/toys.lt\/wp-content\/uploads\/2025\/12\/31726-clementoni-delione-1500-detaliu-1.jpg","contentUrl":"https:\/\/toys.lt\/wp-content\/uploads\/2025\/12\/31726-clementoni-delione-1500-detaliu-1.jpg","width":683,"height":594},{"@type":"BreadcrumbList","@id":"https:\/\/toys.lt\/lv\/produktas\/clementoni-steps-to-the-harbor-puzzle-1500-gabalini\/#breadcrumb","itemListElement":[{"@type":"ListItem","position":1,"name":"Home","item":"https:\/\/toys.lt\/lv\/"},{"@type":"ListItem","position":2,"name":"Veikals","item":"https:\/\/toys.lt\/lv\/shop\/"},{"@type":"ListItem","position":3,"name":"Clementoni Steps to the Harbor Puzzle 1500 gabali\u0146i"}]},{"@type":"WebSite","@id":"https:\/\/toys.lt\/lv\/#website","url":"https:\/\/toys.lt\/lv\/","name":"Toys.lt","description":"","potentialAction":[{"@type":"SearchAction","target":{"@type":"EntryPoint","urlTemplate":"https:\/\/toys.lt\/lv\/?s={search_term_string}"},"query-input":{"@type":"PropertyValueSpecification","valueRequired":true,"valueName":"search_term_string"}}],"inLanguage":"lv-LV"}]}},"_links":{"self":[{"href":"https:\/\/toys.lt\/lv\/wp-json\/wp\/v2\/product\/48338","targetHints":{"allow":["GET"]}}],"collection":[{"href":"https:\/\/toys.lt\/lv\/wp-json\/wp\/v2\/product"}],"about":[{"href":"https:\/\/toys.lt\/lv\/wp-json\/wp\/v2\/types\/product"}],"replies":[{"embeddable":true,"href":"https:\/\/toys.lt\/lv\/wp-json\/wp\/v2\/comments?post=48338"}],"version-history":[{"count":0,"href":"https:\/\/toys.lt\/lv\/wp-json\/wp\/v2\/product\/48338\/revisions"}],"wp:featuredmedia":[{"embeddable":true,"href":"https:\/\/toys.lt\/lv\/wp-json\/wp\/v2\/media\/48108"}],"wp:attachment":[{"href":"https:\/\/toys.lt\/lv\/wp-json\/wp\/v2\/media?parent=48338"}],"wp:term":[{"taxonomy":"product_brand","embeddable":true,"href":"https:\/\/toys.lt\/lv\/wp-json\/wp\/v2\/product_brand?post=48338"},{"taxonomy":"product_cat","embeddable":true,"href":"https:\/\/toys.lt\/lv\/wp-json\/wp\/v2\/product_cat?post=48338"},{"taxonomy":"product_tag","embeddable":true,"href":"https:\/\/toys.lt\/lv\/wp-json\/wp\/v2\/product_tag?post=48338"}],"curies":[{"name":"wp","href":"https:\/\/api.w.org\/{rel}","templated":true}]}}