{"id":48336,"date":"2025-12-07T20:53:39","date_gmt":"2025-12-07T20:53:39","guid":{"rendered":"https:\/\/toys.lt\/produktas\/clementoni-puzle-zaanse-schans-1500-gab\/"},"modified":"2026-04-08T00:00:55","modified_gmt":"2026-04-08T00:00:55","slug":"clementoni-puzle-zaanse-schans-1500-gab","status":"publish","type":"product","link":"https:\/\/toys.lt\/lv\/produktas\/clementoni-puzle-zaanse-schans-1500-gab\/","title":{"rendered":"Clementoni puzle &#8220;Zaanse Schans&#8221; 1500 gab."},"content":{"rendered":"<p data-start=\"453\" data-end=\"801\"><strong data-start=\"453\" data-end=\"515\">Clementoni Augstas kvalit\u0101tes kolekcijas puzle &#8220;Zaanse Schans&#8221;<\/strong> aizved j\u016bs uz vienu no skaist\u0101kaj\u0101m un atpaz\u012bstam\u0101kaj\u0101m viet\u0101m N\u012bderland\u0113. Burv\u012bgas tradicion\u0101l\u0101s za\u013c\u0101s koka lauku m\u0101jas, sen\u0101s dzirnavas, klusais kan\u0101ls un silt\u0101s saulrieta debesis rada harmonisku, relaks\u0113jo\u0161u ainavu, kur\u0101 sapl\u016bst daba un N\u012bderlandes arhitekt\u016bras trad\u012bcijas. <\/p>\n<p data-start=\"803\" data-end=\"1074\">Augstas kvalit\u0101tes druk\u0101\u0161ana atveido maigos ton\u0101los p\u0101rejas to\u0146us un \u016bdens spogu\u013catt\u0113lus, padarot att\u0113lu izcili spilgtu. \u0160\u012b ir ide\u0101la puzle tiem, kam pat\u012bk mier\u012bgas, est\u0113tiskas ainavas un kas v\u0113las m\u0101j\u0101s piedz\u012bvot klusuma mirkli N\u012bderlandes ciemat\u0101. <\/p>\n<hr data-start=\"1076\" data-end=\"1079\">\n<h3 data-start=\"1081\" data-end=\"1098\"><strong data-start=\"1087\" data-end=\"1098\">\u2b50 Funkcijas<\/strong><\/h3>\n<ul data-start=\"1099\" data-end=\"1356\">\n<li data-start=\"1099\" data-end=\"1124\">\n<p data-start=\"1101\" data-end=\"1124\">1500 puzles gabali\u0146u<\/p>\n<\/li>\n<li data-start=\"1125\" data-end=\"1192\">\n<p data-start=\"1127\" data-end=\"1192\">Tradicion\u0101lais holandie\u0161u ciemats Zaanse Schans un kan\u0101la ainava<\/p>\n<\/li>\n<li data-start=\"1193\" data-end=\"1234\">\n<p data-start=\"1195\" data-end=\"1234\">Augstas kvalit\u0101tes, asa un detaliz\u0113ta druka<\/p>\n<\/li>\n<li data-start=\"1235\" data-end=\"1288\">\n<p data-start=\"1237\" data-end=\"1288\">Gludas, iztur\u012bgas un prec\u012bzas \u0161uves<\/p>\n<\/li>\n<li data-start=\"1289\" data-end=\"1356\">\n<p data-start=\"1291\" data-end=\"1356\">Att\u012bsta koncentr\u0113\u0161an\u0101s sp\u0113jas, paciet\u012bbu, vizu\u0101lo uzman\u012bbu un cent\u012bbu.<\/p>\n<\/li>\n<\/ul>\n<hr data-start=\"1358\" data-end=\"1361\">\n<h3 data-start=\"1363\" data-end=\"1394\">\ud83d\udd27 <strong data-start=\"1370\" data-end=\"1394\">Tehnisk\u0101 inform\u0101cija<\/strong><\/h3>\n<ul data-start=\"1395\" data-end=\"1648\">\n<li data-start=\"1395\" data-end=\"1429\">\n<p data-start=\"1397\" data-end=\"1429\">Saloc\u012bta puzle: <strong data-start=\"1413\" data-end=\"1427\">84 \u00d7 60 cm<\/strong><\/p>\n<\/li>\n<li data-start=\"1430\" data-end=\"1474\">\n<p data-start=\"1432\" data-end=\"1474\">Iepakojuma izm\u0113ri: <strong data-start=\"1454\" data-end=\"1472\">37 \u00d7 28 \u00d7 5 cm<\/strong><\/p>\n<\/li>\n<li data-start=\"1475\" data-end=\"1497\">\n<p data-start=\"1477\" data-end=\"1497\">Svars: <strong data-start=\"1485\" data-end=\"1495\">1,1 kg<\/strong><\/p>\n<\/li>\n<li data-start=\"1498\" data-end=\"1541\">\n<p data-start=\"1500\" data-end=\"1541\">Ieteicamais vecums: <strong data-start=\"1524\" data-end=\"1539\">no 14 gadiem<\/strong><\/p>\n<\/li>\n<li data-start=\"1542\" data-end=\"1565\">\n<p data-start=\"1544\" data-end=\"1565\">Ra\u017eots It\u0101lij\u0101<\/p>\n<\/li>\n<li data-start=\"1566\" data-end=\"1648\">\n<p data-start=\"1568\" data-end=\"1648\"><strong data-start=\"1568\" data-end=\"1648\">Dro\u0161\u012bbas br\u012bdin\u0101jums: mazo deta\u013cu d\u0113\u013c nav piem\u0113rots b\u0113rniem l\u012bdz 3 gadu (36 m\u0113ne\u0161u) vecumam.<\/strong><\/p>\n<\/li>\n<\/ul>\n","protected":false},"excerpt":{"rendered":"<ul data-start=\"1322\" data-end=\"1572\">\n<li data-start=\"1322\" data-end=\"1356\">\n<p data-start=\"1324\" data-end=\"1356\">Saloc\u012bta puzle: <strong data-start=\"1340\" data-end=\"1354\">84 \u00d7 60 cm<\/strong><\/p>\n<\/li>\n<li data-start=\"1357\" data-end=\"1401\">\n<p data-start=\"1359\" data-end=\"1401\">Iepakojuma izm\u0113ri: <strong data-start=\"1381\" data-end=\"1399\">37 \u00d7 28 \u00d7 5 cm<\/strong><\/p>\n<\/li>\n<li data-start=\"1402\" data-end=\"1424\">\n<p data-start=\"1404\" data-end=\"1424\">Svars: <strong data-start=\"1412\" data-end=\"1422\">1,1 kg<\/strong><\/p>\n<\/li>\n<li data-start=\"1425\" data-end=\"1468\">\n<p data-start=\"1427\" data-end=\"1468\">Ieteicamais vecums: <strong data-start=\"1451\" data-end=\"1466\">no 14 gadiem<\/strong><\/p>\n<\/li>\n<li data-start=\"1469\" data-end=\"1492\">\n<p data-start=\"1471\" data-end=\"1492\">Ra\u017eots It\u0101lij\u0101<\/p>\n<\/li>\n<li data-start=\"1493\" data-end=\"1572\">\n<p data-start=\"1495\" data-end=\"1572\">Dro\u0161\u012bbas br\u012bdin\u0101jums: mazo deta\u013cu d\u0113\u013c nav piem\u0113rots b\u0113rniem l\u012bdz 3 gadu (36 m\u0113ne\u0161u) vecumam.<\/p>\n<\/li>\n<\/ul>\n","protected":false},"featured_media":48100,"comment_status":"open","ping_status":"closed","template":"","meta":[],"product_brand":[384],"product_cat":[1154,1153],"product_tag":[],"class_list":{"0":"post-48336","1":"product","2":"type-product","3":"status-publish","4":"has-post-thumbnail","6":"product_brand-clementoni-2","7":"product_cat-lielas-puzles-no-1500-lidz-13200-gabaliniem","8":"product_cat-puzles-puzle","9":"pa_amziaus-grupe-10-lv","10":"pa_amziaus-grupe-14-lv","11":"pa_dali-skaicius-1500-lv","12":"pa_prekes-zenklas-clementoni-lv","13":"pa_special-s-pasi-lymai-populars-produkts","14":"pa_tema-daba","16":"first","17":"instock","18":"sale","19":"taxable","20":"shipping-taxable","21":"purchasable","22":"product-type-simple"},"yoast_head":"<!-- This site is optimized with the Yoast SEO plugin v26.3 - https:\/\/yoast.com\/wordpress\/plugins\/seo\/ -->\n<title>Clementoni puzle &quot;Zaanse Schans&quot; 1500 gab. - Toys.lt<\/title>\n<meta name=\"description\" content=\"Clementoni Zaanse Schans puzle ar 1500 gabali\u0146iem. N\u012bderlandes ciemats, \u016bdens atspulgi un izm\u0113rs 84\u00d760 cm. Augsta drukas kvalit\u0101te.\" \/>\n<meta name=\"robots\" content=\"index, follow, max-snippet:-1, max-image-preview:large, max-video-preview:-1\" \/>\n<link rel=\"canonical\" href=\"https:\/\/toys.lt\/lv\/produktas\/clementoni-puzle-zaanse-schans-1500-gab\/\" \/>\n<meta property=\"og:locale\" content=\"lv_LV\" \/>\n<meta property=\"og:type\" content=\"article\" \/>\n<meta property=\"og:title\" content=\"Clementoni puzle &quot;Zaanse Schans&quot; 1500 gab. - Toys.lt\" \/>\n<meta property=\"og:description\" content=\"Clementoni Zaanse Schans puzle ar 1500 gabali\u0146iem. N\u012bderlandes ciemats, \u016bdens atspulgi un izm\u0113rs 84\u00d760 cm. Augsta drukas kvalit\u0101te.\" \/>\n<meta property=\"og:url\" content=\"https:\/\/toys.lt\/lv\/produktas\/clementoni-puzle-zaanse-schans-1500-gab\/\" \/>\n<meta property=\"og:site_name\" content=\"Toys.lt\" \/>\n<meta property=\"article:modified_time\" content=\"2026-04-08T00:00:55+00:00\" \/>\n<meta property=\"og:image\" content=\"https:\/\/toys.lt\/wp-content\/uploads\/2025\/12\/31696-clementoni-delione-1500-detaliu-1.jpg\" \/>\n\t<meta property=\"og:image:width\" content=\"1500\" \/>\n\t<meta property=\"og:image:height\" content=\"1235\" \/>\n\t<meta property=\"og:image:type\" content=\"image\/jpeg\" \/>\n<meta name=\"twitter:card\" content=\"summary_large_image\" \/>\n<meta name=\"twitter:label1\" content=\"Est. reading time\" \/>\n\t<meta name=\"twitter:data1\" content=\"1 minute\" \/>\n<script type=\"application\/ld+json\" class=\"yoast-schema-graph\">{\"@context\":\"https:\/\/schema.org\",\"@graph\":[{\"@type\":\"WebPage\",\"@id\":\"https:\/\/toys.lt\/lv\/produktas\/clementoni-puzle-zaanse-schans-1500-gab\/\",\"url\":\"https:\/\/toys.lt\/lv\/produktas\/clementoni-puzle-zaanse-schans-1500-gab\/\",\"name\":\"Clementoni puzle \\\"Zaanse Schans\\\" 1500 gab. - Toys.lt\",\"isPartOf\":{\"@id\":\"https:\/\/toys.lt\/lv\/#website\"},\"primaryImageOfPage\":{\"@id\":\"https:\/\/toys.lt\/lv\/produktas\/clementoni-puzle-zaanse-schans-1500-gab\/#primaryimage\"},\"image\":{\"@id\":\"https:\/\/toys.lt\/lv\/produktas\/clementoni-puzle-zaanse-schans-1500-gab\/#primaryimage\"},\"thumbnailUrl\":\"https:\/\/toys.lt\/wp-content\/uploads\/2025\/12\/31696-clementoni-delione-1500-detaliu-1.jpg\",\"datePublished\":\"2025-12-07T20:53:39+00:00\",\"dateModified\":\"2026-04-08T00:00:55+00:00\",\"description\":\"Clementoni Zaanse Schans puzle ar 1500 gabali\u0146iem. N\u012bderlandes ciemats, \u016bdens atspulgi un izm\u0113rs 84\u00d760 cm. Augsta drukas kvalit\u0101te.\",\"breadcrumb\":{\"@id\":\"https:\/\/toys.lt\/lv\/produktas\/clementoni-puzle-zaanse-schans-1500-gab\/#breadcrumb\"},\"inLanguage\":\"lv-LV\",\"potentialAction\":[{\"@type\":\"ReadAction\",\"target\":[\"https:\/\/toys.lt\/lv\/produktas\/clementoni-puzle-zaanse-schans-1500-gab\/\"]}]},{\"@type\":\"ImageObject\",\"inLanguage\":\"lv-LV\",\"@id\":\"https:\/\/toys.lt\/lv\/produktas\/clementoni-puzle-zaanse-schans-1500-gab\/#primaryimage\",\"url\":\"https:\/\/toys.lt\/wp-content\/uploads\/2025\/12\/31696-clementoni-delione-1500-detaliu-1.jpg\",\"contentUrl\":\"https:\/\/toys.lt\/wp-content\/uploads\/2025\/12\/31696-clementoni-delione-1500-detaliu-1.jpg\",\"width\":1500,\"height\":1235},{\"@type\":\"BreadcrumbList\",\"@id\":\"https:\/\/toys.lt\/lv\/produktas\/clementoni-puzle-zaanse-schans-1500-gab\/#breadcrumb\",\"itemListElement\":[{\"@type\":\"ListItem\",\"position\":1,\"name\":\"Home\",\"item\":\"https:\/\/toys.lt\/lv\/\"},{\"@type\":\"ListItem\",\"position\":2,\"name\":\"Veikals\",\"item\":\"https:\/\/toys.lt\/lv\/shop\/\"},{\"@type\":\"ListItem\",\"position\":3,\"name\":\"Clementoni puzle &#8222;Zaanse Schans&#8221; 1500 gab.\"}]},{\"@type\":\"WebSite\",\"@id\":\"https:\/\/toys.lt\/lv\/#website\",\"url\":\"https:\/\/toys.lt\/lv\/\",\"name\":\"Toys.lt\",\"description\":\"\",\"potentialAction\":[{\"@type\":\"SearchAction\",\"target\":{\"@type\":\"EntryPoint\",\"urlTemplate\":\"https:\/\/toys.lt\/lv\/?s={search_term_string}\"},\"query-input\":{\"@type\":\"PropertyValueSpecification\",\"valueRequired\":true,\"valueName\":\"search_term_string\"}}],\"inLanguage\":\"lv-LV\"}]}<\/script>\n<!-- \/ Yoast SEO plugin. -->","yoast_head_json":{"title":"Clementoni puzle \"Zaanse Schans\" 1500 gab. - Toys.lt","description":"Clementoni Zaanse Schans puzle ar 1500 gabali\u0146iem. N\u012bderlandes ciemats, \u016bdens atspulgi un izm\u0113rs 84\u00d760 cm. Augsta drukas kvalit\u0101te.","robots":{"index":"index","follow":"follow","max-snippet":"max-snippet:-1","max-image-preview":"max-image-preview:large","max-video-preview":"max-video-preview:-1"},"canonical":"https:\/\/toys.lt\/lv\/produktas\/clementoni-puzle-zaanse-schans-1500-gab\/","og_locale":"lv_LV","og_type":"article","og_title":"Clementoni puzle \"Zaanse Schans\" 1500 gab. - Toys.lt","og_description":"Clementoni Zaanse Schans puzle ar 1500 gabali\u0146iem. N\u012bderlandes ciemats, \u016bdens atspulgi un izm\u0113rs 84\u00d760 cm. Augsta drukas kvalit\u0101te.","og_url":"https:\/\/toys.lt\/lv\/produktas\/clementoni-puzle-zaanse-schans-1500-gab\/","og_site_name":"Toys.lt","article_modified_time":"2026-04-08T00:00:55+00:00","og_image":[{"width":1500,"height":1235,"url":"https:\/\/toys.lt\/wp-content\/uploads\/2025\/12\/31696-clementoni-delione-1500-detaliu-1.jpg","type":"image\/jpeg"}],"twitter_card":"summary_large_image","twitter_misc":{"Est. reading time":"1 minute"},"schema":{"@context":"https:\/\/schema.org","@graph":[{"@type":"WebPage","@id":"https:\/\/toys.lt\/lv\/produktas\/clementoni-puzle-zaanse-schans-1500-gab\/","url":"https:\/\/toys.lt\/lv\/produktas\/clementoni-puzle-zaanse-schans-1500-gab\/","name":"Clementoni puzle \"Zaanse Schans\" 1500 gab. - Toys.lt","isPartOf":{"@id":"https:\/\/toys.lt\/lv\/#website"},"primaryImageOfPage":{"@id":"https:\/\/toys.lt\/lv\/produktas\/clementoni-puzle-zaanse-schans-1500-gab\/#primaryimage"},"image":{"@id":"https:\/\/toys.lt\/lv\/produktas\/clementoni-puzle-zaanse-schans-1500-gab\/#primaryimage"},"thumbnailUrl":"https:\/\/toys.lt\/wp-content\/uploads\/2025\/12\/31696-clementoni-delione-1500-detaliu-1.jpg","datePublished":"2025-12-07T20:53:39+00:00","dateModified":"2026-04-08T00:00:55+00:00","description":"Clementoni Zaanse Schans puzle ar 1500 gabali\u0146iem. N\u012bderlandes ciemats, \u016bdens atspulgi un izm\u0113rs 84\u00d760 cm. Augsta drukas kvalit\u0101te.","breadcrumb":{"@id":"https:\/\/toys.lt\/lv\/produktas\/clementoni-puzle-zaanse-schans-1500-gab\/#breadcrumb"},"inLanguage":"lv-LV","potentialAction":[{"@type":"ReadAction","target":["https:\/\/toys.lt\/lv\/produktas\/clementoni-puzle-zaanse-schans-1500-gab\/"]}]},{"@type":"ImageObject","inLanguage":"lv-LV","@id":"https:\/\/toys.lt\/lv\/produktas\/clementoni-puzle-zaanse-schans-1500-gab\/#primaryimage","url":"https:\/\/toys.lt\/wp-content\/uploads\/2025\/12\/31696-clementoni-delione-1500-detaliu-1.jpg","contentUrl":"https:\/\/toys.lt\/wp-content\/uploads\/2025\/12\/31696-clementoni-delione-1500-detaliu-1.jpg","width":1500,"height":1235},{"@type":"BreadcrumbList","@id":"https:\/\/toys.lt\/lv\/produktas\/clementoni-puzle-zaanse-schans-1500-gab\/#breadcrumb","itemListElement":[{"@type":"ListItem","position":1,"name":"Home","item":"https:\/\/toys.lt\/lv\/"},{"@type":"ListItem","position":2,"name":"Veikals","item":"https:\/\/toys.lt\/lv\/shop\/"},{"@type":"ListItem","position":3,"name":"Clementoni puzle &#8222;Zaanse Schans&#8221; 1500 gab."}]},{"@type":"WebSite","@id":"https:\/\/toys.lt\/lv\/#website","url":"https:\/\/toys.lt\/lv\/","name":"Toys.lt","description":"","potentialAction":[{"@type":"SearchAction","target":{"@type":"EntryPoint","urlTemplate":"https:\/\/toys.lt\/lv\/?s={search_term_string}"},"query-input":{"@type":"PropertyValueSpecification","valueRequired":true,"valueName":"search_term_string"}}],"inLanguage":"lv-LV"}]}},"_links":{"self":[{"href":"https:\/\/toys.lt\/lv\/wp-json\/wp\/v2\/product\/48336","targetHints":{"allow":["GET"]}}],"collection":[{"href":"https:\/\/toys.lt\/lv\/wp-json\/wp\/v2\/product"}],"about":[{"href":"https:\/\/toys.lt\/lv\/wp-json\/wp\/v2\/types\/product"}],"replies":[{"embeddable":true,"href":"https:\/\/toys.lt\/lv\/wp-json\/wp\/v2\/comments?post=48336"}],"version-history":[{"count":0,"href":"https:\/\/toys.lt\/lv\/wp-json\/wp\/v2\/product\/48336\/revisions"}],"wp:featuredmedia":[{"embeddable":true,"href":"https:\/\/toys.lt\/lv\/wp-json\/wp\/v2\/media\/48100"}],"wp:attachment":[{"href":"https:\/\/toys.lt\/lv\/wp-json\/wp\/v2\/media?parent=48336"}],"wp:term":[{"taxonomy":"product_brand","embeddable":true,"href":"https:\/\/toys.lt\/lv\/wp-json\/wp\/v2\/product_brand?post=48336"},{"taxonomy":"product_cat","embeddable":true,"href":"https:\/\/toys.lt\/lv\/wp-json\/wp\/v2\/product_cat?post=48336"},{"taxonomy":"product_tag","embeddable":true,"href":"https:\/\/toys.lt\/lv\/wp-json\/wp\/v2\/product_tag?post=48336"}],"curies":[{"name":"wp","href":"https:\/\/api.w.org\/{rel}","templated":true}]}}