{"id":48334,"date":"2025-12-07T20:51:16","date_gmt":"2025-12-07T20:51:16","guid":{"rendered":"https:\/\/toys.lt\/produktas\/clementoni-italu-redzespuzle-1500-gabalini\/"},"modified":"2026-04-08T00:00:55","modified_gmt":"2026-04-08T00:00:55","slug":"clementoni-italu-redzespuzle-1500-gabalini","status":"publish","type":"product","link":"https:\/\/toys.lt\/lv\/produktas\/clementoni-italu-redzespuzle-1500-gabalini\/","title":{"rendered":"Clementoni It\u0101\u013cu redzespuzle 1500 gabali\u0146i"},"content":{"rendered":"<p data-start=\"435\" data-end=\"801\"><strong data-start=\"435\" data-end=\"497\">Clementoni augstas kvalit\u0101tes kolekcijas puzle &#8220;It\u0101\u013cu skatiens&#8221;<\/strong> aizved\u012bs j\u016bs uz sap\u0146ainu It\u0101lijas pils\u0113ti\u0146as nost\u016bri, kas piepild\u012bts ar siltumu, m\u0101j\u012bgumu un Vidusj\u016bras spilgtaj\u0101m kr\u0101s\u0101m. Taj\u0101 apvienoti ziedo\u0161i v\u012bnogul\u0101ji, m\u016bra nami, iespaid\u012bga kalnu panor\u0101ma un romantisks \u0101ra galds &#8211; viss, kas simboliz\u0113 it\u0101\u013cu atp\u016btu un izsmalcin\u0101tu dz\u012bvi. <\/p>\n<p data-start=\"803\" data-end=\"1038\">Moza\u012bkai ir br\u012bni\u0161\u0137\u012bga deta\u013cu bag\u0101t\u012bba: \u016bdens atsp\u012bdumi, arhitekt\u016bras nianses, dabas sp\u0113le un kr\u0101su intensit\u0101te pie\u0161\u0137ir att\u0113lam re\u0101listisku kvalit\u0101ti. Katra deta\u013ca rada br\u012bvdienu noska\u0146u, padarot \u0161o puzli par pat\u012bkamu un mier\u012bgu. <\/p>\n<hr data-start=\"1040\" data-end=\"1043\">\n<h3 data-start=\"1045\" data-end=\"1062\"><strong data-start=\"1051\" data-end=\"1062\">\u2b50 Funkcijas<\/strong><\/h3>\n<ul data-start=\"1063\" data-end=\"1360\">\n<li data-start=\"1063\" data-end=\"1088\">\n<p data-start=\"1065\" data-end=\"1088\">1500 puzles gabali\u0146u<\/p>\n<\/li>\n<li data-start=\"1089\" data-end=\"1149\">\n<p data-start=\"1091\" data-end=\"1149\">It\u0101lijas pils\u0113tas un dabas ainavas romantisks mot\u012bvs<\/p>\n<\/li>\n<li data-start=\"1150\" data-end=\"1219\">\n<p data-start=\"1152\" data-end=\"1219\">Bag\u0101t\u012bgi kr\u0101sains apdruks, skaidri arhitekt\u016bras un dabas elementi<\/p>\n<\/li>\n<li data-start=\"1220\" data-end=\"1285\">\n<p data-start=\"1222\" data-end=\"1285\">Prec\u012bzi izgrieztas, iztur\u012bgas un viegli savienojamas deta\u013cas<\/p>\n<\/li>\n<li data-start=\"1286\" data-end=\"1360\">\n<p data-start=\"1288\" data-end=\"1360\">Att\u012bsta koncentr\u0113\u0161an\u0101s sp\u0113jas, vizu\u0101lo uzman\u012bbu, rado\u0161umu un lo\u0123isko dom\u0101\u0161anu.<\/p>\n<\/li>\n<\/ul>\n<hr data-start=\"1362\" data-end=\"1365\">\n<h3 data-start=\"1367\" data-end=\"1398\">\ud83d\udd27 <strong data-start=\"1374\" data-end=\"1398\">Tehnisk\u0101 inform\u0101cija<\/strong><\/h3>\n<ul data-start=\"1399\" data-end=\"1649\">\n<li data-start=\"1399\" data-end=\"1433\">\n<p data-start=\"1401\" data-end=\"1433\">Saloc\u012bta puzle: <strong data-start=\"1417\" data-end=\"1431\">84 \u00d7 60 cm<\/strong><\/p>\n<\/li>\n<li data-start=\"1434\" data-end=\"1478\">\n<p data-start=\"1436\" data-end=\"1478\">Iepakojuma izm\u0113ri: <strong data-start=\"1458\" data-end=\"1476\">37 \u00d7 28 \u00d7 5 cm<\/strong><\/p>\n<\/li>\n<li data-start=\"1479\" data-end=\"1501\">\n<p data-start=\"1481\" data-end=\"1501\">Svars: <strong data-start=\"1489\" data-end=\"1499\">1,1 kg<\/strong><\/p>\n<\/li>\n<li data-start=\"1502\" data-end=\"1545\">\n<p data-start=\"1504\" data-end=\"1545\">Ieteicamais vecums: <strong data-start=\"1528\" data-end=\"1543\">no 14 gadiem<\/strong><\/p>\n<\/li>\n<li data-start=\"1546\" data-end=\"1569\">\n<p data-start=\"1548\" data-end=\"1569\">Ra\u017eots It\u0101lij\u0101<\/p>\n<\/li>\n<li data-start=\"1570\" data-end=\"1649\">\n<p data-start=\"1572\" data-end=\"1649\">Dro\u0161\u012bbas br\u012bdin\u0101jums: mazo deta\u013cu d\u0113\u013c nav piem\u0113rots b\u0113rniem l\u012bdz 3 gadu (36 m\u0113ne\u0161u) vecumam.<\/p>\n<\/li>\n<\/ul>\n","protected":false},"excerpt":{"rendered":"<ul data-start=\"1322\" data-end=\"1572\">\n<li data-start=\"1322\" data-end=\"1356\">\n<p data-start=\"1324\" data-end=\"1356\">Saloc\u012bta puzle: <strong data-start=\"1340\" data-end=\"1354\">84 \u00d7 60 cm<\/strong><\/p>\n<\/li>\n<li data-start=\"1357\" data-end=\"1401\">\n<p data-start=\"1359\" data-end=\"1401\">Iepakojuma izm\u0113ri: <strong data-start=\"1381\" data-end=\"1399\">37 \u00d7 28 \u00d7 5 cm<\/strong><\/p>\n<\/li>\n<li data-start=\"1402\" data-end=\"1424\">\n<p data-start=\"1404\" data-end=\"1424\">Svars: <strong data-start=\"1412\" data-end=\"1422\">1,1 kg<\/strong><\/p>\n<\/li>\n<li data-start=\"1425\" data-end=\"1468\">\n<p data-start=\"1427\" data-end=\"1468\">Ieteicamais vecums: <strong data-start=\"1451\" data-end=\"1466\">no 14 gadiem<\/strong><\/p>\n<\/li>\n<li data-start=\"1469\" data-end=\"1492\">\n<p data-start=\"1471\" data-end=\"1492\">Ra\u017eots It\u0101lij\u0101<\/p>\n<\/li>\n<li data-start=\"1493\" data-end=\"1572\">\n<p data-start=\"1495\" data-end=\"1572\">Dro\u0161\u012bbas br\u012bdin\u0101jums: mazo deta\u013cu d\u0113\u013c nav piem\u0113rots b\u0113rniem l\u012bdz 3 gadu (36 m\u0113ne\u0161u) vecumam.<\/p>\n<\/li>\n<\/ul>\n","protected":false},"featured_media":48092,"comment_status":"open","ping_status":"closed","template":"","meta":[],"product_brand":[384],"product_cat":[1154,1153],"product_tag":[],"class_list":{"0":"post-48334","1":"product","2":"type-product","3":"status-publish","4":"has-post-thumbnail","6":"product_brand-clementoni-2","7":"product_cat-lielas-puzles-no-1500-lidz-13200-gabaliniem","8":"product_cat-puzles-puzle","9":"pa_amziaus-grupe-10-lv","10":"pa_amziaus-grupe-14-lv","11":"pa_dali-skaicius-1500-lv","12":"pa_prekes-zenklas-clementoni-lv","13":"pa_special-s-pasi-lymai-populars-produkts","14":"pa_tema-pilsetas","16":"first","17":"instock","18":"sale","19":"taxable","20":"shipping-taxable","21":"purchasable","22":"product-type-simple"},"yoast_head":"<!-- This site is optimized with the Yoast SEO plugin v26.3 - https:\/\/yoast.com\/wordpress\/plugins\/seo\/ -->\n<title>Clementoni It\u0101\u013cu redzespuzle 1500 gabali\u0146i - Toys.lt<\/title>\n<meta name=\"description\" content=\"Clementoni It\u0101\u013cu redzespuzle ar 1500 gabali\u0146iem. Romantiska It\u0101lijas pils\u0113ti\u0146a, ko\u0161as kr\u0101sas un izm\u0113rs 84\u00d760 cm.\" \/>\n<meta name=\"robots\" content=\"index, follow, max-snippet:-1, max-image-preview:large, max-video-preview:-1\" \/>\n<link rel=\"canonical\" href=\"https:\/\/toys.lt\/lv\/produktas\/clementoni-italu-redzespuzle-1500-gabalini\/\" \/>\n<meta property=\"og:locale\" content=\"lv_LV\" \/>\n<meta property=\"og:type\" content=\"article\" \/>\n<meta property=\"og:title\" content=\"Clementoni It\u0101\u013cu redzespuzle 1500 gabali\u0146i - Toys.lt\" \/>\n<meta property=\"og:description\" content=\"Clementoni It\u0101\u013cu redzespuzle ar 1500 gabali\u0146iem. Romantiska It\u0101lijas pils\u0113ti\u0146a, ko\u0161as kr\u0101sas un izm\u0113rs 84\u00d760 cm.\" \/>\n<meta property=\"og:url\" content=\"https:\/\/toys.lt\/lv\/produktas\/clementoni-italu-redzespuzle-1500-gabalini\/\" \/>\n<meta property=\"og:site_name\" content=\"Toys.lt\" \/>\n<meta property=\"article:modified_time\" content=\"2026-04-08T00:00:55+00:00\" \/>\n<meta property=\"og:image\" content=\"https:\/\/toys.lt\/wp-content\/uploads\/2025\/12\/31695-clementoni-delione-1500-detaliu-1.jpeg\" \/>\n\t<meta property=\"og:image:width\" content=\"1260\" \/>\n\t<meta property=\"og:image:height\" content=\"1037\" \/>\n\t<meta property=\"og:image:type\" content=\"image\/jpeg\" \/>\n<meta name=\"twitter:card\" content=\"summary_large_image\" \/>\n<meta name=\"twitter:label1\" content=\"Est. reading time\" \/>\n\t<meta name=\"twitter:data1\" content=\"1 minute\" \/>\n<script type=\"application\/ld+json\" class=\"yoast-schema-graph\">{\"@context\":\"https:\/\/schema.org\",\"@graph\":[{\"@type\":\"WebPage\",\"@id\":\"https:\/\/toys.lt\/lv\/produktas\/clementoni-italu-redzespuzle-1500-gabalini\/\",\"url\":\"https:\/\/toys.lt\/lv\/produktas\/clementoni-italu-redzespuzle-1500-gabalini\/\",\"name\":\"Clementoni It\u0101\u013cu redzespuzle 1500 gabali\u0146i - Toys.lt\",\"isPartOf\":{\"@id\":\"https:\/\/toys.lt\/lv\/#website\"},\"primaryImageOfPage\":{\"@id\":\"https:\/\/toys.lt\/lv\/produktas\/clementoni-italu-redzespuzle-1500-gabalini\/#primaryimage\"},\"image\":{\"@id\":\"https:\/\/toys.lt\/lv\/produktas\/clementoni-italu-redzespuzle-1500-gabalini\/#primaryimage\"},\"thumbnailUrl\":\"https:\/\/toys.lt\/wp-content\/uploads\/2025\/12\/31695-clementoni-delione-1500-detaliu-1.jpeg\",\"datePublished\":\"2025-12-07T20:51:16+00:00\",\"dateModified\":\"2026-04-08T00:00:55+00:00\",\"description\":\"Clementoni It\u0101\u013cu redzespuzle ar 1500 gabali\u0146iem. Romantiska It\u0101lijas pils\u0113ti\u0146a, ko\u0161as kr\u0101sas un izm\u0113rs 84\u00d760 cm.\",\"breadcrumb\":{\"@id\":\"https:\/\/toys.lt\/lv\/produktas\/clementoni-italu-redzespuzle-1500-gabalini\/#breadcrumb\"},\"inLanguage\":\"lv-LV\",\"potentialAction\":[{\"@type\":\"ReadAction\",\"target\":[\"https:\/\/toys.lt\/lv\/produktas\/clementoni-italu-redzespuzle-1500-gabalini\/\"]}]},{\"@type\":\"ImageObject\",\"inLanguage\":\"lv-LV\",\"@id\":\"https:\/\/toys.lt\/lv\/produktas\/clementoni-italu-redzespuzle-1500-gabalini\/#primaryimage\",\"url\":\"https:\/\/toys.lt\/wp-content\/uploads\/2025\/12\/31695-clementoni-delione-1500-detaliu-1.jpeg\",\"contentUrl\":\"https:\/\/toys.lt\/wp-content\/uploads\/2025\/12\/31695-clementoni-delione-1500-detaliu-1.jpeg\",\"width\":1260,\"height\":1037},{\"@type\":\"BreadcrumbList\",\"@id\":\"https:\/\/toys.lt\/lv\/produktas\/clementoni-italu-redzespuzle-1500-gabalini\/#breadcrumb\",\"itemListElement\":[{\"@type\":\"ListItem\",\"position\":1,\"name\":\"Home\",\"item\":\"https:\/\/toys.lt\/lv\/\"},{\"@type\":\"ListItem\",\"position\":2,\"name\":\"Veikals\",\"item\":\"https:\/\/toys.lt\/lv\/shop\/\"},{\"@type\":\"ListItem\",\"position\":3,\"name\":\"Clementoni It\u0101\u013cu redzespuzle 1500 gabali\u0146i\"}]},{\"@type\":\"WebSite\",\"@id\":\"https:\/\/toys.lt\/lv\/#website\",\"url\":\"https:\/\/toys.lt\/lv\/\",\"name\":\"Toys.lt\",\"description\":\"\",\"potentialAction\":[{\"@type\":\"SearchAction\",\"target\":{\"@type\":\"EntryPoint\",\"urlTemplate\":\"https:\/\/toys.lt\/lv\/?s={search_term_string}\"},\"query-input\":{\"@type\":\"PropertyValueSpecification\",\"valueRequired\":true,\"valueName\":\"search_term_string\"}}],\"inLanguage\":\"lv-LV\"}]}<\/script>\n<!-- \/ Yoast SEO plugin. -->","yoast_head_json":{"title":"Clementoni It\u0101\u013cu redzespuzle 1500 gabali\u0146i - Toys.lt","description":"Clementoni It\u0101\u013cu redzespuzle ar 1500 gabali\u0146iem. Romantiska It\u0101lijas pils\u0113ti\u0146a, ko\u0161as kr\u0101sas un izm\u0113rs 84\u00d760 cm.","robots":{"index":"index","follow":"follow","max-snippet":"max-snippet:-1","max-image-preview":"max-image-preview:large","max-video-preview":"max-video-preview:-1"},"canonical":"https:\/\/toys.lt\/lv\/produktas\/clementoni-italu-redzespuzle-1500-gabalini\/","og_locale":"lv_LV","og_type":"article","og_title":"Clementoni It\u0101\u013cu redzespuzle 1500 gabali\u0146i - Toys.lt","og_description":"Clementoni It\u0101\u013cu redzespuzle ar 1500 gabali\u0146iem. Romantiska It\u0101lijas pils\u0113ti\u0146a, ko\u0161as kr\u0101sas un izm\u0113rs 84\u00d760 cm.","og_url":"https:\/\/toys.lt\/lv\/produktas\/clementoni-italu-redzespuzle-1500-gabalini\/","og_site_name":"Toys.lt","article_modified_time":"2026-04-08T00:00:55+00:00","og_image":[{"width":1260,"height":1037,"url":"https:\/\/toys.lt\/wp-content\/uploads\/2025\/12\/31695-clementoni-delione-1500-detaliu-1.jpeg","type":"image\/jpeg"}],"twitter_card":"summary_large_image","twitter_misc":{"Est. reading time":"1 minute"},"schema":{"@context":"https:\/\/schema.org","@graph":[{"@type":"WebPage","@id":"https:\/\/toys.lt\/lv\/produktas\/clementoni-italu-redzespuzle-1500-gabalini\/","url":"https:\/\/toys.lt\/lv\/produktas\/clementoni-italu-redzespuzle-1500-gabalini\/","name":"Clementoni It\u0101\u013cu redzespuzle 1500 gabali\u0146i - Toys.lt","isPartOf":{"@id":"https:\/\/toys.lt\/lv\/#website"},"primaryImageOfPage":{"@id":"https:\/\/toys.lt\/lv\/produktas\/clementoni-italu-redzespuzle-1500-gabalini\/#primaryimage"},"image":{"@id":"https:\/\/toys.lt\/lv\/produktas\/clementoni-italu-redzespuzle-1500-gabalini\/#primaryimage"},"thumbnailUrl":"https:\/\/toys.lt\/wp-content\/uploads\/2025\/12\/31695-clementoni-delione-1500-detaliu-1.jpeg","datePublished":"2025-12-07T20:51:16+00:00","dateModified":"2026-04-08T00:00:55+00:00","description":"Clementoni It\u0101\u013cu redzespuzle ar 1500 gabali\u0146iem. Romantiska It\u0101lijas pils\u0113ti\u0146a, ko\u0161as kr\u0101sas un izm\u0113rs 84\u00d760 cm.","breadcrumb":{"@id":"https:\/\/toys.lt\/lv\/produktas\/clementoni-italu-redzespuzle-1500-gabalini\/#breadcrumb"},"inLanguage":"lv-LV","potentialAction":[{"@type":"ReadAction","target":["https:\/\/toys.lt\/lv\/produktas\/clementoni-italu-redzespuzle-1500-gabalini\/"]}]},{"@type":"ImageObject","inLanguage":"lv-LV","@id":"https:\/\/toys.lt\/lv\/produktas\/clementoni-italu-redzespuzle-1500-gabalini\/#primaryimage","url":"https:\/\/toys.lt\/wp-content\/uploads\/2025\/12\/31695-clementoni-delione-1500-detaliu-1.jpeg","contentUrl":"https:\/\/toys.lt\/wp-content\/uploads\/2025\/12\/31695-clementoni-delione-1500-detaliu-1.jpeg","width":1260,"height":1037},{"@type":"BreadcrumbList","@id":"https:\/\/toys.lt\/lv\/produktas\/clementoni-italu-redzespuzle-1500-gabalini\/#breadcrumb","itemListElement":[{"@type":"ListItem","position":1,"name":"Home","item":"https:\/\/toys.lt\/lv\/"},{"@type":"ListItem","position":2,"name":"Veikals","item":"https:\/\/toys.lt\/lv\/shop\/"},{"@type":"ListItem","position":3,"name":"Clementoni It\u0101\u013cu redzespuzle 1500 gabali\u0146i"}]},{"@type":"WebSite","@id":"https:\/\/toys.lt\/lv\/#website","url":"https:\/\/toys.lt\/lv\/","name":"Toys.lt","description":"","potentialAction":[{"@type":"SearchAction","target":{"@type":"EntryPoint","urlTemplate":"https:\/\/toys.lt\/lv\/?s={search_term_string}"},"query-input":{"@type":"PropertyValueSpecification","valueRequired":true,"valueName":"search_term_string"}}],"inLanguage":"lv-LV"}]}},"_links":{"self":[{"href":"https:\/\/toys.lt\/lv\/wp-json\/wp\/v2\/product\/48334","targetHints":{"allow":["GET"]}}],"collection":[{"href":"https:\/\/toys.lt\/lv\/wp-json\/wp\/v2\/product"}],"about":[{"href":"https:\/\/toys.lt\/lv\/wp-json\/wp\/v2\/types\/product"}],"replies":[{"embeddable":true,"href":"https:\/\/toys.lt\/lv\/wp-json\/wp\/v2\/comments?post=48334"}],"version-history":[{"count":0,"href":"https:\/\/toys.lt\/lv\/wp-json\/wp\/v2\/product\/48334\/revisions"}],"wp:featuredmedia":[{"embeddable":true,"href":"https:\/\/toys.lt\/lv\/wp-json\/wp\/v2\/media\/48092"}],"wp:attachment":[{"href":"https:\/\/toys.lt\/lv\/wp-json\/wp\/v2\/media?parent=48334"}],"wp:term":[{"taxonomy":"product_brand","embeddable":true,"href":"https:\/\/toys.lt\/lv\/wp-json\/wp\/v2\/product_brand?post=48334"},{"taxonomy":"product_cat","embeddable":true,"href":"https:\/\/toys.lt\/lv\/wp-json\/wp\/v2\/product_cat?post=48334"},{"taxonomy":"product_tag","embeddable":true,"href":"https:\/\/toys.lt\/lv\/wp-json\/wp\/v2\/product_tag?post=48334"}],"curies":[{"name":"wp","href":"https:\/\/api.w.org\/{rel}","templated":true}]}}