{"id":48226,"date":"2025-12-07T23:56:40","date_gmt":"2025-12-07T23:56:40","guid":{"rendered":"https:\/\/toys.lt\/?post_type=product&#038;p=48226"},"modified":"2026-04-08T00:00:52","modified_gmt":"2026-04-08T00:00:52","slug":"clementoni-mehaniskas-laboratorijas-arktikas-transportlidzekli-kopija-kopija-kopija-kopija","status":"publish","type":"product","link":"https:\/\/toys.lt\/lv\/produktas\/clementoni-mehaniskas-laboratorijas-arktikas-transportlidzekli-kopija-kopija-kopija-kopija\/","title":{"rendered":"Clementoni RC auto &#8220;Mans pirmais Lamborghini&#8221;"},"content":{"rendered":"<p data-start=\"627\" data-end=\"856\">&#8220;Mans pirmais Lamborghini &#8211; pirmais RC sporta auto mazajiem brauc\u0113jiem!<br data-start=\"708\" data-end=\"711\">Intuit\u012bv\u0101 infrasarkano staru t\u0101lvad\u012bbas pults atvieglo automa\u0161\u012bnas vad\u012bbu, un re\u0101listisk\u0101s Lamborghini ska\u0146as pie\u0161\u0137ir v\u0113l vair\u0101k emociju.<\/p>\n<p data-start=\"858\" data-end=\"977\">Sp\u0113le veicina <strong data-start=\"875\" data-end=\"902\">roku un acu koordin\u0101ciju<\/strong>, <strong data-start=\"904\" data-end=\"924\">motoriku<\/strong> un akt\u012bvas kust\u012bbas.<br data-start=\"944\" data-end=\"947\">Automa\u0161\u012bnai ir divi re\u017e\u012bmi:<\/p>\n<ul data-start=\"978\" data-end=\"1101\">\n<li data-start=\"978\" data-end=\"1046\">\n<p data-start=\"980\" data-end=\"1046\"><strong data-start=\"980\" data-end=\"1022\">interakt\u012bvs ar ska\u0146\u0101m un pietur\u0101m<\/strong> &#8211; jaun\u0101kiem b\u0113rniem,<\/p>\n<\/li>\n<li data-start=\"1047\" data-end=\"1101\">\n<p data-start=\"1049\" data-end=\"1101\"><strong data-start=\"1049\" data-end=\"1077\">Klusais, beztrok\u0161\u0146a re\u017e\u012bms<\/strong> vec\u0101kiem b\u0113rniem.<\/p>\n<\/li>\n<\/ul>\n<p data-start=\"1103\" data-end=\"1210\">Hurac\u00e1n iedvesmots dizains ir \u012bpa\u0161i piem\u0113rots maz\u0101m rok\u0101m, un tas ir izgatavots no dro\u0161iem, augstas kvalit\u0101tes materi\u0101liem.<\/p>\n<hr data-start=\"1212\" data-end=\"1215\">\n<h1 data-start=\"1217\" data-end=\"1232\"><strong data-start=\"1221\" data-end=\"1232\">\u2705 Funkcijas<\/strong><\/h1>\n<ul data-start=\"1233\" data-end=\"1516\">\n<li data-start=\"1233\" data-end=\"1280\">\n<p data-start=\"1235\" data-end=\"1280\">Vienk\u0101r\u0161a infrasarkano staru t\u0101lvad\u012bbas pults<\/p>\n<\/li>\n<li data-start=\"1281\" data-end=\"1315\">\n<p data-start=\"1283\" data-end=\"1315\">Re\u0101listiskas Lamborghini ska\u0146as<\/p>\n<\/li>\n<li data-start=\"1316\" data-end=\"1357\">\n<p data-start=\"1318\" data-end=\"1357\">2 sp\u0113les re\u017e\u012bmi: audio \/ kluss<\/p>\n<\/li>\n<li data-start=\"1358\" data-end=\"1397\">\n<p data-start=\"1360\" data-end=\"1397\">Gumijas rite\u0146i klus\u0101kai brauk\u0161anai<\/p>\n<\/li>\n<li data-start=\"1398\" data-end=\"1444\">\n<p data-start=\"1400\" data-end=\"1444\">Att\u012bsta koordin\u0101ciju un motorisk\u0101s prasmes<\/p>\n<\/li>\n<li data-start=\"1445\" data-end=\"1481\">\n<p data-start=\"1447\" data-end=\"1481\">Hurac\u00e1n iedvesmots izskats<\/p>\n<\/li>\n<li data-start=\"1482\" data-end=\"1516\">\n<p data-start=\"1484\" data-end=\"1516\">Izstr\u0101d\u0101ts un ra\u017eots It\u0101lij\u0101<\/p>\n<\/li>\n<\/ul>\n<hr data-start=\"1518\" data-end=\"1521\">\n<h1 data-start=\"1523\" data-end=\"1551\">\u2705 <strong data-start=\"1527\" data-end=\"1551\">Tehnisk\u0101 inform\u0101cija<\/strong><\/h1>\n<ul data-start=\"1552\" data-end=\"1773\">\n<li data-start=\"1552\" data-end=\"1590\">\n<p data-start=\"1554\" data-end=\"1590\">Ieteicamais vecums: no <strong data-start=\"1578\" data-end=\"1588\">2 gadiem<\/strong><\/p>\n<\/li>\n<li data-start=\"1591\" data-end=\"1678\">\n<p data-start=\"1593\" data-end=\"1678\">Baterijas: <strong data-start=\"1604\" data-end=\"1676\">4 \u00d7 AAA ier\u012bcei ), 2 \u00d7 AAA t\u0101lvad\u012bbas pults <\/strong> baterijas.  <\/p>\n<\/li>\n<li data-start=\"1679\" data-end=\"1724\">\n<p data-start=\"1681\" data-end=\"1724\">Iepakojuma izm\u0113ri: <strong data-start=\"1703\" data-end=\"1722\">36 \u00d7 21 \u00d7 15 cm<\/strong><\/p>\n<\/li>\n<li data-start=\"1725\" data-end=\"1749\">\n<p data-start=\"1727\" data-end=\"1749\">Svars: <strong data-start=\"1735\" data-end=\"1747\">0,75 kg<\/strong><\/p>\n<\/li>\n<li data-start=\"1750\" data-end=\"1773\">\n<p data-start=\"1752\" data-end=\"1773\">Materi\u0101ls: plastmasa<\/p>\n<\/li>\n<\/ul>\n<hr data-start=\"1775\" data-end=\"1778\">\n<h1 data-start=\"1780\" data-end=\"1806\">\u26a0\ufe0f <strong data-start=\"1785\" data-end=\"1806\">Dro\u0161\u012bbas br\u012bdin\u0101jums<\/strong><\/h1>\n<p data-start=\"1807\" data-end=\"1906\">Mazo deta\u013cu d\u0113\u013c nav piem\u0113rots b\u0113rniem l\u012bdz 3 gadu vecumam. Ieteicams lietot pieaugu\u0161o uzraudz\u012bb\u0101. <\/p>\n","protected":false},"excerpt":{"rendered":"<ul data-start=\"1552\" data-end=\"1773\">\n<li data-start=\"1552\" data-end=\"1590\">\n<p data-start=\"1554\" data-end=\"1590\">Ieteicamais vecums: no <strong data-start=\"1578\" data-end=\"1588\">2 gadiem<\/strong><\/p>\n<\/li>\n<li data-start=\"1591\" data-end=\"1678\">\n<p data-start=\"1593\" data-end=\"1678\">Baterijas: <strong data-start=\"1604\" data-end=\"1676\">4 \u00d7 AAA ier\u012bcei ), 2 \u00d7 AAA t\u0101lvad\u012bbas pults <\/strong> baterijas.  <\/p>\n<\/li>\n<li data-start=\"1679\" data-end=\"1724\">\n<p data-start=\"1681\" data-end=\"1724\">Iepakojuma izm\u0113ri: <strong data-start=\"1703\" data-end=\"1722\">36 \u00d7 21 \u00d7 15 cm<\/strong><\/p>\n<\/li>\n<li data-start=\"1725\" data-end=\"1749\">\n<p data-start=\"1727\" data-end=\"1749\">Svars: <strong data-start=\"1735\" data-end=\"1747\">0,75 kg<\/strong><\/p>\n<\/li>\n<li data-start=\"1750\" data-end=\"1773\">\n<p data-start=\"1752\" data-end=\"1773\">Materi\u0101ls: plastmasa<\/p>\n<\/li>\n<\/ul>\n","protected":false},"featured_media":48228,"comment_status":"open","ping_status":"closed","template":"","meta":[],"product_brand":[384],"product_cat":[1176,1157,1155],"product_tag":[],"class_list":{"0":"post-48226","1":"product","2":"type-product","3":"status-publish","4":"has-post-thumbnail","6":"product_brand-clementoni-2","7":"product_cat-rotallietas-zeniem","8":"product_cat-izglitojosas-un-interaktivas-rotallietas","9":"product_cat-leti","10":"pa_amziaus-grupe-2-lv","11":"pa_prek-s-tipas-automasinas","12":"pa_prek-s-tipas-masinas-lv","13":"pa_prek-s-tipas-parvietosanas-lidzekli","14":"pa_prekes-zenklas-clementoni-lv","16":"first","17":"outofstock","18":"taxable","19":"shipping-taxable","20":"purchasable","21":"product-type-simple"},"yoast_head":"<!-- This site is optimized with the Yoast SEO plugin v26.3 - https:\/\/yoast.com\/wordpress\/plugins\/seo\/ -->\n<title>Clementoni RC auto &quot;Mans pirmais Lamborghini&quot; - Toys.lt<\/title>\n<meta name=\"description\" content=\"Mana pirm\u0101 Lamborghini RC automa\u0161\u012bna ar vienk\u0101r\u0161u t\u0101lvad\u012bbas pulti un ska\u0146\u0101m att\u012bsta b\u0113rnu koordin\u0101ciju un motoriku. Piem\u0113rots 2-4 gadus veciem b\u0113rniem.\" \/>\n<meta name=\"robots\" content=\"index, follow, max-snippet:-1, max-image-preview:large, max-video-preview:-1\" \/>\n<link rel=\"canonical\" href=\"https:\/\/toys.lt\/lv\/produktas\/clementoni-mehaniskas-laboratorijas-arktikas-transportlidzekli-kopija-kopija-kopija-kopija\/\" \/>\n<meta property=\"og:locale\" content=\"lv_LV\" \/>\n<meta property=\"og:type\" content=\"article\" \/>\n<meta property=\"og:title\" content=\"Clementoni RC auto &quot;Mans pirmais Lamborghini&quot; - Toys.lt\" \/>\n<meta property=\"og:description\" content=\"Mana pirm\u0101 Lamborghini RC automa\u0161\u012bna ar vienk\u0101r\u0161u t\u0101lvad\u012bbas pulti un ska\u0146\u0101m att\u012bsta b\u0113rnu koordin\u0101ciju un motoriku. Piem\u0113rots 2-4 gadus veciem b\u0113rniem.\" \/>\n<meta property=\"og:url\" content=\"https:\/\/toys.lt\/lv\/produktas\/clementoni-mehaniskas-laboratorijas-arktikas-transportlidzekli-kopija-kopija-kopija-kopija\/\" \/>\n<meta property=\"og:site_name\" content=\"Toys.lt\" \/>\n<meta property=\"article:modified_time\" content=\"2026-04-08T00:00:52+00:00\" \/>\n<meta property=\"og:image\" content=\"https:\/\/toys.lt\/wp-content\/uploads\/2025\/12\/17845-clementoni-masinele-lamborghini-1.jpg\" \/>\n\t<meta property=\"og:image:width\" content=\"1250\" \/>\n\t<meta property=\"og:image:height\" content=\"834\" \/>\n\t<meta property=\"og:image:type\" content=\"image\/jpeg\" \/>\n<meta name=\"twitter:card\" content=\"summary_large_image\" \/>\n<meta name=\"twitter:label1\" content=\"Est. reading time\" \/>\n\t<meta name=\"twitter:data1\" content=\"1 minute\" \/>\n<script type=\"application\/ld+json\" class=\"yoast-schema-graph\">{\"@context\":\"https:\/\/schema.org\",\"@graph\":[{\"@type\":\"WebPage\",\"@id\":\"https:\/\/toys.lt\/lv\/produktas\/clementoni-mehaniskas-laboratorijas-arktikas-transportlidzekli-kopija-kopija-kopija-kopija\/\",\"url\":\"https:\/\/toys.lt\/lv\/produktas\/clementoni-mehaniskas-laboratorijas-arktikas-transportlidzekli-kopija-kopija-kopija-kopija\/\",\"name\":\"Clementoni RC auto \\\"Mans pirmais Lamborghini\\\" - Toys.lt\",\"isPartOf\":{\"@id\":\"https:\/\/toys.lt\/lv\/#website\"},\"primaryImageOfPage\":{\"@id\":\"https:\/\/toys.lt\/lv\/produktas\/clementoni-mehaniskas-laboratorijas-arktikas-transportlidzekli-kopija-kopija-kopija-kopija\/#primaryimage\"},\"image\":{\"@id\":\"https:\/\/toys.lt\/lv\/produktas\/clementoni-mehaniskas-laboratorijas-arktikas-transportlidzekli-kopija-kopija-kopija-kopija\/#primaryimage\"},\"thumbnailUrl\":\"https:\/\/toys.lt\/wp-content\/uploads\/2025\/12\/17845-clementoni-masinele-lamborghini-1.jpg\",\"datePublished\":\"2025-12-07T23:56:40+00:00\",\"dateModified\":\"2026-04-08T00:00:52+00:00\",\"description\":\"Mana pirm\u0101 Lamborghini RC automa\u0161\u012bna ar vienk\u0101r\u0161u t\u0101lvad\u012bbas pulti un ska\u0146\u0101m att\u012bsta b\u0113rnu koordin\u0101ciju un motoriku. Piem\u0113rots 2-4 gadus veciem b\u0113rniem.\",\"breadcrumb\":{\"@id\":\"https:\/\/toys.lt\/lv\/produktas\/clementoni-mehaniskas-laboratorijas-arktikas-transportlidzekli-kopija-kopija-kopija-kopija\/#breadcrumb\"},\"inLanguage\":\"lv-LV\",\"potentialAction\":[{\"@type\":\"ReadAction\",\"target\":[\"https:\/\/toys.lt\/lv\/produktas\/clementoni-mehaniskas-laboratorijas-arktikas-transportlidzekli-kopija-kopija-kopija-kopija\/\"]}]},{\"@type\":\"ImageObject\",\"inLanguage\":\"lv-LV\",\"@id\":\"https:\/\/toys.lt\/lv\/produktas\/clementoni-mehaniskas-laboratorijas-arktikas-transportlidzekli-kopija-kopija-kopija-kopija\/#primaryimage\",\"url\":\"https:\/\/toys.lt\/wp-content\/uploads\/2025\/12\/17845-clementoni-masinele-lamborghini-1.jpg\",\"contentUrl\":\"https:\/\/toys.lt\/wp-content\/uploads\/2025\/12\/17845-clementoni-masinele-lamborghini-1.jpg\",\"width\":1250,\"height\":834},{\"@type\":\"BreadcrumbList\",\"@id\":\"https:\/\/toys.lt\/lv\/produktas\/clementoni-mehaniskas-laboratorijas-arktikas-transportlidzekli-kopija-kopija-kopija-kopija\/#breadcrumb\",\"itemListElement\":[{\"@type\":\"ListItem\",\"position\":1,\"name\":\"Home\",\"item\":\"https:\/\/toys.lt\/lv\/\"},{\"@type\":\"ListItem\",\"position\":2,\"name\":\"Veikals\",\"item\":\"https:\/\/toys.lt\/lv\/shop\/\"},{\"@type\":\"ListItem\",\"position\":3,\"name\":\"Clementoni RC auto &#8222;Mans pirmais Lamborghini&#8221;\"}]},{\"@type\":\"WebSite\",\"@id\":\"https:\/\/toys.lt\/lv\/#website\",\"url\":\"https:\/\/toys.lt\/lv\/\",\"name\":\"Toys.lt\",\"description\":\"\",\"potentialAction\":[{\"@type\":\"SearchAction\",\"target\":{\"@type\":\"EntryPoint\",\"urlTemplate\":\"https:\/\/toys.lt\/lv\/?s={search_term_string}\"},\"query-input\":{\"@type\":\"PropertyValueSpecification\",\"valueRequired\":true,\"valueName\":\"search_term_string\"}}],\"inLanguage\":\"lv-LV\"}]}<\/script>\n<!-- \/ Yoast SEO plugin. -->","yoast_head_json":{"title":"Clementoni RC auto \"Mans pirmais Lamborghini\" - Toys.lt","description":"Mana pirm\u0101 Lamborghini RC automa\u0161\u012bna ar vienk\u0101r\u0161u t\u0101lvad\u012bbas pulti un ska\u0146\u0101m att\u012bsta b\u0113rnu koordin\u0101ciju un motoriku. Piem\u0113rots 2-4 gadus veciem b\u0113rniem.","robots":{"index":"index","follow":"follow","max-snippet":"max-snippet:-1","max-image-preview":"max-image-preview:large","max-video-preview":"max-video-preview:-1"},"canonical":"https:\/\/toys.lt\/lv\/produktas\/clementoni-mehaniskas-laboratorijas-arktikas-transportlidzekli-kopija-kopija-kopija-kopija\/","og_locale":"lv_LV","og_type":"article","og_title":"Clementoni RC auto \"Mans pirmais Lamborghini\" - Toys.lt","og_description":"Mana pirm\u0101 Lamborghini RC automa\u0161\u012bna ar vienk\u0101r\u0161u t\u0101lvad\u012bbas pulti un ska\u0146\u0101m att\u012bsta b\u0113rnu koordin\u0101ciju un motoriku. Piem\u0113rots 2-4 gadus veciem b\u0113rniem.","og_url":"https:\/\/toys.lt\/lv\/produktas\/clementoni-mehaniskas-laboratorijas-arktikas-transportlidzekli-kopija-kopija-kopija-kopija\/","og_site_name":"Toys.lt","article_modified_time":"2026-04-08T00:00:52+00:00","og_image":[{"width":1250,"height":834,"url":"https:\/\/toys.lt\/wp-content\/uploads\/2025\/12\/17845-clementoni-masinele-lamborghini-1.jpg","type":"image\/jpeg"}],"twitter_card":"summary_large_image","twitter_misc":{"Est. reading time":"1 minute"},"schema":{"@context":"https:\/\/schema.org","@graph":[{"@type":"WebPage","@id":"https:\/\/toys.lt\/lv\/produktas\/clementoni-mehaniskas-laboratorijas-arktikas-transportlidzekli-kopija-kopija-kopija-kopija\/","url":"https:\/\/toys.lt\/lv\/produktas\/clementoni-mehaniskas-laboratorijas-arktikas-transportlidzekli-kopija-kopija-kopija-kopija\/","name":"Clementoni RC auto \"Mans pirmais Lamborghini\" - Toys.lt","isPartOf":{"@id":"https:\/\/toys.lt\/lv\/#website"},"primaryImageOfPage":{"@id":"https:\/\/toys.lt\/lv\/produktas\/clementoni-mehaniskas-laboratorijas-arktikas-transportlidzekli-kopija-kopija-kopija-kopija\/#primaryimage"},"image":{"@id":"https:\/\/toys.lt\/lv\/produktas\/clementoni-mehaniskas-laboratorijas-arktikas-transportlidzekli-kopija-kopija-kopija-kopija\/#primaryimage"},"thumbnailUrl":"https:\/\/toys.lt\/wp-content\/uploads\/2025\/12\/17845-clementoni-masinele-lamborghini-1.jpg","datePublished":"2025-12-07T23:56:40+00:00","dateModified":"2026-04-08T00:00:52+00:00","description":"Mana pirm\u0101 Lamborghini RC automa\u0161\u012bna ar vienk\u0101r\u0161u t\u0101lvad\u012bbas pulti un ska\u0146\u0101m att\u012bsta b\u0113rnu koordin\u0101ciju un motoriku. Piem\u0113rots 2-4 gadus veciem b\u0113rniem.","breadcrumb":{"@id":"https:\/\/toys.lt\/lv\/produktas\/clementoni-mehaniskas-laboratorijas-arktikas-transportlidzekli-kopija-kopija-kopija-kopija\/#breadcrumb"},"inLanguage":"lv-LV","potentialAction":[{"@type":"ReadAction","target":["https:\/\/toys.lt\/lv\/produktas\/clementoni-mehaniskas-laboratorijas-arktikas-transportlidzekli-kopija-kopija-kopija-kopija\/"]}]},{"@type":"ImageObject","inLanguage":"lv-LV","@id":"https:\/\/toys.lt\/lv\/produktas\/clementoni-mehaniskas-laboratorijas-arktikas-transportlidzekli-kopija-kopija-kopija-kopija\/#primaryimage","url":"https:\/\/toys.lt\/wp-content\/uploads\/2025\/12\/17845-clementoni-masinele-lamborghini-1.jpg","contentUrl":"https:\/\/toys.lt\/wp-content\/uploads\/2025\/12\/17845-clementoni-masinele-lamborghini-1.jpg","width":1250,"height":834},{"@type":"BreadcrumbList","@id":"https:\/\/toys.lt\/lv\/produktas\/clementoni-mehaniskas-laboratorijas-arktikas-transportlidzekli-kopija-kopija-kopija-kopija\/#breadcrumb","itemListElement":[{"@type":"ListItem","position":1,"name":"Home","item":"https:\/\/toys.lt\/lv\/"},{"@type":"ListItem","position":2,"name":"Veikals","item":"https:\/\/toys.lt\/lv\/shop\/"},{"@type":"ListItem","position":3,"name":"Clementoni RC auto &#8222;Mans pirmais Lamborghini&#8221;"}]},{"@type":"WebSite","@id":"https:\/\/toys.lt\/lv\/#website","url":"https:\/\/toys.lt\/lv\/","name":"Toys.lt","description":"","potentialAction":[{"@type":"SearchAction","target":{"@type":"EntryPoint","urlTemplate":"https:\/\/toys.lt\/lv\/?s={search_term_string}"},"query-input":{"@type":"PropertyValueSpecification","valueRequired":true,"valueName":"search_term_string"}}],"inLanguage":"lv-LV"}]}},"_links":{"self":[{"href":"https:\/\/toys.lt\/lv\/wp-json\/wp\/v2\/product\/48226","targetHints":{"allow":["GET"]}}],"collection":[{"href":"https:\/\/toys.lt\/lv\/wp-json\/wp\/v2\/product"}],"about":[{"href":"https:\/\/toys.lt\/lv\/wp-json\/wp\/v2\/types\/product"}],"replies":[{"embeddable":true,"href":"https:\/\/toys.lt\/lv\/wp-json\/wp\/v2\/comments?post=48226"}],"version-history":[{"count":2,"href":"https:\/\/toys.lt\/lv\/wp-json\/wp\/v2\/product\/48226\/revisions"}],"predecessor-version":[{"id":48345,"href":"https:\/\/toys.lt\/lv\/wp-json\/wp\/v2\/product\/48226\/revisions\/48345"}],"wp:featuredmedia":[{"embeddable":true,"href":"https:\/\/toys.lt\/lv\/wp-json\/wp\/v2\/media\/48228"}],"wp:attachment":[{"href":"https:\/\/toys.lt\/lv\/wp-json\/wp\/v2\/media?parent=48226"}],"wp:term":[{"taxonomy":"product_brand","embeddable":true,"href":"https:\/\/toys.lt\/lv\/wp-json\/wp\/v2\/product_brand?post=48226"},{"taxonomy":"product_cat","embeddable":true,"href":"https:\/\/toys.lt\/lv\/wp-json\/wp\/v2\/product_cat?post=48226"},{"taxonomy":"product_tag","embeddable":true,"href":"https:\/\/toys.lt\/lv\/wp-json\/wp\/v2\/product_tag?post=48226"}],"curies":[{"name":"wp","href":"https:\/\/api.w.org\/{rel}","templated":true}]}}