{"id":48190,"date":"2025-12-07T23:39:14","date_gmt":"2025-12-07T23:39:14","guid":{"rendered":"https:\/\/toys.lt\/?post_type=product&#038;p=48190"},"modified":"2026-04-08T00:00:53","modified_gmt":"2026-04-08T00:00:53","slug":"clementoni-mehaniskas-laboratorijas-arktikas-transportlidzekli-kopija-kopija","status":"publish","type":"product","link":"https:\/\/toys.lt\/lv\/produktas\/clementoni-mehaniskas-laboratorijas-arktikas-transportlidzekli-kopija-kopija\/","title":{"rendered":"Clementoni Meh\u0101nika Celtniec\u012bbas komplekts &#8220;Lift&#8221;"},"content":{"rendered":"<p data-start=\"234\" data-end=\"552\">Salieciet \u0161o meh\u0101nisko pac\u0113l\u0101ju un uzziniet, k\u0101 darbojas \u012bstas darba ma\u0161\u012bnas! Komplekt\u0101 ir vair\u0101k nek\u0101 90 deta\u013cu, no kur\u0101m uzb\u016bv\u0113t funkcion\u0113jo\u0161u teleskopisko pac\u0113l\u0101ju ar darbojo\u0161os st\u016bres sist\u0113mu un pacel\u0161anas sviru. Ide\u0101ls STEM konstruktoru komplekts b\u0113rniem, kuriem pat\u012bk rad\u012bt un p\u0113t\u012bt tehnolo\u0123iju pasauli.  <\/p>\n<hr data-start=\"554\" data-end=\"557\">\n<h2 data-start=\"559\" data-end=\"575\"><strong data-start=\"564\" data-end=\"575\">\u2b50 Funkcijas<\/strong><\/h2>\n<ul data-start=\"576\" data-end=\"942\">\n<li data-start=\"576\" data-end=\"631\">\n<p data-start=\"578\" data-end=\"631\">Iek\u013cautas <strong data-start=\"588\" data-end=\"603\">vair\u0101k nek\u0101 90<\/strong> lifta mode\u013ca <strong data-start=\"588\" data-end=\"603\">deta\u013cas<\/strong> <\/p>\n<\/li>\n<li data-start=\"632\" data-end=\"683\">\n<p data-start=\"634\" data-end=\"683\">Re\u0101listiska <strong data-start=\"645\" data-end=\"666\">st\u016bres sist\u0113ma<\/strong> ar p\u0101rnesumiem<\/p>\n<\/li>\n<li data-start=\"684\" data-end=\"750\">\n<p data-start=\"686\" data-end=\"750\">Kust\u012bga <strong data-start=\"694\" data-end=\"712\">pacel\u0161anas svira,<\/strong> lai atdarin\u0101tu \u012bsta lifta darb\u012bbu<\/p>\n<\/li>\n<li data-start=\"751\" data-end=\"810\">\n<p data-start=\"753\" data-end=\"810\">Ilustr\u0113tas instrukcijas un <strong data-start=\"782\" data-end=\"808\">3D konstru\u0113\u0161anas ce\u013cvedis<\/strong><\/p>\n<\/li>\n<li data-start=\"811\" data-end=\"881\">\n<p data-start=\"813\" data-end=\"881\">Att\u012bsta roku veikl\u012bbu, dom\u0101\u0161anu, tehnisk\u0101s un konstru\u0113\u0161anas prasmes.<\/p>\n<\/li>\n<li data-start=\"882\" data-end=\"942\">\n<p data-start=\"884\" data-end=\"942\">Lielisks ievads par <strong data-start=\"900\" data-end=\"940\">meh\u0101nikas principiem un STEM pasauli<\/strong><\/p>\n<\/li>\n<\/ul>\n<hr data-start=\"944\" data-end=\"947\">\n<h2 data-start=\"949\" data-end=\"979\">\ud83d\udce6 <strong data-start=\"955\" data-end=\"979\">Tehnisk\u0101 inform\u0101cija<\/strong><\/h2>\n<ul data-start=\"980\" data-end=\"1218\">\n<li data-start=\"980\" data-end=\"1006\">\n<p data-start=\"982\" data-end=\"1006\"><strong data-start=\"982\" data-end=\"993\">Vecums:<\/strong> no 8 gadiem<\/p>\n<\/li>\n<li data-start=\"1007\" data-end=\"1055\">\n<p data-start=\"1009\" data-end=\"1055\"><strong data-start=\"1009\" data-end=\"1034\">Iepakojuma izm\u0113ri:<\/strong> 29 \u00d7 20 \u00d7 7 cm<\/p>\n<\/li>\n<li data-start=\"1056\" data-end=\"1088\">\n<p data-start=\"1058\" data-end=\"1088\"><strong data-start=\"1058\" data-end=\"1082\">Sast\u0101vda\u013cu skaits:<\/strong> vair\u0101k nek\u0101 90<\/p>\n<\/li>\n<li data-start=\"1089\" data-end=\"1116\">\n<p data-start=\"1091\" data-end=\"1116\"><strong data-start=\"1091\" data-end=\"1104\">Materi\u0101ls:<\/strong> plastmasa<\/p>\n<\/li>\n<li data-start=\"1117\" data-end=\"1146\">\n<p data-start=\"1119\" data-end=\"1146\"><strong data-start=\"1119\" data-end=\"1136\">Izcelsmes valsts:<\/strong> It\u0101lija<\/p>\n<\/li>\n<\/ul>\n<hr data-start=\"1220\" data-end=\"1223\">\n<h2 data-start=\"1225\" data-end=\"1252\">\u26a0\ufe0f <strong data-start=\"1231\" data-end=\"1252\">Dro\u0161\u012bbas br\u012bdin\u0101jums<\/strong><\/h2>\n<p data-start=\"1253\" data-end=\"1428\">Nav piem\u0113rots b\u0113rniem l\u012bdz 3 gadu vecumam &#8211; ir mazas deta\u013cas. Pirms rota\u013clietas nodo\u0161anas b\u0113rnam, no t\u0101s j\u0101no\u0146em iepakojums un stiprin\u0101jumi. Ieteicams lietot pieaugu\u0161o uzraudz\u012bb\u0101.  <\/p>\n","protected":false},"excerpt":{"rendered":"<ul data-start=\"980\" data-end=\"1218\">\n<li data-start=\"980\" data-end=\"1006\">\n<p data-start=\"982\" data-end=\"1006\"><strong data-start=\"982\" data-end=\"993\">Vecums:<\/strong> no 8 gadiem<\/p>\n<\/li>\n<li data-start=\"1007\" data-end=\"1055\">\n<p data-start=\"1009\" data-end=\"1055\"><strong data-start=\"1009\" data-end=\"1034\">Iepakojuma izm\u0113ri:<\/strong> 29 \u00d7 20 \u00d7 7 cm<\/p>\n<\/li>\n<li data-start=\"1056\" data-end=\"1088\">\n<p data-start=\"1058\" data-end=\"1088\"><strong data-start=\"1058\" data-end=\"1082\">Sast\u0101vda\u013cu skaits:<\/strong> vair\u0101k nek\u0101 90<\/p>\n<\/li>\n<li data-start=\"1089\" data-end=\"1116\">\n<p data-start=\"1091\" data-end=\"1116\"><strong data-start=\"1091\" data-end=\"1104\">Materi\u0101ls:<\/strong> plastmasa<\/p>\n<\/li>\n<li data-start=\"1117\" data-end=\"1146\">\n<p data-start=\"1119\" data-end=\"1146\"><strong data-start=\"1119\" data-end=\"1136\">Izcelsmes valsts:<\/strong> It\u0101lija<\/p>\n<\/li>\n<\/ul>\n","protected":false},"featured_media":48192,"comment_status":"open","ping_status":"closed","template":"","meta":[],"product_brand":[384],"product_cat":[1176,1157,1155],"product_tag":[],"class_list":{"0":"post-48190","1":"product","2":"type-product","3":"status-publish","4":"has-post-thumbnail","6":"product_brand-clementoni-2","7":"product_cat-rotallietas-zeniem","8":"product_cat-izglitojosas-un-interaktivas-rotallietas","9":"product_cat-leti","10":"pa_amziaus-grupe-8-lv","11":"pa_prek-s-tipas-konstruktori-un-modulu-bloki","12":"pa_prekes-zenklas-clementoni-lv","14":"first","15":"outofstock","16":"taxable","17":"shipping-taxable","18":"purchasable","19":"product-type-simple"},"yoast_head":"<!-- This site is optimized with the Yoast SEO plugin v26.3 - https:\/\/yoast.com\/wordpress\/plugins\/seo\/ -->\n<title>Clementoni Meh\u0101nika Celtniec\u012bbas komplekts &quot;Lift&quot; - Toys.lt<\/title>\n<meta name=\"description\" content=\"Clementoni Meh\u0101nikas liftu konstruktors ar vair\u0101k nek\u0101 90 deta\u013c\u0101m un darbojo\u0161iem meh\u0101nismiem. STEM komplekts b\u0113rniem no 8 gadu vecuma.\" \/>\n<meta name=\"robots\" content=\"index, follow, max-snippet:-1, max-image-preview:large, max-video-preview:-1\" \/>\n<link rel=\"canonical\" href=\"https:\/\/toys.lt\/lv\/produktas\/clementoni-mehaniskas-laboratorijas-arktikas-transportlidzekli-kopija-kopija\/\" \/>\n<meta property=\"og:locale\" content=\"lv_LV\" \/>\n<meta property=\"og:type\" content=\"article\" \/>\n<meta property=\"og:title\" content=\"Clementoni Meh\u0101nika Celtniec\u012bbas komplekts &quot;Lift&quot; - Toys.lt\" \/>\n<meta property=\"og:description\" content=\"Clementoni Meh\u0101nikas liftu konstruktors ar vair\u0101k nek\u0101 90 deta\u013c\u0101m un darbojo\u0161iem meh\u0101nismiem. STEM komplekts b\u0113rniem no 8 gadu vecuma.\" \/>\n<meta property=\"og:url\" content=\"https:\/\/toys.lt\/lv\/produktas\/clementoni-mehaniskas-laboratorijas-arktikas-transportlidzekli-kopija-kopija\/\" \/>\n<meta property=\"og:site_name\" content=\"Toys.lt\" \/>\n<meta property=\"article:modified_time\" content=\"2026-04-08T00:00:53+00:00\" \/>\n<meta property=\"og:image\" content=\"https:\/\/toys.lt\/wp-content\/uploads\/2025\/12\/75133-clementoni-konstruktorius-1.jpg\" \/>\n\t<meta property=\"og:image:width\" content=\"1500\" \/>\n\t<meta property=\"og:image:height\" content=\"1150\" \/>\n\t<meta property=\"og:image:type\" content=\"image\/jpeg\" \/>\n<meta name=\"twitter:card\" content=\"summary_large_image\" \/>\n<meta name=\"twitter:label1\" content=\"Est. reading time\" \/>\n\t<meta name=\"twitter:data1\" content=\"1 minute\" \/>\n<script type=\"application\/ld+json\" class=\"yoast-schema-graph\">{\"@context\":\"https:\/\/schema.org\",\"@graph\":[{\"@type\":\"WebPage\",\"@id\":\"https:\/\/toys.lt\/lv\/produktas\/clementoni-mehaniskas-laboratorijas-arktikas-transportlidzekli-kopija-kopija\/\",\"url\":\"https:\/\/toys.lt\/lv\/produktas\/clementoni-mehaniskas-laboratorijas-arktikas-transportlidzekli-kopija-kopija\/\",\"name\":\"Clementoni Meh\u0101nika Celtniec\u012bbas komplekts \\\"Lift\\\" - Toys.lt\",\"isPartOf\":{\"@id\":\"https:\/\/toys.lt\/lv\/#website\"},\"primaryImageOfPage\":{\"@id\":\"https:\/\/toys.lt\/lv\/produktas\/clementoni-mehaniskas-laboratorijas-arktikas-transportlidzekli-kopija-kopija\/#primaryimage\"},\"image\":{\"@id\":\"https:\/\/toys.lt\/lv\/produktas\/clementoni-mehaniskas-laboratorijas-arktikas-transportlidzekli-kopija-kopija\/#primaryimage\"},\"thumbnailUrl\":\"https:\/\/toys.lt\/wp-content\/uploads\/2025\/12\/75133-clementoni-konstruktorius-1.jpg\",\"datePublished\":\"2025-12-07T23:39:14+00:00\",\"dateModified\":\"2026-04-08T00:00:53+00:00\",\"description\":\"Clementoni Meh\u0101nikas liftu konstruktors ar vair\u0101k nek\u0101 90 deta\u013c\u0101m un darbojo\u0161iem meh\u0101nismiem. STEM komplekts b\u0113rniem no 8 gadu vecuma.\",\"breadcrumb\":{\"@id\":\"https:\/\/toys.lt\/lv\/produktas\/clementoni-mehaniskas-laboratorijas-arktikas-transportlidzekli-kopija-kopija\/#breadcrumb\"},\"inLanguage\":\"lv-LV\",\"potentialAction\":[{\"@type\":\"ReadAction\",\"target\":[\"https:\/\/toys.lt\/lv\/produktas\/clementoni-mehaniskas-laboratorijas-arktikas-transportlidzekli-kopija-kopija\/\"]}]},{\"@type\":\"ImageObject\",\"inLanguage\":\"lv-LV\",\"@id\":\"https:\/\/toys.lt\/lv\/produktas\/clementoni-mehaniskas-laboratorijas-arktikas-transportlidzekli-kopija-kopija\/#primaryimage\",\"url\":\"https:\/\/toys.lt\/wp-content\/uploads\/2025\/12\/75133-clementoni-konstruktorius-1.jpg\",\"contentUrl\":\"https:\/\/toys.lt\/wp-content\/uploads\/2025\/12\/75133-clementoni-konstruktorius-1.jpg\",\"width\":1500,\"height\":1150},{\"@type\":\"BreadcrumbList\",\"@id\":\"https:\/\/toys.lt\/lv\/produktas\/clementoni-mehaniskas-laboratorijas-arktikas-transportlidzekli-kopija-kopija\/#breadcrumb\",\"itemListElement\":[{\"@type\":\"ListItem\",\"position\":1,\"name\":\"Home\",\"item\":\"https:\/\/toys.lt\/lv\/\"},{\"@type\":\"ListItem\",\"position\":2,\"name\":\"Veikals\",\"item\":\"https:\/\/toys.lt\/lv\/shop\/\"},{\"@type\":\"ListItem\",\"position\":3,\"name\":\"Clementoni Meh\u0101nika Celtniec\u012bbas komplekts &#8222;Lift&#8221;\"}]},{\"@type\":\"WebSite\",\"@id\":\"https:\/\/toys.lt\/lv\/#website\",\"url\":\"https:\/\/toys.lt\/lv\/\",\"name\":\"Toys.lt\",\"description\":\"\",\"potentialAction\":[{\"@type\":\"SearchAction\",\"target\":{\"@type\":\"EntryPoint\",\"urlTemplate\":\"https:\/\/toys.lt\/lv\/?s={search_term_string}\"},\"query-input\":{\"@type\":\"PropertyValueSpecification\",\"valueRequired\":true,\"valueName\":\"search_term_string\"}}],\"inLanguage\":\"lv-LV\"}]}<\/script>\n<!-- \/ Yoast SEO plugin. -->","yoast_head_json":{"title":"Clementoni Meh\u0101nika Celtniec\u012bbas komplekts \"Lift\" - Toys.lt","description":"Clementoni Meh\u0101nikas liftu konstruktors ar vair\u0101k nek\u0101 90 deta\u013c\u0101m un darbojo\u0161iem meh\u0101nismiem. STEM komplekts b\u0113rniem no 8 gadu vecuma.","robots":{"index":"index","follow":"follow","max-snippet":"max-snippet:-1","max-image-preview":"max-image-preview:large","max-video-preview":"max-video-preview:-1"},"canonical":"https:\/\/toys.lt\/lv\/produktas\/clementoni-mehaniskas-laboratorijas-arktikas-transportlidzekli-kopija-kopija\/","og_locale":"lv_LV","og_type":"article","og_title":"Clementoni Meh\u0101nika Celtniec\u012bbas komplekts \"Lift\" - Toys.lt","og_description":"Clementoni Meh\u0101nikas liftu konstruktors ar vair\u0101k nek\u0101 90 deta\u013c\u0101m un darbojo\u0161iem meh\u0101nismiem. STEM komplekts b\u0113rniem no 8 gadu vecuma.","og_url":"https:\/\/toys.lt\/lv\/produktas\/clementoni-mehaniskas-laboratorijas-arktikas-transportlidzekli-kopija-kopija\/","og_site_name":"Toys.lt","article_modified_time":"2026-04-08T00:00:53+00:00","og_image":[{"width":1500,"height":1150,"url":"https:\/\/toys.lt\/wp-content\/uploads\/2025\/12\/75133-clementoni-konstruktorius-1.jpg","type":"image\/jpeg"}],"twitter_card":"summary_large_image","twitter_misc":{"Est. reading time":"1 minute"},"schema":{"@context":"https:\/\/schema.org","@graph":[{"@type":"WebPage","@id":"https:\/\/toys.lt\/lv\/produktas\/clementoni-mehaniskas-laboratorijas-arktikas-transportlidzekli-kopija-kopija\/","url":"https:\/\/toys.lt\/lv\/produktas\/clementoni-mehaniskas-laboratorijas-arktikas-transportlidzekli-kopija-kopija\/","name":"Clementoni Meh\u0101nika Celtniec\u012bbas komplekts \"Lift\" - Toys.lt","isPartOf":{"@id":"https:\/\/toys.lt\/lv\/#website"},"primaryImageOfPage":{"@id":"https:\/\/toys.lt\/lv\/produktas\/clementoni-mehaniskas-laboratorijas-arktikas-transportlidzekli-kopija-kopija\/#primaryimage"},"image":{"@id":"https:\/\/toys.lt\/lv\/produktas\/clementoni-mehaniskas-laboratorijas-arktikas-transportlidzekli-kopija-kopija\/#primaryimage"},"thumbnailUrl":"https:\/\/toys.lt\/wp-content\/uploads\/2025\/12\/75133-clementoni-konstruktorius-1.jpg","datePublished":"2025-12-07T23:39:14+00:00","dateModified":"2026-04-08T00:00:53+00:00","description":"Clementoni Meh\u0101nikas liftu konstruktors ar vair\u0101k nek\u0101 90 deta\u013c\u0101m un darbojo\u0161iem meh\u0101nismiem. STEM komplekts b\u0113rniem no 8 gadu vecuma.","breadcrumb":{"@id":"https:\/\/toys.lt\/lv\/produktas\/clementoni-mehaniskas-laboratorijas-arktikas-transportlidzekli-kopija-kopija\/#breadcrumb"},"inLanguage":"lv-LV","potentialAction":[{"@type":"ReadAction","target":["https:\/\/toys.lt\/lv\/produktas\/clementoni-mehaniskas-laboratorijas-arktikas-transportlidzekli-kopija-kopija\/"]}]},{"@type":"ImageObject","inLanguage":"lv-LV","@id":"https:\/\/toys.lt\/lv\/produktas\/clementoni-mehaniskas-laboratorijas-arktikas-transportlidzekli-kopija-kopija\/#primaryimage","url":"https:\/\/toys.lt\/wp-content\/uploads\/2025\/12\/75133-clementoni-konstruktorius-1.jpg","contentUrl":"https:\/\/toys.lt\/wp-content\/uploads\/2025\/12\/75133-clementoni-konstruktorius-1.jpg","width":1500,"height":1150},{"@type":"BreadcrumbList","@id":"https:\/\/toys.lt\/lv\/produktas\/clementoni-mehaniskas-laboratorijas-arktikas-transportlidzekli-kopija-kopija\/#breadcrumb","itemListElement":[{"@type":"ListItem","position":1,"name":"Home","item":"https:\/\/toys.lt\/lv\/"},{"@type":"ListItem","position":2,"name":"Veikals","item":"https:\/\/toys.lt\/lv\/shop\/"},{"@type":"ListItem","position":3,"name":"Clementoni Meh\u0101nika Celtniec\u012bbas komplekts &#8222;Lift&#8221;"}]},{"@type":"WebSite","@id":"https:\/\/toys.lt\/lv\/#website","url":"https:\/\/toys.lt\/lv\/","name":"Toys.lt","description":"","potentialAction":[{"@type":"SearchAction","target":{"@type":"EntryPoint","urlTemplate":"https:\/\/toys.lt\/lv\/?s={search_term_string}"},"query-input":{"@type":"PropertyValueSpecification","valueRequired":true,"valueName":"search_term_string"}}],"inLanguage":"lv-LV"}]}},"_links":{"self":[{"href":"https:\/\/toys.lt\/lv\/wp-json\/wp\/v2\/product\/48190","targetHints":{"allow":["GET"]}}],"collection":[{"href":"https:\/\/toys.lt\/lv\/wp-json\/wp\/v2\/product"}],"about":[{"href":"https:\/\/toys.lt\/lv\/wp-json\/wp\/v2\/types\/product"}],"replies":[{"embeddable":true,"href":"https:\/\/toys.lt\/lv\/wp-json\/wp\/v2\/comments?post=48190"}],"version-history":[{"count":2,"href":"https:\/\/toys.lt\/lv\/wp-json\/wp\/v2\/product\/48190\/revisions"}],"predecessor-version":[{"id":48343,"href":"https:\/\/toys.lt\/lv\/wp-json\/wp\/v2\/product\/48190\/revisions\/48343"}],"wp:featuredmedia":[{"embeddable":true,"href":"https:\/\/toys.lt\/lv\/wp-json\/wp\/v2\/media\/48192"}],"wp:attachment":[{"href":"https:\/\/toys.lt\/lv\/wp-json\/wp\/v2\/media?parent=48190"}],"wp:term":[{"taxonomy":"product_brand","embeddable":true,"href":"https:\/\/toys.lt\/lv\/wp-json\/wp\/v2\/product_brand?post=48190"},{"taxonomy":"product_cat","embeddable":true,"href":"https:\/\/toys.lt\/lv\/wp-json\/wp\/v2\/product_cat?post=48190"},{"taxonomy":"product_tag","embeddable":true,"href":"https:\/\/toys.lt\/lv\/wp-json\/wp\/v2\/product_tag?post=48190"}],"curies":[{"name":"wp","href":"https:\/\/api.w.org\/{rel}","templated":true}]}}