{"id":48178,"date":"2025-12-07T23:31:18","date_gmt":"2025-12-07T23:31:18","guid":{"rendered":"https:\/\/toys.lt\/?post_type=product&#038;p=48178"},"modified":"2026-04-08T00:00:53","modified_gmt":"2026-04-08T00:00:53","slug":"clementoni-mehaniskas-laboratorijas-arktikas-transportlidzekli-kopija","status":"publish","type":"product","link":"https:\/\/toys.lt\/lv\/produktas\/clementoni-mehaniskas-laboratorijas-arktikas-transportlidzekli-kopija\/","title":{"rendered":"Clementoni meh\u0101nika Lamborghini Urus SE"},"content":{"rendered":"<p data-start=\"364\" data-end=\"675\">Dodiet savam b\u0113rnam iesp\u0113ju sajusties k\u0101 \u012bstam in\u017eenierim! \u0160is Clementoni Mechanics komplekts \u013cauj no vair\u0101k nek\u0101 190 deta\u013c\u0101m salikt detaliz\u0113tu Lamborghini Urus SE versiju ar darbojo\u0161iem meh\u0101nismiem un re\u0101listisku in\u017eenierb\u016bvi. T\u0101 ir ide\u0101la STEM rota\u013clieta, lai att\u012bst\u012btu tehnisko dom\u0101\u0161anu un roku veikl\u012bbu.  <\/p>\n<hr data-start=\"677\" data-end=\"680\">\n<h2 data-start=\"682\" data-end=\"698\"><strong data-start=\"687\" data-end=\"698\">\u2b50 Funkcijas<\/strong><\/h2>\n<ul data-start=\"699\" data-end=\"1088\">\n<li data-start=\"699\" data-end=\"752\">\n<p data-start=\"701\" data-end=\"752\">Vair\u0101k nek\u0101 <strong data-start=\"713\" data-end=\"728\">190 deta\u013cas<\/strong> b\u016bvniec\u012bbas izaicin\u0101jumiem<\/p>\n<\/li>\n<li data-start=\"753\" data-end=\"839\">\n<p data-start=\"755\" data-end=\"839\">Darb\u012bbas meh\u0101nismi: <strong data-start=\"779\" data-end=\"791\">zobrata un zobrati\u0146a<\/strong> <strong data-start=\"813\" data-end=\"837\">sist\u0113ma<\/strong> un <strong data-start=\"813\" data-end=\"837\">diferenci\u0101lis<\/strong><\/p>\n<\/li>\n<li data-start=\"840\" data-end=\"884\">\n<p data-start=\"842\" data-end=\"884\">Lamborghini Urus SE re\u0101listiskais dizains<\/p>\n<\/li>\n<li data-start=\"885\" data-end=\"980\">\n<p data-start=\"887\" data-end=\"980\"><strong data-start=\"897\" data-end=\"924\">Ilustr\u0113tas instrukcijas<\/strong> un interakt\u012bvs <strong data-start=\"941\" data-end=\"978\">QR kods 3D modelim lietotn\u0113<\/strong>.<\/p>\n<\/li>\n<li data-start=\"981\" data-end=\"1053\">\n<p data-start=\"983\" data-end=\"1053\">att\u012bsta tehnisko dom\u0101\u0161anu, in\u017eeniertehnisk\u0101s prasmes un probl\u0113mu risin\u0101\u0161anu.<\/p>\n<\/li>\n<li data-start=\"1054\" data-end=\"1088\">\n<p data-start=\"1056\" data-end=\"1088\">Pieder pie <strong data-start=\"1066\" data-end=\"1074\">STEM<\/strong> kategorijas<\/p>\n<\/li>\n<\/ul>\n<hr data-start=\"1090\" data-end=\"1093\">\n<h2 data-start=\"1095\" data-end=\"1125\">\ud83d\udce6 <strong data-start=\"1101\" data-end=\"1125\">Tehnisk\u0101 inform\u0101cija<\/strong><\/h2>\n<ul data-start=\"1126\" data-end=\"1367\">\n<li data-start=\"1126\" data-end=\"1152\">\n<p data-start=\"1128\" data-end=\"1152\"><strong data-start=\"1128\" data-end=\"1139\">Vecums:<\/strong> no 8 gadiem<\/p>\n<\/li>\n<li data-start=\"1153\" data-end=\"1187\">\n<p data-start=\"1155\" data-end=\"1187\"><strong data-start=\"1155\" data-end=\"1174\">Iepakojuma izm\u0113rs:<\/strong> 40 \u00d7 28 cm<\/p>\n<\/li>\n<li data-start=\"1188\" data-end=\"1221\">\n<p data-start=\"1190\" data-end=\"1221\"><strong data-start=\"1190\" data-end=\"1214\">Sast\u0101vda\u013cu skaits:<\/strong> vair\u0101k nek\u0101 190<\/p>\n<\/li>\n<li data-start=\"1277\" data-end=\"1304\">\n<p data-start=\"1279\" data-end=\"1304\"><strong data-start=\"1279\" data-end=\"1292\">Materi\u0101ls:<\/strong> plastmasa<\/p>\n<\/li>\n<li data-start=\"1305\" data-end=\"1334\">\n<p data-start=\"1307\" data-end=\"1334\"><strong data-start=\"1307\" data-end=\"1324\">Izcelsmes valsts:<\/strong> It\u0101lija<\/p>\n<\/li>\n<\/ul>\n<hr data-start=\"1369\" data-end=\"1372\">\n<h2 data-start=\"1374\" data-end=\"1401\">\u26a0\ufe0f <strong data-start=\"1380\" data-end=\"1401\">Dro\u0161\u012bbas br\u012bdin\u0101jums<\/strong><\/h2>\n<p data-start=\"1402\" data-end=\"1577\">Nav piem\u0113rots b\u0113rniem l\u012bdz 3 gadu vecumam &#8211; ir mazas deta\u013cas. Pirms rota\u013clietas nodo\u0161anas b\u0113rnam, no t\u0101s j\u0101no\u0146em iepakojums un stiprin\u0101jumi. Ieteicams lietot pieaugu\u0161o uzraudz\u012bb\u0101.  <\/p>\n","protected":false},"excerpt":{"rendered":"<ul data-start=\"1126\" data-end=\"1367\">\n<li data-start=\"1126\" data-end=\"1152\">\n<p data-start=\"1128\" data-end=\"1152\"><strong data-start=\"1128\" data-end=\"1139\">Vecums:<\/strong> no 8 gadiem<\/p>\n<\/li>\n<li data-start=\"1153\" data-end=\"1187\">\n<p data-start=\"1155\" data-end=\"1187\"><strong data-start=\"1155\" data-end=\"1174\">Iepakojuma izm\u0113rs:<\/strong> 40 \u00d7 28 cm<\/p>\n<\/li>\n<li data-start=\"1188\" data-end=\"1221\">\n<p data-start=\"1190\" data-end=\"1221\"><strong data-start=\"1190\" data-end=\"1214\">Sast\u0101vda\u013cu skaits:<\/strong> vair\u0101k nek\u0101 190<\/p>\n<\/li>\n<li data-start=\"1277\" data-end=\"1304\">\n<p data-start=\"1279\" data-end=\"1304\"><strong data-start=\"1279\" data-end=\"1292\">Materi\u0101ls:<\/strong> plastmasa<\/p>\n<\/li>\n<li data-start=\"1305\" data-end=\"1334\">\n<p data-start=\"1307\" data-end=\"1334\"><strong data-start=\"1307\" data-end=\"1324\">Izcelsmes valsts:<\/strong> It\u0101lija<\/p>\n<\/li>\n<\/ul>\n","protected":false},"featured_media":48180,"comment_status":"open","ping_status":"closed","template":"","meta":[],"product_brand":[384],"product_cat":[1176,1157,1155],"product_tag":[],"class_list":{"0":"post-48178","1":"product","2":"type-product","3":"status-publish","4":"has-post-thumbnail","6":"product_brand-clementoni-2","7":"product_cat-rotallietas-zeniem","8":"product_cat-izglitojosas-un-interaktivas-rotallietas","9":"product_cat-leti","10":"pa_amziaus-grupe-8-lv","11":"pa_prek-s-tipas-konstruktori-un-modulu-bloki","12":"pa_prekes-zenklas-clementoni-lv","14":"first","15":"instock","16":"sale","17":"taxable","18":"shipping-taxable","19":"purchasable","20":"product-type-simple"},"yoast_head":"<!-- This site is optimized with the Yoast SEO plugin v26.3 - https:\/\/yoast.com\/wordpress\/plugins\/seo\/ -->\n<title>Clementoni meh\u0101nika Lamborghini Urus SE - Toys.lt<\/title>\n<meta name=\"description\" content=\"Clementoni Mechanics Lamborghini Urus SE konstruktors ar vair\u0101k nek\u0101 190 deta\u013c\u0101m un darbojo\u0161iem meh\u0101nismiem. STEM komplekts b\u0113rniem no 8 gadiem.\" \/>\n<meta name=\"robots\" content=\"index, follow, max-snippet:-1, max-image-preview:large, max-video-preview:-1\" \/>\n<link rel=\"canonical\" href=\"https:\/\/toys.lt\/lv\/produktas\/clementoni-mehaniskas-laboratorijas-arktikas-transportlidzekli-kopija\/\" \/>\n<meta property=\"og:locale\" content=\"lv_LV\" \/>\n<meta property=\"og:type\" content=\"article\" \/>\n<meta property=\"og:title\" content=\"Clementoni meh\u0101nika Lamborghini Urus SE - Toys.lt\" \/>\n<meta property=\"og:description\" content=\"Clementoni Mechanics Lamborghini Urus SE konstruktors ar vair\u0101k nek\u0101 190 deta\u013c\u0101m un darbojo\u0161iem meh\u0101nismiem. STEM komplekts b\u0113rniem no 8 gadiem.\" \/>\n<meta property=\"og:url\" content=\"https:\/\/toys.lt\/lv\/produktas\/clementoni-mehaniskas-laboratorijas-arktikas-transportlidzekli-kopija\/\" \/>\n<meta property=\"og:site_name\" content=\"Toys.lt\" \/>\n<meta property=\"article:modified_time\" content=\"2026-04-08T00:00:53+00:00\" \/>\n<meta property=\"og:image\" content=\"https:\/\/toys.lt\/wp-content\/uploads\/2025\/12\/75129-clementoni-konstruktorius-lamborghini-1.jpeg\" \/>\n\t<meta property=\"og:image:width\" content=\"1260\" \/>\n\t<meta property=\"og:image:height\" content=\"1027\" \/>\n\t<meta property=\"og:image:type\" content=\"image\/jpeg\" \/>\n<meta name=\"twitter:card\" content=\"summary_large_image\" \/>\n<meta name=\"twitter:label1\" content=\"Est. reading time\" \/>\n\t<meta name=\"twitter:data1\" content=\"1 minute\" \/>\n<script type=\"application\/ld+json\" class=\"yoast-schema-graph\">{\"@context\":\"https:\/\/schema.org\",\"@graph\":[{\"@type\":\"WebPage\",\"@id\":\"https:\/\/toys.lt\/lv\/produktas\/clementoni-mehaniskas-laboratorijas-arktikas-transportlidzekli-kopija\/\",\"url\":\"https:\/\/toys.lt\/lv\/produktas\/clementoni-mehaniskas-laboratorijas-arktikas-transportlidzekli-kopija\/\",\"name\":\"Clementoni meh\u0101nika Lamborghini Urus SE - Toys.lt\",\"isPartOf\":{\"@id\":\"https:\/\/toys.lt\/lv\/#website\"},\"primaryImageOfPage\":{\"@id\":\"https:\/\/toys.lt\/lv\/produktas\/clementoni-mehaniskas-laboratorijas-arktikas-transportlidzekli-kopija\/#primaryimage\"},\"image\":{\"@id\":\"https:\/\/toys.lt\/lv\/produktas\/clementoni-mehaniskas-laboratorijas-arktikas-transportlidzekli-kopija\/#primaryimage\"},\"thumbnailUrl\":\"https:\/\/toys.lt\/wp-content\/uploads\/2025\/12\/75129-clementoni-konstruktorius-lamborghini-1.jpeg\",\"datePublished\":\"2025-12-07T23:31:18+00:00\",\"dateModified\":\"2026-04-08T00:00:53+00:00\",\"description\":\"Clementoni Mechanics Lamborghini Urus SE konstruktors ar vair\u0101k nek\u0101 190 deta\u013c\u0101m un darbojo\u0161iem meh\u0101nismiem. STEM komplekts b\u0113rniem no 8 gadiem.\",\"breadcrumb\":{\"@id\":\"https:\/\/toys.lt\/lv\/produktas\/clementoni-mehaniskas-laboratorijas-arktikas-transportlidzekli-kopija\/#breadcrumb\"},\"inLanguage\":\"lv-LV\",\"potentialAction\":[{\"@type\":\"ReadAction\",\"target\":[\"https:\/\/toys.lt\/lv\/produktas\/clementoni-mehaniskas-laboratorijas-arktikas-transportlidzekli-kopija\/\"]}]},{\"@type\":\"ImageObject\",\"inLanguage\":\"lv-LV\",\"@id\":\"https:\/\/toys.lt\/lv\/produktas\/clementoni-mehaniskas-laboratorijas-arktikas-transportlidzekli-kopija\/#primaryimage\",\"url\":\"https:\/\/toys.lt\/wp-content\/uploads\/2025\/12\/75129-clementoni-konstruktorius-lamborghini-1.jpeg\",\"contentUrl\":\"https:\/\/toys.lt\/wp-content\/uploads\/2025\/12\/75129-clementoni-konstruktorius-lamborghini-1.jpeg\",\"width\":1260,\"height\":1027},{\"@type\":\"BreadcrumbList\",\"@id\":\"https:\/\/toys.lt\/lv\/produktas\/clementoni-mehaniskas-laboratorijas-arktikas-transportlidzekli-kopija\/#breadcrumb\",\"itemListElement\":[{\"@type\":\"ListItem\",\"position\":1,\"name\":\"Home\",\"item\":\"https:\/\/toys.lt\/lv\/\"},{\"@type\":\"ListItem\",\"position\":2,\"name\":\"Veikals\",\"item\":\"https:\/\/toys.lt\/lv\/shop\/\"},{\"@type\":\"ListItem\",\"position\":3,\"name\":\"Clementoni meh\u0101nika Lamborghini Urus SE\"}]},{\"@type\":\"WebSite\",\"@id\":\"https:\/\/toys.lt\/lv\/#website\",\"url\":\"https:\/\/toys.lt\/lv\/\",\"name\":\"Toys.lt\",\"description\":\"\",\"potentialAction\":[{\"@type\":\"SearchAction\",\"target\":{\"@type\":\"EntryPoint\",\"urlTemplate\":\"https:\/\/toys.lt\/lv\/?s={search_term_string}\"},\"query-input\":{\"@type\":\"PropertyValueSpecification\",\"valueRequired\":true,\"valueName\":\"search_term_string\"}}],\"inLanguage\":\"lv-LV\"}]}<\/script>\n<!-- \/ Yoast SEO plugin. -->","yoast_head_json":{"title":"Clementoni meh\u0101nika Lamborghini Urus SE - Toys.lt","description":"Clementoni Mechanics Lamborghini Urus SE konstruktors ar vair\u0101k nek\u0101 190 deta\u013c\u0101m un darbojo\u0161iem meh\u0101nismiem. STEM komplekts b\u0113rniem no 8 gadiem.","robots":{"index":"index","follow":"follow","max-snippet":"max-snippet:-1","max-image-preview":"max-image-preview:large","max-video-preview":"max-video-preview:-1"},"canonical":"https:\/\/toys.lt\/lv\/produktas\/clementoni-mehaniskas-laboratorijas-arktikas-transportlidzekli-kopija\/","og_locale":"lv_LV","og_type":"article","og_title":"Clementoni meh\u0101nika Lamborghini Urus SE - Toys.lt","og_description":"Clementoni Mechanics Lamborghini Urus SE konstruktors ar vair\u0101k nek\u0101 190 deta\u013c\u0101m un darbojo\u0161iem meh\u0101nismiem. STEM komplekts b\u0113rniem no 8 gadiem.","og_url":"https:\/\/toys.lt\/lv\/produktas\/clementoni-mehaniskas-laboratorijas-arktikas-transportlidzekli-kopija\/","og_site_name":"Toys.lt","article_modified_time":"2026-04-08T00:00:53+00:00","og_image":[{"width":1260,"height":1027,"url":"https:\/\/toys.lt\/wp-content\/uploads\/2025\/12\/75129-clementoni-konstruktorius-lamborghini-1.jpeg","type":"image\/jpeg"}],"twitter_card":"summary_large_image","twitter_misc":{"Est. reading time":"1 minute"},"schema":{"@context":"https:\/\/schema.org","@graph":[{"@type":"WebPage","@id":"https:\/\/toys.lt\/lv\/produktas\/clementoni-mehaniskas-laboratorijas-arktikas-transportlidzekli-kopija\/","url":"https:\/\/toys.lt\/lv\/produktas\/clementoni-mehaniskas-laboratorijas-arktikas-transportlidzekli-kopija\/","name":"Clementoni meh\u0101nika Lamborghini Urus SE - Toys.lt","isPartOf":{"@id":"https:\/\/toys.lt\/lv\/#website"},"primaryImageOfPage":{"@id":"https:\/\/toys.lt\/lv\/produktas\/clementoni-mehaniskas-laboratorijas-arktikas-transportlidzekli-kopija\/#primaryimage"},"image":{"@id":"https:\/\/toys.lt\/lv\/produktas\/clementoni-mehaniskas-laboratorijas-arktikas-transportlidzekli-kopija\/#primaryimage"},"thumbnailUrl":"https:\/\/toys.lt\/wp-content\/uploads\/2025\/12\/75129-clementoni-konstruktorius-lamborghini-1.jpeg","datePublished":"2025-12-07T23:31:18+00:00","dateModified":"2026-04-08T00:00:53+00:00","description":"Clementoni Mechanics Lamborghini Urus SE konstruktors ar vair\u0101k nek\u0101 190 deta\u013c\u0101m un darbojo\u0161iem meh\u0101nismiem. STEM komplekts b\u0113rniem no 8 gadiem.","breadcrumb":{"@id":"https:\/\/toys.lt\/lv\/produktas\/clementoni-mehaniskas-laboratorijas-arktikas-transportlidzekli-kopija\/#breadcrumb"},"inLanguage":"lv-LV","potentialAction":[{"@type":"ReadAction","target":["https:\/\/toys.lt\/lv\/produktas\/clementoni-mehaniskas-laboratorijas-arktikas-transportlidzekli-kopija\/"]}]},{"@type":"ImageObject","inLanguage":"lv-LV","@id":"https:\/\/toys.lt\/lv\/produktas\/clementoni-mehaniskas-laboratorijas-arktikas-transportlidzekli-kopija\/#primaryimage","url":"https:\/\/toys.lt\/wp-content\/uploads\/2025\/12\/75129-clementoni-konstruktorius-lamborghini-1.jpeg","contentUrl":"https:\/\/toys.lt\/wp-content\/uploads\/2025\/12\/75129-clementoni-konstruktorius-lamborghini-1.jpeg","width":1260,"height":1027},{"@type":"BreadcrumbList","@id":"https:\/\/toys.lt\/lv\/produktas\/clementoni-mehaniskas-laboratorijas-arktikas-transportlidzekli-kopija\/#breadcrumb","itemListElement":[{"@type":"ListItem","position":1,"name":"Home","item":"https:\/\/toys.lt\/lv\/"},{"@type":"ListItem","position":2,"name":"Veikals","item":"https:\/\/toys.lt\/lv\/shop\/"},{"@type":"ListItem","position":3,"name":"Clementoni meh\u0101nika Lamborghini Urus SE"}]},{"@type":"WebSite","@id":"https:\/\/toys.lt\/lv\/#website","url":"https:\/\/toys.lt\/lv\/","name":"Toys.lt","description":"","potentialAction":[{"@type":"SearchAction","target":{"@type":"EntryPoint","urlTemplate":"https:\/\/toys.lt\/lv\/?s={search_term_string}"},"query-input":{"@type":"PropertyValueSpecification","valueRequired":true,"valueName":"search_term_string"}}],"inLanguage":"lv-LV"}]}},"_links":{"self":[{"href":"https:\/\/toys.lt\/lv\/wp-json\/wp\/v2\/product\/48178","targetHints":{"allow":["GET"]}}],"collection":[{"href":"https:\/\/toys.lt\/lv\/wp-json\/wp\/v2\/product"}],"about":[{"href":"https:\/\/toys.lt\/lv\/wp-json\/wp\/v2\/types\/product"}],"replies":[{"embeddable":true,"href":"https:\/\/toys.lt\/lv\/wp-json\/wp\/v2\/comments?post=48178"}],"version-history":[{"count":2,"href":"https:\/\/toys.lt\/lv\/wp-json\/wp\/v2\/product\/48178\/revisions"}],"predecessor-version":[{"id":48341,"href":"https:\/\/toys.lt\/lv\/wp-json\/wp\/v2\/product\/48178\/revisions\/48341"}],"wp:featuredmedia":[{"embeddable":true,"href":"https:\/\/toys.lt\/lv\/wp-json\/wp\/v2\/media\/48180"}],"wp:attachment":[{"href":"https:\/\/toys.lt\/lv\/wp-json\/wp\/v2\/media?parent=48178"}],"wp:term":[{"taxonomy":"product_brand","embeddable":true,"href":"https:\/\/toys.lt\/lv\/wp-json\/wp\/v2\/product_brand?post=48178"},{"taxonomy":"product_cat","embeddable":true,"href":"https:\/\/toys.lt\/lv\/wp-json\/wp\/v2\/product_cat?post=48178"},{"taxonomy":"product_tag","embeddable":true,"href":"https:\/\/toys.lt\/lv\/wp-json\/wp\/v2\/product_tag?post=48178"}],"curies":[{"name":"wp","href":"https:\/\/api.w.org\/{rel}","templated":true}]}}