{"id":48160,"date":"2025-12-07T23:03:09","date_gmt":"2025-12-07T23:03:09","guid":{"rendered":"https:\/\/toys.lt\/?post_type=product&#038;p=48160"},"modified":"2026-04-08T00:00:53","modified_gmt":"2026-04-08T00:00:53","slug":"clementoni-cilveka-kermena-izglitojosais-komplekts-kopija-kopija-kopija","status":"publish","type":"product","link":"https:\/\/toys.lt\/lv\/produktas\/clementoni-cilveka-kermena-izglitojosais-komplekts-kopija-kopija-kopija\/","title":{"rendered":"Clementoni zvaig\u017e\u0146u projektors Planet\u0101rija projektors"},"content":{"rendered":"<p data-start=\"355\" data-end=\"596\">\u013baujiet savam b\u0113rnam atkl\u0101t kosmosu m\u0101j\u0101s! \u0160is planet\u0101rija projektors no Clementoni \u013cauj v\u0113rot zvaigzn\u0101jus, plan\u0113tas un visas nakts debesis, projic\u0113jot tos tie\u0161i uz sienas vai griestiem. Tas ir ide\u0101ls komplekts topo\u0161ajiem astronomiem no 8 gadu vecuma.  <\/p>\n<hr data-start=\"598\" data-end=\"601\">\n<h2 data-start=\"603\" data-end=\"619\"><strong data-start=\"608\" data-end=\"619\">\u2b50 Funkcijas<\/strong><\/h2>\n<ul data-start=\"620\" data-end=\"1024\">\n<li data-start=\"620\" data-end=\"698\">\n<p data-start=\"622\" data-end=\"698\">Projekt\u0113 <strong data-start=\"637\" data-end=\"680\">zvaigzn\u0101jus, plan\u0113tas un kosmosa re\u0123ionus<\/strong> l\u012bdz pat 3 m att\u0101lum\u0101<\/p>\n<\/li>\n<li data-start=\"699\" data-end=\"757\">\n<p data-start=\"701\" data-end=\"757\">Ietver <strong data-start=\"711\" data-end=\"725\">3 slaidus<\/strong> ar da\u017e\u0101diem debess skatiem<\/p>\n<\/li>\n<li data-start=\"758\" data-end=\"805\">\n<p data-start=\"760\" data-end=\"805\">Spilgts, augstas iz\u0161\u0137irtsp\u0113jas <strong data-start=\"784\" data-end=\"803\">LED apgaismojums<\/strong><\/p>\n<\/li>\n<li data-start=\"806\" data-end=\"899\">\n<p data-start=\"808\" data-end=\"899\">Piek\u013cuve \u012bpa\u0161ai lietotnei ar <strong data-start=\"849\" data-end=\"897\">3D mode\u013ciem, viktor\u012bn\u0101m un AR funkcij\u0101m<\/strong>.<\/p>\n<\/li>\n<li data-start=\"900\" data-end=\"966\">\n<p data-start=\"902\" data-end=\"966\">Pal\u012bdz b\u0113rnam interakt\u012bv\u0101 un saisto\u0161\u0101 veid\u0101 apg\u016bt astronomiju.<\/p>\n<\/li>\n<li data-start=\"967\" data-end=\"1024\">\n<p data-start=\"969\" data-end=\"1024\">Ide\u0101la kombin\u0101cija zin\u0101tnei, rota\u013c\u0101m un istabas dekoram<\/p>\n<\/li>\n<\/ul>\n<hr data-start=\"1026\" data-end=\"1029\">\n<h2 data-start=\"1031\" data-end=\"1061\">\ud83d\udce6 <strong data-start=\"1037\" data-end=\"1061\">Tehnisk\u0101 inform\u0101cija<\/strong><\/h2>\n<ul data-start=\"1062\" data-end=\"1302\">\n<li data-start=\"1062\" data-end=\"1088\">\n<p data-start=\"1064\" data-end=\"1088\"><strong data-start=\"1064\" data-end=\"1075\">Vecums:<\/strong> no 8 gadiem<\/p>\n<\/li>\n<li data-start=\"1089\" data-end=\"1130\">\n<p data-start=\"1091\" data-end=\"1130\"><strong data-start=\"1091\" data-end=\"1110\">Iepakojuma izm\u0113rs:<\/strong> 21 \u00d7 22 \u00d7 16,5 cm<\/p>\n<\/li>\n<li data-start=\"1131\" data-end=\"1152\">\n<p data-start=\"1133\" data-end=\"1152\"><strong data-start=\"1133\" data-end=\"1144\">Svars:<\/strong> 623 g<\/p>\n<\/li>\n<li data-start=\"1212\" data-end=\"1239\">\n<p data-start=\"1214\" data-end=\"1239\"><strong data-start=\"1214\" data-end=\"1227\">Materi\u0101ls:<\/strong> plastmasa<\/p>\n<\/li>\n<li data-start=\"1240\" data-end=\"1269\">\n<p data-start=\"1242\" data-end=\"1269\"><strong data-start=\"1242\" data-end=\"1259\">Izcelsmes valsts:<\/strong> It\u0101lija<\/p>\n<\/li>\n<\/ul>\n<hr data-start=\"1304\" data-end=\"1307\">\n<h2 data-start=\"1309\" data-end=\"1336\">\u26a0\ufe0f <strong data-start=\"1315\" data-end=\"1336\">Dro\u0161\u012bbas br\u012bdin\u0101jums<\/strong><\/h2>\n<p data-start=\"1337\" data-end=\"1520\">Nav piem\u0113rots b\u0113rniem l\u012bdz 3 gadu vecumam &#8211; mazas deta\u013cas, iesp\u0113jams aizr\u012b\u0161an\u0101s risks. Lietojiet ar pieaugu\u0161o uzraudz\u012bbu. Pirms rota\u013clietas do\u0161anas no\u0146emt iepakojumu un stiprin\u0101jumus.  <\/p>\n","protected":false},"excerpt":{"rendered":"<ul data-start=\"1062\" data-end=\"1302\">\n<li data-start=\"1062\" data-end=\"1088\">\n<p data-start=\"1064\" data-end=\"1088\"><strong data-start=\"1064\" data-end=\"1075\">Vecums:<\/strong> no 8 gadiem<\/p>\n<\/li>\n<li data-start=\"1089\" data-end=\"1130\">\n<p data-start=\"1091\" data-end=\"1130\"><strong data-start=\"1091\" data-end=\"1110\">Iepakojuma izm\u0113rs:<\/strong> 21 \u00d7 22 \u00d7 16,5 cm<\/p>\n<\/li>\n<li data-start=\"1131\" data-end=\"1152\">\n<p data-start=\"1133\" data-end=\"1152\"><strong data-start=\"1133\" data-end=\"1144\">Svars:<\/strong> 623 g<\/p>\n<\/li>\n<li data-start=\"1212\" data-end=\"1239\">\n<p data-start=\"1214\" data-end=\"1239\"><strong data-start=\"1214\" data-end=\"1227\">Materi\u0101ls:<\/strong> plastmasa<\/p>\n<\/li>\n<li data-start=\"1240\" data-end=\"1269\">\n<p data-start=\"1242\" data-end=\"1269\"><strong data-start=\"1242\" data-end=\"1259\">Izcelsmes valsts:<\/strong> It\u0101lija<\/p>\n<\/li>\n<\/ul>\n","protected":false},"featured_media":48162,"comment_status":"open","ping_status":"closed","template":"","meta":[],"product_brand":[384],"product_cat":[1180,1176,1380,1157,1155],"product_tag":[],"class_list":{"0":"post-48160","1":"product","2":"type-product","3":"status-publish","4":"has-post-thumbnail","6":"product_brand-clementoni-2","7":"product_cat-rotallietas-meitenem","8":"product_cat-rotallietas-zeniem","9":"product_cat-zinas","10":"product_cat-izglitojosas-un-interaktivas-rotallietas","11":"product_cat-leti","12":"pa_amziaus-grupe-8-lv","13":"pa_prek-s-tipas-rotallietas-dazadam-spejam","14":"pa_prekes-zenklas-clementoni-lv","16":"first","17":"instock","18":"sale","19":"taxable","20":"shipping-taxable","21":"purchasable","22":"product-type-simple"},"yoast_head":"<!-- This site is optimized with the Yoast SEO plugin v26.3 - https:\/\/yoast.com\/wordpress\/plugins\/seo\/ -->\n<title>Clementoni zvaig\u017e\u0146u projektors Planet\u0101rija projektors - Toys.lt<\/title>\n<meta name=\"description\" content=\"Clementoni zvaig\u017e\u0146u projektors b\u0113rniem no 8 gadu vecuma. Projekt\u0113 zvaigzn\u0101jus un plan\u0113tas, ar slaidiem un lietotni ar AR funkcij\u0101m.\" \/>\n<meta name=\"robots\" content=\"index, follow, max-snippet:-1, max-image-preview:large, max-video-preview:-1\" \/>\n<link rel=\"canonical\" href=\"https:\/\/toys.lt\/lv\/produktas\/clementoni-cilveka-kermena-izglitojosais-komplekts-kopija-kopija-kopija\/\" \/>\n<meta property=\"og:locale\" content=\"lv_LV\" \/>\n<meta property=\"og:type\" content=\"article\" \/>\n<meta property=\"og:title\" content=\"Clementoni zvaig\u017e\u0146u projektors Planet\u0101rija projektors - Toys.lt\" \/>\n<meta property=\"og:description\" content=\"Clementoni zvaig\u017e\u0146u projektors b\u0113rniem no 8 gadu vecuma. Projekt\u0113 zvaigzn\u0101jus un plan\u0113tas, ar slaidiem un lietotni ar AR funkcij\u0101m.\" \/>\n<meta property=\"og:url\" content=\"https:\/\/toys.lt\/lv\/produktas\/clementoni-cilveka-kermena-izglitojosais-komplekts-kopija-kopija-kopija\/\" \/>\n<meta property=\"og:site_name\" content=\"Toys.lt\" \/>\n<meta property=\"article:modified_time\" content=\"2026-04-08T00:00:53+00:00\" \/>\n<meta property=\"og:image\" content=\"https:\/\/toys.lt\/wp-content\/uploads\/2025\/12\/75098-clementoni-projektorius-1.jpg\" \/>\n\t<meta property=\"og:image:width\" content=\"1500\" \/>\n\t<meta property=\"og:image:height\" content=\"1339\" \/>\n\t<meta property=\"og:image:type\" content=\"image\/jpeg\" \/>\n<meta name=\"twitter:card\" content=\"summary_large_image\" \/>\n<meta name=\"twitter:label1\" content=\"Est. reading time\" \/>\n\t<meta name=\"twitter:data1\" content=\"1 minute\" \/>\n<script type=\"application\/ld+json\" class=\"yoast-schema-graph\">{\"@context\":\"https:\/\/schema.org\",\"@graph\":[{\"@type\":\"WebPage\",\"@id\":\"https:\/\/toys.lt\/lv\/produktas\/clementoni-cilveka-kermena-izglitojosais-komplekts-kopija-kopija-kopija\/\",\"url\":\"https:\/\/toys.lt\/lv\/produktas\/clementoni-cilveka-kermena-izglitojosais-komplekts-kopija-kopija-kopija\/\",\"name\":\"Clementoni zvaig\u017e\u0146u projektors Planet\u0101rija projektors - Toys.lt\",\"isPartOf\":{\"@id\":\"https:\/\/toys.lt\/lv\/#website\"},\"primaryImageOfPage\":{\"@id\":\"https:\/\/toys.lt\/lv\/produktas\/clementoni-cilveka-kermena-izglitojosais-komplekts-kopija-kopija-kopija\/#primaryimage\"},\"image\":{\"@id\":\"https:\/\/toys.lt\/lv\/produktas\/clementoni-cilveka-kermena-izglitojosais-komplekts-kopija-kopija-kopija\/#primaryimage\"},\"thumbnailUrl\":\"https:\/\/toys.lt\/wp-content\/uploads\/2025\/12\/75098-clementoni-projektorius-1.jpg\",\"datePublished\":\"2025-12-07T23:03:09+00:00\",\"dateModified\":\"2026-04-08T00:00:53+00:00\",\"description\":\"Clementoni zvaig\u017e\u0146u projektors b\u0113rniem no 8 gadu vecuma. Projekt\u0113 zvaigzn\u0101jus un plan\u0113tas, ar slaidiem un lietotni ar AR funkcij\u0101m.\",\"breadcrumb\":{\"@id\":\"https:\/\/toys.lt\/lv\/produktas\/clementoni-cilveka-kermena-izglitojosais-komplekts-kopija-kopija-kopija\/#breadcrumb\"},\"inLanguage\":\"lv-LV\",\"potentialAction\":[{\"@type\":\"ReadAction\",\"target\":[\"https:\/\/toys.lt\/lv\/produktas\/clementoni-cilveka-kermena-izglitojosais-komplekts-kopija-kopija-kopija\/\"]}]},{\"@type\":\"ImageObject\",\"inLanguage\":\"lv-LV\",\"@id\":\"https:\/\/toys.lt\/lv\/produktas\/clementoni-cilveka-kermena-izglitojosais-komplekts-kopija-kopija-kopija\/#primaryimage\",\"url\":\"https:\/\/toys.lt\/wp-content\/uploads\/2025\/12\/75098-clementoni-projektorius-1.jpg\",\"contentUrl\":\"https:\/\/toys.lt\/wp-content\/uploads\/2025\/12\/75098-clementoni-projektorius-1.jpg\",\"width\":1500,\"height\":1339},{\"@type\":\"BreadcrumbList\",\"@id\":\"https:\/\/toys.lt\/lv\/produktas\/clementoni-cilveka-kermena-izglitojosais-komplekts-kopija-kopija-kopija\/#breadcrumb\",\"itemListElement\":[{\"@type\":\"ListItem\",\"position\":1,\"name\":\"Home\",\"item\":\"https:\/\/toys.lt\/lv\/\"},{\"@type\":\"ListItem\",\"position\":2,\"name\":\"Veikals\",\"item\":\"https:\/\/toys.lt\/lv\/shop\/\"},{\"@type\":\"ListItem\",\"position\":3,\"name\":\"Clementoni zvaig\u017e\u0146u projektors Planet\u0101rija projektors\"}]},{\"@type\":\"WebSite\",\"@id\":\"https:\/\/toys.lt\/lv\/#website\",\"url\":\"https:\/\/toys.lt\/lv\/\",\"name\":\"Toys.lt\",\"description\":\"\",\"potentialAction\":[{\"@type\":\"SearchAction\",\"target\":{\"@type\":\"EntryPoint\",\"urlTemplate\":\"https:\/\/toys.lt\/lv\/?s={search_term_string}\"},\"query-input\":{\"@type\":\"PropertyValueSpecification\",\"valueRequired\":true,\"valueName\":\"search_term_string\"}}],\"inLanguage\":\"lv-LV\"}]}<\/script>\n<!-- \/ Yoast SEO plugin. -->","yoast_head_json":{"title":"Clementoni zvaig\u017e\u0146u projektors Planet\u0101rija projektors - Toys.lt","description":"Clementoni zvaig\u017e\u0146u projektors b\u0113rniem no 8 gadu vecuma. Projekt\u0113 zvaigzn\u0101jus un plan\u0113tas, ar slaidiem un lietotni ar AR funkcij\u0101m.","robots":{"index":"index","follow":"follow","max-snippet":"max-snippet:-1","max-image-preview":"max-image-preview:large","max-video-preview":"max-video-preview:-1"},"canonical":"https:\/\/toys.lt\/lv\/produktas\/clementoni-cilveka-kermena-izglitojosais-komplekts-kopija-kopija-kopija\/","og_locale":"lv_LV","og_type":"article","og_title":"Clementoni zvaig\u017e\u0146u projektors Planet\u0101rija projektors - Toys.lt","og_description":"Clementoni zvaig\u017e\u0146u projektors b\u0113rniem no 8 gadu vecuma. Projekt\u0113 zvaigzn\u0101jus un plan\u0113tas, ar slaidiem un lietotni ar AR funkcij\u0101m.","og_url":"https:\/\/toys.lt\/lv\/produktas\/clementoni-cilveka-kermena-izglitojosais-komplekts-kopija-kopija-kopija\/","og_site_name":"Toys.lt","article_modified_time":"2026-04-08T00:00:53+00:00","og_image":[{"width":1500,"height":1339,"url":"https:\/\/toys.lt\/wp-content\/uploads\/2025\/12\/75098-clementoni-projektorius-1.jpg","type":"image\/jpeg"}],"twitter_card":"summary_large_image","twitter_misc":{"Est. reading time":"1 minute"},"schema":{"@context":"https:\/\/schema.org","@graph":[{"@type":"WebPage","@id":"https:\/\/toys.lt\/lv\/produktas\/clementoni-cilveka-kermena-izglitojosais-komplekts-kopija-kopija-kopija\/","url":"https:\/\/toys.lt\/lv\/produktas\/clementoni-cilveka-kermena-izglitojosais-komplekts-kopija-kopija-kopija\/","name":"Clementoni zvaig\u017e\u0146u projektors Planet\u0101rija projektors - Toys.lt","isPartOf":{"@id":"https:\/\/toys.lt\/lv\/#website"},"primaryImageOfPage":{"@id":"https:\/\/toys.lt\/lv\/produktas\/clementoni-cilveka-kermena-izglitojosais-komplekts-kopija-kopija-kopija\/#primaryimage"},"image":{"@id":"https:\/\/toys.lt\/lv\/produktas\/clementoni-cilveka-kermena-izglitojosais-komplekts-kopija-kopija-kopija\/#primaryimage"},"thumbnailUrl":"https:\/\/toys.lt\/wp-content\/uploads\/2025\/12\/75098-clementoni-projektorius-1.jpg","datePublished":"2025-12-07T23:03:09+00:00","dateModified":"2026-04-08T00:00:53+00:00","description":"Clementoni zvaig\u017e\u0146u projektors b\u0113rniem no 8 gadu vecuma. Projekt\u0113 zvaigzn\u0101jus un plan\u0113tas, ar slaidiem un lietotni ar AR funkcij\u0101m.","breadcrumb":{"@id":"https:\/\/toys.lt\/lv\/produktas\/clementoni-cilveka-kermena-izglitojosais-komplekts-kopija-kopija-kopija\/#breadcrumb"},"inLanguage":"lv-LV","potentialAction":[{"@type":"ReadAction","target":["https:\/\/toys.lt\/lv\/produktas\/clementoni-cilveka-kermena-izglitojosais-komplekts-kopija-kopija-kopija\/"]}]},{"@type":"ImageObject","inLanguage":"lv-LV","@id":"https:\/\/toys.lt\/lv\/produktas\/clementoni-cilveka-kermena-izglitojosais-komplekts-kopija-kopija-kopija\/#primaryimage","url":"https:\/\/toys.lt\/wp-content\/uploads\/2025\/12\/75098-clementoni-projektorius-1.jpg","contentUrl":"https:\/\/toys.lt\/wp-content\/uploads\/2025\/12\/75098-clementoni-projektorius-1.jpg","width":1500,"height":1339},{"@type":"BreadcrumbList","@id":"https:\/\/toys.lt\/lv\/produktas\/clementoni-cilveka-kermena-izglitojosais-komplekts-kopija-kopija-kopija\/#breadcrumb","itemListElement":[{"@type":"ListItem","position":1,"name":"Home","item":"https:\/\/toys.lt\/lv\/"},{"@type":"ListItem","position":2,"name":"Veikals","item":"https:\/\/toys.lt\/lv\/shop\/"},{"@type":"ListItem","position":3,"name":"Clementoni zvaig\u017e\u0146u projektors Planet\u0101rija projektors"}]},{"@type":"WebSite","@id":"https:\/\/toys.lt\/lv\/#website","url":"https:\/\/toys.lt\/lv\/","name":"Toys.lt","description":"","potentialAction":[{"@type":"SearchAction","target":{"@type":"EntryPoint","urlTemplate":"https:\/\/toys.lt\/lv\/?s={search_term_string}"},"query-input":{"@type":"PropertyValueSpecification","valueRequired":true,"valueName":"search_term_string"}}],"inLanguage":"lv-LV"}]}},"_links":{"self":[{"href":"https:\/\/toys.lt\/lv\/wp-json\/wp\/v2\/product\/48160","targetHints":{"allow":["GET"]}}],"collection":[{"href":"https:\/\/toys.lt\/lv\/wp-json\/wp\/v2\/product"}],"about":[{"href":"https:\/\/toys.lt\/lv\/wp-json\/wp\/v2\/types\/product"}],"replies":[{"embeddable":true,"href":"https:\/\/toys.lt\/lv\/wp-json\/wp\/v2\/comments?post=48160"}],"version-history":[{"count":2,"href":"https:\/\/toys.lt\/lv\/wp-json\/wp\/v2\/product\/48160\/revisions"}],"predecessor-version":[{"id":48339,"href":"https:\/\/toys.lt\/lv\/wp-json\/wp\/v2\/product\/48160\/revisions\/48339"}],"wp:featuredmedia":[{"embeddable":true,"href":"https:\/\/toys.lt\/lv\/wp-json\/wp\/v2\/media\/48162"}],"wp:attachment":[{"href":"https:\/\/toys.lt\/lv\/wp-json\/wp\/v2\/media?parent=48160"}],"wp:term":[{"taxonomy":"product_brand","embeddable":true,"href":"https:\/\/toys.lt\/lv\/wp-json\/wp\/v2\/product_brand?post=48160"},{"taxonomy":"product_cat","embeddable":true,"href":"https:\/\/toys.lt\/lv\/wp-json\/wp\/v2\/product_cat?post=48160"},{"taxonomy":"product_tag","embeddable":true,"href":"https:\/\/toys.lt\/lv\/wp-json\/wp\/v2\/product_tag?post=48160"}],"curies":[{"name":"wp","href":"https:\/\/api.w.org\/{rel}","templated":true}]}}