{"id":47998,"date":"2025-12-07T18:57:11","date_gmt":"2025-12-07T18:57:11","guid":{"rendered":"https:\/\/toys.lt\/?post_type=product&#038;p=47998"},"modified":"2026-04-08T00:00:56","modified_gmt":"2026-04-08T00:00:56","slug":"clementoni-bernu-izglitojosa-rotallieta-magic-colours-tree-kopija-kopija-3","status":"publish","type":"product","link":"https:\/\/toys.lt\/lv\/produktas\/clementoni-bernu-izglitojosa-rotallieta-magic-colours-tree-kopija-kopija-3\/","title":{"rendered":"Clementoni Montessori darbagalds &#8220;Baby Workbench&#8221;"},"content":{"rendered":"<p data-start=\"226\" data-end=\"512\">\u0160is darbagalds ir veidots saska\u0146\u0101 ar Montesori principiem un aicina mazuli izp\u0113t\u012bt instrumentus, pagriezt zobratus un veikt darb\u012bbas, kas l\u012bdzin\u0101s \u012bstam darbam. Komplekts att\u012bsta motoriku, lo\u0123isko dom\u0101\u0161anu un koncentr\u0113\u0161an\u0101s sp\u0113jas, savuk\u0101rt koka elementi nodro\u0161ina re\u0101listisku un pat\u012bkamu saj\u016btu pieredzi. <\/p>\n<p data-start=\"514\" data-end=\"659\">Ide\u0101ls pirmais &#8220;galvenais galds&#8221;, lai pal\u012bdz\u0113tu b\u0113rnam patst\u0101v\u012bgi atkl\u0101t c\u0113lo\u0146u un seku sakar\u012bbas un att\u012bst\u012bt rado\u0161umu, sp\u0113l\u0113joties ar rok\u0101m.<\/p>\n<hr data-start=\"661\" data-end=\"664\">\n<h2 data-start=\"666\" data-end=\"680\"><strong data-start=\"669\" data-end=\"680\">Funkcijas<\/strong><\/h2>\n<ul data-start=\"681\" data-end=\"1112\">\n<li data-start=\"681\" data-end=\"739\">\n<p data-start=\"683\" data-end=\"739\">Montessori iedvesmots izgl\u012btojo\u0161s darbagalds mazajiem.<\/p>\n<\/li>\n<li data-start=\"740\" data-end=\"819\">\n<p data-start=\"742\" data-end=\"819\">Komplekt\u0101 ietilpst: koka \u0101murs, skr\u016bvgriezis, skr\u016bves, papl\u0101ksnes un citi piederumi.<\/p>\n<\/li>\n<li data-start=\"820\" data-end=\"897\">\n<p data-start=\"822\" data-end=\"897\">Kad ripz\u0101\u0123a rokturis tiek pagriezts, tiek aktiviz\u0113ta meh\u0101niska zobratu kust\u012bba.<\/p>\n<\/li>\n<li data-start=\"898\" data-end=\"977\">\n<p data-start=\"900\" data-end=\"977\">Pal\u012bdz att\u012bst\u012bt s\u012bko motoriku, roku un acu koordin\u0101ciju un lo\u0123isko dom\u0101\u0161anu.<\/p>\n<\/li>\n<li data-start=\"978\" data-end=\"1051\">\n<p data-start=\"980\" data-end=\"1051\">Veicina izp\u0113ti, probl\u0113mu risin\u0101\u0161anu, konstru\u0113\u0161anu un patst\u0101v\u012bgas darb\u012bbas.<\/p>\n<\/li>\n<li data-start=\"1052\" data-end=\"1112\">\n<p data-start=\"1054\" data-end=\"1112\">Iztur\u012bga, stabila konstrukcija, piem\u0113rota maziem b\u0113rniem.<\/p>\n<\/li>\n<\/ul>\n<hr data-start=\"1114\" data-end=\"1117\">\n<h2 data-start=\"1119\" data-end=\"1146\"><strong data-start=\"1122\" data-end=\"1146\">Tehnisk\u0101 inform\u0101cija<\/strong><\/h2>\n<ul data-start=\"1147\" data-end=\"1306\">\n<li data-start=\"1147\" data-end=\"1172\">\n<p data-start=\"1149\" data-end=\"1172\">Vecums: <strong data-start=\"1157\" data-end=\"1172\">no 12 m\u0113ne\u0161iem<\/strong><\/p>\n<\/li>\n<li data-start=\"1173\" data-end=\"1205\">\n<p data-start=\"1175\" data-end=\"1205\">Izm\u0113ri: <strong data-start=\"1185\" data-end=\"1205\">23 \u00d7 7 \u00d7 27,5 cm<\/strong><\/p>\n<\/li>\n<li data-start=\"1206\" data-end=\"1225\">\n<p data-start=\"1208\" data-end=\"1225\">Svars: <strong data-start=\"1216\" data-end=\"1225\">700 g<\/strong><\/p>\n<\/li>\n<li data-start=\"1226\" data-end=\"1269\">\n<p data-start=\"1228\" data-end=\"1269\">Materi\u0101li: plastmasa + koka elementi<\/p>\n<\/li>\n<li data-start=\"1270\" data-end=\"1306\">\n<p data-start=\"1272\" data-end=\"1306\">Izcelsmes valsts: It\u0101lija \/ Clementoni<\/p>\n<\/li>\n<\/ul>\n<hr data-start=\"1308\" data-end=\"1311\">\n<h2 data-start=\"1313\" data-end=\"1337\"><strong data-start=\"1316\" data-end=\"1337\">Dro\u0161\u012bbas br\u012bdin\u0101jums<\/strong><\/h2>\n<p data-start=\"1338\" data-end=\"1407\">Rota\u013clietai ir s\u012bk\u0101kas deta\u013cas. J\u0101izmanto tikai pieaugu\u0161o uzraudz\u012bb\u0101. <\/p>\n","protected":false},"excerpt":{"rendered":"<ul data-start=\"1147\" data-end=\"1306\">\n<li data-start=\"1147\" data-end=\"1172\">\n<p data-start=\"1149\" data-end=\"1172\">Vecums: <strong data-start=\"1157\" data-end=\"1172\">no 12 m\u0113ne\u0161iem<\/strong><\/p>\n<\/li>\n<li data-start=\"1173\" data-end=\"1205\">\n<p data-start=\"1175\" data-end=\"1205\">Izm\u0113ri: <strong data-start=\"1185\" data-end=\"1205\">23 \u00d7 7 \u00d7 27,5 cm<\/strong><\/p>\n<\/li>\n<li data-start=\"1206\" data-end=\"1225\">\n<p data-start=\"1208\" data-end=\"1225\">Svars: <strong data-start=\"1216\" data-end=\"1225\">700 g<\/strong><\/p>\n<\/li>\n<li data-start=\"1226\" data-end=\"1269\">\n<p data-start=\"1228\" data-end=\"1269\">Materi\u0101li: plastmasa + koka elementi<\/p>\n<\/li>\n<li data-start=\"1270\" data-end=\"1306\">\n<p data-start=\"1272\" data-end=\"1306\">Izcelsmes valsts: It\u0101lija \/ Clementoni<\/p>\n<\/li>\n<\/ul>\n","protected":false},"featured_media":48000,"comment_status":"open","ping_status":"closed","template":"","meta":[],"product_brand":[384],"product_cat":[1183,1157,1155],"product_tag":[],"class_list":{"0":"post-47998","1":"product","2":"type-product","3":"status-publish","4":"has-post-thumbnail","6":"product_brand-clementoni-2","7":"product_cat-rotallietas-maziem-berniem","8":"product_cat-izglitojosas-un-interaktivas-rotallietas","9":"product_cat-leti","10":"pa_amziaus-grupe-1-lv","11":"pa_prek-s-tipas-izglitojosas-rotallietas","12":"pa_prekes-zenklas-clementoni-lv","14":"first","15":"instock","16":"sale","17":"taxable","18":"shipping-taxable","19":"purchasable","20":"product-type-simple"},"yoast_head":"<!-- This site is optimized with the Yoast SEO plugin v26.3 - https:\/\/yoast.com\/wordpress\/plugins\/seo\/ -->\n<title>Clementoni Montessori darbagalds &quot;Baby Workbench&quot; - Toys.lt<\/title>\n<meta name=\"description\" content=\"Clementoni Montessori b\u0113rnu darbagalds ar koka darbar\u012bkiem un r\u012bkiem. Att\u012bsta motoriku, koncentr\u0113\u0161an\u0101s sp\u0113jas un lo\u0123isko dom\u0101\u0161anu. No 12 m\u0113ne\u0161iem.\" \/>\n<meta name=\"robots\" content=\"index, follow, max-snippet:-1, max-image-preview:large, max-video-preview:-1\" \/>\n<link rel=\"canonical\" href=\"https:\/\/toys.lt\/lv\/produktas\/clementoni-bernu-izglitojosa-rotallieta-magic-colours-tree-kopija-kopija-3\/\" \/>\n<meta property=\"og:locale\" content=\"lv_LV\" \/>\n<meta property=\"og:type\" content=\"article\" \/>\n<meta property=\"og:title\" content=\"Clementoni Montessori darbagalds &quot;Baby Workbench&quot; - Toys.lt\" \/>\n<meta property=\"og:description\" content=\"Clementoni Montessori b\u0113rnu darbagalds ar koka darbar\u012bkiem un r\u012bkiem. Att\u012bsta motoriku, koncentr\u0113\u0161an\u0101s sp\u0113jas un lo\u0123isko dom\u0101\u0161anu. No 12 m\u0113ne\u0161iem.\" \/>\n<meta property=\"og:url\" content=\"https:\/\/toys.lt\/lv\/produktas\/clementoni-bernu-izglitojosa-rotallieta-magic-colours-tree-kopija-kopija-3\/\" \/>\n<meta property=\"og:site_name\" content=\"Toys.lt\" \/>\n<meta property=\"article:modified_time\" content=\"2026-04-08T00:00:56+00:00\" \/>\n<meta property=\"og:image\" content=\"https:\/\/toys.lt\/wp-content\/uploads\/2025\/12\/17968-clementoni-montessori-darbo-stalas-1.jpg\" \/>\n\t<meta property=\"og:image:width\" content=\"1064\" \/>\n\t<meta property=\"og:image:height\" content=\"1306\" \/>\n\t<meta property=\"og:image:type\" content=\"image\/jpeg\" \/>\n<meta name=\"twitter:card\" content=\"summary_large_image\" \/>\n<meta name=\"twitter:label1\" content=\"Est. reading time\" \/>\n\t<meta name=\"twitter:data1\" content=\"1 minute\" \/>\n<script type=\"application\/ld+json\" class=\"yoast-schema-graph\">{\"@context\":\"https:\/\/schema.org\",\"@graph\":[{\"@type\":\"WebPage\",\"@id\":\"https:\/\/toys.lt\/lv\/produktas\/clementoni-bernu-izglitojosa-rotallieta-magic-colours-tree-kopija-kopija-3\/\",\"url\":\"https:\/\/toys.lt\/lv\/produktas\/clementoni-bernu-izglitojosa-rotallieta-magic-colours-tree-kopija-kopija-3\/\",\"name\":\"Clementoni Montessori darbagalds \\\"Baby Workbench\\\" - Toys.lt\",\"isPartOf\":{\"@id\":\"https:\/\/toys.lt\/lv\/#website\"},\"primaryImageOfPage\":{\"@id\":\"https:\/\/toys.lt\/lv\/produktas\/clementoni-bernu-izglitojosa-rotallieta-magic-colours-tree-kopija-kopija-3\/#primaryimage\"},\"image\":{\"@id\":\"https:\/\/toys.lt\/lv\/produktas\/clementoni-bernu-izglitojosa-rotallieta-magic-colours-tree-kopija-kopija-3\/#primaryimage\"},\"thumbnailUrl\":\"https:\/\/toys.lt\/wp-content\/uploads\/2025\/12\/17968-clementoni-montessori-darbo-stalas-1.jpg\",\"datePublished\":\"2025-12-07T18:57:11+00:00\",\"dateModified\":\"2026-04-08T00:00:56+00:00\",\"description\":\"Clementoni Montessori b\u0113rnu darbagalds ar koka darbar\u012bkiem un r\u012bkiem. Att\u012bsta motoriku, koncentr\u0113\u0161an\u0101s sp\u0113jas un lo\u0123isko dom\u0101\u0161anu. No 12 m\u0113ne\u0161iem.\",\"breadcrumb\":{\"@id\":\"https:\/\/toys.lt\/lv\/produktas\/clementoni-bernu-izglitojosa-rotallieta-magic-colours-tree-kopija-kopija-3\/#breadcrumb\"},\"inLanguage\":\"lv-LV\",\"potentialAction\":[{\"@type\":\"ReadAction\",\"target\":[\"https:\/\/toys.lt\/lv\/produktas\/clementoni-bernu-izglitojosa-rotallieta-magic-colours-tree-kopija-kopija-3\/\"]}]},{\"@type\":\"ImageObject\",\"inLanguage\":\"lv-LV\",\"@id\":\"https:\/\/toys.lt\/lv\/produktas\/clementoni-bernu-izglitojosa-rotallieta-magic-colours-tree-kopija-kopija-3\/#primaryimage\",\"url\":\"https:\/\/toys.lt\/wp-content\/uploads\/2025\/12\/17968-clementoni-montessori-darbo-stalas-1.jpg\",\"contentUrl\":\"https:\/\/toys.lt\/wp-content\/uploads\/2025\/12\/17968-clementoni-montessori-darbo-stalas-1.jpg\",\"width\":1064,\"height\":1306},{\"@type\":\"BreadcrumbList\",\"@id\":\"https:\/\/toys.lt\/lv\/produktas\/clementoni-bernu-izglitojosa-rotallieta-magic-colours-tree-kopija-kopija-3\/#breadcrumb\",\"itemListElement\":[{\"@type\":\"ListItem\",\"position\":1,\"name\":\"Home\",\"item\":\"https:\/\/toys.lt\/lv\/\"},{\"@type\":\"ListItem\",\"position\":2,\"name\":\"Veikals\",\"item\":\"https:\/\/toys.lt\/lv\/shop\/\"},{\"@type\":\"ListItem\",\"position\":3,\"name\":\"Clementoni Montessori darbagalds &#8222;Baby Workbench&#8221;\"}]},{\"@type\":\"WebSite\",\"@id\":\"https:\/\/toys.lt\/lv\/#website\",\"url\":\"https:\/\/toys.lt\/lv\/\",\"name\":\"Toys.lt\",\"description\":\"\",\"potentialAction\":[{\"@type\":\"SearchAction\",\"target\":{\"@type\":\"EntryPoint\",\"urlTemplate\":\"https:\/\/toys.lt\/lv\/?s={search_term_string}\"},\"query-input\":{\"@type\":\"PropertyValueSpecification\",\"valueRequired\":true,\"valueName\":\"search_term_string\"}}],\"inLanguage\":\"lv-LV\"}]}<\/script>\n<!-- \/ Yoast SEO plugin. -->","yoast_head_json":{"title":"Clementoni Montessori darbagalds \"Baby Workbench\" - Toys.lt","description":"Clementoni Montessori b\u0113rnu darbagalds ar koka darbar\u012bkiem un r\u012bkiem. Att\u012bsta motoriku, koncentr\u0113\u0161an\u0101s sp\u0113jas un lo\u0123isko dom\u0101\u0161anu. No 12 m\u0113ne\u0161iem.","robots":{"index":"index","follow":"follow","max-snippet":"max-snippet:-1","max-image-preview":"max-image-preview:large","max-video-preview":"max-video-preview:-1"},"canonical":"https:\/\/toys.lt\/lv\/produktas\/clementoni-bernu-izglitojosa-rotallieta-magic-colours-tree-kopija-kopija-3\/","og_locale":"lv_LV","og_type":"article","og_title":"Clementoni Montessori darbagalds \"Baby Workbench\" - Toys.lt","og_description":"Clementoni Montessori b\u0113rnu darbagalds ar koka darbar\u012bkiem un r\u012bkiem. Att\u012bsta motoriku, koncentr\u0113\u0161an\u0101s sp\u0113jas un lo\u0123isko dom\u0101\u0161anu. No 12 m\u0113ne\u0161iem.","og_url":"https:\/\/toys.lt\/lv\/produktas\/clementoni-bernu-izglitojosa-rotallieta-magic-colours-tree-kopija-kopija-3\/","og_site_name":"Toys.lt","article_modified_time":"2026-04-08T00:00:56+00:00","og_image":[{"width":1064,"height":1306,"url":"https:\/\/toys.lt\/wp-content\/uploads\/2025\/12\/17968-clementoni-montessori-darbo-stalas-1.jpg","type":"image\/jpeg"}],"twitter_card":"summary_large_image","twitter_misc":{"Est. reading time":"1 minute"},"schema":{"@context":"https:\/\/schema.org","@graph":[{"@type":"WebPage","@id":"https:\/\/toys.lt\/lv\/produktas\/clementoni-bernu-izglitojosa-rotallieta-magic-colours-tree-kopija-kopija-3\/","url":"https:\/\/toys.lt\/lv\/produktas\/clementoni-bernu-izglitojosa-rotallieta-magic-colours-tree-kopija-kopija-3\/","name":"Clementoni Montessori darbagalds \"Baby Workbench\" - Toys.lt","isPartOf":{"@id":"https:\/\/toys.lt\/lv\/#website"},"primaryImageOfPage":{"@id":"https:\/\/toys.lt\/lv\/produktas\/clementoni-bernu-izglitojosa-rotallieta-magic-colours-tree-kopija-kopija-3\/#primaryimage"},"image":{"@id":"https:\/\/toys.lt\/lv\/produktas\/clementoni-bernu-izglitojosa-rotallieta-magic-colours-tree-kopija-kopija-3\/#primaryimage"},"thumbnailUrl":"https:\/\/toys.lt\/wp-content\/uploads\/2025\/12\/17968-clementoni-montessori-darbo-stalas-1.jpg","datePublished":"2025-12-07T18:57:11+00:00","dateModified":"2026-04-08T00:00:56+00:00","description":"Clementoni Montessori b\u0113rnu darbagalds ar koka darbar\u012bkiem un r\u012bkiem. Att\u012bsta motoriku, koncentr\u0113\u0161an\u0101s sp\u0113jas un lo\u0123isko dom\u0101\u0161anu. No 12 m\u0113ne\u0161iem.","breadcrumb":{"@id":"https:\/\/toys.lt\/lv\/produktas\/clementoni-bernu-izglitojosa-rotallieta-magic-colours-tree-kopija-kopija-3\/#breadcrumb"},"inLanguage":"lv-LV","potentialAction":[{"@type":"ReadAction","target":["https:\/\/toys.lt\/lv\/produktas\/clementoni-bernu-izglitojosa-rotallieta-magic-colours-tree-kopija-kopija-3\/"]}]},{"@type":"ImageObject","inLanguage":"lv-LV","@id":"https:\/\/toys.lt\/lv\/produktas\/clementoni-bernu-izglitojosa-rotallieta-magic-colours-tree-kopija-kopija-3\/#primaryimage","url":"https:\/\/toys.lt\/wp-content\/uploads\/2025\/12\/17968-clementoni-montessori-darbo-stalas-1.jpg","contentUrl":"https:\/\/toys.lt\/wp-content\/uploads\/2025\/12\/17968-clementoni-montessori-darbo-stalas-1.jpg","width":1064,"height":1306},{"@type":"BreadcrumbList","@id":"https:\/\/toys.lt\/lv\/produktas\/clementoni-bernu-izglitojosa-rotallieta-magic-colours-tree-kopija-kopija-3\/#breadcrumb","itemListElement":[{"@type":"ListItem","position":1,"name":"Home","item":"https:\/\/toys.lt\/lv\/"},{"@type":"ListItem","position":2,"name":"Veikals","item":"https:\/\/toys.lt\/lv\/shop\/"},{"@type":"ListItem","position":3,"name":"Clementoni Montessori darbagalds &#8222;Baby Workbench&#8221;"}]},{"@type":"WebSite","@id":"https:\/\/toys.lt\/lv\/#website","url":"https:\/\/toys.lt\/lv\/","name":"Toys.lt","description":"","potentialAction":[{"@type":"SearchAction","target":{"@type":"EntryPoint","urlTemplate":"https:\/\/toys.lt\/lv\/?s={search_term_string}"},"query-input":{"@type":"PropertyValueSpecification","valueRequired":true,"valueName":"search_term_string"}}],"inLanguage":"lv-LV"}]}},"_links":{"self":[{"href":"https:\/\/toys.lt\/lv\/wp-json\/wp\/v2\/product\/47998","targetHints":{"allow":["GET"]}}],"collection":[{"href":"https:\/\/toys.lt\/lv\/wp-json\/wp\/v2\/product"}],"about":[{"href":"https:\/\/toys.lt\/lv\/wp-json\/wp\/v2\/types\/product"}],"replies":[{"embeddable":true,"href":"https:\/\/toys.lt\/lv\/wp-json\/wp\/v2\/comments?post=47998"}],"version-history":[{"count":2,"href":"https:\/\/toys.lt\/lv\/wp-json\/wp\/v2\/product\/47998\/revisions"}],"predecessor-version":[{"id":48333,"href":"https:\/\/toys.lt\/lv\/wp-json\/wp\/v2\/product\/47998\/revisions\/48333"}],"wp:featuredmedia":[{"embeddable":true,"href":"https:\/\/toys.lt\/lv\/wp-json\/wp\/v2\/media\/48000"}],"wp:attachment":[{"href":"https:\/\/toys.lt\/lv\/wp-json\/wp\/v2\/media?parent=47998"}],"wp:term":[{"taxonomy":"product_brand","embeddable":true,"href":"https:\/\/toys.lt\/lv\/wp-json\/wp\/v2\/product_brand?post=47998"},{"taxonomy":"product_cat","embeddable":true,"href":"https:\/\/toys.lt\/lv\/wp-json\/wp\/v2\/product_cat?post=47998"},{"taxonomy":"product_tag","embeddable":true,"href":"https:\/\/toys.lt\/lv\/wp-json\/wp\/v2\/product_tag?post=47998"}],"curies":[{"name":"wp","href":"https:\/\/api.w.org\/{rel}","templated":true}]}}