{"id":47984,"date":"2025-12-07T18:45:04","date_gmt":"2025-12-07T18:45:04","guid":{"rendered":"https:\/\/toys.lt\/?post_type=product&#038;p=47984"},"modified":"2026-04-08T00:00:57","modified_gmt":"2026-04-08T00:00:57","slug":"clementoni-kosmosa-rakete-sensora-rotallieta-ar-kluciem-kopija-kopija","status":"publish","type":"product","link":"https:\/\/toys.lt\/lv\/produktas\/clementoni-kosmosa-rakete-sensora-rotallieta-ar-kluciem-kopija-kopija\/","title":{"rendered":"Clementoni Clemmy Sensory Train"},"content":{"rendered":"<p data-start=\"373\" data-end=\"637\">Atkl\u0101jiet m\u012bkstu, dro\u0161u un juteklisko rota\u013cu pasauli ar <strong data-start=\"430\" data-end=\"461\">Clementoni Clemmy vilcieni\u0146u<\/strong>. \u0160is kr\u0101sainais vilciens ar lokomot\u012bvi un tr\u012bs viegli savienojamiem vagoni\u0146iem ir \u012bpa\u0161i izstr\u0101d\u0101ts mazu\u013ciem no 6 m\u0113ne\u0161u vecuma, lai att\u012bst\u012btu taustes j\u016bt\u012bgumu, motoriku un rado\u0161umu.<\/p>\n<p data-start=\"639\" data-end=\"904\">Komplekt\u0101 ir <strong data-start=\"656\" data-end=\"687\">8 m\u012bksti Clemmy kluc\u012b\u0161i<\/strong>, kurus b\u0113rns var novietot uz rati\u0146iem, b\u016bv\u0113t tor\u0146us vai p\u0113t\u012bt da\u017e\u0101das tekst\u016bras. M\u012bksto un elast\u012bgo Clemmy plastmasu ir dro\u0161i ko\u0161\u013c\u0101t, spiest un berz\u0113t starp pirkstiem, padarot sp\u0113li pat\u012bkamu un nomierino\u0161u. <\/p>\n<p data-start=\"906\" data-end=\"1068\">Vilciens rito\u0161i kustas gludi, un vagonus var viegli atvienot un atkal pievienot &#8211; lai j\u016bsu mazulis var\u0113tu veidot savus pirmos si\u017eetus, att\u012bst\u012bt izt\u0113li un bezgal\u012bgi jautri pavad\u012bt laiku.<\/p>\n<p data-start=\"1070\" data-end=\"1131\">Ra\u017eots It\u0101lij\u0101. Viegli mazg\u0101jams (var mazg\u0101t trauku mazg\u0101jam\u0101 ma\u0161\u012bn\u0101).<\/p>\n<hr data-start=\"1133\" data-end=\"1136\">\n<h1 data-start=\"1138\" data-end=\"1153\"><strong data-start=\"1142\" data-end=\"1153\">\u2b50 Funkcijas<\/strong><\/h1>\n<ul data-start=\"1154\" data-end=\"1520\">\n<li data-start=\"1154\" data-end=\"1204\">\n<p data-start=\"1156\" data-end=\"1204\">M\u012bkstais vilciens ar lokomot\u012bvi un 3 vagoniem<\/p>\n<\/li>\n<li data-start=\"1205\" data-end=\"1274\">\n<p data-start=\"1207\" data-end=\"1274\"><strong data-start=\"1207\" data-end=\"1238\">8 m\u012bksti Clemmy kluc\u012b\u0161i<\/strong> sp\u0113l\u0113\u0161anai, b\u016bv\u0113\u0161anai un konstru\u0113\u0161anai<\/p>\n<\/li>\n<li data-start=\"1275\" data-end=\"1318\">\n<p data-start=\"1277\" data-end=\"1318\">Da\u017e\u0101das tekst\u016bras sensorai pieredzei<\/p>\n<\/li>\n<li data-start=\"1319\" data-end=\"1382\">\n<p data-start=\"1321\" data-end=\"1382\">Att\u012bsta s\u012bko motoriku, izt\u0113li un sensor\u0101s prasmes.<\/p>\n<\/li>\n<li data-start=\"1383\" data-end=\"1427\">\n<p data-start=\"1385\" data-end=\"1427\">Viegla vagonu savieno\u0161ana un atvieno\u0161ana<\/p>\n<\/li>\n<li data-start=\"1428\" data-end=\"1463\">\n<p data-start=\"1430\" data-end=\"1463\">Dro\u0161i ko\u0161\u013c\u0101t, spiest, p\u0101rbaud\u012bt<\/p>\n<\/li>\n<li data-start=\"1464\" data-end=\"1520\">\n<p data-start=\"1466\" data-end=\"1520\">Piem\u0113rots sp\u0113l\u0113\u0161anai uz gr\u012bdas, pakl\u0101ja vai jebkur\u0101 cit\u0101 viet\u0101 m\u0101j\u0101.<\/p>\n<\/li>\n<\/ul>\n<hr data-start=\"1522\" data-end=\"1525\">\n<h1 data-start=\"1527\" data-end=\"1556\">\ud83d\udce6 <strong data-start=\"1532\" data-end=\"1556\">Tehnisk\u0101 inform\u0101cija<\/strong><\/h1>\n<ul data-start=\"1557\" data-end=\"1768\">\n<li data-start=\"1557\" data-end=\"1582\">\n<p data-start=\"1559\" data-end=\"1582\"><strong data-start=\"1559\" data-end=\"1570\">Vecums:<\/strong> 6-36 m\u0113ne\u0161i<\/p>\n<\/li>\n<li data-start=\"1583\" data-end=\"1618\">\n<p data-start=\"1585\" data-end=\"1618\"><strong data-start=\"1585\" data-end=\"1598\">Izm\u0113ri:<\/strong> 40 \u00d7 29 \u00d7 14,5 cm<\/p>\n<\/li>\n<li data-start=\"1619\" data-end=\"1641\">\n<p data-start=\"1621\" data-end=\"1641\"><strong data-start=\"1621\" data-end=\"1632\">Svars:<\/strong> 1100 g<\/p>\n<\/li>\n<li data-start=\"1619\" data-end=\"1641\">Vilciena garums ar vagoniem 70 cm<\/li>\n<li data-start=\"1642\" data-end=\"1704\">\n<p data-start=\"1644\" data-end=\"1704\"><strong data-start=\"1644\" data-end=\"1657\">Materi\u0101ls:<\/strong> m\u012bksta, dro\u0161a, mazg\u0101jama Clemmy plastmasa<\/p>\n<\/li>\n<li data-start=\"1739\" data-end=\"1768\">\n<p data-start=\"1741\" data-end=\"1768\"><strong data-start=\"1741\" data-end=\"1758\">Izcelsmes valsts:<\/strong> It\u0101lija<\/p>\n<\/li>\n<\/ul>\n<hr data-start=\"1770\" data-end=\"1773\">\n<h1 data-start=\"1775\" data-end=\"1801\">\u26a0\ufe0f <strong data-start=\"1780\" data-end=\"1801\">Dro\u0161\u012bbas br\u012bdin\u0101jums<\/strong><\/h1>\n<p data-start=\"1802\" data-end=\"1906\">Rota\u013clieta j\u0101lieto pieaugu\u0161o uzraudz\u012bb\u0101. Iepakojums nav rota\u013clieta &#8211; iz\u0146emiet to pirms nodo\u0161anas b\u0113rnam. <\/p>\n","protected":false},"excerpt":{"rendered":"<ul data-start=\"1557\" data-end=\"1768\">\n<li data-start=\"1557\" data-end=\"1582\">\n<p data-start=\"1559\" data-end=\"1582\"><strong data-start=\"1559\" data-end=\"1570\">Vecums:<\/strong> 6-36 m\u0113ne\u0161i<\/p>\n<\/li>\n<li data-start=\"1583\" data-end=\"1618\">\n<p data-start=\"1585\" data-end=\"1618\"><strong data-start=\"1585\" data-end=\"1598\">Izm\u0113ri:<\/strong> 40 \u00d7 29 \u00d7 14,5 cm<\/p>\n<\/li>\n<li data-start=\"1619\" data-end=\"1641\">\n<p data-start=\"1621\" data-end=\"1641\"><strong data-start=\"1621\" data-end=\"1632\">Svars:<\/strong> 1100 g<\/p>\n<\/li>\n<li data-start=\"1619\" data-end=\"1641\">Vilciena garums ar vagoniem 70 cm<\/li>\n<li data-start=\"1642\" data-end=\"1704\">\n<p data-start=\"1644\" data-end=\"1704\"><strong data-start=\"1644\" data-end=\"1657\">Materi\u0101ls:<\/strong> m\u012bksta, dro\u0161a, mazg\u0101jama Clemmy plastmasa<\/p>\n<\/li>\n<li data-start=\"1739\" data-end=\"1768\">\n<p data-start=\"1741\" data-end=\"1768\"><strong data-start=\"1741\" data-end=\"1758\">Izcelsmes valsts:<\/strong> It\u0101lija<\/p>\n<\/li>\n<\/ul>\n","protected":false},"featured_media":47986,"comment_status":"open","ping_status":"closed","template":"","meta":[],"product_brand":[384],"product_cat":[1157,1155,1183],"product_tag":[],"class_list":{"0":"post-47984","1":"product","2":"type-product","3":"status-publish","4":"has-post-thumbnail","6":"product_brand-clementoni-2","7":"product_cat-izglitojosas-un-interaktivas-rotallietas","8":"product_cat-leti","9":"product_cat-rotallietas-maziem-berniem","10":"pa_amziaus-grupe-0-lv","11":"pa_prek-s-tipas-puzles-un-atjautibas-uzdevumi","12":"pa_prekes-zenklas-clementoni-lv","14":"first","15":"instock","16":"sale","17":"taxable","18":"shipping-taxable","19":"purchasable","20":"product-type-simple"},"yoast_head":"<!-- This site is optimized with the Yoast SEO plugin v26.3 - https:\/\/yoast.com\/wordpress\/plugins\/seo\/ -->\n<title>Clementoni Clemmy Sensory Train - Toys.lt<\/title>\n<meta name=\"description\" content=\"Clementoni Sensorais vilciens ar m\u012bkstiem Clemmy vagoni\u0146iem un kluc\u012b\u0161iem. Att\u012bsta taustes, motoriku un rado\u0161umu. Piem\u0113rots 6-36 m\u0113ne\u0161u vecumam.\" \/>\n<meta name=\"robots\" content=\"index, follow, max-snippet:-1, max-image-preview:large, max-video-preview:-1\" \/>\n<link rel=\"canonical\" href=\"https:\/\/toys.lt\/lv\/produktas\/clementoni-kosmosa-rakete-sensora-rotallieta-ar-kluciem-kopija-kopija\/\" \/>\n<meta property=\"og:locale\" content=\"lv_LV\" \/>\n<meta property=\"og:type\" content=\"article\" \/>\n<meta property=\"og:title\" content=\"Clementoni Clemmy Sensory Train - Toys.lt\" \/>\n<meta property=\"og:description\" content=\"Clementoni Sensorais vilciens ar m\u012bkstiem Clemmy vagoni\u0146iem un kluc\u012b\u0161iem. Att\u012bsta taustes, motoriku un rado\u0161umu. Piem\u0113rots 6-36 m\u0113ne\u0161u vecumam.\" \/>\n<meta property=\"og:url\" content=\"https:\/\/toys.lt\/lv\/produktas\/clementoni-kosmosa-rakete-sensora-rotallieta-ar-kluciem-kopija-kopija\/\" \/>\n<meta property=\"og:site_name\" content=\"Toys.lt\" \/>\n<meta property=\"article:modified_time\" content=\"2026-04-08T00:00:57+00:00\" \/>\n<meta property=\"og:image\" content=\"https:\/\/toys.lt\/wp-content\/uploads\/2025\/12\/17961-clementoni-sensorinis-traukinys-1.jpg\" \/>\n\t<meta property=\"og:image:width\" content=\"1500\" \/>\n\t<meta property=\"og:image:height\" content=\"1189\" \/>\n\t<meta property=\"og:image:type\" content=\"image\/jpeg\" \/>\n<meta name=\"twitter:card\" content=\"summary_large_image\" \/>\n<meta name=\"twitter:label1\" content=\"Est. reading time\" \/>\n\t<meta name=\"twitter:data1\" content=\"1 minute\" \/>\n<script type=\"application\/ld+json\" class=\"yoast-schema-graph\">{\"@context\":\"https:\/\/schema.org\",\"@graph\":[{\"@type\":\"WebPage\",\"@id\":\"https:\/\/toys.lt\/lv\/produktas\/clementoni-kosmosa-rakete-sensora-rotallieta-ar-kluciem-kopija-kopija\/\",\"url\":\"https:\/\/toys.lt\/lv\/produktas\/clementoni-kosmosa-rakete-sensora-rotallieta-ar-kluciem-kopija-kopija\/\",\"name\":\"Clementoni Clemmy Sensory Train - Toys.lt\",\"isPartOf\":{\"@id\":\"https:\/\/toys.lt\/lv\/#website\"},\"primaryImageOfPage\":{\"@id\":\"https:\/\/toys.lt\/lv\/produktas\/clementoni-kosmosa-rakete-sensora-rotallieta-ar-kluciem-kopija-kopija\/#primaryimage\"},\"image\":{\"@id\":\"https:\/\/toys.lt\/lv\/produktas\/clementoni-kosmosa-rakete-sensora-rotallieta-ar-kluciem-kopija-kopija\/#primaryimage\"},\"thumbnailUrl\":\"https:\/\/toys.lt\/wp-content\/uploads\/2025\/12\/17961-clementoni-sensorinis-traukinys-1.jpg\",\"datePublished\":\"2025-12-07T18:45:04+00:00\",\"dateModified\":\"2026-04-08T00:00:57+00:00\",\"description\":\"Clementoni Sensorais vilciens ar m\u012bkstiem Clemmy vagoni\u0146iem un kluc\u012b\u0161iem. Att\u012bsta taustes, motoriku un rado\u0161umu. Piem\u0113rots 6-36 m\u0113ne\u0161u vecumam.\",\"breadcrumb\":{\"@id\":\"https:\/\/toys.lt\/lv\/produktas\/clementoni-kosmosa-rakete-sensora-rotallieta-ar-kluciem-kopija-kopija\/#breadcrumb\"},\"inLanguage\":\"lv-LV\",\"potentialAction\":[{\"@type\":\"ReadAction\",\"target\":[\"https:\/\/toys.lt\/lv\/produktas\/clementoni-kosmosa-rakete-sensora-rotallieta-ar-kluciem-kopija-kopija\/\"]}]},{\"@type\":\"ImageObject\",\"inLanguage\":\"lv-LV\",\"@id\":\"https:\/\/toys.lt\/lv\/produktas\/clementoni-kosmosa-rakete-sensora-rotallieta-ar-kluciem-kopija-kopija\/#primaryimage\",\"url\":\"https:\/\/toys.lt\/wp-content\/uploads\/2025\/12\/17961-clementoni-sensorinis-traukinys-1.jpg\",\"contentUrl\":\"https:\/\/toys.lt\/wp-content\/uploads\/2025\/12\/17961-clementoni-sensorinis-traukinys-1.jpg\",\"width\":1500,\"height\":1189},{\"@type\":\"BreadcrumbList\",\"@id\":\"https:\/\/toys.lt\/lv\/produktas\/clementoni-kosmosa-rakete-sensora-rotallieta-ar-kluciem-kopija-kopija\/#breadcrumb\",\"itemListElement\":[{\"@type\":\"ListItem\",\"position\":1,\"name\":\"Home\",\"item\":\"https:\/\/toys.lt\/lv\/\"},{\"@type\":\"ListItem\",\"position\":2,\"name\":\"Veikals\",\"item\":\"https:\/\/toys.lt\/lv\/shop\/\"},{\"@type\":\"ListItem\",\"position\":3,\"name\":\"Clementoni Clemmy Sensory Train\"}]},{\"@type\":\"WebSite\",\"@id\":\"https:\/\/toys.lt\/lv\/#website\",\"url\":\"https:\/\/toys.lt\/lv\/\",\"name\":\"Toys.lt\",\"description\":\"\",\"potentialAction\":[{\"@type\":\"SearchAction\",\"target\":{\"@type\":\"EntryPoint\",\"urlTemplate\":\"https:\/\/toys.lt\/lv\/?s={search_term_string}\"},\"query-input\":{\"@type\":\"PropertyValueSpecification\",\"valueRequired\":true,\"valueName\":\"search_term_string\"}}],\"inLanguage\":\"lv-LV\"}]}<\/script>\n<!-- \/ Yoast SEO plugin. -->","yoast_head_json":{"title":"Clementoni Clemmy Sensory Train - Toys.lt","description":"Clementoni Sensorais vilciens ar m\u012bkstiem Clemmy vagoni\u0146iem un kluc\u012b\u0161iem. Att\u012bsta taustes, motoriku un rado\u0161umu. Piem\u0113rots 6-36 m\u0113ne\u0161u vecumam.","robots":{"index":"index","follow":"follow","max-snippet":"max-snippet:-1","max-image-preview":"max-image-preview:large","max-video-preview":"max-video-preview:-1"},"canonical":"https:\/\/toys.lt\/lv\/produktas\/clementoni-kosmosa-rakete-sensora-rotallieta-ar-kluciem-kopija-kopija\/","og_locale":"lv_LV","og_type":"article","og_title":"Clementoni Clemmy Sensory Train - Toys.lt","og_description":"Clementoni Sensorais vilciens ar m\u012bkstiem Clemmy vagoni\u0146iem un kluc\u012b\u0161iem. Att\u012bsta taustes, motoriku un rado\u0161umu. Piem\u0113rots 6-36 m\u0113ne\u0161u vecumam.","og_url":"https:\/\/toys.lt\/lv\/produktas\/clementoni-kosmosa-rakete-sensora-rotallieta-ar-kluciem-kopija-kopija\/","og_site_name":"Toys.lt","article_modified_time":"2026-04-08T00:00:57+00:00","og_image":[{"width":1500,"height":1189,"url":"https:\/\/toys.lt\/wp-content\/uploads\/2025\/12\/17961-clementoni-sensorinis-traukinys-1.jpg","type":"image\/jpeg"}],"twitter_card":"summary_large_image","twitter_misc":{"Est. reading time":"1 minute"},"schema":{"@context":"https:\/\/schema.org","@graph":[{"@type":"WebPage","@id":"https:\/\/toys.lt\/lv\/produktas\/clementoni-kosmosa-rakete-sensora-rotallieta-ar-kluciem-kopija-kopija\/","url":"https:\/\/toys.lt\/lv\/produktas\/clementoni-kosmosa-rakete-sensora-rotallieta-ar-kluciem-kopija-kopija\/","name":"Clementoni Clemmy Sensory Train - Toys.lt","isPartOf":{"@id":"https:\/\/toys.lt\/lv\/#website"},"primaryImageOfPage":{"@id":"https:\/\/toys.lt\/lv\/produktas\/clementoni-kosmosa-rakete-sensora-rotallieta-ar-kluciem-kopija-kopija\/#primaryimage"},"image":{"@id":"https:\/\/toys.lt\/lv\/produktas\/clementoni-kosmosa-rakete-sensora-rotallieta-ar-kluciem-kopija-kopija\/#primaryimage"},"thumbnailUrl":"https:\/\/toys.lt\/wp-content\/uploads\/2025\/12\/17961-clementoni-sensorinis-traukinys-1.jpg","datePublished":"2025-12-07T18:45:04+00:00","dateModified":"2026-04-08T00:00:57+00:00","description":"Clementoni Sensorais vilciens ar m\u012bkstiem Clemmy vagoni\u0146iem un kluc\u012b\u0161iem. Att\u012bsta taustes, motoriku un rado\u0161umu. Piem\u0113rots 6-36 m\u0113ne\u0161u vecumam.","breadcrumb":{"@id":"https:\/\/toys.lt\/lv\/produktas\/clementoni-kosmosa-rakete-sensora-rotallieta-ar-kluciem-kopija-kopija\/#breadcrumb"},"inLanguage":"lv-LV","potentialAction":[{"@type":"ReadAction","target":["https:\/\/toys.lt\/lv\/produktas\/clementoni-kosmosa-rakete-sensora-rotallieta-ar-kluciem-kopija-kopija\/"]}]},{"@type":"ImageObject","inLanguage":"lv-LV","@id":"https:\/\/toys.lt\/lv\/produktas\/clementoni-kosmosa-rakete-sensora-rotallieta-ar-kluciem-kopija-kopija\/#primaryimage","url":"https:\/\/toys.lt\/wp-content\/uploads\/2025\/12\/17961-clementoni-sensorinis-traukinys-1.jpg","contentUrl":"https:\/\/toys.lt\/wp-content\/uploads\/2025\/12\/17961-clementoni-sensorinis-traukinys-1.jpg","width":1500,"height":1189},{"@type":"BreadcrumbList","@id":"https:\/\/toys.lt\/lv\/produktas\/clementoni-kosmosa-rakete-sensora-rotallieta-ar-kluciem-kopija-kopija\/#breadcrumb","itemListElement":[{"@type":"ListItem","position":1,"name":"Home","item":"https:\/\/toys.lt\/lv\/"},{"@type":"ListItem","position":2,"name":"Veikals","item":"https:\/\/toys.lt\/lv\/shop\/"},{"@type":"ListItem","position":3,"name":"Clementoni Clemmy Sensory Train"}]},{"@type":"WebSite","@id":"https:\/\/toys.lt\/lv\/#website","url":"https:\/\/toys.lt\/lv\/","name":"Toys.lt","description":"","potentialAction":[{"@type":"SearchAction","target":{"@type":"EntryPoint","urlTemplate":"https:\/\/toys.lt\/lv\/?s={search_term_string}"},"query-input":{"@type":"PropertyValueSpecification","valueRequired":true,"valueName":"search_term_string"}}],"inLanguage":"lv-LV"}]}},"_links":{"self":[{"href":"https:\/\/toys.lt\/lv\/wp-json\/wp\/v2\/product\/47984","targetHints":{"allow":["GET"]}}],"collection":[{"href":"https:\/\/toys.lt\/lv\/wp-json\/wp\/v2\/product"}],"about":[{"href":"https:\/\/toys.lt\/lv\/wp-json\/wp\/v2\/types\/product"}],"replies":[{"embeddable":true,"href":"https:\/\/toys.lt\/lv\/wp-json\/wp\/v2\/comments?post=47984"}],"version-history":[{"count":2,"href":"https:\/\/toys.lt\/lv\/wp-json\/wp\/v2\/product\/47984\/revisions"}],"predecessor-version":[{"id":48331,"href":"https:\/\/toys.lt\/lv\/wp-json\/wp\/v2\/product\/47984\/revisions\/48331"}],"wp:featuredmedia":[{"embeddable":true,"href":"https:\/\/toys.lt\/lv\/wp-json\/wp\/v2\/media\/47986"}],"wp:attachment":[{"href":"https:\/\/toys.lt\/lv\/wp-json\/wp\/v2\/media?parent=47984"}],"wp:term":[{"taxonomy":"product_brand","embeddable":true,"href":"https:\/\/toys.lt\/lv\/wp-json\/wp\/v2\/product_brand?post=47984"},{"taxonomy":"product_cat","embeddable":true,"href":"https:\/\/toys.lt\/lv\/wp-json\/wp\/v2\/product_cat?post=47984"},{"taxonomy":"product_tag","embeddable":true,"href":"https:\/\/toys.lt\/lv\/wp-json\/wp\/v2\/product_tag?post=47984"}],"curies":[{"name":"wp","href":"https:\/\/api.w.org\/{rel}","templated":true}]}}