{"id":47974,"date":"2025-12-07T17:34:12","date_gmt":"2025-12-07T17:34:12","guid":{"rendered":"https:\/\/toys.lt\/?post_type=product&#038;p=47974"},"modified":"2026-04-08T00:00:57","modified_gmt":"2026-04-08T00:00:57","slug":"clementoni-dzivnieku-karuselis-kopija","status":"publish","type":"product","link":"https:\/\/toys.lt\/lv\/produktas\/clementoni-dzivnieku-karuselis-kopija\/","title":{"rendered":"Clementoni b\u0113rnu dz\u012bvnieku karuselis Apa\u013c\u0161 un apa\u013c\u0161 dz\u012bvnieks"},"content":{"rendered":"<p data-start=\"279\" data-end=\"568\">Jautrais un interakt\u012bvais <strong data-start=\"300\" data-end=\"319\">Clementoni Baby<\/strong> Round &amp; Round Animals karuselis ir paredz\u0113ts mazu\u013ciem, kuriem pat\u012bk griezties, p\u0113t\u012bt un klaus\u012bties jautras ska\u0146as. Tr\u012bs m\u012bl\u012bgie dz\u012bvnieci\u0146i, kas piestiprin\u0101ti pie karuse\u013ca, ri\u0146\u0137o un ri\u0146\u0137o, un, jo \u0101tr\u0101k j\u016bsu mazulis grie\u017eas, jo \u0101tr\u0101k skan melodija. <\/p>\n<p data-start=\"570\" data-end=\"760\">Spilgtas kr\u0101sas, da\u017e\u0101das tekst\u016bras un ko\u0161\u013c\u0101jam\u0101s virsmas stimul\u0113 ma\u0146u att\u012bst\u012bbu, savuk\u0101rt klik\u0161\u0137in\u0101mie elementi un melodiskas ska\u0146as pal\u012bdz att\u012bst\u012bt c\u0113lo\u0146u un seku uztveri.<\/p>\n<p data-start=\"762\" data-end=\"908\">Pies\u016bcek\u0146a \u0113rt\u0101 pamatnes konstrukcija \u013cauj rota\u013clietu stabili piestiprin\u0101t pie b\u0113rnu kr\u0113sla vai galda &#8211; ide\u0101li piem\u0113rota rota\u013c\u0101m malt\u012btes laik\u0101.<\/p>\n<hr data-start=\"910\" data-end=\"913\">\n<h2 data-start=\"915\" data-end=\"929\"><strong data-start=\"918\" data-end=\"929\">Funkcijas<\/strong><\/h2>\n<ul data-start=\"930\" data-end=\"1313\">\n<li data-start=\"930\" data-end=\"984\">\n<p data-start=\"932\" data-end=\"984\">Kr\u0101sains karuselis ar 3 rot\u0113jo\u0161iem dz\u012bvniekiem<\/p>\n<\/li>\n<li data-start=\"985\" data-end=\"1043\">\n<p data-start=\"987\" data-end=\"1043\">Jo \u0101tr\u0101k grie\u017eas ritenis, jo \u0101tr\u0101k skan m\u016bzika<\/p>\n<\/li>\n<li data-start=\"1044\" data-end=\"1085\">\n<p data-start=\"1046\" data-end=\"1085\">Daudz melodiju un jautri ska\u0146as efekti<\/p>\n<\/li>\n<li data-start=\"1086\" data-end=\"1144\">\n<p data-start=\"1088\" data-end=\"1144\">Da\u017e\u0101das tekst\u016bras un ko\u0161\u013c\u0101jam\u0101s rota\u013clietas sensor\u0101s apm\u0101c\u012bbas nol\u016bkos<\/p>\n<\/li>\n<li data-start=\"1145\" data-end=\"1198\">\n<p data-start=\"1147\" data-end=\"1198\">Att\u012bsta s\u012bko motoriku, koordin\u0101ciju un dzirdi<\/p>\n<\/li>\n<li data-start=\"1199\" data-end=\"1265\">\n<p data-start=\"1201\" data-end=\"1265\">\u0112rts pies\u016bceknis piestiprin\u0101\u0161anai pie galda vai b\u0113rnu kr\u0113sla<\/p>\n<\/li>\n<li data-start=\"1266\" data-end=\"1313\">\n<p data-start=\"1268\" data-end=\"1313\">Izstr\u0101d\u0101ts, projekt\u0113ts un att\u012bst\u012bts It\u0101lij\u0101<\/p>\n<\/li>\n<\/ul>\n<hr data-start=\"1315\" data-end=\"1318\">\n<h2 data-start=\"1320\" data-end=\"1347\"><strong data-start=\"1323\" data-end=\"1347\">Tehnisk\u0101 inform\u0101cija<\/strong><\/h2>\n<ul data-start=\"1348\" data-end=\"1709\">\n<li data-start=\"1348\" data-end=\"1373\">\n<p data-start=\"1350\" data-end=\"1373\"><strong data-start=\"1350\" data-end=\"1361\">Vecums:<\/strong> 6-36 m\u0113ne\u0161i<\/p>\n<\/li>\n<li data-start=\"1374\" data-end=\"1413\">\n<p data-start=\"1376\" data-end=\"1413\"><strong data-start=\"1376\" data-end=\"1395\">Iepakojuma izm\u0113rs:<\/strong> 20 \u00d7 25 \u00d7 12 cm<\/p>\n<\/li>\n<li data-start=\"1414\" data-end=\"1442\">\n<p data-start=\"1416\" data-end=\"1442\"><strong data-start=\"1416\" data-end=\"1434\">Izstr\u0101d\u0101juma svars:<\/strong> 363 g<\/p>\n<\/li>\n<li data-start=\"1443\" data-end=\"1512\">\n<p data-start=\"1445\" data-end=\"1512\"><strong data-start=\"1445\" data-end=\"1459\">Funkcijas:<\/strong> gaismas, ska\u0146as, melodijas, rot\u0101cijas meh\u0101nisms<\/p>\n<\/li>\n<li data-start=\"1513\" data-end=\"1547\">\n<p data-start=\"1515\" data-end=\"1547\"><strong data-start=\"1515\" data-end=\"1529\">Baterijas:<\/strong> 3 \u00d7 AG13 \/ LR44<\/p>\n<\/li>\n<li data-start=\"1548\" data-end=\"1581\"><strong data-start=\"1584\" data-end=\"1598\">Materi\u0101li:<\/strong> dro\u0161a, netoksiska plastmasa ar m\u012bkst\u0101m, piesk\u0101rienam m\u012bkst\u0101m deta\u013c\u0101m.<\/li>\n<li data-start=\"1667\" data-end=\"1709\">\n<p data-start=\"1669\" data-end=\"1709\"><strong data-start=\"1669\" data-end=\"1686\">Izcelsmes valsts:<\/strong> It\u0101lija \/ Clementoni<\/p>\n<\/li>\n<\/ul>\n<hr data-start=\"1711\" data-end=\"1714\">\n<h2 data-start=\"1716\" data-end=\"1740\"><strong data-start=\"1719\" data-end=\"1740\">Dro\u0161\u012bbas br\u012bdin\u0101jums<\/strong><\/h2>\n<ul data-start=\"1741\" data-end=\"1918\">\n<li data-start=\"1741\" data-end=\"1782\">\n<p data-start=\"1743\" data-end=\"1782\">Lietojiet tikai pieaugu\u0161o uzraudz\u012bb\u0101.<\/p>\n<\/li>\n<li data-start=\"1783\" data-end=\"1834\">\n<p data-start=\"1785\" data-end=\"1834\">Pirms lieto\u0161anas no\u0146emiet visu iepakojumu.<\/p>\n<\/li>\n<li data-start=\"1835\" data-end=\"1865\">\n<p data-start=\"1837\" data-end=\"1865\">Neizmantojiet boj\u0101to rota\u013clietu.<\/p>\n<\/li>\n<li data-start=\"1866\" data-end=\"1918\">\n<p data-start=\"1868\" data-end=\"1918\">Uzglab\u0101t t\u0101l\u0101k no \u016bdens un karstuma avotiem.<\/p>\n<\/li>\n<\/ul>\n","protected":false},"excerpt":{"rendered":"<ul data-start=\"1348\" data-end=\"1709\">\n<li data-start=\"1348\" data-end=\"1373\">\n<p data-start=\"1350\" data-end=\"1373\"><strong data-start=\"1350\" data-end=\"1361\">Vecums:<\/strong> 6-36 m\u0113ne\u0161i<\/p>\n<\/li>\n<li data-start=\"1374\" data-end=\"1413\">\n<p data-start=\"1376\" data-end=\"1413\"><strong data-start=\"1376\" data-end=\"1395\">Iepakojuma izm\u0113rs:<\/strong> 20 \u00d7 25 \u00d7 12 cm<\/p>\n<\/li>\n<li data-start=\"1414\" data-end=\"1442\">\n<p data-start=\"1416\" data-end=\"1442\"><strong data-start=\"1416\" data-end=\"1434\">Izstr\u0101d\u0101juma svars:<\/strong> 363 g<\/p>\n<\/li>\n<li data-start=\"1443\" data-end=\"1512\">\n<p data-start=\"1445\" data-end=\"1512\"><strong data-start=\"1445\" data-end=\"1459\">Funkcijas:<\/strong> gaismas, ska\u0146as, melodijas, rot\u0101cijas meh\u0101nisms<\/p>\n<\/li>\n<li data-start=\"1513\" data-end=\"1547\">\n<p data-start=\"1515\" data-end=\"1547\"><strong data-start=\"1515\" data-end=\"1529\">Baterijas:<\/strong> 3 \u00d7 AG13 \/ LR44<\/p>\n<\/li>\n<li data-start=\"1548\" data-end=\"1581\"><strong data-start=\"1584\" data-end=\"1598\">Materi\u0101li:<\/strong> dro\u0161a, netoksiska plastmasa ar m\u012bkst\u0101m, piesk\u0101rienam m\u012bkst\u0101m deta\u013c\u0101m.<\/li>\n<li data-start=\"1667\" data-end=\"1709\">\n<p data-start=\"1669\" data-end=\"1709\"><strong data-start=\"1669\" data-end=\"1686\">Izcelsmes valsts:<\/strong> It\u0101lija \/ Clementoni<\/p>\n<\/li>\n<\/ul>\n","protected":false},"featured_media":47976,"comment_status":"open","ping_status":"closed","template":"","meta":[],"product_brand":[384],"product_cat":[1183,1157],"product_tag":[],"class_list":{"0":"post-47974","1":"product","2":"type-product","3":"status-publish","4":"has-post-thumbnail","6":"product_brand-clementoni-2","7":"product_cat-rotallietas-maziem-berniem","8":"product_cat-izglitojosas-un-interaktivas-rotallietas","9":"pa_amziaus-grupe-0-lv","10":"pa_prek-s-tipas-rotallietas-dazadam-spejam","11":"pa_prekes-zenklas-clementoni-lv","13":"first","14":"outofstock","15":"taxable","16":"shipping-taxable","17":"purchasable","18":"product-type-simple"},"yoast_head":"<!-- This site is optimized with the Yoast SEO plugin v26.3 - https:\/\/yoast.com\/wordpress\/plugins\/seo\/ -->\n<title>Clementoni b\u0113rnu dz\u012bvnieku karuselis Apa\u013c\u0161 un apa\u013c\u0161 dz\u012bvnieks - Toys.lt<\/title>\n<meta name=\"description\" content=\"Clementoni b\u0113rnu dz\u012bvnieku karuselis Apa\u013cie un apa\u013cie dz\u012bvnieki - ar ska\u0146\u0101m, melodij\u0101m un rot\u0113jo\u0161\u0101m rota\u013cliet\u0101m. Piem\u0113rots b\u0113rniem no 6 l\u012bdz 36 m\u0113ne\u0161iem.\" \/>\n<meta name=\"robots\" content=\"index, follow, max-snippet:-1, max-image-preview:large, max-video-preview:-1\" \/>\n<link rel=\"canonical\" href=\"https:\/\/toys.lt\/lv\/produktas\/clementoni-dzivnieku-karuselis-kopija\/\" \/>\n<meta property=\"og:locale\" content=\"lv_LV\" \/>\n<meta property=\"og:type\" content=\"article\" \/>\n<meta property=\"og:title\" content=\"Clementoni b\u0113rnu dz\u012bvnieku karuselis Apa\u013c\u0161 un apa\u013c\u0161 dz\u012bvnieks - Toys.lt\" \/>\n<meta property=\"og:description\" content=\"Clementoni b\u0113rnu dz\u012bvnieku karuselis Apa\u013cie un apa\u013cie dz\u012bvnieki - ar ska\u0146\u0101m, melodij\u0101m un rot\u0113jo\u0161\u0101m rota\u013cliet\u0101m. Piem\u0113rots b\u0113rniem no 6 l\u012bdz 36 m\u0113ne\u0161iem.\" \/>\n<meta property=\"og:url\" content=\"https:\/\/toys.lt\/lv\/produktas\/clementoni-dzivnieku-karuselis-kopija\/\" \/>\n<meta property=\"og:site_name\" content=\"Toys.lt\" \/>\n<meta property=\"article:modified_time\" content=\"2026-04-08T00:00:57+00:00\" \/>\n<meta property=\"og:image\" content=\"https:\/\/toys.lt\/wp-content\/uploads\/2025\/12\/17915-clementoni-gyvunu-karusele-1.jpg\" \/>\n\t<meta property=\"og:image:width\" content=\"538\" \/>\n\t<meta property=\"og:image:height\" content=\"675\" \/>\n\t<meta property=\"og:image:type\" content=\"image\/jpeg\" \/>\n<meta name=\"twitter:card\" content=\"summary_large_image\" \/>\n<meta name=\"twitter:label1\" content=\"Est. reading time\" \/>\n\t<meta name=\"twitter:data1\" content=\"1 minute\" \/>\n<script type=\"application\/ld+json\" class=\"yoast-schema-graph\">{\"@context\":\"https:\/\/schema.org\",\"@graph\":[{\"@type\":\"WebPage\",\"@id\":\"https:\/\/toys.lt\/lv\/produktas\/clementoni-dzivnieku-karuselis-kopija\/\",\"url\":\"https:\/\/toys.lt\/lv\/produktas\/clementoni-dzivnieku-karuselis-kopija\/\",\"name\":\"Clementoni b\u0113rnu dz\u012bvnieku karuselis Apa\u013c\u0161 un apa\u013c\u0161 dz\u012bvnieks - Toys.lt\",\"isPartOf\":{\"@id\":\"https:\/\/toys.lt\/lv\/#website\"},\"primaryImageOfPage\":{\"@id\":\"https:\/\/toys.lt\/lv\/produktas\/clementoni-dzivnieku-karuselis-kopija\/#primaryimage\"},\"image\":{\"@id\":\"https:\/\/toys.lt\/lv\/produktas\/clementoni-dzivnieku-karuselis-kopija\/#primaryimage\"},\"thumbnailUrl\":\"https:\/\/toys.lt\/wp-content\/uploads\/2025\/12\/17915-clementoni-gyvunu-karusele-1.jpg\",\"datePublished\":\"2025-12-07T17:34:12+00:00\",\"dateModified\":\"2026-04-08T00:00:57+00:00\",\"description\":\"Clementoni b\u0113rnu dz\u012bvnieku karuselis Apa\u013cie un apa\u013cie dz\u012bvnieki - ar ska\u0146\u0101m, melodij\u0101m un rot\u0113jo\u0161\u0101m rota\u013cliet\u0101m. Piem\u0113rots b\u0113rniem no 6 l\u012bdz 36 m\u0113ne\u0161iem.\",\"breadcrumb\":{\"@id\":\"https:\/\/toys.lt\/lv\/produktas\/clementoni-dzivnieku-karuselis-kopija\/#breadcrumb\"},\"inLanguage\":\"lv-LV\",\"potentialAction\":[{\"@type\":\"ReadAction\",\"target\":[\"https:\/\/toys.lt\/lv\/produktas\/clementoni-dzivnieku-karuselis-kopija\/\"]}]},{\"@type\":\"ImageObject\",\"inLanguage\":\"lv-LV\",\"@id\":\"https:\/\/toys.lt\/lv\/produktas\/clementoni-dzivnieku-karuselis-kopija\/#primaryimage\",\"url\":\"https:\/\/toys.lt\/wp-content\/uploads\/2025\/12\/17915-clementoni-gyvunu-karusele-1.jpg\",\"contentUrl\":\"https:\/\/toys.lt\/wp-content\/uploads\/2025\/12\/17915-clementoni-gyvunu-karusele-1.jpg\",\"width\":538,\"height\":675},{\"@type\":\"BreadcrumbList\",\"@id\":\"https:\/\/toys.lt\/lv\/produktas\/clementoni-dzivnieku-karuselis-kopija\/#breadcrumb\",\"itemListElement\":[{\"@type\":\"ListItem\",\"position\":1,\"name\":\"Home\",\"item\":\"https:\/\/toys.lt\/lv\/\"},{\"@type\":\"ListItem\",\"position\":2,\"name\":\"Veikals\",\"item\":\"https:\/\/toys.lt\/lv\/shop\/\"},{\"@type\":\"ListItem\",\"position\":3,\"name\":\"Clementoni b\u0113rnu dz\u012bvnieku karuselis Apa\u013c\u0161 un apa\u013c\u0161 dz\u012bvnieks\"}]},{\"@type\":\"WebSite\",\"@id\":\"https:\/\/toys.lt\/lv\/#website\",\"url\":\"https:\/\/toys.lt\/lv\/\",\"name\":\"Toys.lt\",\"description\":\"\",\"potentialAction\":[{\"@type\":\"SearchAction\",\"target\":{\"@type\":\"EntryPoint\",\"urlTemplate\":\"https:\/\/toys.lt\/lv\/?s={search_term_string}\"},\"query-input\":{\"@type\":\"PropertyValueSpecification\",\"valueRequired\":true,\"valueName\":\"search_term_string\"}}],\"inLanguage\":\"lv-LV\"}]}<\/script>\n<!-- \/ Yoast SEO plugin. -->","yoast_head_json":{"title":"Clementoni b\u0113rnu dz\u012bvnieku karuselis Apa\u013c\u0161 un apa\u013c\u0161 dz\u012bvnieks - Toys.lt","description":"Clementoni b\u0113rnu dz\u012bvnieku karuselis Apa\u013cie un apa\u013cie dz\u012bvnieki - ar ska\u0146\u0101m, melodij\u0101m un rot\u0113jo\u0161\u0101m rota\u013cliet\u0101m. Piem\u0113rots b\u0113rniem no 6 l\u012bdz 36 m\u0113ne\u0161iem.","robots":{"index":"index","follow":"follow","max-snippet":"max-snippet:-1","max-image-preview":"max-image-preview:large","max-video-preview":"max-video-preview:-1"},"canonical":"https:\/\/toys.lt\/lv\/produktas\/clementoni-dzivnieku-karuselis-kopija\/","og_locale":"lv_LV","og_type":"article","og_title":"Clementoni b\u0113rnu dz\u012bvnieku karuselis Apa\u013c\u0161 un apa\u013c\u0161 dz\u012bvnieks - Toys.lt","og_description":"Clementoni b\u0113rnu dz\u012bvnieku karuselis Apa\u013cie un apa\u013cie dz\u012bvnieki - ar ska\u0146\u0101m, melodij\u0101m un rot\u0113jo\u0161\u0101m rota\u013cliet\u0101m. Piem\u0113rots b\u0113rniem no 6 l\u012bdz 36 m\u0113ne\u0161iem.","og_url":"https:\/\/toys.lt\/lv\/produktas\/clementoni-dzivnieku-karuselis-kopija\/","og_site_name":"Toys.lt","article_modified_time":"2026-04-08T00:00:57+00:00","og_image":[{"width":538,"height":675,"url":"https:\/\/toys.lt\/wp-content\/uploads\/2025\/12\/17915-clementoni-gyvunu-karusele-1.jpg","type":"image\/jpeg"}],"twitter_card":"summary_large_image","twitter_misc":{"Est. reading time":"1 minute"},"schema":{"@context":"https:\/\/schema.org","@graph":[{"@type":"WebPage","@id":"https:\/\/toys.lt\/lv\/produktas\/clementoni-dzivnieku-karuselis-kopija\/","url":"https:\/\/toys.lt\/lv\/produktas\/clementoni-dzivnieku-karuselis-kopija\/","name":"Clementoni b\u0113rnu dz\u012bvnieku karuselis Apa\u013c\u0161 un apa\u013c\u0161 dz\u012bvnieks - Toys.lt","isPartOf":{"@id":"https:\/\/toys.lt\/lv\/#website"},"primaryImageOfPage":{"@id":"https:\/\/toys.lt\/lv\/produktas\/clementoni-dzivnieku-karuselis-kopija\/#primaryimage"},"image":{"@id":"https:\/\/toys.lt\/lv\/produktas\/clementoni-dzivnieku-karuselis-kopija\/#primaryimage"},"thumbnailUrl":"https:\/\/toys.lt\/wp-content\/uploads\/2025\/12\/17915-clementoni-gyvunu-karusele-1.jpg","datePublished":"2025-12-07T17:34:12+00:00","dateModified":"2026-04-08T00:00:57+00:00","description":"Clementoni b\u0113rnu dz\u012bvnieku karuselis Apa\u013cie un apa\u013cie dz\u012bvnieki - ar ska\u0146\u0101m, melodij\u0101m un rot\u0113jo\u0161\u0101m rota\u013cliet\u0101m. Piem\u0113rots b\u0113rniem no 6 l\u012bdz 36 m\u0113ne\u0161iem.","breadcrumb":{"@id":"https:\/\/toys.lt\/lv\/produktas\/clementoni-dzivnieku-karuselis-kopija\/#breadcrumb"},"inLanguage":"lv-LV","potentialAction":[{"@type":"ReadAction","target":["https:\/\/toys.lt\/lv\/produktas\/clementoni-dzivnieku-karuselis-kopija\/"]}]},{"@type":"ImageObject","inLanguage":"lv-LV","@id":"https:\/\/toys.lt\/lv\/produktas\/clementoni-dzivnieku-karuselis-kopija\/#primaryimage","url":"https:\/\/toys.lt\/wp-content\/uploads\/2025\/12\/17915-clementoni-gyvunu-karusele-1.jpg","contentUrl":"https:\/\/toys.lt\/wp-content\/uploads\/2025\/12\/17915-clementoni-gyvunu-karusele-1.jpg","width":538,"height":675},{"@type":"BreadcrumbList","@id":"https:\/\/toys.lt\/lv\/produktas\/clementoni-dzivnieku-karuselis-kopija\/#breadcrumb","itemListElement":[{"@type":"ListItem","position":1,"name":"Home","item":"https:\/\/toys.lt\/lv\/"},{"@type":"ListItem","position":2,"name":"Veikals","item":"https:\/\/toys.lt\/lv\/shop\/"},{"@type":"ListItem","position":3,"name":"Clementoni b\u0113rnu dz\u012bvnieku karuselis Apa\u013c\u0161 un apa\u013c\u0161 dz\u012bvnieks"}]},{"@type":"WebSite","@id":"https:\/\/toys.lt\/lv\/#website","url":"https:\/\/toys.lt\/lv\/","name":"Toys.lt","description":"","potentialAction":[{"@type":"SearchAction","target":{"@type":"EntryPoint","urlTemplate":"https:\/\/toys.lt\/lv\/?s={search_term_string}"},"query-input":{"@type":"PropertyValueSpecification","valueRequired":true,"valueName":"search_term_string"}}],"inLanguage":"lv-LV"}]}},"_links":{"self":[{"href":"https:\/\/toys.lt\/lv\/wp-json\/wp\/v2\/product\/47974","targetHints":{"allow":["GET"]}}],"collection":[{"href":"https:\/\/toys.lt\/lv\/wp-json\/wp\/v2\/product"}],"about":[{"href":"https:\/\/toys.lt\/lv\/wp-json\/wp\/v2\/types\/product"}],"replies":[{"embeddable":true,"href":"https:\/\/toys.lt\/lv\/wp-json\/wp\/v2\/comments?post=47974"}],"version-history":[{"count":2,"href":"https:\/\/toys.lt\/lv\/wp-json\/wp\/v2\/product\/47974\/revisions"}],"predecessor-version":[{"id":48329,"href":"https:\/\/toys.lt\/lv\/wp-json\/wp\/v2\/product\/47974\/revisions\/48329"}],"wp:featuredmedia":[{"embeddable":true,"href":"https:\/\/toys.lt\/lv\/wp-json\/wp\/v2\/media\/47976"}],"wp:attachment":[{"href":"https:\/\/toys.lt\/lv\/wp-json\/wp\/v2\/media?parent=47974"}],"wp:term":[{"taxonomy":"product_brand","embeddable":true,"href":"https:\/\/toys.lt\/lv\/wp-json\/wp\/v2\/product_brand?post=47974"},{"taxonomy":"product_cat","embeddable":true,"href":"https:\/\/toys.lt\/lv\/wp-json\/wp\/v2\/product_cat?post=47974"},{"taxonomy":"product_tag","embeddable":true,"href":"https:\/\/toys.lt\/lv\/wp-json\/wp\/v2\/product_tag?post=47974"}],"curies":[{"name":"wp","href":"https:\/\/api.w.org\/{rel}","templated":true}]}}