{"id":47956,"date":"2025-12-07T17:18:27","date_gmt":"2025-12-07T17:18:27","guid":{"rendered":"https:\/\/toys.lt\/?post_type=product&#038;p=47956"},"modified":"2026-04-08T00:00:57","modified_gmt":"2026-04-08T00:00:57","slug":"clementoni-kosmosa-rakete-sensora-rotallieta-ar-kluciem-kopija-4","status":"publish","type":"product","link":"https:\/\/toys.lt\/lv\/produktas\/clementoni-kosmosa-rakete-sensora-rotallieta-ar-kluciem-kopija-4\/","title":{"rendered":"Clementoni Sensor\u0101s aktivit\u0101tes kubs"},"content":{"rendered":"<p data-start=\"305\" data-end=\"608\">M\u012bksts, dro\u0161s un atkl\u0101jumu pilns <strong data-start=\"343\" data-end=\"368\">sensorais aktivit\u0101\u0161u kubs<\/strong> ir \u012bpa\u0161i izstr\u0101d\u0101ts z\u012bdai\u0146iem no 6 m\u0113ne\u0161u vecuma. Katr\u0101 kubi\u0146a pus\u0113 ir da\u017e\u0101das tekst\u016bras un saisto\u0161i sensorie elementi, kas veicina agr\u012bnu izp\u0113ti un pal\u012bdz att\u012bst\u012bt s\u012bko motoriku, koordin\u0101ciju un ma\u0146as. <\/p>\n<p data-start=\"610\" data-end=\"921\">Kubi\u0146a iek\u0161pus\u0113 mazuli gaida 4 m\u012bkstie <strong data-start=\"648\" data-end=\"658\">Clemmy<\/strong> kluc\u012b\u0161i: tos var ievietot kubi\u0146a aug\u0161pus\u0113, iz\u0146emt caur durti\u0146\u0101m, saspiest, tur\u0113t, \u0161\u0137irot vai izmantot pirmo tor\u0146u b\u016bv\u0113\u0161anai. Lokani, saspie\u017eami un kust\u012bgi elementi nodro\u0161ina papildu sensor\u0101s pieredzes, savuk\u0101rt da\u017e\u0101das tekst\u016bras att\u012bsta taustes izj\u016btu un zin\u0101tk\u0101ri. <\/p>\n<p data-start=\"923\" data-end=\"1063\">\u0160is izgl\u012btojo\u0161ais kubs ir paredz\u0113ts neierobe\u017eot\u0101m rota\u013c\u0101m, dro\u0161\u012bbai un atkl\u0101jumiem, un tas ir lieliska pirm\u0101 sensor\u0101 rota\u013clieta j\u016bsu mazulim.<\/p>\n<hr data-start=\"1065\" data-end=\"1068\">\n<h2 data-start=\"1070\" data-end=\"1084\"><strong data-start=\"1073\" data-end=\"1084\">Funkcijas<\/strong><\/h2>\n<ul data-start=\"1085\" data-end=\"1607\">\n<li data-start=\"1085\" data-end=\"1169\">\n<p data-start=\"1087\" data-end=\"1169\">Sensorais kubs ar da\u017e\u0101d\u0101m tekst\u016br\u0101m un aktivit\u0101\u0161u elementiem no vis\u0101m pus\u0113m<\/p>\n<\/li>\n<li data-start=\"1170\" data-end=\"1235\">\n<p data-start=\"1172\" data-end=\"1235\">Stimul\u0113 ma\u0146u att\u012bst\u012bbu, smalko motoriku un koordin\u0101ciju.<\/p>\n<\/li>\n<li data-start=\"1236\" data-end=\"1291\">\n<p data-start=\"1238\" data-end=\"1291\">Komplekt\u0101 ietilpst: 4 m\u012bksti, dro\u0161i <strong data-start=\"1269\" data-end=\"1279\">Clemmy<\/strong> kluc\u012b\u0161i.<\/p>\n<\/li>\n<li data-start=\"1292\" data-end=\"1354\">\n<p data-start=\"1294\" data-end=\"1354\">Durvju atv\u0113r\u0161ana, elast\u012bga sloksne, spiediena virsmas<\/p>\n<\/li>\n<li data-start=\"1355\" data-end=\"1432\">\n<p data-start=\"1357\" data-end=\"1432\">Kubs \u013cauj ievietot, iz\u0146emt, saspiest, izp\u0113t\u012bt un konstru\u0113t.<\/p>\n<\/li>\n<li data-start=\"1433\" data-end=\"1506\">\n<p data-start=\"1435\" data-end=\"1506\">Spilgtas kr\u0101sas un da\u017e\u0101das sensor\u0101s virsmas att\u012bsta b\u0113rnu zin\u0101tk\u0101ri.<\/p>\n<\/li>\n<li data-start=\"1507\" data-end=\"1559\">\n<p data-start=\"1509\" data-end=\"1559\">M\u012bksti, dro\u0161i un viegli mazg\u0101jami materi\u0101li<\/p>\n<\/li>\n<li data-start=\"1560\" data-end=\"1607\">\n<p data-start=\"1562\" data-end=\"1607\">Izstr\u0101d\u0101ts, projekt\u0113ts un att\u012bst\u012bts It\u0101lij\u0101<\/p>\n<\/li>\n<\/ul>\n<hr data-start=\"1609\" data-end=\"1612\">\n<h2 data-start=\"1614\" data-end=\"1641\"><strong data-start=\"1617\" data-end=\"1641\">Tehnisk\u0101 inform\u0101cija<\/strong><\/h2>\n<ul data-start=\"1642\" data-end=\"1948\">\n<li data-start=\"1642\" data-end=\"1667\">\n<p data-start=\"1644\" data-end=\"1667\"><strong data-start=\"1644\" data-end=\"1655\">Vecums:<\/strong> 6-36 m\u0113ne\u0161i<\/p>\n<\/li>\n<li data-start=\"1668\" data-end=\"1707\">\n<p data-start=\"1670\" data-end=\"1707\"><strong data-start=\"1670\" data-end=\"1689\">Iepakojuma izm\u0113rs:<\/strong> 15 \u00d7 19 \u00d7 15 cm<\/p>\n<\/li>\n<li data-start=\"1708\" data-end=\"1736\">\n<p data-start=\"1710\" data-end=\"1736\"><strong data-start=\"1710\" data-end=\"1728\">Izstr\u0101d\u0101juma svars:<\/strong> 360 g<\/p>\n<\/li>\n<li data-start=\"1737\" data-end=\"1802\">\n<p data-start=\"1739\" data-end=\"1802\"><strong data-start=\"1739\" data-end=\"1753\">Komplekt\u0101 ietilpst:<\/strong> sk\u0101rienjut\u012bgais kubs + 4 m\u012bksti Clemmy kluc\u012b\u0161i<\/p>\n<\/li>\n<li data-start=\"1803\" data-end=\"1872\">\n<p data-start=\"1805\" data-end=\"1872\"><strong data-start=\"1805\" data-end=\"1819\">Materi\u0101li:<\/strong> m\u012bksta, netoksiska, viegli mazg\u0101jama plastmasa<\/p>\n<\/li>\n<li data-start=\"1906\" data-end=\"1948\">\n<p data-start=\"1908\" data-end=\"1948\"><strong data-start=\"1908\" data-end=\"1925\">Izcelsmes valsts:<\/strong> It\u0101lija \/ Clementoni<\/p>\n<\/li>\n<\/ul>\n<hr data-start=\"1950\" data-end=\"1953\">\n<h2 data-start=\"1955\" data-end=\"1979\"><strong data-start=\"1958\" data-end=\"1979\">Dro\u0161\u012bbas br\u012bdin\u0101jums<\/strong><\/h2>\n<ul data-start=\"1980\" data-end=\"2176\">\n<li data-start=\"1980\" data-end=\"2021\">\n<p data-start=\"1982\" data-end=\"2021\">Lietojiet tikai pieaugu\u0161o uzraudz\u012bb\u0101.<\/p>\n<\/li>\n<li data-start=\"2022\" data-end=\"2103\">\n<p data-start=\"2024\" data-end=\"2103\">Pirms do\u0161anas b\u0113rnam no\u0146emiet visas iepakojuma da\u013cas un stiprin\u0101jumus.<\/p>\n<\/li>\n<li data-start=\"2104\" data-end=\"2134\">\n<p data-start=\"2106\" data-end=\"2134\">Neizmantojiet boj\u0101to rota\u013clietu.<\/p>\n<\/li>\n<li data-start=\"2135\" data-end=\"2176\">\n<p data-start=\"2137\" data-end=\"2176\">Uzglab\u0101t t\u0101l\u0101k no karstuma avotiem.<\/p>\n<\/li>\n<\/ul>\n","protected":false},"excerpt":{"rendered":"<ul data-start=\"1642\" data-end=\"1948\">\n<li data-start=\"1642\" data-end=\"1667\">\n<p data-start=\"1644\" data-end=\"1667\"><strong data-start=\"1644\" data-end=\"1655\">Vecums:<\/strong> 6-36 m\u0113ne\u0161i<\/p>\n<\/li>\n<li data-start=\"1668\" data-end=\"1707\">\n<p data-start=\"1670\" data-end=\"1707\"><strong data-start=\"1670\" data-end=\"1689\">Iepakojuma izm\u0113rs:<\/strong> 15 \u00d7 19 \u00d7 15 cm<\/p>\n<\/li>\n<li data-start=\"1708\" data-end=\"1736\">\n<p data-start=\"1710\" data-end=\"1736\"><strong data-start=\"1710\" data-end=\"1728\">Izstr\u0101d\u0101juma svars:<\/strong> 360 g<\/p>\n<\/li>\n<li data-start=\"1737\" data-end=\"1802\">\n<p data-start=\"1739\" data-end=\"1802\"><strong data-start=\"1739\" data-end=\"1753\">Komplekt\u0101 ietilpst:<\/strong> sk\u0101rienjut\u012bgais kubs + 4 m\u012bksti Clemmy kluc\u012b\u0161i<\/p>\n<\/li>\n<li data-start=\"1803\" data-end=\"1872\">\n<p data-start=\"1805\" data-end=\"1872\"><strong data-start=\"1805\" data-end=\"1819\">Materi\u0101li:<\/strong> m\u012bksta, netoksiska, viegli mazg\u0101jama plastmasa<\/p>\n<\/li>\n<li data-start=\"1906\" data-end=\"1948\">\n<p data-start=\"1908\" data-end=\"1948\"><strong data-start=\"1908\" data-end=\"1925\">Izcelsmes valsts:<\/strong> It\u0101lija \/ Clementoni<\/p>\n<\/li>\n<\/ul>\n","protected":false},"featured_media":47958,"comment_status":"open","ping_status":"closed","template":"","meta":[],"product_brand":[384],"product_cat":[1183,1157,1155],"product_tag":[],"class_list":{"0":"post-47956","1":"product","2":"type-product","3":"status-publish","4":"has-post-thumbnail","6":"product_brand-clementoni-2","7":"product_cat-rotallietas-maziem-berniem","8":"product_cat-izglitojosas-un-interaktivas-rotallietas","9":"product_cat-leti","10":"pa_amziaus-grupe-0-lv","11":"pa_prek-s-tipas-izglitojosas-rotallietas","12":"pa_prek-s-tipas-puzles-un-atjautibas-uzdevumi","13":"pa_prekes-zenklas-clementoni-lv","15":"first","16":"instock","17":"sale","18":"taxable","19":"shipping-taxable","20":"purchasable","21":"product-type-simple"},"yoast_head":"<!-- This site is optimized with the Yoast SEO plugin v26.3 - https:\/\/yoast.com\/wordpress\/plugins\/seo\/ -->\n<title>Clementoni Sensor\u0101s aktivit\u0101tes kubs - Toys.lt<\/title>\n<meta name=\"description\" content=\"Clementoni Sensoro aktivit\u0101\u0161u kubs ar 4 m\u012bkstiem Clemmy kluc\u012b\u0161iem. Att\u012bsta ma\u0146as, motoriku un zin\u0101tk\u0101ri. Piem\u0113rots b\u0113rniem no 6 m\u0113ne\u0161u vecuma.\" \/>\n<meta name=\"robots\" content=\"index, follow, max-snippet:-1, max-image-preview:large, max-video-preview:-1\" \/>\n<link rel=\"canonical\" href=\"https:\/\/toys.lt\/lv\/produktas\/clementoni-kosmosa-rakete-sensora-rotallieta-ar-kluciem-kopija-4\/\" \/>\n<meta property=\"og:locale\" content=\"lv_LV\" \/>\n<meta property=\"og:type\" content=\"article\" \/>\n<meta property=\"og:title\" content=\"Clementoni Sensor\u0101s aktivit\u0101tes kubs - Toys.lt\" \/>\n<meta property=\"og:description\" content=\"Clementoni Sensoro aktivit\u0101\u0161u kubs ar 4 m\u012bkstiem Clemmy kluc\u012b\u0161iem. Att\u012bsta ma\u0146as, motoriku un zin\u0101tk\u0101ri. Piem\u0113rots b\u0113rniem no 6 m\u0113ne\u0161u vecuma.\" \/>\n<meta property=\"og:url\" content=\"https:\/\/toys.lt\/lv\/produktas\/clementoni-kosmosa-rakete-sensora-rotallieta-ar-kluciem-kopija-4\/\" \/>\n<meta property=\"og:site_name\" content=\"Toys.lt\" \/>\n<meta property=\"article:modified_time\" content=\"2026-04-08T00:00:57+00:00\" \/>\n<meta property=\"og:image\" content=\"https:\/\/toys.lt\/wp-content\/uploads\/2025\/12\/17902-clementoni-sensory-cube-1.jpg\" \/>\n\t<meta property=\"og:image:width\" content=\"1500\" \/>\n\t<meta property=\"og:image:height\" content=\"1001\" \/>\n\t<meta property=\"og:image:type\" content=\"image\/jpeg\" \/>\n<meta name=\"twitter:card\" content=\"summary_large_image\" \/>\n<meta name=\"twitter:label1\" content=\"Est. reading time\" \/>\n\t<meta name=\"twitter:data1\" content=\"2 minutes\" \/>\n<script type=\"application\/ld+json\" class=\"yoast-schema-graph\">{\"@context\":\"https:\/\/schema.org\",\"@graph\":[{\"@type\":\"WebPage\",\"@id\":\"https:\/\/toys.lt\/lv\/produktas\/clementoni-kosmosa-rakete-sensora-rotallieta-ar-kluciem-kopija-4\/\",\"url\":\"https:\/\/toys.lt\/lv\/produktas\/clementoni-kosmosa-rakete-sensora-rotallieta-ar-kluciem-kopija-4\/\",\"name\":\"Clementoni Sensor\u0101s aktivit\u0101tes kubs - Toys.lt\",\"isPartOf\":{\"@id\":\"https:\/\/toys.lt\/lv\/#website\"},\"primaryImageOfPage\":{\"@id\":\"https:\/\/toys.lt\/lv\/produktas\/clementoni-kosmosa-rakete-sensora-rotallieta-ar-kluciem-kopija-4\/#primaryimage\"},\"image\":{\"@id\":\"https:\/\/toys.lt\/lv\/produktas\/clementoni-kosmosa-rakete-sensora-rotallieta-ar-kluciem-kopija-4\/#primaryimage\"},\"thumbnailUrl\":\"https:\/\/toys.lt\/wp-content\/uploads\/2025\/12\/17902-clementoni-sensory-cube-1.jpg\",\"datePublished\":\"2025-12-07T17:18:27+00:00\",\"dateModified\":\"2026-04-08T00:00:57+00:00\",\"description\":\"Clementoni Sensoro aktivit\u0101\u0161u kubs ar 4 m\u012bkstiem Clemmy kluc\u012b\u0161iem. Att\u012bsta ma\u0146as, motoriku un zin\u0101tk\u0101ri. Piem\u0113rots b\u0113rniem no 6 m\u0113ne\u0161u vecuma.\",\"breadcrumb\":{\"@id\":\"https:\/\/toys.lt\/lv\/produktas\/clementoni-kosmosa-rakete-sensora-rotallieta-ar-kluciem-kopija-4\/#breadcrumb\"},\"inLanguage\":\"lv-LV\",\"potentialAction\":[{\"@type\":\"ReadAction\",\"target\":[\"https:\/\/toys.lt\/lv\/produktas\/clementoni-kosmosa-rakete-sensora-rotallieta-ar-kluciem-kopija-4\/\"]}]},{\"@type\":\"ImageObject\",\"inLanguage\":\"lv-LV\",\"@id\":\"https:\/\/toys.lt\/lv\/produktas\/clementoni-kosmosa-rakete-sensora-rotallieta-ar-kluciem-kopija-4\/#primaryimage\",\"url\":\"https:\/\/toys.lt\/wp-content\/uploads\/2025\/12\/17902-clementoni-sensory-cube-1.jpg\",\"contentUrl\":\"https:\/\/toys.lt\/wp-content\/uploads\/2025\/12\/17902-clementoni-sensory-cube-1.jpg\",\"width\":1500,\"height\":1001},{\"@type\":\"BreadcrumbList\",\"@id\":\"https:\/\/toys.lt\/lv\/produktas\/clementoni-kosmosa-rakete-sensora-rotallieta-ar-kluciem-kopija-4\/#breadcrumb\",\"itemListElement\":[{\"@type\":\"ListItem\",\"position\":1,\"name\":\"Home\",\"item\":\"https:\/\/toys.lt\/lv\/\"},{\"@type\":\"ListItem\",\"position\":2,\"name\":\"Veikals\",\"item\":\"https:\/\/toys.lt\/lv\/shop\/\"},{\"@type\":\"ListItem\",\"position\":3,\"name\":\"Clementoni Sensor\u0101s aktivit\u0101tes kubs\"}]},{\"@type\":\"WebSite\",\"@id\":\"https:\/\/toys.lt\/lv\/#website\",\"url\":\"https:\/\/toys.lt\/lv\/\",\"name\":\"Toys.lt\",\"description\":\"\",\"potentialAction\":[{\"@type\":\"SearchAction\",\"target\":{\"@type\":\"EntryPoint\",\"urlTemplate\":\"https:\/\/toys.lt\/lv\/?s={search_term_string}\"},\"query-input\":{\"@type\":\"PropertyValueSpecification\",\"valueRequired\":true,\"valueName\":\"search_term_string\"}}],\"inLanguage\":\"lv-LV\"}]}<\/script>\n<!-- \/ Yoast SEO plugin. -->","yoast_head_json":{"title":"Clementoni Sensor\u0101s aktivit\u0101tes kubs - Toys.lt","description":"Clementoni Sensoro aktivit\u0101\u0161u kubs ar 4 m\u012bkstiem Clemmy kluc\u012b\u0161iem. Att\u012bsta ma\u0146as, motoriku un zin\u0101tk\u0101ri. Piem\u0113rots b\u0113rniem no 6 m\u0113ne\u0161u vecuma.","robots":{"index":"index","follow":"follow","max-snippet":"max-snippet:-1","max-image-preview":"max-image-preview:large","max-video-preview":"max-video-preview:-1"},"canonical":"https:\/\/toys.lt\/lv\/produktas\/clementoni-kosmosa-rakete-sensora-rotallieta-ar-kluciem-kopija-4\/","og_locale":"lv_LV","og_type":"article","og_title":"Clementoni Sensor\u0101s aktivit\u0101tes kubs - Toys.lt","og_description":"Clementoni Sensoro aktivit\u0101\u0161u kubs ar 4 m\u012bkstiem Clemmy kluc\u012b\u0161iem. Att\u012bsta ma\u0146as, motoriku un zin\u0101tk\u0101ri. Piem\u0113rots b\u0113rniem no 6 m\u0113ne\u0161u vecuma.","og_url":"https:\/\/toys.lt\/lv\/produktas\/clementoni-kosmosa-rakete-sensora-rotallieta-ar-kluciem-kopija-4\/","og_site_name":"Toys.lt","article_modified_time":"2026-04-08T00:00:57+00:00","og_image":[{"width":1500,"height":1001,"url":"https:\/\/toys.lt\/wp-content\/uploads\/2025\/12\/17902-clementoni-sensory-cube-1.jpg","type":"image\/jpeg"}],"twitter_card":"summary_large_image","twitter_misc":{"Est. reading time":"2 minutes"},"schema":{"@context":"https:\/\/schema.org","@graph":[{"@type":"WebPage","@id":"https:\/\/toys.lt\/lv\/produktas\/clementoni-kosmosa-rakete-sensora-rotallieta-ar-kluciem-kopija-4\/","url":"https:\/\/toys.lt\/lv\/produktas\/clementoni-kosmosa-rakete-sensora-rotallieta-ar-kluciem-kopija-4\/","name":"Clementoni Sensor\u0101s aktivit\u0101tes kubs - Toys.lt","isPartOf":{"@id":"https:\/\/toys.lt\/lv\/#website"},"primaryImageOfPage":{"@id":"https:\/\/toys.lt\/lv\/produktas\/clementoni-kosmosa-rakete-sensora-rotallieta-ar-kluciem-kopija-4\/#primaryimage"},"image":{"@id":"https:\/\/toys.lt\/lv\/produktas\/clementoni-kosmosa-rakete-sensora-rotallieta-ar-kluciem-kopija-4\/#primaryimage"},"thumbnailUrl":"https:\/\/toys.lt\/wp-content\/uploads\/2025\/12\/17902-clementoni-sensory-cube-1.jpg","datePublished":"2025-12-07T17:18:27+00:00","dateModified":"2026-04-08T00:00:57+00:00","description":"Clementoni Sensoro aktivit\u0101\u0161u kubs ar 4 m\u012bkstiem Clemmy kluc\u012b\u0161iem. Att\u012bsta ma\u0146as, motoriku un zin\u0101tk\u0101ri. Piem\u0113rots b\u0113rniem no 6 m\u0113ne\u0161u vecuma.","breadcrumb":{"@id":"https:\/\/toys.lt\/lv\/produktas\/clementoni-kosmosa-rakete-sensora-rotallieta-ar-kluciem-kopija-4\/#breadcrumb"},"inLanguage":"lv-LV","potentialAction":[{"@type":"ReadAction","target":["https:\/\/toys.lt\/lv\/produktas\/clementoni-kosmosa-rakete-sensora-rotallieta-ar-kluciem-kopija-4\/"]}]},{"@type":"ImageObject","inLanguage":"lv-LV","@id":"https:\/\/toys.lt\/lv\/produktas\/clementoni-kosmosa-rakete-sensora-rotallieta-ar-kluciem-kopija-4\/#primaryimage","url":"https:\/\/toys.lt\/wp-content\/uploads\/2025\/12\/17902-clementoni-sensory-cube-1.jpg","contentUrl":"https:\/\/toys.lt\/wp-content\/uploads\/2025\/12\/17902-clementoni-sensory-cube-1.jpg","width":1500,"height":1001},{"@type":"BreadcrumbList","@id":"https:\/\/toys.lt\/lv\/produktas\/clementoni-kosmosa-rakete-sensora-rotallieta-ar-kluciem-kopija-4\/#breadcrumb","itemListElement":[{"@type":"ListItem","position":1,"name":"Home","item":"https:\/\/toys.lt\/lv\/"},{"@type":"ListItem","position":2,"name":"Veikals","item":"https:\/\/toys.lt\/lv\/shop\/"},{"@type":"ListItem","position":3,"name":"Clementoni Sensor\u0101s aktivit\u0101tes kubs"}]},{"@type":"WebSite","@id":"https:\/\/toys.lt\/lv\/#website","url":"https:\/\/toys.lt\/lv\/","name":"Toys.lt","description":"","potentialAction":[{"@type":"SearchAction","target":{"@type":"EntryPoint","urlTemplate":"https:\/\/toys.lt\/lv\/?s={search_term_string}"},"query-input":{"@type":"PropertyValueSpecification","valueRequired":true,"valueName":"search_term_string"}}],"inLanguage":"lv-LV"}]}},"_links":{"self":[{"href":"https:\/\/toys.lt\/lv\/wp-json\/wp\/v2\/product\/47956","targetHints":{"allow":["GET"]}}],"collection":[{"href":"https:\/\/toys.lt\/lv\/wp-json\/wp\/v2\/product"}],"about":[{"href":"https:\/\/toys.lt\/lv\/wp-json\/wp\/v2\/types\/product"}],"replies":[{"embeddable":true,"href":"https:\/\/toys.lt\/lv\/wp-json\/wp\/v2\/comments?post=47956"}],"version-history":[{"count":2,"href":"https:\/\/toys.lt\/lv\/wp-json\/wp\/v2\/product\/47956\/revisions"}],"predecessor-version":[{"id":48326,"href":"https:\/\/toys.lt\/lv\/wp-json\/wp\/v2\/product\/47956\/revisions\/48326"}],"wp:featuredmedia":[{"embeddable":true,"href":"https:\/\/toys.lt\/lv\/wp-json\/wp\/v2\/media\/47958"}],"wp:attachment":[{"href":"https:\/\/toys.lt\/lv\/wp-json\/wp\/v2\/media?parent=47956"}],"wp:term":[{"taxonomy":"product_brand","embeddable":true,"href":"https:\/\/toys.lt\/lv\/wp-json\/wp\/v2\/product_brand?post=47956"},{"taxonomy":"product_cat","embeddable":true,"href":"https:\/\/toys.lt\/lv\/wp-json\/wp\/v2\/product_cat?post=47956"},{"taxonomy":"product_tag","embeddable":true,"href":"https:\/\/toys.lt\/lv\/wp-json\/wp\/v2\/product_tag?post=47956"}],"curies":[{"name":"wp","href":"https:\/\/api.w.org\/{rel}","templated":true}]}}