{"id":47942,"date":"2025-12-07T17:08:11","date_gmt":"2025-12-07T17:08:11","guid":{"rendered":"https:\/\/toys.lt\/?post_type=product&#038;p=47942"},"modified":"2026-04-08T00:00:58","modified_gmt":"2026-04-08T00:00:58","slug":"clementoni-bernu-izglitojosa-rotallieta-magic-colours-tree-kopija-kopija-2","status":"publish","type":"product","link":"https:\/\/toys.lt\/lv\/produktas\/clementoni-bernu-izglitojosa-rotallieta-magic-colours-tree-kopija-kopija-2\/","title":{"rendered":"Clementoni b\u0113rnu rati\u0146i &#8220;Tumbbling Cars&#8221;"},"content":{"rendered":"<p data-start=\"521\" data-end=\"789\">Kr\u0101saina, jautra un iztur\u012bga automa\u0161\u012bna <strong data-start=\"553\" data-end=\"572\">Baby Clementoni<\/strong> ir paredz\u0113ta mazu\u013ciem, lai tie var\u0113tu sp\u0113l\u0113ties un att\u012bst\u012bt savas motorisk\u0101s prasmes. Kravas automa\u0161\u012bnai ir \u012bpa\u0161i piel\u0101gota puspiekabe, ar kuru var p\u0101rvad\u0101t &#8220;Tumbling Cars&#8221; s\u0113rijas automa\u0161\u012bnas, un, saloc\u012bta, t\u0101 k\u013c\u016bst par nos\u0113\u0161an\u0101s laukumu. <\/p>\n<p data-start=\"791\" data-end=\"1048\">Braucot pa trasi, ma\u0161\u012bna grie\u017eas un veic jautrus &#8220;flipping&#8221; trikus, kas veicina b\u0113rna zin\u0101tk\u0101ri un rota\u013c\u012bgu izp\u0113ti. Rota\u013clieta att\u012bsta ar\u012b roku kust\u012bbas, c\u0113lo\u0146u un seku apzin\u0101\u0161anos un paver iesp\u0113ju veidot da\u017e\u0101dus rota\u013cu scen\u0101rijus. <\/p>\n<p data-start=\"1050\" data-end=\"1128\">Izgatavots saska\u0146\u0101 ar <strong data-start=\"1067\" data-end=\"1086\">Play For Future<\/strong> filozofiju, kas paredz 100 % otrreiz\u0113ji p\u0101rstr\u0101d\u0101tu materi\u0101lu izmanto\u0161anu.<\/p>\n<hr data-start=\"1130\" data-end=\"1133\">\n<h2 data-start=\"1135\" data-end=\"1149\"><strong data-start=\"1138\" data-end=\"1149\">Funkcijas<\/strong><\/h2>\n<ul data-start=\"1150\" data-end=\"1612\">\n<li data-start=\"1150\" data-end=\"1231\">\n<p data-start=\"1152\" data-end=\"1231\">Kravas automa\u0161\u012bna ar salok\u0101mu puspiekabi, kas k\u013c\u016bst par trasi tumbling automa\u0161\u012bn\u0101m<\/p>\n<\/li>\n<li data-start=\"1232\" data-end=\"1281\">\n<p data-start=\"1234\" data-end=\"1281\">Komplekt\u0101 ietilpst 1 tumbling ma\u0161\u012bna<\/p>\n<\/li>\n<li data-start=\"1282\" data-end=\"1350\">\n<p data-start=\"1284\" data-end=\"1350\">Stimul\u0113 s\u012bko motoriku, roku-acu koordin\u0101ciju un izt\u0113li.<\/p>\n<\/li>\n<li data-start=\"1351\" data-end=\"1428\">\n<p data-start=\"1353\" data-end=\"1428\">Iedvesmo re\u0101lus sp\u0113\u013cu scen\u0101rijus: p\u0101rn\u0113s\u0101\u0161ana, iekrau\u0161ana, izkrau\u0161ana.<\/p>\n<\/li>\n<li data-start=\"1429\" data-end=\"1500\">\n<p data-start=\"1431\" data-end=\"1500\">Izgatavots no <strong data-start=\"1445\" data-end=\"1473\">100% otrreiz\u0113ji p\u0101rstr\u0101d\u0101tiem materi\u0101liem<\/strong> (l\u012bnija &#8220;Play For Future&#8221;)<\/p>\n<\/li>\n<li data-start=\"1501\" data-end=\"1561\">\n<p data-start=\"1503\" data-end=\"1561\">Sader\u012bgs ar cit\u0101m tumbling auto s\u0113rij\u0101m<\/p>\n<\/li>\n<li data-start=\"1562\" data-end=\"1612\">\n<p data-start=\"1564\" data-end=\"1612\">Izstr\u0101d\u0101ts, konstru\u0113ts un izstr\u0101d\u0101ts It\u0101lij\u0101<\/p>\n<\/li>\n<\/ul>\n<hr data-start=\"1614\" data-end=\"1617\">\n<h2 data-start=\"1619\" data-end=\"1646\"><strong data-start=\"1622\" data-end=\"1646\">Tehnisk\u0101 inform\u0101cija<\/strong><\/h2>\n<ul data-start=\"1647\" data-end=\"2029\">\n<li data-start=\"1647\" data-end=\"1671\">\n<p data-start=\"1649\" data-end=\"1671\"><strong data-start=\"1649\" data-end=\"1660\">Vecums:<\/strong> 18+ m\u0113ne\u0161i<\/p>\n<\/li>\n<li data-start=\"1672\" data-end=\"1717\">\n<p data-start=\"1674\" data-end=\"1717\"><strong data-start=\"1674\" data-end=\"1693\">Iepakojuma izm\u0113rs:<\/strong> 30 \u00d7 20 \u00d7 13 cm<\/p>\n<\/li>\n<li data-start=\"1718\" data-end=\"1746\">\n<p data-start=\"1720\" data-end=\"1746\"><strong data-start=\"1720\" data-end=\"1738\">Izstr\u0101d\u0101juma svars:<\/strong> 820 g<\/p>\n<\/li>\n<li data-start=\"1747\" data-end=\"1801\">\n<p data-start=\"1749\" data-end=\"1801\"><strong data-start=\"1749\" data-end=\"1763\">Komplekt\u0101 ietilpst:<\/strong> rati\u0146i + 1 akrob\u0101tikas ma\u0161\u012bna<\/p>\n<\/li>\n<li data-start=\"1802\" data-end=\"1890\">\n<p data-start=\"1804\" data-end=\"1890\"><strong data-start=\"1804\" data-end=\"1818\">Funkcijas:<\/strong> virpo\u0161anas trase, piekaramais\/nolai\u017eamais puspiekabes modulis<\/p>\n<\/li>\n<li data-start=\"1891\" data-end=\"1953\">\n<p data-start=\"1893\" data-end=\"1953\"><strong data-start=\"1893\" data-end=\"1907\">Materi\u0101li:<\/strong> dro\u0161a plastmasa no 100% p\u0101rstr\u0101d\u0101tiem materi\u0101liem<\/p>\n<\/li>\n<li data-start=\"1987\" data-end=\"2029\">\n<p data-start=\"1989\" data-end=\"2029\"><strong data-start=\"1989\" data-end=\"2006\">Izcelsmes valsts:<\/strong> It\u0101lija \/ Clementoni<\/p>\n<\/li>\n<\/ul>\n<hr data-start=\"2031\" data-end=\"2034\">\n<h2 data-start=\"2036\" data-end=\"2060\"><strong data-start=\"2039\" data-end=\"2060\">Dro\u0161\u012bbas br\u012bdin\u0101jums<\/strong><\/h2>\n<ul data-start=\"2061\" data-end=\"2240\">\n<li data-start=\"2061\" data-end=\"2098\">\n<p data-start=\"2063\" data-end=\"2098\">Lietojiet ar pieaugu\u0161o uzraudz\u012bbu.<\/p>\n<\/li>\n<li data-start=\"2099\" data-end=\"2160\">\n<p data-start=\"2101\" data-end=\"2160\">Pirms do\u0161anas b\u0113rnam no\u0146emiet visus iepakojuma materi\u0101lus.<\/p>\n<\/li>\n<li data-start=\"2161\" data-end=\"2198\">\n<p data-start=\"2163\" data-end=\"2198\">Nelietojiet, ja rota\u013clieta ir boj\u0101ta.<\/p>\n<\/li>\n<li data-start=\"2199\" data-end=\"2240\">\n<p data-start=\"2201\" data-end=\"2240\">Uzglab\u0101t t\u0101l\u0101k no karstuma avotiem.<\/p>\n<\/li>\n<\/ul>\n","protected":false},"excerpt":{"rendered":"<ul data-start=\"1647\" data-end=\"2029\">\n<li data-start=\"1647\" data-end=\"1671\">\n<p data-start=\"1649\" data-end=\"1671\"><strong data-start=\"1649\" data-end=\"1660\">Vecums:<\/strong> 18+ m\u0113ne\u0161i<\/p>\n<\/li>\n<li data-start=\"1672\" data-end=\"1717\">\n<p data-start=\"1674\" data-end=\"1717\"><strong data-start=\"1674\" data-end=\"1693\">Iepakojuma izm\u0113rs:<\/strong> 30 \u00d7 20 \u00d7 13 cm<\/p>\n<\/li>\n<li data-start=\"1718\" data-end=\"1746\">\n<p data-start=\"1720\" data-end=\"1746\"><strong data-start=\"1720\" data-end=\"1738\">Izstr\u0101d\u0101juma svars:<\/strong> 820 g<\/p>\n<\/li>\n<li data-start=\"1747\" data-end=\"1801\">\n<p data-start=\"1749\" data-end=\"1801\"><strong data-start=\"1749\" data-end=\"1763\">Komplekt\u0101 ietilpst:<\/strong> rati\u0146i + 1 akrob\u0101tikas ma\u0161\u012bna<\/p>\n<\/li>\n<li data-start=\"1802\" data-end=\"1890\">\n<p data-start=\"1804\" data-end=\"1890\"><strong data-start=\"1804\" data-end=\"1818\">Funkcijas:<\/strong> virpo\u0161anas trase, piekaramais\/nolai\u017eamais puspiekabes modulis<\/p>\n<\/li>\n<li data-start=\"1891\" data-end=\"1953\">\n<p data-start=\"1893\" data-end=\"1953\"><strong data-start=\"1893\" data-end=\"1907\">Materi\u0101li:<\/strong> dro\u0161a plastmasa no 100% p\u0101rstr\u0101d\u0101tiem materi\u0101liem<\/p>\n<\/li>\n<li data-start=\"1987\" data-end=\"2029\">\n<p data-start=\"1989\" data-end=\"2029\"><strong data-start=\"1989\" data-end=\"2006\">Izcelsmes valsts:<\/strong> It\u0101lija \/ Clementoni<\/p>\n<\/li>\n<\/ul>\n","protected":false},"featured_media":47944,"comment_status":"open","ping_status":"closed","template":"","meta":[],"product_brand":[384],"product_cat":[1157,1155,1183],"product_tag":[],"class_list":{"0":"post-47942","1":"product","2":"type-product","3":"status-publish","4":"has-post-thumbnail","6":"product_brand-clementoni-2","7":"product_cat-izglitojosas-un-interaktivas-rotallietas","8":"product_cat-leti","9":"product_cat-rotallietas-maziem-berniem","10":"pa_amziaus-grupe-1-lv","11":"pa_prek-s-tipas-izglitojosas-rotallietas","12":"pa_prekes-zenklas-clementoni-lv","14":"first","15":"instock","16":"sale","17":"taxable","18":"shipping-taxable","19":"purchasable","20":"product-type-simple"},"yoast_head":"<!-- This site is optimized with the Yoast SEO plugin v26.3 - https:\/\/yoast.com\/wordpress\/plugins\/seo\/ -->\n<title>Clementoni b\u0113rnu rati\u0146i &quot;Tumbbling Cars&quot; - Toys.lt<\/title>\n<meta name=\"description\" content=\"Clementoni Baby Tumbling Cars ar akrob\u0101tisko ma\u0161\u012bnu un trasi. Att\u012bsta motoriku, koordin\u0101ciju un izt\u0113li. Piem\u0113rots b\u0113rniem no 18 m\u0113ne\u0161u vecuma.\" \/>\n<meta name=\"robots\" content=\"index, follow, max-snippet:-1, max-image-preview:large, max-video-preview:-1\" \/>\n<link rel=\"canonical\" href=\"https:\/\/toys.lt\/lv\/produktas\/clementoni-bernu-izglitojosa-rotallieta-magic-colours-tree-kopija-kopija-2\/\" \/>\n<meta property=\"og:locale\" content=\"lv_LV\" \/>\n<meta property=\"og:type\" content=\"article\" \/>\n<meta property=\"og:title\" content=\"Clementoni b\u0113rnu rati\u0146i &quot;Tumbbling Cars&quot; - Toys.lt\" \/>\n<meta property=\"og:description\" content=\"Clementoni Baby Tumbling Cars ar akrob\u0101tisko ma\u0161\u012bnu un trasi. Att\u012bsta motoriku, koordin\u0101ciju un izt\u0113li. Piem\u0113rots b\u0113rniem no 18 m\u0113ne\u0161u vecuma.\" \/>\n<meta property=\"og:url\" content=\"https:\/\/toys.lt\/lv\/produktas\/clementoni-bernu-izglitojosa-rotallieta-magic-colours-tree-kopija-kopija-2\/\" \/>\n<meta property=\"og:site_name\" content=\"Toys.lt\" \/>\n<meta property=\"article:modified_time\" content=\"2026-04-08T00:00:58+00:00\" \/>\n<meta property=\"og:image\" content=\"https:\/\/toys.lt\/wp-content\/uploads\/2025\/12\/17892-clementoni-baby-autovezis-tumbling-cars-1.jpg\" \/>\n\t<meta property=\"og:image:width\" content=\"669\" \/>\n\t<meta property=\"og:image:height\" content=\"489\" \/>\n\t<meta property=\"og:image:type\" content=\"image\/jpeg\" \/>\n<meta name=\"twitter:card\" content=\"summary_large_image\" \/>\n<meta name=\"twitter:label1\" content=\"Est. reading time\" \/>\n\t<meta name=\"twitter:data1\" content=\"2 minutes\" \/>\n<script type=\"application\/ld+json\" class=\"yoast-schema-graph\">{\"@context\":\"https:\/\/schema.org\",\"@graph\":[{\"@type\":\"WebPage\",\"@id\":\"https:\/\/toys.lt\/lv\/produktas\/clementoni-bernu-izglitojosa-rotallieta-magic-colours-tree-kopija-kopija-2\/\",\"url\":\"https:\/\/toys.lt\/lv\/produktas\/clementoni-bernu-izglitojosa-rotallieta-magic-colours-tree-kopija-kopija-2\/\",\"name\":\"Clementoni b\u0113rnu rati\u0146i \\\"Tumbbling Cars\\\" - Toys.lt\",\"isPartOf\":{\"@id\":\"https:\/\/toys.lt\/lv\/#website\"},\"primaryImageOfPage\":{\"@id\":\"https:\/\/toys.lt\/lv\/produktas\/clementoni-bernu-izglitojosa-rotallieta-magic-colours-tree-kopija-kopija-2\/#primaryimage\"},\"image\":{\"@id\":\"https:\/\/toys.lt\/lv\/produktas\/clementoni-bernu-izglitojosa-rotallieta-magic-colours-tree-kopija-kopija-2\/#primaryimage\"},\"thumbnailUrl\":\"https:\/\/toys.lt\/wp-content\/uploads\/2025\/12\/17892-clementoni-baby-autovezis-tumbling-cars-1.jpg\",\"datePublished\":\"2025-12-07T17:08:11+00:00\",\"dateModified\":\"2026-04-08T00:00:58+00:00\",\"description\":\"Clementoni Baby Tumbling Cars ar akrob\u0101tisko ma\u0161\u012bnu un trasi. Att\u012bsta motoriku, koordin\u0101ciju un izt\u0113li. Piem\u0113rots b\u0113rniem no 18 m\u0113ne\u0161u vecuma.\",\"breadcrumb\":{\"@id\":\"https:\/\/toys.lt\/lv\/produktas\/clementoni-bernu-izglitojosa-rotallieta-magic-colours-tree-kopija-kopija-2\/#breadcrumb\"},\"inLanguage\":\"lv-LV\",\"potentialAction\":[{\"@type\":\"ReadAction\",\"target\":[\"https:\/\/toys.lt\/lv\/produktas\/clementoni-bernu-izglitojosa-rotallieta-magic-colours-tree-kopija-kopija-2\/\"]}]},{\"@type\":\"ImageObject\",\"inLanguage\":\"lv-LV\",\"@id\":\"https:\/\/toys.lt\/lv\/produktas\/clementoni-bernu-izglitojosa-rotallieta-magic-colours-tree-kopija-kopija-2\/#primaryimage\",\"url\":\"https:\/\/toys.lt\/wp-content\/uploads\/2025\/12\/17892-clementoni-baby-autovezis-tumbling-cars-1.jpg\",\"contentUrl\":\"https:\/\/toys.lt\/wp-content\/uploads\/2025\/12\/17892-clementoni-baby-autovezis-tumbling-cars-1.jpg\",\"width\":669,\"height\":489},{\"@type\":\"BreadcrumbList\",\"@id\":\"https:\/\/toys.lt\/lv\/produktas\/clementoni-bernu-izglitojosa-rotallieta-magic-colours-tree-kopija-kopija-2\/#breadcrumb\",\"itemListElement\":[{\"@type\":\"ListItem\",\"position\":1,\"name\":\"Home\",\"item\":\"https:\/\/toys.lt\/lv\/\"},{\"@type\":\"ListItem\",\"position\":2,\"name\":\"Veikals\",\"item\":\"https:\/\/toys.lt\/lv\/shop\/\"},{\"@type\":\"ListItem\",\"position\":3,\"name\":\"Clementoni b\u0113rnu rati\u0146i &#8222;Tumbbling Cars&#8221;\"}]},{\"@type\":\"WebSite\",\"@id\":\"https:\/\/toys.lt\/lv\/#website\",\"url\":\"https:\/\/toys.lt\/lv\/\",\"name\":\"Toys.lt\",\"description\":\"\",\"potentialAction\":[{\"@type\":\"SearchAction\",\"target\":{\"@type\":\"EntryPoint\",\"urlTemplate\":\"https:\/\/toys.lt\/lv\/?s={search_term_string}\"},\"query-input\":{\"@type\":\"PropertyValueSpecification\",\"valueRequired\":true,\"valueName\":\"search_term_string\"}}],\"inLanguage\":\"lv-LV\"}]}<\/script>\n<!-- \/ Yoast SEO plugin. -->","yoast_head_json":{"title":"Clementoni b\u0113rnu rati\u0146i \"Tumbbling Cars\" - Toys.lt","description":"Clementoni Baby Tumbling Cars ar akrob\u0101tisko ma\u0161\u012bnu un trasi. Att\u012bsta motoriku, koordin\u0101ciju un izt\u0113li. Piem\u0113rots b\u0113rniem no 18 m\u0113ne\u0161u vecuma.","robots":{"index":"index","follow":"follow","max-snippet":"max-snippet:-1","max-image-preview":"max-image-preview:large","max-video-preview":"max-video-preview:-1"},"canonical":"https:\/\/toys.lt\/lv\/produktas\/clementoni-bernu-izglitojosa-rotallieta-magic-colours-tree-kopija-kopija-2\/","og_locale":"lv_LV","og_type":"article","og_title":"Clementoni b\u0113rnu rati\u0146i \"Tumbbling Cars\" - Toys.lt","og_description":"Clementoni Baby Tumbling Cars ar akrob\u0101tisko ma\u0161\u012bnu un trasi. Att\u012bsta motoriku, koordin\u0101ciju un izt\u0113li. Piem\u0113rots b\u0113rniem no 18 m\u0113ne\u0161u vecuma.","og_url":"https:\/\/toys.lt\/lv\/produktas\/clementoni-bernu-izglitojosa-rotallieta-magic-colours-tree-kopija-kopija-2\/","og_site_name":"Toys.lt","article_modified_time":"2026-04-08T00:00:58+00:00","og_image":[{"width":669,"height":489,"url":"https:\/\/toys.lt\/wp-content\/uploads\/2025\/12\/17892-clementoni-baby-autovezis-tumbling-cars-1.jpg","type":"image\/jpeg"}],"twitter_card":"summary_large_image","twitter_misc":{"Est. reading time":"2 minutes"},"schema":{"@context":"https:\/\/schema.org","@graph":[{"@type":"WebPage","@id":"https:\/\/toys.lt\/lv\/produktas\/clementoni-bernu-izglitojosa-rotallieta-magic-colours-tree-kopija-kopija-2\/","url":"https:\/\/toys.lt\/lv\/produktas\/clementoni-bernu-izglitojosa-rotallieta-magic-colours-tree-kopija-kopija-2\/","name":"Clementoni b\u0113rnu rati\u0146i \"Tumbbling Cars\" - Toys.lt","isPartOf":{"@id":"https:\/\/toys.lt\/lv\/#website"},"primaryImageOfPage":{"@id":"https:\/\/toys.lt\/lv\/produktas\/clementoni-bernu-izglitojosa-rotallieta-magic-colours-tree-kopija-kopija-2\/#primaryimage"},"image":{"@id":"https:\/\/toys.lt\/lv\/produktas\/clementoni-bernu-izglitojosa-rotallieta-magic-colours-tree-kopija-kopija-2\/#primaryimage"},"thumbnailUrl":"https:\/\/toys.lt\/wp-content\/uploads\/2025\/12\/17892-clementoni-baby-autovezis-tumbling-cars-1.jpg","datePublished":"2025-12-07T17:08:11+00:00","dateModified":"2026-04-08T00:00:58+00:00","description":"Clementoni Baby Tumbling Cars ar akrob\u0101tisko ma\u0161\u012bnu un trasi. Att\u012bsta motoriku, koordin\u0101ciju un izt\u0113li. Piem\u0113rots b\u0113rniem no 18 m\u0113ne\u0161u vecuma.","breadcrumb":{"@id":"https:\/\/toys.lt\/lv\/produktas\/clementoni-bernu-izglitojosa-rotallieta-magic-colours-tree-kopija-kopija-2\/#breadcrumb"},"inLanguage":"lv-LV","potentialAction":[{"@type":"ReadAction","target":["https:\/\/toys.lt\/lv\/produktas\/clementoni-bernu-izglitojosa-rotallieta-magic-colours-tree-kopija-kopija-2\/"]}]},{"@type":"ImageObject","inLanguage":"lv-LV","@id":"https:\/\/toys.lt\/lv\/produktas\/clementoni-bernu-izglitojosa-rotallieta-magic-colours-tree-kopija-kopija-2\/#primaryimage","url":"https:\/\/toys.lt\/wp-content\/uploads\/2025\/12\/17892-clementoni-baby-autovezis-tumbling-cars-1.jpg","contentUrl":"https:\/\/toys.lt\/wp-content\/uploads\/2025\/12\/17892-clementoni-baby-autovezis-tumbling-cars-1.jpg","width":669,"height":489},{"@type":"BreadcrumbList","@id":"https:\/\/toys.lt\/lv\/produktas\/clementoni-bernu-izglitojosa-rotallieta-magic-colours-tree-kopija-kopija-2\/#breadcrumb","itemListElement":[{"@type":"ListItem","position":1,"name":"Home","item":"https:\/\/toys.lt\/lv\/"},{"@type":"ListItem","position":2,"name":"Veikals","item":"https:\/\/toys.lt\/lv\/shop\/"},{"@type":"ListItem","position":3,"name":"Clementoni b\u0113rnu rati\u0146i &#8222;Tumbbling Cars&#8221;"}]},{"@type":"WebSite","@id":"https:\/\/toys.lt\/lv\/#website","url":"https:\/\/toys.lt\/lv\/","name":"Toys.lt","description":"","potentialAction":[{"@type":"SearchAction","target":{"@type":"EntryPoint","urlTemplate":"https:\/\/toys.lt\/lv\/?s={search_term_string}"},"query-input":{"@type":"PropertyValueSpecification","valueRequired":true,"valueName":"search_term_string"}}],"inLanguage":"lv-LV"}]}},"_links":{"self":[{"href":"https:\/\/toys.lt\/lv\/wp-json\/wp\/v2\/product\/47942","targetHints":{"allow":["GET"]}}],"collection":[{"href":"https:\/\/toys.lt\/lv\/wp-json\/wp\/v2\/product"}],"about":[{"href":"https:\/\/toys.lt\/lv\/wp-json\/wp\/v2\/types\/product"}],"replies":[{"embeddable":true,"href":"https:\/\/toys.lt\/lv\/wp-json\/wp\/v2\/comments?post=47942"}],"version-history":[{"count":2,"href":"https:\/\/toys.lt\/lv\/wp-json\/wp\/v2\/product\/47942\/revisions"}],"predecessor-version":[{"id":48325,"href":"https:\/\/toys.lt\/lv\/wp-json\/wp\/v2\/product\/47942\/revisions\/48325"}],"wp:featuredmedia":[{"embeddable":true,"href":"https:\/\/toys.lt\/lv\/wp-json\/wp\/v2\/media\/47944"}],"wp:attachment":[{"href":"https:\/\/toys.lt\/lv\/wp-json\/wp\/v2\/media?parent=47942"}],"wp:term":[{"taxonomy":"product_brand","embeddable":true,"href":"https:\/\/toys.lt\/lv\/wp-json\/wp\/v2\/product_brand?post=47942"},{"taxonomy":"product_cat","embeddable":true,"href":"https:\/\/toys.lt\/lv\/wp-json\/wp\/v2\/product_cat?post=47942"},{"taxonomy":"product_tag","embeddable":true,"href":"https:\/\/toys.lt\/lv\/wp-json\/wp\/v2\/product_tag?post=47942"}],"curies":[{"name":"wp","href":"https:\/\/api.w.org\/{rel}","templated":true}]}}