{"id":47929,"date":"2025-12-07T16:46:57","date_gmt":"2025-12-07T16:46:57","guid":{"rendered":"https:\/\/toys.lt\/?post_type=product&#038;p=47929"},"modified":"2026-04-08T00:00:58","modified_gmt":"2026-04-08T00:00:58","slug":"clementoni-bernu-izglitojosa-rotallieta-magic-colours-tree-kopija-kopija","status":"publish","type":"product","link":"https:\/\/toys.lt\/lv\/produktas\/clementoni-bernu-izglitojosa-rotallieta-magic-colours-tree-kopija-kopija\/","title":{"rendered":"Clementoni ugunsdz\u0113s\u0113ju stacijas gar\u0101\u017ea Trampl\u012bni"},"content":{"rendered":"<p data-start=\"184\" data-end=\"510\">Atkl\u0101jiet jautru un dinamisku rota\u013cu pasauli ar &#8221; <strong data-start=\"234\" data-end=\"251\">Tumbling Cars<\/strong> Fire Station Garage&#8221; &#8211; kr\u0101sainu, kust\u012bbu un zin\u0101tk\u0101ri veicino\u0161u trasi mazu\u013ciem no 18 m\u0113ne\u0161u vecuma. Braucot pa trasi, \u012bpa\u0161ais auto salto gais\u0101, veicot jautrus &#8220;kapriolelus&#8221;. Viss, kas j\u016bsu mazulim j\u0101dara, ir j\u0101nospie\u017e poga vai j\u0101p\u0101rvieto svira, un \u0161ovs s\u0101kas!  <\/p>\n<p data-start=\"512\" data-end=\"723\">\u0160\u012b gar\u0101\u017ea ir da\u013ca no &#8221; <strong data-start=\"545\" data-end=\"562\">Tumbling Cars&#8221;<\/strong> l\u012bnijas, kur\u0101 katrai automa\u0161\u012bnai ir savs unik\u0101ls ripo\u0161anas meh\u0101nisms. Tas ir aicin\u0101jums uz pasauli, kur\u0101 kust\u012bba, darb\u012bba un atkl\u0101jumi k\u013c\u016bst par ikdienas rota\u013c\u0101m. <\/p>\n<hr data-start=\"725\" data-end=\"728\">\n<h2 data-start=\"730\" data-end=\"744\"><strong data-start=\"733\" data-end=\"744\">Funkcijas<\/strong><\/h2>\n<ul data-start=\"745\" data-end=\"1246\">\n<li data-start=\"745\" data-end=\"830\">\n<p data-start=\"747\" data-end=\"830\">Interakt\u012bvs ugunsdz\u0113s\u0113ju gar\u0101\u017eas sp\u0113\u013cu komplekts ar akrob\u0101tikas funkciju<\/p>\n<\/li>\n<li data-start=\"831\" data-end=\"913\">\n<p data-start=\"833\" data-end=\"913\">Ma\u0161\u012bna apg\u0101\u017eas, nospie\u017eot pogu vai pavelkot sviru, kad t\u0101 p\u0101rvietojas pa slie\u017eu ce\u013cu.<\/p>\n<\/li>\n<li data-start=\"914\" data-end=\"964\">\n<p data-start=\"916\" data-end=\"964\">1 \u012bpa\u0161s auto, kas jau iek\u013cauts komplekt\u0101<\/p>\n<\/li>\n<li data-start=\"965\" data-end=\"1032\">\n<p data-start=\"967\" data-end=\"1032\">Kr\u0101saina, vizu\u0101li pievilc\u012bga trase ar vair\u0101kiem aktivit\u0101tes punktiem.<\/p>\n<\/li>\n<li data-start=\"1033\" data-end=\"1110\">\n<p data-start=\"1035\" data-end=\"1110\">Stimul\u0113 smalk\u0101s motorikas prasmes, kust\u012bbu izpratni un c\u0113lo\u0146u un seku attiec\u012bbas.<\/p>\n<\/li>\n<li data-start=\"1111\" data-end=\"1198\">\n<p data-start=\"1113\" data-end=\"1198\">Sader\u012bgs ar citiem <strong data-start=\"1134\" data-end=\"1151\">Tumbling Cars<\/strong> kl\u0101sta produktiem &#8211; papla\u0161in\u0101ms<\/p>\n<\/li>\n<li data-start=\"1199\" data-end=\"1246\">\n<p data-start=\"1201\" data-end=\"1246\">Izstr\u0101d\u0101ts, projekt\u0113ts un att\u012bst\u012bts It\u0101lij\u0101<\/p>\n<\/li>\n<\/ul>\n<hr data-start=\"1248\" data-end=\"1251\">\n<h2 data-start=\"1253\" data-end=\"1280\"><strong data-start=\"1256\" data-end=\"1280\">Tehnisk\u0101 inform\u0101cija<\/strong><\/h2>\n<ul data-start=\"1281\" data-end=\"1678\">\n<li data-start=\"1281\" data-end=\"1305\">\n<p data-start=\"1283\" data-end=\"1305\"><strong data-start=\"1283\" data-end=\"1294\">Vecums:<\/strong> 18+ m\u0113ne\u0161i<\/p>\n<\/li>\n<li data-start=\"1306\" data-end=\"1345\">\n<p data-start=\"1308\" data-end=\"1345\"><strong data-start=\"1308\" data-end=\"1327\">Iepakojuma izm\u0113rs:<\/strong> 38 \u00d7 10 \u00d7 29 cm<\/p>\n<\/li>\n<li data-start=\"1346\" data-end=\"1417\">\n<p data-start=\"1348\" data-end=\"1417\"><strong data-start=\"1348\" data-end=\"1366\">Izstr\u0101d\u0101juma svars:<\/strong> 990 g<\/p>\n<\/li>\n<li data-start=\"1418\" data-end=\"1480\">\n<p data-start=\"1420\" data-end=\"1480\"><strong data-start=\"1420\" data-end=\"1434\">Iek\u013cauts:<\/strong> ugunsdz\u0113s\u0113ju stacijas gar\u0101\u017ea + 1 g\u0101\u0161an\u0101s automa\u0161\u012bna<\/p>\n<\/li>\n<li data-start=\"1481\" data-end=\"1556\">\n<p data-start=\"1483\" data-end=\"1556\"><strong data-start=\"1483\" data-end=\"1497\">Funkcijas:<\/strong> ar sviru un pogu aktiviz\u0113ts nolie\u0161anas meh\u0101nisms.<\/p>\n<\/li>\n<li data-start=\"1557\" data-end=\"1602\">\n<p data-start=\"1559\" data-end=\"1602\"><strong data-start=\"1559\" data-end=\"1573\">Materi\u0101li:<\/strong> dro\u0161a, iztur\u012bga plastmasa<\/p>\n<\/li>\n<li data-start=\"1636\" data-end=\"1678\">\n<p data-start=\"1638\" data-end=\"1678\"><strong data-start=\"1638\" data-end=\"1655\">Izcelsmes valsts:<\/strong> It\u0101lija \/ Clementoni<\/p>\n<\/li>\n<\/ul>\n<hr data-start=\"1680\" data-end=\"1683\">\n<h2 data-start=\"1685\" data-end=\"1709\"><strong data-start=\"1688\" data-end=\"1709\">Dro\u0161\u012bbas br\u012bdin\u0101jums<\/strong><\/h2>\n<ul data-start=\"1710\" data-end=\"1912\">\n<li data-start=\"1710\" data-end=\"1751\">\n<p data-start=\"1712\" data-end=\"1751\">Lietojiet tikai pieaugu\u0161o uzraudz\u012bb\u0101.<\/p>\n<\/li>\n<li data-start=\"1752\" data-end=\"1825\">\n<p data-start=\"1754\" data-end=\"1825\">Pirms sp\u0113les no\u0146emiet visas iepakojuma da\u013cas un stiprin\u0101jumus.<\/p>\n<\/li>\n<li data-start=\"1826\" data-end=\"1870\">\n<p data-start=\"1828\" data-end=\"1870\">Neizmantojiet, ja k\u0101da da\u013ca ir boj\u0101ta.<\/p>\n<\/li>\n<li data-start=\"1871\" data-end=\"1912\">\n<p data-start=\"1873\" data-end=\"1912\">Uzglab\u0101t t\u0101l\u0101k no karstuma avotiem.<\/p>\n<\/li>\n<\/ul>\n","protected":false},"excerpt":{"rendered":"<ul data-start=\"1281\" data-end=\"1678\">\n<li data-start=\"1281\" data-end=\"1305\">\n<p data-start=\"1283\" data-end=\"1305\"><strong data-start=\"1283\" data-end=\"1294\">Vecums:<\/strong> 18+ m\u0113ne\u0161i<\/p>\n<\/li>\n<li data-start=\"1306\" data-end=\"1345\">\n<p data-start=\"1308\" data-end=\"1345\"><strong data-start=\"1308\" data-end=\"1327\">Iepakojuma izm\u0113rs:<\/strong> 38 \u00d7 10 \u00d7 29 cm<\/p>\n<\/li>\n<li data-start=\"1346\" data-end=\"1417\">\n<p data-start=\"1348\" data-end=\"1417\"><strong data-start=\"1348\" data-end=\"1366\">Izstr\u0101d\u0101juma svars:<\/strong> 990 g<\/p>\n<\/li>\n<li data-start=\"1418\" data-end=\"1480\">\n<p data-start=\"1420\" data-end=\"1480\"><strong data-start=\"1420\" data-end=\"1434\">Iek\u013cauts:<\/strong> ugunsdz\u0113s\u0113ju stacijas gar\u0101\u017ea + 1 g\u0101\u0161an\u0101s automa\u0161\u012bna<\/p>\n<\/li>\n<li data-start=\"1481\" data-end=\"1556\">\n<p data-start=\"1483\" data-end=\"1556\"><strong data-start=\"1483\" data-end=\"1497\">Funkcijas:<\/strong> ar sviru un pogu aktiviz\u0113ts nolie\u0161anas meh\u0101nisms.<\/p>\n<\/li>\n<li data-start=\"1557\" data-end=\"1602\">\n<p data-start=\"1559\" data-end=\"1602\"><strong data-start=\"1559\" data-end=\"1573\">Materi\u0101li:<\/strong> dro\u0161a, iztur\u012bga plastmasa<\/p>\n<\/li>\n<li data-start=\"1636\" data-end=\"1678\">\n<p data-start=\"1638\" data-end=\"1678\"><strong data-start=\"1638\" data-end=\"1655\">Izcelsmes valsts:<\/strong> It\u0101lija \/ Clementoni<\/p>\n<\/li>\n<\/ul>\n","protected":false},"featured_media":47932,"comment_status":"open","ping_status":"closed","template":"","meta":[],"product_brand":[384],"product_cat":[1157,1155,1183],"product_tag":[],"class_list":{"0":"post-47929","1":"product","2":"type-product","3":"status-publish","4":"has-post-thumbnail","6":"product_brand-clementoni-2","7":"product_cat-izglitojosas-un-interaktivas-rotallietas","8":"product_cat-leti","9":"product_cat-rotallietas-maziem-berniem","10":"pa_amziaus-grupe-1-lv","11":"pa_prek-s-tipas-izglitojosas-rotallietas","12":"pa_prekes-zenklas-clementoni-lv","14":"first","15":"instock","16":"sale","17":"taxable","18":"shipping-taxable","19":"purchasable","20":"product-type-simple"},"yoast_head":"<!-- This site is optimized with the Yoast SEO plugin v26.3 - https:\/\/yoast.com\/wordpress\/plugins\/seo\/ -->\n<title>Clementoni ugunsdz\u0113s\u0113ju stacijas gar\u0101\u017ea Trampl\u012bni - Toys.lt<\/title>\n<meta name=\"description\" content=\"Clementoni Ugunsdz\u0113s\u0113ju stacijas gar\u0101\u017ea Tumbbling Cars ar tumblinga funkciju un ma\u0161\u012bnu komplekt\u0101. Att\u012bsta motoriku un zin\u0101tk\u0101ri. Piem\u0113rots b\u0113rniem no 18 m\u0113ne\u0161iem.\" \/>\n<meta name=\"robots\" content=\"index, follow, max-snippet:-1, max-image-preview:large, max-video-preview:-1\" \/>\n<link rel=\"canonical\" href=\"https:\/\/toys.lt\/lv\/produktas\/clementoni-bernu-izglitojosa-rotallieta-magic-colours-tree-kopija-kopija\/\" \/>\n<meta property=\"og:locale\" content=\"lv_LV\" \/>\n<meta property=\"og:type\" content=\"article\" \/>\n<meta property=\"og:title\" content=\"Clementoni ugunsdz\u0113s\u0113ju stacijas gar\u0101\u017ea Trampl\u012bni - Toys.lt\" \/>\n<meta property=\"og:description\" content=\"Clementoni Ugunsdz\u0113s\u0113ju stacijas gar\u0101\u017ea Tumbbling Cars ar tumblinga funkciju un ma\u0161\u012bnu komplekt\u0101. Att\u012bsta motoriku un zin\u0101tk\u0101ri. Piem\u0113rots b\u0113rniem no 18 m\u0113ne\u0161iem.\" \/>\n<meta property=\"og:url\" content=\"https:\/\/toys.lt\/lv\/produktas\/clementoni-bernu-izglitojosa-rotallieta-magic-colours-tree-kopija-kopija\/\" \/>\n<meta property=\"og:site_name\" content=\"Toys.lt\" \/>\n<meta property=\"article:modified_time\" content=\"2026-04-08T00:00:58+00:00\" \/>\n<meta property=\"og:image\" content=\"https:\/\/toys.lt\/wp-content\/uploads\/2025\/12\/17559-clementoni-garazas-1.jpg\" \/>\n\t<meta property=\"og:image:width\" content=\"1000\" \/>\n\t<meta property=\"og:image:height\" content=\"734\" \/>\n\t<meta property=\"og:image:type\" content=\"image\/jpeg\" \/>\n<meta name=\"twitter:card\" content=\"summary_large_image\" \/>\n<meta name=\"twitter:label1\" content=\"Est. reading time\" \/>\n\t<meta name=\"twitter:data1\" content=\"1 minute\" \/>\n<script type=\"application\/ld+json\" class=\"yoast-schema-graph\">{\"@context\":\"https:\/\/schema.org\",\"@graph\":[{\"@type\":\"WebPage\",\"@id\":\"https:\/\/toys.lt\/lv\/produktas\/clementoni-bernu-izglitojosa-rotallieta-magic-colours-tree-kopija-kopija\/\",\"url\":\"https:\/\/toys.lt\/lv\/produktas\/clementoni-bernu-izglitojosa-rotallieta-magic-colours-tree-kopija-kopija\/\",\"name\":\"Clementoni ugunsdz\u0113s\u0113ju stacijas gar\u0101\u017ea Trampl\u012bni - Toys.lt\",\"isPartOf\":{\"@id\":\"https:\/\/toys.lt\/lv\/#website\"},\"primaryImageOfPage\":{\"@id\":\"https:\/\/toys.lt\/lv\/produktas\/clementoni-bernu-izglitojosa-rotallieta-magic-colours-tree-kopija-kopija\/#primaryimage\"},\"image\":{\"@id\":\"https:\/\/toys.lt\/lv\/produktas\/clementoni-bernu-izglitojosa-rotallieta-magic-colours-tree-kopija-kopija\/#primaryimage\"},\"thumbnailUrl\":\"https:\/\/toys.lt\/wp-content\/uploads\/2025\/12\/17559-clementoni-garazas-1.jpg\",\"datePublished\":\"2025-12-07T16:46:57+00:00\",\"dateModified\":\"2026-04-08T00:00:58+00:00\",\"description\":\"Clementoni Ugunsdz\u0113s\u0113ju stacijas gar\u0101\u017ea Tumbbling Cars ar tumblinga funkciju un ma\u0161\u012bnu komplekt\u0101. Att\u012bsta motoriku un zin\u0101tk\u0101ri. Piem\u0113rots b\u0113rniem no 18 m\u0113ne\u0161iem.\",\"breadcrumb\":{\"@id\":\"https:\/\/toys.lt\/lv\/produktas\/clementoni-bernu-izglitojosa-rotallieta-magic-colours-tree-kopija-kopija\/#breadcrumb\"},\"inLanguage\":\"lv-LV\",\"potentialAction\":[{\"@type\":\"ReadAction\",\"target\":[\"https:\/\/toys.lt\/lv\/produktas\/clementoni-bernu-izglitojosa-rotallieta-magic-colours-tree-kopija-kopija\/\"]}]},{\"@type\":\"ImageObject\",\"inLanguage\":\"lv-LV\",\"@id\":\"https:\/\/toys.lt\/lv\/produktas\/clementoni-bernu-izglitojosa-rotallieta-magic-colours-tree-kopija-kopija\/#primaryimage\",\"url\":\"https:\/\/toys.lt\/wp-content\/uploads\/2025\/12\/17559-clementoni-garazas-1.jpg\",\"contentUrl\":\"https:\/\/toys.lt\/wp-content\/uploads\/2025\/12\/17559-clementoni-garazas-1.jpg\",\"width\":1000,\"height\":734},{\"@type\":\"BreadcrumbList\",\"@id\":\"https:\/\/toys.lt\/lv\/produktas\/clementoni-bernu-izglitojosa-rotallieta-magic-colours-tree-kopija-kopija\/#breadcrumb\",\"itemListElement\":[{\"@type\":\"ListItem\",\"position\":1,\"name\":\"Home\",\"item\":\"https:\/\/toys.lt\/lv\/\"},{\"@type\":\"ListItem\",\"position\":2,\"name\":\"Veikals\",\"item\":\"https:\/\/toys.lt\/lv\/shop\/\"},{\"@type\":\"ListItem\",\"position\":3,\"name\":\"Clementoni ugunsdz\u0113s\u0113ju stacijas gar\u0101\u017ea Trampl\u012bni\"}]},{\"@type\":\"WebSite\",\"@id\":\"https:\/\/toys.lt\/lv\/#website\",\"url\":\"https:\/\/toys.lt\/lv\/\",\"name\":\"Toys.lt\",\"description\":\"\",\"potentialAction\":[{\"@type\":\"SearchAction\",\"target\":{\"@type\":\"EntryPoint\",\"urlTemplate\":\"https:\/\/toys.lt\/lv\/?s={search_term_string}\"},\"query-input\":{\"@type\":\"PropertyValueSpecification\",\"valueRequired\":true,\"valueName\":\"search_term_string\"}}],\"inLanguage\":\"lv-LV\"}]}<\/script>\n<!-- \/ Yoast SEO plugin. -->","yoast_head_json":{"title":"Clementoni ugunsdz\u0113s\u0113ju stacijas gar\u0101\u017ea Trampl\u012bni - Toys.lt","description":"Clementoni Ugunsdz\u0113s\u0113ju stacijas gar\u0101\u017ea Tumbbling Cars ar tumblinga funkciju un ma\u0161\u012bnu komplekt\u0101. Att\u012bsta motoriku un zin\u0101tk\u0101ri. Piem\u0113rots b\u0113rniem no 18 m\u0113ne\u0161iem.","robots":{"index":"index","follow":"follow","max-snippet":"max-snippet:-1","max-image-preview":"max-image-preview:large","max-video-preview":"max-video-preview:-1"},"canonical":"https:\/\/toys.lt\/lv\/produktas\/clementoni-bernu-izglitojosa-rotallieta-magic-colours-tree-kopija-kopija\/","og_locale":"lv_LV","og_type":"article","og_title":"Clementoni ugunsdz\u0113s\u0113ju stacijas gar\u0101\u017ea Trampl\u012bni - Toys.lt","og_description":"Clementoni Ugunsdz\u0113s\u0113ju stacijas gar\u0101\u017ea Tumbbling Cars ar tumblinga funkciju un ma\u0161\u012bnu komplekt\u0101. Att\u012bsta motoriku un zin\u0101tk\u0101ri. Piem\u0113rots b\u0113rniem no 18 m\u0113ne\u0161iem.","og_url":"https:\/\/toys.lt\/lv\/produktas\/clementoni-bernu-izglitojosa-rotallieta-magic-colours-tree-kopija-kopija\/","og_site_name":"Toys.lt","article_modified_time":"2026-04-08T00:00:58+00:00","og_image":[{"width":1000,"height":734,"url":"https:\/\/toys.lt\/wp-content\/uploads\/2025\/12\/17559-clementoni-garazas-1.jpg","type":"image\/jpeg"}],"twitter_card":"summary_large_image","twitter_misc":{"Est. reading time":"1 minute"},"schema":{"@context":"https:\/\/schema.org","@graph":[{"@type":"WebPage","@id":"https:\/\/toys.lt\/lv\/produktas\/clementoni-bernu-izglitojosa-rotallieta-magic-colours-tree-kopija-kopija\/","url":"https:\/\/toys.lt\/lv\/produktas\/clementoni-bernu-izglitojosa-rotallieta-magic-colours-tree-kopija-kopija\/","name":"Clementoni ugunsdz\u0113s\u0113ju stacijas gar\u0101\u017ea Trampl\u012bni - Toys.lt","isPartOf":{"@id":"https:\/\/toys.lt\/lv\/#website"},"primaryImageOfPage":{"@id":"https:\/\/toys.lt\/lv\/produktas\/clementoni-bernu-izglitojosa-rotallieta-magic-colours-tree-kopija-kopija\/#primaryimage"},"image":{"@id":"https:\/\/toys.lt\/lv\/produktas\/clementoni-bernu-izglitojosa-rotallieta-magic-colours-tree-kopija-kopija\/#primaryimage"},"thumbnailUrl":"https:\/\/toys.lt\/wp-content\/uploads\/2025\/12\/17559-clementoni-garazas-1.jpg","datePublished":"2025-12-07T16:46:57+00:00","dateModified":"2026-04-08T00:00:58+00:00","description":"Clementoni Ugunsdz\u0113s\u0113ju stacijas gar\u0101\u017ea Tumbbling Cars ar tumblinga funkciju un ma\u0161\u012bnu komplekt\u0101. Att\u012bsta motoriku un zin\u0101tk\u0101ri. Piem\u0113rots b\u0113rniem no 18 m\u0113ne\u0161iem.","breadcrumb":{"@id":"https:\/\/toys.lt\/lv\/produktas\/clementoni-bernu-izglitojosa-rotallieta-magic-colours-tree-kopija-kopija\/#breadcrumb"},"inLanguage":"lv-LV","potentialAction":[{"@type":"ReadAction","target":["https:\/\/toys.lt\/lv\/produktas\/clementoni-bernu-izglitojosa-rotallieta-magic-colours-tree-kopija-kopija\/"]}]},{"@type":"ImageObject","inLanguage":"lv-LV","@id":"https:\/\/toys.lt\/lv\/produktas\/clementoni-bernu-izglitojosa-rotallieta-magic-colours-tree-kopija-kopija\/#primaryimage","url":"https:\/\/toys.lt\/wp-content\/uploads\/2025\/12\/17559-clementoni-garazas-1.jpg","contentUrl":"https:\/\/toys.lt\/wp-content\/uploads\/2025\/12\/17559-clementoni-garazas-1.jpg","width":1000,"height":734},{"@type":"BreadcrumbList","@id":"https:\/\/toys.lt\/lv\/produktas\/clementoni-bernu-izglitojosa-rotallieta-magic-colours-tree-kopija-kopija\/#breadcrumb","itemListElement":[{"@type":"ListItem","position":1,"name":"Home","item":"https:\/\/toys.lt\/lv\/"},{"@type":"ListItem","position":2,"name":"Veikals","item":"https:\/\/toys.lt\/lv\/shop\/"},{"@type":"ListItem","position":3,"name":"Clementoni ugunsdz\u0113s\u0113ju stacijas gar\u0101\u017ea Trampl\u012bni"}]},{"@type":"WebSite","@id":"https:\/\/toys.lt\/lv\/#website","url":"https:\/\/toys.lt\/lv\/","name":"Toys.lt","description":"","potentialAction":[{"@type":"SearchAction","target":{"@type":"EntryPoint","urlTemplate":"https:\/\/toys.lt\/lv\/?s={search_term_string}"},"query-input":{"@type":"PropertyValueSpecification","valueRequired":true,"valueName":"search_term_string"}}],"inLanguage":"lv-LV"}]}},"_links":{"self":[{"href":"https:\/\/toys.lt\/lv\/wp-json\/wp\/v2\/product\/47929","targetHints":{"allow":["GET"]}}],"collection":[{"href":"https:\/\/toys.lt\/lv\/wp-json\/wp\/v2\/product"}],"about":[{"href":"https:\/\/toys.lt\/lv\/wp-json\/wp\/v2\/types\/product"}],"replies":[{"embeddable":true,"href":"https:\/\/toys.lt\/lv\/wp-json\/wp\/v2\/comments?post=47929"}],"version-history":[{"count":2,"href":"https:\/\/toys.lt\/lv\/wp-json\/wp\/v2\/product\/47929\/revisions"}],"predecessor-version":[{"id":48402,"href":"https:\/\/toys.lt\/lv\/wp-json\/wp\/v2\/product\/47929\/revisions\/48402"}],"wp:featuredmedia":[{"embeddable":true,"href":"https:\/\/toys.lt\/lv\/wp-json\/wp\/v2\/media\/47932"}],"wp:attachment":[{"href":"https:\/\/toys.lt\/lv\/wp-json\/wp\/v2\/media?parent=47929"}],"wp:term":[{"taxonomy":"product_brand","embeddable":true,"href":"https:\/\/toys.lt\/lv\/wp-json\/wp\/v2\/product_brand?post=47929"},{"taxonomy":"product_cat","embeddable":true,"href":"https:\/\/toys.lt\/lv\/wp-json\/wp\/v2\/product_cat?post=47929"},{"taxonomy":"product_tag","embeddable":true,"href":"https:\/\/toys.lt\/lv\/wp-json\/wp\/v2\/product_tag?post=47929"}],"curies":[{"name":"wp","href":"https:\/\/api.w.org\/{rel}","templated":true}]}}