{"id":47874,"date":"2025-12-07T15:27:43","date_gmt":"2025-12-07T15:27:43","guid":{"rendered":"https:\/\/toys.lt\/?post_type=product&#038;p=47874"},"modified":"2026-04-08T00:00:59","modified_gmt":"2026-04-08T00:00:59","slug":"clementoni-kosmosa-rakete-sensora-rotallieta-ar-kluciem-kopija-3","status":"publish","type":"product","link":"https:\/\/toys.lt\/lv\/produktas\/clementoni-kosmosa-rakete-sensora-rotallieta-ar-kluciem-kopija-3\/","title":{"rendered":"Clementoni Sensorais rull\u012btis ar Clemmy kluc\u012b\u0161iem"},"content":{"rendered":"<p data-start=\"265\" data-end=\"635\">\u013baujiet mazulim atkl\u0101t kr\u0101su, fakt\u016bru un kust\u012bbu pasauli ar \u0161o m\u012bksto, dro\u0161o un izgl\u012btojo\u0161o <strong data-start=\"364\" data-end=\"395\">sensoro rull\u012bti<\/strong>. \u012apa\u0161i izstr\u0101d\u0101ts mazajiem, tas pied\u0101v\u0101 pla\u0161u aktivit\u0101\u0161u kl\u0101stu: no kluc\u012b\u0161u &#8220;baro\u0161anas&#8221; uz rull\u012b\u0161a l\u012bdz \u0161\u0137iro\u0161anai, tor\u0146u k\u0101rto\u0161anai un sensor\u0101s virsmas izp\u0113tei.<br data-start=\"561\" data-end=\"564\">Ide\u0101la rota\u013clieta motoriskai, sensorai, rado\u0161ai un kognit\u012bvai att\u012bst\u012bbai. <\/p>\n<hr data-start=\"637\" data-end=\"640\">\n<h2 data-start=\"642\" data-end=\"656\"><strong data-start=\"645\" data-end=\"656\">Funkcijas<\/strong><\/h2>\n<ul data-start=\"657\" data-end=\"1143\">\n<li data-start=\"657\" data-end=\"731\">\n<p data-start=\"659\" data-end=\"731\">Sensor\u0101s konstrukcijas rull\u012btis ar m\u012bkstiem Clemmy spilventi\u0146iem<\/p>\n<\/li>\n<li data-start=\"732\" data-end=\"816\">\n<p data-start=\"734\" data-end=\"816\">Komplekt\u0101 ietilpst: rota\u013cu transportl\u012bdzeklis + 8 m\u012bksti, mazg\u0101jami Clemmy kluc\u012b\u0161i.<\/p>\n<\/li>\n<li data-start=\"817\" data-end=\"878\">\n<p data-start=\"819\" data-end=\"878\">Stimul\u0113 motorisk\u0101s prasmes, \u0161\u0137iro\u0161anu, krau\u0161anu un sensor\u0101s izzi\u0146as procesu.<\/p>\n<\/li>\n<li data-start=\"879\" data-end=\"952\">\n<p data-start=\"881\" data-end=\"952\">&#8220;Atkritumu \u0113damais&#8221; rull\u012btis, ielai\u017eamais logs un aizmugur\u0113j\u0101 dobum\u0101, kas paredz\u0113ts izve\u0161anai.<\/p>\n<\/li>\n<li data-start=\"953\" data-end=\"998\">\n<p data-start=\"955\" data-end=\"998\">Da\u017e\u0101das tekst\u016bras sensorai izp\u0113tei<\/p>\n<\/li>\n<li data-start=\"999\" data-end=\"1051\">\n<p data-start=\"1001\" data-end=\"1051\">M\u012bksts, maigs un piln\u012bgi dro\u0161s z\u012bdai\u0146iem<\/p>\n<\/li>\n<li data-start=\"1052\" data-end=\"1097\">\n<p data-start=\"1054\" data-end=\"1097\">Piem\u0113rots iek\u0161\u0137\u012bgai lieto\u0161anai, neb\u012bstama forma<\/p>\n<\/li>\n<li data-start=\"1098\" data-end=\"1143\">\n<p data-start=\"1100\" data-end=\"1143\">Paredz\u0113ts mazajiem &#8211; no 6 m\u0113ne\u0161iem<\/p>\n<\/li>\n<\/ul>\n<hr data-start=\"1145\" data-end=\"1148\">\n<h2 data-start=\"1150\" data-end=\"1177\"><strong data-start=\"1153\" data-end=\"1177\">Tehnisk\u0101 inform\u0101cija<\/strong><\/h2>\n<ul data-start=\"1178\" data-end=\"1491\">\n<li data-start=\"1178\" data-end=\"1203\">\n<p data-start=\"1180\" data-end=\"1203\"><strong data-start=\"1180\" data-end=\"1191\">Vecums:<\/strong> 6-36 m\u0113ne\u0161i<\/p>\n<\/li>\n<li data-start=\"1204\" data-end=\"1242\">\n<p data-start=\"1206\" data-end=\"1242\"><strong data-start=\"1206\" data-end=\"1225\">Iepakojuma izm\u0113rs:<\/strong> 25 \u00d7 17 \u00d7 6 cm<\/p>\n<\/li>\n<li data-start=\"1243\" data-end=\"1272\">\n<p data-start=\"1245\" data-end=\"1272\"><strong data-start=\"1245\" data-end=\"1263\">Izstr\u0101d\u0101juma svars:<\/strong> 750 g<\/p>\n<\/li>\n<li data-start=\"1273\" data-end=\"1341\">\n<p data-start=\"1275\" data-end=\"1341\"><strong data-start=\"1275\" data-end=\"1289\">Materi\u0101li:<\/strong> m\u012bksti, netoksiski, mazg\u0101jami Clemmy spilventi\u0146i<\/p>\n<\/li>\n<li data-start=\"1342\" data-end=\"1401\">\n<p data-start=\"1344\" data-end=\"1401\"><strong data-start=\"1344\" data-end=\"1358\">Komplekt\u0101 ietilpst:<\/strong> rull\u012btis + 8 m\u012bksti bloki<\/p>\n<\/li>\n<li data-start=\"1402\" data-end=\"1444\">\n<p data-start=\"1404\" data-end=\"1444\"><strong data-start=\"1404\" data-end=\"1421\">Izcelsmes valsts:<\/strong> It\u0101lija \/ Clementoni<\/p>\n<\/li>\n<li data-start=\"1445\" data-end=\"1491\">\n<p data-start=\"1447\" data-end=\"1491\"><strong data-start=\"1447\" data-end=\"1460\">Dro\u0161\u012bba:<\/strong> nesatur BPA, piem\u0113rots iek\u0161\u0137\u012bgai lieto\u0161anai<\/p>\n<\/li>\n<\/ul>\n<hr data-start=\"1493\" data-end=\"1496\">\n<h2 data-start=\"1498\" data-end=\"1522\"><strong data-start=\"1501\" data-end=\"1522\">Dro\u0161\u012bbas br\u012bdin\u0101jums<\/strong><\/h2>\n<ul data-start=\"1523\" data-end=\"1651\">\n<li data-start=\"1523\" data-end=\"1564\">\n<p data-start=\"1525\" data-end=\"1564\">Lietojiet tikai pieaugu\u0161o uzraudz\u012bb\u0101.<\/p>\n<\/li>\n<li data-start=\"1565\" data-end=\"1609\">\n<p data-start=\"1567\" data-end=\"1609\">Neizmantojiet boj\u0101tus spilventi\u0146us vai deta\u013cas.<\/p>\n<\/li>\n<li data-start=\"1610\" data-end=\"1651\">\n<p data-start=\"1612\" data-end=\"1651\">Uzglab\u0101t t\u0101l\u0101k no karstuma avotiem.<\/p>\n<\/li>\n<\/ul>\n","protected":false},"excerpt":{"rendered":"<ul data-start=\"1178\" data-end=\"1491\">\n<li data-start=\"1178\" data-end=\"1203\">\n<p data-start=\"1180\" data-end=\"1203\"><strong data-start=\"1180\" data-end=\"1191\">Vecums:<\/strong> 6-36 m\u0113ne\u0161i<\/p>\n<\/li>\n<li data-start=\"1204\" data-end=\"1242\">\n<p data-start=\"1206\" data-end=\"1242\"><strong data-start=\"1206\" data-end=\"1225\">Iepakojuma izm\u0113rs:<\/strong> 25 \u00d7 17 \u00d7 6 cm<\/p>\n<\/li>\n<li data-start=\"1243\" data-end=\"1272\">\n<p data-start=\"1245\" data-end=\"1272\"><strong data-start=\"1245\" data-end=\"1263\">Izstr\u0101d\u0101juma svars:<\/strong> 750 g<\/p>\n<\/li>\n<li data-start=\"1273\" data-end=\"1341\">\n<p data-start=\"1275\" data-end=\"1341\"><strong data-start=\"1275\" data-end=\"1289\">Materi\u0101li:<\/strong> m\u012bksti, netoksiski, mazg\u0101jami Clemmy spilventi\u0146i<\/p>\n<\/li>\n<li data-start=\"1342\" data-end=\"1401\">\n<p data-start=\"1344\" data-end=\"1401\"><strong data-start=\"1344\" data-end=\"1358\">Komplekt\u0101 ietilpst:<\/strong> rull\u012btis + 8 m\u012bksti bloki<\/p>\n<\/li>\n<li data-start=\"1402\" data-end=\"1444\">\n<p data-start=\"1404\" data-end=\"1444\"><strong data-start=\"1404\" data-end=\"1421\">Izcelsmes valsts:<\/strong> It\u0101lija \/ Clementoni<\/p>\n<\/li>\n<li data-start=\"1445\" data-end=\"1491\">\n<p data-start=\"1447\" data-end=\"1491\"><strong data-start=\"1447\" data-end=\"1460\">Dro\u0161\u012bba:<\/strong> nesatur BPA, piem\u0113rots iek\u0161\u0137\u012bgai lieto\u0161anai<\/p>\n<\/li>\n<\/ul>\n","protected":false},"featured_media":47876,"comment_status":"open","ping_status":"closed","template":"","meta":[],"product_brand":[384],"product_cat":[1157,1155],"product_tag":[],"class_list":{"0":"post-47874","1":"product","2":"type-product","3":"status-publish","4":"has-post-thumbnail","6":"product_brand-clementoni-2","7":"product_cat-izglitojosas-un-interaktivas-rotallietas","8":"product_cat-leti","9":"pa_amziaus-grupe-0-lv","10":"pa_prek-s-tipas-puzles-un-atjautibas-uzdevumi","11":"pa_prekes-zenklas-clementoni-lv","13":"first","14":"instock","15":"taxable","16":"shipping-taxable","17":"purchasable","18":"product-type-simple"},"yoast_head":"<!-- This site is optimized with the Yoast SEO plugin v26.3 - https:\/\/yoast.com\/wordpress\/plugins\/seo\/ -->\n<title>Clementoni Sensorais rull\u012btis ar Clemmy kluc\u012b\u0161iem - Toys.lt<\/title>\n<meta name=\"description\" content=\"Sensorais rull\u012btis ar 8 m\u012bkstiem Clemmy spilventi\u0146iem. Att\u012bsta motoriku un ma\u0146as. Dro\u0161a rota\u013clieta z\u012bdai\u0146iem no 6 l\u012bdz 36 m\u0113ne\u0161iem. M\u012bksts, mazg\u0101jams, nesatur BPA.\" \/>\n<meta name=\"robots\" content=\"index, follow, max-snippet:-1, max-image-preview:large, max-video-preview:-1\" \/>\n<link rel=\"canonical\" href=\"https:\/\/toys.lt\/lv\/produktas\/clementoni-kosmosa-rakete-sensora-rotallieta-ar-kluciem-kopija-3\/\" \/>\n<meta property=\"og:locale\" content=\"lv_LV\" \/>\n<meta property=\"og:type\" content=\"article\" \/>\n<meta property=\"og:title\" content=\"Clementoni Sensorais rull\u012btis ar Clemmy kluc\u012b\u0161iem - Toys.lt\" \/>\n<meta property=\"og:description\" content=\"Sensorais rull\u012btis ar 8 m\u012bkstiem Clemmy spilventi\u0146iem. Att\u012bsta motoriku un ma\u0146as. Dro\u0161a rota\u013clieta z\u012bdai\u0146iem no 6 l\u012bdz 36 m\u0113ne\u0161iem. M\u012bksts, mazg\u0101jams, nesatur BPA.\" \/>\n<meta property=\"og:url\" content=\"https:\/\/toys.lt\/lv\/produktas\/clementoni-kosmosa-rakete-sensora-rotallieta-ar-kluciem-kopija-3\/\" \/>\n<meta property=\"og:site_name\" content=\"Toys.lt\" \/>\n<meta property=\"article:modified_time\" content=\"2026-04-08T00:00:59+00:00\" \/>\n<meta property=\"og:image\" content=\"https:\/\/toys.lt\/wp-content\/uploads\/2025\/12\/17495-clementoni-masinele-1.jpg\" \/>\n\t<meta property=\"og:image:width\" content=\"1500\" \/>\n\t<meta property=\"og:image:height\" content=\"893\" \/>\n\t<meta property=\"og:image:type\" content=\"image\/jpeg\" \/>\n<meta name=\"twitter:card\" content=\"summary_large_image\" \/>\n<meta name=\"twitter:label1\" content=\"Est. reading time\" \/>\n\t<meta name=\"twitter:data1\" content=\"1 minute\" \/>\n<script type=\"application\/ld+json\" class=\"yoast-schema-graph\">{\"@context\":\"https:\/\/schema.org\",\"@graph\":[{\"@type\":\"WebPage\",\"@id\":\"https:\/\/toys.lt\/lv\/produktas\/clementoni-kosmosa-rakete-sensora-rotallieta-ar-kluciem-kopija-3\/\",\"url\":\"https:\/\/toys.lt\/lv\/produktas\/clementoni-kosmosa-rakete-sensora-rotallieta-ar-kluciem-kopija-3\/\",\"name\":\"Clementoni Sensorais rull\u012btis ar Clemmy kluc\u012b\u0161iem - Toys.lt\",\"isPartOf\":{\"@id\":\"https:\/\/toys.lt\/lv\/#website\"},\"primaryImageOfPage\":{\"@id\":\"https:\/\/toys.lt\/lv\/produktas\/clementoni-kosmosa-rakete-sensora-rotallieta-ar-kluciem-kopija-3\/#primaryimage\"},\"image\":{\"@id\":\"https:\/\/toys.lt\/lv\/produktas\/clementoni-kosmosa-rakete-sensora-rotallieta-ar-kluciem-kopija-3\/#primaryimage\"},\"thumbnailUrl\":\"https:\/\/toys.lt\/wp-content\/uploads\/2025\/12\/17495-clementoni-masinele-1.jpg\",\"datePublished\":\"2025-12-07T15:27:43+00:00\",\"dateModified\":\"2026-04-08T00:00:59+00:00\",\"description\":\"Sensorais rull\u012btis ar 8 m\u012bkstiem Clemmy spilventi\u0146iem. Att\u012bsta motoriku un ma\u0146as. Dro\u0161a rota\u013clieta z\u012bdai\u0146iem no 6 l\u012bdz 36 m\u0113ne\u0161iem. M\u012bksts, mazg\u0101jams, nesatur BPA.\",\"breadcrumb\":{\"@id\":\"https:\/\/toys.lt\/lv\/produktas\/clementoni-kosmosa-rakete-sensora-rotallieta-ar-kluciem-kopija-3\/#breadcrumb\"},\"inLanguage\":\"lv-LV\",\"potentialAction\":[{\"@type\":\"ReadAction\",\"target\":[\"https:\/\/toys.lt\/lv\/produktas\/clementoni-kosmosa-rakete-sensora-rotallieta-ar-kluciem-kopija-3\/\"]}]},{\"@type\":\"ImageObject\",\"inLanguage\":\"lv-LV\",\"@id\":\"https:\/\/toys.lt\/lv\/produktas\/clementoni-kosmosa-rakete-sensora-rotallieta-ar-kluciem-kopija-3\/#primaryimage\",\"url\":\"https:\/\/toys.lt\/wp-content\/uploads\/2025\/12\/17495-clementoni-masinele-1.jpg\",\"contentUrl\":\"https:\/\/toys.lt\/wp-content\/uploads\/2025\/12\/17495-clementoni-masinele-1.jpg\",\"width\":1500,\"height\":893},{\"@type\":\"BreadcrumbList\",\"@id\":\"https:\/\/toys.lt\/lv\/produktas\/clementoni-kosmosa-rakete-sensora-rotallieta-ar-kluciem-kopija-3\/#breadcrumb\",\"itemListElement\":[{\"@type\":\"ListItem\",\"position\":1,\"name\":\"Home\",\"item\":\"https:\/\/toys.lt\/lv\/\"},{\"@type\":\"ListItem\",\"position\":2,\"name\":\"Veikals\",\"item\":\"https:\/\/toys.lt\/lv\/shop\/\"},{\"@type\":\"ListItem\",\"position\":3,\"name\":\"Clementoni Sensorais rull\u012btis ar Clemmy kluc\u012b\u0161iem\"}]},{\"@type\":\"WebSite\",\"@id\":\"https:\/\/toys.lt\/lv\/#website\",\"url\":\"https:\/\/toys.lt\/lv\/\",\"name\":\"Toys.lt\",\"description\":\"\",\"potentialAction\":[{\"@type\":\"SearchAction\",\"target\":{\"@type\":\"EntryPoint\",\"urlTemplate\":\"https:\/\/toys.lt\/lv\/?s={search_term_string}\"},\"query-input\":{\"@type\":\"PropertyValueSpecification\",\"valueRequired\":true,\"valueName\":\"search_term_string\"}}],\"inLanguage\":\"lv-LV\"}]}<\/script>\n<!-- \/ Yoast SEO plugin. -->","yoast_head_json":{"title":"Clementoni Sensorais rull\u012btis ar Clemmy kluc\u012b\u0161iem - Toys.lt","description":"Sensorais rull\u012btis ar 8 m\u012bkstiem Clemmy spilventi\u0146iem. Att\u012bsta motoriku un ma\u0146as. Dro\u0161a rota\u013clieta z\u012bdai\u0146iem no 6 l\u012bdz 36 m\u0113ne\u0161iem. M\u012bksts, mazg\u0101jams, nesatur BPA.","robots":{"index":"index","follow":"follow","max-snippet":"max-snippet:-1","max-image-preview":"max-image-preview:large","max-video-preview":"max-video-preview:-1"},"canonical":"https:\/\/toys.lt\/lv\/produktas\/clementoni-kosmosa-rakete-sensora-rotallieta-ar-kluciem-kopija-3\/","og_locale":"lv_LV","og_type":"article","og_title":"Clementoni Sensorais rull\u012btis ar Clemmy kluc\u012b\u0161iem - Toys.lt","og_description":"Sensorais rull\u012btis ar 8 m\u012bkstiem Clemmy spilventi\u0146iem. Att\u012bsta motoriku un ma\u0146as. Dro\u0161a rota\u013clieta z\u012bdai\u0146iem no 6 l\u012bdz 36 m\u0113ne\u0161iem. M\u012bksts, mazg\u0101jams, nesatur BPA.","og_url":"https:\/\/toys.lt\/lv\/produktas\/clementoni-kosmosa-rakete-sensora-rotallieta-ar-kluciem-kopija-3\/","og_site_name":"Toys.lt","article_modified_time":"2026-04-08T00:00:59+00:00","og_image":[{"width":1500,"height":893,"url":"https:\/\/toys.lt\/wp-content\/uploads\/2025\/12\/17495-clementoni-masinele-1.jpg","type":"image\/jpeg"}],"twitter_card":"summary_large_image","twitter_misc":{"Est. reading time":"1 minute"},"schema":{"@context":"https:\/\/schema.org","@graph":[{"@type":"WebPage","@id":"https:\/\/toys.lt\/lv\/produktas\/clementoni-kosmosa-rakete-sensora-rotallieta-ar-kluciem-kopija-3\/","url":"https:\/\/toys.lt\/lv\/produktas\/clementoni-kosmosa-rakete-sensora-rotallieta-ar-kluciem-kopija-3\/","name":"Clementoni Sensorais rull\u012btis ar Clemmy kluc\u012b\u0161iem - Toys.lt","isPartOf":{"@id":"https:\/\/toys.lt\/lv\/#website"},"primaryImageOfPage":{"@id":"https:\/\/toys.lt\/lv\/produktas\/clementoni-kosmosa-rakete-sensora-rotallieta-ar-kluciem-kopija-3\/#primaryimage"},"image":{"@id":"https:\/\/toys.lt\/lv\/produktas\/clementoni-kosmosa-rakete-sensora-rotallieta-ar-kluciem-kopija-3\/#primaryimage"},"thumbnailUrl":"https:\/\/toys.lt\/wp-content\/uploads\/2025\/12\/17495-clementoni-masinele-1.jpg","datePublished":"2025-12-07T15:27:43+00:00","dateModified":"2026-04-08T00:00:59+00:00","description":"Sensorais rull\u012btis ar 8 m\u012bkstiem Clemmy spilventi\u0146iem. Att\u012bsta motoriku un ma\u0146as. Dro\u0161a rota\u013clieta z\u012bdai\u0146iem no 6 l\u012bdz 36 m\u0113ne\u0161iem. M\u012bksts, mazg\u0101jams, nesatur BPA.","breadcrumb":{"@id":"https:\/\/toys.lt\/lv\/produktas\/clementoni-kosmosa-rakete-sensora-rotallieta-ar-kluciem-kopija-3\/#breadcrumb"},"inLanguage":"lv-LV","potentialAction":[{"@type":"ReadAction","target":["https:\/\/toys.lt\/lv\/produktas\/clementoni-kosmosa-rakete-sensora-rotallieta-ar-kluciem-kopija-3\/"]}]},{"@type":"ImageObject","inLanguage":"lv-LV","@id":"https:\/\/toys.lt\/lv\/produktas\/clementoni-kosmosa-rakete-sensora-rotallieta-ar-kluciem-kopija-3\/#primaryimage","url":"https:\/\/toys.lt\/wp-content\/uploads\/2025\/12\/17495-clementoni-masinele-1.jpg","contentUrl":"https:\/\/toys.lt\/wp-content\/uploads\/2025\/12\/17495-clementoni-masinele-1.jpg","width":1500,"height":893},{"@type":"BreadcrumbList","@id":"https:\/\/toys.lt\/lv\/produktas\/clementoni-kosmosa-rakete-sensora-rotallieta-ar-kluciem-kopija-3\/#breadcrumb","itemListElement":[{"@type":"ListItem","position":1,"name":"Home","item":"https:\/\/toys.lt\/lv\/"},{"@type":"ListItem","position":2,"name":"Veikals","item":"https:\/\/toys.lt\/lv\/shop\/"},{"@type":"ListItem","position":3,"name":"Clementoni Sensorais rull\u012btis ar Clemmy kluc\u012b\u0161iem"}]},{"@type":"WebSite","@id":"https:\/\/toys.lt\/lv\/#website","url":"https:\/\/toys.lt\/lv\/","name":"Toys.lt","description":"","potentialAction":[{"@type":"SearchAction","target":{"@type":"EntryPoint","urlTemplate":"https:\/\/toys.lt\/lv\/?s={search_term_string}"},"query-input":{"@type":"PropertyValueSpecification","valueRequired":true,"valueName":"search_term_string"}}],"inLanguage":"lv-LV"}]}},"_links":{"self":[{"href":"https:\/\/toys.lt\/lv\/wp-json\/wp\/v2\/product\/47874","targetHints":{"allow":["GET"]}}],"collection":[{"href":"https:\/\/toys.lt\/lv\/wp-json\/wp\/v2\/product"}],"about":[{"href":"https:\/\/toys.lt\/lv\/wp-json\/wp\/v2\/types\/product"}],"replies":[{"embeddable":true,"href":"https:\/\/toys.lt\/lv\/wp-json\/wp\/v2\/comments?post=47874"}],"version-history":[{"count":2,"href":"https:\/\/toys.lt\/lv\/wp-json\/wp\/v2\/product\/47874\/revisions"}],"predecessor-version":[{"id":48401,"href":"https:\/\/toys.lt\/lv\/wp-json\/wp\/v2\/product\/47874\/revisions\/48401"}],"wp:featuredmedia":[{"embeddable":true,"href":"https:\/\/toys.lt\/lv\/wp-json\/wp\/v2\/media\/47876"}],"wp:attachment":[{"href":"https:\/\/toys.lt\/lv\/wp-json\/wp\/v2\/media?parent=47874"}],"wp:term":[{"taxonomy":"product_brand","embeddable":true,"href":"https:\/\/toys.lt\/lv\/wp-json\/wp\/v2\/product_brand?post=47874"},{"taxonomy":"product_cat","embeddable":true,"href":"https:\/\/toys.lt\/lv\/wp-json\/wp\/v2\/product_cat?post=47874"},{"taxonomy":"product_tag","embeddable":true,"href":"https:\/\/toys.lt\/lv\/wp-json\/wp\/v2\/product_tag?post=47874"}],"curies":[{"name":"wp","href":"https:\/\/api.w.org\/{rel}","templated":true}]}}