{"id":47727,"date":"2025-12-05T01:46:18","date_gmt":"2025-12-05T01:46:18","guid":{"rendered":"https:\/\/toys.lt\/?post_type=product&#038;p=47727"},"modified":"2026-04-08T00:01:02","modified_gmt":"2026-04-08T00:01:02","slug":"rotallietu-inerces-kombains-kopija","status":"publish","type":"product","link":"https:\/\/toys.lt\/lv\/produktas\/rotallietu-inerces-kombains-kopija\/","title":{"rendered":"Rota\u013clietu kombains ar gaism\u0101m un ska\u0146\u0101m (19 cm)"},"content":{"rendered":"<p data-start=\"246\" data-end=\"419\">Rota\u013clietu kombains ar inerci\u0101lo meh\u0101nismu un gaismas un ska\u0146as funkcij\u0101m. Rota\u013clietai ir vair\u0101kas manu\u0101li kust\u012bgas deta\u013cas, un t\u0101 ir piem\u0113rota lomu sp\u0113l\u0113m ar fermas tematiku. <\/p>\n<hr data-start=\"421\" data-end=\"424\">\n<h2 data-start=\"426\" data-end=\"442\"><strong data-start=\"431\" data-end=\"442\">\u2b50 Funkcijas<\/strong><\/h2>\n<ul data-start=\"443\" data-end=\"634\">\n<li data-start=\"443\" data-end=\"502\">\n<p data-start=\"445\" data-end=\"502\">inerces meh\u0101nisms (velk atpaka\u013c, lai virz\u012btos uz priek\u0161u).<\/p>\n<\/li>\n<li data-start=\"503\" data-end=\"533\">\n<p data-start=\"505\" data-end=\"533\">Gaismas un ska\u0146as funkcijas<\/p>\n<\/li>\n<li data-start=\"534\" data-end=\"574\">\n<p data-start=\"536\" data-end=\"574\">Priek\u0161\u0113jo un s\u0101nu da\u013cu p\u0101rvieto\u0161ana<\/p>\n<\/li>\n<li data-start=\"575\" data-end=\"607\">\n<p data-start=\"577\" data-end=\"607\">Iztur\u012bgs plastmasas korpuss<\/p>\n<\/li>\n<li data-start=\"608\" data-end=\"634\">\n<p data-start=\"610\" data-end=\"634\">Piem\u0113rots b\u0113rniem no 3 gadu vecuma<\/p>\n<\/li>\n<\/ul>\n<hr data-start=\"678\" data-end=\"681\">\n<h2 data-start=\"683\" data-end=\"713\">\ud83d\udd27 <strong data-start=\"689\" data-end=\"713\">Tehnisk\u0101 inform\u0101cija<\/strong><\/h2>\n<ul data-start=\"714\" data-end=\"901\">\n<li data-start=\"714\" data-end=\"749\">\n<p data-start=\"716\" data-end=\"749\">Izm\u0113rs: 19 \u00d7 19 \u00d7 11 cm<\/p>\n<\/li>\n<li data-start=\"750\" data-end=\"785\">\n<p data-start=\"752\" data-end=\"785\">Iepakojuma izm\u0113rs: 23 \u00d7 14 \u00d7 13 cm<\/p>\n<\/li>\n<li data-start=\"786\" data-end=\"804\">\n<p data-start=\"788\" data-end=\"804\">Svars: 0,4 kg<\/p>\n<\/li>\n<li data-start=\"805\" data-end=\"839\">\n<p data-start=\"807\" data-end=\"839\">Baro\u0161anas avots: 3 \u00d7 AG13 elementi<\/p>\n<\/li>\n<li data-start=\"840\" data-end=\"878\">\n<p data-start=\"842\" data-end=\"878\">Ieteicamais vecums: no 3 gadiem<\/p>\n<\/li>\n<\/ul>\n<p><strong data-start=\"521\" data-end=\"543\">Dro\u0161\u012bbas br\u012bdin\u0101jums:<\/strong> nav piem\u0113rots b\u0113rniem l\u012bdz 3 gadu vecumam &#8211; satur s\u012bkas deta\u013cas, past\u0101v aizr\u012b\u0161an\u0101s risks. Ieteicama pieaugu\u0161o uzraudz\u012bba. <\/p>\n","protected":false},"excerpt":{"rendered":"<ul data-start=\"714\" data-end=\"901\">\n<li data-start=\"714\" data-end=\"749\">\n<p data-start=\"716\" data-end=\"749\">Izm\u0113rs: 19 \u00d7 19 \u00d7 11 cm<\/p>\n<\/li>\n<li data-start=\"750\" data-end=\"785\">\n<p data-start=\"752\" data-end=\"785\">Iepakojuma izm\u0113rs: 23 \u00d7 14 \u00d7 13 cm<\/p>\n<\/li>\n<li data-start=\"786\" data-end=\"804\">\n<p data-start=\"788\" data-end=\"804\">Svars: 0,4 kg<\/p>\n<\/li>\n<li data-start=\"805\" data-end=\"839\">\n<p data-start=\"807\" data-end=\"839\">Baro\u0161anas avots: 3 \u00d7 AG13 elementi<\/p>\n<\/li>\n<li data-start=\"840\" data-end=\"878\">\n<p data-start=\"842\" data-end=\"878\">Ieteicamais vecums: no 3 gadiem<\/p>\n<\/li>\n<li data-start=\"879\" data-end=\"901\">\n<p data-start=\"881\" data-end=\"901\">Izcelsmes valsts: \u0136\u012bna<\/p>\n<\/li>\n<\/ul>\n","protected":false},"featured_media":47729,"comment_status":"open","ping_status":"closed","template":"","meta":[],"product_brand":[],"product_cat":[1176,1177,1406],"product_tag":[],"class_list":{"0":"post-47727","1":"product","2":"type-product","3":"status-publish","4":"has-post-thumbnail","6":"product_cat-rotallietas-zeniem","7":"product_cat-rotalu-automasinas-traktori-un-kapurkedes","8":"product_cat-letakais","10":"first","11":"instock","12":"sale","13":"taxable","14":"shipping-taxable","15":"purchasable","16":"product-type-simple"},"yoast_head":"<!-- This site is optimized with the Yoast SEO plugin v26.3 - https:\/\/yoast.com\/wordpress\/plugins\/seo\/ -->\n<title>Rota\u013clietu kombains ar gaism\u0101m un ska\u0146\u0101m (19 cm) - Toys.lt<\/title>\n<meta name=\"description\" content=\"Rota\u013clietu kombains ar inerci\u0101lo meh\u0101nismu, gaismas un ska\u0146as funkcij\u0101m un kust\u012bg\u0101m deta\u013c\u0101m. Piem\u0113rots b\u0113rniem no 3 gadu vecuma.\" \/>\n<meta name=\"robots\" content=\"index, follow, max-snippet:-1, max-image-preview:large, max-video-preview:-1\" \/>\n<link rel=\"canonical\" href=\"https:\/\/toys.lt\/lv\/produktas\/rotallietu-inerces-kombains-kopija\/\" \/>\n<meta property=\"og:locale\" content=\"lv_LV\" \/>\n<meta property=\"og:type\" content=\"article\" \/>\n<meta property=\"og:title\" content=\"Rota\u013clietu kombains ar gaism\u0101m un ska\u0146\u0101m (19 cm) - Toys.lt\" \/>\n<meta property=\"og:description\" content=\"Rota\u013clietu kombains ar inerci\u0101lo meh\u0101nismu, gaismas un ska\u0146as funkcij\u0101m un kust\u012bg\u0101m deta\u013c\u0101m. Piem\u0113rots b\u0113rniem no 3 gadu vecuma.\" \/>\n<meta property=\"og:url\" content=\"https:\/\/toys.lt\/lv\/produktas\/rotallietu-inerces-kombains-kopija\/\" \/>\n<meta property=\"og:site_name\" content=\"Toys.lt\" \/>\n<meta property=\"article:modified_time\" content=\"2026-04-08T00:01:02+00:00\" \/>\n<meta property=\"og:image\" content=\"https:\/\/toys.lt\/wp-content\/uploads\/2025\/12\/550-1C-zaislinis-kombainas-1.jpg\" \/>\n\t<meta property=\"og:image:width\" content=\"1200\" \/>\n\t<meta property=\"og:image:height\" content=\"833\" \/>\n\t<meta property=\"og:image:type\" content=\"image\/jpeg\" \/>\n<meta name=\"twitter:card\" content=\"summary_large_image\" \/>\n<meta name=\"twitter:label1\" content=\"Est. reading time\" \/>\n\t<meta name=\"twitter:data1\" content=\"1 minute\" \/>\n<script type=\"application\/ld+json\" class=\"yoast-schema-graph\">{\"@context\":\"https:\/\/schema.org\",\"@graph\":[{\"@type\":\"WebPage\",\"@id\":\"https:\/\/toys.lt\/lv\/produktas\/rotallietu-inerces-kombains-kopija\/\",\"url\":\"https:\/\/toys.lt\/lv\/produktas\/rotallietu-inerces-kombains-kopija\/\",\"name\":\"Rota\u013clietu kombains ar gaism\u0101m un ska\u0146\u0101m (19 cm) - Toys.lt\",\"isPartOf\":{\"@id\":\"https:\/\/toys.lt\/lv\/#website\"},\"primaryImageOfPage\":{\"@id\":\"https:\/\/toys.lt\/lv\/produktas\/rotallietu-inerces-kombains-kopija\/#primaryimage\"},\"image\":{\"@id\":\"https:\/\/toys.lt\/lv\/produktas\/rotallietu-inerces-kombains-kopija\/#primaryimage\"},\"thumbnailUrl\":\"https:\/\/toys.lt\/wp-content\/uploads\/2025\/12\/550-1C-zaislinis-kombainas-1.jpg\",\"datePublished\":\"2025-12-05T01:46:18+00:00\",\"dateModified\":\"2026-04-08T00:01:02+00:00\",\"description\":\"Rota\u013clietu kombains ar inerci\u0101lo meh\u0101nismu, gaismas un ska\u0146as funkcij\u0101m un kust\u012bg\u0101m deta\u013c\u0101m. Piem\u0113rots b\u0113rniem no 3 gadu vecuma.\",\"breadcrumb\":{\"@id\":\"https:\/\/toys.lt\/lv\/produktas\/rotallietu-inerces-kombains-kopija\/#breadcrumb\"},\"inLanguage\":\"lv-LV\",\"potentialAction\":[{\"@type\":\"ReadAction\",\"target\":[\"https:\/\/toys.lt\/lv\/produktas\/rotallietu-inerces-kombains-kopija\/\"]}]},{\"@type\":\"ImageObject\",\"inLanguage\":\"lv-LV\",\"@id\":\"https:\/\/toys.lt\/lv\/produktas\/rotallietu-inerces-kombains-kopija\/#primaryimage\",\"url\":\"https:\/\/toys.lt\/wp-content\/uploads\/2025\/12\/550-1C-zaislinis-kombainas-1.jpg\",\"contentUrl\":\"https:\/\/toys.lt\/wp-content\/uploads\/2025\/12\/550-1C-zaislinis-kombainas-1.jpg\",\"width\":1200,\"height\":833},{\"@type\":\"BreadcrumbList\",\"@id\":\"https:\/\/toys.lt\/lv\/produktas\/rotallietu-inerces-kombains-kopija\/#breadcrumb\",\"itemListElement\":[{\"@type\":\"ListItem\",\"position\":1,\"name\":\"Home\",\"item\":\"https:\/\/toys.lt\/lv\/\"},{\"@type\":\"ListItem\",\"position\":2,\"name\":\"Veikals\",\"item\":\"https:\/\/toys.lt\/lv\/shop\/\"},{\"@type\":\"ListItem\",\"position\":3,\"name\":\"Rota\u013clietu kombains ar gaism\u0101m un ska\u0146\u0101m (19 cm)\"}]},{\"@type\":\"WebSite\",\"@id\":\"https:\/\/toys.lt\/lv\/#website\",\"url\":\"https:\/\/toys.lt\/lv\/\",\"name\":\"Toys.lt\",\"description\":\"\",\"potentialAction\":[{\"@type\":\"SearchAction\",\"target\":{\"@type\":\"EntryPoint\",\"urlTemplate\":\"https:\/\/toys.lt\/lv\/?s={search_term_string}\"},\"query-input\":{\"@type\":\"PropertyValueSpecification\",\"valueRequired\":true,\"valueName\":\"search_term_string\"}}],\"inLanguage\":\"lv-LV\"}]}<\/script>\n<!-- \/ Yoast SEO plugin. -->","yoast_head_json":{"title":"Rota\u013clietu kombains ar gaism\u0101m un ska\u0146\u0101m (19 cm) - Toys.lt","description":"Rota\u013clietu kombains ar inerci\u0101lo meh\u0101nismu, gaismas un ska\u0146as funkcij\u0101m un kust\u012bg\u0101m deta\u013c\u0101m. Piem\u0113rots b\u0113rniem no 3 gadu vecuma.","robots":{"index":"index","follow":"follow","max-snippet":"max-snippet:-1","max-image-preview":"max-image-preview:large","max-video-preview":"max-video-preview:-1"},"canonical":"https:\/\/toys.lt\/lv\/produktas\/rotallietu-inerces-kombains-kopija\/","og_locale":"lv_LV","og_type":"article","og_title":"Rota\u013clietu kombains ar gaism\u0101m un ska\u0146\u0101m (19 cm) - Toys.lt","og_description":"Rota\u013clietu kombains ar inerci\u0101lo meh\u0101nismu, gaismas un ska\u0146as funkcij\u0101m un kust\u012bg\u0101m deta\u013c\u0101m. Piem\u0113rots b\u0113rniem no 3 gadu vecuma.","og_url":"https:\/\/toys.lt\/lv\/produktas\/rotallietu-inerces-kombains-kopija\/","og_site_name":"Toys.lt","article_modified_time":"2026-04-08T00:01:02+00:00","og_image":[{"width":1200,"height":833,"url":"https:\/\/toys.lt\/wp-content\/uploads\/2025\/12\/550-1C-zaislinis-kombainas-1.jpg","type":"image\/jpeg"}],"twitter_card":"summary_large_image","twitter_misc":{"Est. reading time":"1 minute"},"schema":{"@context":"https:\/\/schema.org","@graph":[{"@type":"WebPage","@id":"https:\/\/toys.lt\/lv\/produktas\/rotallietu-inerces-kombains-kopija\/","url":"https:\/\/toys.lt\/lv\/produktas\/rotallietu-inerces-kombains-kopija\/","name":"Rota\u013clietu kombains ar gaism\u0101m un ska\u0146\u0101m (19 cm) - Toys.lt","isPartOf":{"@id":"https:\/\/toys.lt\/lv\/#website"},"primaryImageOfPage":{"@id":"https:\/\/toys.lt\/lv\/produktas\/rotallietu-inerces-kombains-kopija\/#primaryimage"},"image":{"@id":"https:\/\/toys.lt\/lv\/produktas\/rotallietu-inerces-kombains-kopija\/#primaryimage"},"thumbnailUrl":"https:\/\/toys.lt\/wp-content\/uploads\/2025\/12\/550-1C-zaislinis-kombainas-1.jpg","datePublished":"2025-12-05T01:46:18+00:00","dateModified":"2026-04-08T00:01:02+00:00","description":"Rota\u013clietu kombains ar inerci\u0101lo meh\u0101nismu, gaismas un ska\u0146as funkcij\u0101m un kust\u012bg\u0101m deta\u013c\u0101m. Piem\u0113rots b\u0113rniem no 3 gadu vecuma.","breadcrumb":{"@id":"https:\/\/toys.lt\/lv\/produktas\/rotallietu-inerces-kombains-kopija\/#breadcrumb"},"inLanguage":"lv-LV","potentialAction":[{"@type":"ReadAction","target":["https:\/\/toys.lt\/lv\/produktas\/rotallietu-inerces-kombains-kopija\/"]}]},{"@type":"ImageObject","inLanguage":"lv-LV","@id":"https:\/\/toys.lt\/lv\/produktas\/rotallietu-inerces-kombains-kopija\/#primaryimage","url":"https:\/\/toys.lt\/wp-content\/uploads\/2025\/12\/550-1C-zaislinis-kombainas-1.jpg","contentUrl":"https:\/\/toys.lt\/wp-content\/uploads\/2025\/12\/550-1C-zaislinis-kombainas-1.jpg","width":1200,"height":833},{"@type":"BreadcrumbList","@id":"https:\/\/toys.lt\/lv\/produktas\/rotallietu-inerces-kombains-kopija\/#breadcrumb","itemListElement":[{"@type":"ListItem","position":1,"name":"Home","item":"https:\/\/toys.lt\/lv\/"},{"@type":"ListItem","position":2,"name":"Veikals","item":"https:\/\/toys.lt\/lv\/shop\/"},{"@type":"ListItem","position":3,"name":"Rota\u013clietu kombains ar gaism\u0101m un ska\u0146\u0101m (19 cm)"}]},{"@type":"WebSite","@id":"https:\/\/toys.lt\/lv\/#website","url":"https:\/\/toys.lt\/lv\/","name":"Toys.lt","description":"","potentialAction":[{"@type":"SearchAction","target":{"@type":"EntryPoint","urlTemplate":"https:\/\/toys.lt\/lv\/?s={search_term_string}"},"query-input":{"@type":"PropertyValueSpecification","valueRequired":true,"valueName":"search_term_string"}}],"inLanguage":"lv-LV"}]}},"_links":{"self":[{"href":"https:\/\/toys.lt\/lv\/wp-json\/wp\/v2\/product\/47727","targetHints":{"allow":["GET"]}}],"collection":[{"href":"https:\/\/toys.lt\/lv\/wp-json\/wp\/v2\/product"}],"about":[{"href":"https:\/\/toys.lt\/lv\/wp-json\/wp\/v2\/types\/product"}],"replies":[{"embeddable":true,"href":"https:\/\/toys.lt\/lv\/wp-json\/wp\/v2\/comments?post=47727"}],"version-history":[{"count":2,"href":"https:\/\/toys.lt\/lv\/wp-json\/wp\/v2\/product\/47727\/revisions"}],"predecessor-version":[{"id":48386,"href":"https:\/\/toys.lt\/lv\/wp-json\/wp\/v2\/product\/47727\/revisions\/48386"}],"wp:featuredmedia":[{"embeddable":true,"href":"https:\/\/toys.lt\/lv\/wp-json\/wp\/v2\/media\/47729"}],"wp:attachment":[{"href":"https:\/\/toys.lt\/lv\/wp-json\/wp\/v2\/media?parent=47727"}],"wp:term":[{"taxonomy":"product_brand","embeddable":true,"href":"https:\/\/toys.lt\/lv\/wp-json\/wp\/v2\/product_brand?post=47727"},{"taxonomy":"product_cat","embeddable":true,"href":"https:\/\/toys.lt\/lv\/wp-json\/wp\/v2\/product_cat?post=47727"},{"taxonomy":"product_tag","embeddable":true,"href":"https:\/\/toys.lt\/lv\/wp-json\/wp\/v2\/product_tag?post=47727"}],"curies":[{"name":"wp","href":"https:\/\/api.w.org\/{rel}","templated":true}]}}