{"id":47724,"date":"2025-12-05T01:22:35","date_gmt":"2025-12-05T01:22:35","guid":{"rendered":"https:\/\/toys.lt\/?post_type=product&#038;p=47724"},"modified":"2026-04-08T00:01:02","modified_gmt":"2026-04-08T00:01:02","slug":"rotallietu-zirgs-un-lelle-kopija","status":"publish","type":"product","link":"https:\/\/toys.lt\/lv\/produktas\/rotallietu-zirgs-un-lelle-kopija\/","title":{"rendered":"Le\u013c\u013cu d\u017eips ar lelli &#8211; roz\u0101 SUV"},"content":{"rendered":"<p data-start=\"232\" data-end=\"443\">Sniedziet savam b\u0113rnam v\u0113l vair\u0101k uztraukuma ar \u0161o spilgti roz\u0101 apvidus auto un lelli! \u0160aj\u0101 rota\u013c\u012bgaj\u0101 komplekt\u0101 apvienots stil\u012bgs dizains, funkcionalit\u0101te un interakt\u012bvi efekti, kas veicina rado\u0161as rota\u013cas. <\/p>\n<p data-start=\"445\" data-end=\"464\"><strong data-start=\"445\" data-end=\"464\">Komplekt\u0101 ietilpst:<\/strong><\/p>\n<ul data-start=\"465\" data-end=\"567\">\n<li data-start=\"465\" data-end=\"506\">\n<p data-start=\"467\" data-end=\"506\">Roz\u0101 SUV<\/p>\n<\/li>\n<li data-start=\"507\" data-end=\"567\">\n<p data-start=\"509\" data-end=\"567\">\u0160pakte\u013cl\u0101psti\u0146a 10 cm<\/p>\n<\/li>\n<\/ul>\n<p data-start=\"569\" data-end=\"595\"><strong data-start=\"569\" data-end=\"595\">Funkcijas un \u012bpa\u0161\u012bbas:<\/strong><\/p>\n<ul data-start=\"596\" data-end=\"945\">\n<li data-start=\"596\" data-end=\"657\">\n<p data-start=\"598\" data-end=\"657\">\ud83d\udeaa <strong data-start=\"601\" data-end=\"626\">Atveram\u0101s durvis<\/strong> \u0113rtai b\u0113rnu s\u0113dekl\u012b\u0161a novieto\u0161anai<\/p>\n<\/li>\n<li data-start=\"658\" data-end=\"732\">\n<p data-start=\"660\" data-end=\"732\">\ud83d\udca1\ud83d\udd0a <strong data-start=\"665\" data-end=\"693\">Gaismas un ska\u0146as efekti<\/strong><\/p>\n<\/li>\n<li data-start=\"831\" data-end=\"884\">\n<p data-start=\"833\" data-end=\"884\">\ud83c\udf80 Spilgts dizains, kas ir saisto\u0161s b\u0113rniem no 3 gadu vecuma<\/p>\n<\/li>\n<li data-start=\"885\" data-end=\"945\">\n<p data-start=\"887\" data-end=\"945\">\ud83c\udfae Stimul\u0113 izt\u0113li, rado\u0161umu un lomu sp\u0113les<\/p>\n<\/li>\n<\/ul>\n<hr data-start=\"947\" data-end=\"950\">\n<h2 data-start=\"952\" data-end=\"966\"><strong data-start=\"955\" data-end=\"966\">Funkcijas<\/strong><\/h2>\n<ul data-start=\"967\" data-end=\"1151\">\n<li data-start=\"967\" data-end=\"1006\">\n<p data-start=\"969\" data-end=\"1006\">Spilgti roz\u0101 SUV ar lelli<\/p>\n<\/li>\n<li data-start=\"1007\" data-end=\"1041\">\n<p data-start=\"1009\" data-end=\"1041\">Atv\u0113rtas automa\u0161\u012bnas durvis<\/p>\n<\/li>\n<li data-start=\"1042\" data-end=\"1070\">\n<p data-start=\"1044\" data-end=\"1070\">Gaismas un ska\u0146as efekti<\/p>\n<\/li>\n<li data-start=\"1090\" data-end=\"1111\">\n<p data-start=\"1092\" data-end=\"1111\">Iztur\u012bga plastmasa<\/p>\n<\/li>\n<li data-start=\"1112\" data-end=\"1151\">\n<p data-start=\"1114\" data-end=\"1151\">Ide\u0101li piem\u0113rots lomu sp\u0113l\u0113m<\/p>\n<\/li>\n<\/ul>\n<hr data-start=\"1153\" data-end=\"1156\">\n<h2 data-start=\"1158\" data-end=\"1185\"><strong data-start=\"1161\" data-end=\"1185\">Tehnisk\u0101 inform\u0101cija<\/strong><\/h2>\n<ul data-start=\"1186\" data-end=\"1422\">\n<li data-start=\"1186\" data-end=\"1225\">\n<p data-start=\"1188\" data-end=\"1225\"><strong data-start=\"1188\" data-end=\"1207\">Iepakojuma izm\u0113rs:<\/strong> 25 \u00d7 15 \u00d7 19 cm<\/p>\n<\/li>\n<li data-start=\"1226\" data-end=\"1247\">\n<p data-start=\"1228\" data-end=\"1247\"><strong data-start=\"1228\" data-end=\"1239\">Svars:<\/strong> 1 kg<\/p>\n<\/li>\n<li data-start=\"1248\" data-end=\"1350\">\n<p data-start=\"1250\" data-end=\"1350\"><strong data-start=\"1250\" data-end=\"1265\">Jauda:<\/strong> 3xAG13 elementi<\/p>\n<\/li>\n<li data-start=\"1351\" data-end=\"1393\">\n<p data-start=\"1353\" data-end=\"1393\"><strong data-start=\"1353\" data-end=\"1380\">Ieteicamais vecums:<\/strong> no 3 gadiem<\/p>\n<\/li>\n<\/ul>\n<p><strong data-start=\"346\" data-end=\"368\">Dro\u0161\u012bbas br\u012bdin\u0101jums:<\/strong> nav piem\u0113rots b\u0113rniem l\u012bdz 3 gadu vecumam &#8211; satur s\u012bkas deta\u013cas, past\u0101v aizr\u012b\u0161an\u0101s risks. Ieteicama pieaugu\u0161o uzraudz\u012bba.<\/p>\n","protected":false},"excerpt":{"rendered":"<ul data-start=\"1186\" data-end=\"1422\">\n<li data-start=\"1186\" data-end=\"1225\">\n<p data-start=\"1188\" data-end=\"1225\"><strong data-start=\"1188\" data-end=\"1207\">Iepakojuma izm\u0113rs:<\/strong> 25 \u00d7 15 \u00d7 19 cm<\/p>\n<\/li>\n<li data-start=\"1226\" data-end=\"1247\">\n<p data-start=\"1228\" data-end=\"1247\"><strong data-start=\"1228\" data-end=\"1239\">Svars:<\/strong> 1 kg<\/p>\n<\/li>\n<li data-start=\"1248\" data-end=\"1350\">\n<p data-start=\"1250\" data-end=\"1350\"><strong data-start=\"1250\" data-end=\"1265\">Jauda:<\/strong> 3xAG13 elementi<\/p>\n<\/li>\n<li data-start=\"1351\" data-end=\"1393\">\n<p data-start=\"1353\" data-end=\"1393\"><strong data-start=\"1353\" data-end=\"1380\">Ieteicamais vecums:<\/strong> no 3 gadiem<\/p>\n<\/li>\n<li data-start=\"1394\" data-end=\"1422\">\n<p data-start=\"1396\" data-end=\"1422\"><strong data-start=\"1396\" data-end=\"1413\">Izcelsmes valsts:<\/strong> \u0136\u012bna<\/p>\n<\/li>\n<\/ul>\n","protected":false},"featured_media":48414,"comment_status":"open","ping_status":"closed","template":"","meta":[],"product_brand":[],"product_cat":[1180,1221,1155],"product_tag":[],"class_list":{"0":"post-47724","1":"product","2":"type-product","3":"status-publish","4":"has-post-thumbnail","6":"product_cat-rotallietas-meitenem","7":"product_cat-rotalu-lelles-un-aksesuari","8":"product_cat-leti","9":"pa_amziaus-grupe-3-lv","10":"pa_prek-s-tipas-skaitli","12":"first","13":"instock","14":"sale","15":"taxable","16":"shipping-taxable","17":"purchasable","18":"product-type-simple"},"yoast_head":"<!-- This site is optimized with the Yoast SEO plugin v26.3 - https:\/\/yoast.com\/wordpress\/plugins\/seo\/ -->\n<title>Le\u013c\u013cu d\u017eips ar lelli - roz\u0101 SUV - Toys.lt<\/title>\n<meta name=\"description\" content=\"Roz\u0101 le\u013c\u013cu apvidus automobilis ar atveram\u0101m durv\u012bm, gaismas un ska\u0146as efektiem un lelli. Ide\u0101ls komplekts rado\u0161\u0101m rota\u013c\u0101m b\u0113rniem no 3 gadu vecuma.\" \/>\n<meta name=\"robots\" content=\"index, follow, max-snippet:-1, max-image-preview:large, max-video-preview:-1\" \/>\n<link rel=\"canonical\" href=\"https:\/\/toys.lt\/lv\/produktas\/rotallietu-zirgs-un-lelle-kopija\/\" \/>\n<meta property=\"og:locale\" content=\"lv_LV\" \/>\n<meta property=\"og:type\" content=\"article\" \/>\n<meta property=\"og:title\" content=\"Le\u013c\u013cu d\u017eips ar lelli - roz\u0101 SUV - Toys.lt\" \/>\n<meta property=\"og:description\" content=\"Roz\u0101 le\u013c\u013cu apvidus automobilis ar atveram\u0101m durv\u012bm, gaismas un ska\u0146as efektiem un lelli. Ide\u0101ls komplekts rado\u0161\u0101m rota\u013c\u0101m b\u0113rniem no 3 gadu vecuma.\" \/>\n<meta property=\"og:url\" content=\"https:\/\/toys.lt\/lv\/produktas\/rotallietu-zirgs-un-lelle-kopija\/\" \/>\n<meta property=\"og:site_name\" content=\"Toys.lt\" \/>\n<meta property=\"article:modified_time\" content=\"2026-04-08T00:01:02+00:00\" \/>\n<meta name=\"twitter:card\" content=\"summary_large_image\" \/>\n<meta name=\"twitter:label1\" content=\"Est. reading time\" \/>\n\t<meta name=\"twitter:data1\" content=\"1 minute\" \/>\n<script type=\"application\/ld+json\" class=\"yoast-schema-graph\">{\"@context\":\"https:\/\/schema.org\",\"@graph\":[{\"@type\":\"WebPage\",\"@id\":\"https:\/\/toys.lt\/lv\/produktas\/rotallietu-zirgs-un-lelle-kopija\/\",\"url\":\"https:\/\/toys.lt\/lv\/produktas\/rotallietu-zirgs-un-lelle-kopija\/\",\"name\":\"Le\u013c\u013cu d\u017eips ar lelli - roz\u0101 SUV - Toys.lt\",\"isPartOf\":{\"@id\":\"https:\/\/toys.lt\/lv\/#website\"},\"primaryImageOfPage\":{\"@id\":\"https:\/\/toys.lt\/lv\/produktas\/rotallietu-zirgs-un-lelle-kopija\/#primaryimage\"},\"image\":{\"@id\":\"https:\/\/toys.lt\/lv\/produktas\/rotallietu-zirgs-un-lelle-kopija\/#primaryimage\"},\"thumbnailUrl\":\"https:\/\/toys.lt\/wp-content\/uploads\/2025\/12\/8018-lele-su-dzipu.png\",\"datePublished\":\"2025-12-05T01:22:35+00:00\",\"dateModified\":\"2026-04-08T00:01:02+00:00\",\"description\":\"Roz\u0101 le\u013c\u013cu apvidus automobilis ar atveram\u0101m durv\u012bm, gaismas un ska\u0146as efektiem un lelli. Ide\u0101ls komplekts rado\u0161\u0101m rota\u013c\u0101m b\u0113rniem no 3 gadu vecuma.\",\"breadcrumb\":{\"@id\":\"https:\/\/toys.lt\/lv\/produktas\/rotallietu-zirgs-un-lelle-kopija\/#breadcrumb\"},\"inLanguage\":\"lv-LV\",\"potentialAction\":[{\"@type\":\"ReadAction\",\"target\":[\"https:\/\/toys.lt\/lv\/produktas\/rotallietu-zirgs-un-lelle-kopija\/\"]}]},{\"@type\":\"ImageObject\",\"inLanguage\":\"lv-LV\",\"@id\":\"https:\/\/toys.lt\/lv\/produktas\/rotallietu-zirgs-un-lelle-kopija\/#primaryimage\",\"url\":\"https:\/\/toys.lt\/wp-content\/uploads\/2025\/12\/8018-lele-su-dzipu.png\",\"contentUrl\":\"https:\/\/toys.lt\/wp-content\/uploads\/2025\/12\/8018-lele-su-dzipu.png\",\"width\":2429,\"height\":1779},{\"@type\":\"BreadcrumbList\",\"@id\":\"https:\/\/toys.lt\/lv\/produktas\/rotallietu-zirgs-un-lelle-kopija\/#breadcrumb\",\"itemListElement\":[{\"@type\":\"ListItem\",\"position\":1,\"name\":\"Home\",\"item\":\"https:\/\/toys.lt\/lv\/\"},{\"@type\":\"ListItem\",\"position\":2,\"name\":\"Veikals\",\"item\":\"https:\/\/toys.lt\/lv\/shop\/\"},{\"@type\":\"ListItem\",\"position\":3,\"name\":\"Le\u013c\u013cu d\u017eips ar lelli &#8211; roz\u0101 SUV\"}]},{\"@type\":\"WebSite\",\"@id\":\"https:\/\/toys.lt\/lv\/#website\",\"url\":\"https:\/\/toys.lt\/lv\/\",\"name\":\"Toys.lt\",\"description\":\"\",\"potentialAction\":[{\"@type\":\"SearchAction\",\"target\":{\"@type\":\"EntryPoint\",\"urlTemplate\":\"https:\/\/toys.lt\/lv\/?s={search_term_string}\"},\"query-input\":{\"@type\":\"PropertyValueSpecification\",\"valueRequired\":true,\"valueName\":\"search_term_string\"}}],\"inLanguage\":\"lv-LV\"}]}<\/script>\n<!-- \/ Yoast SEO plugin. -->","yoast_head_json":{"title":"Le\u013c\u013cu d\u017eips ar lelli - roz\u0101 SUV - Toys.lt","description":"Roz\u0101 le\u013c\u013cu apvidus automobilis ar atveram\u0101m durv\u012bm, gaismas un ska\u0146as efektiem un lelli. Ide\u0101ls komplekts rado\u0161\u0101m rota\u013c\u0101m b\u0113rniem no 3 gadu vecuma.","robots":{"index":"index","follow":"follow","max-snippet":"max-snippet:-1","max-image-preview":"max-image-preview:large","max-video-preview":"max-video-preview:-1"},"canonical":"https:\/\/toys.lt\/lv\/produktas\/rotallietu-zirgs-un-lelle-kopija\/","og_locale":"lv_LV","og_type":"article","og_title":"Le\u013c\u013cu d\u017eips ar lelli - roz\u0101 SUV - Toys.lt","og_description":"Roz\u0101 le\u013c\u013cu apvidus automobilis ar atveram\u0101m durv\u012bm, gaismas un ska\u0146as efektiem un lelli. Ide\u0101ls komplekts rado\u0161\u0101m rota\u013c\u0101m b\u0113rniem no 3 gadu vecuma.","og_url":"https:\/\/toys.lt\/lv\/produktas\/rotallietu-zirgs-un-lelle-kopija\/","og_site_name":"Toys.lt","article_modified_time":"2026-04-08T00:01:02+00:00","twitter_card":"summary_large_image","twitter_misc":{"Est. reading time":"1 minute"},"schema":{"@context":"https:\/\/schema.org","@graph":[{"@type":"WebPage","@id":"https:\/\/toys.lt\/lv\/produktas\/rotallietu-zirgs-un-lelle-kopija\/","url":"https:\/\/toys.lt\/lv\/produktas\/rotallietu-zirgs-un-lelle-kopija\/","name":"Le\u013c\u013cu d\u017eips ar lelli - roz\u0101 SUV - Toys.lt","isPartOf":{"@id":"https:\/\/toys.lt\/lv\/#website"},"primaryImageOfPage":{"@id":"https:\/\/toys.lt\/lv\/produktas\/rotallietu-zirgs-un-lelle-kopija\/#primaryimage"},"image":{"@id":"https:\/\/toys.lt\/lv\/produktas\/rotallietu-zirgs-un-lelle-kopija\/#primaryimage"},"thumbnailUrl":"https:\/\/toys.lt\/wp-content\/uploads\/2025\/12\/8018-lele-su-dzipu.png","datePublished":"2025-12-05T01:22:35+00:00","dateModified":"2026-04-08T00:01:02+00:00","description":"Roz\u0101 le\u013c\u013cu apvidus automobilis ar atveram\u0101m durv\u012bm, gaismas un ska\u0146as efektiem un lelli. Ide\u0101ls komplekts rado\u0161\u0101m rota\u013c\u0101m b\u0113rniem no 3 gadu vecuma.","breadcrumb":{"@id":"https:\/\/toys.lt\/lv\/produktas\/rotallietu-zirgs-un-lelle-kopija\/#breadcrumb"},"inLanguage":"lv-LV","potentialAction":[{"@type":"ReadAction","target":["https:\/\/toys.lt\/lv\/produktas\/rotallietu-zirgs-un-lelle-kopija\/"]}]},{"@type":"ImageObject","inLanguage":"lv-LV","@id":"https:\/\/toys.lt\/lv\/produktas\/rotallietu-zirgs-un-lelle-kopija\/#primaryimage","url":"https:\/\/toys.lt\/wp-content\/uploads\/2025\/12\/8018-lele-su-dzipu.png","contentUrl":"https:\/\/toys.lt\/wp-content\/uploads\/2025\/12\/8018-lele-su-dzipu.png","width":2429,"height":1779},{"@type":"BreadcrumbList","@id":"https:\/\/toys.lt\/lv\/produktas\/rotallietu-zirgs-un-lelle-kopija\/#breadcrumb","itemListElement":[{"@type":"ListItem","position":1,"name":"Home","item":"https:\/\/toys.lt\/lv\/"},{"@type":"ListItem","position":2,"name":"Veikals","item":"https:\/\/toys.lt\/lv\/shop\/"},{"@type":"ListItem","position":3,"name":"Le\u013c\u013cu d\u017eips ar lelli &#8211; roz\u0101 SUV"}]},{"@type":"WebSite","@id":"https:\/\/toys.lt\/lv\/#website","url":"https:\/\/toys.lt\/lv\/","name":"Toys.lt","description":"","potentialAction":[{"@type":"SearchAction","target":{"@type":"EntryPoint","urlTemplate":"https:\/\/toys.lt\/lv\/?s={search_term_string}"},"query-input":{"@type":"PropertyValueSpecification","valueRequired":true,"valueName":"search_term_string"}}],"inLanguage":"lv-LV"}]}},"_links":{"self":[{"href":"https:\/\/toys.lt\/lv\/wp-json\/wp\/v2\/product\/47724","targetHints":{"allow":["GET"]}}],"collection":[{"href":"https:\/\/toys.lt\/lv\/wp-json\/wp\/v2\/product"}],"about":[{"href":"https:\/\/toys.lt\/lv\/wp-json\/wp\/v2\/types\/product"}],"replies":[{"embeddable":true,"href":"https:\/\/toys.lt\/lv\/wp-json\/wp\/v2\/comments?post=47724"}],"version-history":[{"count":1,"href":"https:\/\/toys.lt\/lv\/wp-json\/wp\/v2\/product\/47724\/revisions"}],"predecessor-version":[{"id":48384,"href":"https:\/\/toys.lt\/lv\/wp-json\/wp\/v2\/product\/47724\/revisions\/48384"}],"wp:featuredmedia":[{"embeddable":true,"href":"https:\/\/toys.lt\/lv\/wp-json\/wp\/v2\/media\/48414"}],"wp:attachment":[{"href":"https:\/\/toys.lt\/lv\/wp-json\/wp\/v2\/media?parent=47724"}],"wp:term":[{"taxonomy":"product_brand","embeddable":true,"href":"https:\/\/toys.lt\/lv\/wp-json\/wp\/v2\/product_brand?post=47724"},{"taxonomy":"product_cat","embeddable":true,"href":"https:\/\/toys.lt\/lv\/wp-json\/wp\/v2\/product_cat?post=47724"},{"taxonomy":"product_tag","embeddable":true,"href":"https:\/\/toys.lt\/lv\/wp-json\/wp\/v2\/product_tag?post=47724"}],"curies":[{"name":"wp","href":"https:\/\/api.w.org\/{rel}","templated":true}]}}