{"id":47694,"date":"2025-12-05T00:35:47","date_gmt":"2025-12-05T00:35:47","guid":{"rendered":"https:\/\/toys.lt\/?post_type=product&#038;p=47694"},"modified":"2026-03-30T00:25:34","modified_gmt":"2026-03-30T00:25:34","slug":"spelu-zveja-kopija-kopija","status":"publish","type":"product","link":"https:\/\/toys.lt\/lv\/produktas\/spelu-zveja-kopija-kopija\/","title":{"rendered":"Zelta zivti\u0146a Magn\u0113tisk\u0101 mak\u0161\u0137er\u0113\u0161ana ar m\u016bziku (12 gab.)"},"content":{"rendered":"<p data-start=\"251\" data-end=\"533\">Zelta zivti\u0146a Magn\u0113tisk\u0101 mak\u0161\u0137er\u0113\u0161ana ir jautra un vienk\u0101r\u0161a sp\u0113le b\u0113rniem, kur\u0101 rot\u0113jo\u0161ais mak\u0161\u0137er\u0113\u0161anas disks \u013cauj \u0137ert kr\u0101sainas zivti\u0146as ar magn\u0113tisko mak\u0161\u0137eri. Komplekt\u0101 ir m\u016bzikas efekts un divi grozi, kuros sav\u0101kt lomu. Pieejamas divas kr\u0101sas &#8211; sarkana vai zila.  <\/p>\n<p data-start=\"535\" data-end=\"625\">Rota\u013clieta att\u012bsta koordin\u0101ciju, reakciju un koncentr\u0113\u0161an\u0101s sp\u0113jas, un t\u0101 ir piem\u0113rota sp\u0113l\u0113\u0161anai vienatn\u0113 vai ar draugu.<\/p>\n<hr data-start=\"627\" data-end=\"630\">\n<h2 data-start=\"632\" data-end=\"649\">\ud83c\udfa3 <strong data-start=\"638\" data-end=\"649\">Funkcijas<\/strong><\/h2>\n<ul data-start=\"650\" data-end=\"892\">\n<li data-start=\"650\" data-end=\"684\">\n<p data-start=\"652\" data-end=\"684\">Rot\u0113jo\u0161\u0101 zvejas platforma<\/p>\n<\/li>\n<li data-start=\"685\" data-end=\"720\">\n<p data-start=\"687\" data-end=\"720\">12 kr\u0101sainas magn\u0113tisk\u0101s zivis<\/p>\n<\/li>\n<li data-start=\"721\" data-end=\"740\">\n<p data-start=\"723\" data-end=\"740\">M\u016bzikas efekts<\/p>\n<\/li>\n<li data-start=\"741\" data-end=\"763\">\n<p data-start=\"743\" data-end=\"763\">1 mak\u0161\u0137ere<\/p>\n<\/li>\n<li data-start=\"764\" data-end=\"790\">\n<p data-start=\"766\" data-end=\"790\">2 nozvejas grozi<\/p>\n<\/li>\n<li data-start=\"791\" data-end=\"845\">\n<p data-start=\"793\" data-end=\"845\">Pieejami 2 kr\u0101su varianti (sarkans\/zils)<\/p>\n<\/li>\n<li data-start=\"846\" data-end=\"892\">\n<p data-start=\"848\" data-end=\"892\">Uzlabo motorisk\u0101s prasmes un roku-acu koordin\u0101ciju<\/p>\n<\/li>\n<\/ul>\n<hr data-start=\"894\" data-end=\"897\">\n<h2 data-start=\"899\" data-end=\"922\">\ud83d\udce6 <strong data-start=\"905\" data-end=\"922\">Pabeig\u0161ana<\/strong><\/h2>\n<ul data-start=\"923\" data-end=\"1004\">\n<li data-start=\"923\" data-end=\"958\">\n<p data-start=\"925\" data-end=\"958\">Rot\u0113jo\u0161\u0101 mak\u0161\u0137er\u0113\u0161ana &#8220;Zelta zivti\u0146a&#8221;<\/p>\n<\/li>\n<li data-start=\"959\" data-end=\"972\">\n<p data-start=\"961\" data-end=\"972\">1 mak\u0161\u0137ere<\/p>\n<\/li>\n<li data-start=\"973\" data-end=\"987\">\n<p data-start=\"975\" data-end=\"987\">12 zivis<\/p>\n<\/li>\n<li data-start=\"988\" data-end=\"1004\">\n<p data-start=\"990\" data-end=\"1004\">2 grozi<\/p>\n<\/li>\n<\/ul>\n<hr data-start=\"1006\" data-end=\"1009\">\n<h2 data-start=\"1011\" data-end=\"1041\">\ud83d\udd27 <strong data-start=\"1017\" data-end=\"1041\">Tehnisk\u0101 inform\u0101cija<\/strong><\/h2>\n<p data-start=\"1042\" data-end=\"1258\"><strong data-start=\"1042\" data-end=\"1059\">Rota\u013clietas izm\u0113rs:<\/strong> 34,5 \u00d7 4,5 \u00d7 22 cm<br data-start=\"1078\" data-end=\"1081\"><strong data-start=\"1081\" data-end=\"1100\">Iepakojuma izm\u0113rs:<\/strong> 48 \u00d7 5,1 \u00d7 27,2 cm<br data-start=\"1119\" data-end=\"1122\"><strong data-start=\"1122\" data-end=\"1147\">Nepiecie\u0161amie elementi:<\/strong> 2xAA<br data-start=\"1188\" data-end=\"1191\"><strong data-start=\"1191\" data-end=\"1218\">Ieteicamais vecums:<\/strong> no 3 gadiem.<\/p>\n<hr data-start=\"1369\" data-end=\"1372\">\n<h2 data-start=\"1374\" data-end=\"1401\">\u26a0\ufe0f <strong data-start=\"1380\" data-end=\"1401\">Dro\u0161\u012bbas br\u012bdin\u0101jums<\/strong><\/h2>\n<p data-start=\"1402\" data-end=\"1471\">Nav piem\u0113rots b\u0113rniem l\u012bdz 3 gadu vecumam &#8211; mazas deta\u013cas un aizr\u012b\u0161an\u0101s risks.<\/p>\n","protected":false},"excerpt":{"rendered":"<p><strong data-start=\"1042\" data-end=\"1059\">Rota\u013clietas izm\u0113rs:<\/strong> 34,5 \u00d7 4,5 \u00d7 22 cm<br data-start=\"1078\" data-end=\"1081\"><strong data-start=\"1081\" data-end=\"1100\">Iepakojuma izm\u0113rs:<\/strong> 48 \u00d7 5,1 \u00d7 27,2 cm<br data-start=\"1119\" data-end=\"1122\"><strong data-start=\"1122\" data-end=\"1147\">Nepiecie\u0161amie elementi:<\/strong> 2xAA<br data-start=\"1188\" data-end=\"1191\"><strong data-start=\"1191\" data-end=\"1218\">Ieteicamais vecums:<\/strong> no 3 gadiem<br data-start=\"1229\" data-end=\"1232\"><strong data-start=\"1232\" data-end=\"1249\">Izcelsmes valsts:<\/strong> \u0136\u012bna.<\/p>\n","protected":false},"featured_media":47699,"comment_status":"open","ping_status":"closed","template":"","meta":[],"product_brand":[],"product_cat":[1280,1180,1176,1157,1406],"product_tag":[],"class_list":{"0":"post-47694","1":"product","2":"type-product","3":"status-publish","4":"has-post-thumbnail","6":"product_cat-galda-speles","7":"product_cat-rotallietas-meitenem","8":"product_cat-rotallietas-zeniem","9":"product_cat-izglitojosas-un-interaktivas-rotallietas","10":"product_cat-letakais","11":"pa_amziaus-grupe-3-lv","12":"pa_prek-s-tipas-izglitojosas-speles","13":"pa_spalva-sarkanais","14":"pa_spalva-zilais","16":"first","17":"instock","18":"taxable","19":"shipping-taxable","20":"purchasable","21":"product-type-variable"},"yoast_head":"<!-- This site is optimized with the Yoast SEO plugin v26.3 - https:\/\/yoast.com\/wordpress\/plugins\/seo\/ -->\n<title>Zelta zivti\u0146a Magn\u0113tisk\u0101 mak\u0161\u0137er\u0113\u0161ana ar m\u016bziku (12 gab.) - Toys.lt<\/title>\n<meta name=\"description\" content=\"Zelta zivti\u0146a magn\u0113tisk\u0101 zveja ar 12 zivti\u0146\u0101m, m\u016bzikas efektu un rot\u0113jo\u0161u platformu. Jautra sp\u0113le b\u0113rniem no 3 gadu vecuma.\" \/>\n<meta name=\"robots\" content=\"index, follow, max-snippet:-1, max-image-preview:large, max-video-preview:-1\" \/>\n<link rel=\"canonical\" href=\"https:\/\/toys.lt\/lv\/produktas\/spelu-zveja-kopija-kopija\/\" \/>\n<meta property=\"og:locale\" content=\"lv_LV\" \/>\n<meta property=\"og:type\" content=\"article\" \/>\n<meta property=\"og:title\" content=\"Zelta zivti\u0146a Magn\u0113tisk\u0101 mak\u0161\u0137er\u0113\u0161ana ar m\u016bziku (12 gab.) - Toys.lt\" \/>\n<meta property=\"og:description\" content=\"Zelta zivti\u0146a magn\u0113tisk\u0101 zveja ar 12 zivti\u0146\u0101m, m\u016bzikas efektu un rot\u0113jo\u0161u platformu. Jautra sp\u0113le b\u0113rniem no 3 gadu vecuma.\" \/>\n<meta property=\"og:url\" content=\"https:\/\/toys.lt\/lv\/produktas\/spelu-zveja-kopija-kopija\/\" \/>\n<meta property=\"og:site_name\" content=\"Toys.lt\" \/>\n<meta property=\"article:modified_time\" content=\"2026-03-30T00:25:34+00:00\" \/>\n<meta property=\"og:image\" content=\"https:\/\/toys.lt\/wp-content\/uploads\/2025\/12\/7720B-zaidimas-zvejyba-1.jpg\" \/>\n\t<meta property=\"og:image:width\" content=\"1351\" \/>\n\t<meta property=\"og:image:height\" content=\"1512\" \/>\n\t<meta property=\"og:image:type\" content=\"image\/jpeg\" \/>\n<meta name=\"twitter:card\" content=\"summary_large_image\" \/>\n<meta name=\"twitter:label1\" content=\"Est. reading time\" \/>\n\t<meta name=\"twitter:data1\" content=\"1 minute\" \/>\n<script type=\"application\/ld+json\" class=\"yoast-schema-graph\">{\"@context\":\"https:\/\/schema.org\",\"@graph\":[{\"@type\":\"WebPage\",\"@id\":\"https:\/\/toys.lt\/lv\/produktas\/spelu-zveja-kopija-kopija\/\",\"url\":\"https:\/\/toys.lt\/lv\/produktas\/spelu-zveja-kopija-kopija\/\",\"name\":\"Zelta zivti\u0146a Magn\u0113tisk\u0101 mak\u0161\u0137er\u0113\u0161ana ar m\u016bziku (12 gab.) - Toys.lt\",\"isPartOf\":{\"@id\":\"https:\/\/toys.lt\/lv\/#website\"},\"primaryImageOfPage\":{\"@id\":\"https:\/\/toys.lt\/lv\/produktas\/spelu-zveja-kopija-kopija\/#primaryimage\"},\"image\":{\"@id\":\"https:\/\/toys.lt\/lv\/produktas\/spelu-zveja-kopija-kopija\/#primaryimage\"},\"thumbnailUrl\":\"https:\/\/toys.lt\/wp-content\/uploads\/2025\/12\/7720B-zaidimas-zvejyba-1.jpg\",\"datePublished\":\"2025-12-05T00:35:47+00:00\",\"dateModified\":\"2026-03-30T00:25:34+00:00\",\"description\":\"Zelta zivti\u0146a magn\u0113tisk\u0101 zveja ar 12 zivti\u0146\u0101m, m\u016bzikas efektu un rot\u0113jo\u0161u platformu. Jautra sp\u0113le b\u0113rniem no 3 gadu vecuma.\",\"breadcrumb\":{\"@id\":\"https:\/\/toys.lt\/lv\/produktas\/spelu-zveja-kopija-kopija\/#breadcrumb\"},\"inLanguage\":\"lv-LV\",\"potentialAction\":[{\"@type\":\"ReadAction\",\"target\":[\"https:\/\/toys.lt\/lv\/produktas\/spelu-zveja-kopija-kopija\/\"]}]},{\"@type\":\"ImageObject\",\"inLanguage\":\"lv-LV\",\"@id\":\"https:\/\/toys.lt\/lv\/produktas\/spelu-zveja-kopija-kopija\/#primaryimage\",\"url\":\"https:\/\/toys.lt\/wp-content\/uploads\/2025\/12\/7720B-zaidimas-zvejyba-1.jpg\",\"contentUrl\":\"https:\/\/toys.lt\/wp-content\/uploads\/2025\/12\/7720B-zaidimas-zvejyba-1.jpg\",\"width\":1351,\"height\":1512},{\"@type\":\"BreadcrumbList\",\"@id\":\"https:\/\/toys.lt\/lv\/produktas\/spelu-zveja-kopija-kopija\/#breadcrumb\",\"itemListElement\":[{\"@type\":\"ListItem\",\"position\":1,\"name\":\"Home\",\"item\":\"https:\/\/toys.lt\/lv\/\"},{\"@type\":\"ListItem\",\"position\":2,\"name\":\"Veikals\",\"item\":\"https:\/\/toys.lt\/lv\/shop\/\"},{\"@type\":\"ListItem\",\"position\":3,\"name\":\"Zelta zivti\u0146a Magn\u0113tisk\u0101 mak\u0161\u0137er\u0113\u0161ana ar m\u016bziku (12 gab.)\"}]},{\"@type\":\"WebSite\",\"@id\":\"https:\/\/toys.lt\/lv\/#website\",\"url\":\"https:\/\/toys.lt\/lv\/\",\"name\":\"Toys.lt\",\"description\":\"\",\"potentialAction\":[{\"@type\":\"SearchAction\",\"target\":{\"@type\":\"EntryPoint\",\"urlTemplate\":\"https:\/\/toys.lt\/lv\/?s={search_term_string}\"},\"query-input\":{\"@type\":\"PropertyValueSpecification\",\"valueRequired\":true,\"valueName\":\"search_term_string\"}}],\"inLanguage\":\"lv-LV\"}]}<\/script>\n<!-- \/ Yoast SEO plugin. -->","yoast_head_json":{"title":"Zelta zivti\u0146a Magn\u0113tisk\u0101 mak\u0161\u0137er\u0113\u0161ana ar m\u016bziku (12 gab.) - Toys.lt","description":"Zelta zivti\u0146a magn\u0113tisk\u0101 zveja ar 12 zivti\u0146\u0101m, m\u016bzikas efektu un rot\u0113jo\u0161u platformu. Jautra sp\u0113le b\u0113rniem no 3 gadu vecuma.","robots":{"index":"index","follow":"follow","max-snippet":"max-snippet:-1","max-image-preview":"max-image-preview:large","max-video-preview":"max-video-preview:-1"},"canonical":"https:\/\/toys.lt\/lv\/produktas\/spelu-zveja-kopija-kopija\/","og_locale":"lv_LV","og_type":"article","og_title":"Zelta zivti\u0146a Magn\u0113tisk\u0101 mak\u0161\u0137er\u0113\u0161ana ar m\u016bziku (12 gab.) - Toys.lt","og_description":"Zelta zivti\u0146a magn\u0113tisk\u0101 zveja ar 12 zivti\u0146\u0101m, m\u016bzikas efektu un rot\u0113jo\u0161u platformu. Jautra sp\u0113le b\u0113rniem no 3 gadu vecuma.","og_url":"https:\/\/toys.lt\/lv\/produktas\/spelu-zveja-kopija-kopija\/","og_site_name":"Toys.lt","article_modified_time":"2026-03-30T00:25:34+00:00","og_image":[{"width":1351,"height":1512,"url":"https:\/\/toys.lt\/wp-content\/uploads\/2025\/12\/7720B-zaidimas-zvejyba-1.jpg","type":"image\/jpeg"}],"twitter_card":"summary_large_image","twitter_misc":{"Est. reading time":"1 minute"},"schema":{"@context":"https:\/\/schema.org","@graph":[{"@type":"WebPage","@id":"https:\/\/toys.lt\/lv\/produktas\/spelu-zveja-kopija-kopija\/","url":"https:\/\/toys.lt\/lv\/produktas\/spelu-zveja-kopija-kopija\/","name":"Zelta zivti\u0146a Magn\u0113tisk\u0101 mak\u0161\u0137er\u0113\u0161ana ar m\u016bziku (12 gab.) - Toys.lt","isPartOf":{"@id":"https:\/\/toys.lt\/lv\/#website"},"primaryImageOfPage":{"@id":"https:\/\/toys.lt\/lv\/produktas\/spelu-zveja-kopija-kopija\/#primaryimage"},"image":{"@id":"https:\/\/toys.lt\/lv\/produktas\/spelu-zveja-kopija-kopija\/#primaryimage"},"thumbnailUrl":"https:\/\/toys.lt\/wp-content\/uploads\/2025\/12\/7720B-zaidimas-zvejyba-1.jpg","datePublished":"2025-12-05T00:35:47+00:00","dateModified":"2026-03-30T00:25:34+00:00","description":"Zelta zivti\u0146a magn\u0113tisk\u0101 zveja ar 12 zivti\u0146\u0101m, m\u016bzikas efektu un rot\u0113jo\u0161u platformu. Jautra sp\u0113le b\u0113rniem no 3 gadu vecuma.","breadcrumb":{"@id":"https:\/\/toys.lt\/lv\/produktas\/spelu-zveja-kopija-kopija\/#breadcrumb"},"inLanguage":"lv-LV","potentialAction":[{"@type":"ReadAction","target":["https:\/\/toys.lt\/lv\/produktas\/spelu-zveja-kopija-kopija\/"]}]},{"@type":"ImageObject","inLanguage":"lv-LV","@id":"https:\/\/toys.lt\/lv\/produktas\/spelu-zveja-kopija-kopija\/#primaryimage","url":"https:\/\/toys.lt\/wp-content\/uploads\/2025\/12\/7720B-zaidimas-zvejyba-1.jpg","contentUrl":"https:\/\/toys.lt\/wp-content\/uploads\/2025\/12\/7720B-zaidimas-zvejyba-1.jpg","width":1351,"height":1512},{"@type":"BreadcrumbList","@id":"https:\/\/toys.lt\/lv\/produktas\/spelu-zveja-kopija-kopija\/#breadcrumb","itemListElement":[{"@type":"ListItem","position":1,"name":"Home","item":"https:\/\/toys.lt\/lv\/"},{"@type":"ListItem","position":2,"name":"Veikals","item":"https:\/\/toys.lt\/lv\/shop\/"},{"@type":"ListItem","position":3,"name":"Zelta zivti\u0146a Magn\u0113tisk\u0101 mak\u0161\u0137er\u0113\u0161ana ar m\u016bziku (12 gab.)"}]},{"@type":"WebSite","@id":"https:\/\/toys.lt\/lv\/#website","url":"https:\/\/toys.lt\/lv\/","name":"Toys.lt","description":"","potentialAction":[{"@type":"SearchAction","target":{"@type":"EntryPoint","urlTemplate":"https:\/\/toys.lt\/lv\/?s={search_term_string}"},"query-input":{"@type":"PropertyValueSpecification","valueRequired":true,"valueName":"search_term_string"}}],"inLanguage":"lv-LV"}]}},"_links":{"self":[{"href":"https:\/\/toys.lt\/lv\/wp-json\/wp\/v2\/product\/47694","targetHints":{"allow":["GET"]}}],"collection":[{"href":"https:\/\/toys.lt\/lv\/wp-json\/wp\/v2\/product"}],"about":[{"href":"https:\/\/toys.lt\/lv\/wp-json\/wp\/v2\/types\/product"}],"replies":[{"embeddable":true,"href":"https:\/\/toys.lt\/lv\/wp-json\/wp\/v2\/comments?post=47694"}],"version-history":[{"count":2,"href":"https:\/\/toys.lt\/lv\/wp-json\/wp\/v2\/product\/47694\/revisions"}],"predecessor-version":[{"id":48382,"href":"https:\/\/toys.lt\/lv\/wp-json\/wp\/v2\/product\/47694\/revisions\/48382"}],"wp:featuredmedia":[{"embeddable":true,"href":"https:\/\/toys.lt\/lv\/wp-json\/wp\/v2\/media\/47699"}],"wp:attachment":[{"href":"https:\/\/toys.lt\/lv\/wp-json\/wp\/v2\/media?parent=47694"}],"wp:term":[{"taxonomy":"product_brand","embeddable":true,"href":"https:\/\/toys.lt\/lv\/wp-json\/wp\/v2\/product_brand?post=47694"},{"taxonomy":"product_cat","embeddable":true,"href":"https:\/\/toys.lt\/lv\/wp-json\/wp\/v2\/product_cat?post=47694"},{"taxonomy":"product_tag","embeddable":true,"href":"https:\/\/toys.lt\/lv\/wp-json\/wp\/v2\/product_tag?post=47694"}],"curies":[{"name":"wp","href":"https:\/\/api.w.org\/{rel}","templated":true}]}}