{"id":47677,"date":"2025-12-05T00:24:01","date_gmt":"2025-12-05T00:24:01","guid":{"rendered":"https:\/\/toys.lt\/?post_type=product&#038;p=47677"},"modified":"2026-03-30T00:25:34","modified_gmt":"2026-03-30T00:25:34","slug":"spelu-zveja-kopija","status":"publish","type":"product","link":"https:\/\/toys.lt\/lv\/produktas\/spelu-zveja-kopija\/","title":{"rendered":"Mak\u0161\u0137er\u0113\u0161ana ar magn\u0113tisko spol\u012bti, 2 mak\u0161\u0137eres un 9 zivis"},"content":{"rendered":"<p data-start=\"240\" data-end=\"543\">Interakt\u012bv\u0101 sp\u0113le &#8220;Rot\u0113jo\u0161\u0101 mak\u0161\u0137er\u0113\u0161anas plate&#8221; \u013cauj b\u0113rniem jautri pavad\u012bt laiku, \u0137erot kr\u0101sainas magn\u0113tisk\u0101s zivti\u0146as no rot\u0113jo\u0161\u0101 &#8220;d\u012b\u0137a&#8221;. Komplekt\u0101 ir divas mak\u0161\u0137eres un divi \u0137eramie kausi, t\u0101p\u0113c \u0161\u012b ir sp\u0113le diviem. Sp\u0113lei ir gaismas un ska\u0146as efekti, kas pal\u012bdz rad\u012bt v\u0113l jautr\u0101ku atmosf\u0113ru.  <\/p>\n<p data-start=\"545\" data-end=\"662\">Mak\u0161\u0137er\u0113\u0161ana att\u012bsta roku un acu koordin\u0101ciju, reakciju, koncentr\u0113\u0161an\u0101s sp\u0113jas un motoriku. Pieejami divi kr\u0101su varianti. <\/p>\n<hr data-start=\"664\" data-end=\"667\">\n<h2 data-start=\"669\" data-end=\"686\">\ud83c\udfa3 <strong data-start=\"675\" data-end=\"686\">Funkcijas<\/strong><\/h2>\n<ul data-start=\"687\" data-end=\"970\">\n<li data-start=\"687\" data-end=\"747\">\n<p data-start=\"689\" data-end=\"747\">Rot\u0113jo\u0161s rota\u013cu d\u012b\u0137is ar magn\u0113tiskaj\u0101m ziv\u012bm<\/p>\n<\/li>\n<li data-start=\"748\" data-end=\"792\">\n<p data-start=\"750\" data-end=\"792\">2 mak\u0161\u0137eres un 2 zivju murdi<\/p>\n<\/li>\n<li data-start=\"793\" data-end=\"817\">\n<p data-start=\"795\" data-end=\"817\">9 kr\u0101sainas zivis<\/p>\n<\/li>\n<li data-start=\"818\" data-end=\"846\">\n<p data-start=\"820\" data-end=\"846\">Gaismas un ska\u0146as efekti<\/p>\n<\/li>\n<li data-start=\"847\" data-end=\"873\">\n<p data-start=\"849\" data-end=\"873\">Piem\u0113rots div\u0101m person\u0101m<\/p>\n<\/li>\n<li data-start=\"874\" data-end=\"940\">\n<p data-start=\"876\" data-end=\"940\">Pal\u012bdz att\u012bst\u012bt koordin\u0101ciju, koncentr\u0113\u0161an\u0101s sp\u0113jas un smalko motoriku<\/p>\n<\/li>\n<li data-start=\"941\" data-end=\"970\">\n<p data-start=\"943\" data-end=\"970\">Pieejami 2 kr\u0101su varianti<\/p>\n<\/li>\n<\/ul>\n<hr data-start=\"972\" data-end=\"975\">\n<h2 data-start=\"977\" data-end=\"1000\">\ud83d\udce6 <strong data-start=\"983\" data-end=\"1000\">Pabeig\u0161ana<\/strong><\/h2>\n<ul data-start=\"1001\" data-end=\"1111\">\n<li data-start=\"1001\" data-end=\"1047\">\n<p data-start=\"1003\" data-end=\"1047\">Rota\u013cu b\u0101ze (rot\u0113jo\u0161s d\u012b\u0137is)<\/p>\n<\/li>\n<li data-start=\"1048\" data-end=\"1062\">\n<p data-start=\"1050\" data-end=\"1062\">2 mak\u0161\u0137eres<\/p>\n<\/li>\n<li data-start=\"1063\" data-end=\"1086\">\n<p data-start=\"1065\" data-end=\"1086\">2 zivju b\u013codas<\/p>\n<\/li>\n<li data-start=\"1087\" data-end=\"1111\">\n<p data-start=\"1089\" data-end=\"1111\">9 magn\u0113tisk\u0101s zivis<\/p>\n<\/li>\n<\/ul>\n<hr data-start=\"1113\" data-end=\"1116\">\n<h2 data-start=\"1118\" data-end=\"1148\">\ud83d\udd27 <strong data-start=\"1124\" data-end=\"1148\">Tehnisk\u0101 inform\u0101cija<\/strong><\/h2>\n<p data-start=\"1149\" data-end=\"1362\"><strong data-start=\"1149\" data-end=\"1166\">Rota\u013clietas izm\u0113rs:<\/strong> 32,5 \u00d7 18 \u00d7 23,5 cm<br data-start=\"1186\" data-end=\"1189\"><strong data-start=\"1189\" data-end=\"1208\">Iepakojuma izm\u0113rs:<\/strong> 33,5 \u00d7 9 \u00d7 23 cm<br data-start=\"1225\" data-end=\"1228\"> Svars<strong data-start=\"1228\" data-end=\"1239\">:<\/strong> 0,7 kg<br data-start=\"1246\" data-end=\"1249\"><strong data-start=\"1249\" data-end=\"1274\">Nepiecie\u0161am\u0101s baterijas:<\/strong> 3 \u00d7 AA (nav iek\u013cautas komplekt\u0101)<br data-start=\"1294\" data-end=\"1297\"><strong data-start=\"1297\" data-end=\"1324\">Ieteicamais vecums:<\/strong> no 3 gadiem.<\/p>\n<hr data-start=\"1364\" data-end=\"1367\">\n<h2 data-start=\"1369\" data-end=\"1396\">\u26a0\ufe0f <strong data-start=\"1375\" data-end=\"1396\">Dro\u0161\u012bbas br\u012bdin\u0101jums<\/strong><\/h2>\n<p data-start=\"1397\" data-end=\"1466\">Nav piem\u0113rots b\u0113rniem l\u012bdz 3 gadu vecumam &#8211; mazas deta\u013cas un aizr\u012b\u0161an\u0101s risks.<\/p>\n","protected":false},"excerpt":{"rendered":"<p><strong data-start=\"1149\" data-end=\"1166\">Rota\u013clietas izm\u0113rs:<\/strong> 32,5 \u00d7 18 \u00d7 23,5 cm<br data-start=\"1186\" data-end=\"1189\"><strong data-start=\"1189\" data-end=\"1208\">Iepakojuma izm\u0113rs:<\/strong> 33,5 \u00d7 9 \u00d7 23 cm<br data-start=\"1225\" data-end=\"1228\"> Svars<strong data-start=\"1228\" data-end=\"1239\">:<\/strong> 0,7 kg<br data-start=\"1246\" data-end=\"1249\"><strong data-start=\"1249\" data-end=\"1274\">Nepiecie\u0161am\u0101s baterijas:<\/strong> 3 \u00d7 AA (nav iek\u013cautas)<br data-start=\"1294\" data-end=\"1297\"><strong data-start=\"1297\" data-end=\"1324\">Ieteicamais vecums:<\/strong> no 3 gadiem<br data-start=\"1335\" data-end=\"1338\"><strong data-start=\"1338\" data-end=\"1355\">Izcelsmes valsts:<\/strong> \u0136\u012bna.<\/p>\n","protected":false},"featured_media":47683,"comment_status":"open","ping_status":"closed","template":"","meta":[],"product_brand":[],"product_cat":[1280,1180,1176,1157,1406],"product_tag":[],"class_list":{"0":"post-47677","1":"product","2":"type-product","3":"status-publish","4":"has-post-thumbnail","6":"product_cat-galda-speles","7":"product_cat-rotallietas-meitenem","8":"product_cat-rotallietas-zeniem","9":"product_cat-izglitojosas-un-interaktivas-rotallietas","10":"product_cat-letakais","11":"pa_amziaus-grupe-3-lv","12":"pa_prek-s-tipas-izglitojosas-speles","13":"pa_spalva-sarkanais","14":"pa_spalva-zilais","16":"first","17":"instock","18":"taxable","19":"shipping-taxable","20":"purchasable","21":"product-type-variable"},"yoast_head":"<!-- This site is optimized with the Yoast SEO plugin v26.3 - https:\/\/yoast.com\/wordpress\/plugins\/seo\/ -->\n<title>Mak\u0161\u0137er\u0113\u0161ana ar magn\u0113tisko spol\u012bti, 2 mak\u0161\u0137eres un 9 zivis - Toys.lt<\/title>\n<meta name=\"description\" content=\"Magn\u0113tisk\u0101 rot\u0113jo\u0161\u0101 mak\u0161\u0137er\u0113\u0161ana ar 2 mak\u0161\u0137er\u0113m, 9 ziv\u012bm un gaismas un ska\u0146as efektiem. Piem\u0113rots diviem cilv\u0113kiem, att\u012bsta koordin\u0101ciju. No 3 gadiem.\" \/>\n<meta name=\"robots\" content=\"index, follow, max-snippet:-1, max-image-preview:large, max-video-preview:-1\" \/>\n<link rel=\"canonical\" href=\"https:\/\/toys.lt\/lv\/produktas\/spelu-zveja-kopija\/\" \/>\n<meta property=\"og:locale\" content=\"lv_LV\" \/>\n<meta property=\"og:type\" content=\"article\" \/>\n<meta property=\"og:title\" content=\"Mak\u0161\u0137er\u0113\u0161ana ar magn\u0113tisko spol\u012bti, 2 mak\u0161\u0137eres un 9 zivis - Toys.lt\" \/>\n<meta property=\"og:description\" content=\"Magn\u0113tisk\u0101 rot\u0113jo\u0161\u0101 mak\u0161\u0137er\u0113\u0161ana ar 2 mak\u0161\u0137er\u0113m, 9 ziv\u012bm un gaismas un ska\u0146as efektiem. Piem\u0113rots diviem cilv\u0113kiem, att\u012bsta koordin\u0101ciju. No 3 gadiem.\" \/>\n<meta property=\"og:url\" content=\"https:\/\/toys.lt\/lv\/produktas\/spelu-zveja-kopija\/\" \/>\n<meta property=\"og:site_name\" content=\"Toys.lt\" \/>\n<meta property=\"article:modified_time\" content=\"2026-03-30T00:25:34+00:00\" \/>\n<meta property=\"og:image\" content=\"https:\/\/toys.lt\/wp-content\/uploads\/2025\/12\/7718B-zaidimas-zvejyba-1.jpg\" \/>\n\t<meta property=\"og:image:width\" content=\"906\" \/>\n\t<meta property=\"og:image:height\" content=\"828\" \/>\n\t<meta property=\"og:image:type\" content=\"image\/jpeg\" \/>\n<meta name=\"twitter:card\" content=\"summary_large_image\" \/>\n<meta name=\"twitter:label1\" content=\"Est. reading time\" \/>\n\t<meta name=\"twitter:data1\" content=\"1 minute\" \/>\n<script type=\"application\/ld+json\" class=\"yoast-schema-graph\">{\"@context\":\"https:\/\/schema.org\",\"@graph\":[{\"@type\":\"WebPage\",\"@id\":\"https:\/\/toys.lt\/lv\/produktas\/spelu-zveja-kopija\/\",\"url\":\"https:\/\/toys.lt\/lv\/produktas\/spelu-zveja-kopija\/\",\"name\":\"Mak\u0161\u0137er\u0113\u0161ana ar magn\u0113tisko spol\u012bti, 2 mak\u0161\u0137eres un 9 zivis - Toys.lt\",\"isPartOf\":{\"@id\":\"https:\/\/toys.lt\/lv\/#website\"},\"primaryImageOfPage\":{\"@id\":\"https:\/\/toys.lt\/lv\/produktas\/spelu-zveja-kopija\/#primaryimage\"},\"image\":{\"@id\":\"https:\/\/toys.lt\/lv\/produktas\/spelu-zveja-kopija\/#primaryimage\"},\"thumbnailUrl\":\"https:\/\/toys.lt\/wp-content\/uploads\/2025\/12\/7718B-zaidimas-zvejyba-1.jpg\",\"datePublished\":\"2025-12-05T00:24:01+00:00\",\"dateModified\":\"2026-03-30T00:25:34+00:00\",\"description\":\"Magn\u0113tisk\u0101 rot\u0113jo\u0161\u0101 mak\u0161\u0137er\u0113\u0161ana ar 2 mak\u0161\u0137er\u0113m, 9 ziv\u012bm un gaismas un ska\u0146as efektiem. Piem\u0113rots diviem cilv\u0113kiem, att\u012bsta koordin\u0101ciju. No 3 gadiem.\",\"breadcrumb\":{\"@id\":\"https:\/\/toys.lt\/lv\/produktas\/spelu-zveja-kopija\/#breadcrumb\"},\"inLanguage\":\"lv-LV\",\"potentialAction\":[{\"@type\":\"ReadAction\",\"target\":[\"https:\/\/toys.lt\/lv\/produktas\/spelu-zveja-kopija\/\"]}]},{\"@type\":\"ImageObject\",\"inLanguage\":\"lv-LV\",\"@id\":\"https:\/\/toys.lt\/lv\/produktas\/spelu-zveja-kopija\/#primaryimage\",\"url\":\"https:\/\/toys.lt\/wp-content\/uploads\/2025\/12\/7718B-zaidimas-zvejyba-1.jpg\",\"contentUrl\":\"https:\/\/toys.lt\/wp-content\/uploads\/2025\/12\/7718B-zaidimas-zvejyba-1.jpg\",\"width\":906,\"height\":828},{\"@type\":\"BreadcrumbList\",\"@id\":\"https:\/\/toys.lt\/lv\/produktas\/spelu-zveja-kopija\/#breadcrumb\",\"itemListElement\":[{\"@type\":\"ListItem\",\"position\":1,\"name\":\"Home\",\"item\":\"https:\/\/toys.lt\/lv\/\"},{\"@type\":\"ListItem\",\"position\":2,\"name\":\"Veikals\",\"item\":\"https:\/\/toys.lt\/lv\/shop\/\"},{\"@type\":\"ListItem\",\"position\":3,\"name\":\"Mak\u0161\u0137er\u0113\u0161ana ar magn\u0113tisko spol\u012bti, 2 mak\u0161\u0137eres un 9 zivis\"}]},{\"@type\":\"WebSite\",\"@id\":\"https:\/\/toys.lt\/lv\/#website\",\"url\":\"https:\/\/toys.lt\/lv\/\",\"name\":\"Toys.lt\",\"description\":\"\",\"potentialAction\":[{\"@type\":\"SearchAction\",\"target\":{\"@type\":\"EntryPoint\",\"urlTemplate\":\"https:\/\/toys.lt\/lv\/?s={search_term_string}\"},\"query-input\":{\"@type\":\"PropertyValueSpecification\",\"valueRequired\":true,\"valueName\":\"search_term_string\"}}],\"inLanguage\":\"lv-LV\"}]}<\/script>\n<!-- \/ Yoast SEO plugin. -->","yoast_head_json":{"title":"Mak\u0161\u0137er\u0113\u0161ana ar magn\u0113tisko spol\u012bti, 2 mak\u0161\u0137eres un 9 zivis - Toys.lt","description":"Magn\u0113tisk\u0101 rot\u0113jo\u0161\u0101 mak\u0161\u0137er\u0113\u0161ana ar 2 mak\u0161\u0137er\u0113m, 9 ziv\u012bm un gaismas un ska\u0146as efektiem. Piem\u0113rots diviem cilv\u0113kiem, att\u012bsta koordin\u0101ciju. No 3 gadiem.","robots":{"index":"index","follow":"follow","max-snippet":"max-snippet:-1","max-image-preview":"max-image-preview:large","max-video-preview":"max-video-preview:-1"},"canonical":"https:\/\/toys.lt\/lv\/produktas\/spelu-zveja-kopija\/","og_locale":"lv_LV","og_type":"article","og_title":"Mak\u0161\u0137er\u0113\u0161ana ar magn\u0113tisko spol\u012bti, 2 mak\u0161\u0137eres un 9 zivis - Toys.lt","og_description":"Magn\u0113tisk\u0101 rot\u0113jo\u0161\u0101 mak\u0161\u0137er\u0113\u0161ana ar 2 mak\u0161\u0137er\u0113m, 9 ziv\u012bm un gaismas un ska\u0146as efektiem. Piem\u0113rots diviem cilv\u0113kiem, att\u012bsta koordin\u0101ciju. No 3 gadiem.","og_url":"https:\/\/toys.lt\/lv\/produktas\/spelu-zveja-kopija\/","og_site_name":"Toys.lt","article_modified_time":"2026-03-30T00:25:34+00:00","og_image":[{"width":906,"height":828,"url":"https:\/\/toys.lt\/wp-content\/uploads\/2025\/12\/7718B-zaidimas-zvejyba-1.jpg","type":"image\/jpeg"}],"twitter_card":"summary_large_image","twitter_misc":{"Est. reading time":"1 minute"},"schema":{"@context":"https:\/\/schema.org","@graph":[{"@type":"WebPage","@id":"https:\/\/toys.lt\/lv\/produktas\/spelu-zveja-kopija\/","url":"https:\/\/toys.lt\/lv\/produktas\/spelu-zveja-kopija\/","name":"Mak\u0161\u0137er\u0113\u0161ana ar magn\u0113tisko spol\u012bti, 2 mak\u0161\u0137eres un 9 zivis - Toys.lt","isPartOf":{"@id":"https:\/\/toys.lt\/lv\/#website"},"primaryImageOfPage":{"@id":"https:\/\/toys.lt\/lv\/produktas\/spelu-zveja-kopija\/#primaryimage"},"image":{"@id":"https:\/\/toys.lt\/lv\/produktas\/spelu-zveja-kopija\/#primaryimage"},"thumbnailUrl":"https:\/\/toys.lt\/wp-content\/uploads\/2025\/12\/7718B-zaidimas-zvejyba-1.jpg","datePublished":"2025-12-05T00:24:01+00:00","dateModified":"2026-03-30T00:25:34+00:00","description":"Magn\u0113tisk\u0101 rot\u0113jo\u0161\u0101 mak\u0161\u0137er\u0113\u0161ana ar 2 mak\u0161\u0137er\u0113m, 9 ziv\u012bm un gaismas un ska\u0146as efektiem. Piem\u0113rots diviem cilv\u0113kiem, att\u012bsta koordin\u0101ciju. No 3 gadiem.","breadcrumb":{"@id":"https:\/\/toys.lt\/lv\/produktas\/spelu-zveja-kopija\/#breadcrumb"},"inLanguage":"lv-LV","potentialAction":[{"@type":"ReadAction","target":["https:\/\/toys.lt\/lv\/produktas\/spelu-zveja-kopija\/"]}]},{"@type":"ImageObject","inLanguage":"lv-LV","@id":"https:\/\/toys.lt\/lv\/produktas\/spelu-zveja-kopija\/#primaryimage","url":"https:\/\/toys.lt\/wp-content\/uploads\/2025\/12\/7718B-zaidimas-zvejyba-1.jpg","contentUrl":"https:\/\/toys.lt\/wp-content\/uploads\/2025\/12\/7718B-zaidimas-zvejyba-1.jpg","width":906,"height":828},{"@type":"BreadcrumbList","@id":"https:\/\/toys.lt\/lv\/produktas\/spelu-zveja-kopija\/#breadcrumb","itemListElement":[{"@type":"ListItem","position":1,"name":"Home","item":"https:\/\/toys.lt\/lv\/"},{"@type":"ListItem","position":2,"name":"Veikals","item":"https:\/\/toys.lt\/lv\/shop\/"},{"@type":"ListItem","position":3,"name":"Mak\u0161\u0137er\u0113\u0161ana ar magn\u0113tisko spol\u012bti, 2 mak\u0161\u0137eres un 9 zivis"}]},{"@type":"WebSite","@id":"https:\/\/toys.lt\/lv\/#website","url":"https:\/\/toys.lt\/lv\/","name":"Toys.lt","description":"","potentialAction":[{"@type":"SearchAction","target":{"@type":"EntryPoint","urlTemplate":"https:\/\/toys.lt\/lv\/?s={search_term_string}"},"query-input":{"@type":"PropertyValueSpecification","valueRequired":true,"valueName":"search_term_string"}}],"inLanguage":"lv-LV"}]}},"_links":{"self":[{"href":"https:\/\/toys.lt\/lv\/wp-json\/wp\/v2\/product\/47677","targetHints":{"allow":["GET"]}}],"collection":[{"href":"https:\/\/toys.lt\/lv\/wp-json\/wp\/v2\/product"}],"about":[{"href":"https:\/\/toys.lt\/lv\/wp-json\/wp\/v2\/types\/product"}],"replies":[{"embeddable":true,"href":"https:\/\/toys.lt\/lv\/wp-json\/wp\/v2\/comments?post=47677"}],"version-history":[{"count":2,"href":"https:\/\/toys.lt\/lv\/wp-json\/wp\/v2\/product\/47677\/revisions"}],"predecessor-version":[{"id":48389,"href":"https:\/\/toys.lt\/lv\/wp-json\/wp\/v2\/product\/47677\/revisions\/48389"}],"wp:featuredmedia":[{"embeddable":true,"href":"https:\/\/toys.lt\/lv\/wp-json\/wp\/v2\/media\/47683"}],"wp:attachment":[{"href":"https:\/\/toys.lt\/lv\/wp-json\/wp\/v2\/media?parent=47677"}],"wp:term":[{"taxonomy":"product_brand","embeddable":true,"href":"https:\/\/toys.lt\/lv\/wp-json\/wp\/v2\/product_brand?post=47677"},{"taxonomy":"product_cat","embeddable":true,"href":"https:\/\/toys.lt\/lv\/wp-json\/wp\/v2\/product_cat?post=47677"},{"taxonomy":"product_tag","embeddable":true,"href":"https:\/\/toys.lt\/lv\/wp-json\/wp\/v2\/product_tag?post=47677"}],"curies":[{"name":"wp","href":"https:\/\/api.w.org\/{rel}","templated":true}]}}