{"id":47662,"date":"2025-12-04T23:35:29","date_gmt":"2025-12-04T23:35:29","guid":{"rendered":"https:\/\/toys.lt\/?post_type=product&#038;p=47662"},"modified":"2026-04-08T00:01:02","modified_gmt":"2026-04-08T00:01:02","slug":"rotallietu-tvertnes-militaras-bazes-komplekts-kopija-kopija","status":"publish","type":"product","link":"https:\/\/toys.lt\/lv\/produktas\/rotallietu-tvertnes-militaras-bazes-komplekts-kopija-kopija\/","title":{"rendered":"Milit\u0101r\u0101 sp\u0113le Lidma\u0161\u012bna ar trasi un 4 automa\u0161\u012bn\u0101m"},"content":{"rendered":"<p data-start=\"253\" data-end=\"662\"><strong data-start=\"253\" data-end=\"291\">&#8220;Track Aircraft &#8211; Military Series&#8221;<\/strong> ir sp\u0113\u013cu komplekts, kas p\u0101rveido lielu milit\u0101ro transporta lidma\u0161\u012bnu par interakt\u012bvu sp\u0113\u013cu b\u0101zi ar nolai\u0161an\u0101s laukumu un iek\u0161pusi apr\u012bkojumam. Atveramais fuzel\u0101\u017es \u013cauj b\u0113rniem ie\u0146emt iek\u0161\u0101 savas automa\u0161\u012bnas, savuk\u0101rt ievelkam\u0101 trase nodro\u0161ina vienm\u0113r\u012bgu nos\u0113\u0161anos. Komplekt\u0101 ir 4 milit\u0101ras tematikas automa\u0161\u012bnas, kartes stabs un ce\u013ca z\u012bmes.  <\/p>\n<p data-start=\"664\" data-end=\"840\">Rota\u013clieta pal\u012bdz att\u012bst\u012bt koordin\u0101ciju, smalko motoriku, rado\u0161umu un tematisk\u0101s lomu sp\u0113les. Izgatavota no iztur\u012bgas, b\u0113rniem dro\u0161as plastmasas, piem\u0113rota z\u0113niem no 3 gadu vecuma. <\/p>\n<hr data-start=\"842\" data-end=\"845\">\n<h2 data-start=\"847\" data-end=\"864\">\u2708\ufe0f <strong data-start=\"853\" data-end=\"864\">funkcijas<\/strong><\/h2>\n<ul data-start=\"865\" data-end=\"1276\">\n<li data-start=\"865\" data-end=\"930\">\n<p data-start=\"867\" data-end=\"930\">Milit\u0101ra rakstura transporta lidma\u0161\u012bna ar atv\u0113rtu fizel\u0101\u017eu<\/p>\n<\/li>\n<li data-start=\"931\" data-end=\"980\">\n<p data-start=\"933\" data-end=\"980\">Izvelkam\u0101 piest\u0101tne automa\u0161\u012bn\u0101m<\/p>\n<\/li>\n<li data-start=\"981\" data-end=\"1028\">\n<p data-start=\"983\" data-end=\"1028\">Komplekt\u0101 ir 4 milit\u0101rie transportl\u012bdzek\u013ci<\/p>\n<\/li>\n<li data-start=\"1029\" data-end=\"1076\">\n<p data-start=\"1031\" data-end=\"1076\">Interakt\u012bvo sp\u0113\u013cu karte-kum-quiz<\/p>\n<\/li>\n<li data-start=\"1077\" data-end=\"1120\">\n<p data-start=\"1079\" data-end=\"1120\">Dekorat\u012bv\u0101s ce\u013ca z\u012bmes un piederumi<\/p>\n<\/li>\n<li data-start=\"1193\" data-end=\"1253\">\n<p data-start=\"1195\" data-end=\"1253\">Piem\u0113rots lomu sp\u0113l\u0113m, rado\u0161umam un motoriskaj\u0101m prasm\u0113m<\/p>\n<\/li>\n<li data-start=\"1254\" data-end=\"1276\">\n<p data-start=\"1256\" data-end=\"1276\">Viegla mont\u0101\u017ea<\/p>\n<\/li>\n<\/ul>\n<hr data-start=\"1278\" data-end=\"1281\">\n<h2 data-start=\"1283\" data-end=\"1306\">\ud83d\ude9a <strong data-start=\"1289\" data-end=\"1306\">Papildin\u0101jums<\/strong><\/h2>\n<ul data-start=\"1307\" data-end=\"1471\">\n<li data-start=\"1307\" data-end=\"1335\">\n<p data-start=\"1309\" data-end=\"1335\">Milit\u0101r\u0101s sp\u0113les lidma\u0161\u012bna<\/p>\n<\/li>\n<li data-start=\"1336\" data-end=\"1354\">\n<p data-start=\"1338\" data-end=\"1354\">4 automa\u0161\u012bnas<\/p>\n<\/li>\n<li data-start=\"1355\" data-end=\"1376\">\n<p data-start=\"1357\" data-end=\"1376\">Nobrauktuve<\/p>\n<\/li>\n<li data-start=\"1377\" data-end=\"1415\">\n<p data-start=\"1379\" data-end=\"1415\">Karte\/pl\u0101ksne (35 \u00d7 43,5 cm)<\/p>\n<\/li>\n<li data-start=\"1416\" data-end=\"1452\">\n<p data-start=\"1418\" data-end=\"1452\">Ce\u013ca z\u012bmes un citi piederumi<\/p>\n<\/li>\n<li data-start=\"1453\" data-end=\"1471\">\n<p data-start=\"1455\" data-end=\"1471\">Uzl\u012bmju komplekts<\/p>\n<\/li>\n<\/ul>\n<hr data-start=\"1473\" data-end=\"1476\">\n<h2 data-start=\"1478\" data-end=\"1508\">\ud83d\udd27 <strong data-start=\"1484\" data-end=\"1508\">Tehnisk\u0101 inform\u0101cija<\/strong><\/h2>\n<p data-start=\"1509\" data-end=\"1751\"><strong data-start=\"1509\" data-end=\"1527\">Lidma\u0161\u012bnas izm\u0113rs:<\/strong> 37 \u00d7 28 \u00d7 15 cm<br data-start=\"1543\" data-end=\"1546\"><strong data-start=\"1546\" data-end=\"1565\">Iepakojuma izm\u0113rs:<\/strong> 36,5 \u00d7 24,5 \u00d7 11 cm<br data-start=\"1585\" data-end=\"1588\"> Svars<strong data-start=\"1588\" data-end=\"1599\">:<\/strong> 0,8 kg<br data-start=\"1606\" data-end=\"1609\"><strong data-start=\"1609\" data-end=\"1636\">Ieteicamais vecums:<\/strong> no 3 gadiem.<\/p>\n<hr data-start=\"1753\" data-end=\"1756\">\n<h2 data-start=\"1758\" data-end=\"1781\">\u26a0\ufe0f Dro\u0161\u012bbas br\u012bdin\u0101jums<\/h2>\n<p data-start=\"1782\" data-end=\"1851\">Nav piem\u0113rots b\u0113rniem l\u012bdz 3 gadu vecumam &#8211; mazas deta\u013cas un aizr\u012b\u0161an\u0101s risks.<\/p>\n","protected":false},"excerpt":{"rendered":"<p data-start=\"2156\" data-end=\"2291\"><strong data-start=\"1509\" data-end=\"1527\">Lidma\u0161\u012bnas izm\u0113rs:<\/strong> 37 \u00d7 28 \u00d7 15 cm<br data-start=\"1543\" data-end=\"1546\"><strong data-start=\"1546\" data-end=\"1565\">Iepakojuma izm\u0113rs:<\/strong> 36,5 \u00d7 24,5 \u00d7 11 cm<br data-start=\"1585\" data-end=\"1588\"> Svars<strong data-start=\"1588\" data-end=\"1599\">:<\/strong> 0,8 kg<br data-start=\"1606\" data-end=\"1609\"><strong data-start=\"1609\" data-end=\"1636\">Ieteicamais vecums:<\/strong> no 3 gadiem<br data-start=\"1647\" data-end=\"1650\"><strong data-start=\"1650\" data-end=\"1667\">Izcelsmes valsts:<\/strong> \u0136\u012bna.<\/p>\n","protected":false},"featured_media":47670,"comment_status":"open","ping_status":"closed","template":"","meta":[],"product_brand":[],"product_cat":[1176,1177,1155],"product_tag":[],"class_list":{"0":"post-47662","1":"product","2":"type-product","3":"status-publish","4":"has-post-thumbnail","6":"product_cat-rotallietas-zeniem","7":"product_cat-rotalu-automasinas-traktori-un-kapurkedes","8":"product_cat-leti","9":"pa_amziaus-grupe-3-lv","11":"first","12":"instock","13":"sale","14":"taxable","15":"shipping-taxable","16":"purchasable","17":"product-type-simple"},"yoast_head":"<!-- This site is optimized with the Yoast SEO plugin v26.3 - https:\/\/yoast.com\/wordpress\/plugins\/seo\/ -->\n<title>Milit\u0101r\u0101 sp\u0113le Lidma\u0161\u012bna ar trasi un 4 automa\u0161\u012bn\u0101m - Toys.lt<\/title>\n<meta name=\"description\" content=\"Milit\u0101r\u0101 rota\u013cu lidma\u0161\u012bna ar slie\u017eu ce\u013cu, atveramu korpusu, 4 automa\u0161\u012bn\u0101m un karti. Jautrs komplekts rado\u0161\u0101m rota\u013c\u0101m b\u0113rniem no 3 gadu vecuma.\" \/>\n<meta name=\"robots\" content=\"index, follow, max-snippet:-1, max-image-preview:large, max-video-preview:-1\" \/>\n<link rel=\"canonical\" href=\"https:\/\/toys.lt\/lv\/produktas\/rotallietu-tvertnes-militaras-bazes-komplekts-kopija-kopija\/\" \/>\n<meta property=\"og:locale\" content=\"lv_LV\" \/>\n<meta property=\"og:type\" content=\"article\" \/>\n<meta property=\"og:title\" content=\"Milit\u0101r\u0101 sp\u0113le Lidma\u0161\u012bna ar trasi un 4 automa\u0161\u012bn\u0101m - Toys.lt\" \/>\n<meta property=\"og:description\" content=\"Milit\u0101r\u0101 rota\u013cu lidma\u0161\u012bna ar slie\u017eu ce\u013cu, atveramu korpusu, 4 automa\u0161\u012bn\u0101m un karti. Jautrs komplekts rado\u0161\u0101m rota\u013c\u0101m b\u0113rniem no 3 gadu vecuma.\" \/>\n<meta property=\"og:url\" content=\"https:\/\/toys.lt\/lv\/produktas\/rotallietu-tvertnes-militaras-bazes-komplekts-kopija-kopija\/\" \/>\n<meta property=\"og:site_name\" content=\"Toys.lt\" \/>\n<meta property=\"article:modified_time\" content=\"2026-04-08T00:01:02+00:00\" \/>\n<meta property=\"og:image\" content=\"https:\/\/toys.lt\/wp-content\/uploads\/2025\/12\/Y2104-karinis-lektuvas-4.jpg\" \/>\n\t<meta property=\"og:image:width\" content=\"741\" \/>\n\t<meta property=\"og:image:height\" content=\"573\" \/>\n\t<meta property=\"og:image:type\" content=\"image\/jpeg\" \/>\n<meta name=\"twitter:card\" content=\"summary_large_image\" \/>\n<meta name=\"twitter:label1\" content=\"Est. reading time\" \/>\n\t<meta name=\"twitter:data1\" content=\"1 minute\" \/>\n<script type=\"application\/ld+json\" class=\"yoast-schema-graph\">{\"@context\":\"https:\/\/schema.org\",\"@graph\":[{\"@type\":\"WebPage\",\"@id\":\"https:\/\/toys.lt\/lv\/produktas\/rotallietu-tvertnes-militaras-bazes-komplekts-kopija-kopija\/\",\"url\":\"https:\/\/toys.lt\/lv\/produktas\/rotallietu-tvertnes-militaras-bazes-komplekts-kopija-kopija\/\",\"name\":\"Milit\u0101r\u0101 sp\u0113le Lidma\u0161\u012bna ar trasi un 4 automa\u0161\u012bn\u0101m - Toys.lt\",\"isPartOf\":{\"@id\":\"https:\/\/toys.lt\/lv\/#website\"},\"primaryImageOfPage\":{\"@id\":\"https:\/\/toys.lt\/lv\/produktas\/rotallietu-tvertnes-militaras-bazes-komplekts-kopija-kopija\/#primaryimage\"},\"image\":{\"@id\":\"https:\/\/toys.lt\/lv\/produktas\/rotallietu-tvertnes-militaras-bazes-komplekts-kopija-kopija\/#primaryimage\"},\"thumbnailUrl\":\"https:\/\/toys.lt\/wp-content\/uploads\/2025\/12\/Y2104-karinis-lektuvas-4.jpg\",\"datePublished\":\"2025-12-04T23:35:29+00:00\",\"dateModified\":\"2026-04-08T00:01:02+00:00\",\"description\":\"Milit\u0101r\u0101 rota\u013cu lidma\u0161\u012bna ar slie\u017eu ce\u013cu, atveramu korpusu, 4 automa\u0161\u012bn\u0101m un karti. Jautrs komplekts rado\u0161\u0101m rota\u013c\u0101m b\u0113rniem no 3 gadu vecuma.\",\"breadcrumb\":{\"@id\":\"https:\/\/toys.lt\/lv\/produktas\/rotallietu-tvertnes-militaras-bazes-komplekts-kopija-kopija\/#breadcrumb\"},\"inLanguage\":\"lv-LV\",\"potentialAction\":[{\"@type\":\"ReadAction\",\"target\":[\"https:\/\/toys.lt\/lv\/produktas\/rotallietu-tvertnes-militaras-bazes-komplekts-kopija-kopija\/\"]}]},{\"@type\":\"ImageObject\",\"inLanguage\":\"lv-LV\",\"@id\":\"https:\/\/toys.lt\/lv\/produktas\/rotallietu-tvertnes-militaras-bazes-komplekts-kopija-kopija\/#primaryimage\",\"url\":\"https:\/\/toys.lt\/wp-content\/uploads\/2025\/12\/Y2104-karinis-lektuvas-4.jpg\",\"contentUrl\":\"https:\/\/toys.lt\/wp-content\/uploads\/2025\/12\/Y2104-karinis-lektuvas-4.jpg\",\"width\":741,\"height\":573},{\"@type\":\"BreadcrumbList\",\"@id\":\"https:\/\/toys.lt\/lv\/produktas\/rotallietu-tvertnes-militaras-bazes-komplekts-kopija-kopija\/#breadcrumb\",\"itemListElement\":[{\"@type\":\"ListItem\",\"position\":1,\"name\":\"Home\",\"item\":\"https:\/\/toys.lt\/lv\/\"},{\"@type\":\"ListItem\",\"position\":2,\"name\":\"Veikals\",\"item\":\"https:\/\/toys.lt\/lv\/shop\/\"},{\"@type\":\"ListItem\",\"position\":3,\"name\":\"Milit\u0101r\u0101 sp\u0113le Lidma\u0161\u012bna ar trasi un 4 automa\u0161\u012bn\u0101m\"}]},{\"@type\":\"WebSite\",\"@id\":\"https:\/\/toys.lt\/lv\/#website\",\"url\":\"https:\/\/toys.lt\/lv\/\",\"name\":\"Toys.lt\",\"description\":\"\",\"potentialAction\":[{\"@type\":\"SearchAction\",\"target\":{\"@type\":\"EntryPoint\",\"urlTemplate\":\"https:\/\/toys.lt\/lv\/?s={search_term_string}\"},\"query-input\":{\"@type\":\"PropertyValueSpecification\",\"valueRequired\":true,\"valueName\":\"search_term_string\"}}],\"inLanguage\":\"lv-LV\"}]}<\/script>\n<!-- \/ Yoast SEO plugin. -->","yoast_head_json":{"title":"Milit\u0101r\u0101 sp\u0113le Lidma\u0161\u012bna ar trasi un 4 automa\u0161\u012bn\u0101m - Toys.lt","description":"Milit\u0101r\u0101 rota\u013cu lidma\u0161\u012bna ar slie\u017eu ce\u013cu, atveramu korpusu, 4 automa\u0161\u012bn\u0101m un karti. Jautrs komplekts rado\u0161\u0101m rota\u013c\u0101m b\u0113rniem no 3 gadu vecuma.","robots":{"index":"index","follow":"follow","max-snippet":"max-snippet:-1","max-image-preview":"max-image-preview:large","max-video-preview":"max-video-preview:-1"},"canonical":"https:\/\/toys.lt\/lv\/produktas\/rotallietu-tvertnes-militaras-bazes-komplekts-kopija-kopija\/","og_locale":"lv_LV","og_type":"article","og_title":"Milit\u0101r\u0101 sp\u0113le Lidma\u0161\u012bna ar trasi un 4 automa\u0161\u012bn\u0101m - Toys.lt","og_description":"Milit\u0101r\u0101 rota\u013cu lidma\u0161\u012bna ar slie\u017eu ce\u013cu, atveramu korpusu, 4 automa\u0161\u012bn\u0101m un karti. Jautrs komplekts rado\u0161\u0101m rota\u013c\u0101m b\u0113rniem no 3 gadu vecuma.","og_url":"https:\/\/toys.lt\/lv\/produktas\/rotallietu-tvertnes-militaras-bazes-komplekts-kopija-kopija\/","og_site_name":"Toys.lt","article_modified_time":"2026-04-08T00:01:02+00:00","og_image":[{"width":741,"height":573,"url":"https:\/\/toys.lt\/wp-content\/uploads\/2025\/12\/Y2104-karinis-lektuvas-4.jpg","type":"image\/jpeg"}],"twitter_card":"summary_large_image","twitter_misc":{"Est. reading time":"1 minute"},"schema":{"@context":"https:\/\/schema.org","@graph":[{"@type":"WebPage","@id":"https:\/\/toys.lt\/lv\/produktas\/rotallietu-tvertnes-militaras-bazes-komplekts-kopija-kopija\/","url":"https:\/\/toys.lt\/lv\/produktas\/rotallietu-tvertnes-militaras-bazes-komplekts-kopija-kopija\/","name":"Milit\u0101r\u0101 sp\u0113le Lidma\u0161\u012bna ar trasi un 4 automa\u0161\u012bn\u0101m - Toys.lt","isPartOf":{"@id":"https:\/\/toys.lt\/lv\/#website"},"primaryImageOfPage":{"@id":"https:\/\/toys.lt\/lv\/produktas\/rotallietu-tvertnes-militaras-bazes-komplekts-kopija-kopija\/#primaryimage"},"image":{"@id":"https:\/\/toys.lt\/lv\/produktas\/rotallietu-tvertnes-militaras-bazes-komplekts-kopija-kopija\/#primaryimage"},"thumbnailUrl":"https:\/\/toys.lt\/wp-content\/uploads\/2025\/12\/Y2104-karinis-lektuvas-4.jpg","datePublished":"2025-12-04T23:35:29+00:00","dateModified":"2026-04-08T00:01:02+00:00","description":"Milit\u0101r\u0101 rota\u013cu lidma\u0161\u012bna ar slie\u017eu ce\u013cu, atveramu korpusu, 4 automa\u0161\u012bn\u0101m un karti. Jautrs komplekts rado\u0161\u0101m rota\u013c\u0101m b\u0113rniem no 3 gadu vecuma.","breadcrumb":{"@id":"https:\/\/toys.lt\/lv\/produktas\/rotallietu-tvertnes-militaras-bazes-komplekts-kopija-kopija\/#breadcrumb"},"inLanguage":"lv-LV","potentialAction":[{"@type":"ReadAction","target":["https:\/\/toys.lt\/lv\/produktas\/rotallietu-tvertnes-militaras-bazes-komplekts-kopija-kopija\/"]}]},{"@type":"ImageObject","inLanguage":"lv-LV","@id":"https:\/\/toys.lt\/lv\/produktas\/rotallietu-tvertnes-militaras-bazes-komplekts-kopija-kopija\/#primaryimage","url":"https:\/\/toys.lt\/wp-content\/uploads\/2025\/12\/Y2104-karinis-lektuvas-4.jpg","contentUrl":"https:\/\/toys.lt\/wp-content\/uploads\/2025\/12\/Y2104-karinis-lektuvas-4.jpg","width":741,"height":573},{"@type":"BreadcrumbList","@id":"https:\/\/toys.lt\/lv\/produktas\/rotallietu-tvertnes-militaras-bazes-komplekts-kopija-kopija\/#breadcrumb","itemListElement":[{"@type":"ListItem","position":1,"name":"Home","item":"https:\/\/toys.lt\/lv\/"},{"@type":"ListItem","position":2,"name":"Veikals","item":"https:\/\/toys.lt\/lv\/shop\/"},{"@type":"ListItem","position":3,"name":"Milit\u0101r\u0101 sp\u0113le Lidma\u0161\u012bna ar trasi un 4 automa\u0161\u012bn\u0101m"}]},{"@type":"WebSite","@id":"https:\/\/toys.lt\/lv\/#website","url":"https:\/\/toys.lt\/lv\/","name":"Toys.lt","description":"","potentialAction":[{"@type":"SearchAction","target":{"@type":"EntryPoint","urlTemplate":"https:\/\/toys.lt\/lv\/?s={search_term_string}"},"query-input":{"@type":"PropertyValueSpecification","valueRequired":true,"valueName":"search_term_string"}}],"inLanguage":"lv-LV"}]}},"_links":{"self":[{"href":"https:\/\/toys.lt\/lv\/wp-json\/wp\/v2\/product\/47662","targetHints":{"allow":["GET"]}}],"collection":[{"href":"https:\/\/toys.lt\/lv\/wp-json\/wp\/v2\/product"}],"about":[{"href":"https:\/\/toys.lt\/lv\/wp-json\/wp\/v2\/types\/product"}],"replies":[{"embeddable":true,"href":"https:\/\/toys.lt\/lv\/wp-json\/wp\/v2\/comments?post=47662"}],"version-history":[{"count":2,"href":"https:\/\/toys.lt\/lv\/wp-json\/wp\/v2\/product\/47662\/revisions"}],"predecessor-version":[{"id":48387,"href":"https:\/\/toys.lt\/lv\/wp-json\/wp\/v2\/product\/47662\/revisions\/48387"}],"wp:featuredmedia":[{"embeddable":true,"href":"https:\/\/toys.lt\/lv\/wp-json\/wp\/v2\/media\/47670"}],"wp:attachment":[{"href":"https:\/\/toys.lt\/lv\/wp-json\/wp\/v2\/media?parent=47662"}],"wp:term":[{"taxonomy":"product_brand","embeddable":true,"href":"https:\/\/toys.lt\/lv\/wp-json\/wp\/v2\/product_brand?post=47662"},{"taxonomy":"product_cat","embeddable":true,"href":"https:\/\/toys.lt\/lv\/wp-json\/wp\/v2\/product_cat?post=47662"},{"taxonomy":"product_tag","embeddable":true,"href":"https:\/\/toys.lt\/lv\/wp-json\/wp\/v2\/product_tag?post=47662"}],"curies":[{"name":"wp","href":"https:\/\/api.w.org\/{rel}","templated":true}]}}